{"id":57340,"date":"2021-10-26T12:37:52","date_gmt":"2021-10-26T10:37:52","guid":{"rendered":"https:\/\/fit360.ee\/pood\/uncategorized\/iso-fuel-500g\/"},"modified":"2026-04-10T15:12:52","modified_gmt":"2026-04-10T13:12:52","slug":"iso-fuel-500g","status":"publish","type":"product","link":"https:\/\/fit360.ee\/en\/pood\/product-groups\/energy-carbohydrates\/isotonic-en\/iso-fuel-500g\/","title":{"rendered":"ISO FUEL+ (500g)"},"content":{"rendered":"<h1><strong>365JP Iso Fuel<\/strong><\/h1>\n<p><strong>365JP ISO Fuel+<\/strong>\u00a0isotooniline joogipulber on sobilik varustamaks keha pingutuse korral energia, vee, elektrol\u00fc\u00fctide (kaalium, kaltsium, magneesium) ja vitamiinidega (C, B1 ja B6).<\/p>\n<ul>\n<li>Esmaklassiline eletrol\u00fc\u00fctide sisaldus.<\/li>\n<li>Kvaliteetne ja lahustub v\u00e4ga h\u00e4sti.<\/li>\n<li>Suurep\u00e4rane maitsete valik.<\/li>\n<li>Parim hind t\u00f5eliselt kvaliteetsele tootele.<\/li>\n<li>500 g<\/li>\n<li>Tarvita vastavalt vajadusele treeningu eel, ajal ja p\u00e4rast treeningut.<\/li>\n<\/ul>\n<div class=\"additional-product-section__posts__post__title\">\n<h4><strong>365JP ISO FUEL+ Kasutamine<\/strong>: lisada 30 grammile 200-500 ml vett ja loksutada pudelis v\u00f5i \u0161eikeris. Tarvita vastavalt vajadusele treeningu eel, ajal ja p\u00e4rast treeningut. Hoida lastele k\u00e4ttesaamatus kohas.<\/h4>\n<div class=\"additional-product-section__posts__post__title\">\n<h4><strong>Fruit Punch 365JP ISO FUEL+<\/strong><\/h4>\n<\/div>\n<div class=\"additional-product-section__posts__post__text\">\n<p>Koostisosad: dekstroos, maltodekstriin, fruktoos, mineraalid (naatriumtsitraat, kaltsiumfosfaat, kaltsiumitsitraat, magneesiumkarbonaat), palatinoos (isomaltuloos), sidrunhape, l\u00f5hna- ja maitsained, toiduv\u00e4rv (peedipunane), paakumisvastane aine (kaltsiumfosfaat), vitamiinid (C vitamiin: L-askorbiinhape, B6 vitamiin: pu\u0308ridoksiinvesinikkloriid, B1 vitamiin: tiamiinvesinikkloriid), magusaine (sukraloos).<\/p>\n<\/div>\n<div class=\"additional-product-section__posts__post__text--nutrition-information\">\n<p>Toitumisalane teave (100 g):<br \/>\n\u2013 Energia 1419 kj \/ 334 kcal;<br \/>\n\u2013 Rasvad 0 g;<br \/>\n\u2013 S\u00fcsivesikud 81 g (sh suhkrud 47 g);<br \/>\n\u2013 Kiudained 0 g;<br \/>\n\u2013 Valgud 0 g;<br \/>\n\u2013 Sool 0,65 g;<br \/>\n\u2013 Kaalium 502 mg, kaltsium 156 mg, magneesium 175 mg;<br \/>\n\u2013 Vitamiin C 80 mg, vitamiin B6 1.5 mg, vitamiin B1 1.25 mg.<\/p>\n<div class=\"additional-product-section__posts__post__title\">\n<h4><strong>Cool Blue 365JP ISO FUEL+<\/strong><\/h4>\n<\/div>\n<div class=\"additional-product-section__posts__post__text\">\n<p>Koostisosad: dekstroos, maltodekstriin, fruktoos, mineraalid (naatriumtsitraat, kaltsiumfosfaat, kaltsiumitsitraat, magneesiumkarbonaat), palatinoos (isomaltuloos), sidrunhape, l\u00f5hna- ja maitsained, toiduv\u00e4rv (spirulina), paakumisvastane aine (kaltsiumfosfaat), vitamiinid (C vitamiin: L-askorbiinhape, B6 vitamiin: pu\u0308ridoksiinvesinikkloriid, B1 vitamiin: tiamiinvesinikkloriid), magusaine (sukraloos).<\/p>\n<\/div>\n<div class=\"additional-product-section__posts__post__text--nutrition-information\">\n<p>Toitumisalane teave (100 g):<br \/>\n\u2013 Energia 1425 kj \/ 335 kcal;<br \/>\n\u2013 Rasvad 0 g;<br \/>\n\u2013 S\u00fcsivesikud 81 g (sh suhkrud 48 g);<br \/>\n\u2013 Kiudained 0 g;<br \/>\n\u2013 Valgud 0 g;<br \/>\n\u2013 Sool 0,64 g;<br \/>\n\u2013 Kaalium 502 mg, kaltsium 156 mg, magneesium 175 mg;<br \/>\n\u2013 Vitamiin C 80 mg, vitamiin B6 1.5 mg, vitamiin B1 1.25 mg.<\/p>\n<div class=\"additional-product-section__posts__post__title\">\n<h4><strong>Glacier Freeze 365JP ISO FUEL+<\/strong><\/h4>\n<\/div>\n<div class=\"additional-product-section__posts__post__text\">\n<p>Koostisosad: dekstroos, maltodekstriin, fruktoos, mineraalid (naatriumtsitraat, kaltsiumfosfaat, kaltsiumitsitraat, magneesiumkarbonaat), palatinoos (isomaltuloos), sidrunhape, l\u00f5hna- ja maitsained, paakumisvastane aine (kaltsiumfosfaat), toiduv\u00e4rv (spirulina), vitamiinid (C vitamiin: L-askorbiinhape, B6 vitamiin: pu\u0308ridoksiinvesinikkloriid, B1 vitamiin: tiamiinvesinikkloriid), magusaine (sukraloos).<\/p>\n<\/div>\n<div class=\"additional-product-section__posts__post__text--nutrition-information\">\n<p>Toitumisalane teave (100 g):<br \/>\n\u2013 Energia 1421 kj \/ 334 kcal;<br \/>\n\u2013 Rasvad 0 g;<br \/>\n\u2013 S\u00fcsivesikud 81 g (sh suhkrud 48 g);<br \/>\n\u2013 Kiudained 0 g;<br \/>\n\u2013 Valgud 0 g;<br \/>\n\u2013 Sool 0,65 g;<br \/>\n\u2013 Kaalium 502 mg, kaltsium 156 mg, magneesium 175 mg;<br \/>\n\u2013 Vitamiin C 80 mg, vitamiin B6 1.5 mg, vitamiin B1 1.25 mg.<\/p>\n<p>Vaata ka meie teisi Isotoonilisi Jooke <a href=\"https:\/\/fit360.ee\/en\/product-category\/product-groups\/energy-carbohydrates\/isotonic-en\/\"><strong>SIIT<\/strong><\/a>!<\/p>\n<p>Soovid kaupa osta suuremas koguses? Vaata antud toodet ka meie HULGI poest\u00a0<a href=\"https:\/\/toidulisandidhulgi.ee\/product\/iso-fuel-500g\/\"><strong>SIIT<\/strong><\/a>!<\/p>\n<\/div>\n<\/div>\n<\/div>\n<\/div>\n","protected":false},"excerpt":{"rendered":"<p><strong>365JP ISO Fuel+<\/strong>\u00a0isotooniline joogipulber on sobilik varustamaks keha pingutuse korral energia, vee, elektrol\u00fc\u00fctide (kaalium, kaltsium, magneesium) ja vitamiinidega (C, B1 ja B6).<\/p>\n<ul>\n<li>Esmaklassiline eletrol\u00fc\u00fctide sisaldus.<\/li>\n<li>Kvaliteetne ja lahustub v\u00e4ga h\u00e4sti.<\/li>\n<li>Suurep\u00e4rane maitsete valik.<\/li>\n<li>Parim hind t\u00f5eliselt kvaliteetsele tootele.<\/li>\n<li>500 g<\/li>\n<li>Tarvita vastavalt vajadusele treeningu eel, ajal ja p\u00e4rast treeningut.<\/li>\n<\/ul>\n","protected":false},"featured_media":57336,"comment_status":"closed","ping_status":"closed","template":"","meta":[],"product_brand":[],"product_cat":[1571,522,2460],"product_tag":[2922,3297,3298],"giftcard-category":[],"class_list":{"0":"post-57340","1":"product","2":"type-product","3":"status-publish","4":"has-post-thumbnail","6":"product_cat-365jp-en","7":"product_cat-energy-carbohydrates","8":"product_cat-isotonic-en","9":"product_tag-365jp-en","10":"product_tag-iso-fuel-en","11":"product_tag-isotooniline-en","12":"pa_maitse-blue-en","13":"pa_maitse-glacier-freeze-en","14":"pa_maitse-puuviljapuns-en","16":"first","17":"instock","18":"sale","19":"taxable","20":"shipping-taxable","21":"purchasable","22":"product-type-variable"},"yoast_head":"<!-- This site is optimized with the Yoast SEO plugin v27.3 - https:\/\/yoast.com\/product\/yoast-seo-wordpress\/ -->\n<title>ISO FUEL+ (500g) - Elektrol\u00fc\u00fcdid - Isotooniline Spordijook - Fit360<\/title>\n<meta name=\"description\" content=\"365JP Iso Fuel+\u00a0isotooniline joogipulber on sobilik varustamaks keha pingutuse korral energia, vee, elektrol\u00fc\u00fctide (kaalium, kaltsium, mag..\" \/>\n<meta name=\"robots\" content=\"index, follow, max-snippet:-1, max-image-preview:large, max-video-preview:-1\" \/>\n<link rel=\"canonical\" href=\"https:\/\/fit360.ee\/en\/pood\/product-groups\/energy-carbohydrates\/isotonic-en\/iso-fuel-500g\/\" \/>\n<meta property=\"og:locale\" content=\"en_US\" \/>\n<meta property=\"og:type\" content=\"article\" \/>\n<meta property=\"og:title\" content=\"ISO FUEL+ (500g) - Elektrol\u00fc\u00fcdid - Isotooniline Spordijook - Fit360\" \/>\n<meta property=\"og:description\" content=\"365JP Iso Fuel+\u00a0isotooniline joogipulber on sobilik varustamaks keha pingutuse korral energia, vee, elektrol\u00fc\u00fctide (kaalium, kaltsium, mag..\" \/>\n<meta property=\"og:url\" content=\"https:\/\/fit360.ee\/en\/pood\/product-groups\/energy-carbohydrates\/isotonic-en\/iso-fuel-500g\/\" \/>\n<meta property=\"og:site_name\" content=\"Fit360\" \/>\n<meta property=\"article:modified_time\" content=\"2026-04-10T13:12:52+00:00\" \/>\n<meta property=\"og:image\" content=\"https:\/\/fit360.ee\/wp-content\/uploads\/2021\/10\/365jp-iso-fuel-fit306.ee_.png\" \/>\n\t<meta property=\"og:image:width\" content=\"720\" \/>\n\t<meta property=\"og:image:height\" content=\"960\" \/>\n\t<meta property=\"og:image:type\" content=\"image\/png\" \/>\n<meta name=\"twitter:card\" content=\"summary_large_image\" \/>\n<meta name=\"twitter:label1\" content=\"Est. reading time\" \/>\n\t<meta name=\"twitter:data1\" content=\"2 minutes\" \/>\n<script type=\"application\/ld+json\" class=\"yoast-schema-graph\">{\"@context\":\"https:\\\/\\\/schema.org\",\"@graph\":[{\"@type\":\"WebPage\",\"@id\":\"https:\\\/\\\/fit360.ee\\\/en\\\/pood\\\/product-groups\\\/energy-carbohydrates\\\/isotonic-en\\\/iso-fuel-500g\\\/\",\"url\":\"https:\\\/\\\/fit360.ee\\\/en\\\/pood\\\/product-groups\\\/energy-carbohydrates\\\/isotonic-en\\\/iso-fuel-500g\\\/\",\"name\":\"ISO FUEL+ (500g) - Elektrol\u00fc\u00fcdid - Isotooniline Spordijook - Fit360\",\"isPartOf\":{\"@id\":\"https:\\\/\\\/fit360.ee\\\/en\\\/#website\"},\"primaryImageOfPage\":{\"@id\":\"https:\\\/\\\/fit360.ee\\\/en\\\/pood\\\/product-groups\\\/energy-carbohydrates\\\/isotonic-en\\\/iso-fuel-500g\\\/#primaryimage\"},\"image\":{\"@id\":\"https:\\\/\\\/fit360.ee\\\/en\\\/pood\\\/product-groups\\\/energy-carbohydrates\\\/isotonic-en\\\/iso-fuel-500g\\\/#primaryimage\"},\"thumbnailUrl\":\"https:\\\/\\\/fit360.ee\\\/wp-content\\\/uploads\\\/2021\\\/10\\\/365jp-iso-fuel-fit306.ee_.png\",\"datePublished\":\"2021-10-26T10:37:52+00:00\",\"dateModified\":\"2026-04-10T13:12:52+00:00\",\"description\":\"365JP Iso Fuel+\u00a0isotooniline joogipulber on sobilik varustamaks keha pingutuse korral energia, vee, elektrol\u00fc\u00fctide (kaalium, kaltsium, mag..\",\"breadcrumb\":{\"@id\":\"https:\\\/\\\/fit360.ee\\\/en\\\/pood\\\/product-groups\\\/energy-carbohydrates\\\/isotonic-en\\\/iso-fuel-500g\\\/#breadcrumb\"},\"inLanguage\":\"en-US\",\"potentialAction\":[{\"@type\":\"ReadAction\",\"target\":[\"https:\\\/\\\/fit360.ee\\\/en\\\/pood\\\/product-groups\\\/energy-carbohydrates\\\/isotonic-en\\\/iso-fuel-500g\\\/\"]}]},{\"@type\":\"ImageObject\",\"inLanguage\":\"en-US\",\"@id\":\"https:\\\/\\\/fit360.ee\\\/en\\\/pood\\\/product-groups\\\/energy-carbohydrates\\\/isotonic-en\\\/iso-fuel-500g\\\/#primaryimage\",\"url\":\"https:\\\/\\\/fit360.ee\\\/wp-content\\\/uploads\\\/2021\\\/10\\\/365jp-iso-fuel-fit306.ee_.png\",\"contentUrl\":\"https:\\\/\\\/fit360.ee\\\/wp-content\\\/uploads\\\/2021\\\/10\\\/365jp-iso-fuel-fit306.ee_.png\",\"width\":720,\"height\":960,\"caption\":\"365jp iso fuel+ - fit360.ee\"},{\"@type\":\"BreadcrumbList\",\"@id\":\"https:\\\/\\\/fit360.ee\\\/en\\\/pood\\\/product-groups\\\/energy-carbohydrates\\\/isotonic-en\\\/iso-fuel-500g\\\/#breadcrumb\",\"itemListElement\":[{\"@type\":\"ListItem\",\"position\":1,\"name\":\"Home\",\"item\":\"https:\\\/\\\/fit360.ee\\\/en\\\/\"},{\"@type\":\"ListItem\",\"position\":2,\"name\":\"Shop\",\"item\":\"https:\\\/\\\/fit360.ee\\\/en\\\/shop\\\/\"},{\"@type\":\"ListItem\",\"position\":3,\"name\":\"ISO FUEL+ (500g)\"}]},{\"@type\":\"WebSite\",\"@id\":\"https:\\\/\\\/fit360.ee\\\/en\\\/#website\",\"url\":\"https:\\\/\\\/fit360.ee\\\/en\\\/\",\"name\":\"Fit360\",\"description\":\"\",\"publisher\":{\"@id\":\"https:\\\/\\\/fit360.ee\\\/en\\\/#organization\"},\"potentialAction\":[{\"@type\":\"SearchAction\",\"target\":{\"@type\":\"EntryPoint\",\"urlTemplate\":\"https:\\\/\\\/fit360.ee\\\/en\\\/?s={search_term_string}\"},\"query-input\":{\"@type\":\"PropertyValueSpecification\",\"valueRequired\":true,\"valueName\":\"search_term_string\"}}],\"inLanguage\":\"en-US\"},{\"@type\":\"Organization\",\"@id\":\"https:\\\/\\\/fit360.ee\\\/en\\\/#organization\",\"name\":\"Fit360\",\"url\":\"https:\\\/\\\/fit360.ee\\\/en\\\/\",\"logo\":{\"@type\":\"ImageObject\",\"inLanguage\":\"en-US\",\"@id\":\"https:\\\/\\\/fit360.ee\\\/en\\\/#\\\/schema\\\/logo\\\/image\\\/\",\"url\":\"https:\\\/\\\/fit360.ee\\\/wp-content\\\/uploads\\\/2017\\\/01\\\/logo-fit360.png\",\"contentUrl\":\"https:\\\/\\\/fit360.ee\\\/wp-content\\\/uploads\\\/2017\\\/01\\\/logo-fit360.png\",\"width\":180,\"height\":66,\"caption\":\"Fit360\"},\"image\":{\"@id\":\"https:\\\/\\\/fit360.ee\\\/en\\\/#\\\/schema\\\/logo\\\/image\\\/\"}}]}<\/script>\n<!-- \/ Yoast SEO plugin. -->","yoast_head_json":{"title":"ISO FUEL+ (500g) - Elektrol\u00fc\u00fcdid - Isotooniline Spordijook - Fit360","description":"365JP Iso Fuel+\u00a0isotooniline joogipulber on sobilik varustamaks keha pingutuse korral energia, vee, elektrol\u00fc\u00fctide (kaalium, kaltsium, mag..","robots":{"index":"index","follow":"follow","max-snippet":"max-snippet:-1","max-image-preview":"max-image-preview:large","max-video-preview":"max-video-preview:-1"},"canonical":"https:\/\/fit360.ee\/en\/pood\/product-groups\/energy-carbohydrates\/isotonic-en\/iso-fuel-500g\/","og_locale":"en_US","og_type":"article","og_title":"ISO FUEL+ (500g) - Elektrol\u00fc\u00fcdid - Isotooniline Spordijook - Fit360","og_description":"365JP Iso Fuel+\u00a0isotooniline joogipulber on sobilik varustamaks keha pingutuse korral energia, vee, elektrol\u00fc\u00fctide (kaalium, kaltsium, mag..","og_url":"https:\/\/fit360.ee\/en\/pood\/product-groups\/energy-carbohydrates\/isotonic-en\/iso-fuel-500g\/","og_site_name":"Fit360","article_modified_time":"2026-04-10T13:12:52+00:00","og_image":[{"width":720,"height":960,"url":"https:\/\/fit360.ee\/wp-content\/uploads\/2021\/10\/365jp-iso-fuel-fit306.ee_.png","type":"image\/png"}],"twitter_card":"summary_large_image","twitter_misc":{"Est. reading time":"2 minutes"},"schema":{"@context":"https:\/\/schema.org","@graph":[{"@type":"WebPage","@id":"https:\/\/fit360.ee\/en\/pood\/product-groups\/energy-carbohydrates\/isotonic-en\/iso-fuel-500g\/","url":"https:\/\/fit360.ee\/en\/pood\/product-groups\/energy-carbohydrates\/isotonic-en\/iso-fuel-500g\/","name":"ISO FUEL+ (500g) - Elektrol\u00fc\u00fcdid - Isotooniline Spordijook - Fit360","isPartOf":{"@id":"https:\/\/fit360.ee\/en\/#website"},"primaryImageOfPage":{"@id":"https:\/\/fit360.ee\/en\/pood\/product-groups\/energy-carbohydrates\/isotonic-en\/iso-fuel-500g\/#primaryimage"},"image":{"@id":"https:\/\/fit360.ee\/en\/pood\/product-groups\/energy-carbohydrates\/isotonic-en\/iso-fuel-500g\/#primaryimage"},"thumbnailUrl":"https:\/\/fit360.ee\/wp-content\/uploads\/2021\/10\/365jp-iso-fuel-fit306.ee_.png","datePublished":"2021-10-26T10:37:52+00:00","dateModified":"2026-04-10T13:12:52+00:00","description":"365JP Iso Fuel+\u00a0isotooniline joogipulber on sobilik varustamaks keha pingutuse korral energia, vee, elektrol\u00fc\u00fctide (kaalium, kaltsium, mag..","breadcrumb":{"@id":"https:\/\/fit360.ee\/en\/pood\/product-groups\/energy-carbohydrates\/isotonic-en\/iso-fuel-500g\/#breadcrumb"},"inLanguage":"en-US","potentialAction":[{"@type":"ReadAction","target":["https:\/\/fit360.ee\/en\/pood\/product-groups\/energy-carbohydrates\/isotonic-en\/iso-fuel-500g\/"]}]},{"@type":"ImageObject","inLanguage":"en-US","@id":"https:\/\/fit360.ee\/en\/pood\/product-groups\/energy-carbohydrates\/isotonic-en\/iso-fuel-500g\/#primaryimage","url":"https:\/\/fit360.ee\/wp-content\/uploads\/2021\/10\/365jp-iso-fuel-fit306.ee_.png","contentUrl":"https:\/\/fit360.ee\/wp-content\/uploads\/2021\/10\/365jp-iso-fuel-fit306.ee_.png","width":720,"height":960,"caption":"365jp iso fuel+ - fit360.ee"},{"@type":"BreadcrumbList","@id":"https:\/\/fit360.ee\/en\/pood\/product-groups\/energy-carbohydrates\/isotonic-en\/iso-fuel-500g\/#breadcrumb","itemListElement":[{"@type":"ListItem","position":1,"name":"Home","item":"https:\/\/fit360.ee\/en\/"},{"@type":"ListItem","position":2,"name":"Shop","item":"https:\/\/fit360.ee\/en\/shop\/"},{"@type":"ListItem","position":3,"name":"ISO FUEL+ (500g)"}]},{"@type":"WebSite","@id":"https:\/\/fit360.ee\/en\/#website","url":"https:\/\/fit360.ee\/en\/","name":"Fit360","description":"","publisher":{"@id":"https:\/\/fit360.ee\/en\/#organization"},"potentialAction":[{"@type":"SearchAction","target":{"@type":"EntryPoint","urlTemplate":"https:\/\/fit360.ee\/en\/?s={search_term_string}"},"query-input":{"@type":"PropertyValueSpecification","valueRequired":true,"valueName":"search_term_string"}}],"inLanguage":"en-US"},{"@type":"Organization","@id":"https:\/\/fit360.ee\/en\/#organization","name":"Fit360","url":"https:\/\/fit360.ee\/en\/","logo":{"@type":"ImageObject","inLanguage":"en-US","@id":"https:\/\/fit360.ee\/en\/#\/schema\/logo\/image\/","url":"https:\/\/fit360.ee\/wp-content\/uploads\/2017\/01\/logo-fit360.png","contentUrl":"https:\/\/fit360.ee\/wp-content\/uploads\/2017\/01\/logo-fit360.png","width":180,"height":66,"caption":"Fit360"},"image":{"@id":"https:\/\/fit360.ee\/en\/#\/schema\/logo\/image\/"}}]}},"_links":{"self":[{"href":"https:\/\/fit360.ee\/en\/wp-json\/wp\/v2\/product\/57340","targetHints":{"allow":["GET"]}}],"collection":[{"href":"https:\/\/fit360.ee\/en\/wp-json\/wp\/v2\/product"}],"about":[{"href":"https:\/\/fit360.ee\/en\/wp-json\/wp\/v2\/types\/product"}],"replies":[{"embeddable":true,"href":"https:\/\/fit360.ee\/en\/wp-json\/wp\/v2\/comments?post=57340"}],"wp:featuredmedia":[{"embeddable":true,"href":"https:\/\/fit360.ee\/en\/wp-json\/wp\/v2\/media\/57336"}],"wp:attachment":[{"href":"https:\/\/fit360.ee\/en\/wp-json\/wp\/v2\/media?parent=57340"}],"wp:term":[{"taxonomy":"product_brand","embeddable":true,"href":"https:\/\/fit360.ee\/en\/wp-json\/wp\/v2\/product_brand?post=57340"},{"taxonomy":"product_cat","embeddable":true,"href":"https:\/\/fit360.ee\/en\/wp-json\/wp\/v2\/product_cat?post=57340"},{"taxonomy":"product_tag","embeddable":true,"href":"https:\/\/fit360.ee\/en\/wp-json\/wp\/v2\/product_tag?post=57340"},{"taxonomy":"giftcard-category","embeddable":true,"href":"https:\/\/fit360.ee\/en\/wp-json\/wp\/v2\/giftcard-category?post=57340"}],"curies":[{"name":"wp","href":"https:\/\/api.w.org\/{rel}","templated":true}]}}