{"id":57441,"date":"2021-10-31T23:14:55","date_gmt":"2021-10-31T21:14:55","guid":{"rendered":"https:\/\/fit360.ee\/pood\/uncategorized\/triple-zensenn-90vcaps\/"},"modified":"2025-10-11T14:33:54","modified_gmt":"2025-10-11T12:33:54","slug":"triple-zensenn-90vcaps","status":"publish","type":"product","link":"https:\/\/fit360.ee\/en\/pood\/product-groups\/superfoods-health-foods-en\/ashwagandha-en\/triple-zensenn-90vcaps\/","title":{"rendered":"Triple \u017den\u0161enn (90 vCaps)"},"content":{"rendered":"<h1><strong>\u017den\u0161enn<\/strong><\/h1>\n<p>OstroVit Triple \u017een\u0161enn VEGE on 90 kapsliga komplekt, mis sisaldab looduslikke taimeekstrakte. Toidulisand on m\u00f5eldud inimestele, kellel\u00a0 on vaja lisaenergiat, eluj\u00f5ud ja motivatsiooni.<\/p>\n<p>Kapslites sisalduvad ekstraktid annavad teile energiat ja kiirendavad organismi taastumist. Nad toetavad ka kognitiivseid funktsioone, nii et nad toimivad suurep\u00e4raselt, kui juhite aktiivset eluviisi ja teete intensiivset vaimset t\u00f6\u00f6d.<\/p>\n<p><strong>Triple \u017den\u0161enn VEGE<\/strong> sobib Teile, kui:<\/p>\n<ul>\n<li>Tunnete end pidevalt v\u00e4sinuna<\/li>\n<li>Olete pidevalt haige<\/li>\n<li>Te puutute kokku stressiga<\/li>\n<li>Teil on raske keskenduda<\/li>\n<li>Soovite oma m\u00e4lu parandada<\/li>\n<li>Vajate lisaenergiat<\/li>\n<li>Soovite v\u00e4hendada v\u00e4simustunnet<\/li>\n<\/ul>\n<h2><strong>Triple Ginseng<\/strong><\/h2>\n<p>Triple Ginseng VEGE toidulisand vegan kapsli kujul sisaldab <strong>viit taimeekstrakti<\/strong>, mis annavad energiat ja motiveerivad tegutsema:<\/p>\n<ul>\n<li><strong>Siberi \u017een\u0161enni juure ekstrakt<\/strong> &#8211; See suurendab vastupanuv\u00f5imet stressile ja valmistab ette suuremaks f\u00fc\u00fcsiliseks ja vaimseks pingutuseks. Sellel on positiivne m\u00f5ju f\u00fc\u00fcsilisele energiale ja see aitab teil end h\u00e4sti tunda isegi siis, kui olete v\u00e4sinud.<\/li>\n<li><strong>Panaxi \u017een\u0161enni juure ekstrakt<\/strong> &#8211; See annab t\u00f5husalt energiat ja tugevdab loomulikku vastupanuv\u00f5imet infektsioonidele. See arendab vaimset v\u00f5imekust ja vastupidavust. T\u00e4nu sellele saate pingeliste olukordadega h\u00f5lpsalt hakkama. Samuti toetab see taastumist ja v\u00e4hendab v\u00e4simust.<\/li>\n<li><strong><a href=\"https:\/\/fit360.ee\/en\/product-category\/product-groups\/superfoods-health-foods-en\/ashwagandha-en\/\">Ashwagandha<\/a> juure ekstrakt<\/strong> &#8211; See toetab keha f\u00fc\u00fcsilisi ja vaimseid v\u00f5imeid. See aitab teil paremini meelde j\u00e4tta ja keskenduda. See tagab ka emotsionaalse tasakaalu. See kaitseb stressi eest ja v\u00f5imaldab teil h\u00e4sti magada.<\/li>\n<li><strong>Guaraana seemnete ekstrakt<\/strong> &#8211; See stimuleerib teie organismi ja toetab kognitiivseid funktsioone. See aitab paremini keskenduda ja kiiremini meelde j\u00e4tta. See h\u00f5lbustab stressi juhtimist. Tootes sisalduv kofeiin soodustab rasvkoe p\u00f5letamist.<\/li>\n<li><strong>Musta pipra puuviljaekstrak<\/strong>t &#8211; See parandab seedimist ja toitainete imendumist. See avaldab positiivset m\u00f5ju organismi vastupidavusele, suurendab valu vastupanuv\u00f5imet ja omab p\u00f5letikuvastaseid omadusi.<\/li>\n<\/ul>\n<p><strong>Koostisosad<\/strong>: Siberi \u017een\u0161enni juure ekstrakt &#8211; 1,2% eleuterosiide, guaraana seemne ekstrakt &#8211; 22% kofeiini, ashwagandha juure ekstrakt &#8211; India \u017een\u0161enn &#8211; 7,2% withanoliide, 1% alkaloide, 0,25% withaferin A, katte koostis (met\u00fc\u00fclh\u00fcdroks\u00fcprop\u00fc\u00fcl): tselluloos), panaxi \u017een\u0161enni juureekstrakt &#8211; 20% ginsenosiididest, musta pipra puuviljaekstrakt &#8211; 95% piperiini. Toode v\u00f5ib sisaldada piima (sh laktoosi), soja, maap\u00e4hkleid, muid p\u00e4hkleid, seesamiseemneid, gluteeni sisaldavaid teravilju, mune, v\u00e4hilaadseid, kala.<\/p>\n<p><strong>Kasutamine<\/strong>: V\u00f5tke 1 portsjon (1 kapsel) p\u00e4evas.<\/p>\n<p>Suurus: <a href=\"https:\/\/fit360.ee\/en\/product-category\/product-groups\/vegan-en\/vegan-capsules-en\/\"><strong>90 vCaps &#8211; Vegan kapslit<\/strong><\/a><\/p>\n<section class=\"projector__description--nutritional row\" data-selector=\".--nutritional\">\n<div class=\"col-12 col-md-10 col-lg-8\">\n<div class=\"--nutrit\">\n<div class=\"nutrition_table_wrapper\">\n<div class=\"table_wrapper\">\n<table>\n<tbody>\n<tr>\n<th>Aktiivsed toimeained<\/th>\n<th>1 serveering ( 1 kapsel)<\/th>\n<\/tr>\n<tr>\n<td>Siberi \u017een\u0161enni juureekstrakt, <em>millest<\/em>:<\/td>\n<td>200 mg<\/td>\n<\/tr>\n<tr class=\"sub\">\n<td>&#8211; eleuterosiidid (1.2%)<\/td>\n<td>2.4 mg<\/td>\n<\/tr>\n<tr>\n<td>Panaxi \u017een\u0161enni juureekstrakt, <em>millest<\/em>:<\/td>\n<td>100 mg<\/td>\n<\/tr>\n<tr class=\"sub\">\n<td>&#8211; ginsenosiidid (20%)<\/td>\n<td>20 mg<\/td>\n<\/tr>\n<tr>\n<td>Ashwagandha juure ekstrakt, <em>millest<\/em>:<\/td>\n<td>140 mg<\/td>\n<\/tr>\n<tr class=\"sub\">\n<td>&#8211; withanolides (7.2%)<\/td>\n<td>10 mg<\/td>\n<\/tr>\n<tr class=\"sub\">\n<td>&#8211; alkaloidid (1%)<\/td>\n<td>1.4 mg<\/td>\n<\/tr>\n<tr class=\"sub\">\n<td>&#8211; withaferiin A (0.25%)<\/td>\n<td>0.35 mg<\/td>\n<\/tr>\n<tr>\n<td>Guaraana seemne ekstrakt, <em>millest<\/em>:<\/td>\n<td>200 mg<\/td>\n<\/tr>\n<tr class=\"sub\">\n<td>&#8211; kofeiin (22%)<\/td>\n<td>44 mg<\/td>\n<\/tr>\n<tr>\n<td>Musta pipra puuviljaekstrakt, <em>millest<\/em>:<\/td>\n<td>5 mg<\/td>\n<\/tr>\n<tr class=\"sub\">\n<td>&#8211; piperiin (95%)<\/td>\n<td>4.7 mg<\/td>\n<\/tr>\n<\/tbody>\n<\/table>\n<\/div>\n<\/div>\n<\/div>\n<\/div>\n<\/section>\n<div class=\"--label col-12\"><\/div>\n<div>Vaata ka meie teisi Supertoite <a href=\"https:\/\/fit360.ee\/en\/product-category\/product-groups\/superfoods-health-foods-en\/\"><strong>SIIT<\/strong><\/a>!<\/div>\n<div><\/div>\n<div>Soovid teha suuremat tellimust? Vaata antud toodet meie HULGI lehelt\u00a0<a href=\"https:\/\/toidulisandidhulgi.ee\/product\/triple-zensenn-90vcaps\/\"><strong>SIIT<\/strong><\/a>!<\/div>\n","protected":false},"excerpt":{"rendered":"<p><strong>Triple \u017den\u0161enn VEGE<\/strong> sobib Teile, kui:<\/p>\n<ul>\n<li>Tunnete end pidevalt v\u00e4sinuna<\/li>\n<li>Olete pidevalt haige<\/li>\n<li>Te puutute kokku stressiga<\/li>\n<li>Teil on raske keskenduda<\/li>\n<li>Soovite oma m\u00e4lu parandada<\/li>\n<li>Vajate lisaenergiat<\/li>\n<li>Soovite v\u00e4hendada v\u00e4simustunnet<\/li>\n<\/ul>\n","protected":false},"featured_media":84444,"comment_status":"closed","ping_status":"closed","template":"","meta":[],"product_brand":[],"product_cat":[2347,2485,5324,1329,1454,2664,536,1201],"product_tag":[3209,1924,3308,3309],"giftcard-category":[],"class_list":{"0":"post-57441","1":"product","2":"type-product","3":"status-publish","4":"has-post-thumbnail","6":"product_cat-ashwagandha-en","7":"product_cat-brain-support-nootropics-en","8":"product_cat-caffeine-en","9":"product_cat-ostrovit-en","10":"product_cat-superfoods-health-foods-en","11":"product_cat-vegan-capsules-en","12":"product_cat-vitamins-and-minerals-en","13":"product_cat-1201","14":"product_tag-ginseng-en","15":"product_tag-ostrovit-en","16":"product_tag-triple-ginseng-en","17":"product_tag-zensenn-en","18":"pa_kogus-90-vcaps-en","19":"pa_toidulisand-branddd-ostrovit","20":"pa_tootegruppp-aju-tegevus-nootropics-en","21":"pa_tootegruppp-ashwagandha-en","22":"pa_tootegruppp-kofeiin-en","23":"pa_tootegruppp-supertoit-tervisetoit-en","24":"pa_tootegruppp-vcaps-vegan-kapslid-en","25":"pa_tootegruppp-vegan-en","26":"pa_tootegruppp-vitamins-and-minerals","28":"first","29":"outofstock","30":"sale","31":"taxable","32":"shipping-taxable","33":"purchasable","34":"product-type-simple"},"yoast_head":"<!-- This site is optimized with the Yoast SEO plugin v27.3 - https:\/\/yoast.com\/product\/yoast-seo-wordpress\/ -->\n<title>\u017den\u0161enn ( 90 vCaps) - Triple Ginseng - Kiire Tarne - Parim Hind - Fit360<\/title>\n<meta name=\"description\" content=\"\u017den\u0161enn ekstraktid annavad teile energiat ja kiirendavad organismi taastumist. Nad toetavad ka kognitiivseid funktsioone, aidates Teil..\" \/>\n<meta name=\"robots\" content=\"index, follow, max-snippet:-1, max-image-preview:large, max-video-preview:-1\" \/>\n<link rel=\"canonical\" href=\"https:\/\/fit360.ee\/en\/pood\/product-groups\/superfoods-health-foods-en\/ashwagandha-en\/triple-zensenn-90vcaps\/\" \/>\n<meta property=\"og:locale\" content=\"en_US\" \/>\n<meta property=\"og:type\" content=\"article\" \/>\n<meta property=\"og:title\" content=\"\u017den\u0161enn ( 90 vCaps) - Triple Ginseng - Kiire Tarne - Parim Hind - Fit360\" \/>\n<meta property=\"og:description\" content=\"\u017den\u0161enn ekstraktid annavad teile energiat ja kiirendavad organismi taastumist. Nad toetavad ka kognitiivseid funktsioone, aidates Teil..\" \/>\n<meta property=\"og:url\" content=\"https:\/\/fit360.ee\/en\/pood\/product-groups\/superfoods-health-foods-en\/ashwagandha-en\/triple-zensenn-90vcaps\/\" \/>\n<meta property=\"og:site_name\" content=\"Fit360\" \/>\n<meta property=\"article:modified_time\" content=\"2025-10-11T12:33:54+00:00\" \/>\n<meta property=\"og:image\" content=\"https:\/\/fit360.ee\/wp-content\/uploads\/2021\/10\/zensenn-ekstrakt-ostrovit-triple-ginseng-fit360.ee_.png\" \/>\n\t<meta property=\"og:image:width\" content=\"450\" \/>\n\t<meta property=\"og:image:height\" content=\"450\" \/>\n\t<meta property=\"og:image:type\" content=\"image\/png\" \/>\n<meta name=\"twitter:card\" content=\"summary_large_image\" \/>\n<meta name=\"twitter:label1\" content=\"Est. reading time\" \/>\n\t<meta name=\"twitter:data1\" content=\"2 minutes\" \/>\n<script type=\"application\/ld+json\" class=\"yoast-schema-graph\">{\"@context\":\"https:\\\/\\\/schema.org\",\"@graph\":[{\"@type\":\"WebPage\",\"@id\":\"https:\\\/\\\/fit360.ee\\\/en\\\/pood\\\/product-groups\\\/superfoods-health-foods-en\\\/ashwagandha-en\\\/triple-zensenn-90vcaps\\\/\",\"url\":\"https:\\\/\\\/fit360.ee\\\/en\\\/pood\\\/product-groups\\\/superfoods-health-foods-en\\\/ashwagandha-en\\\/triple-zensenn-90vcaps\\\/\",\"name\":\"\u017den\u0161enn ( 90 vCaps) - Triple Ginseng - Kiire Tarne - Parim Hind - Fit360\",\"isPartOf\":{\"@id\":\"https:\\\/\\\/fit360.ee\\\/en\\\/#website\"},\"primaryImageOfPage\":{\"@id\":\"https:\\\/\\\/fit360.ee\\\/en\\\/pood\\\/product-groups\\\/superfoods-health-foods-en\\\/ashwagandha-en\\\/triple-zensenn-90vcaps\\\/#primaryimage\"},\"image\":{\"@id\":\"https:\\\/\\\/fit360.ee\\\/en\\\/pood\\\/product-groups\\\/superfoods-health-foods-en\\\/ashwagandha-en\\\/triple-zensenn-90vcaps\\\/#primaryimage\"},\"thumbnailUrl\":\"https:\\\/\\\/fit360.ee\\\/wp-content\\\/uploads\\\/2021\\\/10\\\/zensenn-ekstrakt-ostrovit-triple-ginseng-fit360.ee_.png\",\"datePublished\":\"2021-10-31T21:14:55+00:00\",\"dateModified\":\"2025-10-11T12:33:54+00:00\",\"description\":\"\u017den\u0161enn ekstraktid annavad teile energiat ja kiirendavad organismi taastumist. Nad toetavad ka kognitiivseid funktsioone, aidates Teil..\",\"breadcrumb\":{\"@id\":\"https:\\\/\\\/fit360.ee\\\/en\\\/pood\\\/product-groups\\\/superfoods-health-foods-en\\\/ashwagandha-en\\\/triple-zensenn-90vcaps\\\/#breadcrumb\"},\"inLanguage\":\"en-US\",\"potentialAction\":[{\"@type\":\"ReadAction\",\"target\":[\"https:\\\/\\\/fit360.ee\\\/en\\\/pood\\\/product-groups\\\/superfoods-health-foods-en\\\/ashwagandha-en\\\/triple-zensenn-90vcaps\\\/\"]}]},{\"@type\":\"ImageObject\",\"inLanguage\":\"en-US\",\"@id\":\"https:\\\/\\\/fit360.ee\\\/en\\\/pood\\\/product-groups\\\/superfoods-health-foods-en\\\/ashwagandha-en\\\/triple-zensenn-90vcaps\\\/#primaryimage\",\"url\":\"https:\\\/\\\/fit360.ee\\\/wp-content\\\/uploads\\\/2021\\\/10\\\/zensenn-ekstrakt-ostrovit-triple-ginseng-fit360.ee_.png\",\"contentUrl\":\"https:\\\/\\\/fit360.ee\\\/wp-content\\\/uploads\\\/2021\\\/10\\\/zensenn-ekstrakt-ostrovit-triple-ginseng-fit360.ee_.png\",\"width\":450,\"height\":450,\"caption\":\"\u017een\u0161enn ekstrakt ostrovit triple ginseng - fit360.ee\"},{\"@type\":\"BreadcrumbList\",\"@id\":\"https:\\\/\\\/fit360.ee\\\/en\\\/pood\\\/product-groups\\\/superfoods-health-foods-en\\\/ashwagandha-en\\\/triple-zensenn-90vcaps\\\/#breadcrumb\",\"itemListElement\":[{\"@type\":\"ListItem\",\"position\":1,\"name\":\"Home\",\"item\":\"https:\\\/\\\/fit360.ee\\\/en\\\/\"},{\"@type\":\"ListItem\",\"position\":2,\"name\":\"Shop\",\"item\":\"https:\\\/\\\/fit360.ee\\\/en\\\/shop\\\/\"},{\"@type\":\"ListItem\",\"position\":3,\"name\":\"Triple \u017den\u0161enn (90 vCaps)\"}]},{\"@type\":\"WebSite\",\"@id\":\"https:\\\/\\\/fit360.ee\\\/en\\\/#website\",\"url\":\"https:\\\/\\\/fit360.ee\\\/en\\\/\",\"name\":\"Fit360\",\"description\":\"\",\"publisher\":{\"@id\":\"https:\\\/\\\/fit360.ee\\\/en\\\/#organization\"},\"potentialAction\":[{\"@type\":\"SearchAction\",\"target\":{\"@type\":\"EntryPoint\",\"urlTemplate\":\"https:\\\/\\\/fit360.ee\\\/en\\\/?s={search_term_string}\"},\"query-input\":{\"@type\":\"PropertyValueSpecification\",\"valueRequired\":true,\"valueName\":\"search_term_string\"}}],\"inLanguage\":\"en-US\"},{\"@type\":\"Organization\",\"@id\":\"https:\\\/\\\/fit360.ee\\\/en\\\/#organization\",\"name\":\"Fit360\",\"url\":\"https:\\\/\\\/fit360.ee\\\/en\\\/\",\"logo\":{\"@type\":\"ImageObject\",\"inLanguage\":\"en-US\",\"@id\":\"https:\\\/\\\/fit360.ee\\\/en\\\/#\\\/schema\\\/logo\\\/image\\\/\",\"url\":\"https:\\\/\\\/fit360.ee\\\/wp-content\\\/uploads\\\/2017\\\/01\\\/logo-fit360.png\",\"contentUrl\":\"https:\\\/\\\/fit360.ee\\\/wp-content\\\/uploads\\\/2017\\\/01\\\/logo-fit360.png\",\"width\":180,\"height\":66,\"caption\":\"Fit360\"},\"image\":{\"@id\":\"https:\\\/\\\/fit360.ee\\\/en\\\/#\\\/schema\\\/logo\\\/image\\\/\"}}]}<\/script>\n<!-- \/ Yoast SEO plugin. -->","yoast_head_json":{"title":"\u017den\u0161enn ( 90 vCaps) - Triple Ginseng - Kiire Tarne - Parim Hind - Fit360","description":"\u017den\u0161enn ekstraktid annavad teile energiat ja kiirendavad organismi taastumist. Nad toetavad ka kognitiivseid funktsioone, aidates Teil..","robots":{"index":"index","follow":"follow","max-snippet":"max-snippet:-1","max-image-preview":"max-image-preview:large","max-video-preview":"max-video-preview:-1"},"canonical":"https:\/\/fit360.ee\/en\/pood\/product-groups\/superfoods-health-foods-en\/ashwagandha-en\/triple-zensenn-90vcaps\/","og_locale":"en_US","og_type":"article","og_title":"\u017den\u0161enn ( 90 vCaps) - Triple Ginseng - Kiire Tarne - Parim Hind - Fit360","og_description":"\u017den\u0161enn ekstraktid annavad teile energiat ja kiirendavad organismi taastumist. Nad toetavad ka kognitiivseid funktsioone, aidates Teil..","og_url":"https:\/\/fit360.ee\/en\/pood\/product-groups\/superfoods-health-foods-en\/ashwagandha-en\/triple-zensenn-90vcaps\/","og_site_name":"Fit360","article_modified_time":"2025-10-11T12:33:54+00:00","og_image":[{"width":450,"height":450,"url":"https:\/\/fit360.ee\/wp-content\/uploads\/2021\/10\/zensenn-ekstrakt-ostrovit-triple-ginseng-fit360.ee_.png","type":"image\/png"}],"twitter_card":"summary_large_image","twitter_misc":{"Est. reading time":"2 minutes"},"schema":{"@context":"https:\/\/schema.org","@graph":[{"@type":"WebPage","@id":"https:\/\/fit360.ee\/en\/pood\/product-groups\/superfoods-health-foods-en\/ashwagandha-en\/triple-zensenn-90vcaps\/","url":"https:\/\/fit360.ee\/en\/pood\/product-groups\/superfoods-health-foods-en\/ashwagandha-en\/triple-zensenn-90vcaps\/","name":"\u017den\u0161enn ( 90 vCaps) - Triple Ginseng - Kiire Tarne - Parim Hind - Fit360","isPartOf":{"@id":"https:\/\/fit360.ee\/en\/#website"},"primaryImageOfPage":{"@id":"https:\/\/fit360.ee\/en\/pood\/product-groups\/superfoods-health-foods-en\/ashwagandha-en\/triple-zensenn-90vcaps\/#primaryimage"},"image":{"@id":"https:\/\/fit360.ee\/en\/pood\/product-groups\/superfoods-health-foods-en\/ashwagandha-en\/triple-zensenn-90vcaps\/#primaryimage"},"thumbnailUrl":"https:\/\/fit360.ee\/wp-content\/uploads\/2021\/10\/zensenn-ekstrakt-ostrovit-triple-ginseng-fit360.ee_.png","datePublished":"2021-10-31T21:14:55+00:00","dateModified":"2025-10-11T12:33:54+00:00","description":"\u017den\u0161enn ekstraktid annavad teile energiat ja kiirendavad organismi taastumist. Nad toetavad ka kognitiivseid funktsioone, aidates Teil..","breadcrumb":{"@id":"https:\/\/fit360.ee\/en\/pood\/product-groups\/superfoods-health-foods-en\/ashwagandha-en\/triple-zensenn-90vcaps\/#breadcrumb"},"inLanguage":"en-US","potentialAction":[{"@type":"ReadAction","target":["https:\/\/fit360.ee\/en\/pood\/product-groups\/superfoods-health-foods-en\/ashwagandha-en\/triple-zensenn-90vcaps\/"]}]},{"@type":"ImageObject","inLanguage":"en-US","@id":"https:\/\/fit360.ee\/en\/pood\/product-groups\/superfoods-health-foods-en\/ashwagandha-en\/triple-zensenn-90vcaps\/#primaryimage","url":"https:\/\/fit360.ee\/wp-content\/uploads\/2021\/10\/zensenn-ekstrakt-ostrovit-triple-ginseng-fit360.ee_.png","contentUrl":"https:\/\/fit360.ee\/wp-content\/uploads\/2021\/10\/zensenn-ekstrakt-ostrovit-triple-ginseng-fit360.ee_.png","width":450,"height":450,"caption":"\u017een\u0161enn ekstrakt ostrovit triple ginseng - fit360.ee"},{"@type":"BreadcrumbList","@id":"https:\/\/fit360.ee\/en\/pood\/product-groups\/superfoods-health-foods-en\/ashwagandha-en\/triple-zensenn-90vcaps\/#breadcrumb","itemListElement":[{"@type":"ListItem","position":1,"name":"Home","item":"https:\/\/fit360.ee\/en\/"},{"@type":"ListItem","position":2,"name":"Shop","item":"https:\/\/fit360.ee\/en\/shop\/"},{"@type":"ListItem","position":3,"name":"Triple \u017den\u0161enn (90 vCaps)"}]},{"@type":"WebSite","@id":"https:\/\/fit360.ee\/en\/#website","url":"https:\/\/fit360.ee\/en\/","name":"Fit360","description":"","publisher":{"@id":"https:\/\/fit360.ee\/en\/#organization"},"potentialAction":[{"@type":"SearchAction","target":{"@type":"EntryPoint","urlTemplate":"https:\/\/fit360.ee\/en\/?s={search_term_string}"},"query-input":{"@type":"PropertyValueSpecification","valueRequired":true,"valueName":"search_term_string"}}],"inLanguage":"en-US"},{"@type":"Organization","@id":"https:\/\/fit360.ee\/en\/#organization","name":"Fit360","url":"https:\/\/fit360.ee\/en\/","logo":{"@type":"ImageObject","inLanguage":"en-US","@id":"https:\/\/fit360.ee\/en\/#\/schema\/logo\/image\/","url":"https:\/\/fit360.ee\/wp-content\/uploads\/2017\/01\/logo-fit360.png","contentUrl":"https:\/\/fit360.ee\/wp-content\/uploads\/2017\/01\/logo-fit360.png","width":180,"height":66,"caption":"Fit360"},"image":{"@id":"https:\/\/fit360.ee\/en\/#\/schema\/logo\/image\/"}}]}},"_links":{"self":[{"href":"https:\/\/fit360.ee\/en\/wp-json\/wp\/v2\/product\/57441","targetHints":{"allow":["GET"]}}],"collection":[{"href":"https:\/\/fit360.ee\/en\/wp-json\/wp\/v2\/product"}],"about":[{"href":"https:\/\/fit360.ee\/en\/wp-json\/wp\/v2\/types\/product"}],"replies":[{"embeddable":true,"href":"https:\/\/fit360.ee\/en\/wp-json\/wp\/v2\/comments?post=57441"}],"wp:featuredmedia":[{"embeddable":true,"href":"https:\/\/fit360.ee\/en\/wp-json\/wp\/v2\/media\/84444"}],"wp:attachment":[{"href":"https:\/\/fit360.ee\/en\/wp-json\/wp\/v2\/media?parent=57441"}],"wp:term":[{"taxonomy":"product_brand","embeddable":true,"href":"https:\/\/fit360.ee\/en\/wp-json\/wp\/v2\/product_brand?post=57441"},{"taxonomy":"product_cat","embeddable":true,"href":"https:\/\/fit360.ee\/en\/wp-json\/wp\/v2\/product_cat?post=57441"},{"taxonomy":"product_tag","embeddable":true,"href":"https:\/\/fit360.ee\/en\/wp-json\/wp\/v2\/product_tag?post=57441"},{"taxonomy":"giftcard-category","embeddable":true,"href":"https:\/\/fit360.ee\/en\/wp-json\/wp\/v2\/giftcard-category?post=57441"}],"curies":[{"name":"wp","href":"https:\/\/api.w.org\/{rel}","templated":true}]}}