{"id":57445,"date":"2021-10-31T23:54:02","date_gmt":"2021-10-31T21:54:02","guid":{"rendered":"https:\/\/fit360.ee\/pood\/uncategorized\/kuuslaugu-pulber-100g\/"},"modified":"2025-08-13T07:39:11","modified_gmt":"2025-08-13T05:39:11","slug":"kuuslaugu-pulber-100g","status":"publish","type":"product","link":"https:\/\/fit360.ee\/en\/pood\/product-groups\/vitamins-and-minerals-en\/kuuslaugu-pulber-100g\/","title":{"rendered":"K\u00fc\u00fcslaugu Pulber (100g)"},"content":{"rendered":"<h1><strong>K\u00fc\u00fcslaugu Pulber<\/strong><\/h1>\n<p>OstroVit k\u00fc\u00fcslauguekstrakt (<strong>k\u00fc\u00fcslaugu pulber<\/strong>) on toidulisand, mis sisaldab k\u00fc\u00fcslaugu sibula ekstrakti (<em>Allium sativum L.<\/em>), millel on positiivne m\u00f5ju paljudele organismis toimuvatele protsessidele. Selle efektiivset m\u00f5ju on kinnitanud mitmed teaduslikud uuringud, samas kui just seda k\u00fc\u00fcslauku on traditsioonilises meditsiinis kasutatud l\u00e4bi aegade. Looduslikul kujul kasutatakse seda \u00fcrdina erilise, tugeva maitse ja aroomiga toitude valmistamiseks. Valige OstroVit k\u00fc\u00fcslaugu pulbert, kui soovite puhast ekstrakti ilma tarbetute lisanditeta.<\/p>\n<h4><strong>Kellele OstroVit k\u00fc\u00fcslauguekstrakti soovitatakse?<\/strong><\/h4>\n<p>T\u00e4nu OstroVit k\u00fc\u00fcslauguekstraktile saate tarbida soovitatava p\u00e4evase k\u00fc\u00fcslauguportsjoni \u00fche m\u00f5\u00f5duga. See v\u00f5imaldab teil t\u00f5sta tervislikku HDL-kolesterooli taset ning s\u00e4ilitada sobivas koguses halva LDL-kolesterooli ja \u00fcldkolesterooli taset. Kui olete seet\u00f5ttu kokku puutunud s\u00fcdame-veresoonkonna haigustega, peaksite oma igap\u00e4evast dieeti rikastama k\u00fc\u00fcslaugulisandiga.<\/p>\n<p>S\u00fcdame-veresoonkonna haigused on maailmas \u00fcks levinumaid surmap\u00f5hjuseid. Sellesse r\u00fchma kuuluvad s\u00fcdameatakk, ajuinsult, ateroskleroos, puudulikkus ja koronaartromboos. Need h\u00e4ired on esikohal tsivilisatsiooniga seotud haiguste r\u00fchmas, millega paljud inimesed peavad oma elustiili t\u00f5ttu toime tulema. Sobiv ennetus k\u00fc\u00fcslaugu pikaajalise ja igap\u00e4evase kasutamise n\u00e4ol aitab v\u00e4hendada nende tekkeriski.<\/p>\n<p><strong>Valige OstroVit k\u00fc\u00fcslauguekstrakt, kui teil esineb v\u00f5i on oht j\u00e4rgmisteks probleemideks<\/strong>:<\/p>\n<ul>\n<li>k\u00f5rgem kolesterool<\/li>\n<li>k\u00f5rgem verer\u00f5hk<\/li>\n<li>sagedased k\u00fclmetushaigused<\/li>\n<li>vastumeelsus pillide v\u00f5i kapslite neelamise vastu<\/li>\n<li>p\u00e4rast tarbimist ebameeldivalt intensiivne loodusliku k\u00fc\u00fcslaugu aroom<\/li>\n<li>Meie ekstrakt on 100% vegan \u2013 te ei leia sealt \u00fchtegi loomset p\u00e4ritolu koostisosa. Pulbriline vorm t\u00e4hendab \u00fcleliigsete t\u00e4iteainete v\u00f5i kapsli katte puudumist. Toodet v\u00f5id tarbida ka klaasit\u00e4ie veega v\u00f5i lisada oma lemmiksalatile, jogurtile v\u00f5i muule roale. \u00dcks soovitatav osa tootest ehk 240 mg ekstrakti p\u00e4rineb 2400 mg k\u00fc\u00fcslaugust.<\/li>\n<\/ul>\n<h2><strong>Garlic Extract<\/strong><\/h2>\n<p><strong>V\u00c4IKSEM S\u00dcDAME-VERESKONNA HAIGUSTE RISK<\/strong> \u2013 Hoolitse oma s\u00fcdame ja veresoonkonna eest. Kasutage k\u00fc\u00fcslauguekstrakti, et v\u00e4hendada t\u00f5en\u00e4osust haigestuda s\u00fcdamehaigustesse, mis on praegu Poolas k\u00f5ige sagedasem surmap\u00f5hjus.<br \/>\n<strong>MADALA VERER\u00d5HK<\/strong> \u2013 k\u00fc\u00fcslaugu teine \u200b\u200bainulaadne omadus on v\u00f5ime alandada verer\u00f5hku, mis on oluline h\u00fcpertensiooniga inimestel. K\u00fc\u00fcslauk v\u00f5ib aidata teil taastada sobiva verer\u00f5hu taseme.<br \/>\n<strong>V\u00c4HEM K\u00dcLMETUSHAIGUST<\/strong> \u2013 T\u00e4nu allitsiinile, looduslikule antibiootikumile ja arvukatele k\u00fc\u00fcslaugus sisalduvatele antioks\u00fcdantidele, on see t\u00f5eline abiline hooajaliste k\u00fclmetushaiguste vastu v\u00f5itlemisel.<br \/>\n<strong>MUGAV PULBRIVORM<\/strong> \u2013 unustage peot\u00e4ie raskesti neelatavate pillide kasutamine! Valige k\u00fc\u00fcslaugupulber, mis sobib veega v\u00f5i mida saab lisada erinevatele toitudele ja portsjoni suurust saab kohandada vastavalt teie vajadustele.<\/p>\n<p><strong>Koostisosad:<\/strong> K\u00fc\u00fcslaugu sibula ekstrakt (Allium sativum L.) DER 10:1. Toode v\u00f5ib sisaldada piima (sh laktoosi), soja, maap\u00e4hkleid, muid p\u00e4hkleid, seesamiseemneid, gluteeni sisaldavaid teravilju, mune, v\u00e4hilaadseid, kala.<\/p>\n<p><strong>Kasutamine<\/strong>: V\u00f5tke 1 portsjon \u2013 240 mg (1 lusikas) p\u00e4evas koos toiduga, jooge vett. Palun kasutage pakendis olevat m\u00f5\u00f5tetopsi (0,5 ml).<\/p>\n<p><strong>Suurus<\/strong>: 100g &#8211; 416 serveeringut<\/p>\n<table>\n<tbody>\n<tr>\n<th>Aktiivsed toimeained<\/th>\n<th>1 serveering (240mg)<\/th>\n<\/tr>\n<tr>\n<td>K\u00fc\u00fcslaugu sibula ekstrakt DER 10:1<\/td>\n<td>240 mg<\/td>\n<\/tr>\n<\/tbody>\n<\/table>\n<p>Vaata ka meie teisi Supertoite <a href=\"https:\/\/fit360.ee\/en\/product-category\/product-groups\/superfoods-health-foods-en\/\"><strong>SIIT<\/strong><\/a>!<\/p>\n<p>Soovid teha suuremat tellimust? Vaata antud toodet meie HULGI lehelt\u00a0<a href=\"https:\/\/toidulisandidhulgi.ee\/product\/kuuslaugu-pulber-100g\/\"><strong>SIIT<\/strong><\/a>!<\/p>\n","protected":false},"excerpt":{"rendered":"<p><strong>Valige OstroVit k\u00fc\u00fcslauguekstrakt, kui teil esineb v\u00f5i on oht j\u00e4rgmisteks probleemideks<\/strong>:<\/p>\n<ul>\n<li>k\u00f5rgem kolesterool<\/li>\n<li>k\u00f5rgem verer\u00f5hk<\/li>\n<li>sagedased k\u00fclmetushaigused<\/li>\n<li>vastumeelsus pillide v\u00f5i kapslite neelamise vastu<\/li>\n<li>p\u00e4rast tarbimist ebameeldivalt intensiivne loodusliku k\u00fc\u00fcslaugu aroom<\/li>\n<li>Meie ekstrakt on 100% vegan \u2013 te ei leia sealt \u00fchtegi loomset p\u00e4ritolu koostisosa. Pulbriline vorm t\u00e4hendab \u00fcleliigsete t\u00e4iteainete v\u00f5i kapsli katte puudumist. Toodet v\u00f5id tarbida ka klaasit\u00e4ie veega v\u00f5i lisada oma lemmiksalatile, jogurtile v\u00f5i muule roale. \u00dcks soovitatav osa tootest ehk 240 mg ekstrakti p\u00e4rineb 2400 mg k\u00fc\u00fcslaugust.<\/li>\n<\/ul>\n<p><strong>416 serveeringut<\/strong><\/p>\n","protected":false},"featured_media":57444,"comment_status":"closed","ping_status":"closed","template":"","meta":[],"product_brand":[],"product_cat":[3030,3195,1329,1454,536,1201],"product_tag":[3312,3313,1924],"giftcard-category":[],"class_list":{"0":"post-57445","1":"product","2":"type-product","3":"status-publish","4":"has-post-thumbnail","6":"product_cat-best-before-en","7":"product_cat-last-in-stock-en","8":"product_cat-ostrovit-en","9":"product_cat-superfoods-health-foods-en","10":"product_cat-vitamins-and-minerals-en","11":"product_cat-1201","12":"product_tag-garlic-extract-en","13":"product_tag-kuuslaugu-pulber-en","14":"product_tag-ostrovit-en","15":"pa_kogus-100g-en","16":"pa_toidulisand-branddd-ostrovit","17":"pa_tootegruppp-supertoit-tervisetoit-en","18":"pa_tootegruppp-vegan-en","19":"pa_tootegruppp-vitamins-and-minerals","21":"first","22":"instock","23":"sale","24":"taxable","25":"shipping-taxable","26":"purchasable","27":"product-type-simple"},"yoast_head":"<!-- This site is optimized with the Yoast SEO plugin v27.3 - https:\/\/yoast.com\/product\/yoast-seo-wordpress\/ -->\n<title>K\u00fc\u00fcslaugu Pulber (100g) - Garlic Extract - 416 serveeringut - Kiire Tarne<\/title>\n<meta name=\"description\" content=\"K\u00fc\u00fcslaugu pulber on 100% naturaalne, mis sisaldab k\u00fc\u00fcslaugu sibula ekstrakti, millel on positiivne m\u00f5ju paljudele organismis toimuvatele ...\" \/>\n<meta name=\"robots\" content=\"index, follow, max-snippet:-1, max-image-preview:large, max-video-preview:-1\" \/>\n<link rel=\"canonical\" href=\"https:\/\/fit360.ee\/en\/pood\/product-groups\/vitamins-and-minerals-en\/kuuslaugu-pulber-100g\/\" \/>\n<meta property=\"og:locale\" content=\"en_US\" \/>\n<meta property=\"og:type\" content=\"article\" \/>\n<meta property=\"og:title\" content=\"K\u00fc\u00fcslaugu Pulber (100g) - Garlic Extract - 416 serveeringut - Kiire Tarne\" \/>\n<meta property=\"og:description\" content=\"K\u00fc\u00fcslaugu pulber on 100% naturaalne, mis sisaldab k\u00fc\u00fcslaugu sibula ekstrakti, millel on positiivne m\u00f5ju paljudele organismis toimuvatele ...\" \/>\n<meta property=\"og:url\" content=\"https:\/\/fit360.ee\/en\/pood\/product-groups\/vitamins-and-minerals-en\/kuuslaugu-pulber-100g\/\" \/>\n<meta property=\"og:site_name\" content=\"Fit360\" \/>\n<meta property=\"article:modified_time\" content=\"2025-08-13T05:39:11+00:00\" \/>\n<meta property=\"og:image\" content=\"https:\/\/fit360.ee\/wp-content\/uploads\/2021\/10\/kuuslaugu-pulber-garlic-extract-fit360.e.png\" \/>\n\t<meta property=\"og:image:width\" content=\"450\" \/>\n\t<meta property=\"og:image:height\" content=\"450\" \/>\n\t<meta property=\"og:image:type\" content=\"image\/png\" \/>\n<meta name=\"twitter:card\" content=\"summary_large_image\" \/>\n<meta name=\"twitter:label1\" content=\"Est. reading time\" \/>\n\t<meta name=\"twitter:data1\" content=\"2 minutes\" \/>\n<script type=\"application\/ld+json\" class=\"yoast-schema-graph\">{\"@context\":\"https:\\\/\\\/schema.org\",\"@graph\":[{\"@type\":\"WebPage\",\"@id\":\"https:\\\/\\\/fit360.ee\\\/en\\\/pood\\\/product-groups\\\/vitamins-and-minerals-en\\\/kuuslaugu-pulber-100g\\\/\",\"url\":\"https:\\\/\\\/fit360.ee\\\/en\\\/pood\\\/product-groups\\\/vitamins-and-minerals-en\\\/kuuslaugu-pulber-100g\\\/\",\"name\":\"K\u00fc\u00fcslaugu Pulber (100g) - Garlic Extract - 416 serveeringut - Kiire Tarne\",\"isPartOf\":{\"@id\":\"https:\\\/\\\/fit360.ee\\\/en\\\/#website\"},\"primaryImageOfPage\":{\"@id\":\"https:\\\/\\\/fit360.ee\\\/en\\\/pood\\\/product-groups\\\/vitamins-and-minerals-en\\\/kuuslaugu-pulber-100g\\\/#primaryimage\"},\"image\":{\"@id\":\"https:\\\/\\\/fit360.ee\\\/en\\\/pood\\\/product-groups\\\/vitamins-and-minerals-en\\\/kuuslaugu-pulber-100g\\\/#primaryimage\"},\"thumbnailUrl\":\"https:\\\/\\\/fit360.ee\\\/wp-content\\\/uploads\\\/2021\\\/10\\\/kuuslaugu-pulber-garlic-extract-fit360.e.png\",\"datePublished\":\"2021-10-31T21:54:02+00:00\",\"dateModified\":\"2025-08-13T05:39:11+00:00\",\"description\":\"K\u00fc\u00fcslaugu pulber on 100% naturaalne, mis sisaldab k\u00fc\u00fcslaugu sibula ekstrakti, millel on positiivne m\u00f5ju paljudele organismis toimuvatele ...\",\"breadcrumb\":{\"@id\":\"https:\\\/\\\/fit360.ee\\\/en\\\/pood\\\/product-groups\\\/vitamins-and-minerals-en\\\/kuuslaugu-pulber-100g\\\/#breadcrumb\"},\"inLanguage\":\"en-US\",\"potentialAction\":[{\"@type\":\"ReadAction\",\"target\":[\"https:\\\/\\\/fit360.ee\\\/en\\\/pood\\\/product-groups\\\/vitamins-and-minerals-en\\\/kuuslaugu-pulber-100g\\\/\"]}]},{\"@type\":\"ImageObject\",\"inLanguage\":\"en-US\",\"@id\":\"https:\\\/\\\/fit360.ee\\\/en\\\/pood\\\/product-groups\\\/vitamins-and-minerals-en\\\/kuuslaugu-pulber-100g\\\/#primaryimage\",\"url\":\"https:\\\/\\\/fit360.ee\\\/wp-content\\\/uploads\\\/2021\\\/10\\\/kuuslaugu-pulber-garlic-extract-fit360.e.png\",\"contentUrl\":\"https:\\\/\\\/fit360.ee\\\/wp-content\\\/uploads\\\/2021\\\/10\\\/kuuslaugu-pulber-garlic-extract-fit360.e.png\",\"width\":450,\"height\":450,\"caption\":\"k\u00fc\u00fcslaugu pulber garlic extract - fit360.ee\"},{\"@type\":\"BreadcrumbList\",\"@id\":\"https:\\\/\\\/fit360.ee\\\/en\\\/pood\\\/product-groups\\\/vitamins-and-minerals-en\\\/kuuslaugu-pulber-100g\\\/#breadcrumb\",\"itemListElement\":[{\"@type\":\"ListItem\",\"position\":1,\"name\":\"Home\",\"item\":\"https:\\\/\\\/fit360.ee\\\/en\\\/\"},{\"@type\":\"ListItem\",\"position\":2,\"name\":\"Shop\",\"item\":\"https:\\\/\\\/fit360.ee\\\/en\\\/shop\\\/\"},{\"@type\":\"ListItem\",\"position\":3,\"name\":\"K\u00fc\u00fcslaugu Pulber (100g)\"}]},{\"@type\":\"WebSite\",\"@id\":\"https:\\\/\\\/fit360.ee\\\/en\\\/#website\",\"url\":\"https:\\\/\\\/fit360.ee\\\/en\\\/\",\"name\":\"Fit360\",\"description\":\"\",\"publisher\":{\"@id\":\"https:\\\/\\\/fit360.ee\\\/en\\\/#organization\"},\"potentialAction\":[{\"@type\":\"SearchAction\",\"target\":{\"@type\":\"EntryPoint\",\"urlTemplate\":\"https:\\\/\\\/fit360.ee\\\/en\\\/?s={search_term_string}\"},\"query-input\":{\"@type\":\"PropertyValueSpecification\",\"valueRequired\":true,\"valueName\":\"search_term_string\"}}],\"inLanguage\":\"en-US\"},{\"@type\":\"Organization\",\"@id\":\"https:\\\/\\\/fit360.ee\\\/en\\\/#organization\",\"name\":\"Fit360\",\"url\":\"https:\\\/\\\/fit360.ee\\\/en\\\/\",\"logo\":{\"@type\":\"ImageObject\",\"inLanguage\":\"en-US\",\"@id\":\"https:\\\/\\\/fit360.ee\\\/en\\\/#\\\/schema\\\/logo\\\/image\\\/\",\"url\":\"https:\\\/\\\/fit360.ee\\\/wp-content\\\/uploads\\\/2017\\\/01\\\/logo-fit360.png\",\"contentUrl\":\"https:\\\/\\\/fit360.ee\\\/wp-content\\\/uploads\\\/2017\\\/01\\\/logo-fit360.png\",\"width\":180,\"height\":66,\"caption\":\"Fit360\"},\"image\":{\"@id\":\"https:\\\/\\\/fit360.ee\\\/en\\\/#\\\/schema\\\/logo\\\/image\\\/\"}}]}<\/script>\n<!-- \/ Yoast SEO plugin. -->","yoast_head_json":{"title":"K\u00fc\u00fcslaugu Pulber (100g) - Garlic Extract - 416 serveeringut - Kiire Tarne","description":"K\u00fc\u00fcslaugu pulber on 100% naturaalne, mis sisaldab k\u00fc\u00fcslaugu sibula ekstrakti, millel on positiivne m\u00f5ju paljudele organismis toimuvatele ...","robots":{"index":"index","follow":"follow","max-snippet":"max-snippet:-1","max-image-preview":"max-image-preview:large","max-video-preview":"max-video-preview:-1"},"canonical":"https:\/\/fit360.ee\/en\/pood\/product-groups\/vitamins-and-minerals-en\/kuuslaugu-pulber-100g\/","og_locale":"en_US","og_type":"article","og_title":"K\u00fc\u00fcslaugu Pulber (100g) - Garlic Extract - 416 serveeringut - Kiire Tarne","og_description":"K\u00fc\u00fcslaugu pulber on 100% naturaalne, mis sisaldab k\u00fc\u00fcslaugu sibula ekstrakti, millel on positiivne m\u00f5ju paljudele organismis toimuvatele ...","og_url":"https:\/\/fit360.ee\/en\/pood\/product-groups\/vitamins-and-minerals-en\/kuuslaugu-pulber-100g\/","og_site_name":"Fit360","article_modified_time":"2025-08-13T05:39:11+00:00","og_image":[{"width":450,"height":450,"url":"https:\/\/fit360.ee\/wp-content\/uploads\/2021\/10\/kuuslaugu-pulber-garlic-extract-fit360.e.png","type":"image\/png"}],"twitter_card":"summary_large_image","twitter_misc":{"Est. reading time":"2 minutes"},"schema":{"@context":"https:\/\/schema.org","@graph":[{"@type":"WebPage","@id":"https:\/\/fit360.ee\/en\/pood\/product-groups\/vitamins-and-minerals-en\/kuuslaugu-pulber-100g\/","url":"https:\/\/fit360.ee\/en\/pood\/product-groups\/vitamins-and-minerals-en\/kuuslaugu-pulber-100g\/","name":"K\u00fc\u00fcslaugu Pulber (100g) - Garlic Extract - 416 serveeringut - Kiire Tarne","isPartOf":{"@id":"https:\/\/fit360.ee\/en\/#website"},"primaryImageOfPage":{"@id":"https:\/\/fit360.ee\/en\/pood\/product-groups\/vitamins-and-minerals-en\/kuuslaugu-pulber-100g\/#primaryimage"},"image":{"@id":"https:\/\/fit360.ee\/en\/pood\/product-groups\/vitamins-and-minerals-en\/kuuslaugu-pulber-100g\/#primaryimage"},"thumbnailUrl":"https:\/\/fit360.ee\/wp-content\/uploads\/2021\/10\/kuuslaugu-pulber-garlic-extract-fit360.e.png","datePublished":"2021-10-31T21:54:02+00:00","dateModified":"2025-08-13T05:39:11+00:00","description":"K\u00fc\u00fcslaugu pulber on 100% naturaalne, mis sisaldab k\u00fc\u00fcslaugu sibula ekstrakti, millel on positiivne m\u00f5ju paljudele organismis toimuvatele ...","breadcrumb":{"@id":"https:\/\/fit360.ee\/en\/pood\/product-groups\/vitamins-and-minerals-en\/kuuslaugu-pulber-100g\/#breadcrumb"},"inLanguage":"en-US","potentialAction":[{"@type":"ReadAction","target":["https:\/\/fit360.ee\/en\/pood\/product-groups\/vitamins-and-minerals-en\/kuuslaugu-pulber-100g\/"]}]},{"@type":"ImageObject","inLanguage":"en-US","@id":"https:\/\/fit360.ee\/en\/pood\/product-groups\/vitamins-and-minerals-en\/kuuslaugu-pulber-100g\/#primaryimage","url":"https:\/\/fit360.ee\/wp-content\/uploads\/2021\/10\/kuuslaugu-pulber-garlic-extract-fit360.e.png","contentUrl":"https:\/\/fit360.ee\/wp-content\/uploads\/2021\/10\/kuuslaugu-pulber-garlic-extract-fit360.e.png","width":450,"height":450,"caption":"k\u00fc\u00fcslaugu pulber garlic extract - fit360.ee"},{"@type":"BreadcrumbList","@id":"https:\/\/fit360.ee\/en\/pood\/product-groups\/vitamins-and-minerals-en\/kuuslaugu-pulber-100g\/#breadcrumb","itemListElement":[{"@type":"ListItem","position":1,"name":"Home","item":"https:\/\/fit360.ee\/en\/"},{"@type":"ListItem","position":2,"name":"Shop","item":"https:\/\/fit360.ee\/en\/shop\/"},{"@type":"ListItem","position":3,"name":"K\u00fc\u00fcslaugu Pulber (100g)"}]},{"@type":"WebSite","@id":"https:\/\/fit360.ee\/en\/#website","url":"https:\/\/fit360.ee\/en\/","name":"Fit360","description":"","publisher":{"@id":"https:\/\/fit360.ee\/en\/#organization"},"potentialAction":[{"@type":"SearchAction","target":{"@type":"EntryPoint","urlTemplate":"https:\/\/fit360.ee\/en\/?s={search_term_string}"},"query-input":{"@type":"PropertyValueSpecification","valueRequired":true,"valueName":"search_term_string"}}],"inLanguage":"en-US"},{"@type":"Organization","@id":"https:\/\/fit360.ee\/en\/#organization","name":"Fit360","url":"https:\/\/fit360.ee\/en\/","logo":{"@type":"ImageObject","inLanguage":"en-US","@id":"https:\/\/fit360.ee\/en\/#\/schema\/logo\/image\/","url":"https:\/\/fit360.ee\/wp-content\/uploads\/2017\/01\/logo-fit360.png","contentUrl":"https:\/\/fit360.ee\/wp-content\/uploads\/2017\/01\/logo-fit360.png","width":180,"height":66,"caption":"Fit360"},"image":{"@id":"https:\/\/fit360.ee\/en\/#\/schema\/logo\/image\/"}}]}},"_links":{"self":[{"href":"https:\/\/fit360.ee\/en\/wp-json\/wp\/v2\/product\/57445","targetHints":{"allow":["GET"]}}],"collection":[{"href":"https:\/\/fit360.ee\/en\/wp-json\/wp\/v2\/product"}],"about":[{"href":"https:\/\/fit360.ee\/en\/wp-json\/wp\/v2\/types\/product"}],"replies":[{"embeddable":true,"href":"https:\/\/fit360.ee\/en\/wp-json\/wp\/v2\/comments?post=57445"}],"wp:featuredmedia":[{"embeddable":true,"href":"https:\/\/fit360.ee\/en\/wp-json\/wp\/v2\/media\/57444"}],"wp:attachment":[{"href":"https:\/\/fit360.ee\/en\/wp-json\/wp\/v2\/media?parent=57445"}],"wp:term":[{"taxonomy":"product_brand","embeddable":true,"href":"https:\/\/fit360.ee\/en\/wp-json\/wp\/v2\/product_brand?post=57445"},{"taxonomy":"product_cat","embeddable":true,"href":"https:\/\/fit360.ee\/en\/wp-json\/wp\/v2\/product_cat?post=57445"},{"taxonomy":"product_tag","embeddable":true,"href":"https:\/\/fit360.ee\/en\/wp-json\/wp\/v2\/product_tag?post=57445"},{"taxonomy":"giftcard-category","embeddable":true,"href":"https:\/\/fit360.ee\/en\/wp-json\/wp\/v2\/giftcard-category?post=57445"}],"curies":[{"name":"wp","href":"https:\/\/api.w.org\/{rel}","templated":true}]}}