{"id":57460,"date":"2021-11-01T15:32:21","date_gmt":"2021-11-01T13:32:21","guid":{"rendered":"https:\/\/fit360.ee\/?post_type=product&#038;p=57460"},"modified":"2025-08-19T09:18:14","modified_gmt":"2025-08-19T07:18:14","slug":"milk-thistle-maarjaohakas-90vcaps","status":"publish","type":"product","link":"https:\/\/fit360.ee\/en\/pood\/product-groups\/%d0%b2%d0%b5%d0%b3%d0%b0%d0%bd\/vegan-capsules-en\/milk-thistle-maarjaohakas-90vcaps\/","title":{"rendered":"Milk Thistle &#8211; Maarjaohakas (90vCaps)"},"content":{"rendered":"<h1>Milk Thistle<\/h1>\n<p>Milk Thistle ehk <strong>Maarjaohakas<\/strong> ehk Maarjaohaka ekstrakt aitab kaasa toksiinide eemaldamisele maksarakkudest ning maksarakkude taastumisele ja uuenemisele. Samuti aitab maarjaohaka ekstrakt kaasa maksa funktsiooni s\u00e4ilitamisele ning v\u00f5ib soodustada seedimist ja organismi puhastamist. Maarjaohaka ekstrakt on hepatoprotektiivse ehk maksa kaitsva toimega.<\/p>\n<p>Maarjaohaka ekstrakti kapslid sobivad kasutamiseks ka \u00fcldise maksa t\u00f6\u00f6 toetamiseks ning maksa tervise s\u00e4ilitamisele.<\/p>\n<p>Maarjaohakas on ravimtaim, millel on tugevad antioks\u00fcdantsed ja p\u00f5letikuvastased omadused. Tavaliselt kasutatakse seda organismi, eriti maksa puhastuskuuride tegemisel, samuti on maarjaohakal rakke uuendav toime. Maarjaohakat (Silybum marianum) tarvitatakse peamiselt ekstrakti, \u00f5li, tee, v\u00f5i toidulisandina Samuti s\u00fc\u00fcakse m\u00f5nikord ka tooreid maarjaohaka seemneid. Maarjaohakal on samuti piimaeritust soodustav, maksa toetav, limaskestade p\u00f5letikku ja \u00e4rritust leevendav ja sapi eritust soodustav toime. Samuti aitab see kaasa ens\u00fc\u00fcmide tekkimisele, toetades seel\u00e4bi seedimist.<\/p>\n<p><strong>Kellel on Maarjaohakat (Milk Thistle) vaja?<\/strong><\/p>\n<ul>\n<li>Neile, kes soovivad toetada maksa t\u00f6\u00f6d;<\/li>\n<li>Kes soovivad eemaldada toksiine maksast;<\/li>\n<li>Kes soovivad kaasa aidata maksarakkude taastumisele ja uuenemisele;<\/li>\n<li>Kes soovivad maksa kaitsta;<\/li>\n<li>Kes soovivad kaasa aidata maksa tervise s\u00e4ilitamisele.<\/li>\n<\/ul>\n<h2><strong>Maarjaohakas<\/strong><\/h2>\n<p>Maarjaohaka biokeemilisse koostisesse kuulub hulgaliselt bioaktiivseid aineid ja mikroelemente nagu bioflavonoidid, linool- ja linoleenhape, karotenoidid, <a href=\"https:\/\/fit360.ee\/en\/product-category\/product-groups\/vitamins-and-minerals-en\/zinc-en\/\"><strong>tsink<\/strong><\/a>, vask, <a href=\"https:\/\/fit360.ee\/en\/product-category\/product-groups\/vitamins-and-minerals-en\/selen-en\/\"><strong>seleen<\/strong><\/a>,<a href=\"https:\/\/fit360.ee\/en\/product-category\/product-groups\/vitamins-and-minerals-en\/\"><strong> vitamiinid<\/strong><\/a>, <a href=\"https:\/\/fit360.ee\/en\/product-category\/product-groups\/amino-acids-bcaa\/\"><strong>aminohapped<\/strong><\/a> jm. K\u00f5ige v\u00e4\u00e4rtuslikumaks neist v\u00f5ib aga lugeda maarjaohaka seemnetes sisalduvat flavonoidide komplektsi nimega\u00a0<strong>silimariin<\/strong>, mis kaitseb rakumembraane ja rakuainevahetust. Silimariin ennetab m\u00fcrkainete kogunemist rakkudesse, toetab j\u00e4\u00e4kainete eemaldamist organismist, stimuleerib toksiinide m\u00f5ju blokeerivate ens\u00fc\u00fcmide tootmist ning on p\u00f5letikuvastane. Teadusuuringud kinnitavad maarjaohaka suurep\u00e4raseid toimeid ning maarjaohakat kasutatakse paljude haiguste ravis (maksa- ja sapihaigused, nahahaigused, v\u00e4hk jt).<\/p>\n<div id=\"attachment_183\" class=\"wp-caption alignright\">\n<p id=\"caption-attachment-183\" class=\"wp-caption-text\">\n<\/div>\n<p>Silimariin on tugeva vananemisvastase toimega ja antioks\u00fcdantsete omadustega, kaitseb nahka p\u00e4ikese ja keskkonna saaste kahjuliku toime eest ning on seet\u00f5ttu hinnatud koostisosa erinevates kreemides. Maarjaohakas sisalduv <a href=\"https:\/\/fit360.ee\/en\/product-category\/product-groups\/vitamins-and-minerals-en\/e-vitamin-en\/\"><strong>E-vitamiin<\/strong><\/a> pakub silimariiniga sarnast kaitset ning \u00a0v\u00e4\u00e4rtuslikud rasvhapped aitavad taastada naha loomulikku niiskustasakaalu. Maarjaohakas rahustab, pehmendab ja niisutab nahka, v\u00e4hendab p\u00f5letikku, punetust, s\u00fcgelustunnet ja kuivust ning \u00fchtlustab naha tooni.<\/p>\n<p><strong>Koostisosad<\/strong>: Piimaohaka jahvatatud seemned (Silybum marianum (L.) Gaertn.), katte koostis (mahuaine: h\u00fcdroks\u00fcprop\u00fc\u00fclmet\u00fc\u00fcltselluloos). Toode v\u00f5ib sisaldada piima (sh laktoosi), sojaube, maap\u00e4hkleid, muid p\u00e4hkleid, seesamiseemneid, kaera, mune, v\u00e4hilaadseid, kala.<\/p>\n<p><strong>Kasutamine<\/strong>: V\u00f5tke 1 portsjon (1 kapsel) p\u00e4evas koos veega.<\/p>\n<p><strong>Suurus<\/strong>: 90 vCaps &#8211; Vegan kapslit<\/p>\n<table>\n<tbody>\n<tr>\n<td width=\"226\"><strong>Aktiivsed toimeained &#8211; Milk Thistle<\/strong><\/td>\n<td width=\"214\"><strong>1 kapsel<\/strong><\/td>\n<\/tr>\n<tr>\n<td width=\"226\">Maarjaohakas (<em>Silybum marianum<\/em>) (Jahvatatud piimaohaka seemned)<\/td>\n<td width=\"214\">700mg<\/td>\n<\/tr>\n<\/tbody>\n<\/table>\n<p>Vaata ka meie teisi Supertoite\/Tervisetoite <a href=\"https:\/\/fit360.ee\/en\/product-category\/product-groups\/superfoods-health-foods-en\/\"><strong>SIIT<\/strong><\/a>!<\/p>\n<p>Soovid osta kaupa suuremas koguses? Vaata antud toodet ka meie HULGI lehelt <a href=\"https:\/\/toidulisandidhulgi.ee\/product\/milk-thistle-maarjaohakas-90vcaps\/\"><strong>SIIT<\/strong><\/a>!<\/p>\n","protected":false},"excerpt":{"rendered":"<h2>Milk Thistle:<\/h2>\n<ul>\n<li>Suurendab maksa vastupanuv\u00f5imet;<\/li>\n<li>Tugevdab sapi moodustumist ja eritumist;<\/li>\n<li>Turgutab h\u00e4sti seedetrakti;<\/li>\n<\/ul>\n<p>Maarjaohakas on ravimtaim, millel on tugevad antioks\u00fcdantsed ja p\u00f5letikuvastased omadused. Tavaliselt kasutatakse seda organismi, eriti maksa puhastuskuuride tegemisel, samuti on maarjaohakal rakke uuendav toime.<\/p>\n","protected":false},"featured_media":84446,"comment_status":"closed","ping_status":"closed","template":"","meta":[],"product_brand":[],"product_cat":[5311,1329,1454,2664,536,1201],"product_tag":[2696,2697,1924,2698],"giftcard-category":[],"class_list":{"0":"post-57460","1":"product","2":"type-product","3":"status-publish","4":"has-post-thumbnail","6":"product_cat-antioxidants-en","7":"product_cat-ostrovit-en","8":"product_cat-superfoods-health-foods-en","9":"product_cat-vegan-capsules-en","10":"product_cat-vitamins-and-minerals-en","11":"product_cat-1201","12":"product_tag-maarjaohakas-en","13":"product_tag-milk-thistle-en","14":"product_tag-ostrovit-en","15":"product_tag-silybum-marianum-en","16":"pa_toidulisand-branddd-ostrovit","17":"pa_tootegruppp-antioksudandid-en","18":"pa_tootegruppp-supertoit-tervisetoit-en","19":"pa_tootegruppp-vcaps-vegan-kapslid-en","20":"pa_tootegruppp-vegan-en","21":"pa_tootegruppp-vitamins-and-minerals","23":"first","24":"outofstock","25":"sale","26":"taxable","27":"shipping-taxable","28":"purchasable","29":"product-type-simple"},"yoast_head":"<!-- This site is optimized with the Yoast SEO plugin v27.3 - https:\/\/yoast.com\/product\/yoast-seo-wordpress\/ -->\n<title>Milk Thistle 700mg (90 vCaps) - Maarjaohakas - Silybum Marianum<\/title>\n<meta name=\"description\" content=\"Milk Thistle on ravimtaim, millel on tugevad antioks\u00fcdantsed ja p\u00f5letikuvastased omadused. Loe l\u00e4hemalt Maarjaohaka omadusi! Kiire Tarne.\" \/>\n<meta name=\"robots\" content=\"index, follow, max-snippet:-1, max-image-preview:large, max-video-preview:-1\" \/>\n<link rel=\"canonical\" href=\"https:\/\/fit360.ee\/en\/pood\/product-groups\/\u0432\u0435\u0433\u0430\u043d\/vegan-capsules-en\/milk-thistle-maarjaohakas-90vcaps\/\" \/>\n<meta property=\"og:locale\" content=\"en_US\" \/>\n<meta property=\"og:type\" content=\"article\" \/>\n<meta property=\"og:title\" content=\"Milk Thistle 700mg (90 vCaps) - Maarjaohakas - Silybum Marianum\" \/>\n<meta property=\"og:description\" content=\"Milk Thistle on ravimtaim, millel on tugevad antioks\u00fcdantsed ja p\u00f5letikuvastased omadused. Loe l\u00e4hemalt Maarjaohaka omadusi! Kiire Tarne.\" \/>\n<meta property=\"og:url\" content=\"https:\/\/fit360.ee\/en\/pood\/product-groups\/\u0432\u0435\u0433\u0430\u043d\/vegan-capsules-en\/milk-thistle-maarjaohakas-90vcaps\/\" \/>\n<meta property=\"og:site_name\" content=\"Fit360\" \/>\n<meta property=\"article:modified_time\" content=\"2025-08-19T07:18:14+00:00\" \/>\n<meta property=\"og:image\" content=\"https:\/\/fit360.ee\/wp-content\/uploads\/2021\/11\/milk-thistle-ostrovit-maarjaohakas-fit360.ee-1.png\" \/>\n\t<meta property=\"og:image:width\" content=\"1000\" \/>\n\t<meta property=\"og:image:height\" content=\"1000\" \/>\n\t<meta property=\"og:image:type\" content=\"image\/png\" \/>\n<meta name=\"twitter:card\" content=\"summary_large_image\" \/>\n<meta name=\"twitter:label1\" content=\"Est. reading time\" \/>\n\t<meta name=\"twitter:data1\" content=\"2 minutes\" \/>\n<script type=\"application\/ld+json\" class=\"yoast-schema-graph\">{\"@context\":\"https:\\\/\\\/schema.org\",\"@graph\":[{\"@type\":\"WebPage\",\"@id\":\"https:\\\/\\\/fit360.ee\\\/en\\\/pood\\\/product-groups\\\/%d0%b2%d0%b5%d0%b3%d0%b0%d0%bd\\\/vegan-capsules-en\\\/milk-thistle-maarjaohakas-90vcaps\\\/\",\"url\":\"https:\\\/\\\/fit360.ee\\\/en\\\/pood\\\/product-groups\\\/%d0%b2%d0%b5%d0%b3%d0%b0%d0%bd\\\/vegan-capsules-en\\\/milk-thistle-maarjaohakas-90vcaps\\\/\",\"name\":\"Milk Thistle 700mg (90 vCaps) - Maarjaohakas - Silybum Marianum\",\"isPartOf\":{\"@id\":\"https:\\\/\\\/fit360.ee\\\/en\\\/#website\"},\"primaryImageOfPage\":{\"@id\":\"https:\\\/\\\/fit360.ee\\\/en\\\/pood\\\/product-groups\\\/%d0%b2%d0%b5%d0%b3%d0%b0%d0%bd\\\/vegan-capsules-en\\\/milk-thistle-maarjaohakas-90vcaps\\\/#primaryimage\"},\"image\":{\"@id\":\"https:\\\/\\\/fit360.ee\\\/en\\\/pood\\\/product-groups\\\/%d0%b2%d0%b5%d0%b3%d0%b0%d0%bd\\\/vegan-capsules-en\\\/milk-thistle-maarjaohakas-90vcaps\\\/#primaryimage\"},\"thumbnailUrl\":\"https:\\\/\\\/fit360.ee\\\/wp-content\\\/uploads\\\/2021\\\/11\\\/milk-thistle-ostrovit-maarjaohakas-fit360.ee-1.png\",\"datePublished\":\"2021-11-01T13:32:21+00:00\",\"dateModified\":\"2025-08-19T07:18:14+00:00\",\"description\":\"Milk Thistle on ravimtaim, millel on tugevad antioks\u00fcdantsed ja p\u00f5letikuvastased omadused. Loe l\u00e4hemalt Maarjaohaka omadusi! Kiire Tarne.\",\"breadcrumb\":{\"@id\":\"https:\\\/\\\/fit360.ee\\\/en\\\/pood\\\/product-groups\\\/%d0%b2%d0%b5%d0%b3%d0%b0%d0%bd\\\/vegan-capsules-en\\\/milk-thistle-maarjaohakas-90vcaps\\\/#breadcrumb\"},\"inLanguage\":\"en-US\",\"potentialAction\":[{\"@type\":\"ReadAction\",\"target\":[\"https:\\\/\\\/fit360.ee\\\/en\\\/pood\\\/product-groups\\\/%d0%b2%d0%b5%d0%b3%d0%b0%d0%bd\\\/vegan-capsules-en\\\/milk-thistle-maarjaohakas-90vcaps\\\/\"]}]},{\"@type\":\"ImageObject\",\"inLanguage\":\"en-US\",\"@id\":\"https:\\\/\\\/fit360.ee\\\/en\\\/pood\\\/product-groups\\\/%d0%b2%d0%b5%d0%b3%d0%b0%d0%bd\\\/vegan-capsules-en\\\/milk-thistle-maarjaohakas-90vcaps\\\/#primaryimage\",\"url\":\"https:\\\/\\\/fit360.ee\\\/wp-content\\\/uploads\\\/2021\\\/11\\\/milk-thistle-ostrovit-maarjaohakas-fit360.ee-1.png\",\"contentUrl\":\"https:\\\/\\\/fit360.ee\\\/wp-content\\\/uploads\\\/2021\\\/11\\\/milk-thistle-ostrovit-maarjaohakas-fit360.ee-1.png\",\"width\":1000,\"height\":1000,\"caption\":\"milk thistle ostrovit maarjaohakas - fit360.ee\"},{\"@type\":\"BreadcrumbList\",\"@id\":\"https:\\\/\\\/fit360.ee\\\/en\\\/pood\\\/product-groups\\\/%d0%b2%d0%b5%d0%b3%d0%b0%d0%bd\\\/vegan-capsules-en\\\/milk-thistle-maarjaohakas-90vcaps\\\/#breadcrumb\",\"itemListElement\":[{\"@type\":\"ListItem\",\"position\":1,\"name\":\"Home\",\"item\":\"https:\\\/\\\/fit360.ee\\\/en\\\/\"},{\"@type\":\"ListItem\",\"position\":2,\"name\":\"Shop\",\"item\":\"https:\\\/\\\/fit360.ee\\\/en\\\/shop\\\/\"},{\"@type\":\"ListItem\",\"position\":3,\"name\":\"Milk Thistle &#8211; Maarjaohakas (90vCaps)\"}]},{\"@type\":\"WebSite\",\"@id\":\"https:\\\/\\\/fit360.ee\\\/en\\\/#website\",\"url\":\"https:\\\/\\\/fit360.ee\\\/en\\\/\",\"name\":\"Fit360\",\"description\":\"\",\"publisher\":{\"@id\":\"https:\\\/\\\/fit360.ee\\\/en\\\/#organization\"},\"potentialAction\":[{\"@type\":\"SearchAction\",\"target\":{\"@type\":\"EntryPoint\",\"urlTemplate\":\"https:\\\/\\\/fit360.ee\\\/en\\\/?s={search_term_string}\"},\"query-input\":{\"@type\":\"PropertyValueSpecification\",\"valueRequired\":true,\"valueName\":\"search_term_string\"}}],\"inLanguage\":\"en-US\"},{\"@type\":\"Organization\",\"@id\":\"https:\\\/\\\/fit360.ee\\\/en\\\/#organization\",\"name\":\"Fit360\",\"url\":\"https:\\\/\\\/fit360.ee\\\/en\\\/\",\"logo\":{\"@type\":\"ImageObject\",\"inLanguage\":\"en-US\",\"@id\":\"https:\\\/\\\/fit360.ee\\\/en\\\/#\\\/schema\\\/logo\\\/image\\\/\",\"url\":\"https:\\\/\\\/fit360.ee\\\/wp-content\\\/uploads\\\/2017\\\/01\\\/logo-fit360.png\",\"contentUrl\":\"https:\\\/\\\/fit360.ee\\\/wp-content\\\/uploads\\\/2017\\\/01\\\/logo-fit360.png\",\"width\":180,\"height\":66,\"caption\":\"Fit360\"},\"image\":{\"@id\":\"https:\\\/\\\/fit360.ee\\\/en\\\/#\\\/schema\\\/logo\\\/image\\\/\"}}]}<\/script>\n<!-- \/ Yoast SEO plugin. -->","yoast_head_json":{"title":"Milk Thistle 700mg (90 vCaps) - Maarjaohakas - Silybum Marianum","description":"Milk Thistle on ravimtaim, millel on tugevad antioks\u00fcdantsed ja p\u00f5letikuvastased omadused. Loe l\u00e4hemalt Maarjaohaka omadusi! Kiire Tarne.","robots":{"index":"index","follow":"follow","max-snippet":"max-snippet:-1","max-image-preview":"max-image-preview:large","max-video-preview":"max-video-preview:-1"},"canonical":"https:\/\/fit360.ee\/en\/pood\/product-groups\/\u0432\u0435\u0433\u0430\u043d\/vegan-capsules-en\/milk-thistle-maarjaohakas-90vcaps\/","og_locale":"en_US","og_type":"article","og_title":"Milk Thistle 700mg (90 vCaps) - Maarjaohakas - Silybum Marianum","og_description":"Milk Thistle on ravimtaim, millel on tugevad antioks\u00fcdantsed ja p\u00f5letikuvastased omadused. Loe l\u00e4hemalt Maarjaohaka omadusi! Kiire Tarne.","og_url":"https:\/\/fit360.ee\/en\/pood\/product-groups\/\u0432\u0435\u0433\u0430\u043d\/vegan-capsules-en\/milk-thistle-maarjaohakas-90vcaps\/","og_site_name":"Fit360","article_modified_time":"2025-08-19T07:18:14+00:00","og_image":[{"width":1000,"height":1000,"url":"https:\/\/fit360.ee\/wp-content\/uploads\/2021\/11\/milk-thistle-ostrovit-maarjaohakas-fit360.ee-1.png","type":"image\/png"}],"twitter_card":"summary_large_image","twitter_misc":{"Est. reading time":"2 minutes"},"schema":{"@context":"https:\/\/schema.org","@graph":[{"@type":"WebPage","@id":"https:\/\/fit360.ee\/en\/pood\/product-groups\/%d0%b2%d0%b5%d0%b3%d0%b0%d0%bd\/vegan-capsules-en\/milk-thistle-maarjaohakas-90vcaps\/","url":"https:\/\/fit360.ee\/en\/pood\/product-groups\/%d0%b2%d0%b5%d0%b3%d0%b0%d0%bd\/vegan-capsules-en\/milk-thistle-maarjaohakas-90vcaps\/","name":"Milk Thistle 700mg (90 vCaps) - Maarjaohakas - Silybum Marianum","isPartOf":{"@id":"https:\/\/fit360.ee\/en\/#website"},"primaryImageOfPage":{"@id":"https:\/\/fit360.ee\/en\/pood\/product-groups\/%d0%b2%d0%b5%d0%b3%d0%b0%d0%bd\/vegan-capsules-en\/milk-thistle-maarjaohakas-90vcaps\/#primaryimage"},"image":{"@id":"https:\/\/fit360.ee\/en\/pood\/product-groups\/%d0%b2%d0%b5%d0%b3%d0%b0%d0%bd\/vegan-capsules-en\/milk-thistle-maarjaohakas-90vcaps\/#primaryimage"},"thumbnailUrl":"https:\/\/fit360.ee\/wp-content\/uploads\/2021\/11\/milk-thistle-ostrovit-maarjaohakas-fit360.ee-1.png","datePublished":"2021-11-01T13:32:21+00:00","dateModified":"2025-08-19T07:18:14+00:00","description":"Milk Thistle on ravimtaim, millel on tugevad antioks\u00fcdantsed ja p\u00f5letikuvastased omadused. Loe l\u00e4hemalt Maarjaohaka omadusi! Kiire Tarne.","breadcrumb":{"@id":"https:\/\/fit360.ee\/en\/pood\/product-groups\/%d0%b2%d0%b5%d0%b3%d0%b0%d0%bd\/vegan-capsules-en\/milk-thistle-maarjaohakas-90vcaps\/#breadcrumb"},"inLanguage":"en-US","potentialAction":[{"@type":"ReadAction","target":["https:\/\/fit360.ee\/en\/pood\/product-groups\/%d0%b2%d0%b5%d0%b3%d0%b0%d0%bd\/vegan-capsules-en\/milk-thistle-maarjaohakas-90vcaps\/"]}]},{"@type":"ImageObject","inLanguage":"en-US","@id":"https:\/\/fit360.ee\/en\/pood\/product-groups\/%d0%b2%d0%b5%d0%b3%d0%b0%d0%bd\/vegan-capsules-en\/milk-thistle-maarjaohakas-90vcaps\/#primaryimage","url":"https:\/\/fit360.ee\/wp-content\/uploads\/2021\/11\/milk-thistle-ostrovit-maarjaohakas-fit360.ee-1.png","contentUrl":"https:\/\/fit360.ee\/wp-content\/uploads\/2021\/11\/milk-thistle-ostrovit-maarjaohakas-fit360.ee-1.png","width":1000,"height":1000,"caption":"milk thistle ostrovit maarjaohakas - fit360.ee"},{"@type":"BreadcrumbList","@id":"https:\/\/fit360.ee\/en\/pood\/product-groups\/%d0%b2%d0%b5%d0%b3%d0%b0%d0%bd\/vegan-capsules-en\/milk-thistle-maarjaohakas-90vcaps\/#breadcrumb","itemListElement":[{"@type":"ListItem","position":1,"name":"Home","item":"https:\/\/fit360.ee\/en\/"},{"@type":"ListItem","position":2,"name":"Shop","item":"https:\/\/fit360.ee\/en\/shop\/"},{"@type":"ListItem","position":3,"name":"Milk Thistle &#8211; Maarjaohakas (90vCaps)"}]},{"@type":"WebSite","@id":"https:\/\/fit360.ee\/en\/#website","url":"https:\/\/fit360.ee\/en\/","name":"Fit360","description":"","publisher":{"@id":"https:\/\/fit360.ee\/en\/#organization"},"potentialAction":[{"@type":"SearchAction","target":{"@type":"EntryPoint","urlTemplate":"https:\/\/fit360.ee\/en\/?s={search_term_string}"},"query-input":{"@type":"PropertyValueSpecification","valueRequired":true,"valueName":"search_term_string"}}],"inLanguage":"en-US"},{"@type":"Organization","@id":"https:\/\/fit360.ee\/en\/#organization","name":"Fit360","url":"https:\/\/fit360.ee\/en\/","logo":{"@type":"ImageObject","inLanguage":"en-US","@id":"https:\/\/fit360.ee\/en\/#\/schema\/logo\/image\/","url":"https:\/\/fit360.ee\/wp-content\/uploads\/2017\/01\/logo-fit360.png","contentUrl":"https:\/\/fit360.ee\/wp-content\/uploads\/2017\/01\/logo-fit360.png","width":180,"height":66,"caption":"Fit360"},"image":{"@id":"https:\/\/fit360.ee\/en\/#\/schema\/logo\/image\/"}}]}},"_links":{"self":[{"href":"https:\/\/fit360.ee\/en\/wp-json\/wp\/v2\/product\/57460","targetHints":{"allow":["GET"]}}],"collection":[{"href":"https:\/\/fit360.ee\/en\/wp-json\/wp\/v2\/product"}],"about":[{"href":"https:\/\/fit360.ee\/en\/wp-json\/wp\/v2\/types\/product"}],"replies":[{"embeddable":true,"href":"https:\/\/fit360.ee\/en\/wp-json\/wp\/v2\/comments?post=57460"}],"wp:featuredmedia":[{"embeddable":true,"href":"https:\/\/fit360.ee\/en\/wp-json\/wp\/v2\/media\/84446"}],"wp:attachment":[{"href":"https:\/\/fit360.ee\/en\/wp-json\/wp\/v2\/media?parent=57460"}],"wp:term":[{"taxonomy":"product_brand","embeddable":true,"href":"https:\/\/fit360.ee\/en\/wp-json\/wp\/v2\/product_brand?post=57460"},{"taxonomy":"product_cat","embeddable":true,"href":"https:\/\/fit360.ee\/en\/wp-json\/wp\/v2\/product_cat?post=57460"},{"taxonomy":"product_tag","embeddable":true,"href":"https:\/\/fit360.ee\/en\/wp-json\/wp\/v2\/product_tag?post=57460"},{"taxonomy":"giftcard-category","embeddable":true,"href":"https:\/\/fit360.ee\/en\/wp-json\/wp\/v2\/giftcard-category?post=57460"}],"curies":[{"name":"wp","href":"https:\/\/api.w.org\/{rel}","templated":true}]}}