{"id":57466,"date":"2021-11-01T16:25:12","date_gmt":"2021-11-01T14:25:12","guid":{"rendered":"https:\/\/fit360.ee\/?post_type=product&#038;p=57466"},"modified":"2026-04-10T15:42:11","modified_gmt":"2026-04-10T13:42:11","slug":"kuuslaugu-kapslid-90caps","status":"publish","type":"product","link":"https:\/\/fit360.ee\/en\/pood\/product-groups\/vitamins-and-minerals-en\/kuuslaugu-kapslid-90caps\/","title":{"rendered":"K\u00fc\u00fcslaugu Kapslid (90 geelkapslit)"},"content":{"rendered":"<h1><strong>K\u00fc\u00fcslaugu Kapslid<\/strong><\/h1>\n<p>OstroVit K\u00fc\u00fcslaugu kapslid on toidulisand, mis sisaldab l\u00f5hnatut \u00f5li v\u00e4rsketest k\u00fc\u00fcslaugusibulatest. K\u00fc\u00fcslauk v\u00f5ib soodsalt m\u00f5jutada s\u00fcdame-veresoonkonna s\u00fcsteemi tervist, f\u00fc\u00fcsilist ja seksuaalset heaolu, kognitiivseid funktsioone ning \u00fcldist vastupanuv\u00f5imet erinevat t\u00fc\u00fcpi infektsioonidele. Spetsiaalne l\u00f5hnatu valem j\u00e4tab selle ilma spetsiifilisest l\u00f5hnast, t\u00e4nu millele on selle manustamine lihtne ja ilma ebameeldiva k\u00f5rvaltoimeta.<\/p>\n<ul>\n<li>Pakis 90 portsjonit<\/li>\n<li>1 kapsel p\u00e4evas<\/li>\n<li>Ekstrakt vastab 1000 mg v\u00e4rske k\u00fc\u00fcslaugu sibulale<\/li>\n<li>2 mg l\u00f5hnatu \u00f5li<\/li>\n<li>1 mg allitsiini<\/li>\n<li>Suurep\u00e4rane supertoit pehmetes geelkapslites<\/li>\n<\/ul>\n<h4><strong>OstroVit k\u00fc\u00fcslauk<\/strong><\/h4>\n<p>Allium sativum L., laiemalt tuntud kui k\u00fc\u00fcslauk, on \u00fcks enim uuritud taimsete toodete positiivset m\u00f5ju inimeste tervisele ja heaolule. Sajandeid on seda kasutatud peamiselt asendamatu v\u00fcrtside aroomina k\u00f6\u00f6kides pea kogu maailmas. K\u00fc\u00fcslauk on tuntud oma spetsiifilise v\u00e4\u00e4vell\u00f5hna poolest, mille vabanemise eest vastutab peamine \u00fchend \u2013 allitsiin. See on omamoodi taime &#8220;enesekaitse&#8221; mehhanism, mis kaitseb seda kahjurite ja putukate eest. Paljud meist on kuulnud, et k\u00fc\u00fcslauk on tervis. Ja see on t\u00f5si. P\u00f5lvkonnast p\u00f5lve mainisid pereliikmed selle kasulikku m\u00f5ju, kuid mitte k\u00f5ik ei suutnud seda veenda selle k\u00f5ige ebameeldivama l\u00f5hna t\u00f5ttu.<\/p>\n<p>T\u00e4nu spetsiaalsele l\u00f5hnatu \u00f5livalemile, asetades selle geelkapslisse, saime v\u00e4rske k\u00fc\u00fcslaugu omadustega tervikliku toote. See on suurep\u00e4rane lisand, mis toetab mitte ainult vereringes\u00fcsteemi n\u00f5uetekohast toimimist, vaid omab ka antibakteriaalseid ja seenevastaseid funktsioone. See v\u00f5ib parandada f\u00fc\u00fcsilist vormi, kuid ei tohiks unustada, et k\u00fc\u00fcslauk on tegelikult sensatsiooniline afrodisiaakum (siinkohal ei asendata eriti meie l\u00f5hnavaba toodet). K\u00fc\u00fcslauk t\u00f5stab organismi \u00fcldist immuunsust ning v\u00f5ib alandada ka verer\u00f5hku ja k\u00f5rget kolesteroolitaset.<\/p>\n<h4><strong>K\u00fc\u00fcslaugu kapslite omadused<\/strong>:<\/h4>\n<ul>\n<li>V\u00f5ib aidata kaasa organismi immuunsuse \u00fcldisele paranemisele<\/li>\n<li>Suurep\u00e4rane afrodisiaakum<\/li>\n<li>V\u00f5ib olla bakteritsiidne ja fungitsiidne toime<\/li>\n<li>V\u00f5ib alandada k\u00f5rget verer\u00f5hku<\/li>\n<li>N\u00e4itab &#8220;halva&#8221; LDL-kolesterooli taset langetavat toimet<\/li>\n<li>V\u00f5ib aidata aeglustada keha vananemisprotsessi<\/li>\n<li>V\u00f5ib aidata kaasa hingamisteede puhastamisele<\/li>\n<\/ul>\n<h4><strong>Kellele OstroVit kk\u00fc\u00fcslaugu kapslid soovitatakse?<\/strong><\/h4>\n<p>T\u00e4nu OstroVit k\u00fc\u00fcslauguekstraktile saate tarbida soovitatava p\u00e4evase k\u00fc\u00fcslauguportsjoni \u00fche m\u00f5\u00f5duga. See v\u00f5imaldab teil t\u00f5sta tervislikku HDL-kolesterooli taset ning s\u00e4ilitada sobivas koguses halva LDL-kolesterooli ja \u00fcldkolesterooli taset. Kui olete seet\u00f5ttu kokku puutunud s\u00fcdame-veresoonkonna haigustega, peaksite oma igap\u00e4evast dieeti rikastama k\u00fc\u00fcslaugulisandiga.<\/p>\n<p>S\u00fcdame-veresoonkonna haigused on maailmas \u00fcks levinumaid surmap\u00f5hjuseid. Sellesse r\u00fchma kuuluvad s\u00fcdameatakk, ajuinsult, ateroskleroos, puudulikkus ja koronaartromboos. Need h\u00e4ired on esikohal tsivilisatsiooniga seotud haiguste r\u00fchmas, millega paljud inimesed peavad oma elustiili t\u00f5ttu toime tulema. Sobiv ennetus k\u00fc\u00fcslaugu pikaajalise ja igap\u00e4evase kasutamise n\u00e4ol aitab v\u00e4hendada nende tekkeriski.<\/p>\n<p><strong>Valige OstroVit k\u00fc\u00fcslauguekstrakt, kui teil esineb v\u00f5i on oht j\u00e4rgmisteks probleemideks<\/strong>:<\/p>\n<ul>\n<li>k\u00f5rgem kolesterool<\/li>\n<li>k\u00f5rgem verer\u00f5hk<\/li>\n<li>sagedased k\u00fclmetushaigused<\/li>\n<li>vastumeelsus pillide v\u00f5i kapslite neelamise vastu<\/li>\n<li>p\u00e4rast tarbimist ebameeldivalt intensiivne loodusliku k\u00fc\u00fcslaugu aroom<\/li>\n<li>OstroVit k\u00fc\u00fcslauguekstrakti toidulisandi peamised omadused<\/li>\n<li>Meie ekstrakt on 100% vegan \u2013 te ei leia sealt \u00fchtegi loomset p\u00e4ritolu koostisosa. Pulbriline vorm t\u00e4hendab \u00fcleliigsete t\u00e4iteainete v\u00f5i kapsli katte puudumist. Toodet v\u00f5id tarbida ka klaasit\u00e4ie veega v\u00f5i lisada oma lemmiksalatile, jogurtile v\u00f5i muule roale. \u00dcks soovitatav osa tootest ehk 240 mg ekstrakti p\u00e4rineb 2400 mg k\u00fc\u00fcslaugust.<\/li>\n<\/ul>\n<h2><strong>Garlic Extract<\/strong><\/h2>\n<p><strong>V\u00c4IKSEM S\u00dcDAME-VERESKONNA HAIGUSTE RISK<\/strong> \u2013 Hoolitse oma s\u00fcdame ja veresoonkonna eest. Kasutage k\u00fc\u00fcslauguekstrakti, et v\u00e4hendada t\u00f5en\u00e4osust haigestuda s\u00fcdamehaigustesse, mis on praegu Poolas k\u00f5ige sagedasem surmap\u00f5hjus.<br \/>\n<strong>MADALA VERER\u00d5HK<\/strong> \u2013 k\u00fc\u00fcslaugu teine \u200b\u200bainulaadne omadus on v\u00f5ime alandada verer\u00f5hku, mis on oluline h\u00fcpertensiooniga inimestel. K\u00fc\u00fcslauk v\u00f5ib aidata teil taastada sobiva verer\u00f5hu taseme.<br \/>\n<strong>V\u00c4HEM K\u00dcLMETUSHAIGUST<\/strong> \u2013 T\u00e4nu allitsiinile, looduslikule antibiootikumile ja arvukatele k\u00fc\u00fcslaugus sisalduvatele antioks\u00fcdantidele, on see t\u00f5eline abiline hooajaliste k\u00fclmetushaiguste vastu v\u00f5itlemisel.<br \/>\n<strong>MUGAV PULBRIVORM<\/strong> \u2013 unustage peot\u00e4ie raskesti neelatavate pillide kasutamine! Valige k\u00fc\u00fcslaugupulber, mis sobib veega v\u00f5i mida saab lisada erinevatele toitudele ja portsjoni suurust saab kohandada vastavalt teie vajadustele.<\/p>\n<p><strong>Koostisosad:<\/strong> Soja\u00f5li, kapsli kest: \u017eelatiin, niiskuses\u00e4ilitaja &#8211; gl\u00fctserool, vesi; l\u00f5hnatu k\u00fc\u00fcslaugu\u00f5li (Allium sativum L.) DER 500: 1.Toode v\u00f5ib sisaldada piima (sh laktoosi), maap\u00e4hkleid, muid p\u00e4hkleid, seesamiseemneid, kaera, mune, v\u00e4hilaadseid, kala.<\/p>\n<p><strong>Kasutamine<\/strong>:Tarbi 1 portsjon (1 kapsel) p\u00e4evas, eelistatavalt koos toiduga.<\/p>\n<p><strong>Suurus<\/strong>: 90 geelkapslit &#8211; 90 serveeringut.<\/p>\n<table>\n<tbody>\n<tr>\n<th>K\u00fc\u00fcslaugu Kapslid<\/th>\n<th>1 serveering ( 1 kapsel)<\/th>\n<\/tr>\n<tr>\n<td>L\u00f5hnata k\u00fc\u00fcslaugu\u00f5li DER 500:11<\/td>\n<td>2 mg (vastab 1000 mg v\u00e4rske k\u00fc\u00fcslaugu sibulale)<\/td>\n<\/tr>\n<tr class=\"sub\">\n<td>&#8211; sealhulgas allitsiin (50%)<\/td>\n<td>1 mg<\/td>\n<\/tr>\n<\/tbody>\n<\/table>\n<p>Vaata ka meie teisi Supertoite <a href=\"https:\/\/fit360.ee\/en\/product-category\/product-groups\/superfoods-health-foods-en\/\"><strong>SIIT<\/strong><\/a>!<\/p>\n<p>Soovid teha suuremat tellimust? Vaata antud toodet meie HULGI lehelt\u00a0<a href=\"https:\/\/toidulisandidhulgi.ee\/product\/kuuslaugu-kapslid-90caps\/\"><strong>SIIT<\/strong><\/a>!<\/p>\n","protected":false},"excerpt":{"rendered":"<p><strong>Valige OstroVit k\u00fc\u00fcslauguekstrakt, kui teil esineb v\u00f5i on oht j\u00e4rgmisteks probleemideks<\/strong>:<\/p>\n<ul>\n<li>k\u00f5rgem kolesterool<\/li>\n<li>k\u00f5rgem verer\u00f5hk<\/li>\n<li>sagedased k\u00fclmetushaigused<\/li>\n<li>vastumeelsus pillide v\u00f5i kapslite neelamise vastu<\/li>\n<li>p\u00e4rast tarbimist ebameeldivalt intensiivne loodusliku k\u00fc\u00fcslaugu aroom<\/li>\n<\/ul>\n","protected":false},"featured_media":84448,"comment_status":"closed","ping_status":"closed","template":"","meta":[],"product_brand":[],"product_cat":[5311,5320,1329,1454,536],"product_tag":[3312,3316,1924],"giftcard-category":[],"class_list":{"0":"post-57466","1":"product","2":"type-product","3":"status-publish","4":"has-post-thumbnail","6":"product_cat-antioxidants-en","7":"product_cat-for-immunity-en","8":"product_cat-ostrovit-en","9":"product_cat-superfoods-health-foods-en","10":"product_cat-vitamins-and-minerals-en","11":"product_tag-garlic-extract-en","12":"product_tag-kuuslaugu-kapslid-en","13":"product_tag-ostrovit-en","14":"pa_kogus-90-capsules","15":"pa_toidulisand-branddd-ostrovit","16":"pa_tootegruppp-antioksudandid-en","17":"pa_tootegruppp-immuunsusteem-en","18":"pa_tootegruppp-supertoit-tervisetoit-en","19":"pa_tootegruppp-vitamins-and-minerals","21":"first","22":"outofstock","23":"sale","24":"taxable","25":"shipping-taxable","26":"purchasable","27":"product-type-simple"},"yoast_head":"<!-- This site is optimized with the Yoast SEO plugin v27.3 - https:\/\/yoast.com\/product\/yoast-seo-wordpress\/ -->\n<title>K\u00fc\u00fcslaugu Kapslid (90 geelkapslit) - Garlic Extract - Fit360 - Kiire Tarne<\/title>\n<meta name=\"description\" content=\"K\u00fc\u00fcslaugu kapslid on 100% naturaalne, mis sisaldab k\u00fc\u00fcslaugu sibula ekstrakti, millel on positiivne m\u00f5ju paljudele organismis toimuvatele ...\" \/>\n<meta name=\"robots\" content=\"index, follow, max-snippet:-1, max-image-preview:large, max-video-preview:-1\" \/>\n<link rel=\"canonical\" href=\"https:\/\/fit360.ee\/en\/pood\/product-groups\/vitamins-and-minerals-en\/kuuslaugu-kapslid-90caps\/\" \/>\n<meta property=\"og:locale\" content=\"en_US\" \/>\n<meta property=\"og:type\" content=\"article\" \/>\n<meta property=\"og:title\" content=\"K\u00fc\u00fcslaugu Kapslid (90 geelkapslit) - Garlic Extract - Fit360 - Kiire Tarne\" \/>\n<meta property=\"og:description\" content=\"K\u00fc\u00fcslaugu kapslid on 100% naturaalne, mis sisaldab k\u00fc\u00fcslaugu sibula ekstrakti, millel on positiivne m\u00f5ju paljudele organismis toimuvatele ...\" \/>\n<meta property=\"og:url\" content=\"https:\/\/fit360.ee\/en\/pood\/product-groups\/vitamins-and-minerals-en\/kuuslaugu-kapslid-90caps\/\" \/>\n<meta property=\"og:site_name\" content=\"Fit360\" \/>\n<meta property=\"article:modified_time\" content=\"2026-04-10T13:42:11+00:00\" \/>\n<meta property=\"og:image\" content=\"https:\/\/fit360.ee\/wp-content\/uploads\/2021\/11\/Kuuslaugu-kapslid-ostrovit-fit360.ee_.png\" \/>\n\t<meta property=\"og:image:width\" content=\"450\" \/>\n\t<meta property=\"og:image:height\" content=\"450\" \/>\n\t<meta property=\"og:image:type\" content=\"image\/png\" \/>\n<meta name=\"twitter:card\" content=\"summary_large_image\" \/>\n<meta name=\"twitter:label1\" content=\"Est. reading time\" \/>\n\t<meta name=\"twitter:data1\" content=\"2 minutes\" \/>\n<script type=\"application\/ld+json\" class=\"yoast-schema-graph\">{\"@context\":\"https:\\\/\\\/schema.org\",\"@graph\":[{\"@type\":\"WebPage\",\"@id\":\"https:\\\/\\\/fit360.ee\\\/en\\\/pood\\\/product-groups\\\/vitamins-and-minerals-en\\\/kuuslaugu-kapslid-90caps\\\/\",\"url\":\"https:\\\/\\\/fit360.ee\\\/en\\\/pood\\\/product-groups\\\/vitamins-and-minerals-en\\\/kuuslaugu-kapslid-90caps\\\/\",\"name\":\"K\u00fc\u00fcslaugu Kapslid (90 geelkapslit) - Garlic Extract - Fit360 - Kiire Tarne\",\"isPartOf\":{\"@id\":\"https:\\\/\\\/fit360.ee\\\/en\\\/#website\"},\"primaryImageOfPage\":{\"@id\":\"https:\\\/\\\/fit360.ee\\\/en\\\/pood\\\/product-groups\\\/vitamins-and-minerals-en\\\/kuuslaugu-kapslid-90caps\\\/#primaryimage\"},\"image\":{\"@id\":\"https:\\\/\\\/fit360.ee\\\/en\\\/pood\\\/product-groups\\\/vitamins-and-minerals-en\\\/kuuslaugu-kapslid-90caps\\\/#primaryimage\"},\"thumbnailUrl\":\"https:\\\/\\\/fit360.ee\\\/wp-content\\\/uploads\\\/2021\\\/11\\\/Kuuslaugu-kapslid-ostrovit-fit360.ee_.png\",\"datePublished\":\"2021-11-01T14:25:12+00:00\",\"dateModified\":\"2026-04-10T13:42:11+00:00\",\"description\":\"K\u00fc\u00fcslaugu kapslid on 100% naturaalne, mis sisaldab k\u00fc\u00fcslaugu sibula ekstrakti, millel on positiivne m\u00f5ju paljudele organismis toimuvatele ...\",\"breadcrumb\":{\"@id\":\"https:\\\/\\\/fit360.ee\\\/en\\\/pood\\\/product-groups\\\/vitamins-and-minerals-en\\\/kuuslaugu-kapslid-90caps\\\/#breadcrumb\"},\"inLanguage\":\"en-US\",\"potentialAction\":[{\"@type\":\"ReadAction\",\"target\":[\"https:\\\/\\\/fit360.ee\\\/en\\\/pood\\\/product-groups\\\/vitamins-and-minerals-en\\\/kuuslaugu-kapslid-90caps\\\/\"]}]},{\"@type\":\"ImageObject\",\"inLanguage\":\"en-US\",\"@id\":\"https:\\\/\\\/fit360.ee\\\/en\\\/pood\\\/product-groups\\\/vitamins-and-minerals-en\\\/kuuslaugu-kapslid-90caps\\\/#primaryimage\",\"url\":\"https:\\\/\\\/fit360.ee\\\/wp-content\\\/uploads\\\/2021\\\/11\\\/Kuuslaugu-kapslid-ostrovit-fit360.ee_.png\",\"contentUrl\":\"https:\\\/\\\/fit360.ee\\\/wp-content\\\/uploads\\\/2021\\\/11\\\/Kuuslaugu-kapslid-ostrovit-fit360.ee_.png\",\"width\":450,\"height\":450,\"caption\":\"K\u00fc\u00fcslaugu kapslid ostrovit - fit360.ee\"},{\"@type\":\"BreadcrumbList\",\"@id\":\"https:\\\/\\\/fit360.ee\\\/en\\\/pood\\\/product-groups\\\/vitamins-and-minerals-en\\\/kuuslaugu-kapslid-90caps\\\/#breadcrumb\",\"itemListElement\":[{\"@type\":\"ListItem\",\"position\":1,\"name\":\"Home\",\"item\":\"https:\\\/\\\/fit360.ee\\\/en\\\/\"},{\"@type\":\"ListItem\",\"position\":2,\"name\":\"Shop\",\"item\":\"https:\\\/\\\/fit360.ee\\\/en\\\/shop\\\/\"},{\"@type\":\"ListItem\",\"position\":3,\"name\":\"K\u00fc\u00fcslaugu Kapslid (90 geelkapslit)\"}]},{\"@type\":\"WebSite\",\"@id\":\"https:\\\/\\\/fit360.ee\\\/en\\\/#website\",\"url\":\"https:\\\/\\\/fit360.ee\\\/en\\\/\",\"name\":\"Fit360\",\"description\":\"\",\"publisher\":{\"@id\":\"https:\\\/\\\/fit360.ee\\\/en\\\/#organization\"},\"potentialAction\":[{\"@type\":\"SearchAction\",\"target\":{\"@type\":\"EntryPoint\",\"urlTemplate\":\"https:\\\/\\\/fit360.ee\\\/en\\\/?s={search_term_string}\"},\"query-input\":{\"@type\":\"PropertyValueSpecification\",\"valueRequired\":true,\"valueName\":\"search_term_string\"}}],\"inLanguage\":\"en-US\"},{\"@type\":\"Organization\",\"@id\":\"https:\\\/\\\/fit360.ee\\\/en\\\/#organization\",\"name\":\"Fit360\",\"url\":\"https:\\\/\\\/fit360.ee\\\/en\\\/\",\"logo\":{\"@type\":\"ImageObject\",\"inLanguage\":\"en-US\",\"@id\":\"https:\\\/\\\/fit360.ee\\\/en\\\/#\\\/schema\\\/logo\\\/image\\\/\",\"url\":\"https:\\\/\\\/fit360.ee\\\/wp-content\\\/uploads\\\/2017\\\/01\\\/logo-fit360.png\",\"contentUrl\":\"https:\\\/\\\/fit360.ee\\\/wp-content\\\/uploads\\\/2017\\\/01\\\/logo-fit360.png\",\"width\":180,\"height\":66,\"caption\":\"Fit360\"},\"image\":{\"@id\":\"https:\\\/\\\/fit360.ee\\\/en\\\/#\\\/schema\\\/logo\\\/image\\\/\"}}]}<\/script>\n<!-- \/ Yoast SEO plugin. -->","yoast_head_json":{"title":"K\u00fc\u00fcslaugu Kapslid (90 geelkapslit) - Garlic Extract - Fit360 - Kiire Tarne","description":"K\u00fc\u00fcslaugu kapslid on 100% naturaalne, mis sisaldab k\u00fc\u00fcslaugu sibula ekstrakti, millel on positiivne m\u00f5ju paljudele organismis toimuvatele ...","robots":{"index":"index","follow":"follow","max-snippet":"max-snippet:-1","max-image-preview":"max-image-preview:large","max-video-preview":"max-video-preview:-1"},"canonical":"https:\/\/fit360.ee\/en\/pood\/product-groups\/vitamins-and-minerals-en\/kuuslaugu-kapslid-90caps\/","og_locale":"en_US","og_type":"article","og_title":"K\u00fc\u00fcslaugu Kapslid (90 geelkapslit) - Garlic Extract - Fit360 - Kiire Tarne","og_description":"K\u00fc\u00fcslaugu kapslid on 100% naturaalne, mis sisaldab k\u00fc\u00fcslaugu sibula ekstrakti, millel on positiivne m\u00f5ju paljudele organismis toimuvatele ...","og_url":"https:\/\/fit360.ee\/en\/pood\/product-groups\/vitamins-and-minerals-en\/kuuslaugu-kapslid-90caps\/","og_site_name":"Fit360","article_modified_time":"2026-04-10T13:42:11+00:00","og_image":[{"width":450,"height":450,"url":"https:\/\/fit360.ee\/wp-content\/uploads\/2021\/11\/Kuuslaugu-kapslid-ostrovit-fit360.ee_.png","type":"image\/png"}],"twitter_card":"summary_large_image","twitter_misc":{"Est. reading time":"2 minutes"},"schema":{"@context":"https:\/\/schema.org","@graph":[{"@type":"WebPage","@id":"https:\/\/fit360.ee\/en\/pood\/product-groups\/vitamins-and-minerals-en\/kuuslaugu-kapslid-90caps\/","url":"https:\/\/fit360.ee\/en\/pood\/product-groups\/vitamins-and-minerals-en\/kuuslaugu-kapslid-90caps\/","name":"K\u00fc\u00fcslaugu Kapslid (90 geelkapslit) - Garlic Extract - Fit360 - Kiire Tarne","isPartOf":{"@id":"https:\/\/fit360.ee\/en\/#website"},"primaryImageOfPage":{"@id":"https:\/\/fit360.ee\/en\/pood\/product-groups\/vitamins-and-minerals-en\/kuuslaugu-kapslid-90caps\/#primaryimage"},"image":{"@id":"https:\/\/fit360.ee\/en\/pood\/product-groups\/vitamins-and-minerals-en\/kuuslaugu-kapslid-90caps\/#primaryimage"},"thumbnailUrl":"https:\/\/fit360.ee\/wp-content\/uploads\/2021\/11\/Kuuslaugu-kapslid-ostrovit-fit360.ee_.png","datePublished":"2021-11-01T14:25:12+00:00","dateModified":"2026-04-10T13:42:11+00:00","description":"K\u00fc\u00fcslaugu kapslid on 100% naturaalne, mis sisaldab k\u00fc\u00fcslaugu sibula ekstrakti, millel on positiivne m\u00f5ju paljudele organismis toimuvatele ...","breadcrumb":{"@id":"https:\/\/fit360.ee\/en\/pood\/product-groups\/vitamins-and-minerals-en\/kuuslaugu-kapslid-90caps\/#breadcrumb"},"inLanguage":"en-US","potentialAction":[{"@type":"ReadAction","target":["https:\/\/fit360.ee\/en\/pood\/product-groups\/vitamins-and-minerals-en\/kuuslaugu-kapslid-90caps\/"]}]},{"@type":"ImageObject","inLanguage":"en-US","@id":"https:\/\/fit360.ee\/en\/pood\/product-groups\/vitamins-and-minerals-en\/kuuslaugu-kapslid-90caps\/#primaryimage","url":"https:\/\/fit360.ee\/wp-content\/uploads\/2021\/11\/Kuuslaugu-kapslid-ostrovit-fit360.ee_.png","contentUrl":"https:\/\/fit360.ee\/wp-content\/uploads\/2021\/11\/Kuuslaugu-kapslid-ostrovit-fit360.ee_.png","width":450,"height":450,"caption":"K\u00fc\u00fcslaugu kapslid ostrovit - fit360.ee"},{"@type":"BreadcrumbList","@id":"https:\/\/fit360.ee\/en\/pood\/product-groups\/vitamins-and-minerals-en\/kuuslaugu-kapslid-90caps\/#breadcrumb","itemListElement":[{"@type":"ListItem","position":1,"name":"Home","item":"https:\/\/fit360.ee\/en\/"},{"@type":"ListItem","position":2,"name":"Shop","item":"https:\/\/fit360.ee\/en\/shop\/"},{"@type":"ListItem","position":3,"name":"K\u00fc\u00fcslaugu Kapslid (90 geelkapslit)"}]},{"@type":"WebSite","@id":"https:\/\/fit360.ee\/en\/#website","url":"https:\/\/fit360.ee\/en\/","name":"Fit360","description":"","publisher":{"@id":"https:\/\/fit360.ee\/en\/#organization"},"potentialAction":[{"@type":"SearchAction","target":{"@type":"EntryPoint","urlTemplate":"https:\/\/fit360.ee\/en\/?s={search_term_string}"},"query-input":{"@type":"PropertyValueSpecification","valueRequired":true,"valueName":"search_term_string"}}],"inLanguage":"en-US"},{"@type":"Organization","@id":"https:\/\/fit360.ee\/en\/#organization","name":"Fit360","url":"https:\/\/fit360.ee\/en\/","logo":{"@type":"ImageObject","inLanguage":"en-US","@id":"https:\/\/fit360.ee\/en\/#\/schema\/logo\/image\/","url":"https:\/\/fit360.ee\/wp-content\/uploads\/2017\/01\/logo-fit360.png","contentUrl":"https:\/\/fit360.ee\/wp-content\/uploads\/2017\/01\/logo-fit360.png","width":180,"height":66,"caption":"Fit360"},"image":{"@id":"https:\/\/fit360.ee\/en\/#\/schema\/logo\/image\/"}}]}},"_links":{"self":[{"href":"https:\/\/fit360.ee\/en\/wp-json\/wp\/v2\/product\/57466","targetHints":{"allow":["GET"]}}],"collection":[{"href":"https:\/\/fit360.ee\/en\/wp-json\/wp\/v2\/product"}],"about":[{"href":"https:\/\/fit360.ee\/en\/wp-json\/wp\/v2\/types\/product"}],"replies":[{"embeddable":true,"href":"https:\/\/fit360.ee\/en\/wp-json\/wp\/v2\/comments?post=57466"}],"wp:featuredmedia":[{"embeddable":true,"href":"https:\/\/fit360.ee\/en\/wp-json\/wp\/v2\/media\/84448"}],"wp:attachment":[{"href":"https:\/\/fit360.ee\/en\/wp-json\/wp\/v2\/media?parent=57466"}],"wp:term":[{"taxonomy":"product_brand","embeddable":true,"href":"https:\/\/fit360.ee\/en\/wp-json\/wp\/v2\/product_brand?post=57466"},{"taxonomy":"product_cat","embeddable":true,"href":"https:\/\/fit360.ee\/en\/wp-json\/wp\/v2\/product_cat?post=57466"},{"taxonomy":"product_tag","embeddable":true,"href":"https:\/\/fit360.ee\/en\/wp-json\/wp\/v2\/product_tag?post=57466"},{"taxonomy":"giftcard-category","embeddable":true,"href":"https:\/\/fit360.ee\/en\/wp-json\/wp\/v2\/giftcard-category?post=57466"}],"curies":[{"name":"wp","href":"https:\/\/api.w.org\/{rel}","templated":true}]}}