{"id":57771,"date":"2021-11-08T19:18:24","date_gmt":"2021-11-08T17:18:24","guid":{"rendered":"https:\/\/fit360.ee\/?post_type=product&#038;p=57771"},"modified":"2025-08-13T07:39:02","modified_gmt":"2025-08-13T05:39:02","slug":"superman-shaker-800ml","status":"publish","type":"product","link":"https:\/\/fit360.ee\/en\/pood\/training-equipment-en\/drinking-bottles-en\/superman-shaker-800ml\/","title":{"rendered":"Superman Shaker (800ml)"},"content":{"rendered":"<div class=\"product-highlights\">\n<h1><strong>Superman Shaker<\/strong><\/h1>\n<ul class=\"benefits\">\n<li>Mahutavus: 800 ml<\/li>\n<li>Aitab h\u00f5lpsalt valmistada t\u00fckideta spordijooke<\/li>\n<li>Spider-s\u00f5el shakeris<\/li>\n<li>Segage, valage ja hoidke k\u00f5ik samas mahutis<\/li>\n<\/ul>\n<\/div>\n<p>Stiilne Superman Shaker, mis aitab Teil h\u00f5lpsasti valmistada k\u00f5ik valgusheikid ja muud spordilisandijoogid, et tarbida keha jaoks vajalikke toitaineid enne treeningut, treeningu ajal ja p\u00e4rast seda.<\/p>\n<p>Performa Shaker v\u00f5imaldab teil oma lemmikkangelase v\u00f5i tegelase pildiga vedelikku tarbuda ja end tankida! See originaalne koomiksite superkangelase v\u00f5i tegelase logoga 800 ml \u0161eikertops on valmistatud BPA-vaba seifist, mis on v\u00e4rvitud toiduv\u00e4rvidega.<\/p>\n<p><strong>Mahutavus<\/strong>: 800ml<\/p>\n<p><a href=\"https:\/\/fit360.ee\/wp-content\/uploads\/2021\/11\/superman-shaker-fit360.ee_-800x800.png\"><img loading=\"lazy\" decoding=\"async\" class=\"size-medium wp-image-57772\" src=\"https:\/\/fit360.ee\/wp-content\/uploads\/2021\/11\/superman-shaker-fit360.ee_-800x800.png\" alt=\"superman shaker - fit360.ee\" width=\"800\" height=\"800\" srcset=\"https:\/\/fit360.ee\/wp-content\/uploads\/2021\/11\/superman-shaker-fit360.ee_.png 800w, https:\/\/fit360.ee\/wp-content\/uploads\/2021\/11\/superman-shaker-fit360.ee_-247x247.png 247w, https:\/\/fit360.ee\/wp-content\/uploads\/2021\/11\/superman-shaker-fit360.ee_-100x100.png 100w, https:\/\/fit360.ee\/wp-content\/uploads\/2021\/11\/superman-shaker-fit360.ee_-510x510.png 510w, https:\/\/fit360.ee\/wp-content\/uploads\/2021\/11\/superman-shaker-fit360.ee_-340x340.png 340w, https:\/\/fit360.ee\/wp-content\/uploads\/2021\/11\/superman-shaker-fit360.ee_-768x768.png 768w, https:\/\/fit360.ee\/wp-content\/uploads\/2021\/11\/superman-shaker-fit360.ee_-80x80.png 80w\" sizes=\"auto, (max-width: 800px) 100vw, 800px\" \/><\/a><\/p>\n<p>&nbsp;<\/p>\n<p>Soovid kaupa osta suuremas koguses? Vaata antud toodet ka meie HULGI poest\u00a0<a href=\"https:\/\/toidulisandidhulgi.ee\/product\/superman-shaker-800ml\/\"><strong>SIIT<\/strong><\/a>!<\/p>\n","protected":false},"excerpt":{"rendered":"<div class=\"product-highlights\">\n<h2><strong>Superman Shaker<\/strong><\/h2>\n<ul class=\"benefits\">\n<li>Mahutavus: 800 ml<\/li>\n<li>Aitab h\u00f5lpsalt valmistada t\u00fckideta spordijooke<\/li>\n<li>Spider-s\u00f5el shakeri siseosas<\/li>\n<li>Segage, valage ja hoidke k\u00f5ik samas mahutis<\/li>\n<\/ul>\n<\/div>\n<p>Stiilne Superman Shaker, mis aitab Teil h\u00f5lpsasti valmistada k\u00f5ik valgusheikid ja muud spordilisandijoogid, et tarbida keha jaoks vajalikke toitaineid enne treeningut, treeningu ajal ja p\u00e4rast seda.<\/p>\n","protected":false},"featured_media":57773,"comment_status":"closed","ping_status":"closed","template":"","meta":[],"product_brand":[],"product_cat":[540,551],"product_tag":[3393,3394],"giftcard-category":[],"class_list":{"0":"post-57771","1":"product","2":"type-product","3":"status-publish","4":"has-post-thumbnail","6":"product_cat-drinking-bottles-en","7":"product_cat-shakers-en","8":"product_tag-superman-en","9":"product_tag-superman-shaker-en","10":"pa_brand-fit360-ee-en","11":"pa_varustus-drinking-bottles","12":"pa_varustus-shakers","13":"pa_varvus-blue","15":"first","16":"instock","17":"sale","18":"taxable","19":"shipping-taxable","20":"purchasable","21":"product-type-simple"},"yoast_head":"<!-- This site is optimized with the Yoast SEO plugin v27.3 - https:\/\/yoast.com\/product\/yoast-seo-wordpress\/ -->\n<title>Superman Shaker (800ml) - Fit360<\/title>\n<meta name=\"description\" content=\"Superman Shaker on stiilne, kvaliteetne ja mugav shaker, mille sees on olemas metall segisti, mis aitab lagundada ka k\u00f5ige paksemat pulbrit.\" \/>\n<meta name=\"robots\" content=\"index, follow, max-snippet:-1, max-image-preview:large, max-video-preview:-1\" \/>\n<link rel=\"canonical\" href=\"https:\/\/fit360.ee\/en\/pood\/training-equipment-en\/drinking-bottles-en\/superman-shaker-800ml\/\" \/>\n<meta property=\"og:locale\" content=\"en_US\" \/>\n<meta property=\"og:type\" content=\"article\" \/>\n<meta property=\"og:title\" content=\"Superman Shaker (800ml) - Fit360\" \/>\n<meta property=\"og:description\" content=\"Superman Shaker on stiilne, kvaliteetne ja mugav shaker, mille sees on olemas metall segisti, mis aitab lagundada ka k\u00f5ige paksemat pulbrit.\" \/>\n<meta property=\"og:url\" content=\"https:\/\/fit360.ee\/en\/pood\/training-equipment-en\/drinking-bottles-en\/superman-shaker-800ml\/\" \/>\n<meta property=\"og:site_name\" content=\"Fit360\" \/>\n<meta property=\"article:modified_time\" content=\"2025-08-13T05:39:02+00:00\" \/>\n<meta property=\"og:image\" content=\"https:\/\/fit360.ee\/wp-content\/uploads\/2021\/11\/superman-shaker-fit360.ee_.png\" \/>\n\t<meta property=\"og:image:width\" content=\"800\" \/>\n\t<meta property=\"og:image:height\" content=\"800\" \/>\n\t<meta property=\"og:image:type\" content=\"image\/png\" \/>\n<meta name=\"twitter:card\" content=\"summary_large_image\" \/>\n<meta name=\"twitter:label1\" content=\"Est. reading time\" \/>\n\t<meta name=\"twitter:data1\" content=\"1 minute\" \/>\n<script type=\"application\/ld+json\" class=\"yoast-schema-graph\">{\"@context\":\"https:\\\/\\\/schema.org\",\"@graph\":[{\"@type\":\"WebPage\",\"@id\":\"https:\\\/\\\/fit360.ee\\\/en\\\/pood\\\/training-equipment-en\\\/drinking-bottles-en\\\/superman-shaker-800ml\\\/\",\"url\":\"https:\\\/\\\/fit360.ee\\\/en\\\/pood\\\/training-equipment-en\\\/drinking-bottles-en\\\/superman-shaker-800ml\\\/\",\"name\":\"Superman Shaker (800ml) - Fit360\",\"isPartOf\":{\"@id\":\"https:\\\/\\\/fit360.ee\\\/en\\\/#website\"},\"primaryImageOfPage\":{\"@id\":\"https:\\\/\\\/fit360.ee\\\/en\\\/pood\\\/training-equipment-en\\\/drinking-bottles-en\\\/superman-shaker-800ml\\\/#primaryimage\"},\"image\":{\"@id\":\"https:\\\/\\\/fit360.ee\\\/en\\\/pood\\\/training-equipment-en\\\/drinking-bottles-en\\\/superman-shaker-800ml\\\/#primaryimage\"},\"thumbnailUrl\":\"https:\\\/\\\/fit360.ee\\\/wp-content\\\/uploads\\\/2021\\\/11\\\/superman-shaker-fit360.ee_.png\",\"datePublished\":\"2021-11-08T17:18:24+00:00\",\"dateModified\":\"2025-08-13T05:39:02+00:00\",\"description\":\"Superman Shaker on stiilne, kvaliteetne ja mugav shaker, mille sees on olemas metall segisti, mis aitab lagundada ka k\u00f5ige paksemat pulbrit.\",\"breadcrumb\":{\"@id\":\"https:\\\/\\\/fit360.ee\\\/en\\\/pood\\\/training-equipment-en\\\/drinking-bottles-en\\\/superman-shaker-800ml\\\/#breadcrumb\"},\"inLanguage\":\"en-US\",\"potentialAction\":[{\"@type\":\"ReadAction\",\"target\":[\"https:\\\/\\\/fit360.ee\\\/en\\\/pood\\\/training-equipment-en\\\/drinking-bottles-en\\\/superman-shaker-800ml\\\/\"]}]},{\"@type\":\"ImageObject\",\"inLanguage\":\"en-US\",\"@id\":\"https:\\\/\\\/fit360.ee\\\/en\\\/pood\\\/training-equipment-en\\\/drinking-bottles-en\\\/superman-shaker-800ml\\\/#primaryimage\",\"url\":\"https:\\\/\\\/fit360.ee\\\/wp-content\\\/uploads\\\/2021\\\/11\\\/superman-shaker-fit360.ee_.png\",\"contentUrl\":\"https:\\\/\\\/fit360.ee\\\/wp-content\\\/uploads\\\/2021\\\/11\\\/superman-shaker-fit360.ee_.png\",\"width\":800,\"height\":800,\"caption\":\"superman shaker - fit360.ee\"},{\"@type\":\"BreadcrumbList\",\"@id\":\"https:\\\/\\\/fit360.ee\\\/en\\\/pood\\\/training-equipment-en\\\/drinking-bottles-en\\\/superman-shaker-800ml\\\/#breadcrumb\",\"itemListElement\":[{\"@type\":\"ListItem\",\"position\":1,\"name\":\"Home\",\"item\":\"https:\\\/\\\/fit360.ee\\\/en\\\/\"},{\"@type\":\"ListItem\",\"position\":2,\"name\":\"Shop\",\"item\":\"https:\\\/\\\/fit360.ee\\\/en\\\/shop\\\/\"},{\"@type\":\"ListItem\",\"position\":3,\"name\":\"Superman Shaker (800ml)\"}]},{\"@type\":\"WebSite\",\"@id\":\"https:\\\/\\\/fit360.ee\\\/en\\\/#website\",\"url\":\"https:\\\/\\\/fit360.ee\\\/en\\\/\",\"name\":\"Fit360\",\"description\":\"\",\"publisher\":{\"@id\":\"https:\\\/\\\/fit360.ee\\\/en\\\/#organization\"},\"potentialAction\":[{\"@type\":\"SearchAction\",\"target\":{\"@type\":\"EntryPoint\",\"urlTemplate\":\"https:\\\/\\\/fit360.ee\\\/en\\\/?s={search_term_string}\"},\"query-input\":{\"@type\":\"PropertyValueSpecification\",\"valueRequired\":true,\"valueName\":\"search_term_string\"}}],\"inLanguage\":\"en-US\"},{\"@type\":\"Organization\",\"@id\":\"https:\\\/\\\/fit360.ee\\\/en\\\/#organization\",\"name\":\"Fit360\",\"url\":\"https:\\\/\\\/fit360.ee\\\/en\\\/\",\"logo\":{\"@type\":\"ImageObject\",\"inLanguage\":\"en-US\",\"@id\":\"https:\\\/\\\/fit360.ee\\\/en\\\/#\\\/schema\\\/logo\\\/image\\\/\",\"url\":\"https:\\\/\\\/fit360.ee\\\/wp-content\\\/uploads\\\/2017\\\/01\\\/logo-fit360.png\",\"contentUrl\":\"https:\\\/\\\/fit360.ee\\\/wp-content\\\/uploads\\\/2017\\\/01\\\/logo-fit360.png\",\"width\":180,\"height\":66,\"caption\":\"Fit360\"},\"image\":{\"@id\":\"https:\\\/\\\/fit360.ee\\\/en\\\/#\\\/schema\\\/logo\\\/image\\\/\"}}]}<\/script>\n<!-- \/ Yoast SEO plugin. -->","yoast_head_json":{"title":"Superman Shaker (800ml) - Fit360","description":"Superman Shaker on stiilne, kvaliteetne ja mugav shaker, mille sees on olemas metall segisti, mis aitab lagundada ka k\u00f5ige paksemat pulbrit.","robots":{"index":"index","follow":"follow","max-snippet":"max-snippet:-1","max-image-preview":"max-image-preview:large","max-video-preview":"max-video-preview:-1"},"canonical":"https:\/\/fit360.ee\/en\/pood\/training-equipment-en\/drinking-bottles-en\/superman-shaker-800ml\/","og_locale":"en_US","og_type":"article","og_title":"Superman Shaker (800ml) - Fit360","og_description":"Superman Shaker on stiilne, kvaliteetne ja mugav shaker, mille sees on olemas metall segisti, mis aitab lagundada ka k\u00f5ige paksemat pulbrit.","og_url":"https:\/\/fit360.ee\/en\/pood\/training-equipment-en\/drinking-bottles-en\/superman-shaker-800ml\/","og_site_name":"Fit360","article_modified_time":"2025-08-13T05:39:02+00:00","og_image":[{"width":800,"height":800,"url":"https:\/\/fit360.ee\/wp-content\/uploads\/2021\/11\/superman-shaker-fit360.ee_.png","type":"image\/png"}],"twitter_card":"summary_large_image","twitter_misc":{"Est. reading time":"1 minute"},"schema":{"@context":"https:\/\/schema.org","@graph":[{"@type":"WebPage","@id":"https:\/\/fit360.ee\/en\/pood\/training-equipment-en\/drinking-bottles-en\/superman-shaker-800ml\/","url":"https:\/\/fit360.ee\/en\/pood\/training-equipment-en\/drinking-bottles-en\/superman-shaker-800ml\/","name":"Superman Shaker (800ml) - Fit360","isPartOf":{"@id":"https:\/\/fit360.ee\/en\/#website"},"primaryImageOfPage":{"@id":"https:\/\/fit360.ee\/en\/pood\/training-equipment-en\/drinking-bottles-en\/superman-shaker-800ml\/#primaryimage"},"image":{"@id":"https:\/\/fit360.ee\/en\/pood\/training-equipment-en\/drinking-bottles-en\/superman-shaker-800ml\/#primaryimage"},"thumbnailUrl":"https:\/\/fit360.ee\/wp-content\/uploads\/2021\/11\/superman-shaker-fit360.ee_.png","datePublished":"2021-11-08T17:18:24+00:00","dateModified":"2025-08-13T05:39:02+00:00","description":"Superman Shaker on stiilne, kvaliteetne ja mugav shaker, mille sees on olemas metall segisti, mis aitab lagundada ka k\u00f5ige paksemat pulbrit.","breadcrumb":{"@id":"https:\/\/fit360.ee\/en\/pood\/training-equipment-en\/drinking-bottles-en\/superman-shaker-800ml\/#breadcrumb"},"inLanguage":"en-US","potentialAction":[{"@type":"ReadAction","target":["https:\/\/fit360.ee\/en\/pood\/training-equipment-en\/drinking-bottles-en\/superman-shaker-800ml\/"]}]},{"@type":"ImageObject","inLanguage":"en-US","@id":"https:\/\/fit360.ee\/en\/pood\/training-equipment-en\/drinking-bottles-en\/superman-shaker-800ml\/#primaryimage","url":"https:\/\/fit360.ee\/wp-content\/uploads\/2021\/11\/superman-shaker-fit360.ee_.png","contentUrl":"https:\/\/fit360.ee\/wp-content\/uploads\/2021\/11\/superman-shaker-fit360.ee_.png","width":800,"height":800,"caption":"superman shaker - fit360.ee"},{"@type":"BreadcrumbList","@id":"https:\/\/fit360.ee\/en\/pood\/training-equipment-en\/drinking-bottles-en\/superman-shaker-800ml\/#breadcrumb","itemListElement":[{"@type":"ListItem","position":1,"name":"Home","item":"https:\/\/fit360.ee\/en\/"},{"@type":"ListItem","position":2,"name":"Shop","item":"https:\/\/fit360.ee\/en\/shop\/"},{"@type":"ListItem","position":3,"name":"Superman Shaker (800ml)"}]},{"@type":"WebSite","@id":"https:\/\/fit360.ee\/en\/#website","url":"https:\/\/fit360.ee\/en\/","name":"Fit360","description":"","publisher":{"@id":"https:\/\/fit360.ee\/en\/#organization"},"potentialAction":[{"@type":"SearchAction","target":{"@type":"EntryPoint","urlTemplate":"https:\/\/fit360.ee\/en\/?s={search_term_string}"},"query-input":{"@type":"PropertyValueSpecification","valueRequired":true,"valueName":"search_term_string"}}],"inLanguage":"en-US"},{"@type":"Organization","@id":"https:\/\/fit360.ee\/en\/#organization","name":"Fit360","url":"https:\/\/fit360.ee\/en\/","logo":{"@type":"ImageObject","inLanguage":"en-US","@id":"https:\/\/fit360.ee\/en\/#\/schema\/logo\/image\/","url":"https:\/\/fit360.ee\/wp-content\/uploads\/2017\/01\/logo-fit360.png","contentUrl":"https:\/\/fit360.ee\/wp-content\/uploads\/2017\/01\/logo-fit360.png","width":180,"height":66,"caption":"Fit360"},"image":{"@id":"https:\/\/fit360.ee\/en\/#\/schema\/logo\/image\/"}}]}},"_links":{"self":[{"href":"https:\/\/fit360.ee\/en\/wp-json\/wp\/v2\/product\/57771","targetHints":{"allow":["GET"]}}],"collection":[{"href":"https:\/\/fit360.ee\/en\/wp-json\/wp\/v2\/product"}],"about":[{"href":"https:\/\/fit360.ee\/en\/wp-json\/wp\/v2\/types\/product"}],"replies":[{"embeddable":true,"href":"https:\/\/fit360.ee\/en\/wp-json\/wp\/v2\/comments?post=57771"}],"wp:featuredmedia":[{"embeddable":true,"href":"https:\/\/fit360.ee\/en\/wp-json\/wp\/v2\/media\/57773"}],"wp:attachment":[{"href":"https:\/\/fit360.ee\/en\/wp-json\/wp\/v2\/media?parent=57771"}],"wp:term":[{"taxonomy":"product_brand","embeddable":true,"href":"https:\/\/fit360.ee\/en\/wp-json\/wp\/v2\/product_brand?post=57771"},{"taxonomy":"product_cat","embeddable":true,"href":"https:\/\/fit360.ee\/en\/wp-json\/wp\/v2\/product_cat?post=57771"},{"taxonomy":"product_tag","embeddable":true,"href":"https:\/\/fit360.ee\/en\/wp-json\/wp\/v2\/product_tag?post=57771"},{"taxonomy":"giftcard-category","embeddable":true,"href":"https:\/\/fit360.ee\/en\/wp-json\/wp\/v2\/giftcard-category?post=57771"}],"curies":[{"name":"wp","href":"https:\/\/api.w.org\/{rel}","templated":true}]}}