{"id":57775,"date":"2021-11-08T19:28:53","date_gmt":"2021-11-08T17:28:53","guid":{"rendered":"https:\/\/fit360.ee\/?post_type=product&#038;p=57775"},"modified":"2025-08-13T07:35:14","modified_gmt":"2025-08-13T05:35:14","slug":"smartshaker-original-2go-600ml","status":"publish","type":"product","link":"https:\/\/fit360.ee\/en\/pood\/training-equipment-en\/shakers-en\/smartshaker-original-2go-600ml\/","title":{"rendered":"SmartShaker Original 2Go (600ml)"},"content":{"rendered":"<h1><strong>Smartshaker Original 2Go<\/strong><\/h1>\n<p><strong>V\u00f5imsus ilma kompromissideta<\/strong><br \/>\nOriginaal Smartshake on m\u00f5eldud j\u00f5usaali jaoks. Original2Go-ga saate kaks eemaldatavat konteinerit, mis mahuvad shakeri alla. Ideaalne teie valgupulbri, toidulisandite, v\u00f5tmete v\u00f5i suupistete jaoks.<\/p>\n<p><strong>Lahingus testitud<\/strong><br \/>\nM\u00fc\u00fcdud \u00fcle 25 miljoni \u0161eikeri.<\/p>\n<p><strong>Vastupidav disain<\/strong><br \/>\nJ\u00e4tkake selle kasutamist k\u00fcmme aastat v\u00f5i kauem.<\/p>\n<p><strong>Lekkekindel<\/strong><br \/>\n100% garantii meie Smartshake\u2122 garantiiga.<\/p>\n<p><strong>BPA ja DEHP vaba<\/strong><br \/>\nOhutu keskkonnale ja endale.<\/p>\n<p><strong>Praktiline ja lihtne puhastada:<\/strong><br \/>\nLai avaus lihtsaks puhastamiseks.<\/p>\n<p><strong>Kaks mugavat konteinerit<\/strong><br \/>\n100 ml \/ 3,5 untsi ja 150 ml \/ 5 untsi.<\/p>\n<p><a href=\"https:\/\/fit360.ee\/wp-content\/uploads\/2021\/11\/smartshaker-original-2go-fit360.ee_-422x800.jpg\"><img loading=\"lazy\" decoding=\"async\" class=\"size-medium wp-image-57776\" src=\"https:\/\/fit360.ee\/wp-content\/uploads\/2021\/11\/smartshaker-original-2go-fit360.ee_-422x800.jpg\" alt=\"smartshaker original 2go - fit360.ee\" width=\"422\" height=\"800\" srcset=\"https:\/\/fit360.ee\/wp-content\/uploads\/2021\/11\/smartshaker-original-2go-fit360.ee_-422x800.jpg 422w, https:\/\/fit360.ee\/wp-content\/uploads\/2021\/11\/smartshaker-original-2go-fit360.ee_-510x968.jpg 510w, https:\/\/fit360.ee\/wp-content\/uploads\/2021\/11\/smartshaker-original-2go-fit360.ee_-768x1457.jpg 768w, https:\/\/fit360.ee\/wp-content\/uploads\/2021\/11\/smartshaker-original-2go-fit360.ee_.jpg 800w\" sizes=\"auto, (max-width: 422px) 100vw, 422px\" \/><\/a><\/p>\n<p>&nbsp;<\/p>\n<p>Soovid kaupa osta suuremas koguses? Vaata antud toodet ka meie HULGI poest\u00a0<a href=\"https:\/\/toidulisandidhulgi.ee\/product\/smartshaker-original-2go-600ml\/\"><strong>SIIT<\/strong><\/a>!<\/p>\n","protected":false},"excerpt":{"rendered":"<p><strong>SMARTSHAKER<\/strong>:<\/p>\n<ul>\n<li><strong>BPA<\/strong>&#8211; ja <strong>DEHP<\/strong> vaba plastikust<\/li>\n<li>Lekkimiskindel<\/li>\n<li>Ei kogu kondensatsiooni &#8211; hoiab Sinu \u0161eikeri puhtana<\/li>\n<li>Kaunis disain<\/li>\n<li>M\u00f5nus kaasas kanda<\/li>\n<li>V\u00f5ib pesta n\u00f5udepesumasinas<\/li>\n<li>Kaks konteinerit<\/li>\n<\/ul>\n<p><strong>MAHUTAVUS<\/strong>: 600ml<\/p>\n","protected":false},"featured_media":57779,"comment_status":"open","ping_status":"closed","template":"","meta":[],"product_brand":[],"product_cat":[551,538],"product_tag":[3396],"giftcard-category":[],"class_list":{"0":"post-57775","1":"product","2":"type-product","3":"status-publish","4":"has-post-thumbnail","6":"product_cat-shakers-en","7":"product_cat-training-equipment-en","8":"product_tag-smartshake-en","9":"pa_varvus-black","10":"pa_varvus-gray","11":"pa_varvus-white","13":"first","14":"outofstock","15":"sale","16":"taxable","17":"shipping-taxable","18":"purchasable","19":"product-type-variable"},"yoast_head":"<!-- This site is optimized with the Yoast SEO plugin v27.3 - https:\/\/yoast.com\/product\/yoast-seo-wordpress\/ -->\n<title>SmartShaker Original 2Go (600ml) - Fit360<\/title>\n<meta name=\"description\" content=\"Smartshaker Original 2 Go-ga saate kaks eemaldatavat konteinerit, mis mahuvad shakeri alla. Ideaalne teie valgupulbri, toidulisandite, v\u00f5tm..\" \/>\n<meta name=\"robots\" content=\"index, follow, max-snippet:-1, max-image-preview:large, max-video-preview:-1\" \/>\n<link rel=\"canonical\" href=\"https:\/\/fit360.ee\/en\/pood\/training-equipment-en\/shakers-en\/smartshaker-original-2go-600ml\/\" \/>\n<meta property=\"og:locale\" content=\"en_US\" \/>\n<meta property=\"og:type\" content=\"article\" \/>\n<meta property=\"og:title\" content=\"SmartShaker Original 2Go (600ml) - Fit360\" \/>\n<meta property=\"og:description\" content=\"Smartshaker Original 2 Go-ga saate kaks eemaldatavat konteinerit, mis mahuvad shakeri alla. Ideaalne teie valgupulbri, toidulisandite, v\u00f5tm..\" \/>\n<meta property=\"og:url\" content=\"https:\/\/fit360.ee\/en\/pood\/training-equipment-en\/shakers-en\/smartshaker-original-2go-600ml\/\" \/>\n<meta property=\"og:site_name\" content=\"Fit360\" \/>\n<meta property=\"article:modified_time\" content=\"2025-08-13T05:35:14+00:00\" \/>\n<meta property=\"og:image\" content=\"https:\/\/fit360.ee\/wp-content\/uploads\/2021\/11\/Original2GoWhite_800x-fit360.ee_.jpg\" \/>\n\t<meta property=\"og:image:width\" content=\"800\" \/>\n\t<meta property=\"og:image:height\" content=\"1000\" \/>\n\t<meta property=\"og:image:type\" content=\"image\/jpeg\" \/>\n<meta name=\"twitter:card\" content=\"summary_large_image\" \/>\n<meta name=\"twitter:label1\" content=\"Est. reading time\" \/>\n\t<meta name=\"twitter:data1\" content=\"1 minute\" \/>\n<script type=\"application\/ld+json\" class=\"yoast-schema-graph\">{\"@context\":\"https:\\\/\\\/schema.org\",\"@graph\":[{\"@type\":\"WebPage\",\"@id\":\"https:\\\/\\\/fit360.ee\\\/en\\\/pood\\\/training-equipment-en\\\/shakers-en\\\/smartshaker-original-2go-600ml\\\/\",\"url\":\"https:\\\/\\\/fit360.ee\\\/en\\\/pood\\\/training-equipment-en\\\/shakers-en\\\/smartshaker-original-2go-600ml\\\/\",\"name\":\"SmartShaker Original 2Go (600ml) - Fit360\",\"isPartOf\":{\"@id\":\"https:\\\/\\\/fit360.ee\\\/en\\\/#website\"},\"primaryImageOfPage\":{\"@id\":\"https:\\\/\\\/fit360.ee\\\/en\\\/pood\\\/training-equipment-en\\\/shakers-en\\\/smartshaker-original-2go-600ml\\\/#primaryimage\"},\"image\":{\"@id\":\"https:\\\/\\\/fit360.ee\\\/en\\\/pood\\\/training-equipment-en\\\/shakers-en\\\/smartshaker-original-2go-600ml\\\/#primaryimage\"},\"thumbnailUrl\":\"https:\\\/\\\/fit360.ee\\\/wp-content\\\/uploads\\\/2021\\\/11\\\/Original2GoWhite_800x-fit360.ee_.jpg\",\"datePublished\":\"2021-11-08T17:28:53+00:00\",\"dateModified\":\"2025-08-13T05:35:14+00:00\",\"description\":\"Smartshaker Original 2 Go-ga saate kaks eemaldatavat konteinerit, mis mahuvad shakeri alla. Ideaalne teie valgupulbri, toidulisandite, v\u00f5tm..\",\"breadcrumb\":{\"@id\":\"https:\\\/\\\/fit360.ee\\\/en\\\/pood\\\/training-equipment-en\\\/shakers-en\\\/smartshaker-original-2go-600ml\\\/#breadcrumb\"},\"inLanguage\":\"en-US\",\"potentialAction\":[{\"@type\":\"ReadAction\",\"target\":[\"https:\\\/\\\/fit360.ee\\\/en\\\/pood\\\/training-equipment-en\\\/shakers-en\\\/smartshaker-original-2go-600ml\\\/\"]}]},{\"@type\":\"ImageObject\",\"inLanguage\":\"en-US\",\"@id\":\"https:\\\/\\\/fit360.ee\\\/en\\\/pood\\\/training-equipment-en\\\/shakers-en\\\/smartshaker-original-2go-600ml\\\/#primaryimage\",\"url\":\"https:\\\/\\\/fit360.ee\\\/wp-content\\\/uploads\\\/2021\\\/11\\\/Original2GoWhite_800x-fit360.ee_.jpg\",\"contentUrl\":\"https:\\\/\\\/fit360.ee\\\/wp-content\\\/uploads\\\/2021\\\/11\\\/Original2GoWhite_800x-fit360.ee_.jpg\",\"width\":800,\"height\":1000,\"caption\":\"Original2GoWhite_800x - fit360.ee\"},{\"@type\":\"BreadcrumbList\",\"@id\":\"https:\\\/\\\/fit360.ee\\\/en\\\/pood\\\/training-equipment-en\\\/shakers-en\\\/smartshaker-original-2go-600ml\\\/#breadcrumb\",\"itemListElement\":[{\"@type\":\"ListItem\",\"position\":1,\"name\":\"Home\",\"item\":\"https:\\\/\\\/fit360.ee\\\/en\\\/\"},{\"@type\":\"ListItem\",\"position\":2,\"name\":\"Shop\",\"item\":\"https:\\\/\\\/fit360.ee\\\/en\\\/shop\\\/\"},{\"@type\":\"ListItem\",\"position\":3,\"name\":\"SmartShaker Original 2Go (600ml)\"}]},{\"@type\":\"WebSite\",\"@id\":\"https:\\\/\\\/fit360.ee\\\/en\\\/#website\",\"url\":\"https:\\\/\\\/fit360.ee\\\/en\\\/\",\"name\":\"Fit360\",\"description\":\"\",\"publisher\":{\"@id\":\"https:\\\/\\\/fit360.ee\\\/en\\\/#organization\"},\"potentialAction\":[{\"@type\":\"SearchAction\",\"target\":{\"@type\":\"EntryPoint\",\"urlTemplate\":\"https:\\\/\\\/fit360.ee\\\/en\\\/?s={search_term_string}\"},\"query-input\":{\"@type\":\"PropertyValueSpecification\",\"valueRequired\":true,\"valueName\":\"search_term_string\"}}],\"inLanguage\":\"en-US\"},{\"@type\":\"Organization\",\"@id\":\"https:\\\/\\\/fit360.ee\\\/en\\\/#organization\",\"name\":\"Fit360\",\"url\":\"https:\\\/\\\/fit360.ee\\\/en\\\/\",\"logo\":{\"@type\":\"ImageObject\",\"inLanguage\":\"en-US\",\"@id\":\"https:\\\/\\\/fit360.ee\\\/en\\\/#\\\/schema\\\/logo\\\/image\\\/\",\"url\":\"https:\\\/\\\/fit360.ee\\\/wp-content\\\/uploads\\\/2017\\\/01\\\/logo-fit360.png\",\"contentUrl\":\"https:\\\/\\\/fit360.ee\\\/wp-content\\\/uploads\\\/2017\\\/01\\\/logo-fit360.png\",\"width\":180,\"height\":66,\"caption\":\"Fit360\"},\"image\":{\"@id\":\"https:\\\/\\\/fit360.ee\\\/en\\\/#\\\/schema\\\/logo\\\/image\\\/\"}}]}<\/script>\n<!-- \/ Yoast SEO plugin. -->","yoast_head_json":{"title":"SmartShaker Original 2Go (600ml) - Fit360","description":"Smartshaker Original 2 Go-ga saate kaks eemaldatavat konteinerit, mis mahuvad shakeri alla. Ideaalne teie valgupulbri, toidulisandite, v\u00f5tm..","robots":{"index":"index","follow":"follow","max-snippet":"max-snippet:-1","max-image-preview":"max-image-preview:large","max-video-preview":"max-video-preview:-1"},"canonical":"https:\/\/fit360.ee\/en\/pood\/training-equipment-en\/shakers-en\/smartshaker-original-2go-600ml\/","og_locale":"en_US","og_type":"article","og_title":"SmartShaker Original 2Go (600ml) - Fit360","og_description":"Smartshaker Original 2 Go-ga saate kaks eemaldatavat konteinerit, mis mahuvad shakeri alla. Ideaalne teie valgupulbri, toidulisandite, v\u00f5tm..","og_url":"https:\/\/fit360.ee\/en\/pood\/training-equipment-en\/shakers-en\/smartshaker-original-2go-600ml\/","og_site_name":"Fit360","article_modified_time":"2025-08-13T05:35:14+00:00","og_image":[{"width":800,"height":1000,"url":"https:\/\/fit360.ee\/wp-content\/uploads\/2021\/11\/Original2GoWhite_800x-fit360.ee_.jpg","type":"image\/jpeg"}],"twitter_card":"summary_large_image","twitter_misc":{"Est. reading time":"1 minute"},"schema":{"@context":"https:\/\/schema.org","@graph":[{"@type":"WebPage","@id":"https:\/\/fit360.ee\/en\/pood\/training-equipment-en\/shakers-en\/smartshaker-original-2go-600ml\/","url":"https:\/\/fit360.ee\/en\/pood\/training-equipment-en\/shakers-en\/smartshaker-original-2go-600ml\/","name":"SmartShaker Original 2Go (600ml) - Fit360","isPartOf":{"@id":"https:\/\/fit360.ee\/en\/#website"},"primaryImageOfPage":{"@id":"https:\/\/fit360.ee\/en\/pood\/training-equipment-en\/shakers-en\/smartshaker-original-2go-600ml\/#primaryimage"},"image":{"@id":"https:\/\/fit360.ee\/en\/pood\/training-equipment-en\/shakers-en\/smartshaker-original-2go-600ml\/#primaryimage"},"thumbnailUrl":"https:\/\/fit360.ee\/wp-content\/uploads\/2021\/11\/Original2GoWhite_800x-fit360.ee_.jpg","datePublished":"2021-11-08T17:28:53+00:00","dateModified":"2025-08-13T05:35:14+00:00","description":"Smartshaker Original 2 Go-ga saate kaks eemaldatavat konteinerit, mis mahuvad shakeri alla. Ideaalne teie valgupulbri, toidulisandite, v\u00f5tm..","breadcrumb":{"@id":"https:\/\/fit360.ee\/en\/pood\/training-equipment-en\/shakers-en\/smartshaker-original-2go-600ml\/#breadcrumb"},"inLanguage":"en-US","potentialAction":[{"@type":"ReadAction","target":["https:\/\/fit360.ee\/en\/pood\/training-equipment-en\/shakers-en\/smartshaker-original-2go-600ml\/"]}]},{"@type":"ImageObject","inLanguage":"en-US","@id":"https:\/\/fit360.ee\/en\/pood\/training-equipment-en\/shakers-en\/smartshaker-original-2go-600ml\/#primaryimage","url":"https:\/\/fit360.ee\/wp-content\/uploads\/2021\/11\/Original2GoWhite_800x-fit360.ee_.jpg","contentUrl":"https:\/\/fit360.ee\/wp-content\/uploads\/2021\/11\/Original2GoWhite_800x-fit360.ee_.jpg","width":800,"height":1000,"caption":"Original2GoWhite_800x - fit360.ee"},{"@type":"BreadcrumbList","@id":"https:\/\/fit360.ee\/en\/pood\/training-equipment-en\/shakers-en\/smartshaker-original-2go-600ml\/#breadcrumb","itemListElement":[{"@type":"ListItem","position":1,"name":"Home","item":"https:\/\/fit360.ee\/en\/"},{"@type":"ListItem","position":2,"name":"Shop","item":"https:\/\/fit360.ee\/en\/shop\/"},{"@type":"ListItem","position":3,"name":"SmartShaker Original 2Go (600ml)"}]},{"@type":"WebSite","@id":"https:\/\/fit360.ee\/en\/#website","url":"https:\/\/fit360.ee\/en\/","name":"Fit360","description":"","publisher":{"@id":"https:\/\/fit360.ee\/en\/#organization"},"potentialAction":[{"@type":"SearchAction","target":{"@type":"EntryPoint","urlTemplate":"https:\/\/fit360.ee\/en\/?s={search_term_string}"},"query-input":{"@type":"PropertyValueSpecification","valueRequired":true,"valueName":"search_term_string"}}],"inLanguage":"en-US"},{"@type":"Organization","@id":"https:\/\/fit360.ee\/en\/#organization","name":"Fit360","url":"https:\/\/fit360.ee\/en\/","logo":{"@type":"ImageObject","inLanguage":"en-US","@id":"https:\/\/fit360.ee\/en\/#\/schema\/logo\/image\/","url":"https:\/\/fit360.ee\/wp-content\/uploads\/2017\/01\/logo-fit360.png","contentUrl":"https:\/\/fit360.ee\/wp-content\/uploads\/2017\/01\/logo-fit360.png","width":180,"height":66,"caption":"Fit360"},"image":{"@id":"https:\/\/fit360.ee\/en\/#\/schema\/logo\/image\/"}}]}},"_links":{"self":[{"href":"https:\/\/fit360.ee\/en\/wp-json\/wp\/v2\/product\/57775","targetHints":{"allow":["GET"]}}],"collection":[{"href":"https:\/\/fit360.ee\/en\/wp-json\/wp\/v2\/product"}],"about":[{"href":"https:\/\/fit360.ee\/en\/wp-json\/wp\/v2\/types\/product"}],"replies":[{"embeddable":true,"href":"https:\/\/fit360.ee\/en\/wp-json\/wp\/v2\/comments?post=57775"}],"wp:featuredmedia":[{"embeddable":true,"href":"https:\/\/fit360.ee\/en\/wp-json\/wp\/v2\/media\/57779"}],"wp:attachment":[{"href":"https:\/\/fit360.ee\/en\/wp-json\/wp\/v2\/media?parent=57775"}],"wp:term":[{"taxonomy":"product_brand","embeddable":true,"href":"https:\/\/fit360.ee\/en\/wp-json\/wp\/v2\/product_brand?post=57775"},{"taxonomy":"product_cat","embeddable":true,"href":"https:\/\/fit360.ee\/en\/wp-json\/wp\/v2\/product_cat?post=57775"},{"taxonomy":"product_tag","embeddable":true,"href":"https:\/\/fit360.ee\/en\/wp-json\/wp\/v2\/product_tag?post=57775"},{"taxonomy":"giftcard-category","embeddable":true,"href":"https:\/\/fit360.ee\/en\/wp-json\/wp\/v2\/giftcard-category?post=57775"}],"curies":[{"name":"wp","href":"https:\/\/api.w.org\/{rel}","templated":true}]}}