{"id":58023,"date":"2021-11-19T12:35:32","date_gmt":"2021-11-19T10:35:32","guid":{"rendered":"https:\/\/fit360.ee\/pood\/uncategorized\/dymatize-elite-whey-2100g\/"},"modified":"2025-08-13T07:37:34","modified_gmt":"2025-08-13T05:37:34","slug":"dymatize-elite-whey-2170g","status":"publish","type":"product","link":"https:\/\/fit360.ee\/en\/pood\/product-groups\/protein-poweders-en\/whey-protein-en\/dymatize-elite-whey-2170g\/","title":{"rendered":"Dymatize Elite Whey Protein (2170g)"},"content":{"rendered":"<h1><strong>Dymatize Elite Whey<\/strong><\/h1>\n<p><strong>Dymatize Elite Whey 100% vadakuvalk &#8211;<\/strong> kas otsite igal ajal suurep\u00e4rase v\u00e4\u00e4rtusega valku? \u00dcksk\u00f5ik, kas toetate lihaste kasvu p\u00e4rast rasket treeningut v\u00f5i soovite lihtsalt oma valgu tarbimist suurendada. Dymatize Whey <strong>Elite 100% vadakuvalk<\/strong>\u00a0on k\u00f5rge kvaliteediga valgu valem ambitsioonikatele sportlastele igal treeningtasemel ja igal ajal kasutamiseks. See tugineb eranditult vadakuvalgu allikatele. Vadakuvalk on kiiresti imenduv valguallikas, mis sisaldab k\u00f5iki asendamatuid aminohappeid, mida vajate lihaste ehitamiseks ja s\u00e4ilitamiseks. Toode on madala suhkrusisaldusega ja on suurep\u00e4rane valik k\u00f5igile sportlastele, kes hoolitsevad oma toitumise eest. See muudab\u00a0<strong>Elite 100% vadakuvalgu<\/strong>\u00a0ideaalseks valikuks p\u00e4rast treeningut v\u00f5i s\u00f6\u00f6gikordade vahel.<\/p>\n<ul>\n<li>25 g esmaklassilist vadakuvalku portsjoni kohta<\/li>\n<li>Iga portsjon sisaldab 6,0\u20136,2 g BCAA-sid, sealhulgas 2,7\u20132,8 g v\u00f5tme aminohapet L-leutsiini, s\u00f5ltuvalt maitsest<\/li>\n<li>Madala suhkrusisaldusega<\/li>\n<li>Gluteenivaba<\/li>\n<li>Sobib taimetoitlastele<\/li>\n<\/ul>\n<h4><strong>Suurep\u00e4rane maitse ilma kompromissideta!<\/strong><br \/>\nKuna Dymatise Whey Elite proteiin on t\u00f5esti maitsev, siis v\u00f5iks arvata, et see sisaldab palju suhkrut, kunstlikke magusaineid v\u00f5i naatriumi, aga ei! Elite Whey sisaldab ainult 1 g suhkrut \u00fche toidukorra kohta ja on aspartaamivaba! Lisaks seguneb proteein v\u00e4ga kergesti.<\/h4>\n<p><strong>Koostisosad<\/strong>: Vadakuvalgu kontsentraat (PIIM) (89%), v\u00e4hendatud rasvasisaldusega kakaopulber, emulgaator (sojaletsitiin), l\u00f5hna- ja maitseained, mahuaine (pol\u00fcdekstroos), maitsetugevdaja (kaaliumkloriid), sool, h\u00fcdrol\u00fc\u00fcsitud vadakuvalgu kontsentraat (5%) (PIIM) (0. , Vadakuvalgu isolaat (PIIM) (0,5%), paksendajad (karboks\u00fcmet\u00fc\u00fcltselluloos, ksantaankummi, karrageen), magusained (sukraloos, stevioolgl\u00fckosiidid, atsesulfaam K).<\/p>\n<p><strong>Kasutamine: <\/strong>Lisa 1 kulbit\u00e4is (<strong>36g<\/strong>) proteiinipulbrit 140-170 g vee, piima v\u00f5i mahlaga. Sega v\u00f5i raputa 20 sekundit v\u00f5i kuni pulber on t\u00e4ielikult segunenud veega. Joo koheselt.<\/p>\n<p><strong>Suurus<\/strong>: 2170g &#8211; 59 serveeringut.<\/p>\n<table>\n<tbody>\n<tr>\n<td><strong>Toitev\u00e4\u00e4rtused<\/strong><\/td>\n<td><strong>100g<\/strong><\/td>\n<td><strong>Portsjon (36g)<\/strong><\/td>\n<\/tr>\n<tr>\n<td>Energia kJ (kcal)<\/td>\n<td>1602 (379)<\/td>\n<td>561 (133)<\/td>\n<\/tr>\n<tr>\n<td>Rasvad<\/td>\n<td>6,2 g<\/td>\n<td>2,2 g<\/td>\n<\/tr>\n<tr>\n<td><em>millest<\/em> k\u00fcllastunud rasvhapped<\/td>\n<td>3,6 g<\/td>\n<td>1,3 g<\/td>\n<\/tr>\n<tr>\n<td>s\u00fcsivesikud<\/td>\n<td>5,9 g<\/td>\n<td>2,1 g<\/td>\n<\/tr>\n<tr>\n<td><em>millest<\/em> suhkur<\/td>\n<td>4,9 g<\/td>\n<td>1,7 g<\/td>\n<\/tr>\n<tr>\n<td><strong>Valgud<\/strong><\/td>\n<td><strong>72 g<\/strong><\/td>\n<td><strong>25 g<\/strong><\/td>\n<\/tr>\n<tr>\n<td>Sool<\/td>\n<td>1,4 g<\/td>\n<td>0,47 g<\/td>\n<\/tr>\n<\/tbody>\n<\/table>\n<div><strong>Naturaalselt esinevate aminohape profiil tootes<\/strong><\/div>\n<table>\n<tbody>\n<tr>\n<td><\/td>\n<td><strong>100 g<\/strong><\/td>\n<td><strong>portsjoni kohta (36 g*)<\/strong><\/td>\n<\/tr>\n<tr>\n<td><strong>**L-Valiin<\/strong><\/td>\n<td><strong>4,6 g<\/strong><\/td>\n<td><strong>1,6 g<\/strong><\/td>\n<\/tr>\n<tr>\n<td><strong>**L-Leutsiin<\/strong><\/td>\n<td><strong>7,5 g<\/strong><\/td>\n<td><strong>2,6 g<\/strong><\/td>\n<\/tr>\n<tr>\n<td><strong>**L-Isoleutsiin<\/strong><\/td>\n<td><strong>4,9 g<\/strong><\/td>\n<td><strong>1,7 g<\/strong><\/td>\n<\/tr>\n<tr>\n<td>L-Alaniin<\/td>\n<td>3,6 g<\/td>\n<td>1,2 g<\/td>\n<\/tr>\n<tr>\n<td>L-Arginiin<\/td>\n<td>1,6 g<\/td>\n<td>559 mg<\/td>\n<\/tr>\n<tr>\n<td>L-Asparagiinhape<\/td>\n<td>8,2 g<\/td>\n<td>2,9 g<\/td>\n<\/tr>\n<tr>\n<td>L-Ts\u00fcsteiin<\/td>\n<td>1,5 g<\/td>\n<td>534 mg<\/td>\n<\/tr>\n<tr>\n<td>L-Glutamiinhape<\/td>\n<td>13 g<\/td>\n<td>4,4 g<\/td>\n<\/tr>\n<tr>\n<td>Gl\u00fctsiin<\/td>\n<td>1,4 g<\/td>\n<td>482 mg<\/td>\n<\/tr>\n<tr>\n<td>**L-L\u00fcsiin<\/td>\n<td>6,2 g<\/td>\n<td>2,2 g<\/td>\n<\/tr>\n<tr>\n<td>**L-Histidiin<\/td>\n<td>1,3 g<\/td>\n<td>457 mg<\/td>\n<\/tr>\n<tr>\n<td>**L-Metioniin<\/td>\n<td>1,6 g<\/td>\n<td>558 mg<\/td>\n<\/tr>\n<tr>\n<td>**L-Fen\u00fc\u00fclalaniin<\/td>\n<td>2,4 g<\/td>\n<td>838 mg<\/td>\n<\/tr>\n<tr>\n<td>L-Proliin<\/td>\n<td>4,3 g<\/td>\n<td>1,5 g<\/td>\n<\/tr>\n<tr>\n<td>L-Seriin<\/td>\n<td>3,1 g<\/td>\n<td>1,1 g<\/td>\n<\/tr>\n<tr>\n<td>**L-Treoniin<\/td>\n<td>4,6 g<\/td>\n<td>1,6 g<\/td>\n<\/tr>\n<tr>\n<td>**L-Tr\u00fcptofaan<\/td>\n<td>1,3 g<\/td>\n<td>457 mg<\/td>\n<\/tr>\n<tr>\n<td>L-Tyrosine<\/td>\n<td>2,0 g<\/td>\n<td>711 mg<\/td>\n<\/tr>\n<\/tbody>\n<\/table>\n<p>*\u00a0 36 g serveeringu kohta, tarbides koos 180-240ml veega ** asendamatud aminohapped<\/p>\n<p><strong>BCAA \u00fcldkogus<\/strong> (L-Valine, L-Leucine, L-Isoleucine): 17 g (5,9 g serveeringu kohta)<\/p>\n<p>Vaata ka meie Teisi Valke <a href=\"https:\/\/fit360.ee\/en\/product-category\/product-groups\/protein-poweders-en\/\"><strong>SIIT<\/strong><\/a> v\u00f5i Vadakuvalke <a href=\"https:\/\/fit360.ee\/en\/product-category\/product-groups\/protein-poweders-en\/whey-protein-en\/\"><strong>SIIT<\/strong><\/a>!<\/p>\n<p>Soovid kaupa osta suuremas koguses? Vaata antud toodet ka meie HULGI poest\u00a0<a href=\"https:\/\/toidulisandidhulgi.ee\/product\/dymatize-elite-whey-2100g\/\"><strong>SIIT<\/strong><\/a>!<\/p>\n","protected":false},"excerpt":{"rendered":"<p><strong>Dymatize Elite Whey<\/strong><\/p>\n<ul>\n<li>25 g esmaklassilist vadakuvalku portsjoni kohta<\/li>\n<li>Iga portsjon sisaldab 6,0\u20136,2 g BCAA-sid, sealhulgas 2,7\u20132,8 g v\u00f5tme aminohapet L-leutsiini, s\u00f5ltuvalt maitsest<\/li>\n<li>Madala suhkrusisaldusega<\/li>\n<li>Gluteenivaba<\/li>\n<li>Sobib taimetoitlastele<\/li>\n<\/ul>\n","protected":false},"featured_media":58018,"comment_status":"closed","ping_status":"closed","template":"","meta":[],"product_brand":[],"product_cat":[3003,535,2420],"product_tag":[3004,3414,3415],"giftcard-category":[],"class_list":{"0":"post-58023","1":"product","2":"type-product","3":"status-publish","4":"has-post-thumbnail","6":"product_cat-dymatize-en","7":"product_cat-protein-poweders-en","8":"product_cat-whey-protein-en","9":"product_tag-dymatize-en","10":"product_tag-dymatize-elite-whey-en","11":"product_tag-elite-whey-en","12":"pa_maitse-chocolate","13":"pa_maitse-cream-cookie","14":"pa_maitse-strawberry-2","15":"pa_maitse-vanilli","17":"first","18":"instock","19":"sale","20":"taxable","21":"shipping-taxable","22":"purchasable","23":"product-type-variable"},"yoast_head":"<!-- This site is optimized with the Yoast SEO plugin v27.3 - https:\/\/yoast.com\/product\/yoast-seo-wordpress\/ -->\n<title>Dymatize Elite Whey Protein (2170g) - Kvaliteet Vadakuvalk - Fit360<\/title>\n<meta name=\"description\" content=\"Dymatize Whey Elite 100% vadakuvalk on kiiresti imenduv valguallikas, mis sisaldab k\u00f5iki asendamatuid aminohappeid, mida vajate lihaste eh..\" \/>\n<meta name=\"robots\" content=\"index, follow, max-snippet:-1, max-image-preview:large, max-video-preview:-1\" \/>\n<link rel=\"canonical\" href=\"https:\/\/fit360.ee\/en\/pood\/product-groups\/protein-poweders-en\/whey-protein-en\/dymatize-elite-whey-2170g\/\" \/>\n<meta property=\"og:locale\" content=\"en_US\" \/>\n<meta property=\"og:type\" content=\"article\" \/>\n<meta property=\"og:title\" content=\"Dymatize Elite Whey Protein (2170g) - Kvaliteet Vadakuvalk - Fit360\" \/>\n<meta property=\"og:description\" content=\"Dymatize Whey Elite 100% vadakuvalk on kiiresti imenduv valguallikas, mis sisaldab k\u00f5iki asendamatuid aminohappeid, mida vajate lihaste eh..\" \/>\n<meta property=\"og:url\" content=\"https:\/\/fit360.ee\/en\/pood\/product-groups\/protein-poweders-en\/whey-protein-en\/dymatize-elite-whey-2170g\/\" \/>\n<meta property=\"og:site_name\" content=\"Fit360\" \/>\n<meta property=\"article:modified_time\" content=\"2025-08-13T05:37:34+00:00\" \/>\n<meta property=\"og:image\" content=\"https:\/\/fit360.ee\/wp-content\/uploads\/2021\/11\/dymatize-elite-whey-fit360.ee_.jpg\" \/>\n\t<meta property=\"og:image:width\" content=\"500\" \/>\n\t<meta property=\"og:image:height\" content=\"500\" \/>\n\t<meta property=\"og:image:type\" content=\"image\/jpeg\" \/>\n<meta name=\"twitter:card\" content=\"summary_large_image\" \/>\n<meta name=\"twitter:label1\" content=\"Est. reading time\" \/>\n\t<meta name=\"twitter:data1\" content=\"2 minutes\" \/>\n<script type=\"application\/ld+json\" class=\"yoast-schema-graph\">{\"@context\":\"https:\\\/\\\/schema.org\",\"@graph\":[{\"@type\":\"WebPage\",\"@id\":\"https:\\\/\\\/fit360.ee\\\/en\\\/pood\\\/product-groups\\\/protein-poweders-en\\\/whey-protein-en\\\/dymatize-elite-whey-2170g\\\/\",\"url\":\"https:\\\/\\\/fit360.ee\\\/en\\\/pood\\\/product-groups\\\/protein-poweders-en\\\/whey-protein-en\\\/dymatize-elite-whey-2170g\\\/\",\"name\":\"Dymatize Elite Whey Protein (2170g) - Kvaliteet Vadakuvalk - Fit360\",\"isPartOf\":{\"@id\":\"https:\\\/\\\/fit360.ee\\\/en\\\/#website\"},\"primaryImageOfPage\":{\"@id\":\"https:\\\/\\\/fit360.ee\\\/en\\\/pood\\\/product-groups\\\/protein-poweders-en\\\/whey-protein-en\\\/dymatize-elite-whey-2170g\\\/#primaryimage\"},\"image\":{\"@id\":\"https:\\\/\\\/fit360.ee\\\/en\\\/pood\\\/product-groups\\\/protein-poweders-en\\\/whey-protein-en\\\/dymatize-elite-whey-2170g\\\/#primaryimage\"},\"thumbnailUrl\":\"https:\\\/\\\/fit360.ee\\\/wp-content\\\/uploads\\\/2021\\\/11\\\/dymatize-elite-whey-fit360.ee_.jpg\",\"datePublished\":\"2021-11-19T10:35:32+00:00\",\"dateModified\":\"2025-08-13T05:37:34+00:00\",\"description\":\"Dymatize Whey Elite 100% vadakuvalk on kiiresti imenduv valguallikas, mis sisaldab k\u00f5iki asendamatuid aminohappeid, mida vajate lihaste eh..\",\"breadcrumb\":{\"@id\":\"https:\\\/\\\/fit360.ee\\\/en\\\/pood\\\/product-groups\\\/protein-poweders-en\\\/whey-protein-en\\\/dymatize-elite-whey-2170g\\\/#breadcrumb\"},\"inLanguage\":\"en-US\",\"potentialAction\":[{\"@type\":\"ReadAction\",\"target\":[\"https:\\\/\\\/fit360.ee\\\/en\\\/pood\\\/product-groups\\\/protein-poweders-en\\\/whey-protein-en\\\/dymatize-elite-whey-2170g\\\/\"]}]},{\"@type\":\"ImageObject\",\"inLanguage\":\"en-US\",\"@id\":\"https:\\\/\\\/fit360.ee\\\/en\\\/pood\\\/product-groups\\\/protein-poweders-en\\\/whey-protein-en\\\/dymatize-elite-whey-2170g\\\/#primaryimage\",\"url\":\"https:\\\/\\\/fit360.ee\\\/wp-content\\\/uploads\\\/2021\\\/11\\\/dymatize-elite-whey-fit360.ee_.jpg\",\"contentUrl\":\"https:\\\/\\\/fit360.ee\\\/wp-content\\\/uploads\\\/2021\\\/11\\\/dymatize-elite-whey-fit360.ee_.jpg\",\"width\":500,\"height\":500,\"caption\":\"dymatize elite whey - fit360.ee\"},{\"@type\":\"BreadcrumbList\",\"@id\":\"https:\\\/\\\/fit360.ee\\\/en\\\/pood\\\/product-groups\\\/protein-poweders-en\\\/whey-protein-en\\\/dymatize-elite-whey-2170g\\\/#breadcrumb\",\"itemListElement\":[{\"@type\":\"ListItem\",\"position\":1,\"name\":\"Home\",\"item\":\"https:\\\/\\\/fit360.ee\\\/en\\\/\"},{\"@type\":\"ListItem\",\"position\":2,\"name\":\"Shop\",\"item\":\"https:\\\/\\\/fit360.ee\\\/en\\\/shop\\\/\"},{\"@type\":\"ListItem\",\"position\":3,\"name\":\"Dymatize Elite Whey Protein (2170g)\"}]},{\"@type\":\"WebSite\",\"@id\":\"https:\\\/\\\/fit360.ee\\\/en\\\/#website\",\"url\":\"https:\\\/\\\/fit360.ee\\\/en\\\/\",\"name\":\"Fit360\",\"description\":\"\",\"publisher\":{\"@id\":\"https:\\\/\\\/fit360.ee\\\/en\\\/#organization\"},\"potentialAction\":[{\"@type\":\"SearchAction\",\"target\":{\"@type\":\"EntryPoint\",\"urlTemplate\":\"https:\\\/\\\/fit360.ee\\\/en\\\/?s={search_term_string}\"},\"query-input\":{\"@type\":\"PropertyValueSpecification\",\"valueRequired\":true,\"valueName\":\"search_term_string\"}}],\"inLanguage\":\"en-US\"},{\"@type\":\"Organization\",\"@id\":\"https:\\\/\\\/fit360.ee\\\/en\\\/#organization\",\"name\":\"Fit360\",\"url\":\"https:\\\/\\\/fit360.ee\\\/en\\\/\",\"logo\":{\"@type\":\"ImageObject\",\"inLanguage\":\"en-US\",\"@id\":\"https:\\\/\\\/fit360.ee\\\/en\\\/#\\\/schema\\\/logo\\\/image\\\/\",\"url\":\"https:\\\/\\\/fit360.ee\\\/wp-content\\\/uploads\\\/2017\\\/01\\\/logo-fit360.png\",\"contentUrl\":\"https:\\\/\\\/fit360.ee\\\/wp-content\\\/uploads\\\/2017\\\/01\\\/logo-fit360.png\",\"width\":180,\"height\":66,\"caption\":\"Fit360\"},\"image\":{\"@id\":\"https:\\\/\\\/fit360.ee\\\/en\\\/#\\\/schema\\\/logo\\\/image\\\/\"}}]}<\/script>\n<!-- \/ Yoast SEO plugin. -->","yoast_head_json":{"title":"Dymatize Elite Whey Protein (2170g) - Kvaliteet Vadakuvalk - Fit360","description":"Dymatize Whey Elite 100% vadakuvalk on kiiresti imenduv valguallikas, mis sisaldab k\u00f5iki asendamatuid aminohappeid, mida vajate lihaste eh..","robots":{"index":"index","follow":"follow","max-snippet":"max-snippet:-1","max-image-preview":"max-image-preview:large","max-video-preview":"max-video-preview:-1"},"canonical":"https:\/\/fit360.ee\/en\/pood\/product-groups\/protein-poweders-en\/whey-protein-en\/dymatize-elite-whey-2170g\/","og_locale":"en_US","og_type":"article","og_title":"Dymatize Elite Whey Protein (2170g) - Kvaliteet Vadakuvalk - Fit360","og_description":"Dymatize Whey Elite 100% vadakuvalk on kiiresti imenduv valguallikas, mis sisaldab k\u00f5iki asendamatuid aminohappeid, mida vajate lihaste eh..","og_url":"https:\/\/fit360.ee\/en\/pood\/product-groups\/protein-poweders-en\/whey-protein-en\/dymatize-elite-whey-2170g\/","og_site_name":"Fit360","article_modified_time":"2025-08-13T05:37:34+00:00","og_image":[{"width":500,"height":500,"url":"https:\/\/fit360.ee\/wp-content\/uploads\/2021\/11\/dymatize-elite-whey-fit360.ee_.jpg","type":"image\/jpeg"}],"twitter_card":"summary_large_image","twitter_misc":{"Est. reading time":"2 minutes"},"schema":{"@context":"https:\/\/schema.org","@graph":[{"@type":"WebPage","@id":"https:\/\/fit360.ee\/en\/pood\/product-groups\/protein-poweders-en\/whey-protein-en\/dymatize-elite-whey-2170g\/","url":"https:\/\/fit360.ee\/en\/pood\/product-groups\/protein-poweders-en\/whey-protein-en\/dymatize-elite-whey-2170g\/","name":"Dymatize Elite Whey Protein (2170g) - Kvaliteet Vadakuvalk - Fit360","isPartOf":{"@id":"https:\/\/fit360.ee\/en\/#website"},"primaryImageOfPage":{"@id":"https:\/\/fit360.ee\/en\/pood\/product-groups\/protein-poweders-en\/whey-protein-en\/dymatize-elite-whey-2170g\/#primaryimage"},"image":{"@id":"https:\/\/fit360.ee\/en\/pood\/product-groups\/protein-poweders-en\/whey-protein-en\/dymatize-elite-whey-2170g\/#primaryimage"},"thumbnailUrl":"https:\/\/fit360.ee\/wp-content\/uploads\/2021\/11\/dymatize-elite-whey-fit360.ee_.jpg","datePublished":"2021-11-19T10:35:32+00:00","dateModified":"2025-08-13T05:37:34+00:00","description":"Dymatize Whey Elite 100% vadakuvalk on kiiresti imenduv valguallikas, mis sisaldab k\u00f5iki asendamatuid aminohappeid, mida vajate lihaste eh..","breadcrumb":{"@id":"https:\/\/fit360.ee\/en\/pood\/product-groups\/protein-poweders-en\/whey-protein-en\/dymatize-elite-whey-2170g\/#breadcrumb"},"inLanguage":"en-US","potentialAction":[{"@type":"ReadAction","target":["https:\/\/fit360.ee\/en\/pood\/product-groups\/protein-poweders-en\/whey-protein-en\/dymatize-elite-whey-2170g\/"]}]},{"@type":"ImageObject","inLanguage":"en-US","@id":"https:\/\/fit360.ee\/en\/pood\/product-groups\/protein-poweders-en\/whey-protein-en\/dymatize-elite-whey-2170g\/#primaryimage","url":"https:\/\/fit360.ee\/wp-content\/uploads\/2021\/11\/dymatize-elite-whey-fit360.ee_.jpg","contentUrl":"https:\/\/fit360.ee\/wp-content\/uploads\/2021\/11\/dymatize-elite-whey-fit360.ee_.jpg","width":500,"height":500,"caption":"dymatize elite whey - fit360.ee"},{"@type":"BreadcrumbList","@id":"https:\/\/fit360.ee\/en\/pood\/product-groups\/protein-poweders-en\/whey-protein-en\/dymatize-elite-whey-2170g\/#breadcrumb","itemListElement":[{"@type":"ListItem","position":1,"name":"Home","item":"https:\/\/fit360.ee\/en\/"},{"@type":"ListItem","position":2,"name":"Shop","item":"https:\/\/fit360.ee\/en\/shop\/"},{"@type":"ListItem","position":3,"name":"Dymatize Elite Whey Protein (2170g)"}]},{"@type":"WebSite","@id":"https:\/\/fit360.ee\/en\/#website","url":"https:\/\/fit360.ee\/en\/","name":"Fit360","description":"","publisher":{"@id":"https:\/\/fit360.ee\/en\/#organization"},"potentialAction":[{"@type":"SearchAction","target":{"@type":"EntryPoint","urlTemplate":"https:\/\/fit360.ee\/en\/?s={search_term_string}"},"query-input":{"@type":"PropertyValueSpecification","valueRequired":true,"valueName":"search_term_string"}}],"inLanguage":"en-US"},{"@type":"Organization","@id":"https:\/\/fit360.ee\/en\/#organization","name":"Fit360","url":"https:\/\/fit360.ee\/en\/","logo":{"@type":"ImageObject","inLanguage":"en-US","@id":"https:\/\/fit360.ee\/en\/#\/schema\/logo\/image\/","url":"https:\/\/fit360.ee\/wp-content\/uploads\/2017\/01\/logo-fit360.png","contentUrl":"https:\/\/fit360.ee\/wp-content\/uploads\/2017\/01\/logo-fit360.png","width":180,"height":66,"caption":"Fit360"},"image":{"@id":"https:\/\/fit360.ee\/en\/#\/schema\/logo\/image\/"}}]}},"_links":{"self":[{"href":"https:\/\/fit360.ee\/en\/wp-json\/wp\/v2\/product\/58023","targetHints":{"allow":["GET"]}}],"collection":[{"href":"https:\/\/fit360.ee\/en\/wp-json\/wp\/v2\/product"}],"about":[{"href":"https:\/\/fit360.ee\/en\/wp-json\/wp\/v2\/types\/product"}],"replies":[{"embeddable":true,"href":"https:\/\/fit360.ee\/en\/wp-json\/wp\/v2\/comments?post=58023"}],"wp:featuredmedia":[{"embeddable":true,"href":"https:\/\/fit360.ee\/en\/wp-json\/wp\/v2\/media\/58018"}],"wp:attachment":[{"href":"https:\/\/fit360.ee\/en\/wp-json\/wp\/v2\/media?parent=58023"}],"wp:term":[{"taxonomy":"product_brand","embeddable":true,"href":"https:\/\/fit360.ee\/en\/wp-json\/wp\/v2\/product_brand?post=58023"},{"taxonomy":"product_cat","embeddable":true,"href":"https:\/\/fit360.ee\/en\/wp-json\/wp\/v2\/product_cat?post=58023"},{"taxonomy":"product_tag","embeddable":true,"href":"https:\/\/fit360.ee\/en\/wp-json\/wp\/v2\/product_tag?post=58023"},{"taxonomy":"giftcard-category","embeddable":true,"href":"https:\/\/fit360.ee\/en\/wp-json\/wp\/v2\/giftcard-category?post=58023"}],"curies":[{"name":"wp","href":"https:\/\/api.w.org\/{rel}","templated":true}]}}