{"id":58110,"date":"2021-11-21T17:44:21","date_gmt":"2021-11-21T15:44:21","guid":{"rendered":"https:\/\/fit360.ee\/pood\/uncategorized\/pumo-extreme-300g\/"},"modified":"2026-04-15T13:43:20","modified_gmt":"2026-04-15T11:43:20","slug":"pump-extreme-300g","status":"publish","type":"product","link":"https:\/\/fit360.ee\/en\/pood\/product-groups\/vitamins-and-minerals-en\/c-vitamin-en\/pump-extreme-300g\/","title":{"rendered":"Pump Extreme (300g)"},"content":{"rendered":"<h1><strong>Pump Extreme<\/strong><\/h1>\n<p>OstroVit Pump Extreme on pulbri kujul toidulisand, mis on loodud spetsiaalse maitsestatud tootesarja \u2013 True Taste \u2013 alla. Hoolikalt ja t\u00e4pselt v\u00e4lja t\u00f6\u00f6tatud 13 koostisosast koosnev valem v\u00f5imaldab teil leida piiramatud energiavarud, t\u00f5sta f\u00fc\u00fcsilist efektiivsust ja saavutada &#8220;lihaspumba&#8221; efekt, mida te pole kunagi varem kogenud. Teie treeningute tulevik on OstroVit Pump Extreme. \u00c4\u00e4rmuslik &#8220;pump&#8221;, \u00e4\u00e4rmuslik stimulatsioon, mis v\u00f5imaldab Teil olla parimas fookuses enne treeningut.<\/p>\n<div class=\"dePhmb\">\n<div class=\"eyKpYb\" data-language=\"et\" data-original-language=\"en\" data-result-index=\"0\">\n<ul>\n<li class=\"J0lOec\">300 g pakendis<\/li>\n<li class=\"J0lOec\">tootes koguni 30 portsjonit<\/li>\n<li class=\"J0lOec\">1 portsjon on 10 g<\/li>\n<li class=\"J0lOec\">13 erinevat toimeainet<\/li>\n<\/ul>\n<p><a href=\"https:\/\/fit360.ee\/wp-content\/uploads\/2021\/11\/ostrovit-pump-extreme-fit360.ee_-800x312.jpg\"><img loading=\"lazy\" decoding=\"async\" class=\"size-medium wp-image-58104\" src=\"https:\/\/fit360.ee\/wp-content\/uploads\/2021\/11\/ostrovit-pump-extreme-fit360.ee_-800x312.jpg\" alt=\"ostrovit pump extreme - fit360.ee\" width=\"800\" height=\"312\" srcset=\"https:\/\/fit360.ee\/wp-content\/uploads\/2021\/11\/ostrovit-pump-extreme-fit360.ee_-800x312.jpg 800w, https:\/\/fit360.ee\/wp-content\/uploads\/2021\/11\/ostrovit-pump-extreme-fit360.ee_-510x199.jpg 510w, https:\/\/fit360.ee\/wp-content\/uploads\/2021\/11\/ostrovit-pump-extreme-fit360.ee_-768x300.jpg 768w, https:\/\/fit360.ee\/wp-content\/uploads\/2021\/11\/ostrovit-pump-extreme-fit360.ee_.jpg 922w\" sizes=\"auto, (max-width: 800px) 100vw, 800px\" \/><\/a><\/p>\n<h4><strong><span style=\"font-size: 14.4px;\">Treeningeelne Erguti<\/span><\/strong><\/h4>\n<p><span style=\"font-size: 14.4px;\">OstroVit Pump Extreme on kahtlemata t\u00e4isv\u00e4\u00e4rtuslik toidulisand. 13 s\u00fcnergistlikult t\u00e4iendavast elemendist koosnevat koostisosa v\u00f5imaldavad saavutada k\u00f5ik eesm\u00e4rgid, mille iga t\u00f6\u00f6kas sportlane on seadnud. T\u00e4nu OstroVit Pump Extreme&#8217;ile eesm\u00e4rkide saavutamine pole kunagi olnud nii lihtne.<\/span><\/p>\n<p><a href=\"https:\/\/fit360.ee\/en\/product-category\/product-groups\/amino-acids-bcaa\/citrulline-en\/\"><strong>L-tsitrulliin<\/strong><\/a> \u2013 see on mittevalguline aminohape. Tsitrulliin suurendab verevoolu l\u00e4bi veresoonte, suurendab l\u00e4mmastikoksiidi tootmist ja suurendab treenimisv\u00f5imet k\u00f5ige raskemate treeningute ajal.<\/p>\n<p>Arginiini alfa-ketoglutaraat ja <a href=\"https:\/\/fit360.ee\/en\/product-category\/product-groups\/amino-acids-bcaa\/l-arginine-en\/\"><strong>L-arginiin<\/strong><\/a> osalevad aktiivselt l\u00e4mmastikoksiidi tootmises, v\u00e4hendavad vere viskoossust ja toetavad meie s\u00fcdame-veresoonkonna s\u00fcsteemi n\u00f5uetekohast t\u00f6\u00f6d.<\/p>\n<p><a href=\"https:\/\/fit360.ee\/en\/product-category\/product-groups\/amino-acids-bcaa\/l-arginine-en\/\"><strong>Beeta-alaniin<\/strong><\/a> \u2013 orgaaniline keemiline \u00fchend, mis sarnaselt tsitrulliiniga kuulub mittevalguliste aminohapete hulka. Selle peamine eesm\u00e4rk on takistada piimhappe tootmist lihastes, suurendada treeninguv\u00f5imet ja toota lihastes otseselt karnosiini.<\/p>\n<p>Tauriin \u2013 sisaldub ajus, s\u00fcdames, neerudes ja lihaskoes. Vaatamata v\u00e4ikesele kogusele m\u00e4ngib see olulist rolli nende organite \u00f5iges t\u00f6\u00f6s. See toimib ka ajus neurotransmitterina, rakumembraani stabilisaatorina ja h\u00f5lbustab ioonide, nagu kaalium, naatrium, magneesium ja kaltsium, transporti.<\/p>\n<p>Peediekstrakt DER 4:1 \u2013 peedimahl v\u00f5ib kaasa aidata kehalise vastupidavustegevuse ajal treenimisv\u00f5ime suurenemisele. See parandab s\u00fcdame-veresoonkonna ja hingamisteede stabiilsust ning suurendab l\u00e4mmastikoksiidi s\u00fcnteesi, mis suurendab verevoolu ja lihaste hapnikuga varustamist.<\/p>\n<p><a href=\"https:\/\/fit360.ee\/en\/product-category\/product-groups\/amino-acids-bcaa\/tyrosine-en\/\"><strong>L-t\u00fcrosiin<\/strong><\/a> \u2013 see on orgaaniline keemiline \u00fchend, mis kuulub valkude aminohapete r\u00fchma. See on v\u00e4ga oluline \u00fchend, mis osaleb selliste oluliste katehhoolamiinide s\u00fcnteesis nagu dopamiinid ja epinefriin (adrenaliin). Need on olulised neurotransmitterid, mis on tihedalt korrelatsioonis sobiva t\u00fcrosiini tasemega organismis.<\/p>\n<p>Veevaba kofeiin \u2013 aitab kiirendada ainevahetust, stimuleerib, annab energiat, toetab \u00fcleliigse rasvkoe v\u00e4henemist.<\/p>\n<p>Viinamarjaseemneekstrakt \u2013 standardiseeritud 95% proantots\u00fcanidiinide jaoks, sarnaselt gingeroolidele, neil on k\u00f5rge reaktiivsus teie immuuns\u00fcsteemile, v\u00e4hendatakse p\u00f5letikke organismis ja on tugev kalduvus detoksikatsioonile.<\/p>\n<p>Musta pipra puuviljaekstrakt \u2013 standardiseeritud 95% piperiini jaoks, parandab seedimist ja suurendab verevarustust, mille tulemuseks on teie organite verevarustuse paranemine, mis v\u00f5imaldab Teil efektiivsemalt trenni teha.<\/p>\n<h4><strong>Ostrovit Pump Extreme<\/strong><\/h4>\n<ul>\n<li>V\u00f5imaldab saavutada ekstreemse lihaspumba (l\u00e4mmastikoksiid)<\/li>\n<li>Suurenenud treeningute efektiivsus<\/li>\n<li>Maksimaalne stimulatsioon treeningute ajal<\/li>\n<li>Toetus rasvavaba kehakaalu kujundamisel<\/li>\n<li>V\u00e4simuse v\u00e4hendamine treeningu ajal<\/li>\n<li>Rohkem j\u00f5udu -&gt; suurem p\u00fchendumus -&gt; suurem lihasmass<\/li>\n<\/ul>\n<p><strong>Koostisosad<\/strong>: L-tsitrulliinmalaat, L-arginiini alfa-ketoglutaraat, L-arginiin, beeta-alaniin, tauriin, peediekstrakt (Beta vulgaris L.) DER 4:1, sidrunhappe magneesiumisoolad (magneesium), L-t\u00fcrosiin, veevaba kofeiin , viinamarjaseemne ekstrakt (Vitis vinfera L.) &#8211; 95% proantots\u00fcaniidid, aroom, L-askorbiinhape (C-vitamiin), magusaine: sukraloos; paakumisvastane aine: r\u00e4nidioksiid; magusaine: atsesulfaam K; musta pipra puuviljaekstrakt (Piper nigrum L.) &#8211; 95% piperiin, musta porgandi pulbri kontsentraat, p\u00fcridoksiinvesinikkloriid (vitamiin B6). Toode v\u00f5ib sisaldada piima (sh laktoosi), sojaube, maap\u00e4hkleid, muid p\u00e4hkleid, seesamiseemneid, kaera, mune, v\u00e4hilaadseid, kala.<\/p>\n<p><strong>Kasutamine<\/strong>: Lahustage \u00fcks portsjon toodet 10 g (1,5 lusikat\u00e4it) 200\u2013250 ml vees loksutis. V\u00f5tke \u00fcks portsjon 30 min enne treeningut. Toode on m\u00f5eldud suurenenud kehalise aktiivsusega t\u00e4iskasvanutele.<\/p>\n<p><strong>Suurus<\/strong>: 300g &#8211; 30 serveeringut.<\/p>\n<table>\n<tbody>\n<tr>\n<th><strong>Aktiivsed toimeained<\/strong><\/th>\n<th>100g<\/th>\n<th>10g (1 serveering)<\/th>\n<th>% SPK*<\/th>\n<\/tr>\n<tr>\n<td>Tsitrulliin Malaat<\/td>\n<td>35\u00a0000 mg<\/td>\n<td>3\u00a0500 mg<\/td>\n<td>&#8211;<\/td>\n<\/tr>\n<tr class=\"sub\">\n<td>&#8211; millest L-Tsitrulliin<\/td>\n<td>22\u00a0750 mg<\/td>\n<td>2 275 mg<\/td>\n<td>&#8211;<\/td>\n<\/tr>\n<tr>\n<td>L-arginiini alfa-ketoglutaraat<\/td>\n<td>16 314 mg<\/td>\n<td>1 631\u00a0mg<\/td>\n<td>&#8211;<\/td>\n<\/tr>\n<tr class=\"sub\">\n<td>&#8211; <em>millest<\/em> L-arginiin<\/td>\n<td>10 604\u00a0mg<\/td>\n<td>1 060 mg<\/td>\n<td>&#8211;<\/td>\n<\/tr>\n<tr>\n<td>L-arginiin<\/td>\n<td>15 000 mg<\/td>\n<td>1 500 mg<\/td>\n<td>&#8211;<\/td>\n<\/tr>\n<tr>\n<td>Beeta-alaniin<\/td>\n<td>8 000 mg<\/td>\n<td>800 mg<\/td>\n<td>&#8211;<\/td>\n<\/tr>\n<tr>\n<td>Tauriin<\/td>\n<td>5 000 mg<\/td>\n<td>500 mg<\/td>\n<td>&#8211;<\/td>\n<\/tr>\n<tr>\n<td>Peediekstrakt DER 4:1<\/td>\n<td>5 000 mg<\/td>\n<td>500 mg<\/td>\n<td>&#8211;<\/td>\n<\/tr>\n<tr>\n<td>L-t\u00fcrosiin<\/td>\n<td>3 000 mg<\/td>\n<td>300 mg<\/td>\n<td>&#8211;<\/td>\n<\/tr>\n<tr>\n<td>Veevaba kofeiin<\/td>\n<td>2 000 mg<\/td>\n<td>200 mg<\/td>\n<td>&#8211;<\/td>\n<\/tr>\n<tr>\n<td>viinamarjaseemne ekstrakt<\/td>\n<td>1 500 mg<\/td>\n<td>150\u00a0mg<\/td>\n<td>&#8211;<\/td>\n<\/tr>\n<tr class=\"sub\">\n<td>&#8211; <em>millest<\/em> PAC (95%)<\/td>\n<td>1 425 mg<\/td>\n<td>142.5 mg<\/td>\n<td>&#8211;<\/td>\n<\/tr>\n<tr>\n<td>Musta Pipra puuviljaekstrakt<\/td>\n<td>105.5 mg<\/td>\n<td>10.55 mg<\/td>\n<td>&#8211;<\/td>\n<\/tr>\n<tr class=\"sub\">\n<td>&#8211; millest piperiin (95%)<\/td>\n<td>100 mg<\/td>\n<td>10 mg<\/td>\n<td>&#8211;<\/td>\n<\/tr>\n<tr>\n<td>Vitamiin C<\/td>\n<td>800 mg<\/td>\n<td>80 mg<\/td>\n<td>100<\/td>\n<\/tr>\n<tr>\n<td>Magneesium<\/td>\n<td>580 mg<\/td>\n<td>58 mg<\/td>\n<td>15<\/td>\n<\/tr>\n<tr>\n<td>Vitamiin B6<\/td>\n<td>14 mg<\/td>\n<td>1.4 mg<\/td>\n<td>100<\/td>\n<\/tr>\n<\/tbody>\n<\/table>\n<p>*SPK &#8211; Soovitatud p\u00e4evane Kogus<\/p>\n<p>Vaata ka meie Teisi Treeningeelseid Erguteid <a href=\"https:\/\/fit360.ee\/en\/product-category\/product-groups\/pre-workout-en\/\"><strong>SIIT<\/strong><\/a>!<\/p>\n<p>Soovid kaupa osta suuremas koguses? Vaata antud toodet ka meie HULGI poest\u00a0<a href=\"https:\/\/toidulisandidhulgi.ee\/product\/pump-extreme-300g\/\"><strong>SIIT<\/strong><\/a>!<\/p>\n<\/div>\n<\/div>\n","protected":false},"excerpt":{"rendered":"<h4><strong>Ostrovit Pump Extreme<\/strong><\/h4>\n<ul>\n<li>V\u00f5imaldab saavutada ekstreemse lihaspumba (l\u00e4mmastikoksiid)<\/li>\n<li>Suurenenud treeningute efektiivsus<\/li>\n<li>Maksimaalne stimulatsioon treeningute ajal<\/li>\n<li>Toetus rasvavaba kehakaalu kujundamisel<\/li>\n<li>V\u00e4simuse v\u00e4hendamine treeningu ajal<\/li>\n<li>Rohkem j\u00f5udu -&gt; suurem p\u00fchendumus -&gt; suurem lihasmass<\/li>\n<\/ul>\n","protected":false},"featured_media":84450,"comment_status":"closed","ping_status":"closed","template":"","meta":[],"product_brand":[],"product_cat":[2303,1911,2314,2331,2311,1329,533,2327],"product_tag":[1924,3436,3437],"giftcard-category":[],"class_list":{"0":"post-58110","1":"product","2":"type-product","3":"status-publish","4":"has-post-thumbnail","6":"product_cat-beta-alanine-en","7":"product_cat-c-vitamin-en","8":"product_cat-citrulline-en","9":"product_cat-essential-amino-acids-eaa-en","10":"product_cat-l-arginine-en","11":"product_cat-ostrovit-en","12":"product_cat-pre-workout-en","13":"product_cat-tyrosine-en","14":"product_tag-ostrovit-en","15":"product_tag-ostrovit-pump-extreme-en","16":"product_tag-pump-extreme-en","17":"pa_maitse-black-currant","18":"pa_maitse-grape","19":"pa_maitse-strawberry-2","21":"first","22":"instock","23":"sale","24":"taxable","25":"shipping-taxable","26":"purchasable","27":"product-type-variable"},"yoast_head":"<!-- This site is optimized with the Yoast SEO plugin v27.5 - https:\/\/yoast.com\/product\/yoast-seo-wordpress\/ -->\n<title>Pump Extreme (300g) - Pre Workout - Treeningeelne Erguti - Fit360<\/title>\n<meta name=\"description\" content=\"Pump Extreme on koonseb 13 erinevast toimeainest, mis annab parima pump efekti enne treeningut ja seel\u00e4bi suurendab treeningu efektiivsust.\" \/>\n<meta name=\"robots\" content=\"index, follow, max-snippet:-1, max-image-preview:large, max-video-preview:-1\" \/>\n<link rel=\"canonical\" href=\"https:\/\/fit360.ee\/en\/pood\/product-groups\/vitamins-and-minerals-en\/c-vitamin-en\/pump-extreme-300g\/\" \/>\n<meta property=\"og:locale\" content=\"en_US\" \/>\n<meta property=\"og:type\" content=\"article\" \/>\n<meta property=\"og:title\" content=\"Pump Extreme (300g) - Pre Workout - Treeningeelne Erguti - Fit360\" \/>\n<meta property=\"og:description\" content=\"Pump Extreme on koonseb 13 erinevast toimeainest, mis annab parima pump efekti enne treeningut ja seel\u00e4bi suurendab treeningu efektiivsust.\" \/>\n<meta property=\"og:url\" content=\"https:\/\/fit360.ee\/en\/pood\/product-groups\/vitamins-and-minerals-en\/c-vitamin-en\/pump-extreme-300g\/\" \/>\n<meta property=\"og:site_name\" content=\"Fit360\" \/>\n<meta property=\"article:modified_time\" content=\"2026-04-15T11:43:20+00:00\" \/>\n<meta property=\"og:image\" content=\"https:\/\/fit360.ee\/wp-content\/uploads\/2021\/11\/pump-extreme-pre-workout-fit360.ee-1.png\" \/>\n\t<meta property=\"og:image:width\" content=\"450\" \/>\n\t<meta property=\"og:image:height\" content=\"450\" \/>\n\t<meta property=\"og:image:type\" content=\"image\/png\" \/>\n<meta name=\"twitter:card\" content=\"summary_large_image\" \/>\n<meta name=\"twitter:label1\" content=\"Est. reading time\" \/>\n\t<meta name=\"twitter:data1\" content=\"3 minutes\" \/>\n<script type=\"application\/ld+json\" class=\"yoast-schema-graph\">{\"@context\":\"https:\\\/\\\/schema.org\",\"@graph\":[{\"@type\":\"WebPage\",\"@id\":\"https:\\\/\\\/fit360.ee\\\/en\\\/pood\\\/product-groups\\\/vitamins-and-minerals-en\\\/c-vitamin-en\\\/pump-extreme-300g\\\/\",\"url\":\"https:\\\/\\\/fit360.ee\\\/en\\\/pood\\\/product-groups\\\/vitamins-and-minerals-en\\\/c-vitamin-en\\\/pump-extreme-300g\\\/\",\"name\":\"Pump Extreme (300g) - Pre Workout - Treeningeelne Erguti - Fit360\",\"isPartOf\":{\"@id\":\"https:\\\/\\\/fit360.ee\\\/en\\\/#website\"},\"primaryImageOfPage\":{\"@id\":\"https:\\\/\\\/fit360.ee\\\/en\\\/pood\\\/product-groups\\\/vitamins-and-minerals-en\\\/c-vitamin-en\\\/pump-extreme-300g\\\/#primaryimage\"},\"image\":{\"@id\":\"https:\\\/\\\/fit360.ee\\\/en\\\/pood\\\/product-groups\\\/vitamins-and-minerals-en\\\/c-vitamin-en\\\/pump-extreme-300g\\\/#primaryimage\"},\"thumbnailUrl\":\"https:\\\/\\\/fit360.ee\\\/wp-content\\\/uploads\\\/2021\\\/11\\\/pump-extreme-pre-workout-fit360.ee-1.png\",\"datePublished\":\"2021-11-21T15:44:21+00:00\",\"dateModified\":\"2026-04-15T11:43:20+00:00\",\"description\":\"Pump Extreme on koonseb 13 erinevast toimeainest, mis annab parima pump efekti enne treeningut ja seel\u00e4bi suurendab treeningu efektiivsust.\",\"breadcrumb\":{\"@id\":\"https:\\\/\\\/fit360.ee\\\/en\\\/pood\\\/product-groups\\\/vitamins-and-minerals-en\\\/c-vitamin-en\\\/pump-extreme-300g\\\/#breadcrumb\"},\"inLanguage\":\"en-US\",\"potentialAction\":[{\"@type\":\"ReadAction\",\"target\":[\"https:\\\/\\\/fit360.ee\\\/en\\\/pood\\\/product-groups\\\/vitamins-and-minerals-en\\\/c-vitamin-en\\\/pump-extreme-300g\\\/\"]}]},{\"@type\":\"ImageObject\",\"inLanguage\":\"en-US\",\"@id\":\"https:\\\/\\\/fit360.ee\\\/en\\\/pood\\\/product-groups\\\/vitamins-and-minerals-en\\\/c-vitamin-en\\\/pump-extreme-300g\\\/#primaryimage\",\"url\":\"https:\\\/\\\/fit360.ee\\\/wp-content\\\/uploads\\\/2021\\\/11\\\/pump-extreme-pre-workout-fit360.ee-1.png\",\"contentUrl\":\"https:\\\/\\\/fit360.ee\\\/wp-content\\\/uploads\\\/2021\\\/11\\\/pump-extreme-pre-workout-fit360.ee-1.png\",\"width\":450,\"height\":450,\"caption\":\"pump extreme pre-workout - fit360.ee\"},{\"@type\":\"BreadcrumbList\",\"@id\":\"https:\\\/\\\/fit360.ee\\\/en\\\/pood\\\/product-groups\\\/vitamins-and-minerals-en\\\/c-vitamin-en\\\/pump-extreme-300g\\\/#breadcrumb\",\"itemListElement\":[{\"@type\":\"ListItem\",\"position\":1,\"name\":\"Home\",\"item\":\"https:\\\/\\\/fit360.ee\\\/en\\\/\"},{\"@type\":\"ListItem\",\"position\":2,\"name\":\"Shop\",\"item\":\"https:\\\/\\\/fit360.ee\\\/en\\\/shop\\\/\"},{\"@type\":\"ListItem\",\"position\":3,\"name\":\"Pump Extreme (300g)\"}]},{\"@type\":\"WebSite\",\"@id\":\"https:\\\/\\\/fit360.ee\\\/en\\\/#website\",\"url\":\"https:\\\/\\\/fit360.ee\\\/en\\\/\",\"name\":\"Fit360\",\"description\":\"\",\"publisher\":{\"@id\":\"https:\\\/\\\/fit360.ee\\\/en\\\/#organization\"},\"potentialAction\":[{\"@type\":\"SearchAction\",\"target\":{\"@type\":\"EntryPoint\",\"urlTemplate\":\"https:\\\/\\\/fit360.ee\\\/en\\\/?s={search_term_string}\"},\"query-input\":{\"@type\":\"PropertyValueSpecification\",\"valueRequired\":true,\"valueName\":\"search_term_string\"}}],\"inLanguage\":\"en-US\"},{\"@type\":\"Organization\",\"@id\":\"https:\\\/\\\/fit360.ee\\\/en\\\/#organization\",\"name\":\"Fit360\",\"url\":\"https:\\\/\\\/fit360.ee\\\/en\\\/\",\"logo\":{\"@type\":\"ImageObject\",\"inLanguage\":\"en-US\",\"@id\":\"https:\\\/\\\/fit360.ee\\\/en\\\/#\\\/schema\\\/logo\\\/image\\\/\",\"url\":\"https:\\\/\\\/fit360.ee\\\/wp-content\\\/uploads\\\/2017\\\/01\\\/logo-fit360.png\",\"contentUrl\":\"https:\\\/\\\/fit360.ee\\\/wp-content\\\/uploads\\\/2017\\\/01\\\/logo-fit360.png\",\"width\":180,\"height\":66,\"caption\":\"Fit360\"},\"image\":{\"@id\":\"https:\\\/\\\/fit360.ee\\\/en\\\/#\\\/schema\\\/logo\\\/image\\\/\"}}]}<\/script>\n<!-- \/ Yoast SEO plugin. -->","yoast_head_json":{"title":"Pump Extreme (300g) - Pre Workout - Treeningeelne Erguti - Fit360","description":"Pump Extreme on koonseb 13 erinevast toimeainest, mis annab parima pump efekti enne treeningut ja seel\u00e4bi suurendab treeningu efektiivsust.","robots":{"index":"index","follow":"follow","max-snippet":"max-snippet:-1","max-image-preview":"max-image-preview:large","max-video-preview":"max-video-preview:-1"},"canonical":"https:\/\/fit360.ee\/en\/pood\/product-groups\/vitamins-and-minerals-en\/c-vitamin-en\/pump-extreme-300g\/","og_locale":"en_US","og_type":"article","og_title":"Pump Extreme (300g) - Pre Workout - Treeningeelne Erguti - Fit360","og_description":"Pump Extreme on koonseb 13 erinevast toimeainest, mis annab parima pump efekti enne treeningut ja seel\u00e4bi suurendab treeningu efektiivsust.","og_url":"https:\/\/fit360.ee\/en\/pood\/product-groups\/vitamins-and-minerals-en\/c-vitamin-en\/pump-extreme-300g\/","og_site_name":"Fit360","article_modified_time":"2026-04-15T11:43:20+00:00","og_image":[{"width":450,"height":450,"url":"https:\/\/fit360.ee\/wp-content\/uploads\/2021\/11\/pump-extreme-pre-workout-fit360.ee-1.png","type":"image\/png"}],"twitter_card":"summary_large_image","twitter_misc":{"Est. reading time":"3 minutes"},"schema":{"@context":"https:\/\/schema.org","@graph":[{"@type":"WebPage","@id":"https:\/\/fit360.ee\/en\/pood\/product-groups\/vitamins-and-minerals-en\/c-vitamin-en\/pump-extreme-300g\/","url":"https:\/\/fit360.ee\/en\/pood\/product-groups\/vitamins-and-minerals-en\/c-vitamin-en\/pump-extreme-300g\/","name":"Pump Extreme (300g) - Pre Workout - Treeningeelne Erguti - Fit360","isPartOf":{"@id":"https:\/\/fit360.ee\/en\/#website"},"primaryImageOfPage":{"@id":"https:\/\/fit360.ee\/en\/pood\/product-groups\/vitamins-and-minerals-en\/c-vitamin-en\/pump-extreme-300g\/#primaryimage"},"image":{"@id":"https:\/\/fit360.ee\/en\/pood\/product-groups\/vitamins-and-minerals-en\/c-vitamin-en\/pump-extreme-300g\/#primaryimage"},"thumbnailUrl":"https:\/\/fit360.ee\/wp-content\/uploads\/2021\/11\/pump-extreme-pre-workout-fit360.ee-1.png","datePublished":"2021-11-21T15:44:21+00:00","dateModified":"2026-04-15T11:43:20+00:00","description":"Pump Extreme on koonseb 13 erinevast toimeainest, mis annab parima pump efekti enne treeningut ja seel\u00e4bi suurendab treeningu efektiivsust.","breadcrumb":{"@id":"https:\/\/fit360.ee\/en\/pood\/product-groups\/vitamins-and-minerals-en\/c-vitamin-en\/pump-extreme-300g\/#breadcrumb"},"inLanguage":"en-US","potentialAction":[{"@type":"ReadAction","target":["https:\/\/fit360.ee\/en\/pood\/product-groups\/vitamins-and-minerals-en\/c-vitamin-en\/pump-extreme-300g\/"]}]},{"@type":"ImageObject","inLanguage":"en-US","@id":"https:\/\/fit360.ee\/en\/pood\/product-groups\/vitamins-and-minerals-en\/c-vitamin-en\/pump-extreme-300g\/#primaryimage","url":"https:\/\/fit360.ee\/wp-content\/uploads\/2021\/11\/pump-extreme-pre-workout-fit360.ee-1.png","contentUrl":"https:\/\/fit360.ee\/wp-content\/uploads\/2021\/11\/pump-extreme-pre-workout-fit360.ee-1.png","width":450,"height":450,"caption":"pump extreme pre-workout - fit360.ee"},{"@type":"BreadcrumbList","@id":"https:\/\/fit360.ee\/en\/pood\/product-groups\/vitamins-and-minerals-en\/c-vitamin-en\/pump-extreme-300g\/#breadcrumb","itemListElement":[{"@type":"ListItem","position":1,"name":"Home","item":"https:\/\/fit360.ee\/en\/"},{"@type":"ListItem","position":2,"name":"Shop","item":"https:\/\/fit360.ee\/en\/shop\/"},{"@type":"ListItem","position":3,"name":"Pump Extreme (300g)"}]},{"@type":"WebSite","@id":"https:\/\/fit360.ee\/en\/#website","url":"https:\/\/fit360.ee\/en\/","name":"Fit360","description":"","publisher":{"@id":"https:\/\/fit360.ee\/en\/#organization"},"potentialAction":[{"@type":"SearchAction","target":{"@type":"EntryPoint","urlTemplate":"https:\/\/fit360.ee\/en\/?s={search_term_string}"},"query-input":{"@type":"PropertyValueSpecification","valueRequired":true,"valueName":"search_term_string"}}],"inLanguage":"en-US"},{"@type":"Organization","@id":"https:\/\/fit360.ee\/en\/#organization","name":"Fit360","url":"https:\/\/fit360.ee\/en\/","logo":{"@type":"ImageObject","inLanguage":"en-US","@id":"https:\/\/fit360.ee\/en\/#\/schema\/logo\/image\/","url":"https:\/\/fit360.ee\/wp-content\/uploads\/2017\/01\/logo-fit360.png","contentUrl":"https:\/\/fit360.ee\/wp-content\/uploads\/2017\/01\/logo-fit360.png","width":180,"height":66,"caption":"Fit360"},"image":{"@id":"https:\/\/fit360.ee\/en\/#\/schema\/logo\/image\/"}}]}},"_links":{"self":[{"href":"https:\/\/fit360.ee\/en\/wp-json\/wp\/v2\/product\/58110","targetHints":{"allow":["GET"]}}],"collection":[{"href":"https:\/\/fit360.ee\/en\/wp-json\/wp\/v2\/product"}],"about":[{"href":"https:\/\/fit360.ee\/en\/wp-json\/wp\/v2\/types\/product"}],"replies":[{"embeddable":true,"href":"https:\/\/fit360.ee\/en\/wp-json\/wp\/v2\/comments?post=58110"}],"wp:featuredmedia":[{"embeddable":true,"href":"https:\/\/fit360.ee\/en\/wp-json\/wp\/v2\/media\/84450"}],"wp:attachment":[{"href":"https:\/\/fit360.ee\/en\/wp-json\/wp\/v2\/media?parent=58110"}],"wp:term":[{"taxonomy":"product_brand","embeddable":true,"href":"https:\/\/fit360.ee\/en\/wp-json\/wp\/v2\/product_brand?post=58110"},{"taxonomy":"product_cat","embeddable":true,"href":"https:\/\/fit360.ee\/en\/wp-json\/wp\/v2\/product_cat?post=58110"},{"taxonomy":"product_tag","embeddable":true,"href":"https:\/\/fit360.ee\/en\/wp-json\/wp\/v2\/product_tag?post=58110"},{"taxonomy":"giftcard-category","embeddable":true,"href":"https:\/\/fit360.ee\/en\/wp-json\/wp\/v2\/giftcard-category?post=58110"}],"curies":[{"name":"wp","href":"https:\/\/api.w.org\/{rel}","templated":true}]}}