{"id":58121,"date":"2021-11-21T18:52:48","date_gmt":"2021-11-21T16:52:48","guid":{"rendered":"https:\/\/fit360.ee\/pood\/uncategorized\/braintus-respawn-90caps\/"},"modified":"2025-08-19T08:33:28","modified_gmt":"2025-08-19T06:33:28","slug":"braintus-respawn-90caps","status":"publish","type":"product","link":"https:\/\/fit360.ee\/en\/pood\/product-groups\/sleep-enhancers-en\/melatonin-en\/braintus-respawn-90caps\/","title":{"rendered":"Braintus Respawn (90caps)"},"content":{"rendered":"<h1><strong>Braintus Respawn<\/strong><\/h1>\n<p>OstroVit Braintus Respawn on toidulisand, mis on m\u00f5eldud k\u00f5igile neile, kes otsivad lihtsat viisi oma kognitiivsete funktsioonide parandamiseks ja \u00f6\u00f6p\u00e4evar\u00fctmi reguleerimiseks \u2013 ja see on t\u00e4nu \u00fcheksa neuroaktiivse, rahustava ja antioks\u00fcdantse koostisaine kombinatsioonile. Kas soovite kergemini uinuda ja s\u00fcgavamalt magada, samuti stressiga paremini toime tulla ja rohkem meelde j\u00e4tta? Proovige OstroVit Braintus Respawni!<\/p>\n<h4><strong>Miks valida OstroVit Braintus Respawn?<\/strong><\/h4>\n<p>OstroVit Braintus Respawn toidulisand on ainulaadne kombinatsioon taimse p\u00e4ritoluga ekstraktidest vitamiinide, mineraalide ja muude toimeainetega, mis toetavad aju t\u00f6\u00f6d ja taastumist. T\u00e4nu k\u00f5rgele melatoniinisisaldusele toimivad kapslid h\u00e4sti unetuse all kannatavatele inimestele. Muud toidulisandi koostisosad, nagu melissi ekstrakt ja magneesium, suurendavad m\u00e4lu ja parandavad keskendumisv\u00f5imet. Ashwagandgha juureekstraktid ja humalaekstraktid ning L-teaniin v\u00e4hendavad stressi ja n\u00e4rvilisust.<\/p>\n<p><strong>OstroVit Braintus Respawn<\/strong> kapslid toetavad aju t\u00f6\u00f6d ja reguleerivad \u00f6\u00f6p\u00e4evar\u00fctmi. Valige need, kui:<\/p>\n<ul>\n<li>Teil on uneh\u00e4ired<\/li>\n<li>Sageli \u00e4rkate \u00f6\u00f6sel<\/li>\n<li>Tunnete end alati v\u00e4sinuna<\/li>\n<li>On keskendumisraskusi<\/li>\n<li>Stressiga toime tulla<\/li>\n<li>Soovite parandada m\u00e4lu<\/li>\n<\/ul>\n<h4><strong>Braintus Respawn peamised omadused<\/strong>:<\/h4>\n<p><strong>Ainulaadne KOOSTISOSADE KOMBINEERIMINE<\/strong> \u2013 L\u00e4bim\u00f5eldud koguni \u00fcheksast toimeainest koosnev koostis on n\u00e4rvis\u00fcsteemi mitmek\u00fclgse m\u00f5ju tagatis.<br \/>\n<strong>\u00d6\u00f6p\u00e4evar\u00fctmi REGULEERIMINE<\/strong> \u2013 Toidulisandis sisalduv melatoniin tagab tervisliku une ka siis, kui t\u00f6\u00f6tate vahetustega v\u00f5i \u00f6\u00f6sel.<br \/>\n<strong>N\u00c4RVIS\u00dcSTEEMI STIMULEERIMINE<\/strong> \u2013 T\u00e4iendavad koostisosad toetavad m\u00e4lu, keskendumisv\u00f5imet ja rahustavat toimet, et te ei l\u00e4heks nii palju n\u00e4rvi.<br \/>\n<strong>MUGAV KASUTAMINE<\/strong> &#8211; Vee m\u00f5jul muutub kapsli kate siledaks, nii et saate selle kergesti alla neelata.<\/p>\n<h4><strong>OstroVit Braintus Respawni koostisosad<\/strong><\/h4>\n<p><a href=\"https:\/\/fit360.ee\/en\/product-category\/product-groups\/vitamins-and-minerals-en\/magnesium-en\/\"><strong>Magneesium<\/strong><\/a> \u2013 see parandab halli aine t\u00f6\u00f6d ning suurendab m\u00e4lu ja m\u00f5tlemist. See toetab immuuns\u00fcsteemi. See aitab lihaskrampide korral.<br \/>\n<strong>Melissi lehtede ekstrakt<\/strong> \u2013 soodustab meeldej\u00e4tmist ja keskendumist. Seda kasutatakse peavalude korral ning sellel on rahustavad ja l\u00f5\u00f5gastavad omadused.<br \/>\n<strong>Humalaekstrakt<\/strong> \u2013 sellel on l\u00f5\u00f5gastavad ja antioks\u00fcdantsed omadused. See v\u00f5ib parandada une kvaliteeti.<br \/>\n<strong>L-teaniin<\/strong> \u2013 sellel on rahustavad omadused. See v\u00e4hendab stressi ja v\u00e4simustunnet.<br \/>\n<strong>Pantoteenhape<\/strong> \u2013 osaleb paljudes organismisiseste keemilistes reaktsioonides. Toetab naha ja limaskestade taastumist. Samuti v\u00f5ib see parandada immuunsust.<br \/>\n<a href=\"https:\/\/fit360.ee\/en\/product-category\/product-groups\/superfoods-health-foods-en\/ashwagandha-en\/\"><strong>Ashwagandha juure ekstrakt<\/strong><\/a> \u2013 rahustab \u00e4revust ja stressi. See toetab kognitiivseid funktsioone ja regenereerimisprotsesse.<br \/>\n<a href=\"https:\/\/fit360.ee\/en\/product-category\/product-groups\/vitamins-and-minerals-en\/zinc-en\/\"><strong>Tsink<\/strong><\/a> \u2013 hoolitseb naha, juuste ja k\u00fc\u00fcnte eest. See toetab haavade paranemist. See n\u00e4itab v\u00f5\u00f5rutusomadusi.<br \/>\n<strong>Vitamiin B6<\/strong> \u2013 osaleb paljudes olulistes biokeemilistes reaktsioonides organismis, sealhulgas serotoniini ja adrenaliini s\u00fcnteesis, et aidata n\u00e4rvis\u00fcsteemi.<br \/>\n<a href=\"https:\/\/fit360.ee\/en\/product-category\/product-groups\/sleep-enhancers-en\/melatonin-en\/\"><strong>Melatoniin<\/strong><\/a> \u2013 aitab v\u00f5idelda ebaregulaarse \u00f6\u00f6p\u00e4evar\u00fctmi vastu. See aitab uinuda ning pikendab ja tugevdab und.<\/p>\n<p><strong>Koostisosad<\/strong>: Magneesium (magneesiumkarbonaat), melissi lehtede ekstrakt, humalak\u00e4bi ekstrakt, L-teaniin, pantoteenhape (kaltsium-D-pantotenaat), ashwagandha juure ekstrakt (7,2% withanoliide, 1% alkaloide ja 0,25% vitaferiin A), tsink (tsinkpikolinaat). ), vitamiin B6 (p\u00fcridoksaal-5&#8242;-fosfaat P-5-P), melatoniin, kapsli kest (mahuaine: h\u00fcdroks\u00fcprop\u00fc\u00fclmet\u00fc\u00fcltselluloos). Toode v\u00f5ib sisaldada piima (sh laktoosi), soja, maap\u00e4hkleid, muid p\u00e4hkleid, seesamiseemneid, gluteeni sisaldavaid teravilju, mune, v\u00e4hilaadseid, kala.<\/p>\n<p><strong>Kasutamine<\/strong>: Tarbi 1 portsjon (3 kapslit) \u00f5htul. Preparaat on m\u00f5eldud t\u00e4iskasvanutele.<\/p>\n<p><strong>Suurus<\/strong>: 90 kapslit &#8211; 30 serveeringut.<\/p>\n<table>\n<tbody>\n<tr>\n<th>Aktiivsed toimeained<\/th>\n<th>Serveeringu kohta ( 3 kapslit)<\/th>\n<th>% SPK*<\/th>\n<\/tr>\n<tr>\n<td>Magneesium (magneesium karbonaat)<\/td>\n<td>57 mg<\/td>\n<td>15<\/td>\n<\/tr>\n<tr>\n<td>Melissi lehtede ekstrakt<\/td>\n<td>200 mg<\/td>\n<td>&#8211;<\/td>\n<\/tr>\n<tr>\n<td>Humalak\u00e4bide ekstrakt<\/td>\n<td>200 mg<\/td>\n<td>&#8211;<\/td>\n<\/tr>\n<tr>\n<td>L-teaniin<\/td>\n<td>200 mg<\/td>\n<td>&#8211;<\/td>\n<\/tr>\n<tr>\n<td>Pantoteenhape (kaltsium-D-pantotenaat)<\/td>\n<td>180 mg<\/td>\n<td>3000<\/td>\n<\/tr>\n<tr>\n<td>Ashwagandha juure ekstrakt (7,2% withanoliide, 1% alkaloide ja 0,25% vitaferiin A)<\/td>\n<td>135 mg<\/td>\n<td>&#8211;<\/td>\n<\/tr>\n<tr>\n<td>Tsink (tsinkpikolinaat)<\/td>\n<td>15 mg<\/td>\n<td>150<\/td>\n<\/tr>\n<tr>\n<td>B6-vitamiin (piridoksalo 5&#8242;-fosforaan P-5-P)<\/td>\n<td>18 mg<\/td>\n<td>1286<\/td>\n<\/tr>\n<tr>\n<td>Melatoniin<\/td>\n<td>1 mg<\/td>\n<td>&#8211;<\/td>\n<\/tr>\n<\/tbody>\n<\/table>\n<p>*SPK- Sooviatud p\u00e4evane kogus.<\/p>\n<p>Vaata ka meie Teisi Aju Tegevusi toetavaid Toidulisandeid <a href=\"https:\/\/fit360.ee\/en\/product-category\/product-groups\/brain-support-nootropics-en\/\"><strong>SIIT<\/strong><\/a>!<\/p>\n<p>Soovid kaupa osta suuremas koguses? Vaata antud toodet ka meie HULGI poest\u00a0<a href=\"https:\/\/toidulisandidhulgi.ee\/product\/braintus-respawn-90caps\/\"><strong>SIIT<\/strong><\/a>!<\/p>\n","protected":false},"excerpt":{"rendered":"<p><strong>Braintus Respawn peamised omadused<\/strong>:<\/p>\n<p><strong>Ainulaadne koostisosade kombineerimine<\/strong> \u2013 L\u00e4bim\u00f5eldud koguni \u00fcheksast toimeainest koosnev koostis on n\u00e4rvis\u00fcsteemi mitmek\u00fclgse m\u00f5ju tagatis.<br \/>\n<strong>\u00d6\u00f6p\u00e4evar\u00fctmi reguleerimine<\/strong> \u2013 Toidulisandis sisalduv melatoniin tagab tervisliku une ka siis, kui t\u00f6\u00f6tate vahetustega v\u00f5i \u00f6\u00f6sel.<br \/>\n<strong>N\u00e4rvis\u00fcsteemi stimuleerimine<\/strong>\u00a0\u2013 T\u00e4iendavad koostisosad toetavad m\u00e4lu, keskendumisv\u00f5imet ja rahustavat toimet, et te ei l\u00e4heks nii palju n\u00e4rvi.<br \/>\n<strong>Mugav kasutamine<\/strong>\u00a0&#8211; Vee m\u00f5jul muutub kapsli kate siledaks, nii et saate selle kergesti alla neelata.<\/p>\n","protected":false},"featured_media":58120,"comment_status":"closed","ping_status":"closed","template":"","meta":[],"product_brand":[],"product_cat":[2347,2485,2480,1329,2476,1454,2275],"product_tag":[3441,1924],"giftcard-category":[],"class_list":{"0":"post-58121","1":"product","2":"type-product","3":"status-publish","4":"has-post-thumbnail","6":"product_cat-ashwagandha-en","7":"product_cat-brain-support-nootropics-en","8":"product_cat-melatonin-en","9":"product_cat-ostrovit-en","10":"product_cat-sleep-enhancers-en","11":"product_cat-superfoods-health-foods-en","12":"product_cat-zinc-en","13":"product_tag-barintus-respawn-en","14":"product_tag-ostrovit-en","15":"pa_kogus-90-capsules","16":"pa_toidulisand-branddd-ostrovit","17":"pa_tootegruppp-aju-tegevus-nootropics-en","18":"pa_tootegruppp-ashwagandha-en","19":"pa_tootegruppp-melatoniin-en","20":"pa_tootegruppp-supertoit-tervisetoit-en","21":"pa_tootegruppp-tsink-en","22":"pa_tootegruppp-uni-en","24":"first","25":"instock","26":"sale","27":"taxable","28":"shipping-taxable","29":"purchasable","30":"product-type-simple"},"yoast_head":"<!-- This site is optimized with the Yoast SEO plugin v27.3 - https:\/\/yoast.com\/product\/yoast-seo-wordpress\/ -->\n<title>Braintus Respawn (90caps) - Nootropics toidulisand - Kiire Tarne - Fit360<\/title>\n<meta name=\"description\" content=\"Braintus Respawn on ainulaadne kombinatsioon taimse p\u00e4ritoluga ekstraktidest vitamiinide, mineraalide, mis toetavad aju t\u00f6\u00f6d ja taastumist.\" \/>\n<meta name=\"robots\" content=\"index, follow, max-snippet:-1, max-image-preview:large, max-video-preview:-1\" \/>\n<link rel=\"canonical\" href=\"https:\/\/fit360.ee\/en\/pood\/product-groups\/sleep-enhancers-en\/melatonin-en\/braintus-respawn-90caps\/\" \/>\n<meta property=\"og:locale\" content=\"en_US\" \/>\n<meta property=\"og:type\" content=\"article\" \/>\n<meta property=\"og:title\" content=\"Braintus Respawn (90caps) - Nootropics toidulisand - Kiire Tarne - Fit360\" \/>\n<meta property=\"og:description\" content=\"Braintus Respawn on ainulaadne kombinatsioon taimse p\u00e4ritoluga ekstraktidest vitamiinide, mineraalide, mis toetavad aju t\u00f6\u00f6d ja taastumist.\" \/>\n<meta property=\"og:url\" content=\"https:\/\/fit360.ee\/en\/pood\/product-groups\/sleep-enhancers-en\/melatonin-en\/braintus-respawn-90caps\/\" \/>\n<meta property=\"og:site_name\" content=\"Fit360\" \/>\n<meta property=\"article:modified_time\" content=\"2025-08-19T06:33:28+00:00\" \/>\n<meta property=\"og:image\" content=\"https:\/\/fit360.ee\/wp-content\/uploads\/2021\/11\/braintus-respawn-fit360.ee_.png\" \/>\n\t<meta property=\"og:image:width\" content=\"450\" \/>\n\t<meta property=\"og:image:height\" content=\"450\" \/>\n\t<meta property=\"og:image:type\" content=\"image\/png\" \/>\n<meta name=\"twitter:card\" content=\"summary_large_image\" \/>\n<meta name=\"twitter:label1\" content=\"Est. reading time\" \/>\n\t<meta name=\"twitter:data1\" content=\"3 minutes\" \/>\n<script type=\"application\/ld+json\" class=\"yoast-schema-graph\">{\"@context\":\"https:\\\/\\\/schema.org\",\"@graph\":[{\"@type\":\"WebPage\",\"@id\":\"https:\\\/\\\/fit360.ee\\\/en\\\/pood\\\/product-groups\\\/sleep-enhancers-en\\\/melatonin-en\\\/braintus-respawn-90caps\\\/\",\"url\":\"https:\\\/\\\/fit360.ee\\\/en\\\/pood\\\/product-groups\\\/sleep-enhancers-en\\\/melatonin-en\\\/braintus-respawn-90caps\\\/\",\"name\":\"Braintus Respawn (90caps) - Nootropics toidulisand - Kiire Tarne - Fit360\",\"isPartOf\":{\"@id\":\"https:\\\/\\\/fit360.ee\\\/en\\\/#website\"},\"primaryImageOfPage\":{\"@id\":\"https:\\\/\\\/fit360.ee\\\/en\\\/pood\\\/product-groups\\\/sleep-enhancers-en\\\/melatonin-en\\\/braintus-respawn-90caps\\\/#primaryimage\"},\"image\":{\"@id\":\"https:\\\/\\\/fit360.ee\\\/en\\\/pood\\\/product-groups\\\/sleep-enhancers-en\\\/melatonin-en\\\/braintus-respawn-90caps\\\/#primaryimage\"},\"thumbnailUrl\":\"https:\\\/\\\/fit360.ee\\\/wp-content\\\/uploads\\\/2021\\\/11\\\/braintus-respawn-fit360.ee_.png\",\"datePublished\":\"2021-11-21T16:52:48+00:00\",\"dateModified\":\"2025-08-19T06:33:28+00:00\",\"description\":\"Braintus Respawn on ainulaadne kombinatsioon taimse p\u00e4ritoluga ekstraktidest vitamiinide, mineraalide, mis toetavad aju t\u00f6\u00f6d ja taastumist.\",\"breadcrumb\":{\"@id\":\"https:\\\/\\\/fit360.ee\\\/en\\\/pood\\\/product-groups\\\/sleep-enhancers-en\\\/melatonin-en\\\/braintus-respawn-90caps\\\/#breadcrumb\"},\"inLanguage\":\"en-US\",\"potentialAction\":[{\"@type\":\"ReadAction\",\"target\":[\"https:\\\/\\\/fit360.ee\\\/en\\\/pood\\\/product-groups\\\/sleep-enhancers-en\\\/melatonin-en\\\/braintus-respawn-90caps\\\/\"]}]},{\"@type\":\"ImageObject\",\"inLanguage\":\"en-US\",\"@id\":\"https:\\\/\\\/fit360.ee\\\/en\\\/pood\\\/product-groups\\\/sleep-enhancers-en\\\/melatonin-en\\\/braintus-respawn-90caps\\\/#primaryimage\",\"url\":\"https:\\\/\\\/fit360.ee\\\/wp-content\\\/uploads\\\/2021\\\/11\\\/braintus-respawn-fit360.ee_.png\",\"contentUrl\":\"https:\\\/\\\/fit360.ee\\\/wp-content\\\/uploads\\\/2021\\\/11\\\/braintus-respawn-fit360.ee_.png\",\"width\":450,\"height\":450,\"caption\":\"braintus respawn - fit360.ee\"},{\"@type\":\"BreadcrumbList\",\"@id\":\"https:\\\/\\\/fit360.ee\\\/en\\\/pood\\\/product-groups\\\/sleep-enhancers-en\\\/melatonin-en\\\/braintus-respawn-90caps\\\/#breadcrumb\",\"itemListElement\":[{\"@type\":\"ListItem\",\"position\":1,\"name\":\"Home\",\"item\":\"https:\\\/\\\/fit360.ee\\\/en\\\/\"},{\"@type\":\"ListItem\",\"position\":2,\"name\":\"Shop\",\"item\":\"https:\\\/\\\/fit360.ee\\\/en\\\/shop\\\/\"},{\"@type\":\"ListItem\",\"position\":3,\"name\":\"Braintus Respawn (90caps)\"}]},{\"@type\":\"WebSite\",\"@id\":\"https:\\\/\\\/fit360.ee\\\/en\\\/#website\",\"url\":\"https:\\\/\\\/fit360.ee\\\/en\\\/\",\"name\":\"Fit360\",\"description\":\"\",\"publisher\":{\"@id\":\"https:\\\/\\\/fit360.ee\\\/en\\\/#organization\"},\"potentialAction\":[{\"@type\":\"SearchAction\",\"target\":{\"@type\":\"EntryPoint\",\"urlTemplate\":\"https:\\\/\\\/fit360.ee\\\/en\\\/?s={search_term_string}\"},\"query-input\":{\"@type\":\"PropertyValueSpecification\",\"valueRequired\":true,\"valueName\":\"search_term_string\"}}],\"inLanguage\":\"en-US\"},{\"@type\":\"Organization\",\"@id\":\"https:\\\/\\\/fit360.ee\\\/en\\\/#organization\",\"name\":\"Fit360\",\"url\":\"https:\\\/\\\/fit360.ee\\\/en\\\/\",\"logo\":{\"@type\":\"ImageObject\",\"inLanguage\":\"en-US\",\"@id\":\"https:\\\/\\\/fit360.ee\\\/en\\\/#\\\/schema\\\/logo\\\/image\\\/\",\"url\":\"https:\\\/\\\/fit360.ee\\\/wp-content\\\/uploads\\\/2017\\\/01\\\/logo-fit360.png\",\"contentUrl\":\"https:\\\/\\\/fit360.ee\\\/wp-content\\\/uploads\\\/2017\\\/01\\\/logo-fit360.png\",\"width\":180,\"height\":66,\"caption\":\"Fit360\"},\"image\":{\"@id\":\"https:\\\/\\\/fit360.ee\\\/en\\\/#\\\/schema\\\/logo\\\/image\\\/\"}}]}<\/script>\n<!-- \/ Yoast SEO plugin. -->","yoast_head_json":{"title":"Braintus Respawn (90caps) - Nootropics toidulisand - Kiire Tarne - Fit360","description":"Braintus Respawn on ainulaadne kombinatsioon taimse p\u00e4ritoluga ekstraktidest vitamiinide, mineraalide, mis toetavad aju t\u00f6\u00f6d ja taastumist.","robots":{"index":"index","follow":"follow","max-snippet":"max-snippet:-1","max-image-preview":"max-image-preview:large","max-video-preview":"max-video-preview:-1"},"canonical":"https:\/\/fit360.ee\/en\/pood\/product-groups\/sleep-enhancers-en\/melatonin-en\/braintus-respawn-90caps\/","og_locale":"en_US","og_type":"article","og_title":"Braintus Respawn (90caps) - Nootropics toidulisand - Kiire Tarne - Fit360","og_description":"Braintus Respawn on ainulaadne kombinatsioon taimse p\u00e4ritoluga ekstraktidest vitamiinide, mineraalide, mis toetavad aju t\u00f6\u00f6d ja taastumist.","og_url":"https:\/\/fit360.ee\/en\/pood\/product-groups\/sleep-enhancers-en\/melatonin-en\/braintus-respawn-90caps\/","og_site_name":"Fit360","article_modified_time":"2025-08-19T06:33:28+00:00","og_image":[{"width":450,"height":450,"url":"https:\/\/fit360.ee\/wp-content\/uploads\/2021\/11\/braintus-respawn-fit360.ee_.png","type":"image\/png"}],"twitter_card":"summary_large_image","twitter_misc":{"Est. reading time":"3 minutes"},"schema":{"@context":"https:\/\/schema.org","@graph":[{"@type":"WebPage","@id":"https:\/\/fit360.ee\/en\/pood\/product-groups\/sleep-enhancers-en\/melatonin-en\/braintus-respawn-90caps\/","url":"https:\/\/fit360.ee\/en\/pood\/product-groups\/sleep-enhancers-en\/melatonin-en\/braintus-respawn-90caps\/","name":"Braintus Respawn (90caps) - Nootropics toidulisand - Kiire Tarne - Fit360","isPartOf":{"@id":"https:\/\/fit360.ee\/en\/#website"},"primaryImageOfPage":{"@id":"https:\/\/fit360.ee\/en\/pood\/product-groups\/sleep-enhancers-en\/melatonin-en\/braintus-respawn-90caps\/#primaryimage"},"image":{"@id":"https:\/\/fit360.ee\/en\/pood\/product-groups\/sleep-enhancers-en\/melatonin-en\/braintus-respawn-90caps\/#primaryimage"},"thumbnailUrl":"https:\/\/fit360.ee\/wp-content\/uploads\/2021\/11\/braintus-respawn-fit360.ee_.png","datePublished":"2021-11-21T16:52:48+00:00","dateModified":"2025-08-19T06:33:28+00:00","description":"Braintus Respawn on ainulaadne kombinatsioon taimse p\u00e4ritoluga ekstraktidest vitamiinide, mineraalide, mis toetavad aju t\u00f6\u00f6d ja taastumist.","breadcrumb":{"@id":"https:\/\/fit360.ee\/en\/pood\/product-groups\/sleep-enhancers-en\/melatonin-en\/braintus-respawn-90caps\/#breadcrumb"},"inLanguage":"en-US","potentialAction":[{"@type":"ReadAction","target":["https:\/\/fit360.ee\/en\/pood\/product-groups\/sleep-enhancers-en\/melatonin-en\/braintus-respawn-90caps\/"]}]},{"@type":"ImageObject","inLanguage":"en-US","@id":"https:\/\/fit360.ee\/en\/pood\/product-groups\/sleep-enhancers-en\/melatonin-en\/braintus-respawn-90caps\/#primaryimage","url":"https:\/\/fit360.ee\/wp-content\/uploads\/2021\/11\/braintus-respawn-fit360.ee_.png","contentUrl":"https:\/\/fit360.ee\/wp-content\/uploads\/2021\/11\/braintus-respawn-fit360.ee_.png","width":450,"height":450,"caption":"braintus respawn - fit360.ee"},{"@type":"BreadcrumbList","@id":"https:\/\/fit360.ee\/en\/pood\/product-groups\/sleep-enhancers-en\/melatonin-en\/braintus-respawn-90caps\/#breadcrumb","itemListElement":[{"@type":"ListItem","position":1,"name":"Home","item":"https:\/\/fit360.ee\/en\/"},{"@type":"ListItem","position":2,"name":"Shop","item":"https:\/\/fit360.ee\/en\/shop\/"},{"@type":"ListItem","position":3,"name":"Braintus Respawn (90caps)"}]},{"@type":"WebSite","@id":"https:\/\/fit360.ee\/en\/#website","url":"https:\/\/fit360.ee\/en\/","name":"Fit360","description":"","publisher":{"@id":"https:\/\/fit360.ee\/en\/#organization"},"potentialAction":[{"@type":"SearchAction","target":{"@type":"EntryPoint","urlTemplate":"https:\/\/fit360.ee\/en\/?s={search_term_string}"},"query-input":{"@type":"PropertyValueSpecification","valueRequired":true,"valueName":"search_term_string"}}],"inLanguage":"en-US"},{"@type":"Organization","@id":"https:\/\/fit360.ee\/en\/#organization","name":"Fit360","url":"https:\/\/fit360.ee\/en\/","logo":{"@type":"ImageObject","inLanguage":"en-US","@id":"https:\/\/fit360.ee\/en\/#\/schema\/logo\/image\/","url":"https:\/\/fit360.ee\/wp-content\/uploads\/2017\/01\/logo-fit360.png","contentUrl":"https:\/\/fit360.ee\/wp-content\/uploads\/2017\/01\/logo-fit360.png","width":180,"height":66,"caption":"Fit360"},"image":{"@id":"https:\/\/fit360.ee\/en\/#\/schema\/logo\/image\/"}}]}},"_links":{"self":[{"href":"https:\/\/fit360.ee\/en\/wp-json\/wp\/v2\/product\/58121","targetHints":{"allow":["GET"]}}],"collection":[{"href":"https:\/\/fit360.ee\/en\/wp-json\/wp\/v2\/product"}],"about":[{"href":"https:\/\/fit360.ee\/en\/wp-json\/wp\/v2\/types\/product"}],"replies":[{"embeddable":true,"href":"https:\/\/fit360.ee\/en\/wp-json\/wp\/v2\/comments?post=58121"}],"wp:featuredmedia":[{"embeddable":true,"href":"https:\/\/fit360.ee\/en\/wp-json\/wp\/v2\/media\/58120"}],"wp:attachment":[{"href":"https:\/\/fit360.ee\/en\/wp-json\/wp\/v2\/media?parent=58121"}],"wp:term":[{"taxonomy":"product_brand","embeddable":true,"href":"https:\/\/fit360.ee\/en\/wp-json\/wp\/v2\/product_brand?post=58121"},{"taxonomy":"product_cat","embeddable":true,"href":"https:\/\/fit360.ee\/en\/wp-json\/wp\/v2\/product_cat?post=58121"},{"taxonomy":"product_tag","embeddable":true,"href":"https:\/\/fit360.ee\/en\/wp-json\/wp\/v2\/product_tag?post=58121"},{"taxonomy":"giftcard-category","embeddable":true,"href":"https:\/\/fit360.ee\/en\/wp-json\/wp\/v2\/giftcard-category?post=58121"}],"curies":[{"name":"wp","href":"https:\/\/api.w.org\/{rel}","templated":true}]}}