{"id":58396,"date":"2021-12-01T13:43:53","date_gmt":"2021-12-01T11:43:53","guid":{"rendered":"https:\/\/fit360.ee\/pood\/uncategorized\/fast-pancake-mix-450g\/"},"modified":"2025-08-13T07:36:23","modified_gmt":"2025-08-13T05:36:23","slug":"fast-pancake-mix-450g","status":"publish","type":"product","link":"https:\/\/fit360.ee\/en\/pood\/product-groups\/protein-poweders-en\/casein-protein-en\/fast-pancake-mix-450g\/","title":{"rendered":"Fast Pancake Mix (450g)"},"content":{"rendered":"<h1><strong>Fast Pancake Mix<\/strong><\/h1>\n<p><strong>Madala laktoosi ja suhkrusisaldusega ning k\u00f5rge valgusisaldusega pannkoogijahu &#8211; Fast Pancake Mix.\u00a0<\/strong><\/p>\n<p>Valmista h\u00f5lpsasti tervislikud madala kalorsusega valgurikkad pannkoogid ilma lisakilosid kartmata.<\/p>\n<p><strong>Pannkoogisegust saab kiiresti ja lihtsalt maitsvad valgurikkad pannkoogid hommikueineks v\u00f5i vahepalaks.<\/strong><\/p>\n<ul>\n<li>maitsev ja tervislik<\/li>\n<li>ainult looduslikud koostisosad<\/li>\n<li>k\u00f5rge kvaliteediga proteiinipulber<\/li>\n<\/ul>\n<p>&nbsp;<\/p>\n<p><a href=\"https:\/\/fit360.ee\/wp-content\/uploads\/2021\/12\/fast-pancake-mix-fit360.ee_-800x800.jpg\"><img loading=\"lazy\" decoding=\"async\" class=\"size-medium wp-image-58391\" src=\"https:\/\/fit360.ee\/wp-content\/uploads\/2021\/12\/fast-pancake-mix-fit360.ee_-800x800.jpg\" alt=\"fast pancake mix - fit360.ee\" width=\"800\" height=\"800\" srcset=\"https:\/\/fit360.ee\/wp-content\/uploads\/2021\/12\/fast-pancake-mix-fit360.ee_.jpg 800w, https:\/\/fit360.ee\/wp-content\/uploads\/2021\/12\/fast-pancake-mix-fit360.ee_-247x247.jpg 247w, https:\/\/fit360.ee\/wp-content\/uploads\/2021\/12\/fast-pancake-mix-fit360.ee_-100x100.jpg 100w, https:\/\/fit360.ee\/wp-content\/uploads\/2021\/12\/fast-pancake-mix-fit360.ee_-510x510.jpg 510w, https:\/\/fit360.ee\/wp-content\/uploads\/2021\/12\/fast-pancake-mix-fit360.ee_-340x340.jpg 340w, https:\/\/fit360.ee\/wp-content\/uploads\/2021\/12\/fast-pancake-mix-fit360.ee_-768x768.jpg 768w, https:\/\/fit360.ee\/wp-content\/uploads\/2021\/12\/fast-pancake-mix-fit360.ee_-80x80.jpg 80w, https:\/\/fit360.ee\/wp-content\/uploads\/2021\/12\/fast-pancake-mix-fit360.ee_-264x264.jpg 264w\" sizes=\"auto, (max-width: 800px) 100vw, 800px\" \/><\/a><\/p>\n<p>&nbsp;<\/p>\n<p><strong>Kellele on Fast Pancake Mix m\u00f5eldud?<\/strong><\/p>\n<p>Sportikult aktiivsetele inimestele. Neile, kes soovivad meeldivat vahepala, samal ajal oma saledast figuurist lugu pidades.<\/p>\n<p><strong>Kasutamine: <\/strong>Valgupannkoogid on toitvad ja maitsvad ning sobivad ideaalselt hommikus\u00f6\u00f6giks v\u00f5i vahepalaks. Segada 1 pakend (50g) pulbrit umbes 1dl piimaga kasutades miksrit, blendrit v\u00f5i visplit. Lasta taignal paar minutit pakseneda. Lisada 1tl kookos\u00f5li v\u00f5i v\u00f5id pannile ning valada taignast pannile umbes 10cm l\u00e4bim\u00f5\u00f5duga pannkoogid. K\u00fcpsetada keskmisel kuumusel umbes minut aega. P\u00f6\u00f6rata pannkoogid \u00fcmber ning lasta k\u00fcpseda, kuni need saavutavad kuldpruuni v\u00e4rvuse. \u00dchest portsjonist saab keskmiselt kolm ameerika-stiilis paksu pannkooki. \u00d5hemate pannkookide jaoks kasutada rohkem piima.<\/p>\n<p><strong>Koostisosad: <\/strong>Kaerajahu (sisaldab gluteeni), kaltsiumkaseinaat (piimast), munajahu, vadakuvalgu isolaat (piimast), soja, t\u00e4rklis, kookospiimajahu (kookospiim, maltodekstriin, naatriumkaseinaa [piimast]), naatriumkaseinaat (piimast), ps\u00fclliumkiud, paakumisvastane aine r\u00e4nidioksiid, l\u00f5hnaained, fruktoos, magusained sukraloos ja stevioolgl\u00fckosiid.<\/p>\n<p><strong>Maitsed <\/strong>Banaani-karamelli, vahtrasiirupi, maitsestamata<\/p>\n<p><strong>Suurus: <\/strong>450 g<\/p>\n<div class=\"single-product-table-area uk-margin-medium\">\n<table class=\"uk-table uk-table-hover uk-table-divider uk-table-small\" border=\"0\" width=\"100%\" cellspacing=\"0\" cellpadding=\"0\">\n<tbody>\n<tr>\n<td><strong>Toitumisalane teave (banaani-karamelli):\u00a0<\/strong><\/td>\n<td><strong>100g:<\/strong><\/td>\n<td><strong>50g:<\/strong><\/td>\n<\/tr>\n<tr>\n<td>Energia\u00a0kcal \/ kJ<\/td>\n<td>1807 \/ 429<\/td>\n<td>903 \/214<\/td>\n<\/tr>\n<tr>\n<td>Rasvad<\/td>\n<td>13g<\/td>\n<td>6,5g<\/td>\n<\/tr>\n<tr>\n<td>\u00a0&#8211; millest k\u00fcllastunud<\/td>\n<td>6,0g<\/td>\n<td>3,0g<\/td>\n<\/tr>\n<tr>\n<td>S\u00fcsivesikud<\/td>\n<td>31g<\/td>\n<td>15g<\/td>\n<\/tr>\n<tr>\n<td>\u00a0&#8211; millest suhkrud<\/td>\n<td>1,5g<\/td>\n<td>0,5g<\/td>\n<\/tr>\n<tr>\n<td>Kiudained<\/td>\n<td>5,0g<\/td>\n<td>2,5g<\/td>\n<\/tr>\n<tr>\n<td><strong>Valgud<\/strong><\/td>\n<td><strong>45g<\/strong><\/td>\n<td><strong>23g<\/strong><\/td>\n<\/tr>\n<tr>\n<td>Sool<\/td>\n<td>0,12g<\/td>\n<td>0,06g<\/td>\n<\/tr>\n<tr>\n<td>Kaltsium<\/td>\n<td>434mg (54%)<\/td>\n<td>217mg<\/td>\n<\/tr>\n<tr>\n<td>Laktoos<\/td>\n<td>&lt;1g<\/td>\n<td>&lt;1g<\/td>\n<\/tr>\n<tr>\n<td><\/td>\n<td><\/td>\n<td><\/td>\n<\/tr>\n<\/tbody>\n<\/table>\n<table class=\"uk-table uk-table-hover uk-table-divider uk-table-small\" border=\"0\" width=\"100%\" cellspacing=\"0\" cellpadding=\"0\">\n<tbody>\n<tr>\n<td><strong>Toitumisalane teave (vahtrasiirupi):<\/strong><\/td>\n<td><strong>100g:<\/strong><\/td>\n<td><strong>50g:<\/strong><\/td>\n<\/tr>\n<tr>\n<td>Energia kJ\/kcal<\/td>\n<td>1808 \/ 429<\/td>\n<td>904 \/214<\/td>\n<\/tr>\n<tr>\n<td>Rasvaa<\/td>\n<td>13g<\/td>\n<td>6,5g<\/td>\n<\/tr>\n<tr>\n<td>\u00a0&#8211; millest k\u00fcllastunud<\/td>\n<td>6,0g<\/td>\n<td>3,0g<\/td>\n<\/tr>\n<tr>\n<td>S\u00fcsivesikud<\/td>\n<td>31g<\/td>\n<td>16g<\/td>\n<\/tr>\n<tr>\n<td>\u00a0&#8211; millest suhkrud<\/td>\n<td>1,4g<\/td>\n<td>0,7g<\/td>\n<\/tr>\n<tr>\n<td>Kiudained<\/td>\n<td>5,0g<\/td>\n<td>2,5g<\/td>\n<\/tr>\n<tr>\n<td>Valgud<\/td>\n<td>45g<\/td>\n<td>23g<\/td>\n<\/tr>\n<tr>\n<td>Sool<\/td>\n<td>0,12g<\/td>\n<td>0,06g<\/td>\n<\/tr>\n<tr>\n<td>Kaltsium<\/td>\n<td>433mg (54%)*<\/td>\n<td>217mg<\/td>\n<\/tr>\n<tr>\n<td>Laktoos<\/td>\n<td>&lt;1g<\/td>\n<td>&lt;1g<\/td>\n<\/tr>\n<\/tbody>\n<\/table>\n<table class=\"uk-table uk-table-hover uk-table-divider uk-table-small\" border=\"0\" width=\"100%\" cellspacing=\"0\" cellpadding=\"0\">\n<tbody>\n<tr>\n<td><strong>Toitumisalane teave (maitsestamata):<\/strong><\/td>\n<td><strong>100g:<\/strong><\/td>\n<td><strong>50g:<\/strong><\/td>\n<\/tr>\n<tr>\n<td>Energia kJ\/kcal<\/td>\n<td>1812 \/ 430<\/td>\n<td>906 \/215<\/td>\n<\/tr>\n<tr>\n<td>Rasvaa<\/td>\n<td>13g<\/td>\n<td>6,4g<\/td>\n<\/tr>\n<tr>\n<td>\u00a0&#8211; millest k\u00fcllastunud<\/td>\n<td>6,3g<\/td>\n<td>3,2g<\/td>\n<\/tr>\n<tr>\n<td>S\u00fcsivesikud<\/td>\n<td>31g<\/td>\n<td>16g<\/td>\n<\/tr>\n<tr>\n<td>\u00a0&#8211; millest suhkrud<\/td>\n<td>1,0g<\/td>\n<td>0,5g<\/td>\n<\/tr>\n<tr>\n<td>Kiudained<\/td>\n<td>4,8g<\/td>\n<td>2,4g<\/td>\n<\/tr>\n<tr>\n<td>Valgud<\/td>\n<td>45g<\/td>\n<td>23g<\/td>\n<\/tr>\n<tr>\n<td>Sool<\/td>\n<td>0,12g<\/td>\n<td>0,06g<\/td>\n<\/tr>\n<tr>\n<td>Kaltsium<\/td>\n<td>431mg (54%)*<\/td>\n<td>216mg<\/td>\n<\/tr>\n<tr>\n<td>Laktoos<\/td>\n<td>&lt;1g<\/td>\n<td>&lt;1g<\/td>\n<\/tr>\n<\/tbody>\n<\/table>\n<\/div>\n<div><\/div>\n<div>Vaata ka teisi Valgupulbreid <a href=\"https:\/\/fit360.ee\/en\/product-category\/product-groups\/protein-poweders-en\/\"><strong>SIIT<\/strong><\/a> v\u00f5i vahepalasi <a href=\"https:\/\/fit360.ee\/en\/product-category\/product-groups\/protein-bars-and-snacks\/\"><strong>SIIT<\/strong><\/a>!<\/div>\n<div><\/div>\n<div>Soovid kaupa osta suuremas koguses? Vaata antud toodet ka meie HULGI poest <a href=\"https:\/\/toidulisandidhulgi.ee\/product\/fast-pancake-mix-450g\/\"><strong>SIIT<\/strong><\/a>!<\/div>\n","protected":false},"excerpt":{"rendered":"<p><strong>Pannkoogisegust saab kiiresti ja lihtsalt maitsvad valgurikkad pannkoogid hommikueineks v\u00f5i vahepalaks.<\/strong><\/p>\n<ul>\n<li>Maitsev ja tervislik<\/li>\n<li>Ainult looduslikud koostisosad<\/li>\n<li>K\u00f5rge kvaliteediga proteiinipulber<\/li>\n<\/ul>\n","protected":false},"featured_media":58392,"comment_status":"closed","ping_status":"closed","template":"","meta":[],"product_brand":[],"product_cat":[2432,3270,534,535],"product_tag":[3271,3461,3462],"giftcard-category":[],"class_list":{"0":"post-58396","1":"product","2":"type-product","3":"status-publish","4":"has-post-thumbnail","6":"product_cat-casein-protein-en","7":"product_cat-fast-en","8":"product_cat-protein-bars-and-snacks","9":"product_cat-protein-poweders-en","10":"product_tag-fast-en","11":"product_tag-fast-pancake-mix-en","12":"product_tag-pancake-mix-en","13":"pa_maitse-banaan-karamell-en","14":"pa_maitse-vahtrasiirup-en","16":"first","17":"outofstock","18":"sale","19":"taxable","20":"shipping-taxable","21":"purchasable","22":"product-type-variable"},"yoast_head":"<!-- This site is optimized with the Yoast SEO plugin v27.3 - https:\/\/yoast.com\/product\/yoast-seo-wordpress\/ -->\n<title>Fast Pancake Mix (450g) - Tervislik vahepala - Proteiini Pannkoogid<\/title>\n<meta name=\"description\" content=\"Fast Pancake Mix on madala laktoosi ja suhkrusisaldusega ning k\u00f5rge valgusisaldusega pannkoogijahu Valmista h\u00f5lpsasti tervislikud madala...\" \/>\n<meta name=\"robots\" content=\"index, follow, max-snippet:-1, max-image-preview:large, max-video-preview:-1\" \/>\n<link rel=\"canonical\" href=\"https:\/\/fit360.ee\/en\/pood\/product-groups\/protein-poweders-en\/casein-protein-en\/fast-pancake-mix-450g\/\" \/>\n<meta property=\"og:locale\" content=\"en_US\" \/>\n<meta property=\"og:type\" content=\"article\" \/>\n<meta property=\"og:title\" content=\"Fast Pancake Mix (450g) - Tervislik vahepala - Proteiini Pannkoogid\" \/>\n<meta property=\"og:description\" content=\"Fast Pancake Mix on madala laktoosi ja suhkrusisaldusega ning k\u00f5rge valgusisaldusega pannkoogijahu Valmista h\u00f5lpsasti tervislikud madala...\" \/>\n<meta property=\"og:url\" content=\"https:\/\/fit360.ee\/en\/pood\/product-groups\/protein-poweders-en\/casein-protein-en\/fast-pancake-mix-450g\/\" \/>\n<meta property=\"og:site_name\" content=\"Fit360\" \/>\n<meta property=\"article:modified_time\" content=\"2025-08-13T05:36:23+00:00\" \/>\n<meta property=\"og:image\" content=\"https:\/\/fit360.ee\/wp-content\/uploads\/2021\/12\/fast-pancake-mix-fit360.ee_.jpg\" \/>\n\t<meta property=\"og:image:width\" content=\"800\" \/>\n\t<meta property=\"og:image:height\" content=\"800\" \/>\n\t<meta property=\"og:image:type\" content=\"image\/jpeg\" \/>\n<meta name=\"twitter:card\" content=\"summary_large_image\" \/>\n<meta name=\"twitter:label1\" content=\"Est. reading time\" \/>\n\t<meta name=\"twitter:data1\" content=\"2 minutes\" \/>\n<script type=\"application\/ld+json\" class=\"yoast-schema-graph\">{\"@context\":\"https:\\\/\\\/schema.org\",\"@graph\":[{\"@type\":\"WebPage\",\"@id\":\"https:\\\/\\\/fit360.ee\\\/en\\\/pood\\\/product-groups\\\/protein-poweders-en\\\/casein-protein-en\\\/fast-pancake-mix-450g\\\/\",\"url\":\"https:\\\/\\\/fit360.ee\\\/en\\\/pood\\\/product-groups\\\/protein-poweders-en\\\/casein-protein-en\\\/fast-pancake-mix-450g\\\/\",\"name\":\"Fast Pancake Mix (450g) - Tervislik vahepala - Proteiini Pannkoogid\",\"isPartOf\":{\"@id\":\"https:\\\/\\\/fit360.ee\\\/en\\\/#website\"},\"primaryImageOfPage\":{\"@id\":\"https:\\\/\\\/fit360.ee\\\/en\\\/pood\\\/product-groups\\\/protein-poweders-en\\\/casein-protein-en\\\/fast-pancake-mix-450g\\\/#primaryimage\"},\"image\":{\"@id\":\"https:\\\/\\\/fit360.ee\\\/en\\\/pood\\\/product-groups\\\/protein-poweders-en\\\/casein-protein-en\\\/fast-pancake-mix-450g\\\/#primaryimage\"},\"thumbnailUrl\":\"https:\\\/\\\/fit360.ee\\\/wp-content\\\/uploads\\\/2021\\\/12\\\/fast-pancake-mix-fit360.ee_.jpg\",\"datePublished\":\"2021-12-01T11:43:53+00:00\",\"dateModified\":\"2025-08-13T05:36:23+00:00\",\"description\":\"Fast Pancake Mix on madala laktoosi ja suhkrusisaldusega ning k\u00f5rge valgusisaldusega pannkoogijahu Valmista h\u00f5lpsasti tervislikud madala...\",\"breadcrumb\":{\"@id\":\"https:\\\/\\\/fit360.ee\\\/en\\\/pood\\\/product-groups\\\/protein-poweders-en\\\/casein-protein-en\\\/fast-pancake-mix-450g\\\/#breadcrumb\"},\"inLanguage\":\"en-US\",\"potentialAction\":[{\"@type\":\"ReadAction\",\"target\":[\"https:\\\/\\\/fit360.ee\\\/en\\\/pood\\\/product-groups\\\/protein-poweders-en\\\/casein-protein-en\\\/fast-pancake-mix-450g\\\/\"]}]},{\"@type\":\"ImageObject\",\"inLanguage\":\"en-US\",\"@id\":\"https:\\\/\\\/fit360.ee\\\/en\\\/pood\\\/product-groups\\\/protein-poweders-en\\\/casein-protein-en\\\/fast-pancake-mix-450g\\\/#primaryimage\",\"url\":\"https:\\\/\\\/fit360.ee\\\/wp-content\\\/uploads\\\/2021\\\/12\\\/fast-pancake-mix-fit360.ee_.jpg\",\"contentUrl\":\"https:\\\/\\\/fit360.ee\\\/wp-content\\\/uploads\\\/2021\\\/12\\\/fast-pancake-mix-fit360.ee_.jpg\",\"width\":800,\"height\":800,\"caption\":\"fast pancake mix - fit360.ee\"},{\"@type\":\"BreadcrumbList\",\"@id\":\"https:\\\/\\\/fit360.ee\\\/en\\\/pood\\\/product-groups\\\/protein-poweders-en\\\/casein-protein-en\\\/fast-pancake-mix-450g\\\/#breadcrumb\",\"itemListElement\":[{\"@type\":\"ListItem\",\"position\":1,\"name\":\"Home\",\"item\":\"https:\\\/\\\/fit360.ee\\\/en\\\/\"},{\"@type\":\"ListItem\",\"position\":2,\"name\":\"Shop\",\"item\":\"https:\\\/\\\/fit360.ee\\\/en\\\/shop\\\/\"},{\"@type\":\"ListItem\",\"position\":3,\"name\":\"Fast Pancake Mix (450g)\"}]},{\"@type\":\"WebSite\",\"@id\":\"https:\\\/\\\/fit360.ee\\\/en\\\/#website\",\"url\":\"https:\\\/\\\/fit360.ee\\\/en\\\/\",\"name\":\"Fit360\",\"description\":\"\",\"publisher\":{\"@id\":\"https:\\\/\\\/fit360.ee\\\/en\\\/#organization\"},\"potentialAction\":[{\"@type\":\"SearchAction\",\"target\":{\"@type\":\"EntryPoint\",\"urlTemplate\":\"https:\\\/\\\/fit360.ee\\\/en\\\/?s={search_term_string}\"},\"query-input\":{\"@type\":\"PropertyValueSpecification\",\"valueRequired\":true,\"valueName\":\"search_term_string\"}}],\"inLanguage\":\"en-US\"},{\"@type\":\"Organization\",\"@id\":\"https:\\\/\\\/fit360.ee\\\/en\\\/#organization\",\"name\":\"Fit360\",\"url\":\"https:\\\/\\\/fit360.ee\\\/en\\\/\",\"logo\":{\"@type\":\"ImageObject\",\"inLanguage\":\"en-US\",\"@id\":\"https:\\\/\\\/fit360.ee\\\/en\\\/#\\\/schema\\\/logo\\\/image\\\/\",\"url\":\"https:\\\/\\\/fit360.ee\\\/wp-content\\\/uploads\\\/2017\\\/01\\\/logo-fit360.png\",\"contentUrl\":\"https:\\\/\\\/fit360.ee\\\/wp-content\\\/uploads\\\/2017\\\/01\\\/logo-fit360.png\",\"width\":180,\"height\":66,\"caption\":\"Fit360\"},\"image\":{\"@id\":\"https:\\\/\\\/fit360.ee\\\/en\\\/#\\\/schema\\\/logo\\\/image\\\/\"}}]}<\/script>\n<!-- \/ Yoast SEO plugin. -->","yoast_head_json":{"title":"Fast Pancake Mix (450g) - Tervislik vahepala - Proteiini Pannkoogid","description":"Fast Pancake Mix on madala laktoosi ja suhkrusisaldusega ning k\u00f5rge valgusisaldusega pannkoogijahu Valmista h\u00f5lpsasti tervislikud madala...","robots":{"index":"index","follow":"follow","max-snippet":"max-snippet:-1","max-image-preview":"max-image-preview:large","max-video-preview":"max-video-preview:-1"},"canonical":"https:\/\/fit360.ee\/en\/pood\/product-groups\/protein-poweders-en\/casein-protein-en\/fast-pancake-mix-450g\/","og_locale":"en_US","og_type":"article","og_title":"Fast Pancake Mix (450g) - Tervislik vahepala - Proteiini Pannkoogid","og_description":"Fast Pancake Mix on madala laktoosi ja suhkrusisaldusega ning k\u00f5rge valgusisaldusega pannkoogijahu Valmista h\u00f5lpsasti tervislikud madala...","og_url":"https:\/\/fit360.ee\/en\/pood\/product-groups\/protein-poweders-en\/casein-protein-en\/fast-pancake-mix-450g\/","og_site_name":"Fit360","article_modified_time":"2025-08-13T05:36:23+00:00","og_image":[{"width":800,"height":800,"url":"https:\/\/fit360.ee\/wp-content\/uploads\/2021\/12\/fast-pancake-mix-fit360.ee_.jpg","type":"image\/jpeg"}],"twitter_card":"summary_large_image","twitter_misc":{"Est. reading time":"2 minutes"},"schema":{"@context":"https:\/\/schema.org","@graph":[{"@type":"WebPage","@id":"https:\/\/fit360.ee\/en\/pood\/product-groups\/protein-poweders-en\/casein-protein-en\/fast-pancake-mix-450g\/","url":"https:\/\/fit360.ee\/en\/pood\/product-groups\/protein-poweders-en\/casein-protein-en\/fast-pancake-mix-450g\/","name":"Fast Pancake Mix (450g) - Tervislik vahepala - Proteiini Pannkoogid","isPartOf":{"@id":"https:\/\/fit360.ee\/en\/#website"},"primaryImageOfPage":{"@id":"https:\/\/fit360.ee\/en\/pood\/product-groups\/protein-poweders-en\/casein-protein-en\/fast-pancake-mix-450g\/#primaryimage"},"image":{"@id":"https:\/\/fit360.ee\/en\/pood\/product-groups\/protein-poweders-en\/casein-protein-en\/fast-pancake-mix-450g\/#primaryimage"},"thumbnailUrl":"https:\/\/fit360.ee\/wp-content\/uploads\/2021\/12\/fast-pancake-mix-fit360.ee_.jpg","datePublished":"2021-12-01T11:43:53+00:00","dateModified":"2025-08-13T05:36:23+00:00","description":"Fast Pancake Mix on madala laktoosi ja suhkrusisaldusega ning k\u00f5rge valgusisaldusega pannkoogijahu Valmista h\u00f5lpsasti tervislikud madala...","breadcrumb":{"@id":"https:\/\/fit360.ee\/en\/pood\/product-groups\/protein-poweders-en\/casein-protein-en\/fast-pancake-mix-450g\/#breadcrumb"},"inLanguage":"en-US","potentialAction":[{"@type":"ReadAction","target":["https:\/\/fit360.ee\/en\/pood\/product-groups\/protein-poweders-en\/casein-protein-en\/fast-pancake-mix-450g\/"]}]},{"@type":"ImageObject","inLanguage":"en-US","@id":"https:\/\/fit360.ee\/en\/pood\/product-groups\/protein-poweders-en\/casein-protein-en\/fast-pancake-mix-450g\/#primaryimage","url":"https:\/\/fit360.ee\/wp-content\/uploads\/2021\/12\/fast-pancake-mix-fit360.ee_.jpg","contentUrl":"https:\/\/fit360.ee\/wp-content\/uploads\/2021\/12\/fast-pancake-mix-fit360.ee_.jpg","width":800,"height":800,"caption":"fast pancake mix - fit360.ee"},{"@type":"BreadcrumbList","@id":"https:\/\/fit360.ee\/en\/pood\/product-groups\/protein-poweders-en\/casein-protein-en\/fast-pancake-mix-450g\/#breadcrumb","itemListElement":[{"@type":"ListItem","position":1,"name":"Home","item":"https:\/\/fit360.ee\/en\/"},{"@type":"ListItem","position":2,"name":"Shop","item":"https:\/\/fit360.ee\/en\/shop\/"},{"@type":"ListItem","position":3,"name":"Fast Pancake Mix (450g)"}]},{"@type":"WebSite","@id":"https:\/\/fit360.ee\/en\/#website","url":"https:\/\/fit360.ee\/en\/","name":"Fit360","description":"","publisher":{"@id":"https:\/\/fit360.ee\/en\/#organization"},"potentialAction":[{"@type":"SearchAction","target":{"@type":"EntryPoint","urlTemplate":"https:\/\/fit360.ee\/en\/?s={search_term_string}"},"query-input":{"@type":"PropertyValueSpecification","valueRequired":true,"valueName":"search_term_string"}}],"inLanguage":"en-US"},{"@type":"Organization","@id":"https:\/\/fit360.ee\/en\/#organization","name":"Fit360","url":"https:\/\/fit360.ee\/en\/","logo":{"@type":"ImageObject","inLanguage":"en-US","@id":"https:\/\/fit360.ee\/en\/#\/schema\/logo\/image\/","url":"https:\/\/fit360.ee\/wp-content\/uploads\/2017\/01\/logo-fit360.png","contentUrl":"https:\/\/fit360.ee\/wp-content\/uploads\/2017\/01\/logo-fit360.png","width":180,"height":66,"caption":"Fit360"},"image":{"@id":"https:\/\/fit360.ee\/en\/#\/schema\/logo\/image\/"}}]}},"_links":{"self":[{"href":"https:\/\/fit360.ee\/en\/wp-json\/wp\/v2\/product\/58396","targetHints":{"allow":["GET"]}}],"collection":[{"href":"https:\/\/fit360.ee\/en\/wp-json\/wp\/v2\/product"}],"about":[{"href":"https:\/\/fit360.ee\/en\/wp-json\/wp\/v2\/types\/product"}],"replies":[{"embeddable":true,"href":"https:\/\/fit360.ee\/en\/wp-json\/wp\/v2\/comments?post=58396"}],"wp:featuredmedia":[{"embeddable":true,"href":"https:\/\/fit360.ee\/en\/wp-json\/wp\/v2\/media\/58392"}],"wp:attachment":[{"href":"https:\/\/fit360.ee\/en\/wp-json\/wp\/v2\/media?parent=58396"}],"wp:term":[{"taxonomy":"product_brand","embeddable":true,"href":"https:\/\/fit360.ee\/en\/wp-json\/wp\/v2\/product_brand?post=58396"},{"taxonomy":"product_cat","embeddable":true,"href":"https:\/\/fit360.ee\/en\/wp-json\/wp\/v2\/product_cat?post=58396"},{"taxonomy":"product_tag","embeddable":true,"href":"https:\/\/fit360.ee\/en\/wp-json\/wp\/v2\/product_tag?post=58396"},{"taxonomy":"giftcard-category","embeddable":true,"href":"https:\/\/fit360.ee\/en\/wp-json\/wp\/v2\/giftcard-category?post=58396"}],"curies":[{"name":"wp","href":"https:\/\/api.w.org\/{rel}","templated":true}]}}