{"id":58741,"date":"2021-12-09T14:05:56","date_gmt":"2021-12-09T12:05:56","guid":{"rendered":"https:\/\/fit360.ee\/pood\/uncategorized\/roxy-seamless-leggings\/"},"modified":"2025-08-13T07:39:45","modified_gmt":"2025-08-13T05:39:45","slug":"roxy-seamless-leggings","status":"publish","type":"product","link":"https:\/\/fit360.ee\/en\/pood\/training-equipment-en\/fitness-clothing-en\/roxy-seamless-leggings\/","title":{"rendered":"Roxy Seamless Leggings"},"content":{"rendered":"<p id=\"tw-target-text\" class=\"tw-data-text tw-text-large tw-ta\" dir=\"ltr\" data-placeholder=\"T\u00f5lge\"><span class=\"Y2IQFc\" lang=\"et\">Sobivus: Tavaline<br \/>\nV\u00f6\u00f6koht: K\u00f5rge<br \/>\nMaterjal: 36% taaskasutatud pol\u00fcamiid, 18% neitsi pol\u00fcamiid, 30% pol\u00fcester, 16% elastaan<br \/>\nOmadused: Pehme \u00f5mblusteta, taaskasutatud pol\u00fcamiid, l\u00f5igatud ja \u00f5mmeldud v\u00f6\u00f6koht, erinevad struktuurid ja S-k\u00f5ver, vastab suurusele, k\u00fckikindel\u00a0<\/span><\/p>\n<p dir=\"ltr\" data-placeholder=\"T\u00f5lge\"><span class=\"Y2IQFc\" lang=\"et\">Roxy Seamless Leggings on k\u00fckikindlad \u00f5mblusteta retuusid, neist v\u00f5ib saada teie lemmik treeningkaaslane. \u00d5mblusteta konstruktsioonil on erinevad kangamustrid ja S-kujuline k\u00f5ver piki keha, mis annab Roxy Seamless Leggingsidele ainulaadse v\u00e4limuse, mis t\u00e4iustab teie kehaehitust. Kui panete need esmakordselt jalga, m\u00e4rkate \u00fclipehmet \u00f5mblusteta tunnet, mis muudab need v\u00e4ga mugavaks. L\u00f5igatud ja \u00f5mmeldud v\u00f6\u00f6koht tagab, et need p\u00fcsivad paigal ilma v\u00f6\u00f6kohta liiga tugevasti kallistamata. Need s\u00e4\u00e4rised on valmistatud taaskasutatud pol\u00fcamiidist, nii et saate neid kanda, teades, et olete teinud keskkonnateadliku valiku. Kuninglikul lillal v\u00e4rvil on \u201ctugevlilla\u201d alatoon ja detailid, mustal aga \u201ctumedad merev\u00e4rvi\u201d detailid. T\u00e4ieliku v\u00e4limuse saamiseks \u00fchendage need \u00f5mblusteta Roxy topiga.<\/span><\/p>\n","protected":false},"excerpt":{"rendered":"<p id=\"tw-target-text\" class=\"tw-data-text tw-text-large tw-ta\" dir=\"ltr\" data-placeholder=\"T\u00f5lge\"><span class=\"Y2IQFc\" lang=\"et\">Roxy Seamless Leggings on k\u00fckikindlad \u00f5mblusteta retuusid, neist v\u00f5ib saada teie lemmik treeningkaaslane. \u00d5mblusteta konstruktsioonil on erinevad kangamustrid ja S-kujuline k\u00f5ver piki keha, mis annab Roxy Seamless Leggingsidele ainulaadse v\u00e4limuse, mis t\u00e4iustab teie kehaehitust.\u00a0<\/span><\/p>\n","protected":false},"featured_media":58729,"comment_status":"closed","ping_status":"closed","template":"","meta":[],"product_brand":[],"product_cat":[547],"product_tag":[],"giftcard-category":[],"class_list":{"0":"post-58741","1":"product","2":"type-product","3":"status-publish","4":"has-post-thumbnail","6":"product_cat-fitness-clothing-en","7":"pa_suurus-l","8":"pa_suurus-m","9":"pa_suurus-s","10":"pa_suurus-xs","11":"pa_varvus-black-dark-navy-en","12":"pa_varvus-grey-black-en","13":"pa_varvus-royal-purple-en","15":"first","16":"instock","17":"sale","18":"taxable","19":"shipping-taxable","20":"purchasable","21":"product-type-variable"},"yoast_head":"<!-- This site is optimized with the Yoast SEO plugin v27.3 - https:\/\/yoast.com\/product\/yoast-seo-wordpress\/ -->\n<title>Roxy Seamless Leggings - Fit360<\/title>\n<meta name=\"robots\" content=\"index, follow, max-snippet:-1, max-image-preview:large, max-video-preview:-1\" \/>\n<link rel=\"canonical\" href=\"https:\/\/fit360.ee\/en\/pood\/training-equipment-en\/fitness-clothing-en\/roxy-seamless-leggings\/\" \/>\n<meta property=\"og:locale\" content=\"en_US\" \/>\n<meta property=\"og:type\" content=\"article\" \/>\n<meta property=\"og:title\" content=\"Roxy Seamless Leggings - Fit360\" \/>\n<meta property=\"og:description\" content=\"Roxy Seamless Leggings on k\u00fckikindlad \u00f5mblusteta retuusid, neist v\u00f5ib saada teie lemmik treeningkaaslane. \u00d5mblusteta konstruktsioonil on erinevad kangamustrid ja S-kujuline k\u00f5ver piki keha, mis annab Roxy Seamless Leggingsidele ainulaadse v\u00e4limuse, mis t\u00e4iustab teie kehaehitust.\u00a0\" \/>\n<meta property=\"og:url\" content=\"https:\/\/fit360.ee\/en\/pood\/training-equipment-en\/fitness-clothing-en\/roxy-seamless-leggings\/\" \/>\n<meta property=\"og:site_name\" content=\"Fit360\" \/>\n<meta property=\"article:modified_time\" content=\"2025-08-13T05:39:45+00:00\" \/>\n<meta property=\"og:image\" content=\"https:\/\/fit360.ee\/wp-content\/uploads\/2021\/12\/2993_12c70a5d79-111046990_1-full.png\" \/>\n\t<meta property=\"og:image:width\" content=\"1000\" \/>\n\t<meta property=\"og:image:height\" content=\"1000\" \/>\n\t<meta property=\"og:image:type\" content=\"image\/png\" \/>\n<meta name=\"twitter:card\" content=\"summary_large_image\" \/>\n<meta name=\"twitter:label1\" content=\"Est. reading time\" \/>\n\t<meta name=\"twitter:data1\" content=\"1 minute\" \/>\n<script type=\"application\/ld+json\" class=\"yoast-schema-graph\">{\"@context\":\"https:\\\/\\\/schema.org\",\"@graph\":[{\"@type\":\"WebPage\",\"@id\":\"https:\\\/\\\/fit360.ee\\\/en\\\/pood\\\/training-equipment-en\\\/fitness-clothing-en\\\/roxy-seamless-leggings\\\/\",\"url\":\"https:\\\/\\\/fit360.ee\\\/en\\\/pood\\\/training-equipment-en\\\/fitness-clothing-en\\\/roxy-seamless-leggings\\\/\",\"name\":\"Roxy Seamless Leggings - Fit360\",\"isPartOf\":{\"@id\":\"https:\\\/\\\/fit360.ee\\\/en\\\/#website\"},\"primaryImageOfPage\":{\"@id\":\"https:\\\/\\\/fit360.ee\\\/en\\\/pood\\\/training-equipment-en\\\/fitness-clothing-en\\\/roxy-seamless-leggings\\\/#primaryimage\"},\"image\":{\"@id\":\"https:\\\/\\\/fit360.ee\\\/en\\\/pood\\\/training-equipment-en\\\/fitness-clothing-en\\\/roxy-seamless-leggings\\\/#primaryimage\"},\"thumbnailUrl\":\"https:\\\/\\\/fit360.ee\\\/wp-content\\\/uploads\\\/2021\\\/12\\\/2993_12c70a5d79-111046990_1-full.png\",\"datePublished\":\"2021-12-09T12:05:56+00:00\",\"dateModified\":\"2025-08-13T05:39:45+00:00\",\"breadcrumb\":{\"@id\":\"https:\\\/\\\/fit360.ee\\\/en\\\/pood\\\/training-equipment-en\\\/fitness-clothing-en\\\/roxy-seamless-leggings\\\/#breadcrumb\"},\"inLanguage\":\"en-US\",\"potentialAction\":[{\"@type\":\"ReadAction\",\"target\":[\"https:\\\/\\\/fit360.ee\\\/en\\\/pood\\\/training-equipment-en\\\/fitness-clothing-en\\\/roxy-seamless-leggings\\\/\"]}]},{\"@type\":\"ImageObject\",\"inLanguage\":\"en-US\",\"@id\":\"https:\\\/\\\/fit360.ee\\\/en\\\/pood\\\/training-equipment-en\\\/fitness-clothing-en\\\/roxy-seamless-leggings\\\/#primaryimage\",\"url\":\"https:\\\/\\\/fit360.ee\\\/wp-content\\\/uploads\\\/2021\\\/12\\\/2993_12c70a5d79-111046990_1-full.png\",\"contentUrl\":\"https:\\\/\\\/fit360.ee\\\/wp-content\\\/uploads\\\/2021\\\/12\\\/2993_12c70a5d79-111046990_1-full.png\",\"width\":1000,\"height\":1000},{\"@type\":\"BreadcrumbList\",\"@id\":\"https:\\\/\\\/fit360.ee\\\/en\\\/pood\\\/training-equipment-en\\\/fitness-clothing-en\\\/roxy-seamless-leggings\\\/#breadcrumb\",\"itemListElement\":[{\"@type\":\"ListItem\",\"position\":1,\"name\":\"Home\",\"item\":\"https:\\\/\\\/fit360.ee\\\/en\\\/\"},{\"@type\":\"ListItem\",\"position\":2,\"name\":\"Shop\",\"item\":\"https:\\\/\\\/fit360.ee\\\/en\\\/shop\\\/\"},{\"@type\":\"ListItem\",\"position\":3,\"name\":\"Roxy Seamless Leggings\"}]},{\"@type\":\"WebSite\",\"@id\":\"https:\\\/\\\/fit360.ee\\\/en\\\/#website\",\"url\":\"https:\\\/\\\/fit360.ee\\\/en\\\/\",\"name\":\"Fit360\",\"description\":\"\",\"publisher\":{\"@id\":\"https:\\\/\\\/fit360.ee\\\/en\\\/#organization\"},\"potentialAction\":[{\"@type\":\"SearchAction\",\"target\":{\"@type\":\"EntryPoint\",\"urlTemplate\":\"https:\\\/\\\/fit360.ee\\\/en\\\/?s={search_term_string}\"},\"query-input\":{\"@type\":\"PropertyValueSpecification\",\"valueRequired\":true,\"valueName\":\"search_term_string\"}}],\"inLanguage\":\"en-US\"},{\"@type\":\"Organization\",\"@id\":\"https:\\\/\\\/fit360.ee\\\/en\\\/#organization\",\"name\":\"Fit360\",\"url\":\"https:\\\/\\\/fit360.ee\\\/en\\\/\",\"logo\":{\"@type\":\"ImageObject\",\"inLanguage\":\"en-US\",\"@id\":\"https:\\\/\\\/fit360.ee\\\/en\\\/#\\\/schema\\\/logo\\\/image\\\/\",\"url\":\"https:\\\/\\\/fit360.ee\\\/wp-content\\\/uploads\\\/2017\\\/01\\\/logo-fit360.png\",\"contentUrl\":\"https:\\\/\\\/fit360.ee\\\/wp-content\\\/uploads\\\/2017\\\/01\\\/logo-fit360.png\",\"width\":180,\"height\":66,\"caption\":\"Fit360\"},\"image\":{\"@id\":\"https:\\\/\\\/fit360.ee\\\/en\\\/#\\\/schema\\\/logo\\\/image\\\/\"}}]}<\/script>\n<!-- \/ Yoast SEO plugin. -->","yoast_head_json":{"title":"Roxy Seamless Leggings - Fit360","robots":{"index":"index","follow":"follow","max-snippet":"max-snippet:-1","max-image-preview":"max-image-preview:large","max-video-preview":"max-video-preview:-1"},"canonical":"https:\/\/fit360.ee\/en\/pood\/training-equipment-en\/fitness-clothing-en\/roxy-seamless-leggings\/","og_locale":"en_US","og_type":"article","og_title":"Roxy Seamless Leggings - Fit360","og_description":"Roxy Seamless Leggings on k\u00fckikindlad \u00f5mblusteta retuusid, neist v\u00f5ib saada teie lemmik treeningkaaslane. \u00d5mblusteta konstruktsioonil on erinevad kangamustrid ja S-kujuline k\u00f5ver piki keha, mis annab Roxy Seamless Leggingsidele ainulaadse v\u00e4limuse, mis t\u00e4iustab teie kehaehitust.\u00a0","og_url":"https:\/\/fit360.ee\/en\/pood\/training-equipment-en\/fitness-clothing-en\/roxy-seamless-leggings\/","og_site_name":"Fit360","article_modified_time":"2025-08-13T05:39:45+00:00","og_image":[{"width":1000,"height":1000,"url":"https:\/\/fit360.ee\/wp-content\/uploads\/2021\/12\/2993_12c70a5d79-111046990_1-full.png","type":"image\/png"}],"twitter_card":"summary_large_image","twitter_misc":{"Est. reading time":"1 minute"},"schema":{"@context":"https:\/\/schema.org","@graph":[{"@type":"WebPage","@id":"https:\/\/fit360.ee\/en\/pood\/training-equipment-en\/fitness-clothing-en\/roxy-seamless-leggings\/","url":"https:\/\/fit360.ee\/en\/pood\/training-equipment-en\/fitness-clothing-en\/roxy-seamless-leggings\/","name":"Roxy Seamless Leggings - Fit360","isPartOf":{"@id":"https:\/\/fit360.ee\/en\/#website"},"primaryImageOfPage":{"@id":"https:\/\/fit360.ee\/en\/pood\/training-equipment-en\/fitness-clothing-en\/roxy-seamless-leggings\/#primaryimage"},"image":{"@id":"https:\/\/fit360.ee\/en\/pood\/training-equipment-en\/fitness-clothing-en\/roxy-seamless-leggings\/#primaryimage"},"thumbnailUrl":"https:\/\/fit360.ee\/wp-content\/uploads\/2021\/12\/2993_12c70a5d79-111046990_1-full.png","datePublished":"2021-12-09T12:05:56+00:00","dateModified":"2025-08-13T05:39:45+00:00","breadcrumb":{"@id":"https:\/\/fit360.ee\/en\/pood\/training-equipment-en\/fitness-clothing-en\/roxy-seamless-leggings\/#breadcrumb"},"inLanguage":"en-US","potentialAction":[{"@type":"ReadAction","target":["https:\/\/fit360.ee\/en\/pood\/training-equipment-en\/fitness-clothing-en\/roxy-seamless-leggings\/"]}]},{"@type":"ImageObject","inLanguage":"en-US","@id":"https:\/\/fit360.ee\/en\/pood\/training-equipment-en\/fitness-clothing-en\/roxy-seamless-leggings\/#primaryimage","url":"https:\/\/fit360.ee\/wp-content\/uploads\/2021\/12\/2993_12c70a5d79-111046990_1-full.png","contentUrl":"https:\/\/fit360.ee\/wp-content\/uploads\/2021\/12\/2993_12c70a5d79-111046990_1-full.png","width":1000,"height":1000},{"@type":"BreadcrumbList","@id":"https:\/\/fit360.ee\/en\/pood\/training-equipment-en\/fitness-clothing-en\/roxy-seamless-leggings\/#breadcrumb","itemListElement":[{"@type":"ListItem","position":1,"name":"Home","item":"https:\/\/fit360.ee\/en\/"},{"@type":"ListItem","position":2,"name":"Shop","item":"https:\/\/fit360.ee\/en\/shop\/"},{"@type":"ListItem","position":3,"name":"Roxy Seamless Leggings"}]},{"@type":"WebSite","@id":"https:\/\/fit360.ee\/en\/#website","url":"https:\/\/fit360.ee\/en\/","name":"Fit360","description":"","publisher":{"@id":"https:\/\/fit360.ee\/en\/#organization"},"potentialAction":[{"@type":"SearchAction","target":{"@type":"EntryPoint","urlTemplate":"https:\/\/fit360.ee\/en\/?s={search_term_string}"},"query-input":{"@type":"PropertyValueSpecification","valueRequired":true,"valueName":"search_term_string"}}],"inLanguage":"en-US"},{"@type":"Organization","@id":"https:\/\/fit360.ee\/en\/#organization","name":"Fit360","url":"https:\/\/fit360.ee\/en\/","logo":{"@type":"ImageObject","inLanguage":"en-US","@id":"https:\/\/fit360.ee\/en\/#\/schema\/logo\/image\/","url":"https:\/\/fit360.ee\/wp-content\/uploads\/2017\/01\/logo-fit360.png","contentUrl":"https:\/\/fit360.ee\/wp-content\/uploads\/2017\/01\/logo-fit360.png","width":180,"height":66,"caption":"Fit360"},"image":{"@id":"https:\/\/fit360.ee\/en\/#\/schema\/logo\/image\/"}}]}},"_links":{"self":[{"href":"https:\/\/fit360.ee\/en\/wp-json\/wp\/v2\/product\/58741","targetHints":{"allow":["GET"]}}],"collection":[{"href":"https:\/\/fit360.ee\/en\/wp-json\/wp\/v2\/product"}],"about":[{"href":"https:\/\/fit360.ee\/en\/wp-json\/wp\/v2\/types\/product"}],"replies":[{"embeddable":true,"href":"https:\/\/fit360.ee\/en\/wp-json\/wp\/v2\/comments?post=58741"}],"wp:featuredmedia":[{"embeddable":true,"href":"https:\/\/fit360.ee\/en\/wp-json\/wp\/v2\/media\/58729"}],"wp:attachment":[{"href":"https:\/\/fit360.ee\/en\/wp-json\/wp\/v2\/media?parent=58741"}],"wp:term":[{"taxonomy":"product_brand","embeddable":true,"href":"https:\/\/fit360.ee\/en\/wp-json\/wp\/v2\/product_brand?post=58741"},{"taxonomy":"product_cat","embeddable":true,"href":"https:\/\/fit360.ee\/en\/wp-json\/wp\/v2\/product_cat?post=58741"},{"taxonomy":"product_tag","embeddable":true,"href":"https:\/\/fit360.ee\/en\/wp-json\/wp\/v2\/product_tag?post=58741"},{"taxonomy":"giftcard-category","embeddable":true,"href":"https:\/\/fit360.ee\/en\/wp-json\/wp\/v2\/giftcard-category?post=58741"}],"curies":[{"name":"wp","href":"https:\/\/api.w.org\/{rel}","templated":true}]}}