{"id":58801,"date":"2021-12-12T14:41:45","date_gmt":"2021-12-12T12:41:45","guid":{"rendered":"https:\/\/fit360.ee\/pood\/uncategorized\/mm-protein-bar-51g\/"},"modified":"2025-08-13T07:39:02","modified_gmt":"2025-08-13T05:39:02","slug":"mm-protein-bar-51g","status":"publish","type":"product","link":"https:\/\/fit360.ee\/en\/pood\/product-groups\/protein-bars-and-snacks\/mm-protein-bar-51g\/","title":{"rendered":"M&amp;M Protein Bar (51g)"},"content":{"rendered":"<h1><strong>M&amp;M Protein Bar<\/strong><\/h1>\n<p>M&amp;M Protein Bar l\u00f5puks siin!! K\u00e4es on see hetk, mida me kindlasti oleme oodanud. K\u00f5rge valgusisaldusega batoon, mis sisaldab endas mini suuruses shokolaadi M &amp; M-e, piima\u0161okolaadit\u00fckke ja m\u00f5nusat p\u00e4hkli maitset!! Jah, Marsi Hi-Protein M&amp;M Chocolate valgubatoonid on siin!<\/p>\n<p>Tuginedes k\u00f5igi teiste Marsi proteiiniga rikastatud suupistete edule, on see m\u00e4ngu muutev M&amp;M-i saabumine &#8220;t\u00f5stnud lati&#8221; maitsvates proteiinisuupistetes &#8230; M &amp; M-id, Mars shokolaad + proteiin, kas on midagi, mis k\u00f5laks ahvatlevamalt ja vastupandamatult ?! EI! Need n\u00e4tsked v\u00e4ikesed batoonid on meid t\u00f5siselt kuumaks k\u00fctnud!<\/p>\n<p>K\u00f5rge valgusisaldusega ja madalama suhkrusisaldusega, kuid ohverdamata maitset, \u00fcletamatu kombo- Marsi-karamelli, piima\u0161okolaadi ja hunniku mini\u0161okolaadiga kr\u00f5beda koorega M &amp; M-dega<\/p>\n<p>T\u00f5eliselt sensatsiooniline treeninguj\u00e4rgne suupiste (ja preemia !!), kui te pole maap\u00e4hkliv\u00f5i armastaja, siis \u00e4rge muretsege, see shokolaadi batoon on teile!! Ideaalne magusaarmastajale, me teame, et sa paned selle lisavalgu enda kasuks t\u00f6\u00f6le!<\/p>\n<p><a href=\"https:\/\/fit360.ee\/wp-content\/uploads\/2021\/12\/MM-Protein-bar-fit360.ee-min-800x247.jpg\"><img loading=\"lazy\" decoding=\"async\" class=\"size-medium wp-image-58791\" src=\"https:\/\/fit360.ee\/wp-content\/uploads\/2021\/12\/MM-Protein-bar-fit360.ee-min-800x247.jpg\" alt=\"M&amp;M Protein bar - fit360.ee\" width=\"800\" height=\"247\" srcset=\"https:\/\/fit360.ee\/wp-content\/uploads\/2021\/12\/MM-Protein-bar-fit360.ee-min-800x247.jpg 800w, https:\/\/fit360.ee\/wp-content\/uploads\/2021\/12\/MM-Protein-bar-fit360.ee-min-510x158.jpg 510w, https:\/\/fit360.ee\/wp-content\/uploads\/2021\/12\/MM-Protein-bar-fit360.ee-min-768x238.jpg 768w, https:\/\/fit360.ee\/wp-content\/uploads\/2021\/12\/MM-Protein-bar-fit360.ee-min.jpg 970w\" sizes=\"auto, (max-width: 800px) 100vw, 800px\" \/><\/a><\/p>\n<p><strong>Miks M &amp; M&#8217;s Hi-Protein \u0161okolaadibatoon?<\/strong><\/p>\n<ul>\n<li>Sest see sisaldab autentseid mini shokolaadi M &amp; M-e (Valmistatud Marsi poolt !!)<\/li>\n<li>Sisaldab 15g valku<\/li>\n<li>10g v\u00e4hem suhkrut kui tavalistes M&amp;M-ides.<\/li>\n<li>3x rohkem valku kui tavaliste M&amp;M kommides<\/li>\n<\/ul>\n<p><strong>M&amp;M Protein Bar Chocolate batooni koostisosad ja toitained<\/strong>:<\/p>\n<table>\n<thead>\n<tr>\n<th colspan=\"2\">M&amp;M&#8217;s Hi-Protein\u00a0 Bar<\/th>\n<\/tr>\n<tr>\n<th><\/th>\n<th>51g kohta<\/th>\n<\/tr>\n<\/thead>\n<tbody>\n<tr>\n<td>Kalorid<\/td>\n<td>192kcal<\/td>\n<\/tr>\n<tr>\n<td>Valgud<\/td>\n<td>15g<\/td>\n<\/tr>\n<tr>\n<td>Rasvad<\/td>\n<td>5.5g<\/td>\n<\/tr>\n<tr>\n<td>&#8211; <em>millest k\u00fcllastunud rasvahapped<\/em><\/td>\n<td>2.9g<\/td>\n<\/tr>\n<tr>\n<td>S\u00fcsivesikud<\/td>\n<td>23g<\/td>\n<\/tr>\n<tr>\n<td>&#8211;<em> millest suhkrud<\/em><\/td>\n<td>15g<\/td>\n<\/tr>\n<tr>\n<td>Sool<\/td>\n<td>0.3g<\/td>\n<\/tr>\n<\/tbody>\n<\/table>\n<p><strong>Koostisosad<\/strong>: Valgusegu (<strong>piimavalk<\/strong>, vadaku valgukontsentraat (<strong>piimast<\/strong>),\u00a0<strong>l\u00f5ssipulber<\/strong>, emulgaator (E322 (<strong>soja<\/strong>)), piima\u0161okolaad (16%) (suhkur, kakaov\u00f5i,\u00a0<strong>l\u00f5ssipulber<\/strong>, kakao mass,\u00a0<strong>laktoos\u00a0<\/strong>ja valk vadakupiimast (<strong>piimast<\/strong>), palmi\u00f5li, vadakupulber (<strong>piimast<\/strong>),\u00a0<strong>piimarasv<\/strong>, emulgaator (E322 (<strong>soja<\/strong>), E476), vaniljeekstrakt), Mini M&amp;M&#8217;s (12%) (suhkur, kakaomass, t\u00e4iskoore\u00a0<strong>piima<\/strong>pulber, laktoos (<strong>piimast<\/strong>), kakaov\u00f5i, t\u00e4rklis, palmirasv, sheav\u00f5i, gl\u00fckoosisiirup, emulgaator (E322 (<strong>soja<\/strong>)), stabilisaator (E414), v\u00e4rvid (E100, E133, E160a, E162, E170, E172), dekstriin, glasuurimisaine (E903), palmituuma\u00f5li, sool, vaniljeekstrakt), karamell (10%) (magustatud kondenseeritud\u00a0<strong>l\u00f5ssipiim<\/strong>, gl\u00fckoosisiirup, invertsuhkrusiirup, palmi\u00f5li, v\u00f5i (<strong>piimast<\/strong>), suhkur, emulgaator (E471), stabilisaator (E440), sool, maitse), niisutaja (gl\u00fctserool), h\u00fcdrol\u00fc\u00fcsitud kollageen, magusaine (maltitool),\u00a0<strong>soja\u00a0<\/strong>valguisolaat, gl\u00fckoosisiirup, v\u00e4hendatud rasvasisaldusega kakaopulber, p\u00e4evalille\u00f5li, maitse, sool, antioks\u00fcdant (E306).<\/p>\n<p><strong>Kasutamine<\/strong>: Tarbi vastavalt vajadusele.<\/p>\n<p><strong>Suurus<\/strong>: 51g<\/p>\n<p>Vaata ka meie Teisi Proteiinibatoone <a href=\"https:\/\/fit360.ee\/en\/product-category\/product-groups\/protein-bars-and-snacks\/\"><strong>SIIT<\/strong><\/a>!<\/p>\n","protected":false},"excerpt":{"rendered":"<h3><strong>M&amp;M Protein Bar<\/strong><\/h3>\n<ul>\n<li>Sest see sisaldab autentseid mini shokolaadi M&amp;M-e<\/li>\n<li>10g v\u00e4hem suhkrut kui tavalistes M&amp;M-ides.<\/li>\n<li>3x rohkem valku kui tavaliste M&amp;M kommides<\/li>\n<\/ul>\n","protected":false},"featured_media":58796,"comment_status":"closed","ping_status":"closed","template":"","meta":[],"product_brand":[],"product_cat":[3012,534],"product_tag":[3481,3482],"giftcard-category":[],"class_list":{"0":"post-58801","1":"product","2":"type-product","3":"status-publish","4":"has-post-thumbnail","6":"product_cat-mars-protein-en","7":"product_cat-protein-bars-and-snacks","8":"product_tag-mm-protein-bar-en","9":"product_tag-proteiinibatoon-en","10":"pa_maitse-chocolate","11":"pa_maitse-crispy-en","12":"pa_maitse-peanut","14":"first","15":"outofstock","16":"sale","17":"taxable","18":"shipping-taxable","19":"purchasable","20":"product-type-variable"},"yoast_head":"<!-- This site is optimized with the Yoast SEO plugin v27.3 - https:\/\/yoast.com\/product\/yoast-seo-wordpress\/ -->\n<title>M&amp;M Protein Bar (51g) - \u00dclimaitsev Proteiinibatoon - Kiire Tarne - Fit360<\/title>\n<meta name=\"description\" content=\"M&amp;M Protein Bar sisaldab autentseid mini shokolaadi M&amp;M. Sisaldab 15g valku. 10g v\u00e4hem suhkrut kui tavalistes M&amp;M-ides. \u00dclimaitsev!\" \/>\n<meta name=\"robots\" content=\"index, follow, max-snippet:-1, max-image-preview:large, max-video-preview:-1\" \/>\n<link rel=\"canonical\" href=\"https:\/\/fit360.ee\/en\/pood\/product-groups\/protein-bars-and-snacks\/mm-protein-bar-51g\/\" \/>\n<meta property=\"og:locale\" content=\"en_US\" \/>\n<meta property=\"og:type\" content=\"article\" \/>\n<meta property=\"og:title\" content=\"M&amp;M Protein Bar (51g) - \u00dclimaitsev Proteiinibatoon - Kiire Tarne - Fit360\" \/>\n<meta property=\"og:description\" content=\"M&amp;M Protein Bar sisaldab autentseid mini shokolaadi M&amp;M. Sisaldab 15g valku. 10g v\u00e4hem suhkrut kui tavalistes M&amp;M-ides. \u00dclimaitsev!\" \/>\n<meta property=\"og:url\" content=\"https:\/\/fit360.ee\/en\/pood\/product-groups\/protein-bars-and-snacks\/mm-protein-bar-51g\/\" \/>\n<meta property=\"og:site_name\" content=\"Fit360\" \/>\n<meta property=\"article:modified_time\" content=\"2025-08-13T05:39:02+00:00\" \/>\n<meta property=\"og:image\" content=\"https:\/\/fit360.ee\/wp-content\/uploads\/2021\/12\/MM-proteiinibatoon-fit360.ee-min.jpg\" \/>\n\t<meta property=\"og:image:width\" content=\"800\" \/>\n\t<meta property=\"og:image:height\" content=\"800\" \/>\n\t<meta property=\"og:image:type\" content=\"image\/jpeg\" \/>\n<meta name=\"twitter:card\" content=\"summary_large_image\" \/>\n<meta name=\"twitter:label1\" content=\"Est. reading time\" \/>\n\t<meta name=\"twitter:data1\" content=\"2 minutes\" \/>\n<script type=\"application\/ld+json\" class=\"yoast-schema-graph\">{\"@context\":\"https:\\\/\\\/schema.org\",\"@graph\":[{\"@type\":\"WebPage\",\"@id\":\"https:\\\/\\\/fit360.ee\\\/en\\\/pood\\\/product-groups\\\/protein-bars-and-snacks\\\/mm-protein-bar-51g\\\/\",\"url\":\"https:\\\/\\\/fit360.ee\\\/en\\\/pood\\\/product-groups\\\/protein-bars-and-snacks\\\/mm-protein-bar-51g\\\/\",\"name\":\"M&amp;M Protein Bar (51g) - \u00dclimaitsev Proteiinibatoon - Kiire Tarne - Fit360\",\"isPartOf\":{\"@id\":\"https:\\\/\\\/fit360.ee\\\/en\\\/#website\"},\"primaryImageOfPage\":{\"@id\":\"https:\\\/\\\/fit360.ee\\\/en\\\/pood\\\/product-groups\\\/protein-bars-and-snacks\\\/mm-protein-bar-51g\\\/#primaryimage\"},\"image\":{\"@id\":\"https:\\\/\\\/fit360.ee\\\/en\\\/pood\\\/product-groups\\\/protein-bars-and-snacks\\\/mm-protein-bar-51g\\\/#primaryimage\"},\"thumbnailUrl\":\"https:\\\/\\\/fit360.ee\\\/wp-content\\\/uploads\\\/2021\\\/12\\\/MM-proteiinibatoon-fit360.ee-min.jpg\",\"datePublished\":\"2021-12-12T12:41:45+00:00\",\"dateModified\":\"2025-08-13T05:39:02+00:00\",\"description\":\"M&M Protein Bar sisaldab autentseid mini shokolaadi M&M. Sisaldab 15g valku. 10g v\u00e4hem suhkrut kui tavalistes M&M-ides. \u00dclimaitsev!\",\"breadcrumb\":{\"@id\":\"https:\\\/\\\/fit360.ee\\\/en\\\/pood\\\/product-groups\\\/protein-bars-and-snacks\\\/mm-protein-bar-51g\\\/#breadcrumb\"},\"inLanguage\":\"en-US\",\"potentialAction\":[{\"@type\":\"ReadAction\",\"target\":[\"https:\\\/\\\/fit360.ee\\\/en\\\/pood\\\/product-groups\\\/protein-bars-and-snacks\\\/mm-protein-bar-51g\\\/\"]}]},{\"@type\":\"ImageObject\",\"inLanguage\":\"en-US\",\"@id\":\"https:\\\/\\\/fit360.ee\\\/en\\\/pood\\\/product-groups\\\/protein-bars-and-snacks\\\/mm-protein-bar-51g\\\/#primaryimage\",\"url\":\"https:\\\/\\\/fit360.ee\\\/wp-content\\\/uploads\\\/2021\\\/12\\\/MM-proteiinibatoon-fit360.ee-min.jpg\",\"contentUrl\":\"https:\\\/\\\/fit360.ee\\\/wp-content\\\/uploads\\\/2021\\\/12\\\/MM-proteiinibatoon-fit360.ee-min.jpg\",\"width\":800,\"height\":800,\"caption\":\"v\"},{\"@type\":\"BreadcrumbList\",\"@id\":\"https:\\\/\\\/fit360.ee\\\/en\\\/pood\\\/product-groups\\\/protein-bars-and-snacks\\\/mm-protein-bar-51g\\\/#breadcrumb\",\"itemListElement\":[{\"@type\":\"ListItem\",\"position\":1,\"name\":\"Home\",\"item\":\"https:\\\/\\\/fit360.ee\\\/en\\\/\"},{\"@type\":\"ListItem\",\"position\":2,\"name\":\"Shop\",\"item\":\"https:\\\/\\\/fit360.ee\\\/en\\\/shop\\\/\"},{\"@type\":\"ListItem\",\"position\":3,\"name\":\"M&amp;M Protein Bar (51g)\"}]},{\"@type\":\"WebSite\",\"@id\":\"https:\\\/\\\/fit360.ee\\\/en\\\/#website\",\"url\":\"https:\\\/\\\/fit360.ee\\\/en\\\/\",\"name\":\"Fit360\",\"description\":\"\",\"publisher\":{\"@id\":\"https:\\\/\\\/fit360.ee\\\/en\\\/#organization\"},\"potentialAction\":[{\"@type\":\"SearchAction\",\"target\":{\"@type\":\"EntryPoint\",\"urlTemplate\":\"https:\\\/\\\/fit360.ee\\\/en\\\/?s={search_term_string}\"},\"query-input\":{\"@type\":\"PropertyValueSpecification\",\"valueRequired\":true,\"valueName\":\"search_term_string\"}}],\"inLanguage\":\"en-US\"},{\"@type\":\"Organization\",\"@id\":\"https:\\\/\\\/fit360.ee\\\/en\\\/#organization\",\"name\":\"Fit360\",\"url\":\"https:\\\/\\\/fit360.ee\\\/en\\\/\",\"logo\":{\"@type\":\"ImageObject\",\"inLanguage\":\"en-US\",\"@id\":\"https:\\\/\\\/fit360.ee\\\/en\\\/#\\\/schema\\\/logo\\\/image\\\/\",\"url\":\"https:\\\/\\\/fit360.ee\\\/wp-content\\\/uploads\\\/2017\\\/01\\\/logo-fit360.png\",\"contentUrl\":\"https:\\\/\\\/fit360.ee\\\/wp-content\\\/uploads\\\/2017\\\/01\\\/logo-fit360.png\",\"width\":180,\"height\":66,\"caption\":\"Fit360\"},\"image\":{\"@id\":\"https:\\\/\\\/fit360.ee\\\/en\\\/#\\\/schema\\\/logo\\\/image\\\/\"}}]}<\/script>\n<!-- \/ Yoast SEO plugin. -->","yoast_head_json":{"title":"M&amp;M Protein Bar (51g) - \u00dclimaitsev Proteiinibatoon - Kiire Tarne - Fit360","description":"M&M Protein Bar sisaldab autentseid mini shokolaadi M&M. Sisaldab 15g valku. 10g v\u00e4hem suhkrut kui tavalistes M&M-ides. \u00dclimaitsev!","robots":{"index":"index","follow":"follow","max-snippet":"max-snippet:-1","max-image-preview":"max-image-preview:large","max-video-preview":"max-video-preview:-1"},"canonical":"https:\/\/fit360.ee\/en\/pood\/product-groups\/protein-bars-and-snacks\/mm-protein-bar-51g\/","og_locale":"en_US","og_type":"article","og_title":"M&amp;M Protein Bar (51g) - \u00dclimaitsev Proteiinibatoon - Kiire Tarne - Fit360","og_description":"M&M Protein Bar sisaldab autentseid mini shokolaadi M&M. Sisaldab 15g valku. 10g v\u00e4hem suhkrut kui tavalistes M&M-ides. \u00dclimaitsev!","og_url":"https:\/\/fit360.ee\/en\/pood\/product-groups\/protein-bars-and-snacks\/mm-protein-bar-51g\/","og_site_name":"Fit360","article_modified_time":"2025-08-13T05:39:02+00:00","og_image":[{"width":800,"height":800,"url":"https:\/\/fit360.ee\/wp-content\/uploads\/2021\/12\/MM-proteiinibatoon-fit360.ee-min.jpg","type":"image\/jpeg"}],"twitter_card":"summary_large_image","twitter_misc":{"Est. reading time":"2 minutes"},"schema":{"@context":"https:\/\/schema.org","@graph":[{"@type":"WebPage","@id":"https:\/\/fit360.ee\/en\/pood\/product-groups\/protein-bars-and-snacks\/mm-protein-bar-51g\/","url":"https:\/\/fit360.ee\/en\/pood\/product-groups\/protein-bars-and-snacks\/mm-protein-bar-51g\/","name":"M&amp;M Protein Bar (51g) - \u00dclimaitsev Proteiinibatoon - Kiire Tarne - Fit360","isPartOf":{"@id":"https:\/\/fit360.ee\/en\/#website"},"primaryImageOfPage":{"@id":"https:\/\/fit360.ee\/en\/pood\/product-groups\/protein-bars-and-snacks\/mm-protein-bar-51g\/#primaryimage"},"image":{"@id":"https:\/\/fit360.ee\/en\/pood\/product-groups\/protein-bars-and-snacks\/mm-protein-bar-51g\/#primaryimage"},"thumbnailUrl":"https:\/\/fit360.ee\/wp-content\/uploads\/2021\/12\/MM-proteiinibatoon-fit360.ee-min.jpg","datePublished":"2021-12-12T12:41:45+00:00","dateModified":"2025-08-13T05:39:02+00:00","description":"M&M Protein Bar sisaldab autentseid mini shokolaadi M&M. Sisaldab 15g valku. 10g v\u00e4hem suhkrut kui tavalistes M&M-ides. \u00dclimaitsev!","breadcrumb":{"@id":"https:\/\/fit360.ee\/en\/pood\/product-groups\/protein-bars-and-snacks\/mm-protein-bar-51g\/#breadcrumb"},"inLanguage":"en-US","potentialAction":[{"@type":"ReadAction","target":["https:\/\/fit360.ee\/en\/pood\/product-groups\/protein-bars-and-snacks\/mm-protein-bar-51g\/"]}]},{"@type":"ImageObject","inLanguage":"en-US","@id":"https:\/\/fit360.ee\/en\/pood\/product-groups\/protein-bars-and-snacks\/mm-protein-bar-51g\/#primaryimage","url":"https:\/\/fit360.ee\/wp-content\/uploads\/2021\/12\/MM-proteiinibatoon-fit360.ee-min.jpg","contentUrl":"https:\/\/fit360.ee\/wp-content\/uploads\/2021\/12\/MM-proteiinibatoon-fit360.ee-min.jpg","width":800,"height":800,"caption":"v"},{"@type":"BreadcrumbList","@id":"https:\/\/fit360.ee\/en\/pood\/product-groups\/protein-bars-and-snacks\/mm-protein-bar-51g\/#breadcrumb","itemListElement":[{"@type":"ListItem","position":1,"name":"Home","item":"https:\/\/fit360.ee\/en\/"},{"@type":"ListItem","position":2,"name":"Shop","item":"https:\/\/fit360.ee\/en\/shop\/"},{"@type":"ListItem","position":3,"name":"M&amp;M Protein Bar (51g)"}]},{"@type":"WebSite","@id":"https:\/\/fit360.ee\/en\/#website","url":"https:\/\/fit360.ee\/en\/","name":"Fit360","description":"","publisher":{"@id":"https:\/\/fit360.ee\/en\/#organization"},"potentialAction":[{"@type":"SearchAction","target":{"@type":"EntryPoint","urlTemplate":"https:\/\/fit360.ee\/en\/?s={search_term_string}"},"query-input":{"@type":"PropertyValueSpecification","valueRequired":true,"valueName":"search_term_string"}}],"inLanguage":"en-US"},{"@type":"Organization","@id":"https:\/\/fit360.ee\/en\/#organization","name":"Fit360","url":"https:\/\/fit360.ee\/en\/","logo":{"@type":"ImageObject","inLanguage":"en-US","@id":"https:\/\/fit360.ee\/en\/#\/schema\/logo\/image\/","url":"https:\/\/fit360.ee\/wp-content\/uploads\/2017\/01\/logo-fit360.png","contentUrl":"https:\/\/fit360.ee\/wp-content\/uploads\/2017\/01\/logo-fit360.png","width":180,"height":66,"caption":"Fit360"},"image":{"@id":"https:\/\/fit360.ee\/en\/#\/schema\/logo\/image\/"}}]}},"_links":{"self":[{"href":"https:\/\/fit360.ee\/en\/wp-json\/wp\/v2\/product\/58801","targetHints":{"allow":["GET"]}}],"collection":[{"href":"https:\/\/fit360.ee\/en\/wp-json\/wp\/v2\/product"}],"about":[{"href":"https:\/\/fit360.ee\/en\/wp-json\/wp\/v2\/types\/product"}],"replies":[{"embeddable":true,"href":"https:\/\/fit360.ee\/en\/wp-json\/wp\/v2\/comments?post=58801"}],"wp:featuredmedia":[{"embeddable":true,"href":"https:\/\/fit360.ee\/en\/wp-json\/wp\/v2\/media\/58796"}],"wp:attachment":[{"href":"https:\/\/fit360.ee\/en\/wp-json\/wp\/v2\/media?parent=58801"}],"wp:term":[{"taxonomy":"product_brand","embeddable":true,"href":"https:\/\/fit360.ee\/en\/wp-json\/wp\/v2\/product_brand?post=58801"},{"taxonomy":"product_cat","embeddable":true,"href":"https:\/\/fit360.ee\/en\/wp-json\/wp\/v2\/product_cat?post=58801"},{"taxonomy":"product_tag","embeddable":true,"href":"https:\/\/fit360.ee\/en\/wp-json\/wp\/v2\/product_tag?post=58801"},{"taxonomy":"giftcard-category","embeddable":true,"href":"https:\/\/fit360.ee\/en\/wp-json\/wp\/v2\/giftcard-category?post=58801"}],"curies":[{"name":"wp","href":"https:\/\/api.w.org\/{rel}","templated":true}]}}