{"id":59633,"date":"2022-01-15T12:27:56","date_gmt":"2022-01-15T10:27:56","guid":{"rendered":"https:\/\/fit360.ee\/pood\/uncategorized\/hualuroonhape-hyaluronic-acid-90tabs\/"},"modified":"2026-04-11T13:12:29","modified_gmt":"2026-04-11T11:12:29","slug":"hualuroonhape-hyaluronic-acid-90tabs","status":"publish","type":"product","link":"https:\/\/fit360.ee\/en\/pood\/product-groups\/joint-support-en\/hyaluronic-acid-en\/hualuroonhape-hyaluronic-acid-90tabs\/","title":{"rendered":"H\u00fcaluroonhape &#8211; Hyaluronic Acid (90tabs)"},"content":{"rendered":"<h1><strong>H\u00fcaluroonhape<\/strong><\/h1>\n<p>OstroVit H\u00fcaluroonhape on toidulisand tablettidena, mis t\u00e4iendab dieeti h\u00fcaluroonhappega. See on geelitaoline vett siduv molekul. See toimib k\u00f5igi imetajate rakkudevahelistes ruumides pehmendava ja t\u00e4itva ainena. Pehmendab liigeseid, niisutab nahka ja juukseid. See v\u00f5ib suurendada naha elastsust ja aidata kaasa ka traumaj\u00e4rgse taastumise paranemisele.<\/p>\n<p>H\u00fcaluroonhapet seostatakse k\u00f5ige sagedamini kehahoolduskosmeetika koostisosana, noorendava kosmeetika ja vananemisvastase vahendina. H\u00fcaluroonhape v\u00f5ib oma omaduste t\u00f5ttu suurendada naha elastsust, mis v\u00f5ib meid kaitsta venitusarmide eest, mis meie v\u00e4limust rikuvad. Suukaudne h\u00fcaluroonhappe lisamine oma men\u00fc\u00fcsse suurendab selle taset meie nahas, t\u00e4nu millele v\u00f5ib see kiirendada taastumist p\u00e4rast vigastusi, l\u00f5ikeid, marrastusi v\u00f5i pehmete kudede vigastusi. \u00dcks h\u00fcaluroonhappe ihaldusv\u00e4\u00e4rsemaid eeliseid on positiivne m\u00f5ju luude, liigeste ja sidekoe talitlusele.<\/p>\n<ul>\n<li>Naha \u00fche komponendina vastutab see niisutuse eest<\/li>\n<li>T\u00e4idab ehitusfunktsioone ja t\u00e4idab rakkudevahelisi ruume<\/li>\n<li>Aeglustab naha vananemisprotsesse<\/li>\n<li>See v\u00f5ib aidata kaasa liigeste, luude ja sidekoe korralikule toimimisele<\/li>\n<li>V\u00f5ib parandada naha elastsust<\/li>\n<li>V\u00f5ib olla p\u00f5letikuvastane toime<\/li>\n<li>Toetab haavade paranemise protsessi ja traumaj\u00e4rgse taastumise protsessi<\/li>\n<\/ul>\n<h2><strong>Hyaluronic Acid<\/strong><\/h2>\n<p><strong>Koostisosad<\/strong>: Mahuaine: maltodekstriin; t\u00e4rklis, h\u00fcaluroonhape (naatriumh\u00fcaluronaat), paakumisvastased ained: rasvhapete magneesiumisoolad, r\u00e4nidioksiid.<\/p>\n<p><strong>Kasutamine<\/strong>: Tarbi 1-2 portsjonit (1-2 tabletti) p\u00e4evas, eelistatavalt koos toiduga.<\/p>\n<p>\u00c4rge \u00fcletage soovitatavat p\u00e4evaannust tarbimiseks. Toidulisandit ei saa kasutada mitmek\u00fclgse toitumise asendajana (asendajana). Soovitatav on tasakaalustatud toitumine ja tervislik eluviis. \u00c4rge s\u00f6\u00f6ge, kui olete m\u00f5ne toote koostisosa suhtes allergiline. Toodet ei tohi kasutada lapsed, rasedad ja imetavad emad. Hoida v\u00e4ikelastele k\u00e4ttesaamatus kohas.<\/p>\n<p><strong>Suurus<\/strong>: 90 tabletti<\/p>\n<section class=\"projector__description--nutritional row\" data-selector=\".--nutritional\">\n<div class=\"col-12 col-md-10 col-lg-8\">\n<div class=\"--nutrit\">\n<div class=\"nutrition_table_wrapper\">\n<div class=\"table_wrapper\">\n<table>\n<tbody>\n<tr>\n<th>Aktiivsed toimeained<\/th>\n<th>1 serveering (1 tablett)<\/th>\n<th>2 serveeringut (2 tabletti)<\/th>\n<\/tr>\n<tr>\n<td>\u00a0H\u00fcaluroonhape (naatriumh\u00fcaluronaat)<\/td>\n<td>70 mg<\/td>\n<td>140 mg<\/td>\n<\/tr>\n<\/tbody>\n<\/table>\n<\/div>\n<\/div>\n<\/div>\n<\/div>\n<\/section>\n<section class=\"projector__comments comments row\" data-selector=\".--comments\">\n<div class=\"--label col-12\"><\/div>\n<\/section>\n<p>Vaata ka meie Teisi Liigese Toidulisandeid <a href=\"https:\/\/fit360.ee\/en\/product-category\/product-groups\/joint-support-en\/\"><strong>SIIT<\/strong><\/a>!<\/p>\n<p>Soovid kaupa osta suuremas koguses? Vaata antud toodet ka meie HULGI poest\u00a0<a href=\"https:\/\/toidulisandidhulgi.ee\/product\/hualuroonhape-hyaluronic-acid-90tabs\/\"><strong>SIIT<\/strong><\/a>!<\/p>\n","protected":false},"excerpt":{"rendered":"<h3><strong>H\u00fcaluroonhape<\/strong><\/h3>\n<ul>\n<li>Naha \u00fche komponendina vastutab see niisutuse eest<\/li>\n<li>T\u00e4idab ehitusfunktsioone ja t\u00e4idab rakkudevahelisi ruume<\/li>\n<li>Aeglustab naha vananemisprotsesse<\/li>\n<li>See v\u00f5ib aidata kaasa liigeste, luude ja sidekoe korralikule toimimisele<\/li>\n<li>V\u00f5ib parandada naha elastsust<\/li>\n<li>V\u00f5ib olla p\u00f5letikuvastane toime<\/li>\n<li>Toetab haavade paranemise protsessi ja traumaj\u00e4rgse taastumise protsessi<\/li>\n<\/ul>\n","protected":false},"featured_media":84452,"comment_status":"closed","ping_status":"closed","template":"","meta":[],"product_brand":[],"product_cat":[5317,527,1329,1454,1201],"product_tag":[3583,3584,1924],"giftcard-category":[],"class_list":{"0":"post-59633","1":"product","2":"type-product","3":"status-publish","4":"has-post-thumbnail","6":"product_cat-hyaluronic-acid-en","7":"product_cat-joint-support-en","8":"product_cat-ostrovit-en","9":"product_cat-superfoods-health-foods-en","10":"product_cat-1201","11":"product_tag-hualuroonhape-en","12":"product_tag-hyaluronic-acid-en","13":"product_tag-ostrovit-en","14":"pa_kogus-90-tablets","15":"pa_toidulisand-branddd-ostrovit","16":"pa_tootegruppp-for-joints","17":"pa_tootegruppp-hualuroonhape-en","18":"pa_tootegruppp-supertoit-tervisetoit-en","19":"pa_tootegruppp-vegan-en","21":"first","22":"instock","23":"sale","24":"taxable","25":"shipping-taxable","26":"purchasable","27":"product-type-simple"},"yoast_head":"<!-- This site is optimized with the Yoast SEO plugin v27.3 - https:\/\/yoast.com\/product\/yoast-seo-wordpress\/ -->\n<title>H\u00fcaluroonhape - Hyaluronic Acid (90tabs) - Toidulisand liigestele - Fit360<\/title>\n<meta name=\"description\" content=\"H\u00fcaluroonhape aitab kaasa liigeste, luude ja sidekoe korralikule toimimisele. Samuti parandab naha elastsust ning aitab p\u00f5letike vastu.\" \/>\n<meta name=\"robots\" content=\"index, follow, max-snippet:-1, max-image-preview:large, max-video-preview:-1\" \/>\n<link rel=\"canonical\" href=\"https:\/\/fit360.ee\/en\/pood\/product-groups\/joint-support-en\/hyaluronic-acid-en\/hualuroonhape-hyaluronic-acid-90tabs\/\" \/>\n<meta property=\"og:locale\" content=\"en_US\" \/>\n<meta property=\"og:type\" content=\"article\" \/>\n<meta property=\"og:title\" content=\"H\u00fcaluroonhape - Hyaluronic Acid (90tabs) - Toidulisand liigestele - Fit360\" \/>\n<meta property=\"og:description\" content=\"H\u00fcaluroonhape aitab kaasa liigeste, luude ja sidekoe korralikule toimimisele. Samuti parandab naha elastsust ning aitab p\u00f5letike vastu.\" \/>\n<meta property=\"og:url\" content=\"https:\/\/fit360.ee\/en\/pood\/product-groups\/joint-support-en\/hyaluronic-acid-en\/hualuroonhape-hyaluronic-acid-90tabs\/\" \/>\n<meta property=\"og:site_name\" content=\"Fit360\" \/>\n<meta property=\"article:modified_time\" content=\"2026-04-11T11:12:29+00:00\" \/>\n<meta property=\"og:image\" content=\"https:\/\/fit360.ee\/wp-content\/uploads\/2022\/01\/Hualuroonhape-hyaluronic-acid-fit360.ee_.png\" \/>\n\t<meta property=\"og:image:width\" content=\"450\" \/>\n\t<meta property=\"og:image:height\" content=\"450\" \/>\n\t<meta property=\"og:image:type\" content=\"image\/png\" \/>\n<meta name=\"twitter:card\" content=\"summary_large_image\" \/>\n<meta name=\"twitter:label1\" content=\"Est. reading time\" \/>\n\t<meta name=\"twitter:data1\" content=\"2 minutes\" \/>\n<script type=\"application\/ld+json\" class=\"yoast-schema-graph\">{\"@context\":\"https:\\\/\\\/schema.org\",\"@graph\":[{\"@type\":\"WebPage\",\"@id\":\"https:\\\/\\\/fit360.ee\\\/en\\\/pood\\\/product-groups\\\/joint-support-en\\\/hyaluronic-acid-en\\\/hualuroonhape-hyaluronic-acid-90tabs\\\/\",\"url\":\"https:\\\/\\\/fit360.ee\\\/en\\\/pood\\\/product-groups\\\/joint-support-en\\\/hyaluronic-acid-en\\\/hualuroonhape-hyaluronic-acid-90tabs\\\/\",\"name\":\"H\u00fcaluroonhape - Hyaluronic Acid (90tabs) - Toidulisand liigestele - Fit360\",\"isPartOf\":{\"@id\":\"https:\\\/\\\/fit360.ee\\\/en\\\/#website\"},\"primaryImageOfPage\":{\"@id\":\"https:\\\/\\\/fit360.ee\\\/en\\\/pood\\\/product-groups\\\/joint-support-en\\\/hyaluronic-acid-en\\\/hualuroonhape-hyaluronic-acid-90tabs\\\/#primaryimage\"},\"image\":{\"@id\":\"https:\\\/\\\/fit360.ee\\\/en\\\/pood\\\/product-groups\\\/joint-support-en\\\/hyaluronic-acid-en\\\/hualuroonhape-hyaluronic-acid-90tabs\\\/#primaryimage\"},\"thumbnailUrl\":\"https:\\\/\\\/fit360.ee\\\/wp-content\\\/uploads\\\/2022\\\/01\\\/Hualuroonhape-hyaluronic-acid-fit360.ee_.png\",\"datePublished\":\"2022-01-15T10:27:56+00:00\",\"dateModified\":\"2026-04-11T11:12:29+00:00\",\"description\":\"H\u00fcaluroonhape aitab kaasa liigeste, luude ja sidekoe korralikule toimimisele. Samuti parandab naha elastsust ning aitab p\u00f5letike vastu.\",\"breadcrumb\":{\"@id\":\"https:\\\/\\\/fit360.ee\\\/en\\\/pood\\\/product-groups\\\/joint-support-en\\\/hyaluronic-acid-en\\\/hualuroonhape-hyaluronic-acid-90tabs\\\/#breadcrumb\"},\"inLanguage\":\"en-US\",\"potentialAction\":[{\"@type\":\"ReadAction\",\"target\":[\"https:\\\/\\\/fit360.ee\\\/en\\\/pood\\\/product-groups\\\/joint-support-en\\\/hyaluronic-acid-en\\\/hualuroonhape-hyaluronic-acid-90tabs\\\/\"]}]},{\"@type\":\"ImageObject\",\"inLanguage\":\"en-US\",\"@id\":\"https:\\\/\\\/fit360.ee\\\/en\\\/pood\\\/product-groups\\\/joint-support-en\\\/hyaluronic-acid-en\\\/hualuroonhape-hyaluronic-acid-90tabs\\\/#primaryimage\",\"url\":\"https:\\\/\\\/fit360.ee\\\/wp-content\\\/uploads\\\/2022\\\/01\\\/Hualuroonhape-hyaluronic-acid-fit360.ee_.png\",\"contentUrl\":\"https:\\\/\\\/fit360.ee\\\/wp-content\\\/uploads\\\/2022\\\/01\\\/Hualuroonhape-hyaluronic-acid-fit360.ee_.png\",\"width\":450,\"height\":450,\"caption\":\"H\u00fcaluroonhape hyaluronic acid - fit360.ee\"},{\"@type\":\"BreadcrumbList\",\"@id\":\"https:\\\/\\\/fit360.ee\\\/en\\\/pood\\\/product-groups\\\/joint-support-en\\\/hyaluronic-acid-en\\\/hualuroonhape-hyaluronic-acid-90tabs\\\/#breadcrumb\",\"itemListElement\":[{\"@type\":\"ListItem\",\"position\":1,\"name\":\"Home\",\"item\":\"https:\\\/\\\/fit360.ee\\\/en\\\/\"},{\"@type\":\"ListItem\",\"position\":2,\"name\":\"Shop\",\"item\":\"https:\\\/\\\/fit360.ee\\\/en\\\/shop\\\/\"},{\"@type\":\"ListItem\",\"position\":3,\"name\":\"H\u00fcaluroonhape &#8211; Hyaluronic Acid (90tabs)\"}]},{\"@type\":\"WebSite\",\"@id\":\"https:\\\/\\\/fit360.ee\\\/en\\\/#website\",\"url\":\"https:\\\/\\\/fit360.ee\\\/en\\\/\",\"name\":\"Fit360\",\"description\":\"\",\"publisher\":{\"@id\":\"https:\\\/\\\/fit360.ee\\\/en\\\/#organization\"},\"potentialAction\":[{\"@type\":\"SearchAction\",\"target\":{\"@type\":\"EntryPoint\",\"urlTemplate\":\"https:\\\/\\\/fit360.ee\\\/en\\\/?s={search_term_string}\"},\"query-input\":{\"@type\":\"PropertyValueSpecification\",\"valueRequired\":true,\"valueName\":\"search_term_string\"}}],\"inLanguage\":\"en-US\"},{\"@type\":\"Organization\",\"@id\":\"https:\\\/\\\/fit360.ee\\\/en\\\/#organization\",\"name\":\"Fit360\",\"url\":\"https:\\\/\\\/fit360.ee\\\/en\\\/\",\"logo\":{\"@type\":\"ImageObject\",\"inLanguage\":\"en-US\",\"@id\":\"https:\\\/\\\/fit360.ee\\\/en\\\/#\\\/schema\\\/logo\\\/image\\\/\",\"url\":\"https:\\\/\\\/fit360.ee\\\/wp-content\\\/uploads\\\/2017\\\/01\\\/logo-fit360.png\",\"contentUrl\":\"https:\\\/\\\/fit360.ee\\\/wp-content\\\/uploads\\\/2017\\\/01\\\/logo-fit360.png\",\"width\":180,\"height\":66,\"caption\":\"Fit360\"},\"image\":{\"@id\":\"https:\\\/\\\/fit360.ee\\\/en\\\/#\\\/schema\\\/logo\\\/image\\\/\"}}]}<\/script>\n<!-- \/ Yoast SEO plugin. -->","yoast_head_json":{"title":"H\u00fcaluroonhape - Hyaluronic Acid (90tabs) - Toidulisand liigestele - Fit360","description":"H\u00fcaluroonhape aitab kaasa liigeste, luude ja sidekoe korralikule toimimisele. Samuti parandab naha elastsust ning aitab p\u00f5letike vastu.","robots":{"index":"index","follow":"follow","max-snippet":"max-snippet:-1","max-image-preview":"max-image-preview:large","max-video-preview":"max-video-preview:-1"},"canonical":"https:\/\/fit360.ee\/en\/pood\/product-groups\/joint-support-en\/hyaluronic-acid-en\/hualuroonhape-hyaluronic-acid-90tabs\/","og_locale":"en_US","og_type":"article","og_title":"H\u00fcaluroonhape - Hyaluronic Acid (90tabs) - Toidulisand liigestele - Fit360","og_description":"H\u00fcaluroonhape aitab kaasa liigeste, luude ja sidekoe korralikule toimimisele. Samuti parandab naha elastsust ning aitab p\u00f5letike vastu.","og_url":"https:\/\/fit360.ee\/en\/pood\/product-groups\/joint-support-en\/hyaluronic-acid-en\/hualuroonhape-hyaluronic-acid-90tabs\/","og_site_name":"Fit360","article_modified_time":"2026-04-11T11:12:29+00:00","og_image":[{"width":450,"height":450,"url":"https:\/\/fit360.ee\/wp-content\/uploads\/2022\/01\/Hualuroonhape-hyaluronic-acid-fit360.ee_.png","type":"image\/png"}],"twitter_card":"summary_large_image","twitter_misc":{"Est. reading time":"2 minutes"},"schema":{"@context":"https:\/\/schema.org","@graph":[{"@type":"WebPage","@id":"https:\/\/fit360.ee\/en\/pood\/product-groups\/joint-support-en\/hyaluronic-acid-en\/hualuroonhape-hyaluronic-acid-90tabs\/","url":"https:\/\/fit360.ee\/en\/pood\/product-groups\/joint-support-en\/hyaluronic-acid-en\/hualuroonhape-hyaluronic-acid-90tabs\/","name":"H\u00fcaluroonhape - Hyaluronic Acid (90tabs) - Toidulisand liigestele - Fit360","isPartOf":{"@id":"https:\/\/fit360.ee\/en\/#website"},"primaryImageOfPage":{"@id":"https:\/\/fit360.ee\/en\/pood\/product-groups\/joint-support-en\/hyaluronic-acid-en\/hualuroonhape-hyaluronic-acid-90tabs\/#primaryimage"},"image":{"@id":"https:\/\/fit360.ee\/en\/pood\/product-groups\/joint-support-en\/hyaluronic-acid-en\/hualuroonhape-hyaluronic-acid-90tabs\/#primaryimage"},"thumbnailUrl":"https:\/\/fit360.ee\/wp-content\/uploads\/2022\/01\/Hualuroonhape-hyaluronic-acid-fit360.ee_.png","datePublished":"2022-01-15T10:27:56+00:00","dateModified":"2026-04-11T11:12:29+00:00","description":"H\u00fcaluroonhape aitab kaasa liigeste, luude ja sidekoe korralikule toimimisele. Samuti parandab naha elastsust ning aitab p\u00f5letike vastu.","breadcrumb":{"@id":"https:\/\/fit360.ee\/en\/pood\/product-groups\/joint-support-en\/hyaluronic-acid-en\/hualuroonhape-hyaluronic-acid-90tabs\/#breadcrumb"},"inLanguage":"en-US","potentialAction":[{"@type":"ReadAction","target":["https:\/\/fit360.ee\/en\/pood\/product-groups\/joint-support-en\/hyaluronic-acid-en\/hualuroonhape-hyaluronic-acid-90tabs\/"]}]},{"@type":"ImageObject","inLanguage":"en-US","@id":"https:\/\/fit360.ee\/en\/pood\/product-groups\/joint-support-en\/hyaluronic-acid-en\/hualuroonhape-hyaluronic-acid-90tabs\/#primaryimage","url":"https:\/\/fit360.ee\/wp-content\/uploads\/2022\/01\/Hualuroonhape-hyaluronic-acid-fit360.ee_.png","contentUrl":"https:\/\/fit360.ee\/wp-content\/uploads\/2022\/01\/Hualuroonhape-hyaluronic-acid-fit360.ee_.png","width":450,"height":450,"caption":"H\u00fcaluroonhape hyaluronic acid - fit360.ee"},{"@type":"BreadcrumbList","@id":"https:\/\/fit360.ee\/en\/pood\/product-groups\/joint-support-en\/hyaluronic-acid-en\/hualuroonhape-hyaluronic-acid-90tabs\/#breadcrumb","itemListElement":[{"@type":"ListItem","position":1,"name":"Home","item":"https:\/\/fit360.ee\/en\/"},{"@type":"ListItem","position":2,"name":"Shop","item":"https:\/\/fit360.ee\/en\/shop\/"},{"@type":"ListItem","position":3,"name":"H\u00fcaluroonhape &#8211; Hyaluronic Acid (90tabs)"}]},{"@type":"WebSite","@id":"https:\/\/fit360.ee\/en\/#website","url":"https:\/\/fit360.ee\/en\/","name":"Fit360","description":"","publisher":{"@id":"https:\/\/fit360.ee\/en\/#organization"},"potentialAction":[{"@type":"SearchAction","target":{"@type":"EntryPoint","urlTemplate":"https:\/\/fit360.ee\/en\/?s={search_term_string}"},"query-input":{"@type":"PropertyValueSpecification","valueRequired":true,"valueName":"search_term_string"}}],"inLanguage":"en-US"},{"@type":"Organization","@id":"https:\/\/fit360.ee\/en\/#organization","name":"Fit360","url":"https:\/\/fit360.ee\/en\/","logo":{"@type":"ImageObject","inLanguage":"en-US","@id":"https:\/\/fit360.ee\/en\/#\/schema\/logo\/image\/","url":"https:\/\/fit360.ee\/wp-content\/uploads\/2017\/01\/logo-fit360.png","contentUrl":"https:\/\/fit360.ee\/wp-content\/uploads\/2017\/01\/logo-fit360.png","width":180,"height":66,"caption":"Fit360"},"image":{"@id":"https:\/\/fit360.ee\/en\/#\/schema\/logo\/image\/"}}]}},"_links":{"self":[{"href":"https:\/\/fit360.ee\/en\/wp-json\/wp\/v2\/product\/59633","targetHints":{"allow":["GET"]}}],"collection":[{"href":"https:\/\/fit360.ee\/en\/wp-json\/wp\/v2\/product"}],"about":[{"href":"https:\/\/fit360.ee\/en\/wp-json\/wp\/v2\/types\/product"}],"replies":[{"embeddable":true,"href":"https:\/\/fit360.ee\/en\/wp-json\/wp\/v2\/comments?post=59633"}],"wp:featuredmedia":[{"embeddable":true,"href":"https:\/\/fit360.ee\/en\/wp-json\/wp\/v2\/media\/84452"}],"wp:attachment":[{"href":"https:\/\/fit360.ee\/en\/wp-json\/wp\/v2\/media?parent=59633"}],"wp:term":[{"taxonomy":"product_brand","embeddable":true,"href":"https:\/\/fit360.ee\/en\/wp-json\/wp\/v2\/product_brand?post=59633"},{"taxonomy":"product_cat","embeddable":true,"href":"https:\/\/fit360.ee\/en\/wp-json\/wp\/v2\/product_cat?post=59633"},{"taxonomy":"product_tag","embeddable":true,"href":"https:\/\/fit360.ee\/en\/wp-json\/wp\/v2\/product_tag?post=59633"},{"taxonomy":"giftcard-category","embeddable":true,"href":"https:\/\/fit360.ee\/en\/wp-json\/wp\/v2\/giftcard-category?post=59633"}],"curies":[{"name":"wp","href":"https:\/\/api.w.org\/{rel}","templated":true}]}}