{"id":59638,"date":"2022-01-15T12:45:51","date_gmt":"2022-01-15T10:45:51","guid":{"rendered":"https:\/\/fit360.ee\/?post_type=product&#038;p=59638"},"modified":"2025-08-13T07:35:41","modified_gmt":"2025-08-13T05:35:41","slug":"c-vitamiin-1000mg-250caps","status":"publish","type":"product","link":"https:\/\/fit360.ee\/en\/pood\/product-groups\/vitamins-and-minerals-en\/c-vitamin-en\/c-vitamiin-1000mg-250caps\/","title":{"rendered":"C Vitamiin 1000mg (250caps)"},"content":{"rendered":"<h1>C Vitamiin 1000mg<\/h1>\n<p>Vitamiin C 1000mg on vajalik:<\/p>\n<ul>\n<li>naha, igemete, peenikeste veresoonte, hammaste, luude ja sidekoe normaalseks talitluseks;<\/li>\n<li>immuuns\u00fcsteemi\u00a0tugevdamiseks;<\/li>\n<li>Positiivne m\u00f5ju verevooluh\u00e4irete korral;<\/li>\n<li>haavade\u00a0normaalseks paranemiseks;<\/li>\n<li>organismi tulnud foolhappe muutmiseks folaatideks;<\/li>\n<li>mitteheemse (s.o taimsetest allikatest p\u00e4rit) raua imendumise suurendamiseks.<\/li>\n<\/ul>\n<p>C-vitamiini puudus tekitab v\u00e4simust, sageli esinevaid infektsioonhaigusi, isutust ja aneemiat. Pikalt kestnud C-vitamiini puudus tekitab skorbuuti. Inimese keha C-vitamiini ei tooda, nii et saame seda veeslahustuvat vitamiini igap\u00e4evaselt koos toiduga. Suitsetajatel on v\u00f5rreldes teistega suurem C-vitamiini vajadus. Samuti vajavad suuremaid koguseid rasedad ja imetavad emad. Raseduse ajal ebapiisav C-vitamiini tarvitamine v\u00f5ib p\u00f5hjustada loote aju arenguh\u00e4lvet.<\/p>\n<p>OstroVit C-vitamiin 1000 mg on immuuns\u00fcsteemi loomulik tugi. OstroViti C-vitamiin varustab organismi 1000 mg askorbiinhappega. See tugevdab kaitsebarj\u00e4\u00e4ri ja toetab seda v\u00f5itluses mikroorganismide ja viiruste vastu, samuti parandab sidekoe seisundit.<\/p>\n<p><strong>Koostisosad<\/strong>: L-askorbiinhape (vitamiin C), katte koostis (mahuaine: h\u00fcdroks\u00fcprop\u00fc\u00fclmet\u00fc\u00fcltselluloos).<\/p>\n<p><strong>Kasutusjuhend<\/strong>: V\u00f5ta 1-2 kapslit p\u00e4evas koos s\u00f6\u00f6giga<\/p>\n<p><strong>Suurus<\/strong>: 250 kapslit<\/p>\n<table width=\"637\">\n<tbody>\n<tr>\n<td width=\"279\"><strong>Toimeained:<\/strong><\/td>\n<td width=\"198\"><strong>1 kapsel<\/strong><\/td>\n<td width=\"160\"><strong>SPK%<\/strong><\/td>\n<\/tr>\n<tr>\n<td width=\"279\">C-vitamiin<\/td>\n<td width=\"198\">1000 mg<\/td>\n<td width=\"160\">1250%<\/td>\n<\/tr>\n<\/tbody>\n<\/table>\n<p><strong>SPK<\/strong> &#8211; Soovitatud p\u00e4evane kogus.<\/p>\n<p>Vaata ka meie Teisi Vitamiine <a href=\"https:\/\/fit360.ee\/en\/product-category\/product-groups\/vitamins-and-minerals-en\/\"><strong>SIIT<\/strong> <\/a>v\u00f5i C-Vitamiine <a href=\"https:\/\/fit360.ee\/en\/product-category\/product-groups\/vitamins-and-minerals-en\/c-vitamin-en\/\"><strong>SIIT<\/strong><\/a>!<\/p>\n<p>Soovid teha suuremat tellimust? Vaata antud toodet meie HULGI lehelt\u00a0<a href=\"https:\/\/toidulisandidhulgi.ee\/product\/c-vitamiin-1000mg-250caps\/\"><strong>S<\/strong><strong>I<\/strong><strong>IT<\/strong><\/a>!<\/p>\n","protected":false},"excerpt":{"rendered":"<p><strong>C-vitamiin on vajalik<\/strong>:<\/p>\n<ul>\n<li>naha, igemete, peenikeste veresoonte, hammaste, luude ja sidekoe normaalseks talitluseks;<\/li>\n<li>immuuns\u00fcsteemi\u00a0tugevdamiseks;<\/li>\n<li>haavade\u00a0normaalseks paranemiseks;<\/li>\n<li>organismi tulnud foolhappe muutmiseks folaatideks;<\/li>\n<li>mitteheemse (s.o taimsetest allikatest p\u00e4rit) raua imendumise suurendamiseks.<\/li>\n<li style=\"list-style-type: none;\"><\/li>\n<\/ul>\n<p>C-vitamiini puudus tekitab v\u00e4simust, sageli esinevaid infektsioonhaigusi, isutust ja aneemiat. Pikalt kestnud C-vitamiini puudus tekitab skorbuuti. Inimese keha C-vitamiini ei tooda, nii et saame seda veeslahustuvat vitamiini igap\u00e4evaselt koos toiduga. Suitsetajatel on v\u00f5rreldes teistega suurem C-vitamiini vajadus. Samuti vajavad suuremaid koguseid rasedad ja imetavad emad. Raseduse ajal ebapiisav C-vitamiini tarvitamine v\u00f5ib p\u00f5hjustada loote aju arenguh\u00e4lvet.<\/p>\n<p>&nbsp;<\/p>\n","protected":false},"featured_media":71980,"comment_status":"open","ping_status":"closed","template":"","meta":[],"product_brand":[],"product_cat":[1911,1329,536],"product_tag":[2177,3586,1924,2178],"giftcard-category":[],"class_list":{"0":"post-59638","1":"product","2":"type-product","3":"status-publish","4":"has-post-thumbnail","6":"product_cat-c-vitamin-en","7":"product_cat-ostrovit-en","8":"product_cat-vitamins-and-minerals-en","9":"product_tag-c-vitamiin-en","10":"product_tag-c-vitamiin-1000mg-en","11":"product_tag-ostrovit-en","12":"product_tag-vitamiin-c-en","13":"pa_toidulisand-branddd-ostrovit","14":"pa_tootegruppp-antioksudandid-en","15":"pa_tootegruppp-c-vitamiin-en","16":"pa_tootegruppp-immuunsusteem-en","17":"pa_tootegruppp-vitamins-and-minerals","19":"first","20":"instock","21":"sale","22":"taxable","23":"shipping-taxable","24":"purchasable","25":"product-type-simple"},"yoast_head":"<!-- This site is optimized with the Yoast SEO plugin v27.3 - https:\/\/yoast.com\/product\/yoast-seo-wordpress\/ -->\n<title>C Vitamiin 1000mg (250caps) - Askorbiinhape- Kiire Tarne - Parim Hind<\/title>\n<meta name=\"description\" content=\"C-vitamiin 1000mg on vajalik: naha, igemete, veresoonte, hammaste, luude ja sidekoe normaalseks talitluseks. Kiire tarne: 1-3 p\u00e4eva.\" \/>\n<meta name=\"robots\" content=\"index, follow, max-snippet:-1, max-image-preview:large, max-video-preview:-1\" \/>\n<link rel=\"canonical\" href=\"https:\/\/fit360.ee\/en\/pood\/product-groups\/vitamins-and-minerals-en\/c-vitamin-en\/c-vitamiin-1000mg-250caps\/\" \/>\n<meta property=\"og:locale\" content=\"en_US\" \/>\n<meta property=\"og:type\" content=\"article\" \/>\n<meta property=\"og:title\" content=\"C Vitamiin 1000mg (250caps) - Askorbiinhape- Kiire Tarne - Parim Hind\" \/>\n<meta property=\"og:description\" content=\"C-vitamiin 1000mg on vajalik: naha, igemete, veresoonte, hammaste, luude ja sidekoe normaalseks talitluseks. Kiire tarne: 1-3 p\u00e4eva.\" \/>\n<meta property=\"og:url\" content=\"https:\/\/fit360.ee\/en\/pood\/product-groups\/vitamins-and-minerals-en\/c-vitamin-en\/c-vitamiin-1000mg-250caps\/\" \/>\n<meta property=\"og:site_name\" content=\"Fit360\" \/>\n<meta property=\"article:modified_time\" content=\"2025-08-13T05:35:41+00:00\" \/>\n<meta property=\"og:image\" content=\"https:\/\/fit360.ee\/wp-content\/uploads\/2022\/01\/c-vitamiin-1000mg-fit360.ee-1.png\" \/>\n\t<meta property=\"og:image:width\" content=\"450\" \/>\n\t<meta property=\"og:image:height\" content=\"450\" \/>\n\t<meta property=\"og:image:type\" content=\"image\/png\" \/>\n<meta name=\"twitter:card\" content=\"summary_large_image\" \/>\n<meta name=\"twitter:label1\" content=\"Est. reading time\" \/>\n\t<meta name=\"twitter:data1\" content=\"2 minutes\" \/>\n<script type=\"application\/ld+json\" class=\"yoast-schema-graph\">{\"@context\":\"https:\\\/\\\/schema.org\",\"@graph\":[{\"@type\":\"WebPage\",\"@id\":\"https:\\\/\\\/fit360.ee\\\/en\\\/pood\\\/product-groups\\\/vitamins-and-minerals-en\\\/c-vitamin-en\\\/c-vitamiin-1000mg-250caps\\\/\",\"url\":\"https:\\\/\\\/fit360.ee\\\/en\\\/pood\\\/product-groups\\\/vitamins-and-minerals-en\\\/c-vitamin-en\\\/c-vitamiin-1000mg-250caps\\\/\",\"name\":\"C Vitamiin 1000mg (250caps) - Askorbiinhape- Kiire Tarne - Parim Hind\",\"isPartOf\":{\"@id\":\"https:\\\/\\\/fit360.ee\\\/en\\\/#website\"},\"primaryImageOfPage\":{\"@id\":\"https:\\\/\\\/fit360.ee\\\/en\\\/pood\\\/product-groups\\\/vitamins-and-minerals-en\\\/c-vitamin-en\\\/c-vitamiin-1000mg-250caps\\\/#primaryimage\"},\"image\":{\"@id\":\"https:\\\/\\\/fit360.ee\\\/en\\\/pood\\\/product-groups\\\/vitamins-and-minerals-en\\\/c-vitamin-en\\\/c-vitamiin-1000mg-250caps\\\/#primaryimage\"},\"thumbnailUrl\":\"https:\\\/\\\/fit360.ee\\\/wp-content\\\/uploads\\\/2022\\\/01\\\/c-vitamiin-1000mg-fit360.ee-1.png\",\"datePublished\":\"2022-01-15T10:45:51+00:00\",\"dateModified\":\"2025-08-13T05:35:41+00:00\",\"description\":\"C-vitamiin 1000mg on vajalik: naha, igemete, veresoonte, hammaste, luude ja sidekoe normaalseks talitluseks. Kiire tarne: 1-3 p\u00e4eva.\",\"breadcrumb\":{\"@id\":\"https:\\\/\\\/fit360.ee\\\/en\\\/pood\\\/product-groups\\\/vitamins-and-minerals-en\\\/c-vitamin-en\\\/c-vitamiin-1000mg-250caps\\\/#breadcrumb\"},\"inLanguage\":\"en-US\",\"potentialAction\":[{\"@type\":\"ReadAction\",\"target\":[\"https:\\\/\\\/fit360.ee\\\/en\\\/pood\\\/product-groups\\\/vitamins-and-minerals-en\\\/c-vitamin-en\\\/c-vitamiin-1000mg-250caps\\\/\"]}]},{\"@type\":\"ImageObject\",\"inLanguage\":\"en-US\",\"@id\":\"https:\\\/\\\/fit360.ee\\\/en\\\/pood\\\/product-groups\\\/vitamins-and-minerals-en\\\/c-vitamin-en\\\/c-vitamiin-1000mg-250caps\\\/#primaryimage\",\"url\":\"https:\\\/\\\/fit360.ee\\\/wp-content\\\/uploads\\\/2022\\\/01\\\/c-vitamiin-1000mg-fit360.ee-1.png\",\"contentUrl\":\"https:\\\/\\\/fit360.ee\\\/wp-content\\\/uploads\\\/2022\\\/01\\\/c-vitamiin-1000mg-fit360.ee-1.png\",\"width\":450,\"height\":450,\"caption\":\"c vitamiin 1000mg - fit360.ee\"},{\"@type\":\"BreadcrumbList\",\"@id\":\"https:\\\/\\\/fit360.ee\\\/en\\\/pood\\\/product-groups\\\/vitamins-and-minerals-en\\\/c-vitamin-en\\\/c-vitamiin-1000mg-250caps\\\/#breadcrumb\",\"itemListElement\":[{\"@type\":\"ListItem\",\"position\":1,\"name\":\"Home\",\"item\":\"https:\\\/\\\/fit360.ee\\\/en\\\/\"},{\"@type\":\"ListItem\",\"position\":2,\"name\":\"Shop\",\"item\":\"https:\\\/\\\/fit360.ee\\\/en\\\/shop\\\/\"},{\"@type\":\"ListItem\",\"position\":3,\"name\":\"C Vitamiin 1000mg (250caps)\"}]},{\"@type\":\"WebSite\",\"@id\":\"https:\\\/\\\/fit360.ee\\\/en\\\/#website\",\"url\":\"https:\\\/\\\/fit360.ee\\\/en\\\/\",\"name\":\"Fit360\",\"description\":\"\",\"publisher\":{\"@id\":\"https:\\\/\\\/fit360.ee\\\/en\\\/#organization\"},\"potentialAction\":[{\"@type\":\"SearchAction\",\"target\":{\"@type\":\"EntryPoint\",\"urlTemplate\":\"https:\\\/\\\/fit360.ee\\\/en\\\/?s={search_term_string}\"},\"query-input\":{\"@type\":\"PropertyValueSpecification\",\"valueRequired\":true,\"valueName\":\"search_term_string\"}}],\"inLanguage\":\"en-US\"},{\"@type\":\"Organization\",\"@id\":\"https:\\\/\\\/fit360.ee\\\/en\\\/#organization\",\"name\":\"Fit360\",\"url\":\"https:\\\/\\\/fit360.ee\\\/en\\\/\",\"logo\":{\"@type\":\"ImageObject\",\"inLanguage\":\"en-US\",\"@id\":\"https:\\\/\\\/fit360.ee\\\/en\\\/#\\\/schema\\\/logo\\\/image\\\/\",\"url\":\"https:\\\/\\\/fit360.ee\\\/wp-content\\\/uploads\\\/2017\\\/01\\\/logo-fit360.png\",\"contentUrl\":\"https:\\\/\\\/fit360.ee\\\/wp-content\\\/uploads\\\/2017\\\/01\\\/logo-fit360.png\",\"width\":180,\"height\":66,\"caption\":\"Fit360\"},\"image\":{\"@id\":\"https:\\\/\\\/fit360.ee\\\/en\\\/#\\\/schema\\\/logo\\\/image\\\/\"}}]}<\/script>\n<!-- \/ Yoast SEO plugin. -->","yoast_head_json":{"title":"C Vitamiin 1000mg (250caps) - Askorbiinhape- Kiire Tarne - Parim Hind","description":"C-vitamiin 1000mg on vajalik: naha, igemete, veresoonte, hammaste, luude ja sidekoe normaalseks talitluseks. Kiire tarne: 1-3 p\u00e4eva.","robots":{"index":"index","follow":"follow","max-snippet":"max-snippet:-1","max-image-preview":"max-image-preview:large","max-video-preview":"max-video-preview:-1"},"canonical":"https:\/\/fit360.ee\/en\/pood\/product-groups\/vitamins-and-minerals-en\/c-vitamin-en\/c-vitamiin-1000mg-250caps\/","og_locale":"en_US","og_type":"article","og_title":"C Vitamiin 1000mg (250caps) - Askorbiinhape- Kiire Tarne - Parim Hind","og_description":"C-vitamiin 1000mg on vajalik: naha, igemete, veresoonte, hammaste, luude ja sidekoe normaalseks talitluseks. Kiire tarne: 1-3 p\u00e4eva.","og_url":"https:\/\/fit360.ee\/en\/pood\/product-groups\/vitamins-and-minerals-en\/c-vitamin-en\/c-vitamiin-1000mg-250caps\/","og_site_name":"Fit360","article_modified_time":"2025-08-13T05:35:41+00:00","og_image":[{"width":450,"height":450,"url":"https:\/\/fit360.ee\/wp-content\/uploads\/2022\/01\/c-vitamiin-1000mg-fit360.ee-1.png","type":"image\/png"}],"twitter_card":"summary_large_image","twitter_misc":{"Est. reading time":"2 minutes"},"schema":{"@context":"https:\/\/schema.org","@graph":[{"@type":"WebPage","@id":"https:\/\/fit360.ee\/en\/pood\/product-groups\/vitamins-and-minerals-en\/c-vitamin-en\/c-vitamiin-1000mg-250caps\/","url":"https:\/\/fit360.ee\/en\/pood\/product-groups\/vitamins-and-minerals-en\/c-vitamin-en\/c-vitamiin-1000mg-250caps\/","name":"C Vitamiin 1000mg (250caps) - Askorbiinhape- Kiire Tarne - Parim Hind","isPartOf":{"@id":"https:\/\/fit360.ee\/en\/#website"},"primaryImageOfPage":{"@id":"https:\/\/fit360.ee\/en\/pood\/product-groups\/vitamins-and-minerals-en\/c-vitamin-en\/c-vitamiin-1000mg-250caps\/#primaryimage"},"image":{"@id":"https:\/\/fit360.ee\/en\/pood\/product-groups\/vitamins-and-minerals-en\/c-vitamin-en\/c-vitamiin-1000mg-250caps\/#primaryimage"},"thumbnailUrl":"https:\/\/fit360.ee\/wp-content\/uploads\/2022\/01\/c-vitamiin-1000mg-fit360.ee-1.png","datePublished":"2022-01-15T10:45:51+00:00","dateModified":"2025-08-13T05:35:41+00:00","description":"C-vitamiin 1000mg on vajalik: naha, igemete, veresoonte, hammaste, luude ja sidekoe normaalseks talitluseks. Kiire tarne: 1-3 p\u00e4eva.","breadcrumb":{"@id":"https:\/\/fit360.ee\/en\/pood\/product-groups\/vitamins-and-minerals-en\/c-vitamin-en\/c-vitamiin-1000mg-250caps\/#breadcrumb"},"inLanguage":"en-US","potentialAction":[{"@type":"ReadAction","target":["https:\/\/fit360.ee\/en\/pood\/product-groups\/vitamins-and-minerals-en\/c-vitamin-en\/c-vitamiin-1000mg-250caps\/"]}]},{"@type":"ImageObject","inLanguage":"en-US","@id":"https:\/\/fit360.ee\/en\/pood\/product-groups\/vitamins-and-minerals-en\/c-vitamin-en\/c-vitamiin-1000mg-250caps\/#primaryimage","url":"https:\/\/fit360.ee\/wp-content\/uploads\/2022\/01\/c-vitamiin-1000mg-fit360.ee-1.png","contentUrl":"https:\/\/fit360.ee\/wp-content\/uploads\/2022\/01\/c-vitamiin-1000mg-fit360.ee-1.png","width":450,"height":450,"caption":"c vitamiin 1000mg - fit360.ee"},{"@type":"BreadcrumbList","@id":"https:\/\/fit360.ee\/en\/pood\/product-groups\/vitamins-and-minerals-en\/c-vitamin-en\/c-vitamiin-1000mg-250caps\/#breadcrumb","itemListElement":[{"@type":"ListItem","position":1,"name":"Home","item":"https:\/\/fit360.ee\/en\/"},{"@type":"ListItem","position":2,"name":"Shop","item":"https:\/\/fit360.ee\/en\/shop\/"},{"@type":"ListItem","position":3,"name":"C Vitamiin 1000mg (250caps)"}]},{"@type":"WebSite","@id":"https:\/\/fit360.ee\/en\/#website","url":"https:\/\/fit360.ee\/en\/","name":"Fit360","description":"","publisher":{"@id":"https:\/\/fit360.ee\/en\/#organization"},"potentialAction":[{"@type":"SearchAction","target":{"@type":"EntryPoint","urlTemplate":"https:\/\/fit360.ee\/en\/?s={search_term_string}"},"query-input":{"@type":"PropertyValueSpecification","valueRequired":true,"valueName":"search_term_string"}}],"inLanguage":"en-US"},{"@type":"Organization","@id":"https:\/\/fit360.ee\/en\/#organization","name":"Fit360","url":"https:\/\/fit360.ee\/en\/","logo":{"@type":"ImageObject","inLanguage":"en-US","@id":"https:\/\/fit360.ee\/en\/#\/schema\/logo\/image\/","url":"https:\/\/fit360.ee\/wp-content\/uploads\/2017\/01\/logo-fit360.png","contentUrl":"https:\/\/fit360.ee\/wp-content\/uploads\/2017\/01\/logo-fit360.png","width":180,"height":66,"caption":"Fit360"},"image":{"@id":"https:\/\/fit360.ee\/en\/#\/schema\/logo\/image\/"}}]}},"_links":{"self":[{"href":"https:\/\/fit360.ee\/en\/wp-json\/wp\/v2\/product\/59638","targetHints":{"allow":["GET"]}}],"collection":[{"href":"https:\/\/fit360.ee\/en\/wp-json\/wp\/v2\/product"}],"about":[{"href":"https:\/\/fit360.ee\/en\/wp-json\/wp\/v2\/types\/product"}],"replies":[{"embeddable":true,"href":"https:\/\/fit360.ee\/en\/wp-json\/wp\/v2\/comments?post=59638"}],"wp:featuredmedia":[{"embeddable":true,"href":"https:\/\/fit360.ee\/en\/wp-json\/wp\/v2\/media\/71980"}],"wp:attachment":[{"href":"https:\/\/fit360.ee\/en\/wp-json\/wp\/v2\/media?parent=59638"}],"wp:term":[{"taxonomy":"product_brand","embeddable":true,"href":"https:\/\/fit360.ee\/en\/wp-json\/wp\/v2\/product_brand?post=59638"},{"taxonomy":"product_cat","embeddable":true,"href":"https:\/\/fit360.ee\/en\/wp-json\/wp\/v2\/product_cat?post=59638"},{"taxonomy":"product_tag","embeddable":true,"href":"https:\/\/fit360.ee\/en\/wp-json\/wp\/v2\/product_tag?post=59638"},{"taxonomy":"giftcard-category","embeddable":true,"href":"https:\/\/fit360.ee\/en\/wp-json\/wp\/v2\/giftcard-category?post=59638"}],"curies":[{"name":"wp","href":"https:\/\/api.w.org\/{rel}","templated":true}]}}