{"id":59648,"date":"2022-01-15T13:20:38","date_gmt":"2022-01-15T11:20:38","guid":{"rendered":"https:\/\/fit360.ee\/?post_type=product&#038;p=59648"},"modified":"2026-04-06T17:56:18","modified_gmt":"2026-04-06T15:56:18","slug":"collagen-vitamiin-c-400g","status":"publish","type":"product","link":"https:\/\/fit360.ee\/en\/pood\/product-groups\/vitamins-and-minerals-en\/c-vitamin-en\/collagen-vitamiin-c-400g\/","title":{"rendered":"Collagen + Vitamin C (400g)"},"content":{"rendered":"<h1>Collagen + Vitamiin C<\/h1>\n<p>K\u00f5rgelt hinnatud Collagen + Vitamiin C\u00a0 n\u00fc\u00fcd saadaval koos imendumist veelgi parandava C vitamiiniga \u2013 teaduslikud uuringud on t\u00f5estanud, et parimaks toimeks peame tarbima 10g kollageeni p\u00e4evas. Kollageen on tuntud oma \u00e4\u00e4rmiselt kasulike omaduste poolest. Kaitseb liigeseid ja aitab neid kiiremini taastada, parandab luude elastsust ja vastupidavust, aitab moodustada lihaskudedele kvaliteetset struktuuri. Maailmakuulus on kollageen ka naha elastsuse parandamise ja kortsudevastase toimega.<\/p>\n<p>Kergesti seeditav, allergiavaba ja keha poolt v\u00e4ga h\u00e4sti omastatav. Sobib h\u00e4sti segamiseks erinevate toitude, smuutide ja jookidega.<\/p>\n<p>OstroVit Collagen + Vitamiin C pulber koosneb kahest teineteist t\u00e4iendavast toimeainest ning nendega t\u00e4iendamine toetab ideaalselt meie osteoartikulaarse aparatuuri t\u00f6\u00f6d, tagab lihaste hoolduse ja liigesek\u00f5hre korraliku funktsioneerimise.<\/p>\n<p><strong>H\u00fcdrol\u00fc\u00fcsitud kollageen<\/strong> \u2013 on valk, mida leidub meie kehas praktiliselt k\u00f5igis kudedes. See ehitab \u00fcles meie k\u00f5\u00f5lused, naha, liigesed ja luud. Vastutab s\u00fcnoviaalvedeliku tootmise, k\u00f5hre elastsuse ja kareduse, naha niisutamise ja \u00f5ige naha uuenemise eest. See m\u00f5jutab sidekoe \u00fchtekuuluvust, tugevust ja elastsust. Sellel on ka ainulaadne v\u00f5ime siduda vett, t\u00e4nu millele s\u00e4ilitab nahk \u00f5ige tugevuse, elastsuse ja pinge.<\/p>\n<p><strong>C-vitamiin (L-askorbiinhape)<\/strong> on, nagu nimigi \u00fctleb, oluline orgaaniline kemikaal. See on inimese toidus leiduv eksogeenne toitaine, mis vastutab peamiselt sidekoe ja luude n\u00f5uetekohase toimimise eest. Selle bioloogiliselt aktiivne vorm &#8211; C-vitamiin, toimib redutseeriva ainena ja koens\u00fc\u00fcmina mitmetes inimkeha metaboolsetes radades. C-vitamiini peetakse \u00fcheks peamiseks antioks\u00fcdandiks.<\/p>\n<h4><strong>Positiivsed omadused:<\/strong><\/h4>\n<ul>\n<li>Lisand sisaldab looduslikku p\u00e4ritolu kergesti seeditavat kollageenh\u00fcdrol\u00fcsaati<\/li>\n<li>Kollageen toetab liigeste paremat toimimist<\/li>\n<li>Kollageen s\u00e4ilitab \u00f5ige tugevuse, elastsuse ja nahatooni<\/li>\n<li>Tugevdab meie liigeseid ja luid<\/li>\n<li>C-vitamiinil on kasulik m\u00f5ju n\u00e4rvi- ja immuuns\u00fcsteemile<\/li>\n<li>C-vitamiin osaleb otseselt kollageeni tootmises (ehitab lihaskudet)<\/li>\n<li>C-vitamiin v\u00f5ib kiirendada lihaste taastumist ja kasvu<\/li>\n<li>C-vitamiin on v\u00f5imas antioks\u00fcdant, mis eemaldab meie rakkudest liigsed vabad radikaalid<\/li>\n<\/ul>\n<p><strong>Koostisosad<\/strong>: H\u00fcdrol\u00fc\u00fcsitud veisekollageen, L-askorbiinhape (C-vitamiin), happesuse regulaator: sidrunhape; aroomid, kontsentreeritud peedimahl, v\u00e4rvus: karoteenid; magusained: sukraloos, atsesulfaam K. Toidulisand. Sisaldab magusaineid.<\/p>\n<p><strong>Kasutamine<\/strong>: Lahustage \u00fcks portsjon toodet 10 g (2 lusikat\u00e4it) 200 ml vees v\u00f5i mahlas \u0161eikeris. V\u00f5tke 1 portsjon p\u00e4evas. Toode on m\u00f5eldud t\u00e4iskasvanutele.<\/p>\n<p><strong>Suurus<\/strong>: 400g &#8211; 40 serveeringut<\/p>\n<table>\n<tbody>\n<tr>\n<th>Aktiivsed toimeained<\/th>\n<th>100g<\/th>\n<th>1 serveering &#8211; 10g<\/th>\n<th>% SPK*<\/th>\n<\/tr>\n<tr>\n<td>H\u00fcdrol\u00fc\u00fcsitud Veise Kollageen<\/td>\n<td>88,69g<\/td>\n<td>8,8g<\/td>\n<td>&#8211;<\/td>\n<\/tr>\n<tr>\n<td>Vitamiin C<\/td>\n<td>5g<\/td>\n<td>500mg<\/td>\n<td>625%<\/td>\n<\/tr>\n<\/tbody>\n<\/table>\n<p>* SPK &#8211; Soovitatud p\u00e4evane kogus %<\/p>\n<p>Vaata ka meie Teisi Kollageene <a href=\"https:\/\/fit360.ee\/en\/product-category\/product-groups\/collagen-en\/\"><strong>SIIT<\/strong><\/a> v\u00f5i Vitamiin C tooteid <a href=\"https:\/\/fit360.ee\/en\/product-category\/product-groups\/vitamins-and-minerals-en\/c-vitamin-en\/\"><strong>SIIT<\/strong><\/a>!<\/p>\n<p>Soovid kaupa osta suuremas koguses? Vaata antud toodet ka meie HULGI poest\u00a0<a href=\"https:\/\/toidulisandidhulgi.ee\/product\/collagen-vitamiin-c-400g\/\"><strong>SIIT<\/strong><\/a>!<\/p>\n","protected":false},"excerpt":{"rendered":"<h3><strong>Collagen + Vitamin C<\/strong><\/h3>\n<ul>\n<li>Lisand sisaldab looduslikku p\u00e4ritolu kergesti seeditavat kollageenh\u00fcdrol\u00fcsaati<\/li>\n<li>Kollageen toetab liigeste paremat toimimist<\/li>\n<li>Kollageen s\u00e4ilitab \u00f5ige tugevuse, elastsuse ja nahatooni<\/li>\n<li>Tugevdab meie liigeseid ja luid<\/li>\n<li>C-vitamiinil on kasulik m\u00f5ju n\u00e4rvi- ja immuuns\u00fcsteemile<\/li>\n<li>C-vitamiin osaleb otseselt kollageeni tootmises (ehitab lihaskudet)<\/li>\n<li>C-vitamiin v\u00f5ib kiirendada lihaste taastumist ja kasvu<\/li>\n<li>C-vitamiin on v\u00f5imas antioks\u00fcdant, mis eemaldab meie rakkudest liigsed vabad radikaalid<\/li>\n<\/ul>\n","protected":false},"featured_media":91108,"comment_status":"open","ping_status":"closed","template":"","meta":[],"product_brand":[],"product_cat":[1911,1636,527,1329,1454,536],"product_tag":[2584,1724,1924,2178],"giftcard-category":[],"class_list":{"0":"post-59648","1":"product","2":"type-product","3":"status-publish","4":"has-post-thumbnail","6":"product_cat-c-vitamin-en","7":"product_cat-collagen-en","8":"product_cat-joint-support-en","9":"product_cat-ostrovit-en","10":"product_cat-superfoods-health-foods-en","11":"product_cat-vitamins-and-minerals-en","12":"product_tag-collagen-vitamin-c-en","13":"product_tag-kollageen-en","14":"product_tag-ostrovit-en","15":"product_tag-vitamiin-c-en","16":"pa_maitse-black-currant","17":"pa_maitse-natural","18":"pa_maitse-peach","19":"pa_maitse-pineapple","21":"first","22":"instock","23":"sale","24":"taxable","25":"shipping-taxable","26":"purchasable","27":"product-type-variable"},"yoast_head":"<!-- This site is optimized with the Yoast SEO plugin v27.3 - https:\/\/yoast.com\/product\/yoast-seo-wordpress\/ -->\n<title>Collagen + Vitamiin C 400g- Kollageen - Vitamiin C - Liigestele - Kiire tarne<\/title>\n<meta name=\"description\" content=\"Collagen + Vitamiin C on tuntud oma \u00e4\u00e4rmiselt kasulike omaduste poolest. Kaitseb liigeseid ja aitab neid kiiremini taastada. Kiire tarne!\" \/>\n<meta name=\"robots\" content=\"index, follow, max-snippet:-1, max-image-preview:large, max-video-preview:-1\" \/>\n<link rel=\"canonical\" href=\"https:\/\/fit360.ee\/en\/pood\/product-groups\/vitamins-and-minerals-en\/c-vitamin-en\/collagen-vitamiin-c-400g\/\" \/>\n<meta property=\"og:locale\" content=\"en_US\" \/>\n<meta property=\"og:type\" content=\"article\" \/>\n<meta property=\"og:title\" content=\"Collagen + Vitamiin C 400g- Kollageen - Vitamiin C - Liigestele - Kiire tarne\" \/>\n<meta property=\"og:description\" content=\"Collagen + Vitamiin C on tuntud oma \u00e4\u00e4rmiselt kasulike omaduste poolest. Kaitseb liigeseid ja aitab neid kiiremini taastada. Kiire tarne!\" \/>\n<meta property=\"og:url\" content=\"https:\/\/fit360.ee\/en\/pood\/product-groups\/vitamins-and-minerals-en\/c-vitamin-en\/collagen-vitamiin-c-400g\/\" \/>\n<meta property=\"og:site_name\" content=\"Fit360\" \/>\n<meta property=\"article:modified_time\" content=\"2026-04-06T15:56:18+00:00\" \/>\n<meta property=\"og:image\" content=\"https:\/\/fit360.ee\/wp-content\/uploads\/2022\/01\/collagen-vitamiin-c-fit360.ee-1.png\" \/>\n\t<meta property=\"og:image:width\" content=\"450\" \/>\n\t<meta property=\"og:image:height\" content=\"450\" \/>\n\t<meta property=\"og:image:type\" content=\"image\/png\" \/>\n<meta name=\"twitter:card\" content=\"summary_large_image\" \/>\n<meta name=\"twitter:label1\" content=\"Est. reading time\" \/>\n\t<meta name=\"twitter:data1\" content=\"3 minutes\" \/>\n<script type=\"application\/ld+json\" class=\"yoast-schema-graph\">{\"@context\":\"https:\\\/\\\/schema.org\",\"@graph\":[{\"@type\":\"WebPage\",\"@id\":\"https:\\\/\\\/fit360.ee\\\/en\\\/pood\\\/product-groups\\\/vitamins-and-minerals-en\\\/c-vitamin-en\\\/collagen-vitamiin-c-400g\\\/\",\"url\":\"https:\\\/\\\/fit360.ee\\\/en\\\/pood\\\/product-groups\\\/vitamins-and-minerals-en\\\/c-vitamin-en\\\/collagen-vitamiin-c-400g\\\/\",\"name\":\"Collagen + Vitamiin C 400g- Kollageen - Vitamiin C - Liigestele - Kiire tarne\",\"isPartOf\":{\"@id\":\"https:\\\/\\\/fit360.ee\\\/en\\\/#website\"},\"primaryImageOfPage\":{\"@id\":\"https:\\\/\\\/fit360.ee\\\/en\\\/pood\\\/product-groups\\\/vitamins-and-minerals-en\\\/c-vitamin-en\\\/collagen-vitamiin-c-400g\\\/#primaryimage\"},\"image\":{\"@id\":\"https:\\\/\\\/fit360.ee\\\/en\\\/pood\\\/product-groups\\\/vitamins-and-minerals-en\\\/c-vitamin-en\\\/collagen-vitamiin-c-400g\\\/#primaryimage\"},\"thumbnailUrl\":\"https:\\\/\\\/fit360.ee\\\/wp-content\\\/uploads\\\/2022\\\/01\\\/collagen-vitamiin-c-fit360.ee-1.png\",\"datePublished\":\"2022-01-15T11:20:38+00:00\",\"dateModified\":\"2026-04-06T15:56:18+00:00\",\"description\":\"Collagen + Vitamiin C on tuntud oma \u00e4\u00e4rmiselt kasulike omaduste poolest. Kaitseb liigeseid ja aitab neid kiiremini taastada. Kiire tarne!\",\"breadcrumb\":{\"@id\":\"https:\\\/\\\/fit360.ee\\\/en\\\/pood\\\/product-groups\\\/vitamins-and-minerals-en\\\/c-vitamin-en\\\/collagen-vitamiin-c-400g\\\/#breadcrumb\"},\"inLanguage\":\"en-US\",\"potentialAction\":[{\"@type\":\"ReadAction\",\"target\":[\"https:\\\/\\\/fit360.ee\\\/en\\\/pood\\\/product-groups\\\/vitamins-and-minerals-en\\\/c-vitamin-en\\\/collagen-vitamiin-c-400g\\\/\"]}]},{\"@type\":\"ImageObject\",\"inLanguage\":\"en-US\",\"@id\":\"https:\\\/\\\/fit360.ee\\\/en\\\/pood\\\/product-groups\\\/vitamins-and-minerals-en\\\/c-vitamin-en\\\/collagen-vitamiin-c-400g\\\/#primaryimage\",\"url\":\"https:\\\/\\\/fit360.ee\\\/wp-content\\\/uploads\\\/2022\\\/01\\\/collagen-vitamiin-c-fit360.ee-1.png\",\"contentUrl\":\"https:\\\/\\\/fit360.ee\\\/wp-content\\\/uploads\\\/2022\\\/01\\\/collagen-vitamiin-c-fit360.ee-1.png\",\"width\":450,\"height\":450,\"caption\":\"collagen + vitamiin c - fit360.ee\"},{\"@type\":\"BreadcrumbList\",\"@id\":\"https:\\\/\\\/fit360.ee\\\/en\\\/pood\\\/product-groups\\\/vitamins-and-minerals-en\\\/c-vitamin-en\\\/collagen-vitamiin-c-400g\\\/#breadcrumb\",\"itemListElement\":[{\"@type\":\"ListItem\",\"position\":1,\"name\":\"Home\",\"item\":\"https:\\\/\\\/fit360.ee\\\/en\\\/\"},{\"@type\":\"ListItem\",\"position\":2,\"name\":\"Shop\",\"item\":\"https:\\\/\\\/fit360.ee\\\/en\\\/shop\\\/\"},{\"@type\":\"ListItem\",\"position\":3,\"name\":\"Collagen + Vitamin C (400g)\"}]},{\"@type\":\"WebSite\",\"@id\":\"https:\\\/\\\/fit360.ee\\\/en\\\/#website\",\"url\":\"https:\\\/\\\/fit360.ee\\\/en\\\/\",\"name\":\"Fit360\",\"description\":\"\",\"publisher\":{\"@id\":\"https:\\\/\\\/fit360.ee\\\/en\\\/#organization\"},\"potentialAction\":[{\"@type\":\"SearchAction\",\"target\":{\"@type\":\"EntryPoint\",\"urlTemplate\":\"https:\\\/\\\/fit360.ee\\\/en\\\/?s={search_term_string}\"},\"query-input\":{\"@type\":\"PropertyValueSpecification\",\"valueRequired\":true,\"valueName\":\"search_term_string\"}}],\"inLanguage\":\"en-US\"},{\"@type\":\"Organization\",\"@id\":\"https:\\\/\\\/fit360.ee\\\/en\\\/#organization\",\"name\":\"Fit360\",\"url\":\"https:\\\/\\\/fit360.ee\\\/en\\\/\",\"logo\":{\"@type\":\"ImageObject\",\"inLanguage\":\"en-US\",\"@id\":\"https:\\\/\\\/fit360.ee\\\/en\\\/#\\\/schema\\\/logo\\\/image\\\/\",\"url\":\"https:\\\/\\\/fit360.ee\\\/wp-content\\\/uploads\\\/2017\\\/01\\\/logo-fit360.png\",\"contentUrl\":\"https:\\\/\\\/fit360.ee\\\/wp-content\\\/uploads\\\/2017\\\/01\\\/logo-fit360.png\",\"width\":180,\"height\":66,\"caption\":\"Fit360\"},\"image\":{\"@id\":\"https:\\\/\\\/fit360.ee\\\/en\\\/#\\\/schema\\\/logo\\\/image\\\/\"}}]}<\/script>\n<!-- \/ Yoast SEO plugin. -->","yoast_head_json":{"title":"Collagen + Vitamiin C 400g- Kollageen - Vitamiin C - Liigestele - Kiire tarne","description":"Collagen + Vitamiin C on tuntud oma \u00e4\u00e4rmiselt kasulike omaduste poolest. Kaitseb liigeseid ja aitab neid kiiremini taastada. Kiire tarne!","robots":{"index":"index","follow":"follow","max-snippet":"max-snippet:-1","max-image-preview":"max-image-preview:large","max-video-preview":"max-video-preview:-1"},"canonical":"https:\/\/fit360.ee\/en\/pood\/product-groups\/vitamins-and-minerals-en\/c-vitamin-en\/collagen-vitamiin-c-400g\/","og_locale":"en_US","og_type":"article","og_title":"Collagen + Vitamiin C 400g- Kollageen - Vitamiin C - Liigestele - Kiire tarne","og_description":"Collagen + Vitamiin C on tuntud oma \u00e4\u00e4rmiselt kasulike omaduste poolest. Kaitseb liigeseid ja aitab neid kiiremini taastada. Kiire tarne!","og_url":"https:\/\/fit360.ee\/en\/pood\/product-groups\/vitamins-and-minerals-en\/c-vitamin-en\/collagen-vitamiin-c-400g\/","og_site_name":"Fit360","article_modified_time":"2026-04-06T15:56:18+00:00","og_image":[{"width":450,"height":450,"url":"https:\/\/fit360.ee\/wp-content\/uploads\/2022\/01\/collagen-vitamiin-c-fit360.ee-1.png","type":"image\/png"}],"twitter_card":"summary_large_image","twitter_misc":{"Est. reading time":"3 minutes"},"schema":{"@context":"https:\/\/schema.org","@graph":[{"@type":"WebPage","@id":"https:\/\/fit360.ee\/en\/pood\/product-groups\/vitamins-and-minerals-en\/c-vitamin-en\/collagen-vitamiin-c-400g\/","url":"https:\/\/fit360.ee\/en\/pood\/product-groups\/vitamins-and-minerals-en\/c-vitamin-en\/collagen-vitamiin-c-400g\/","name":"Collagen + Vitamiin C 400g- Kollageen - Vitamiin C - Liigestele - Kiire tarne","isPartOf":{"@id":"https:\/\/fit360.ee\/en\/#website"},"primaryImageOfPage":{"@id":"https:\/\/fit360.ee\/en\/pood\/product-groups\/vitamins-and-minerals-en\/c-vitamin-en\/collagen-vitamiin-c-400g\/#primaryimage"},"image":{"@id":"https:\/\/fit360.ee\/en\/pood\/product-groups\/vitamins-and-minerals-en\/c-vitamin-en\/collagen-vitamiin-c-400g\/#primaryimage"},"thumbnailUrl":"https:\/\/fit360.ee\/wp-content\/uploads\/2022\/01\/collagen-vitamiin-c-fit360.ee-1.png","datePublished":"2022-01-15T11:20:38+00:00","dateModified":"2026-04-06T15:56:18+00:00","description":"Collagen + Vitamiin C on tuntud oma \u00e4\u00e4rmiselt kasulike omaduste poolest. Kaitseb liigeseid ja aitab neid kiiremini taastada. Kiire tarne!","breadcrumb":{"@id":"https:\/\/fit360.ee\/en\/pood\/product-groups\/vitamins-and-minerals-en\/c-vitamin-en\/collagen-vitamiin-c-400g\/#breadcrumb"},"inLanguage":"en-US","potentialAction":[{"@type":"ReadAction","target":["https:\/\/fit360.ee\/en\/pood\/product-groups\/vitamins-and-minerals-en\/c-vitamin-en\/collagen-vitamiin-c-400g\/"]}]},{"@type":"ImageObject","inLanguage":"en-US","@id":"https:\/\/fit360.ee\/en\/pood\/product-groups\/vitamins-and-minerals-en\/c-vitamin-en\/collagen-vitamiin-c-400g\/#primaryimage","url":"https:\/\/fit360.ee\/wp-content\/uploads\/2022\/01\/collagen-vitamiin-c-fit360.ee-1.png","contentUrl":"https:\/\/fit360.ee\/wp-content\/uploads\/2022\/01\/collagen-vitamiin-c-fit360.ee-1.png","width":450,"height":450,"caption":"collagen + vitamiin c - fit360.ee"},{"@type":"BreadcrumbList","@id":"https:\/\/fit360.ee\/en\/pood\/product-groups\/vitamins-and-minerals-en\/c-vitamin-en\/collagen-vitamiin-c-400g\/#breadcrumb","itemListElement":[{"@type":"ListItem","position":1,"name":"Home","item":"https:\/\/fit360.ee\/en\/"},{"@type":"ListItem","position":2,"name":"Shop","item":"https:\/\/fit360.ee\/en\/shop\/"},{"@type":"ListItem","position":3,"name":"Collagen + Vitamin C (400g)"}]},{"@type":"WebSite","@id":"https:\/\/fit360.ee\/en\/#website","url":"https:\/\/fit360.ee\/en\/","name":"Fit360","description":"","publisher":{"@id":"https:\/\/fit360.ee\/en\/#organization"},"potentialAction":[{"@type":"SearchAction","target":{"@type":"EntryPoint","urlTemplate":"https:\/\/fit360.ee\/en\/?s={search_term_string}"},"query-input":{"@type":"PropertyValueSpecification","valueRequired":true,"valueName":"search_term_string"}}],"inLanguage":"en-US"},{"@type":"Organization","@id":"https:\/\/fit360.ee\/en\/#organization","name":"Fit360","url":"https:\/\/fit360.ee\/en\/","logo":{"@type":"ImageObject","inLanguage":"en-US","@id":"https:\/\/fit360.ee\/en\/#\/schema\/logo\/image\/","url":"https:\/\/fit360.ee\/wp-content\/uploads\/2017\/01\/logo-fit360.png","contentUrl":"https:\/\/fit360.ee\/wp-content\/uploads\/2017\/01\/logo-fit360.png","width":180,"height":66,"caption":"Fit360"},"image":{"@id":"https:\/\/fit360.ee\/en\/#\/schema\/logo\/image\/"}}]}},"_links":{"self":[{"href":"https:\/\/fit360.ee\/en\/wp-json\/wp\/v2\/product\/59648","targetHints":{"allow":["GET"]}}],"collection":[{"href":"https:\/\/fit360.ee\/en\/wp-json\/wp\/v2\/product"}],"about":[{"href":"https:\/\/fit360.ee\/en\/wp-json\/wp\/v2\/types\/product"}],"replies":[{"embeddable":true,"href":"https:\/\/fit360.ee\/en\/wp-json\/wp\/v2\/comments?post=59648"}],"wp:featuredmedia":[{"embeddable":true,"href":"https:\/\/fit360.ee\/en\/wp-json\/wp\/v2\/media\/91108"}],"wp:attachment":[{"href":"https:\/\/fit360.ee\/en\/wp-json\/wp\/v2\/media?parent=59648"}],"wp:term":[{"taxonomy":"product_brand","embeddable":true,"href":"https:\/\/fit360.ee\/en\/wp-json\/wp\/v2\/product_brand?post=59648"},{"taxonomy":"product_cat","embeddable":true,"href":"https:\/\/fit360.ee\/en\/wp-json\/wp\/v2\/product_cat?post=59648"},{"taxonomy":"product_tag","embeddable":true,"href":"https:\/\/fit360.ee\/en\/wp-json\/wp\/v2\/product_tag?post=59648"},{"taxonomy":"giftcard-category","embeddable":true,"href":"https:\/\/fit360.ee\/en\/wp-json\/wp\/v2\/giftcard-category?post=59648"}],"curies":[{"name":"wp","href":"https:\/\/api.w.org\/{rel}","templated":true}]}}