{"id":59946,"date":"2022-01-30T13:04:16","date_gmt":"2022-01-30T11:04:16","guid":{"rendered":"https:\/\/fit360.ee\/pood\/uncategorized\/pharma-biotin-2500%c2%b5g\/"},"modified":"2025-08-13T07:37:02","modified_gmt":"2025-08-13T05:37:02","slug":"pharma-biotin-2500%c2%b5g","status":"publish","type":"product","link":"https:\/\/fit360.ee\/en\/pood\/product-groups\/vitamins-and-minerals-en\/b-vitamin-en\/pharma-biotin-2500%c2%b5g\/","title":{"rendered":"Pharma Biotin 2500 \u00b5g Tilgad (30ml)"},"content":{"rendered":"<h1><strong>Pharma Biotin<\/strong><\/h1>\n<p>Pharma Biotin on lihtsalt kasutatav tilkade kujul olev toidulisand, mis annab teile kauni ja s\u00e4rava v\u00e4limuse. Toode on m\u00f5eldud k\u00f5igile neile, kes soovivad nautida nii tervet nahka, tugevaid k\u00fc\u00fcsi kui ka tihedaid ja l\u00e4ikivaid juukseid. Toimeaine k\u00f5rge sisaldus v\u00e4ga omastatavas D-biotiini vedelikus maksimaliseerib toote m\u00f5ju. Kas tunnete, et teie nahk on \u00e4rritunud ja vajab niisutamist? Selisel juhul valige Pharma Biotin!<\/p>\n<h4><strong>Milline on biotiini roll organismis?<\/strong><\/h4>\n<p>Biotiin, mida nimetatakse ka vitamiin H v\u00f5i vitamiin B7, on orgaaniline komponent, mida leidub paljudes kehakudedes. Leiad seda nahast, k\u00fc\u00fcntest ja juustest \u2013 see toetab nende struktuuri ja tugevdab neid seestpoolt. Lisaks osaleb biotiin protrombiini loomisel, m\u00e4ngides seega otsustavat rolli vere h\u00fc\u00fcbimises ning v\u00f5ib toetada kilpn\u00e4\u00e4rme t\u00f6\u00f6d ning rasvkudede ja gl\u00fckoosi tootmist.<\/p>\n<p>Biotiinipuuduse esimesed s\u00fcmptomid m\u00f5jutavad teie v\u00e4limust. \u00c4rritus, punetus, hall nahk, rabedad k\u00fc\u00fcned ja juuste v\u00e4ljalangemine v\u00f5ivad viidata B7-vitamiini puudusele. Liiga madal biotiini tase v\u00f5ib p\u00f5hjustada ka seborr\u00f6a v\u00f5i isegi aneemiat. Valige OstroVit Pharma Biotin toidulisand, kui soovite:<\/p>\n<ul>\n<li>Ilusat nahka<\/li>\n<li>Tugevaid k\u00fc\u00fcsi<\/li>\n<li>Kaitset juuste v\u00e4ljalangemise vastu<\/li>\n<li>V\u00f5itlust naha\u00e4rrituste vastu<\/li>\n<li>V\u00e4hendada aknet<\/li>\n<\/ul>\n<p>Kui otsite usaldusv\u00e4\u00e4rset toidulisandit, mis v\u00f5imaldab teil hoolitseda oma juuste, naha ja k\u00fc\u00fcnte eest, sobib OstroVit Pharma Biotin Teile kindlasti. See on spetsiaalne tilkade kujul preparaat, mis sisaldab D-biotiini \u2013 biotiini bioloogiliselt aktiivset vormi, mis on h\u00e4sti omastatav.<\/p>\n<p><strong>TERVISLIK V\u00c4LIMUS<\/strong> \u2013 OstroVit Pharma Biotiin toidulisand tagab Sulle kauni v\u00e4limuse igal aastaajal. See on ideaalne valik, kui unistad \u00e4rrituseta nahast, tugevatest k\u00fc\u00fcntest ja l\u00e4ikivatest juustest.<br \/>\n<strong>KOOSTISAINETE K\u00d5RGE SISU<\/strong> \u2013 \u00fche serveeringus on kuni 2500\u00b5g toimeainet. Regulaarsel kasutamisel v\u00f5ib toode aidata teil oma kehas biotiini t\u00e4iendada ja s\u00e4rav v\u00e4lja n\u00e4ha.<br \/>\n<strong>MUGAV KASUTADA<\/strong> \u2013 tilkade kujul olev toidulisand on m\u00f5eldud k\u00f5igile neile, kellele ei meeldi vitamiinid kapslites ja pillides. Toidulisandi p\u00e4evase portsjoni valmistamiseks peate lahustama ainult 5 tilka biotiini vees, tees v\u00f5i oma lemmikjoogis.<br \/>\n<strong>LIHTNE KOOSTIS<\/strong> \u2013 OstroVit Pharma Biotin on lihtne kolmest koostisosast koosnev toidulisand. See sisaldab D-biotiini, puhastatud vett ja gl\u00fctserooli. Toode ei sisalda s\u00e4ilitusaineid, t\u00e4iteaineid, v\u00e4rvaineid, kunstlikke l\u00f5hnaaineid.<\/p>\n<p>&nbsp;<\/p>\n<p><strong>Koostisosad<\/strong>: mahuaine: gl\u00fctserool; ammendatud vesi, D-biotiin (biotiin). Toode v\u00f5ib sisaldada piima (sh laktoosi), soja, maap\u00e4hkleid, muid p\u00e4hkleid, seesamiseemneid, gluteeni sisaldavaid teravilju, mune, v\u00e4hilaadseid, kala.<\/p>\n<p><strong>Kasutamine<\/strong>: Enne kasutamist loksutage korralikult. M\u00f5\u00f5tke 5 tilka teelusikat\u00e4ie kohta v\u00f5i lahustage toatemperatuuril vedelikus (vesi, tee, mahl).<\/p>\n<p><strong>Suurus<\/strong>: 30ml &#8211; 111 serveeringut<\/p>\n<table>\n<tbody>\n<tr>\n<th>Aktiivne toimeaine<\/th>\n<th>\u00dcks serveering ( 5 tilka)<\/th>\n<th>% SPK*<\/th>\n<\/tr>\n<tr>\n<td>Biotiin<\/td>\n<td>2 500 \u00b5g<\/td>\n<td>5000%<\/td>\n<\/tr>\n<\/tbody>\n<\/table>\n<p>*SPK &#8211; Soovitatud p\u00e4evane kogus.<\/p>\n<p>Vaata ka meie teisi Biotiine <a href=\"https:\/\/fit360.ee\/en\/product-category\/product-groups\/vitamins-and-minerals-en\/biotin-en\/\"><strong>SIIT<\/strong><\/a> v\u00f5i B-vitamiine <a href=\"https:\/\/fit360.ee\/en\/product-category\/product-groups\/vitamins-and-minerals-en\/b-vitamin-en\/\"><strong>SIIT<\/strong><\/a>!<\/p>\n<p>Soovid teha suuremat tellimust? Vaata antud toodet meie HULGI lehelt\u00a0<a href=\"https:\/\/toidulisandidhulgi.ee\/product\/pharma-biotin-2500%c2%b5g\/\"><strong>SIIT<\/strong><\/a>!<\/p>\n","protected":false},"excerpt":{"rendered":"<p><strong>TERVISLIK V\u00c4LIMUS<\/strong> \u2013 OstroVit Pharma Biotiin toidulisand tagab Sulle kauni v\u00e4limuse igal aastaajal. See on ideaalne valik, kui unistad \u00e4rrituseta nahast, tugevatest k\u00fc\u00fcntest ja l\u00e4ikivatest juustest.<br \/>\n<strong>KOOSTISAINETE K\u00d5RGE SISU<\/strong> \u2013 \u00fche serveeringus on kuni 2500\u00b5g toimeainet. Regulaarsel kasutamisel v\u00f5ib toode aidata teil oma kehas biotiini t\u00e4iendada ja s\u00e4rav v\u00e4lja n\u00e4ha.<br \/>\n<strong>MUGAV KASUTADA<\/strong> \u2013 tilkade kujul olev toidulisand on m\u00f5eldud k\u00f5igile neile, kellele ei meeldi vitamiinid kapslites ja pillides. Toidulisandi p\u00e4evase portsjoni valmistamiseks peate lahustama ainult 5 tilka biotiini vees, tees v\u00f5i oma lemmikjoogis.<br \/>\n<strong>LIHTNE KOOSTIS<\/strong> \u2013 OstroVit Pharma Biotin on lihtne kolmest koostisosast koosnev toidulisand. See sisaldab D-biotiini, puhastatud vett ja gl\u00fctserooli. Toode ei sisalda s\u00e4ilitusaineid, t\u00e4iteaineid, v\u00e4rvaineid, kunstlikke l\u00f5hnaaineid.<\/p>\n","protected":false},"featured_media":59943,"comment_status":"closed","ping_status":"closed","template":"","meta":[],"product_brand":[],"product_cat":[2251,3030,2255,3195,1329,1454,536],"product_tag":[2099,3601,1924],"giftcard-category":[],"class_list":{"0":"post-59946","1":"product","2":"type-product","3":"status-publish","4":"has-post-thumbnail","6":"product_cat-b-vitamin-en","7":"product_cat-best-before-en","8":"product_cat-biotin-en","9":"product_cat-last-in-stock-en","10":"product_cat-ostrovit-en","11":"product_cat-superfoods-health-foods-en","12":"product_cat-vitamins-and-minerals-en","13":"product_tag-biotiin-en","14":"product_tag-biotiini-tilgad-en","15":"product_tag-ostrovit-en","16":"pa_kogus-30ml-en","17":"pa_toidulisand-branddd-ostrovit","18":"pa_tootegruppp-b-vitamiin-en","19":"pa_tootegruppp-biotiin-en","20":"pa_tootegruppp-supertoit-tervisetoit-en","21":"pa_tootegruppp-vitamins-and-minerals","23":"first","24":"outofstock","25":"sale","26":"taxable","27":"shipping-taxable","28":"purchasable","29":"product-type-simple"},"yoast_head":"<!-- This site is optimized with the Yoast SEO plugin v27.3 - https:\/\/yoast.com\/product\/yoast-seo-wordpress\/ -->\n<title>Pharma Biotin 2500 \u00b5g Tilgad (30ml) - Biotiin - Vitamiin B7 - Fit360<\/title>\n<meta name=\"description\" content=\"Pharma Biotin on lihtsalt kasutatav tilkade kujul olev toidulisand, mis annab teile kauni ja s\u00e4rava v\u00e4limuse. Kiire kauba Tarne!\" \/>\n<meta name=\"robots\" content=\"index, follow, max-snippet:-1, max-image-preview:large, max-video-preview:-1\" \/>\n<link rel=\"canonical\" href=\"https:\/\/fit360.ee\/en\/pood\/product-groups\/vitamins-and-minerals-en\/b-vitamin-en\/pharma-biotin-2500\u00b5g\/\" \/>\n<meta property=\"og:locale\" content=\"en_US\" \/>\n<meta property=\"og:type\" content=\"article\" \/>\n<meta property=\"og:title\" content=\"Pharma Biotin 2500 \u00b5g Tilgad (30ml) - Biotiin - Vitamiin B7 - Fit360\" \/>\n<meta property=\"og:description\" content=\"Pharma Biotin on lihtsalt kasutatav tilkade kujul olev toidulisand, mis annab teile kauni ja s\u00e4rava v\u00e4limuse. Kiire kauba Tarne!\" \/>\n<meta property=\"og:url\" content=\"https:\/\/fit360.ee\/en\/pood\/product-groups\/vitamins-and-minerals-en\/b-vitamin-en\/pharma-biotin-2500\u00b5g\/\" \/>\n<meta property=\"og:site_name\" content=\"Fit360\" \/>\n<meta property=\"article:modified_time\" content=\"2025-08-13T05:37:02+00:00\" \/>\n<meta property=\"og:image\" content=\"https:\/\/fit360.ee\/wp-content\/uploads\/2022\/01\/pharma-biotin-fit360.ee_.png\" \/>\n\t<meta property=\"og:image:width\" content=\"600\" \/>\n\t<meta property=\"og:image:height\" content=\"600\" \/>\n\t<meta property=\"og:image:type\" content=\"image\/png\" \/>\n<meta name=\"twitter:card\" content=\"summary_large_image\" \/>\n<meta name=\"twitter:label1\" content=\"Est. reading time\" \/>\n\t<meta name=\"twitter:data1\" content=\"3 minutes\" \/>\n<script type=\"application\/ld+json\" class=\"yoast-schema-graph\">{\"@context\":\"https:\\\/\\\/schema.org\",\"@graph\":[{\"@type\":\"WebPage\",\"@id\":\"https:\\\/\\\/fit360.ee\\\/en\\\/pood\\\/product-groups\\\/vitamins-and-minerals-en\\\/b-vitamin-en\\\/pharma-biotin-2500%c2%b5g\\\/\",\"url\":\"https:\\\/\\\/fit360.ee\\\/en\\\/pood\\\/product-groups\\\/vitamins-and-minerals-en\\\/b-vitamin-en\\\/pharma-biotin-2500%c2%b5g\\\/\",\"name\":\"Pharma Biotin 2500 \u00b5g Tilgad (30ml) - Biotiin - Vitamiin B7 - Fit360\",\"isPartOf\":{\"@id\":\"https:\\\/\\\/fit360.ee\\\/en\\\/#website\"},\"primaryImageOfPage\":{\"@id\":\"https:\\\/\\\/fit360.ee\\\/en\\\/pood\\\/product-groups\\\/vitamins-and-minerals-en\\\/b-vitamin-en\\\/pharma-biotin-2500%c2%b5g\\\/#primaryimage\"},\"image\":{\"@id\":\"https:\\\/\\\/fit360.ee\\\/en\\\/pood\\\/product-groups\\\/vitamins-and-minerals-en\\\/b-vitamin-en\\\/pharma-biotin-2500%c2%b5g\\\/#primaryimage\"},\"thumbnailUrl\":\"https:\\\/\\\/fit360.ee\\\/wp-content\\\/uploads\\\/2022\\\/01\\\/pharma-biotin-fit360.ee_.png\",\"datePublished\":\"2022-01-30T11:04:16+00:00\",\"dateModified\":\"2025-08-13T05:37:02+00:00\",\"description\":\"Pharma Biotin on lihtsalt kasutatav tilkade kujul olev toidulisand, mis annab teile kauni ja s\u00e4rava v\u00e4limuse. Kiire kauba Tarne!\",\"breadcrumb\":{\"@id\":\"https:\\\/\\\/fit360.ee\\\/en\\\/pood\\\/product-groups\\\/vitamins-and-minerals-en\\\/b-vitamin-en\\\/pharma-biotin-2500%c2%b5g\\\/#breadcrumb\"},\"inLanguage\":\"en-US\",\"potentialAction\":[{\"@type\":\"ReadAction\",\"target\":[\"https:\\\/\\\/fit360.ee\\\/en\\\/pood\\\/product-groups\\\/vitamins-and-minerals-en\\\/b-vitamin-en\\\/pharma-biotin-2500%c2%b5g\\\/\"]}]},{\"@type\":\"ImageObject\",\"inLanguage\":\"en-US\",\"@id\":\"https:\\\/\\\/fit360.ee\\\/en\\\/pood\\\/product-groups\\\/vitamins-and-minerals-en\\\/b-vitamin-en\\\/pharma-biotin-2500%c2%b5g\\\/#primaryimage\",\"url\":\"https:\\\/\\\/fit360.ee\\\/wp-content\\\/uploads\\\/2022\\\/01\\\/pharma-biotin-fit360.ee_.png\",\"contentUrl\":\"https:\\\/\\\/fit360.ee\\\/wp-content\\\/uploads\\\/2022\\\/01\\\/pharma-biotin-fit360.ee_.png\",\"width\":600,\"height\":600,\"caption\":\"pharma biotin - fit360.ee\"},{\"@type\":\"BreadcrumbList\",\"@id\":\"https:\\\/\\\/fit360.ee\\\/en\\\/pood\\\/product-groups\\\/vitamins-and-minerals-en\\\/b-vitamin-en\\\/pharma-biotin-2500%c2%b5g\\\/#breadcrumb\",\"itemListElement\":[{\"@type\":\"ListItem\",\"position\":1,\"name\":\"Home\",\"item\":\"https:\\\/\\\/fit360.ee\\\/en\\\/\"},{\"@type\":\"ListItem\",\"position\":2,\"name\":\"Shop\",\"item\":\"https:\\\/\\\/fit360.ee\\\/en\\\/shop\\\/\"},{\"@type\":\"ListItem\",\"position\":3,\"name\":\"Pharma Biotin 2500 \u00b5g Tilgad (30ml)\"}]},{\"@type\":\"WebSite\",\"@id\":\"https:\\\/\\\/fit360.ee\\\/en\\\/#website\",\"url\":\"https:\\\/\\\/fit360.ee\\\/en\\\/\",\"name\":\"Fit360\",\"description\":\"\",\"publisher\":{\"@id\":\"https:\\\/\\\/fit360.ee\\\/en\\\/#organization\"},\"potentialAction\":[{\"@type\":\"SearchAction\",\"target\":{\"@type\":\"EntryPoint\",\"urlTemplate\":\"https:\\\/\\\/fit360.ee\\\/en\\\/?s={search_term_string}\"},\"query-input\":{\"@type\":\"PropertyValueSpecification\",\"valueRequired\":true,\"valueName\":\"search_term_string\"}}],\"inLanguage\":\"en-US\"},{\"@type\":\"Organization\",\"@id\":\"https:\\\/\\\/fit360.ee\\\/en\\\/#organization\",\"name\":\"Fit360\",\"url\":\"https:\\\/\\\/fit360.ee\\\/en\\\/\",\"logo\":{\"@type\":\"ImageObject\",\"inLanguage\":\"en-US\",\"@id\":\"https:\\\/\\\/fit360.ee\\\/en\\\/#\\\/schema\\\/logo\\\/image\\\/\",\"url\":\"https:\\\/\\\/fit360.ee\\\/wp-content\\\/uploads\\\/2017\\\/01\\\/logo-fit360.png\",\"contentUrl\":\"https:\\\/\\\/fit360.ee\\\/wp-content\\\/uploads\\\/2017\\\/01\\\/logo-fit360.png\",\"width\":180,\"height\":66,\"caption\":\"Fit360\"},\"image\":{\"@id\":\"https:\\\/\\\/fit360.ee\\\/en\\\/#\\\/schema\\\/logo\\\/image\\\/\"}}]}<\/script>\n<!-- \/ Yoast SEO plugin. -->","yoast_head_json":{"title":"Pharma Biotin 2500 \u00b5g Tilgad (30ml) - Biotiin - Vitamiin B7 - Fit360","description":"Pharma Biotin on lihtsalt kasutatav tilkade kujul olev toidulisand, mis annab teile kauni ja s\u00e4rava v\u00e4limuse. Kiire kauba Tarne!","robots":{"index":"index","follow":"follow","max-snippet":"max-snippet:-1","max-image-preview":"max-image-preview:large","max-video-preview":"max-video-preview:-1"},"canonical":"https:\/\/fit360.ee\/en\/pood\/product-groups\/vitamins-and-minerals-en\/b-vitamin-en\/pharma-biotin-2500\u00b5g\/","og_locale":"en_US","og_type":"article","og_title":"Pharma Biotin 2500 \u00b5g Tilgad (30ml) - Biotiin - Vitamiin B7 - Fit360","og_description":"Pharma Biotin on lihtsalt kasutatav tilkade kujul olev toidulisand, mis annab teile kauni ja s\u00e4rava v\u00e4limuse. Kiire kauba Tarne!","og_url":"https:\/\/fit360.ee\/en\/pood\/product-groups\/vitamins-and-minerals-en\/b-vitamin-en\/pharma-biotin-2500\u00b5g\/","og_site_name":"Fit360","article_modified_time":"2025-08-13T05:37:02+00:00","og_image":[{"width":600,"height":600,"url":"https:\/\/fit360.ee\/wp-content\/uploads\/2022\/01\/pharma-biotin-fit360.ee_.png","type":"image\/png"}],"twitter_card":"summary_large_image","twitter_misc":{"Est. reading time":"3 minutes"},"schema":{"@context":"https:\/\/schema.org","@graph":[{"@type":"WebPage","@id":"https:\/\/fit360.ee\/en\/pood\/product-groups\/vitamins-and-minerals-en\/b-vitamin-en\/pharma-biotin-2500%c2%b5g\/","url":"https:\/\/fit360.ee\/en\/pood\/product-groups\/vitamins-and-minerals-en\/b-vitamin-en\/pharma-biotin-2500%c2%b5g\/","name":"Pharma Biotin 2500 \u00b5g Tilgad (30ml) - Biotiin - Vitamiin B7 - Fit360","isPartOf":{"@id":"https:\/\/fit360.ee\/en\/#website"},"primaryImageOfPage":{"@id":"https:\/\/fit360.ee\/en\/pood\/product-groups\/vitamins-and-minerals-en\/b-vitamin-en\/pharma-biotin-2500%c2%b5g\/#primaryimage"},"image":{"@id":"https:\/\/fit360.ee\/en\/pood\/product-groups\/vitamins-and-minerals-en\/b-vitamin-en\/pharma-biotin-2500%c2%b5g\/#primaryimage"},"thumbnailUrl":"https:\/\/fit360.ee\/wp-content\/uploads\/2022\/01\/pharma-biotin-fit360.ee_.png","datePublished":"2022-01-30T11:04:16+00:00","dateModified":"2025-08-13T05:37:02+00:00","description":"Pharma Biotin on lihtsalt kasutatav tilkade kujul olev toidulisand, mis annab teile kauni ja s\u00e4rava v\u00e4limuse. Kiire kauba Tarne!","breadcrumb":{"@id":"https:\/\/fit360.ee\/en\/pood\/product-groups\/vitamins-and-minerals-en\/b-vitamin-en\/pharma-biotin-2500%c2%b5g\/#breadcrumb"},"inLanguage":"en-US","potentialAction":[{"@type":"ReadAction","target":["https:\/\/fit360.ee\/en\/pood\/product-groups\/vitamins-and-minerals-en\/b-vitamin-en\/pharma-biotin-2500%c2%b5g\/"]}]},{"@type":"ImageObject","inLanguage":"en-US","@id":"https:\/\/fit360.ee\/en\/pood\/product-groups\/vitamins-and-minerals-en\/b-vitamin-en\/pharma-biotin-2500%c2%b5g\/#primaryimage","url":"https:\/\/fit360.ee\/wp-content\/uploads\/2022\/01\/pharma-biotin-fit360.ee_.png","contentUrl":"https:\/\/fit360.ee\/wp-content\/uploads\/2022\/01\/pharma-biotin-fit360.ee_.png","width":600,"height":600,"caption":"pharma biotin - fit360.ee"},{"@type":"BreadcrumbList","@id":"https:\/\/fit360.ee\/en\/pood\/product-groups\/vitamins-and-minerals-en\/b-vitamin-en\/pharma-biotin-2500%c2%b5g\/#breadcrumb","itemListElement":[{"@type":"ListItem","position":1,"name":"Home","item":"https:\/\/fit360.ee\/en\/"},{"@type":"ListItem","position":2,"name":"Shop","item":"https:\/\/fit360.ee\/en\/shop\/"},{"@type":"ListItem","position":3,"name":"Pharma Biotin 2500 \u00b5g Tilgad (30ml)"}]},{"@type":"WebSite","@id":"https:\/\/fit360.ee\/en\/#website","url":"https:\/\/fit360.ee\/en\/","name":"Fit360","description":"","publisher":{"@id":"https:\/\/fit360.ee\/en\/#organization"},"potentialAction":[{"@type":"SearchAction","target":{"@type":"EntryPoint","urlTemplate":"https:\/\/fit360.ee\/en\/?s={search_term_string}"},"query-input":{"@type":"PropertyValueSpecification","valueRequired":true,"valueName":"search_term_string"}}],"inLanguage":"en-US"},{"@type":"Organization","@id":"https:\/\/fit360.ee\/en\/#organization","name":"Fit360","url":"https:\/\/fit360.ee\/en\/","logo":{"@type":"ImageObject","inLanguage":"en-US","@id":"https:\/\/fit360.ee\/en\/#\/schema\/logo\/image\/","url":"https:\/\/fit360.ee\/wp-content\/uploads\/2017\/01\/logo-fit360.png","contentUrl":"https:\/\/fit360.ee\/wp-content\/uploads\/2017\/01\/logo-fit360.png","width":180,"height":66,"caption":"Fit360"},"image":{"@id":"https:\/\/fit360.ee\/en\/#\/schema\/logo\/image\/"}}]}},"_links":{"self":[{"href":"https:\/\/fit360.ee\/en\/wp-json\/wp\/v2\/product\/59946","targetHints":{"allow":["GET"]}}],"collection":[{"href":"https:\/\/fit360.ee\/en\/wp-json\/wp\/v2\/product"}],"about":[{"href":"https:\/\/fit360.ee\/en\/wp-json\/wp\/v2\/types\/product"}],"replies":[{"embeddable":true,"href":"https:\/\/fit360.ee\/en\/wp-json\/wp\/v2\/comments?post=59946"}],"wp:featuredmedia":[{"embeddable":true,"href":"https:\/\/fit360.ee\/en\/wp-json\/wp\/v2\/media\/59943"}],"wp:attachment":[{"href":"https:\/\/fit360.ee\/en\/wp-json\/wp\/v2\/media?parent=59946"}],"wp:term":[{"taxonomy":"product_brand","embeddable":true,"href":"https:\/\/fit360.ee\/en\/wp-json\/wp\/v2\/product_brand?post=59946"},{"taxonomy":"product_cat","embeddable":true,"href":"https:\/\/fit360.ee\/en\/wp-json\/wp\/v2\/product_cat?post=59946"},{"taxonomy":"product_tag","embeddable":true,"href":"https:\/\/fit360.ee\/en\/wp-json\/wp\/v2\/product_tag?post=59946"},{"taxonomy":"giftcard-category","embeddable":true,"href":"https:\/\/fit360.ee\/en\/wp-json\/wp\/v2\/giftcard-category?post=59946"}],"curies":[{"name":"wp","href":"https:\/\/api.w.org\/{rel}","templated":true}]}}