{"id":59952,"date":"2022-01-30T13:34:18","date_gmt":"2022-01-30T11:34:18","guid":{"rendered":"https:\/\/fit360.ee\/pood\/uncategorized\/chaga-kapslid-60vcaps\/"},"modified":"2025-08-13T07:36:33","modified_gmt":"2025-08-13T05:36:33","slug":"chaga-kapslid-60vcaps","status":"publish","type":"product","link":"https:\/\/fit360.ee\/en\/pood\/product-groups\/superfoods-health-foods-en\/chaga-en\/chaga-kapslid-60vcaps\/","title":{"rendered":"Chaga kapslid (60 vCaps)"},"content":{"rendered":"<h1><strong>Chaga kapslid<\/strong><\/h1>\n<p>Chaga kapslid on seente toidulisand, mis on rikas paljude ainetega, mida teie organism igap\u00e4evaselt vajab. Chaga sisaldab vitamiine, mineraale, ens\u00fc\u00fcme ja pol\u00fcsahhariide, mis parandavad Sinu organismi talitlust. Kui kasutate toidulisandit regulaarselt, saate toetada paljude s\u00fcsteemide, n\u00e4iteks n\u00e4rvis\u00fcsteemi, veresoonkonna, seedes\u00fcsteemi ja immunoloogilise s\u00fcsteemi t\u00f6\u00f6d. Chaga on tuntud ka oma f\u00fc\u00fcsilist vormi tugevdavate omaduste poolest ja soodustab funktsioneerimist. Kas otsite looduslikku toodet, mis aitaks teil tugevdada teie immuunsust ja vastupidavust ning hoida teid kauem noorena? Proovi OstroVit Chaga kapslid toidulisandit.<\/p>\n<h3><strong>Chaga seene ekstrakt \u2013 kellele?<\/strong><\/h3>\n<p>Chaga, mida nimetatakse ka inonotus obliquus&#8217;eks, on parasiitseene liik, mida on rahvameditsiinis kasutatud l\u00e4bi aegade. Chaga esineb peamiselt P\u00f5hja-Hiinas ja Siberis. Aeg-ajalt v\u00f5ib seda leida ka Poolast. Chaga sisaldab mitmeid tervist edendavaid koostisosi, nagu fenoolid, steroolid, riboflaviin, pantoteenhape, melaniin, superoksiiddismutaas ja beeta-gl\u00fckaan. Samuti on see rikkalik B-r\u00fchma vitamiinide ja paljude mineraalide, n\u00e4iteks kaaliumi, kaltsiumi, mangaani, raua ja tsingi allikas.<\/p>\n<p>T\u00e4nu suurele hulgale tervist edendavatele ainetele avaldab Chaga igak\u00fclgset m\u00f5ju paljudele s\u00fcsteemidele ja siseorganitele. See parandab paljusid kehasiseseid protsesse ja aitab v\u00f5idelda v\u00e4simusega. Valige OstroVit Chaga kapslid, kui soovite:<\/p>\n<ul>\n<li>Parandada oma immuunsust<\/li>\n<li>T\u00f5sta vastupidavust ja vormi<\/li>\n<li>Vananemist edasi l\u00fckata<\/li>\n<li>Toetada Teie soolestikku<\/li>\n<li>Aidata oma veresoonte s\u00fcsteemi<\/li>\n<\/ul>\n<p>\u00dcks OstroVit Chaga VEGE toidulisandi pakend sisaldab 60 kapslit, millest piisab kahekuuliseks perioodiks. \u00dcks portsjon toodet on koguni 600 mg Chaga ekstrakti, sh. 240mg v\u00e4\u00e4rtuslikke pol\u00fcsahhariide.<\/p>\n<p><strong>\u00dcLDINE TOETUS ORGANISMILE<\/strong> \u2013 Regulaarsel kasutamisel v\u00f5ib Chaga ekstrakt toetada teie organismi ja kaitsta siseorganite ebaregulaarse t\u00f6\u00f6 eest.<br \/>\n<strong>PARANENUD Immuunsus ja vastupidavus<\/strong> \u2013 t\u00e4nu tugevatele antioks\u00fcdantsetele omadustele ja beeta-gl\u00fckaani sisaldusele tugevdab Chaga teie organismi immuunsust. Samuti stimuleerib see vastupidavust. Kui kasutate meie toidulisandit, v\u00e4ldite t\u00f5en\u00e4oliselt haigusi ja naudite rohkem tegutsemisj\u00f5udu.<br \/>\n<strong>RIKKALIKULT TOITAINEID<\/strong> \u2013 OstroVit Chaga VEGE koostisesse kuuluvad B-r\u00fchma vitamiinid, mineraalid, ens\u00fc\u00fcmid, pol\u00fcsahhariidid toidavad rakke ja soodustavad nende toimimist.<br \/>\n<strong>LIHTNE TARBIDA<\/strong> \u2013 Chaga seene ekstrakt on suletud k\u00e4ep\u00e4rasesse kapslisse, mis muutub veega kokkupuutel libedaks ja mida on lihtne alla neelata.<\/p>\n<p><strong>Koostisosad<\/strong>: Chaga seene ekstrakt (Inonotus obliquus), mis on standardiseeritud 40% pol\u00fcsahhariididest, katte koostis (t\u00e4iteaine: h\u00fcdroks\u00fcprop\u00fc\u00fclmet\u00fc\u00fcltselluloos). Toode v\u00f5ib sisaldada piima (sh laktoosi), sojaube, maap\u00e4hkleid, muid p\u00e4hkleid, seesamiseemneid, gluteeni sisaldavaid teravilju, mune, v\u00e4hilaadseid, kala.<\/p>\n<p><strong>Kasutamine<\/strong>: V\u00f5tke 1 portsjon (1 kapsel) p\u00e4evas enne s\u00f6\u00f6ki v\u00f5i s\u00f6\u00f6gi ajal.<\/p>\n<p><strong>Suurus<\/strong>: 60 <a href=\"https:\/\/fit360.ee\/en\/product-category\/product-groups\/vegan-en\/vegan-capsules-en\/\"><strong>vCaps &#8211; Vegan kapslit<\/strong><\/a><\/p>\n<section class=\"projector__description--nutritional row\" data-selector=\".--nutritional\">\n<div class=\"col-12 col-md-10 col-lg-8\">\n<div class=\"--nutrit\">\n<div class=\"nutrition_table_wrapper\">\n<div class=\"table_wrapper\">\n<table>\n<tbody>\n<tr>\n<th>Aktiivsed toimeained<\/th>\n<th>\u00dcks serveering &#8211; 1 kapsel<\/th>\n<\/tr>\n<tr>\n<td>Chaga seente ekstrakt, <em>millest<\/em>:<\/td>\n<td>600 mg<\/td>\n<\/tr>\n<tr class=\"sub\">\n<td>&#8211; pol\u00fcsahhariidid (40%)<\/td>\n<td>240 mg<\/td>\n<\/tr>\n<\/tbody>\n<\/table>\n<p>Vaata ka meie Teisi Chaga tooteid <a href=\"https:\/\/fit360.ee\/en\/product-category\/product-groups\/superfoods-health-foods-en\/chaga-en\/\"><strong>SIIT<\/strong><\/a> v\u00f5i SUPERTOITE <a href=\"https:\/\/fit360.ee\/en\/product-category\/product-groups\/superfoods-health-foods-en\/\"><strong>SIIT<\/strong><\/a>!<\/p>\n<\/div>\n<\/div>\n<\/div>\n<\/div>\n<\/section>\n<section class=\"projector__comments comments row\" data-selector=\".--comments\">\n<div class=\"--label col-12\">Soovid teha suuremat tellimust? Vaata antud toodet meie HULGI lehelt\u00a0<a href=\"https:\/\/toidulisandidhulgi.ee\/product\/chaga-kapslid-60vcaps\/\"><strong>SIIT<\/strong><\/a>!<\/div>\n<\/section>\n","protected":false},"excerpt":{"rendered":"<p><strong>\u00dcLDINE TOETUS ORGANISMILE<\/strong> \u2013 Regulaarsel kasutamisel v\u00f5ib Chaga ekstrakt toetada teie organismi ja kaitsta siseorganite ebaregulaarse t\u00f6\u00f6 eest.<br \/>\n<strong>PARANENUD Immuunsus ja vastupidavus<\/strong> \u2013 t\u00e4nu tugevatele antioks\u00fcdantsetele omadustele ja beeta-gl\u00fckaani sisaldusele tugevdab Chaga teie organismi immuunsust. Samuti stimuleerib see vastupidavust. Kui kasutate meie toidulisandit, v\u00e4ldite t\u00f5en\u00e4oliselt haigusi ja naudite rohkem tegutsemisj\u00f5udu.<br \/>\n<strong>RIKKALIKULT TOITAINEID<\/strong> \u2013 OstroVit Chaga VEGE koostisesse kuuluvad B-r\u00fchma vitamiinid, mineraalid, ens\u00fc\u00fcmid, pol\u00fcsahhariidid toidavad rakke ja soodustavad nende toimimist.<br \/>\n<strong>LIHTNE TARBIDA<\/strong> \u2013 Chaga seene ekstrakt on suletud k\u00e4ep\u00e4rasesse kapslisse, mis muutub veega kokkupuutel libedaks ja mida on lihtne alla neelata.<\/p>\n","protected":false},"featured_media":84454,"comment_status":"closed","ping_status":"closed","template":"","meta":[],"product_brand":[],"product_cat":[5311,2251,2400,5320,1329,1454,2664,536,1201],"product_tag":[1874,3603,1924],"giftcard-category":[],"class_list":{"0":"post-59952","1":"product","2":"type-product","3":"status-publish","4":"has-post-thumbnail","6":"product_cat-antioxidants-en","7":"product_cat-b-vitamin-en","8":"product_cat-chaga-en","9":"product_cat-for-immunity-en","10":"product_cat-ostrovit-en","11":"product_cat-superfoods-health-foods-en","12":"product_cat-vegan-capsules-en","13":"product_cat-vitamins-and-minerals-en","14":"product_cat-1201","15":"product_tag-chaga-en","16":"product_tag-chaga-kapslid-en","17":"product_tag-ostrovit-en","18":"pa_kogus-60-vcaps-en","19":"pa_toidulisand-branddd-ostrovit","20":"pa_tootegruppp-antioksudandid-en","21":"pa_tootegruppp-b-vitamiin-en","22":"pa_tootegruppp-chaga-must-passik-en","23":"pa_tootegruppp-immuunsusteem-en","24":"pa_tootegruppp-supertoit-tervisetoit-en","25":"pa_tootegruppp-vcaps-vegan-kapslid-en","26":"pa_tootegruppp-vegan-en","27":"pa_tootegruppp-vitamins-and-minerals","29":"first","30":"instock","31":"sale","32":"taxable","33":"shipping-taxable","34":"purchasable","35":"product-type-simple"},"yoast_head":"<!-- This site is optimized with the Yoast SEO plugin v27.3 - https:\/\/yoast.com\/product\/yoast-seo-wordpress\/ -->\n<title>Chaga kapslid (60 vCaps) - Supertoit - Tugev immuunsus - Fit360<\/title>\n<meta name=\"description\" content=\"Chaga kapslid sisaldavad vitamiine, mineraale, ens\u00fc\u00fcme ja pol\u00fcsahhariide, mis parandavad Sinu organismi talitlust. Kiire kauba tarne!\" \/>\n<meta name=\"robots\" content=\"index, follow, max-snippet:-1, max-image-preview:large, max-video-preview:-1\" \/>\n<link rel=\"canonical\" href=\"https:\/\/fit360.ee\/en\/pood\/product-groups\/superfoods-health-foods-en\/chaga-en\/chaga-kapslid-60vcaps\/\" \/>\n<meta property=\"og:locale\" content=\"en_US\" \/>\n<meta property=\"og:type\" content=\"article\" \/>\n<meta property=\"og:title\" content=\"Chaga kapslid (60 vCaps) - Supertoit - Tugev immuunsus - Fit360\" \/>\n<meta property=\"og:description\" content=\"Chaga kapslid sisaldavad vitamiine, mineraale, ens\u00fc\u00fcme ja pol\u00fcsahhariide, mis parandavad Sinu organismi talitlust. Kiire kauba tarne!\" \/>\n<meta property=\"og:url\" content=\"https:\/\/fit360.ee\/en\/pood\/product-groups\/superfoods-health-foods-en\/chaga-en\/chaga-kapslid-60vcaps\/\" \/>\n<meta property=\"og:site_name\" content=\"Fit360\" \/>\n<meta property=\"article:modified_time\" content=\"2025-08-13T05:36:33+00:00\" \/>\n<meta property=\"og:image\" content=\"https:\/\/fit360.ee\/wp-content\/uploads\/2022\/01\/chaga-kapslid-must-passik-fit360.ee_.png\" \/>\n\t<meta property=\"og:image:width\" content=\"450\" \/>\n\t<meta property=\"og:image:height\" content=\"450\" \/>\n\t<meta property=\"og:image:type\" content=\"image\/png\" \/>\n<meta name=\"twitter:card\" content=\"summary_large_image\" \/>\n<meta name=\"twitter:label1\" content=\"Est. reading time\" \/>\n\t<meta name=\"twitter:data1\" content=\"3 minutes\" \/>\n<script type=\"application\/ld+json\" class=\"yoast-schema-graph\">{\"@context\":\"https:\\\/\\\/schema.org\",\"@graph\":[{\"@type\":\"WebPage\",\"@id\":\"https:\\\/\\\/fit360.ee\\\/en\\\/pood\\\/product-groups\\\/superfoods-health-foods-en\\\/chaga-en\\\/chaga-kapslid-60vcaps\\\/\",\"url\":\"https:\\\/\\\/fit360.ee\\\/en\\\/pood\\\/product-groups\\\/superfoods-health-foods-en\\\/chaga-en\\\/chaga-kapslid-60vcaps\\\/\",\"name\":\"Chaga kapslid (60 vCaps) - Supertoit - Tugev immuunsus - Fit360\",\"isPartOf\":{\"@id\":\"https:\\\/\\\/fit360.ee\\\/en\\\/#website\"},\"primaryImageOfPage\":{\"@id\":\"https:\\\/\\\/fit360.ee\\\/en\\\/pood\\\/product-groups\\\/superfoods-health-foods-en\\\/chaga-en\\\/chaga-kapslid-60vcaps\\\/#primaryimage\"},\"image\":{\"@id\":\"https:\\\/\\\/fit360.ee\\\/en\\\/pood\\\/product-groups\\\/superfoods-health-foods-en\\\/chaga-en\\\/chaga-kapslid-60vcaps\\\/#primaryimage\"},\"thumbnailUrl\":\"https:\\\/\\\/fit360.ee\\\/wp-content\\\/uploads\\\/2022\\\/01\\\/chaga-kapslid-must-passik-fit360.ee_.png\",\"datePublished\":\"2022-01-30T11:34:18+00:00\",\"dateModified\":\"2025-08-13T05:36:33+00:00\",\"description\":\"Chaga kapslid sisaldavad vitamiine, mineraale, ens\u00fc\u00fcme ja pol\u00fcsahhariide, mis parandavad Sinu organismi talitlust. Kiire kauba tarne!\",\"breadcrumb\":{\"@id\":\"https:\\\/\\\/fit360.ee\\\/en\\\/pood\\\/product-groups\\\/superfoods-health-foods-en\\\/chaga-en\\\/chaga-kapslid-60vcaps\\\/#breadcrumb\"},\"inLanguage\":\"en-US\",\"potentialAction\":[{\"@type\":\"ReadAction\",\"target\":[\"https:\\\/\\\/fit360.ee\\\/en\\\/pood\\\/product-groups\\\/superfoods-health-foods-en\\\/chaga-en\\\/chaga-kapslid-60vcaps\\\/\"]}]},{\"@type\":\"ImageObject\",\"inLanguage\":\"en-US\",\"@id\":\"https:\\\/\\\/fit360.ee\\\/en\\\/pood\\\/product-groups\\\/superfoods-health-foods-en\\\/chaga-en\\\/chaga-kapslid-60vcaps\\\/#primaryimage\",\"url\":\"https:\\\/\\\/fit360.ee\\\/wp-content\\\/uploads\\\/2022\\\/01\\\/chaga-kapslid-must-passik-fit360.ee_.png\",\"contentUrl\":\"https:\\\/\\\/fit360.ee\\\/wp-content\\\/uploads\\\/2022\\\/01\\\/chaga-kapslid-must-passik-fit360.ee_.png\",\"width\":450,\"height\":450,\"caption\":\"chaga kapslid must p\u00e4ssik - fit360.ee\"},{\"@type\":\"BreadcrumbList\",\"@id\":\"https:\\\/\\\/fit360.ee\\\/en\\\/pood\\\/product-groups\\\/superfoods-health-foods-en\\\/chaga-en\\\/chaga-kapslid-60vcaps\\\/#breadcrumb\",\"itemListElement\":[{\"@type\":\"ListItem\",\"position\":1,\"name\":\"Home\",\"item\":\"https:\\\/\\\/fit360.ee\\\/en\\\/\"},{\"@type\":\"ListItem\",\"position\":2,\"name\":\"Shop\",\"item\":\"https:\\\/\\\/fit360.ee\\\/en\\\/shop\\\/\"},{\"@type\":\"ListItem\",\"position\":3,\"name\":\"Chaga kapslid (60 vCaps)\"}]},{\"@type\":\"WebSite\",\"@id\":\"https:\\\/\\\/fit360.ee\\\/en\\\/#website\",\"url\":\"https:\\\/\\\/fit360.ee\\\/en\\\/\",\"name\":\"Fit360\",\"description\":\"\",\"publisher\":{\"@id\":\"https:\\\/\\\/fit360.ee\\\/en\\\/#organization\"},\"potentialAction\":[{\"@type\":\"SearchAction\",\"target\":{\"@type\":\"EntryPoint\",\"urlTemplate\":\"https:\\\/\\\/fit360.ee\\\/en\\\/?s={search_term_string}\"},\"query-input\":{\"@type\":\"PropertyValueSpecification\",\"valueRequired\":true,\"valueName\":\"search_term_string\"}}],\"inLanguage\":\"en-US\"},{\"@type\":\"Organization\",\"@id\":\"https:\\\/\\\/fit360.ee\\\/en\\\/#organization\",\"name\":\"Fit360\",\"url\":\"https:\\\/\\\/fit360.ee\\\/en\\\/\",\"logo\":{\"@type\":\"ImageObject\",\"inLanguage\":\"en-US\",\"@id\":\"https:\\\/\\\/fit360.ee\\\/en\\\/#\\\/schema\\\/logo\\\/image\\\/\",\"url\":\"https:\\\/\\\/fit360.ee\\\/wp-content\\\/uploads\\\/2017\\\/01\\\/logo-fit360.png\",\"contentUrl\":\"https:\\\/\\\/fit360.ee\\\/wp-content\\\/uploads\\\/2017\\\/01\\\/logo-fit360.png\",\"width\":180,\"height\":66,\"caption\":\"Fit360\"},\"image\":{\"@id\":\"https:\\\/\\\/fit360.ee\\\/en\\\/#\\\/schema\\\/logo\\\/image\\\/\"}}]}<\/script>\n<!-- \/ Yoast SEO plugin. -->","yoast_head_json":{"title":"Chaga kapslid (60 vCaps) - Supertoit - Tugev immuunsus - Fit360","description":"Chaga kapslid sisaldavad vitamiine, mineraale, ens\u00fc\u00fcme ja pol\u00fcsahhariide, mis parandavad Sinu organismi talitlust. Kiire kauba tarne!","robots":{"index":"index","follow":"follow","max-snippet":"max-snippet:-1","max-image-preview":"max-image-preview:large","max-video-preview":"max-video-preview:-1"},"canonical":"https:\/\/fit360.ee\/en\/pood\/product-groups\/superfoods-health-foods-en\/chaga-en\/chaga-kapslid-60vcaps\/","og_locale":"en_US","og_type":"article","og_title":"Chaga kapslid (60 vCaps) - Supertoit - Tugev immuunsus - Fit360","og_description":"Chaga kapslid sisaldavad vitamiine, mineraale, ens\u00fc\u00fcme ja pol\u00fcsahhariide, mis parandavad Sinu organismi talitlust. Kiire kauba tarne!","og_url":"https:\/\/fit360.ee\/en\/pood\/product-groups\/superfoods-health-foods-en\/chaga-en\/chaga-kapslid-60vcaps\/","og_site_name":"Fit360","article_modified_time":"2025-08-13T05:36:33+00:00","og_image":[{"width":450,"height":450,"url":"https:\/\/fit360.ee\/wp-content\/uploads\/2022\/01\/chaga-kapslid-must-passik-fit360.ee_.png","type":"image\/png"}],"twitter_card":"summary_large_image","twitter_misc":{"Est. reading time":"3 minutes"},"schema":{"@context":"https:\/\/schema.org","@graph":[{"@type":"WebPage","@id":"https:\/\/fit360.ee\/en\/pood\/product-groups\/superfoods-health-foods-en\/chaga-en\/chaga-kapslid-60vcaps\/","url":"https:\/\/fit360.ee\/en\/pood\/product-groups\/superfoods-health-foods-en\/chaga-en\/chaga-kapslid-60vcaps\/","name":"Chaga kapslid (60 vCaps) - Supertoit - Tugev immuunsus - Fit360","isPartOf":{"@id":"https:\/\/fit360.ee\/en\/#website"},"primaryImageOfPage":{"@id":"https:\/\/fit360.ee\/en\/pood\/product-groups\/superfoods-health-foods-en\/chaga-en\/chaga-kapslid-60vcaps\/#primaryimage"},"image":{"@id":"https:\/\/fit360.ee\/en\/pood\/product-groups\/superfoods-health-foods-en\/chaga-en\/chaga-kapslid-60vcaps\/#primaryimage"},"thumbnailUrl":"https:\/\/fit360.ee\/wp-content\/uploads\/2022\/01\/chaga-kapslid-must-passik-fit360.ee_.png","datePublished":"2022-01-30T11:34:18+00:00","dateModified":"2025-08-13T05:36:33+00:00","description":"Chaga kapslid sisaldavad vitamiine, mineraale, ens\u00fc\u00fcme ja pol\u00fcsahhariide, mis parandavad Sinu organismi talitlust. Kiire kauba tarne!","breadcrumb":{"@id":"https:\/\/fit360.ee\/en\/pood\/product-groups\/superfoods-health-foods-en\/chaga-en\/chaga-kapslid-60vcaps\/#breadcrumb"},"inLanguage":"en-US","potentialAction":[{"@type":"ReadAction","target":["https:\/\/fit360.ee\/en\/pood\/product-groups\/superfoods-health-foods-en\/chaga-en\/chaga-kapslid-60vcaps\/"]}]},{"@type":"ImageObject","inLanguage":"en-US","@id":"https:\/\/fit360.ee\/en\/pood\/product-groups\/superfoods-health-foods-en\/chaga-en\/chaga-kapslid-60vcaps\/#primaryimage","url":"https:\/\/fit360.ee\/wp-content\/uploads\/2022\/01\/chaga-kapslid-must-passik-fit360.ee_.png","contentUrl":"https:\/\/fit360.ee\/wp-content\/uploads\/2022\/01\/chaga-kapslid-must-passik-fit360.ee_.png","width":450,"height":450,"caption":"chaga kapslid must p\u00e4ssik - fit360.ee"},{"@type":"BreadcrumbList","@id":"https:\/\/fit360.ee\/en\/pood\/product-groups\/superfoods-health-foods-en\/chaga-en\/chaga-kapslid-60vcaps\/#breadcrumb","itemListElement":[{"@type":"ListItem","position":1,"name":"Home","item":"https:\/\/fit360.ee\/en\/"},{"@type":"ListItem","position":2,"name":"Shop","item":"https:\/\/fit360.ee\/en\/shop\/"},{"@type":"ListItem","position":3,"name":"Chaga kapslid (60 vCaps)"}]},{"@type":"WebSite","@id":"https:\/\/fit360.ee\/en\/#website","url":"https:\/\/fit360.ee\/en\/","name":"Fit360","description":"","publisher":{"@id":"https:\/\/fit360.ee\/en\/#organization"},"potentialAction":[{"@type":"SearchAction","target":{"@type":"EntryPoint","urlTemplate":"https:\/\/fit360.ee\/en\/?s={search_term_string}"},"query-input":{"@type":"PropertyValueSpecification","valueRequired":true,"valueName":"search_term_string"}}],"inLanguage":"en-US"},{"@type":"Organization","@id":"https:\/\/fit360.ee\/en\/#organization","name":"Fit360","url":"https:\/\/fit360.ee\/en\/","logo":{"@type":"ImageObject","inLanguage":"en-US","@id":"https:\/\/fit360.ee\/en\/#\/schema\/logo\/image\/","url":"https:\/\/fit360.ee\/wp-content\/uploads\/2017\/01\/logo-fit360.png","contentUrl":"https:\/\/fit360.ee\/wp-content\/uploads\/2017\/01\/logo-fit360.png","width":180,"height":66,"caption":"Fit360"},"image":{"@id":"https:\/\/fit360.ee\/en\/#\/schema\/logo\/image\/"}}]}},"_links":{"self":[{"href":"https:\/\/fit360.ee\/en\/wp-json\/wp\/v2\/product\/59952","targetHints":{"allow":["GET"]}}],"collection":[{"href":"https:\/\/fit360.ee\/en\/wp-json\/wp\/v2\/product"}],"about":[{"href":"https:\/\/fit360.ee\/en\/wp-json\/wp\/v2\/types\/product"}],"replies":[{"embeddable":true,"href":"https:\/\/fit360.ee\/en\/wp-json\/wp\/v2\/comments?post=59952"}],"wp:featuredmedia":[{"embeddable":true,"href":"https:\/\/fit360.ee\/en\/wp-json\/wp\/v2\/media\/84454"}],"wp:attachment":[{"href":"https:\/\/fit360.ee\/en\/wp-json\/wp\/v2\/media?parent=59952"}],"wp:term":[{"taxonomy":"product_brand","embeddable":true,"href":"https:\/\/fit360.ee\/en\/wp-json\/wp\/v2\/product_brand?post=59952"},{"taxonomy":"product_cat","embeddable":true,"href":"https:\/\/fit360.ee\/en\/wp-json\/wp\/v2\/product_cat?post=59952"},{"taxonomy":"product_tag","embeddable":true,"href":"https:\/\/fit360.ee\/en\/wp-json\/wp\/v2\/product_tag?post=59952"},{"taxonomy":"giftcard-category","embeddable":true,"href":"https:\/\/fit360.ee\/en\/wp-json\/wp\/v2\/giftcard-category?post=59952"}],"curies":[{"name":"wp","href":"https:\/\/api.w.org\/{rel}","templated":true}]}}