{"id":59954,"date":"2022-01-30T13:45:20","date_gmt":"2022-01-30T11:45:20","guid":{"rendered":"https:\/\/fit360.ee\/?post_type=product&#038;p=59954"},"modified":"2025-08-13T07:38:05","modified_gmt":"2025-08-13T05:38:05","slug":"aroonia-kiudaine-vegan-200g","status":"publish","type":"product","link":"https:\/\/fit360.ee\/en\/pood\/product-groups\/superfoods-health-foods-en\/fiber-en\/aroonia-kiudaine-vegan-200g\/","title":{"rendered":"Aroonia Kiudaine (vegan) (200g)"},"content":{"rendered":"<h1>Aroonia kiudaine<\/h1>\n<p><strong>OstroVit Aroonia kiudained VEGE (Chokeberry Fiber)<\/strong> on looduslikult k\u00f5rge omastatavusega taimsete kiudainete allikas. Supertoit saadakse kakao kuivj\u00e4\u00e4gist ja seej\u00e4rel mikroniseeritakse, mille k\u00e4igus see jahvatatakse. T\u00e4nu sellele on kiudainete aktiivpind suurem, mis t\u00e4hendab toote suurenenud efektiivsust ja paremat assimilatsiooni v\u00f5rreldes traditsiooniliste kiudainelisanditega. Kas otsite toodet, mis aitab teil isu t\u00e4is saada ja peristaltilist liikumist toetada? OstroVit Aroonia kiudained VEGE on ideaalne valik.<\/p>\n<h4><strong>Millest see koosneb?<\/strong><\/h4>\n<p>OstroVit Aroonia kiudained VEGE on loodusliku p\u00e4ritoluga pulbriline \u00f5unakiud. Toode t\u00e4iendab igap\u00e4evast dieeti v\u00e4ga omastatava ja lahustumatu taimse kiudainega. Seda soovitatakse eriti inimestele, kes \u00fcritavad \u00fcles\u00f6\u00f6mist l\u00f5petada, kannatavad liigse kehakaalu all v\u00f5i tegelevad seedeprobleemidega.<\/p>\n<p><strong>OstroVit Aroonia kiudained VEGE on hea valik, kui:<\/strong><\/p>\n<ul>\n<li>Soovid rikastada oma dieeti v\u00e4ga omastatavate taimsete kiududega<\/li>\n<li>maadelda peristaltiliste liikumish\u00e4iretega<\/li>\n<li>Soovid kaalu alandada<\/li>\n<li>Soovid kolesteroolitaset alandada<\/li>\n<li>Soovite v\u00e4hendada oma veresuhkru taset<\/li>\n<li>soovite organismist toksiine v\u00e4ljutada<\/li>\n<\/ul>\n<h4><strong>Aroonia Kiudainete Omadused<\/strong><\/h4>\n<p>OstroViti Aroonia kiudained VEGE toidulisandisse peeneteralise pulbri kujul kuuluv \u00f5unakiud on suure aktiivse pinnaga. See imab kergesti vett ja on v\u00e4ga t\u00f5hus. \u00dcks toote pakend on 30 soovitatavat kiudaine portsjonit. Regulaarsel kasutamisel ei paranda see mitte ainult igap\u00e4evaelu mugavust, sealhulgas peristaltilist liikumist, vaid sellel on ka ennetavaid omadusi.<\/p>\n<p><strong>T\u00e4ienduse peamised omadused:<\/strong><\/p>\n<ul>\n<li>ALUSTAB MIKRONISATSIOONI &#8211; kiu tugev jahvatamine mikromeetri suurusteks osakesteks suurendab toote aktiivset pinda.\u00a0Nii v\u00f5ib see vedelikke kiiremini omastada ja kergesti omastatav.<\/li>\n<li>T\u00c4IUSLIK P\u00c4EVASE DIEETIGA &#8211; \u00d5unakiud m\u00f5jutab otseselt seedetrakti t\u00f6\u00f6d. See on asendamatu, kui soovite saleneda, see t\u00e4iuslikult k\u00fcllastab ja takistab t\u00f5husalt n\u00e4ljatunnet.<\/li>\n<li>KERGE TARBIDA &#8211; \u00f5unakiud on kergesti neelatav. Saate seda kasutada vee v\u00f5i mahla paksendamiseks. Lisa julgelt ka jogurtile v\u00f5i pudrule.<\/li>\n<li>SOBILIK VEGANITELE &#8211; OstroVit arooniakiud VEGE on loodud looduskeskkonda silmas pidades. See ei sisalda loomseid koostisosi, nii et veganid v\u00f5ivad selle julgelt valida.<\/li>\n<\/ul>\n<p><strong>Koostisosad<\/strong>: Aroonia kiudained<\/p>\n<p><strong>Kasutamine<\/strong>: Sega 1 kulp (5g) kiudaineid 100-150ml vee v\u00f5i mahlaga. Tarbi kuni 2 korda p\u00e4evas.<\/p>\n<p><strong>Suurus<\/strong>: 200g &#8211; 40 serveeringut<\/p>\n<table>\n<tbody>\n<tr>\n<td><strong>Toitev\u00e4\u00e4rtused<\/strong><\/td>\n<td><strong>5 g (1 portsjon)<\/strong><\/td>\n<td><strong>% SPK*<\/strong><\/td>\n<td><strong>10 g (2 portsjonit)<\/strong><\/td>\n<td><strong>% SPK *<\/strong><\/td>\n<td><strong>100 g kohta<\/strong><\/td>\n<\/tr>\n<tr>\n<td>Energia<\/td>\n<td>56 kJ \/ 14 kcal<\/td>\n<td>1<\/td>\n<td>111 kJ \/ 27 kcal<\/td>\n<td>1<\/td>\n<td>1111 kJ \/ 270 kcal<\/td>\n<\/tr>\n<tr>\n<td>Rasv<\/td>\n<td>0,2 g<\/td>\n<td>&#8211;<\/td>\n<td>0,5 g<\/td>\n<td>1<\/td>\n<td>4,5 g<\/td>\n<\/tr>\n<tr>\n<td>&#8211; <em>millest<\/em> k\u00fcllastunud rasvhapped<\/td>\n<td>0 g<\/td>\n<td>&#8211;<\/td>\n<td>0 g<\/td>\n<td>1<\/td>\n<td>0,4 g<\/td>\n<\/tr>\n<tr>\n<td>S\u00fcsivesikud<\/td>\n<td>0,9 g<\/td>\n<td>&#8211;<\/td>\n<td>1,7 g<\/td>\n<td>&#8211;<\/td>\n<td>17,4 g<\/td>\n<\/tr>\n<tr>\n<td>&#8211; millest suhkrud<\/td>\n<td>0,8 g<\/td>\n<td>&#8211;<\/td>\n<td>1,67 g<\/td>\n<td>1<\/td>\n<td>16,7 g<\/td>\n<\/tr>\n<tr>\n<td>Kiud<\/td>\n<td>3,1 g<\/td>\n<td>&#8211;<\/td>\n<td>6,2 g<\/td>\n<td>&#8211;<\/td>\n<td>62 g<\/td>\n<\/tr>\n<tr>\n<td>Valk<\/td>\n<td>0,5 g<\/td>\n<td>1<\/td>\n<td>0,9 g<\/td>\n<td>2<\/td>\n<td>9 g<\/td>\n<\/tr>\n<tr>\n<td>Sool<\/td>\n<td>0 g<\/td>\n<td>&#8211;<\/td>\n<td>0 g<\/td>\n<td>&#8211;<\/td>\n<td>0 g<\/td>\n<\/tr>\n<tr>\n<td><strong>Aktiivsed toimeained<\/strong><\/td>\n<td><strong>5 g (1 portsjon)<\/strong><\/td>\n<td><strong>% SPK *<\/strong><\/td>\n<td><strong>10 g (2 portsjonit)<\/strong><\/td>\n<td><strong>% SPK *<\/strong><\/td>\n<td><strong>100 g kohta<\/strong><\/td>\n<\/tr>\n<tr>\n<td>\u00d5una Kiudained ( Apple Fiber)<\/td>\n<td>5 g<\/td>\n<td>&#8211;<\/td>\n<td>10 g<\/td>\n<td>&#8211;<\/td>\n<td>100 g<\/td>\n<\/tr>\n<\/tbody>\n<\/table>\n<p>* SPK \u2013 Soovituslik p\u00e4evane kogus<\/p>\n<p>Vaata ka meie teisi Kiudaineid <a href=\"https:\/\/fit360.ee\/en\/product-category\/product-groups\/superfoods-health-foods-en\/fiber-en\/\"><strong>SIIT<\/strong><\/a>!<\/p>\n<p>Soovid kaupa osta suuremas koguses? Vaata antud toodet ka meie HULGI poest\u00a0<a href=\"https:\/\/toidulisandidhulgi.ee\/product\/chokeberry-fiber-kiudaine-vegan-200g\/\"><strong>SIIT<\/strong><\/a>!<\/p>\n","protected":false},"excerpt":{"rendered":"<h2><strong>Aroonia kiudaine<\/strong>:<\/h2>\n<p><strong>OstroVit Aroonia kiudained VEGE on hea valik, kui:<\/strong><\/p>\n<ul>\n<li>Soovid rikastada oma dieeti v\u00e4ga omastatavate taimsete kiududega<\/li>\n<li>maadelda peristaltiliste liikumish\u00e4iretega<\/li>\n<li>Soovid kaalu alandada<\/li>\n<li>Soovid kolesteroolitaset alandada<\/li>\n<li>Soovite v\u00e4hendada oma veresuhkru taset<\/li>\n<li>soovite organismist toksiine v\u00e4ljutada<\/li>\n<\/ul>\n","protected":false},"featured_media":84456,"comment_status":"closed","ping_status":"closed","template":"","meta":[],"product_brand":[],"product_cat":[2351,1329,1454,1201],"product_tag":[3607,3605,1924],"giftcard-category":[],"class_list":{"0":"post-59954","1":"product","2":"type-product","3":"status-publish","4":"has-post-thumbnail","6":"product_cat-fiber-en","7":"product_cat-ostrovit-en","8":"product_cat-superfoods-health-foods-en","9":"product_cat-1201","10":"product_tag-aroonia-kiudained-en","11":"product_tag-chokeberry-fiber-en","12":"product_tag-ostrovit-en","13":"pa_toidulisand-branddd-ostrovit","14":"pa_tootegruppp-kiudained-en","15":"pa_tootegruppp-supertoit-tervisetoit-en","16":"pa_tootegruppp-vegan-en","18":"first","19":"instock","20":"sale","21":"taxable","22":"shipping-taxable","23":"purchasable","24":"product-type-simple"},"yoast_head":"<!-- This site is optimized with the Yoast SEO plugin v27.3 - https:\/\/yoast.com\/product\/yoast-seo-wordpress\/ -->\n<title>Aroonia Kiudaine (vegan) (200g) - Kiire Tarne - Fit360<\/title>\n<meta name=\"description\" content=\"Chokeberry Fiber VEGE on looduslikult k\u00f5rge omastatavusega taimsete kiudainete allikas.\u00a030 portsjonit purgis - parima hinnaga. Kiire tarne\" \/>\n<meta name=\"robots\" content=\"index, follow, max-snippet:-1, max-image-preview:large, max-video-preview:-1\" \/>\n<link rel=\"canonical\" href=\"https:\/\/fit360.ee\/en\/pood\/product-groups\/superfoods-health-foods-en\/fiber-en\/aroonia-kiudaine-vegan-200g\/\" \/>\n<meta property=\"og:locale\" content=\"en_US\" \/>\n<meta property=\"og:type\" content=\"article\" \/>\n<meta property=\"og:title\" content=\"Aroonia Kiudaine (vegan) (200g) - Kiire Tarne - Fit360\" \/>\n<meta property=\"og:description\" content=\"Chokeberry Fiber VEGE on looduslikult k\u00f5rge omastatavusega taimsete kiudainete allikas.\u00a030 portsjonit purgis - parima hinnaga. Kiire tarne\" \/>\n<meta property=\"og:url\" content=\"https:\/\/fit360.ee\/en\/pood\/product-groups\/superfoods-health-foods-en\/fiber-en\/aroonia-kiudaine-vegan-200g\/\" \/>\n<meta property=\"og:site_name\" content=\"Fit360\" \/>\n<meta property=\"article:modified_time\" content=\"2025-08-13T05:38:05+00:00\" \/>\n<meta property=\"og:image\" content=\"https:\/\/fit360.ee\/wp-content\/uploads\/2022\/01\/Chokeberry-Fiber-aroonia-kiudaine-fit360.ee-1.png\" \/>\n\t<meta property=\"og:image:width\" content=\"450\" \/>\n\t<meta property=\"og:image:height\" content=\"450\" \/>\n\t<meta property=\"og:image:type\" content=\"image\/png\" \/>\n<meta name=\"twitter:card\" content=\"summary_large_image\" \/>\n<meta name=\"twitter:label1\" content=\"Est. reading time\" \/>\n\t<meta name=\"twitter:data1\" content=\"2 minutes\" \/>\n<script type=\"application\/ld+json\" class=\"yoast-schema-graph\">{\"@context\":\"https:\\\/\\\/schema.org\",\"@graph\":[{\"@type\":\"WebPage\",\"@id\":\"https:\\\/\\\/fit360.ee\\\/en\\\/pood\\\/product-groups\\\/superfoods-health-foods-en\\\/fiber-en\\\/aroonia-kiudaine-vegan-200g\\\/\",\"url\":\"https:\\\/\\\/fit360.ee\\\/en\\\/pood\\\/product-groups\\\/superfoods-health-foods-en\\\/fiber-en\\\/aroonia-kiudaine-vegan-200g\\\/\",\"name\":\"Aroonia Kiudaine (vegan) (200g) - Kiire Tarne - Fit360\",\"isPartOf\":{\"@id\":\"https:\\\/\\\/fit360.ee\\\/en\\\/#website\"},\"primaryImageOfPage\":{\"@id\":\"https:\\\/\\\/fit360.ee\\\/en\\\/pood\\\/product-groups\\\/superfoods-health-foods-en\\\/fiber-en\\\/aroonia-kiudaine-vegan-200g\\\/#primaryimage\"},\"image\":{\"@id\":\"https:\\\/\\\/fit360.ee\\\/en\\\/pood\\\/product-groups\\\/superfoods-health-foods-en\\\/fiber-en\\\/aroonia-kiudaine-vegan-200g\\\/#primaryimage\"},\"thumbnailUrl\":\"https:\\\/\\\/fit360.ee\\\/wp-content\\\/uploads\\\/2022\\\/01\\\/Chokeberry-Fiber-aroonia-kiudaine-fit360.ee-1.png\",\"datePublished\":\"2022-01-30T11:45:20+00:00\",\"dateModified\":\"2025-08-13T05:38:05+00:00\",\"description\":\"Chokeberry Fiber VEGE on looduslikult k\u00f5rge omastatavusega taimsete kiudainete allikas.\u00a030 portsjonit purgis - parima hinnaga. Kiire tarne\",\"breadcrumb\":{\"@id\":\"https:\\\/\\\/fit360.ee\\\/en\\\/pood\\\/product-groups\\\/superfoods-health-foods-en\\\/fiber-en\\\/aroonia-kiudaine-vegan-200g\\\/#breadcrumb\"},\"inLanguage\":\"en-US\",\"potentialAction\":[{\"@type\":\"ReadAction\",\"target\":[\"https:\\\/\\\/fit360.ee\\\/en\\\/pood\\\/product-groups\\\/superfoods-health-foods-en\\\/fiber-en\\\/aroonia-kiudaine-vegan-200g\\\/\"]}]},{\"@type\":\"ImageObject\",\"inLanguage\":\"en-US\",\"@id\":\"https:\\\/\\\/fit360.ee\\\/en\\\/pood\\\/product-groups\\\/superfoods-health-foods-en\\\/fiber-en\\\/aroonia-kiudaine-vegan-200g\\\/#primaryimage\",\"url\":\"https:\\\/\\\/fit360.ee\\\/wp-content\\\/uploads\\\/2022\\\/01\\\/Chokeberry-Fiber-aroonia-kiudaine-fit360.ee-1.png\",\"contentUrl\":\"https:\\\/\\\/fit360.ee\\\/wp-content\\\/uploads\\\/2022\\\/01\\\/Chokeberry-Fiber-aroonia-kiudaine-fit360.ee-1.png\",\"width\":450,\"height\":450,\"caption\":\"Chokeberry Fiber aroonia kiudaine - fit360.ee\"},{\"@type\":\"BreadcrumbList\",\"@id\":\"https:\\\/\\\/fit360.ee\\\/en\\\/pood\\\/product-groups\\\/superfoods-health-foods-en\\\/fiber-en\\\/aroonia-kiudaine-vegan-200g\\\/#breadcrumb\",\"itemListElement\":[{\"@type\":\"ListItem\",\"position\":1,\"name\":\"Home\",\"item\":\"https:\\\/\\\/fit360.ee\\\/en\\\/\"},{\"@type\":\"ListItem\",\"position\":2,\"name\":\"Shop\",\"item\":\"https:\\\/\\\/fit360.ee\\\/en\\\/shop\\\/\"},{\"@type\":\"ListItem\",\"position\":3,\"name\":\"Aroonia Kiudaine (vegan) (200g)\"}]},{\"@type\":\"WebSite\",\"@id\":\"https:\\\/\\\/fit360.ee\\\/en\\\/#website\",\"url\":\"https:\\\/\\\/fit360.ee\\\/en\\\/\",\"name\":\"Fit360\",\"description\":\"\",\"publisher\":{\"@id\":\"https:\\\/\\\/fit360.ee\\\/en\\\/#organization\"},\"potentialAction\":[{\"@type\":\"SearchAction\",\"target\":{\"@type\":\"EntryPoint\",\"urlTemplate\":\"https:\\\/\\\/fit360.ee\\\/en\\\/?s={search_term_string}\"},\"query-input\":{\"@type\":\"PropertyValueSpecification\",\"valueRequired\":true,\"valueName\":\"search_term_string\"}}],\"inLanguage\":\"en-US\"},{\"@type\":\"Organization\",\"@id\":\"https:\\\/\\\/fit360.ee\\\/en\\\/#organization\",\"name\":\"Fit360\",\"url\":\"https:\\\/\\\/fit360.ee\\\/en\\\/\",\"logo\":{\"@type\":\"ImageObject\",\"inLanguage\":\"en-US\",\"@id\":\"https:\\\/\\\/fit360.ee\\\/en\\\/#\\\/schema\\\/logo\\\/image\\\/\",\"url\":\"https:\\\/\\\/fit360.ee\\\/wp-content\\\/uploads\\\/2017\\\/01\\\/logo-fit360.png\",\"contentUrl\":\"https:\\\/\\\/fit360.ee\\\/wp-content\\\/uploads\\\/2017\\\/01\\\/logo-fit360.png\",\"width\":180,\"height\":66,\"caption\":\"Fit360\"},\"image\":{\"@id\":\"https:\\\/\\\/fit360.ee\\\/en\\\/#\\\/schema\\\/logo\\\/image\\\/\"}}]}<\/script>\n<!-- \/ Yoast SEO plugin. -->","yoast_head_json":{"title":"Aroonia Kiudaine (vegan) (200g) - Kiire Tarne - Fit360","description":"Chokeberry Fiber VEGE on looduslikult k\u00f5rge omastatavusega taimsete kiudainete allikas.\u00a030 portsjonit purgis - parima hinnaga. Kiire tarne","robots":{"index":"index","follow":"follow","max-snippet":"max-snippet:-1","max-image-preview":"max-image-preview:large","max-video-preview":"max-video-preview:-1"},"canonical":"https:\/\/fit360.ee\/en\/pood\/product-groups\/superfoods-health-foods-en\/fiber-en\/aroonia-kiudaine-vegan-200g\/","og_locale":"en_US","og_type":"article","og_title":"Aroonia Kiudaine (vegan) (200g) - Kiire Tarne - Fit360","og_description":"Chokeberry Fiber VEGE on looduslikult k\u00f5rge omastatavusega taimsete kiudainete allikas.\u00a030 portsjonit purgis - parima hinnaga. Kiire tarne","og_url":"https:\/\/fit360.ee\/en\/pood\/product-groups\/superfoods-health-foods-en\/fiber-en\/aroonia-kiudaine-vegan-200g\/","og_site_name":"Fit360","article_modified_time":"2025-08-13T05:38:05+00:00","og_image":[{"width":450,"height":450,"url":"https:\/\/fit360.ee\/wp-content\/uploads\/2022\/01\/Chokeberry-Fiber-aroonia-kiudaine-fit360.ee-1.png","type":"image\/png"}],"twitter_card":"summary_large_image","twitter_misc":{"Est. reading time":"2 minutes"},"schema":{"@context":"https:\/\/schema.org","@graph":[{"@type":"WebPage","@id":"https:\/\/fit360.ee\/en\/pood\/product-groups\/superfoods-health-foods-en\/fiber-en\/aroonia-kiudaine-vegan-200g\/","url":"https:\/\/fit360.ee\/en\/pood\/product-groups\/superfoods-health-foods-en\/fiber-en\/aroonia-kiudaine-vegan-200g\/","name":"Aroonia Kiudaine (vegan) (200g) - Kiire Tarne - Fit360","isPartOf":{"@id":"https:\/\/fit360.ee\/en\/#website"},"primaryImageOfPage":{"@id":"https:\/\/fit360.ee\/en\/pood\/product-groups\/superfoods-health-foods-en\/fiber-en\/aroonia-kiudaine-vegan-200g\/#primaryimage"},"image":{"@id":"https:\/\/fit360.ee\/en\/pood\/product-groups\/superfoods-health-foods-en\/fiber-en\/aroonia-kiudaine-vegan-200g\/#primaryimage"},"thumbnailUrl":"https:\/\/fit360.ee\/wp-content\/uploads\/2022\/01\/Chokeberry-Fiber-aroonia-kiudaine-fit360.ee-1.png","datePublished":"2022-01-30T11:45:20+00:00","dateModified":"2025-08-13T05:38:05+00:00","description":"Chokeberry Fiber VEGE on looduslikult k\u00f5rge omastatavusega taimsete kiudainete allikas.\u00a030 portsjonit purgis - parima hinnaga. Kiire tarne","breadcrumb":{"@id":"https:\/\/fit360.ee\/en\/pood\/product-groups\/superfoods-health-foods-en\/fiber-en\/aroonia-kiudaine-vegan-200g\/#breadcrumb"},"inLanguage":"en-US","potentialAction":[{"@type":"ReadAction","target":["https:\/\/fit360.ee\/en\/pood\/product-groups\/superfoods-health-foods-en\/fiber-en\/aroonia-kiudaine-vegan-200g\/"]}]},{"@type":"ImageObject","inLanguage":"en-US","@id":"https:\/\/fit360.ee\/en\/pood\/product-groups\/superfoods-health-foods-en\/fiber-en\/aroonia-kiudaine-vegan-200g\/#primaryimage","url":"https:\/\/fit360.ee\/wp-content\/uploads\/2022\/01\/Chokeberry-Fiber-aroonia-kiudaine-fit360.ee-1.png","contentUrl":"https:\/\/fit360.ee\/wp-content\/uploads\/2022\/01\/Chokeberry-Fiber-aroonia-kiudaine-fit360.ee-1.png","width":450,"height":450,"caption":"Chokeberry Fiber aroonia kiudaine - fit360.ee"},{"@type":"BreadcrumbList","@id":"https:\/\/fit360.ee\/en\/pood\/product-groups\/superfoods-health-foods-en\/fiber-en\/aroonia-kiudaine-vegan-200g\/#breadcrumb","itemListElement":[{"@type":"ListItem","position":1,"name":"Home","item":"https:\/\/fit360.ee\/en\/"},{"@type":"ListItem","position":2,"name":"Shop","item":"https:\/\/fit360.ee\/en\/shop\/"},{"@type":"ListItem","position":3,"name":"Aroonia Kiudaine (vegan) (200g)"}]},{"@type":"WebSite","@id":"https:\/\/fit360.ee\/en\/#website","url":"https:\/\/fit360.ee\/en\/","name":"Fit360","description":"","publisher":{"@id":"https:\/\/fit360.ee\/en\/#organization"},"potentialAction":[{"@type":"SearchAction","target":{"@type":"EntryPoint","urlTemplate":"https:\/\/fit360.ee\/en\/?s={search_term_string}"},"query-input":{"@type":"PropertyValueSpecification","valueRequired":true,"valueName":"search_term_string"}}],"inLanguage":"en-US"},{"@type":"Organization","@id":"https:\/\/fit360.ee\/en\/#organization","name":"Fit360","url":"https:\/\/fit360.ee\/en\/","logo":{"@type":"ImageObject","inLanguage":"en-US","@id":"https:\/\/fit360.ee\/en\/#\/schema\/logo\/image\/","url":"https:\/\/fit360.ee\/wp-content\/uploads\/2017\/01\/logo-fit360.png","contentUrl":"https:\/\/fit360.ee\/wp-content\/uploads\/2017\/01\/logo-fit360.png","width":180,"height":66,"caption":"Fit360"},"image":{"@id":"https:\/\/fit360.ee\/en\/#\/schema\/logo\/image\/"}}]}},"_links":{"self":[{"href":"https:\/\/fit360.ee\/en\/wp-json\/wp\/v2\/product\/59954","targetHints":{"allow":["GET"]}}],"collection":[{"href":"https:\/\/fit360.ee\/en\/wp-json\/wp\/v2\/product"}],"about":[{"href":"https:\/\/fit360.ee\/en\/wp-json\/wp\/v2\/types\/product"}],"replies":[{"embeddable":true,"href":"https:\/\/fit360.ee\/en\/wp-json\/wp\/v2\/comments?post=59954"}],"wp:featuredmedia":[{"embeddable":true,"href":"https:\/\/fit360.ee\/en\/wp-json\/wp\/v2\/media\/84456"}],"wp:attachment":[{"href":"https:\/\/fit360.ee\/en\/wp-json\/wp\/v2\/media?parent=59954"}],"wp:term":[{"taxonomy":"product_brand","embeddable":true,"href":"https:\/\/fit360.ee\/en\/wp-json\/wp\/v2\/product_brand?post=59954"},{"taxonomy":"product_cat","embeddable":true,"href":"https:\/\/fit360.ee\/en\/wp-json\/wp\/v2\/product_cat?post=59954"},{"taxonomy":"product_tag","embeddable":true,"href":"https:\/\/fit360.ee\/en\/wp-json\/wp\/v2\/product_tag?post=59954"},{"taxonomy":"giftcard-category","embeddable":true,"href":"https:\/\/fit360.ee\/en\/wp-json\/wp\/v2\/giftcard-category?post=59954"}],"curies":[{"name":"wp","href":"https:\/\/api.w.org\/{rel}","templated":true}]}}