{"id":60023,"date":"2021-09-05T14:07:52","date_gmt":"2021-09-05T12:07:52","guid":{"rendered":"https:\/\/fit360.ee\/pood\/uncategorized\/gasp-vintage-sweatpants\/"},"modified":"2026-04-10T13:41:34","modified_gmt":"2026-04-10T11:41:34","slug":"gasp-vintage-sweatpants","status":"publish","type":"product","link":"https:\/\/fit360.ee\/en\/pood\/training-equipment-en\/fitness-clothing-en\/gasp-vintage-sweatpants\/","title":{"rendered":"GASP Vintage Sweatpants"},"content":{"rendered":"<p><strong>Materjal<\/strong>: 65% puuvill, 30% pol\u00fcester 5% elastaan<br \/>\n<strong>Istuvus<\/strong>: tavaline<br \/>\n<strong>Omadused<\/strong>: Elastne riba v\u00f6\u00f6kohas, n\u00f6\u00f6ride reguleerimine, t\u00f5mblukuga taskud<\/p>\n<p><a href=\"https:\/\/fit360.ee\/wp-content\/uploads\/2021\/09\/gasp-measurement-guide.jpg\"><img loading=\"lazy\" decoding=\"async\" class=\"alignnone size-full wp-image-55760\" src=\"https:\/\/fit360.ee\/wp-content\/uploads\/2021\/09\/gasp-measurement-guide.jpg\" alt=\"\" width=\"620\" height=\"620\" srcset=\"https:\/\/fit360.ee\/wp-content\/uploads\/2021\/09\/gasp-measurement-guide.jpg 620w, https:\/\/fit360.ee\/wp-content\/uploads\/2021\/09\/gasp-measurement-guide-247x247.jpg 247w, https:\/\/fit360.ee\/wp-content\/uploads\/2021\/09\/gasp-measurement-guide-100x100.jpg 100w, https:\/\/fit360.ee\/wp-content\/uploads\/2021\/09\/gasp-measurement-guide-510x510.jpg 510w, https:\/\/fit360.ee\/wp-content\/uploads\/2021\/09\/gasp-measurement-guide-340x340.jpg 340w, https:\/\/fit360.ee\/wp-content\/uploads\/2021\/09\/gasp-measurement-guide-80x80.jpg 80w\" sizes=\"auto, (max-width: 620px) 100vw, 620px\" \/><\/a><\/p>\n","protected":false},"excerpt":{"rendered":"<p>GASP-i p\u00fckste tagasiside on alati r\u00f5hutanud mugavusele. Aga m\u00f5nikord on soovitud p\u00fckse, mis ei ole v\u00e4ga lohvakad, hoiaks rohkem vormi. Siin need n\u00fc\u00fcd on: <strong>Vintage Sweatpants<\/strong> on esimene paar GASP-i p\u00fckse, millel on \u00f5hem jala s\u00e4\u00e4reosa ja elastne \u00fcmber pahkluu osa. Samuti on neil tr\u00fckitud logo s\u00e4\u00e4re k\u00fcljel ja tagak\u00fcljel.<\/p>\n","protected":false},"featured_media":55759,"comment_status":"closed","ping_status":"closed","template":"","meta":[],"product_brand":[],"product_cat":[547,538],"product_tag":[],"giftcard-category":[],"class_list":{"0":"post-60023","1":"product","2":"type-product","3":"status-publish","4":"has-post-thumbnail","6":"product_cat-fitness-clothing-en","7":"product_cat-training-equipment-en","8":"pa_suurus-l","9":"pa_suurus-m","10":"pa_suurus-s","11":"pa_suurus-xl","12":"pa_varvus-black","13":"pa_varvus-gray","14":"pa_varvus-green","16":"first","17":"outofstock","18":"sale","19":"taxable","20":"shipping-taxable","21":"purchasable","22":"product-type-variable"},"yoast_head":"<!-- This site is optimized with the Yoast SEO plugin v27.3 - https:\/\/yoast.com\/product\/yoast-seo-wordpress\/ -->\n<title>GASP Vintage Sweatpants - Fit360<\/title>\n<meta name=\"robots\" content=\"index, follow, max-snippet:-1, max-image-preview:large, max-video-preview:-1\" \/>\n<link rel=\"canonical\" href=\"https:\/\/fit360.ee\/en\/pood\/training-equipment-en\/fitness-clothing-en\/gasp-vintage-sweatpants\/\" \/>\n<meta property=\"og:locale\" content=\"en_US\" \/>\n<meta property=\"og:type\" content=\"article\" \/>\n<meta property=\"og:title\" content=\"GASP Vintage Sweatpants - Fit360\" \/>\n<meta property=\"og:description\" content=\"GASP-i p\u00fckste tagasiside on alati r\u00f5hutanud mugavusele. Aga m\u00f5nikord on soovitud p\u00fckse, mis ei ole v\u00e4ga lohvakad, hoiaks rohkem vormi. Siin need n\u00fc\u00fcd on: Vintage Sweatpants on esimene paar GASP-i p\u00fckse, millel on \u00f5hem jala s\u00e4\u00e4reosa ja elastne \u00fcmber pahkluu osa. Samuti on neil tr\u00fckitud logo s\u00e4\u00e4re k\u00fcljel ja tagak\u00fcljel.\" \/>\n<meta property=\"og:url\" content=\"https:\/\/fit360.ee\/en\/pood\/training-equipment-en\/fitness-clothing-en\/gasp-vintage-sweatpants\/\" \/>\n<meta property=\"og:site_name\" content=\"Fit360\" \/>\n<meta property=\"article:modified_time\" content=\"2026-04-10T11:41:34+00:00\" \/>\n<meta property=\"og:image\" content=\"https:\/\/fit360.ee\/wp-content\/uploads\/2021\/09\/460_eef30390cc-230793999_1-full.jpg\" \/>\n\t<meta property=\"og:image:width\" content=\"1000\" \/>\n\t<meta property=\"og:image:height\" content=\"1000\" \/>\n\t<meta property=\"og:image:type\" content=\"image\/jpeg\" \/>\n<meta name=\"twitter:card\" content=\"summary_large_image\" \/>\n<meta name=\"twitter:label1\" content=\"Est. reading time\" \/>\n\t<meta name=\"twitter:data1\" content=\"1 minute\" \/>\n<script type=\"application\/ld+json\" class=\"yoast-schema-graph\">{\"@context\":\"https:\\\/\\\/schema.org\",\"@graph\":[{\"@type\":\"WebPage\",\"@id\":\"https:\\\/\\\/fit360.ee\\\/en\\\/pood\\\/training-equipment-en\\\/fitness-clothing-en\\\/gasp-vintage-sweatpants\\\/\",\"url\":\"https:\\\/\\\/fit360.ee\\\/en\\\/pood\\\/training-equipment-en\\\/fitness-clothing-en\\\/gasp-vintage-sweatpants\\\/\",\"name\":\"GASP Vintage Sweatpants - Fit360\",\"isPartOf\":{\"@id\":\"https:\\\/\\\/fit360.ee\\\/en\\\/#website\"},\"primaryImageOfPage\":{\"@id\":\"https:\\\/\\\/fit360.ee\\\/en\\\/pood\\\/training-equipment-en\\\/fitness-clothing-en\\\/gasp-vintage-sweatpants\\\/#primaryimage\"},\"image\":{\"@id\":\"https:\\\/\\\/fit360.ee\\\/en\\\/pood\\\/training-equipment-en\\\/fitness-clothing-en\\\/gasp-vintage-sweatpants\\\/#primaryimage\"},\"thumbnailUrl\":\"https:\\\/\\\/fit360.ee\\\/wp-content\\\/uploads\\\/2021\\\/09\\\/460_eef30390cc-230793999_1-full.jpg\",\"datePublished\":\"2021-09-05T12:07:52+00:00\",\"dateModified\":\"2026-04-10T11:41:34+00:00\",\"breadcrumb\":{\"@id\":\"https:\\\/\\\/fit360.ee\\\/en\\\/pood\\\/training-equipment-en\\\/fitness-clothing-en\\\/gasp-vintage-sweatpants\\\/#breadcrumb\"},\"inLanguage\":\"en-US\",\"potentialAction\":[{\"@type\":\"ReadAction\",\"target\":[\"https:\\\/\\\/fit360.ee\\\/en\\\/pood\\\/training-equipment-en\\\/fitness-clothing-en\\\/gasp-vintage-sweatpants\\\/\"]}]},{\"@type\":\"ImageObject\",\"inLanguage\":\"en-US\",\"@id\":\"https:\\\/\\\/fit360.ee\\\/en\\\/pood\\\/training-equipment-en\\\/fitness-clothing-en\\\/gasp-vintage-sweatpants\\\/#primaryimage\",\"url\":\"https:\\\/\\\/fit360.ee\\\/wp-content\\\/uploads\\\/2021\\\/09\\\/460_eef30390cc-230793999_1-full.jpg\",\"contentUrl\":\"https:\\\/\\\/fit360.ee\\\/wp-content\\\/uploads\\\/2021\\\/09\\\/460_eef30390cc-230793999_1-full.jpg\",\"width\":1000,\"height\":1000},{\"@type\":\"BreadcrumbList\",\"@id\":\"https:\\\/\\\/fit360.ee\\\/en\\\/pood\\\/training-equipment-en\\\/fitness-clothing-en\\\/gasp-vintage-sweatpants\\\/#breadcrumb\",\"itemListElement\":[{\"@type\":\"ListItem\",\"position\":1,\"name\":\"Home\",\"item\":\"https:\\\/\\\/fit360.ee\\\/en\\\/\"},{\"@type\":\"ListItem\",\"position\":2,\"name\":\"Shop\",\"item\":\"https:\\\/\\\/fit360.ee\\\/en\\\/shop\\\/\"},{\"@type\":\"ListItem\",\"position\":3,\"name\":\"GASP Vintage Sweatpants\"}]},{\"@type\":\"WebSite\",\"@id\":\"https:\\\/\\\/fit360.ee\\\/en\\\/#website\",\"url\":\"https:\\\/\\\/fit360.ee\\\/en\\\/\",\"name\":\"Fit360\",\"description\":\"\",\"publisher\":{\"@id\":\"https:\\\/\\\/fit360.ee\\\/en\\\/#organization\"},\"potentialAction\":[{\"@type\":\"SearchAction\",\"target\":{\"@type\":\"EntryPoint\",\"urlTemplate\":\"https:\\\/\\\/fit360.ee\\\/en\\\/?s={search_term_string}\"},\"query-input\":{\"@type\":\"PropertyValueSpecification\",\"valueRequired\":true,\"valueName\":\"search_term_string\"}}],\"inLanguage\":\"en-US\"},{\"@type\":\"Organization\",\"@id\":\"https:\\\/\\\/fit360.ee\\\/en\\\/#organization\",\"name\":\"Fit360\",\"url\":\"https:\\\/\\\/fit360.ee\\\/en\\\/\",\"logo\":{\"@type\":\"ImageObject\",\"inLanguage\":\"en-US\",\"@id\":\"https:\\\/\\\/fit360.ee\\\/en\\\/#\\\/schema\\\/logo\\\/image\\\/\",\"url\":\"https:\\\/\\\/fit360.ee\\\/wp-content\\\/uploads\\\/2017\\\/01\\\/logo-fit360.png\",\"contentUrl\":\"https:\\\/\\\/fit360.ee\\\/wp-content\\\/uploads\\\/2017\\\/01\\\/logo-fit360.png\",\"width\":180,\"height\":66,\"caption\":\"Fit360\"},\"image\":{\"@id\":\"https:\\\/\\\/fit360.ee\\\/en\\\/#\\\/schema\\\/logo\\\/image\\\/\"}}]}<\/script>\n<!-- \/ Yoast SEO plugin. -->","yoast_head_json":{"title":"GASP Vintage Sweatpants - Fit360","robots":{"index":"index","follow":"follow","max-snippet":"max-snippet:-1","max-image-preview":"max-image-preview:large","max-video-preview":"max-video-preview:-1"},"canonical":"https:\/\/fit360.ee\/en\/pood\/training-equipment-en\/fitness-clothing-en\/gasp-vintage-sweatpants\/","og_locale":"en_US","og_type":"article","og_title":"GASP Vintage Sweatpants - Fit360","og_description":"GASP-i p\u00fckste tagasiside on alati r\u00f5hutanud mugavusele. Aga m\u00f5nikord on soovitud p\u00fckse, mis ei ole v\u00e4ga lohvakad, hoiaks rohkem vormi. Siin need n\u00fc\u00fcd on: Vintage Sweatpants on esimene paar GASP-i p\u00fckse, millel on \u00f5hem jala s\u00e4\u00e4reosa ja elastne \u00fcmber pahkluu osa. Samuti on neil tr\u00fckitud logo s\u00e4\u00e4re k\u00fcljel ja tagak\u00fcljel.","og_url":"https:\/\/fit360.ee\/en\/pood\/training-equipment-en\/fitness-clothing-en\/gasp-vintage-sweatpants\/","og_site_name":"Fit360","article_modified_time":"2026-04-10T11:41:34+00:00","og_image":[{"width":1000,"height":1000,"url":"https:\/\/fit360.ee\/wp-content\/uploads\/2021\/09\/460_eef30390cc-230793999_1-full.jpg","type":"image\/jpeg"}],"twitter_card":"summary_large_image","twitter_misc":{"Est. reading time":"1 minute"},"schema":{"@context":"https:\/\/schema.org","@graph":[{"@type":"WebPage","@id":"https:\/\/fit360.ee\/en\/pood\/training-equipment-en\/fitness-clothing-en\/gasp-vintage-sweatpants\/","url":"https:\/\/fit360.ee\/en\/pood\/training-equipment-en\/fitness-clothing-en\/gasp-vintage-sweatpants\/","name":"GASP Vintage Sweatpants - Fit360","isPartOf":{"@id":"https:\/\/fit360.ee\/en\/#website"},"primaryImageOfPage":{"@id":"https:\/\/fit360.ee\/en\/pood\/training-equipment-en\/fitness-clothing-en\/gasp-vintage-sweatpants\/#primaryimage"},"image":{"@id":"https:\/\/fit360.ee\/en\/pood\/training-equipment-en\/fitness-clothing-en\/gasp-vintage-sweatpants\/#primaryimage"},"thumbnailUrl":"https:\/\/fit360.ee\/wp-content\/uploads\/2021\/09\/460_eef30390cc-230793999_1-full.jpg","datePublished":"2021-09-05T12:07:52+00:00","dateModified":"2026-04-10T11:41:34+00:00","breadcrumb":{"@id":"https:\/\/fit360.ee\/en\/pood\/training-equipment-en\/fitness-clothing-en\/gasp-vintage-sweatpants\/#breadcrumb"},"inLanguage":"en-US","potentialAction":[{"@type":"ReadAction","target":["https:\/\/fit360.ee\/en\/pood\/training-equipment-en\/fitness-clothing-en\/gasp-vintage-sweatpants\/"]}]},{"@type":"ImageObject","inLanguage":"en-US","@id":"https:\/\/fit360.ee\/en\/pood\/training-equipment-en\/fitness-clothing-en\/gasp-vintage-sweatpants\/#primaryimage","url":"https:\/\/fit360.ee\/wp-content\/uploads\/2021\/09\/460_eef30390cc-230793999_1-full.jpg","contentUrl":"https:\/\/fit360.ee\/wp-content\/uploads\/2021\/09\/460_eef30390cc-230793999_1-full.jpg","width":1000,"height":1000},{"@type":"BreadcrumbList","@id":"https:\/\/fit360.ee\/en\/pood\/training-equipment-en\/fitness-clothing-en\/gasp-vintage-sweatpants\/#breadcrumb","itemListElement":[{"@type":"ListItem","position":1,"name":"Home","item":"https:\/\/fit360.ee\/en\/"},{"@type":"ListItem","position":2,"name":"Shop","item":"https:\/\/fit360.ee\/en\/shop\/"},{"@type":"ListItem","position":3,"name":"GASP Vintage Sweatpants"}]},{"@type":"WebSite","@id":"https:\/\/fit360.ee\/en\/#website","url":"https:\/\/fit360.ee\/en\/","name":"Fit360","description":"","publisher":{"@id":"https:\/\/fit360.ee\/en\/#organization"},"potentialAction":[{"@type":"SearchAction","target":{"@type":"EntryPoint","urlTemplate":"https:\/\/fit360.ee\/en\/?s={search_term_string}"},"query-input":{"@type":"PropertyValueSpecification","valueRequired":true,"valueName":"search_term_string"}}],"inLanguage":"en-US"},{"@type":"Organization","@id":"https:\/\/fit360.ee\/en\/#organization","name":"Fit360","url":"https:\/\/fit360.ee\/en\/","logo":{"@type":"ImageObject","inLanguage":"en-US","@id":"https:\/\/fit360.ee\/en\/#\/schema\/logo\/image\/","url":"https:\/\/fit360.ee\/wp-content\/uploads\/2017\/01\/logo-fit360.png","contentUrl":"https:\/\/fit360.ee\/wp-content\/uploads\/2017\/01\/logo-fit360.png","width":180,"height":66,"caption":"Fit360"},"image":{"@id":"https:\/\/fit360.ee\/en\/#\/schema\/logo\/image\/"}}]}},"_links":{"self":[{"href":"https:\/\/fit360.ee\/en\/wp-json\/wp\/v2\/product\/60023","targetHints":{"allow":["GET"]}}],"collection":[{"href":"https:\/\/fit360.ee\/en\/wp-json\/wp\/v2\/product"}],"about":[{"href":"https:\/\/fit360.ee\/en\/wp-json\/wp\/v2\/types\/product"}],"replies":[{"embeddable":true,"href":"https:\/\/fit360.ee\/en\/wp-json\/wp\/v2\/comments?post=60023"}],"wp:featuredmedia":[{"embeddable":true,"href":"https:\/\/fit360.ee\/en\/wp-json\/wp\/v2\/media\/55759"}],"wp:attachment":[{"href":"https:\/\/fit360.ee\/en\/wp-json\/wp\/v2\/media?parent=60023"}],"wp:term":[{"taxonomy":"product_brand","embeddable":true,"href":"https:\/\/fit360.ee\/en\/wp-json\/wp\/v2\/product_brand?post=60023"},{"taxonomy":"product_cat","embeddable":true,"href":"https:\/\/fit360.ee\/en\/wp-json\/wp\/v2\/product_cat?post=60023"},{"taxonomy":"product_tag","embeddable":true,"href":"https:\/\/fit360.ee\/en\/wp-json\/wp\/v2\/product_tag?post=60023"},{"taxonomy":"giftcard-category","embeddable":true,"href":"https:\/\/fit360.ee\/en\/wp-json\/wp\/v2\/giftcard-category?post=60023"}],"curies":[{"name":"wp","href":"https:\/\/api.w.org\/{rel}","templated":true}]}}