{"id":60081,"date":"2022-02-04T16:33:49","date_gmt":"2022-02-04T14:33:49","guid":{"rendered":"https:\/\/fit360.ee\/pood\/uncategorized\/whey-proteiin-100\/"},"modified":"2026-02-03T12:19:12","modified_gmt":"2026-02-03T10:19:12","slug":"whey-proteiin-100","status":"publish","type":"product","link":"https:\/\/fit360.ee\/en\/pood\/product-groups\/protein-poweders-en\/whey-protein-en\/whey-proteiin-100\/","title":{"rendered":"Whey Protein 100% (500g)"},"content":{"rendered":"<h1><strong>Whey Proteiin 100%<\/strong><\/h1>\n<p><strong>Whey Proteiin 100%<\/strong>\u00a0valgupulber on 72-76%-lise valgu (proteiini) sisaldusega joogipulber magusainega on puhas, t\u00f5eliselt hea maitsega h\u00e4stisegunev valgu (proteiini) pulber. Tegemist on kvaliteetse ning t\u00f5husa lisandiga iga aktiivse inimese toidule.<\/p>\n<ul>\n<li>Esmaklassiline toitev\u00e4\u00e4rtus: madal su\u0308sivesikute, suhkrute ning rasva sisaldus.<\/li>\n<li>Suurep\u00e4rased maitsed.<\/li>\n<li>Lahustub v\u00e4ga h\u00e4sti.<\/li>\n<li>Kotis 500 g.<\/li>\n<li>Puhas ning kvaliteetne, 72-76%-lise valgu (proteiini) sisaldusega toode.<\/li>\n<li>Sisaldab asendamatuid <a href=\"https:\/\/fit360.ee\/en\/product-category\/product-groups\/amino-acids-bcaa\/\"><strong>aminohappeid<\/strong><\/a>.<\/li>\n<li>M\u00f5istlik hind t\u00f5eliselt kvaliteetsele tootele.<\/li>\n<li>Ei sisalda magusainet aspartaami.<\/li>\n<\/ul>\n<div class=\"additional-product-section__posts__post__text\">\n<p><strong>Koostisosad Salted Caramel<\/strong>: <strong>Vadaku<\/strong>valgu kontsentraat (emulgaator:\u00a0<strong>soja<\/strong>letsitiin), l\u00f5hna- ja maitseained, paksendajad (ksantaankummi, karrageen), sool, toiduv\u00e4rv (sulfiit-ammoniaagi karamell), magusaine (sukraloos), laktaasi ens\u00fc\u00fcm.<\/p>\n<\/div>\n<div class=\"additional-product-section__posts__post__text--nutrition-information\">\n<p>Toitumisalane teave (100 g):<br \/>\n\u2013 Energia 1692 kj \/ 401 kcal;<br \/>\n\u2013 Rasvad 7.8 g (millest k\u00fcllastunud rasvhapped 4.9 g);<br \/>\n\u2013 S\u00fcsivesikud 6.1 g (millest suhkrud 4.8 g);<br \/>\n\u2013 Kiudained 1 g;<br \/>\n\u2013 Valgud 76 g;<br \/>\n\u2013 Sool 1.7 g.<\/p>\n<\/div>\n<div class=\"additional-product-section__posts__post__text\">\n<p><strong>Koostisosad Maasika<\/strong>: <strong>vadakuvalgu<\/strong>\u00a0isolaat,\u00a0<strong>vadakuvalgu<\/strong>\u00a0kontsentraat (sisaldab\u00a0<strong>soja<\/strong>letsitiin), maitse- ja l\u00f5hnaained, paksendaja (naatriumkarboks\u00fcmet\u00fc\u00fcltselluloos), sidrunhape, paakumisvastased ained (kaltsiumfosfaat), sool, magusaine (sukraloos), toiduv\u00e4rv (kurkumiin, punapeet).<\/p>\n<\/div>\n<div class=\"additional-product-section__posts__post__text--nutrition-information\">\n<p>Toitumisalane teave (100 g):<br \/>\n\u2013 Energia 1708 kj \/ 404 kcal;<br \/>\n\u2013 Rasvad 6.7 g (millest k\u00fcllastunud rasvhapped 3.4 g);<br \/>\n\u2013 S\u00fcsivesikud 13 g (millest suhkrud 12 g);<br \/>\n\u2013 Kiudained 0.9 g;<br \/>\n\u2013 Valgud 72 g;<br \/>\n\u2013 Sool 0,87 g.<\/p>\n<\/div>\n<div class=\"additional-product-section__posts__post__text\">\n<p><strong>Koostisosad Cookies &amp; Cream<\/strong>: <strong>vadakuvalgu<\/strong>\u00a0isolaat,\u00a0<strong>vadakuvalgu<\/strong>\u00a0kontsentraat (sisaldab\u00a0<strong>soja<\/strong>letsitiin), gluteenivaba k\u00fcpsise puru 2.5%, maitse- ja l\u00f5hnaained, paksendaja (naatriumkarboks\u00fcmet\u00fc\u00fcltselluloos), sool, magusaine (sukraloos), toiduv\u00e4rv (sulfit-ammoniaagi karamell).<\/p>\n<\/div>\n<div class=\"additional-product-section__posts__post__text--nutrition-information\">\n<p>Toitumisalane teave (100 g):<br \/>\n\u2013 Energia 1710 kj \/ 404 kcal;<br \/>\n\u2013 Rasvad 6.5 g (millest k\u00fcllastunud rasvhapped 2.6 g);<br \/>\n\u2013 S\u00fcsivesikud 14 g (millest suhkrud 13 g);<br \/>\n\u2013 Kiudained 0.9 g;<br \/>\n\u2013 Valgud 72 g;<br \/>\n\u2013 Sool 0,69 g.<\/p>\n<p>Vaata ka meie Teisi Valgupulbreid <a href=\"https:\/\/fit360.ee\/en\/product-category\/product-groups\/protein-poweders-en\/\"><strong>SIIT<\/strong><\/a> v\u00f5i Vadakuvalgu pulbreid <a href=\"https:\/\/fit360.ee\/en\/product-category\/product-groups\/protein-poweders-en\/whey-protein-en\/\"><strong>SIIT<\/strong><\/a>!<\/p>\n<p>Soovid kaupa osta suuremas koguses? Vaata antud toodet ka meie HULGI poest\u00a0<a href=\"https:\/\/toidulisandidhulgi.ee\/product\/whey-proteiin-100\/\"><strong>SIIT<\/strong><\/a>!<\/p>\n<\/div>\n","protected":false},"excerpt":{"rendered":"<p><strong>Whey Proteiin 100%<\/strong>\u00a0valgupulber on 72-76%-lise valgu (proteiini) sisaldusega joogipulber magusainega on puhas, t\u00f5eliselt hea maitsega h\u00e4stisegunev valgu (proteiini) pulber. Tegemist on kvaliteetse ning t\u00f5husa lisandiga iga aktiivse inimese toidule.<\/p>\n<ul>\n<li>Esmaklassiline toitev\u00e4\u00e4rtus: madal su\u0308sivesikute, suhkrute ning rasva sisaldus.<\/li>\n<li>Suurep\u00e4rased maitsed.<\/li>\n<li>Lahustub v\u00e4ga h\u00e4sti.<\/li>\n<li>Kotis 500 g.<\/li>\n<li>Puhas ning kvaliteetne, 72-76%-lise valgu (proteiini) sisaldusega toode.<\/li>\n<li>Sisaldab asendamatuid aminohappeid.<\/li>\n<li>M\u00f5istlik hind t\u00f5eliselt kvaliteetsele tootele.<\/li>\n<li>Ei sisalda magusainet aspartaami.<\/li>\n<\/ul>\n","protected":false},"featured_media":60077,"comment_status":"closed","ping_status":"closed","template":"","meta":[],"product_brand":[],"product_cat":[1571,535,2420],"product_tag":[2922,3614],"giftcard-category":[],"class_list":{"0":"post-60081","1":"product","2":"type-product","3":"status-publish","4":"has-post-thumbnail","6":"product_cat-365jp-en","7":"product_cat-protein-poweders-en","8":"product_cat-whey-protein-en","9":"product_tag-365jp-en","10":"product_tag-whey-proteiin-en","11":"pa_maitse-cappuccino-en","12":"pa_maitse-chocolate","13":"pa_maitse-chocolate-coconut-en","14":"pa_maitse-cinnamon-bun-en","15":"pa_maitse-cream-cookie","16":"pa_maitse-salted-caramel-en","17":"pa_maitse-strawberry","18":"pa_maitse-vanilla-ice-cream-2-en","20":"first","21":"instock","22":"sale","23":"taxable","24":"shipping-taxable","25":"purchasable","26":"product-type-variable"},"yoast_head":"<!-- This site is optimized with the Yoast SEO plugin v27.3 - https:\/\/yoast.com\/product\/yoast-seo-wordpress\/ -->\n<title>Whey Protein 100% (500g) - Valgupulber - Kiire Tarne - Protein - Fit360<\/title>\n<meta name=\"description\" content=\"Whey Proteiin 100%\u00a0valgupulber on 72-76%-lise valgu (proteiini) sisaldusega joogipulber magusainega on puhas, t\u00f5eliselt hea maitsega h\u00e4s..\" \/>\n<meta name=\"robots\" content=\"index, follow, max-snippet:-1, max-image-preview:large, max-video-preview:-1\" \/>\n<link rel=\"canonical\" href=\"https:\/\/fit360.ee\/en\/pood\/product-groups\/protein-poweders-en\/whey-protein-en\/whey-proteiin-100\/\" \/>\n<meta property=\"og:locale\" content=\"en_US\" \/>\n<meta property=\"og:type\" content=\"article\" \/>\n<meta property=\"og:title\" content=\"Whey Protein 100% (500g) - Valgupulber - Kiire Tarne - Protein - Fit360\" \/>\n<meta property=\"og:description\" content=\"Whey Proteiin 100%\u00a0valgupulber on 72-76%-lise valgu (proteiini) sisaldusega joogipulber magusainega on puhas, t\u00f5eliselt hea maitsega h\u00e4s..\" \/>\n<meta property=\"og:url\" content=\"https:\/\/fit360.ee\/en\/pood\/product-groups\/protein-poweders-en\/whey-protein-en\/whey-proteiin-100\/\" \/>\n<meta property=\"og:site_name\" content=\"Fit360\" \/>\n<meta property=\"article:modified_time\" content=\"2026-02-03T10:19:12+00:00\" \/>\n<meta property=\"og:image\" content=\"https:\/\/fit360.ee\/wp-content\/uploads\/2022\/02\/whey-proteiin-100-fit360.ee-1.png\" \/>\n\t<meta property=\"og:image:width\" content=\"800\" \/>\n\t<meta property=\"og:image:height\" content=\"1096\" \/>\n\t<meta property=\"og:image:type\" content=\"image\/png\" \/>\n<meta name=\"twitter:card\" content=\"summary_large_image\" \/>\n<meta name=\"twitter:label1\" content=\"Est. reading time\" \/>\n\t<meta name=\"twitter:data1\" content=\"2 minutes\" \/>\n<script type=\"application\/ld+json\" class=\"yoast-schema-graph\">{\"@context\":\"https:\\\/\\\/schema.org\",\"@graph\":[{\"@type\":\"WebPage\",\"@id\":\"https:\\\/\\\/fit360.ee\\\/en\\\/pood\\\/product-groups\\\/protein-poweders-en\\\/whey-protein-en\\\/whey-proteiin-100\\\/\",\"url\":\"https:\\\/\\\/fit360.ee\\\/en\\\/pood\\\/product-groups\\\/protein-poweders-en\\\/whey-protein-en\\\/whey-proteiin-100\\\/\",\"name\":\"Whey Protein 100% (500g) - Valgupulber - Kiire Tarne - Protein - Fit360\",\"isPartOf\":{\"@id\":\"https:\\\/\\\/fit360.ee\\\/en\\\/#website\"},\"primaryImageOfPage\":{\"@id\":\"https:\\\/\\\/fit360.ee\\\/en\\\/pood\\\/product-groups\\\/protein-poweders-en\\\/whey-protein-en\\\/whey-proteiin-100\\\/#primaryimage\"},\"image\":{\"@id\":\"https:\\\/\\\/fit360.ee\\\/en\\\/pood\\\/product-groups\\\/protein-poweders-en\\\/whey-protein-en\\\/whey-proteiin-100\\\/#primaryimage\"},\"thumbnailUrl\":\"https:\\\/\\\/fit360.ee\\\/wp-content\\\/uploads\\\/2022\\\/02\\\/whey-proteiin-100-fit360.ee-1.png\",\"datePublished\":\"2022-02-04T14:33:49+00:00\",\"dateModified\":\"2026-02-03T10:19:12+00:00\",\"description\":\"Whey Proteiin 100%\u00a0valgupulber on 72-76%-lise valgu (proteiini) sisaldusega joogipulber magusainega on puhas, t\u00f5eliselt hea maitsega h\u00e4s..\",\"breadcrumb\":{\"@id\":\"https:\\\/\\\/fit360.ee\\\/en\\\/pood\\\/product-groups\\\/protein-poweders-en\\\/whey-protein-en\\\/whey-proteiin-100\\\/#breadcrumb\"},\"inLanguage\":\"en-US\",\"potentialAction\":[{\"@type\":\"ReadAction\",\"target\":[\"https:\\\/\\\/fit360.ee\\\/en\\\/pood\\\/product-groups\\\/protein-poweders-en\\\/whey-protein-en\\\/whey-proteiin-100\\\/\"]}]},{\"@type\":\"ImageObject\",\"inLanguage\":\"en-US\",\"@id\":\"https:\\\/\\\/fit360.ee\\\/en\\\/pood\\\/product-groups\\\/protein-poweders-en\\\/whey-protein-en\\\/whey-proteiin-100\\\/#primaryimage\",\"url\":\"https:\\\/\\\/fit360.ee\\\/wp-content\\\/uploads\\\/2022\\\/02\\\/whey-proteiin-100-fit360.ee-1.png\",\"contentUrl\":\"https:\\\/\\\/fit360.ee\\\/wp-content\\\/uploads\\\/2022\\\/02\\\/whey-proteiin-100-fit360.ee-1.png\",\"width\":800,\"height\":1096,\"caption\":\"whey proteiin 100% - fit360.ee\"},{\"@type\":\"BreadcrumbList\",\"@id\":\"https:\\\/\\\/fit360.ee\\\/en\\\/pood\\\/product-groups\\\/protein-poweders-en\\\/whey-protein-en\\\/whey-proteiin-100\\\/#breadcrumb\",\"itemListElement\":[{\"@type\":\"ListItem\",\"position\":1,\"name\":\"Home\",\"item\":\"https:\\\/\\\/fit360.ee\\\/en\\\/\"},{\"@type\":\"ListItem\",\"position\":2,\"name\":\"Shop\",\"item\":\"https:\\\/\\\/fit360.ee\\\/en\\\/shop\\\/\"},{\"@type\":\"ListItem\",\"position\":3,\"name\":\"Whey Protein 100% (500g)\"}]},{\"@type\":\"WebSite\",\"@id\":\"https:\\\/\\\/fit360.ee\\\/en\\\/#website\",\"url\":\"https:\\\/\\\/fit360.ee\\\/en\\\/\",\"name\":\"Fit360\",\"description\":\"\",\"publisher\":{\"@id\":\"https:\\\/\\\/fit360.ee\\\/en\\\/#organization\"},\"potentialAction\":[{\"@type\":\"SearchAction\",\"target\":{\"@type\":\"EntryPoint\",\"urlTemplate\":\"https:\\\/\\\/fit360.ee\\\/en\\\/?s={search_term_string}\"},\"query-input\":{\"@type\":\"PropertyValueSpecification\",\"valueRequired\":true,\"valueName\":\"search_term_string\"}}],\"inLanguage\":\"en-US\"},{\"@type\":\"Organization\",\"@id\":\"https:\\\/\\\/fit360.ee\\\/en\\\/#organization\",\"name\":\"Fit360\",\"url\":\"https:\\\/\\\/fit360.ee\\\/en\\\/\",\"logo\":{\"@type\":\"ImageObject\",\"inLanguage\":\"en-US\",\"@id\":\"https:\\\/\\\/fit360.ee\\\/en\\\/#\\\/schema\\\/logo\\\/image\\\/\",\"url\":\"https:\\\/\\\/fit360.ee\\\/wp-content\\\/uploads\\\/2017\\\/01\\\/logo-fit360.png\",\"contentUrl\":\"https:\\\/\\\/fit360.ee\\\/wp-content\\\/uploads\\\/2017\\\/01\\\/logo-fit360.png\",\"width\":180,\"height\":66,\"caption\":\"Fit360\"},\"image\":{\"@id\":\"https:\\\/\\\/fit360.ee\\\/en\\\/#\\\/schema\\\/logo\\\/image\\\/\"}}]}<\/script>\n<!-- \/ Yoast SEO plugin. -->","yoast_head_json":{"title":"Whey Protein 100% (500g) - Valgupulber - Kiire Tarne - Protein - Fit360","description":"Whey Proteiin 100%\u00a0valgupulber on 72-76%-lise valgu (proteiini) sisaldusega joogipulber magusainega on puhas, t\u00f5eliselt hea maitsega h\u00e4s..","robots":{"index":"index","follow":"follow","max-snippet":"max-snippet:-1","max-image-preview":"max-image-preview:large","max-video-preview":"max-video-preview:-1"},"canonical":"https:\/\/fit360.ee\/en\/pood\/product-groups\/protein-poweders-en\/whey-protein-en\/whey-proteiin-100\/","og_locale":"en_US","og_type":"article","og_title":"Whey Protein 100% (500g) - Valgupulber - Kiire Tarne - Protein - Fit360","og_description":"Whey Proteiin 100%\u00a0valgupulber on 72-76%-lise valgu (proteiini) sisaldusega joogipulber magusainega on puhas, t\u00f5eliselt hea maitsega h\u00e4s..","og_url":"https:\/\/fit360.ee\/en\/pood\/product-groups\/protein-poweders-en\/whey-protein-en\/whey-proteiin-100\/","og_site_name":"Fit360","article_modified_time":"2026-02-03T10:19:12+00:00","og_image":[{"width":800,"height":1096,"url":"https:\/\/fit360.ee\/wp-content\/uploads\/2022\/02\/whey-proteiin-100-fit360.ee-1.png","type":"image\/png"}],"twitter_card":"summary_large_image","twitter_misc":{"Est. reading time":"2 minutes"},"schema":{"@context":"https:\/\/schema.org","@graph":[{"@type":"WebPage","@id":"https:\/\/fit360.ee\/en\/pood\/product-groups\/protein-poweders-en\/whey-protein-en\/whey-proteiin-100\/","url":"https:\/\/fit360.ee\/en\/pood\/product-groups\/protein-poweders-en\/whey-protein-en\/whey-proteiin-100\/","name":"Whey Protein 100% (500g) - Valgupulber - Kiire Tarne - Protein - Fit360","isPartOf":{"@id":"https:\/\/fit360.ee\/en\/#website"},"primaryImageOfPage":{"@id":"https:\/\/fit360.ee\/en\/pood\/product-groups\/protein-poweders-en\/whey-protein-en\/whey-proteiin-100\/#primaryimage"},"image":{"@id":"https:\/\/fit360.ee\/en\/pood\/product-groups\/protein-poweders-en\/whey-protein-en\/whey-proteiin-100\/#primaryimage"},"thumbnailUrl":"https:\/\/fit360.ee\/wp-content\/uploads\/2022\/02\/whey-proteiin-100-fit360.ee-1.png","datePublished":"2022-02-04T14:33:49+00:00","dateModified":"2026-02-03T10:19:12+00:00","description":"Whey Proteiin 100%\u00a0valgupulber on 72-76%-lise valgu (proteiini) sisaldusega joogipulber magusainega on puhas, t\u00f5eliselt hea maitsega h\u00e4s..","breadcrumb":{"@id":"https:\/\/fit360.ee\/en\/pood\/product-groups\/protein-poweders-en\/whey-protein-en\/whey-proteiin-100\/#breadcrumb"},"inLanguage":"en-US","potentialAction":[{"@type":"ReadAction","target":["https:\/\/fit360.ee\/en\/pood\/product-groups\/protein-poweders-en\/whey-protein-en\/whey-proteiin-100\/"]}]},{"@type":"ImageObject","inLanguage":"en-US","@id":"https:\/\/fit360.ee\/en\/pood\/product-groups\/protein-poweders-en\/whey-protein-en\/whey-proteiin-100\/#primaryimage","url":"https:\/\/fit360.ee\/wp-content\/uploads\/2022\/02\/whey-proteiin-100-fit360.ee-1.png","contentUrl":"https:\/\/fit360.ee\/wp-content\/uploads\/2022\/02\/whey-proteiin-100-fit360.ee-1.png","width":800,"height":1096,"caption":"whey proteiin 100% - fit360.ee"},{"@type":"BreadcrumbList","@id":"https:\/\/fit360.ee\/en\/pood\/product-groups\/protein-poweders-en\/whey-protein-en\/whey-proteiin-100\/#breadcrumb","itemListElement":[{"@type":"ListItem","position":1,"name":"Home","item":"https:\/\/fit360.ee\/en\/"},{"@type":"ListItem","position":2,"name":"Shop","item":"https:\/\/fit360.ee\/en\/shop\/"},{"@type":"ListItem","position":3,"name":"Whey Protein 100% (500g)"}]},{"@type":"WebSite","@id":"https:\/\/fit360.ee\/en\/#website","url":"https:\/\/fit360.ee\/en\/","name":"Fit360","description":"","publisher":{"@id":"https:\/\/fit360.ee\/en\/#organization"},"potentialAction":[{"@type":"SearchAction","target":{"@type":"EntryPoint","urlTemplate":"https:\/\/fit360.ee\/en\/?s={search_term_string}"},"query-input":{"@type":"PropertyValueSpecification","valueRequired":true,"valueName":"search_term_string"}}],"inLanguage":"en-US"},{"@type":"Organization","@id":"https:\/\/fit360.ee\/en\/#organization","name":"Fit360","url":"https:\/\/fit360.ee\/en\/","logo":{"@type":"ImageObject","inLanguage":"en-US","@id":"https:\/\/fit360.ee\/en\/#\/schema\/logo\/image\/","url":"https:\/\/fit360.ee\/wp-content\/uploads\/2017\/01\/logo-fit360.png","contentUrl":"https:\/\/fit360.ee\/wp-content\/uploads\/2017\/01\/logo-fit360.png","width":180,"height":66,"caption":"Fit360"},"image":{"@id":"https:\/\/fit360.ee\/en\/#\/schema\/logo\/image\/"}}]}},"_links":{"self":[{"href":"https:\/\/fit360.ee\/en\/wp-json\/wp\/v2\/product\/60081","targetHints":{"allow":["GET"]}}],"collection":[{"href":"https:\/\/fit360.ee\/en\/wp-json\/wp\/v2\/product"}],"about":[{"href":"https:\/\/fit360.ee\/en\/wp-json\/wp\/v2\/types\/product"}],"replies":[{"embeddable":true,"href":"https:\/\/fit360.ee\/en\/wp-json\/wp\/v2\/comments?post=60081"}],"wp:featuredmedia":[{"embeddable":true,"href":"https:\/\/fit360.ee\/en\/wp-json\/wp\/v2\/media\/60077"}],"wp:attachment":[{"href":"https:\/\/fit360.ee\/en\/wp-json\/wp\/v2\/media?parent=60081"}],"wp:term":[{"taxonomy":"product_brand","embeddable":true,"href":"https:\/\/fit360.ee\/en\/wp-json\/wp\/v2\/product_brand?post=60081"},{"taxonomy":"product_cat","embeddable":true,"href":"https:\/\/fit360.ee\/en\/wp-json\/wp\/v2\/product_cat?post=60081"},{"taxonomy":"product_tag","embeddable":true,"href":"https:\/\/fit360.ee\/en\/wp-json\/wp\/v2\/product_tag?post=60081"},{"taxonomy":"giftcard-category","embeddable":true,"href":"https:\/\/fit360.ee\/en\/wp-json\/wp\/v2\/giftcard-category?post=60081"}],"curies":[{"name":"wp","href":"https:\/\/api.w.org\/{rel}","templated":true}]}}