{"id":60189,"date":"2022-02-09T18:25:46","date_gmt":"2022-02-09T16:25:46","guid":{"rendered":"https:\/\/fit360.ee\/pood\/uncategorized\/olimp-redweiler-480g\/"},"modified":"2026-04-16T14:57:34","modified_gmt":"2026-04-16T12:57:34","slug":"olimp-redweiler-480g","status":"publish","type":"product","link":"https:\/\/fit360.ee\/en\/pood\/product-groups\/creatine-en\/creatine-monohydrate-en\/olimp-redweiler-480g\/","title":{"rendered":"Olimp RedWeiler Pre-Workout (480g)"},"content":{"rendered":"<h1><strong>Redweiler<br \/>\n<\/strong><\/h1>\n<p><b>Redweiler pre-workout on m\u00f5eldud kasutamiseks enne treeningut.\u00a0<\/b><\/p>\n<ul>\n<li>Sisaldab beeta-alaniini, kreatiini ja arginiini!<\/li>\n<li>Hea maitse!<\/li>\n<li>Ergutav elamus enne treeningut!<\/li>\n<\/ul>\n<p>Unusta v\u00e4simus ning j\u00f5uetus enne treeninguid! Redweiler on Olimpi ergutav toode, mis sobib kasutamiseks enne treeningut, et saavutada treeningutel maksimum.<\/p>\n<p><strong>Kellele: <\/strong>K\u00f5ikidele edasij\u00f5udnud sportlastele, kes soovivad maksimaliseerida lihaste varustatust elut\u00e4htsate toitainete ja hapnikuga, parandada vastupidavust, suurendada lihasj\u00f5udu ja -massi. RedWeiler annab treeninguteks lisaenergiat, stimuleerib n\u00e4rvis\u00fcsteemi v\u00f5imaldades maksimaalseid pingutusi ja parandab treeningaegset keskendumist.<\/p>\n<p><strong>Koostisosad: <\/strong>beeta-alaniin, Larginiin alfaketoglutaraat, tsitruliinmalaat, kreatiinmonoh\u00fcdraat, naatriumtsitraat, sidrunhape &#8211; happesuse regulaator, kreatiinmalaat, kaltsiumfosfaat, aroomained, r\u00e4nidioksiid paakumisvastane aine, L-t\u00fcrosiin, kofeiin, \u00f5unhape &#8211; happesuse regulaator, asesulfaamkaalium(E950), suklaroos(E955) &#8211; magustajad, nikotiinamiid- niatsiin, Cayenne&#8217;i pipra ekstrakt (Capsicum anuum L.), musta pipra ekstrakt (Piper\u00a0nigrum L.) P\u00fcridoksiin vesinikkloriid &#8211; vit. B6, tiamiinh\u00fcdrokloriid &#8211; vit. B1, v\u00e4rvained: karmiin (E180)(RED PUNCH maitse), beeta-karoteen(E160b) (ORANGE JUICE maitse), riboflaviin(E101) (CITRON POWER maitse).<\/p>\n<p><strong>Kasutamine:<\/strong><\/p>\n<p><strong>1 annus p\u00e4evas &#8211; s\u00f5ltuvalt kehakaalust soovitatakse j\u00e4rgmisi annuseid:<\/strong><br \/>\nalla 75 kg &#8211; 1 annus 6g,<br \/>\n75-90kg 1 annus 12g,<br \/>\n\u00fcle 90kg &#8211; annus 18g.<br \/>\nTarbida keskmiselt 30 minutit enne\u00a0treeningut. Annuse suurust v\u00f5ib muuta vastavalt vajadusele, treeningintensiivsusele v\u00f5i toote koostisainetele.\u00a0Lisa 1 annus (6g pulbrit =10 m\u00f5\u00f5t\u00fchikut = 1\/2 m\u00f5\u00f5tlusikat = 1 triiki supilusikas) 100 ml veega 12g ja 18g\u00a0annused segada vastavalt 200 ja 300 ml veega. Tarbi kohe p\u00e4rast valmistamist. V\u00f5ib esineda kaalut\u00f5usu.<\/p>\n<p>Ei ole sobilik lastele ega noortele. \u00c4rge \u00fcletage p\u00e4evast soovitatud kogust. Toidulisandid ei tohiks asendada\u00a0mitmek\u00fclgset ja tasakaalustatud toitumist. Mitmek\u00fclgne ja tasakaalustatud toitumine on soovitatud. Hoida lastele k\u00e4ttesaamatus kohas.<\/p>\n<p><strong>Hoiatus:\u00a0<\/strong>K\u00f5rge kofeiinisisaldusega (300mg\/1 annus 18g = 95mg \/100ml). Ei soovitata rasedatele ega lastele\u00a0Toodet ei tohiks tarbida imetamise ajal ega inimesed, kellel on s\u00fcdamehaigused, h\u00fcpertoonia v\u00f5i kes on m\u00f5ne toote koosisosa suhtes \u00fclitundlikud. Tootes esineda v\u00f5iv tompumine ei muuda toote kvaliteeti.<\/p>\n<p><strong>Maitsed: <\/strong>Red punch, laimi-mindi, mustika<\/p>\n<p><strong>Suurus: <\/strong>480 g<\/p>\n<div class=\"single-product-table-area uk-margin-medium\">\n<table class=\"uk-table uk-table-hover uk-table-divider uk-table-small\" border=\"0\" width=\"468\" cellspacing=\"2\" cellpadding=\"2\">\n<tbody>\n<tr bgcolor=\"#d60000\">\n<td><strong><span style=\"color: #ffffff;\">Anal\u00fc\u00fcs:<\/span><\/strong><\/td>\n<td><strong><span style=\"color: #ffffff;\">(&lt;75kg) annus 6g<\/span><\/strong><\/td>\n<td><strong><span style=\"color: #ffffff;\">(75-90kg) annus 12 g<\/span><\/strong><\/td>\n<td><strong><span style=\"color: #ffffff;\">100 g kohta<\/span><\/strong><\/td>\n<\/tr>\n<tr>\n<td><strong>Armageddon Pump formul<\/strong><strong>a<\/strong><\/td>\n<td><strong>2351mg<\/strong><\/td>\n<td><strong>4702 mg<\/strong><\/td>\n<td><strong>39 g<\/strong><\/td>\n<\/tr>\n<tr>\n<td>L-arginiin alfeketoglutaraat<\/td>\n<td>1100 mg<\/td>\n<td>2200 mg<\/td>\n<td>18 g<\/td>\n<\/tr>\n<tr>\n<td>Tsitruliinmalaat<\/td>\n<td>750 mg<\/td>\n<td>1500 mg<\/td>\n<td>12,5 g<\/td>\n<\/tr>\n<tr>\n<td>Naatriumtsitraat<\/td>\n<td>500 mg<\/td>\n<td>1000 mg<\/td>\n<td>8,3 g<\/td>\n<\/tr>\n<tr>\n<td>Vitamiin B6<\/td>\n<td>0,93 mg (66,7%**)<\/td>\n<td>1,87 mg (133,4%**)<\/td>\n<td>15,58 mg<\/td>\n<\/tr>\n<tr>\n<td><strong>Berserker\u2019s Performance Blend<\/strong><\/td>\n<td><strong>2540 mg<\/strong><\/td>\n<td><strong>5080 mg<\/strong><\/td>\n<td><strong>42,3 g<\/strong><\/td>\n<\/tr>\n<tr>\n<td>Beeta-alaniin<\/td>\n<td>1100 mg<\/td>\n<td>2200 mg<\/td>\n<td>18 g<\/td>\n<\/tr>\n<tr>\n<td>Kreatiinmonoh\u00fcdraat<\/td>\n<td>750 mg<\/td>\n<td>1500 mg<\/td>\n<td>12,5 g<\/td>\n<\/tr>\n<tr>\n<td>Kreatiinmalaat (trikreatiinmalaat)<\/td>\n<td>350 mg<\/td>\n<td>700 mg<\/td>\n<td>5,8 g<\/td>\n<\/tr>\n<tr>\n<td>Kaltsiumfosfaat<\/td>\n<td>323 mg<\/td>\n<td>646 mg<\/td>\n<td>5,4 g<\/td>\n<\/tr>\n<tr>\n<td>Niatsiin (niatsiiniga v\u00f5rdv\u00e4\u00e4rset)<\/td>\n<td>16 mg (100%**)<\/td>\n<td>32 mg (200%**)<\/td>\n<td>266,7 mg<\/td>\n<\/tr>\n<tr>\n<td>Vitamiin B1<\/td>\n<td>0,92 mg (83,3%**)<\/td>\n<td>1,83 mg (166,7%**)<\/td>\n<td>15,25 mg<\/td>\n<\/tr>\n<tr>\n<td><strong>Red FURY Matrix<\/strong><\/td>\n<td><strong>260 mg<\/strong><\/td>\n<td><strong>520 mg<\/strong><\/td>\n<td>4,4 g<\/td>\n<\/tr>\n<tr>\n<td>L-t\u00fcrosiin<\/td>\n<td>150 mg<\/td>\n<td>300 mg<\/td>\n<td>2,5 g<\/td>\n<\/tr>\n<tr>\n<td>Kofeiin<\/td>\n<td>100 mg<\/td>\n<td>200 mg<\/td>\n<td>1,7 g<\/td>\n<\/tr>\n<tr>\n<td>Cayenne&#8217;i pipra ekstrakt (8% kapsaitsiin)<\/td>\n<td>7 mg<\/td>\n<td>14 mg<\/td>\n<td>0,1 g<\/td>\n<\/tr>\n<tr>\n<td>Musta pipra ekstrakt (95% piperiini)<\/td>\n<td>3 mg<\/td>\n<td>6 mg<\/td>\n<td>50 mg<\/td>\n<\/tr>\n<\/tbody>\n<\/table>\n<\/div>\n<div><\/div>\n<div>Vaata ka meie teisi Pre-Workoute <a href=\"https:\/\/fit360.ee\/en\/product-category\/product-groups\/pre-workout-en\/\"><strong>SIIT<\/strong><\/a>!<\/div>\n<div><\/div>\n<div>Soovid kaupa osta suuremas koguses? Vaata antud toodet ka meie HULGI poest\u00a0<a href=\"https:\/\/toidulisandidhulgi.ee\/product\/olimp-redweiler-480g\/\"><strong>SIIT<\/strong><\/a>!<\/div>\n","protected":false},"excerpt":{"rendered":"<p><b>Redweiler pre-workout on m\u00f5eldud kasutamiseks enne treeningut.\u00a0<\/b><\/p>\n<ul>\n<li>Sisaldab beeta-alaniini, kreatiini ja arginiini!<\/li>\n<li>Hea maitse!<\/li>\n<li>Ergutav elamus enne treeningut!<\/li>\n<\/ul>\n","protected":false},"featured_media":60186,"comment_status":"closed","ping_status":"closed","template":"","meta":[],"product_brand":[],"product_cat":[520,2303,2314,526,2412,2311,513,533,2327],"product_tag":[2944,3618],"giftcard-category":[],"class_list":{"0":"post-60189","1":"product","2":"type-product","3":"status-publish","4":"has-post-thumbnail","6":"product_cat-amino-acids-bcaa","7":"product_cat-beta-alanine-en","8":"product_cat-citrulline-en","9":"product_cat-creatine-en","10":"product_cat-creatine-monohydrate-en","11":"product_cat-l-arginine-en","12":"product_cat-olimp-en","13":"product_cat-pre-workout-en","14":"product_cat-tyrosine-en","15":"product_tag-olimp-en","16":"product_tag-redweiler-en","17":"pa_maitse-cola-en","18":"pa_maitse-lime-crime-mint-en","19":"pa_maitse-metsamarja-puns-en","21":"first","22":"outofstock","23":"sale","24":"taxable","25":"shipping-taxable","26":"purchasable","27":"product-type-variable"},"yoast_head":"<!-- This site is optimized with the Yoast SEO plugin v27.5 - https:\/\/yoast.com\/product\/yoast-seo-wordpress\/ -->\n<title>Olimp RedWeiler Pre-Workout (480g) - Treeningeelne - Kiire Tarne - Fit360<\/title>\n<meta name=\"description\" content=\"RedWeiler pre-workout sisaldab beeta-alaniini, kreatiini ja arginiini! Hea maitse! Ergutav elamus enne treeningut! Kiire Tarne!\" \/>\n<meta name=\"robots\" content=\"index, follow, max-snippet:-1, max-image-preview:large, max-video-preview:-1\" \/>\n<link rel=\"canonical\" href=\"https:\/\/fit360.ee\/en\/pood\/product-groups\/creatine-en\/creatine-monohydrate-en\/olimp-redweiler-480g\/\" \/>\n<meta property=\"og:locale\" content=\"en_US\" \/>\n<meta property=\"og:type\" content=\"article\" \/>\n<meta property=\"og:title\" content=\"Olimp RedWeiler Pre-Workout (480g) - Treeningeelne - Kiire Tarne - Fit360\" \/>\n<meta property=\"og:description\" content=\"RedWeiler pre-workout sisaldab beeta-alaniini, kreatiini ja arginiini! Hea maitse! Ergutav elamus enne treeningut! Kiire Tarne!\" \/>\n<meta property=\"og:url\" content=\"https:\/\/fit360.ee\/en\/pood\/product-groups\/creatine-en\/creatine-monohydrate-en\/olimp-redweiler-480g\/\" \/>\n<meta property=\"og:site_name\" content=\"Fit360\" \/>\n<meta property=\"article:modified_time\" content=\"2026-04-16T12:57:34+00:00\" \/>\n<meta property=\"og:image\" content=\"https:\/\/fit360.ee\/wp-content\/uploads\/2022\/02\/olimp-redweiler-pre-workout-fit360.ee-1.jpg\" \/>\n\t<meta property=\"og:image:width\" content=\"800\" \/>\n\t<meta property=\"og:image:height\" content=\"800\" \/>\n\t<meta property=\"og:image:type\" content=\"image\/jpeg\" \/>\n<meta name=\"twitter:card\" content=\"summary_large_image\" \/>\n<meta name=\"twitter:label1\" content=\"Est. reading time\" \/>\n\t<meta name=\"twitter:data1\" content=\"3 minutes\" \/>\n<script type=\"application\/ld+json\" class=\"yoast-schema-graph\">{\"@context\":\"https:\\\/\\\/schema.org\",\"@graph\":[{\"@type\":\"WebPage\",\"@id\":\"https:\\\/\\\/fit360.ee\\\/en\\\/pood\\\/product-groups\\\/creatine-en\\\/creatine-monohydrate-en\\\/olimp-redweiler-480g\\\/\",\"url\":\"https:\\\/\\\/fit360.ee\\\/en\\\/pood\\\/product-groups\\\/creatine-en\\\/creatine-monohydrate-en\\\/olimp-redweiler-480g\\\/\",\"name\":\"Olimp RedWeiler Pre-Workout (480g) - Treeningeelne - Kiire Tarne - Fit360\",\"isPartOf\":{\"@id\":\"https:\\\/\\\/fit360.ee\\\/en\\\/#website\"},\"primaryImageOfPage\":{\"@id\":\"https:\\\/\\\/fit360.ee\\\/en\\\/pood\\\/product-groups\\\/creatine-en\\\/creatine-monohydrate-en\\\/olimp-redweiler-480g\\\/#primaryimage\"},\"image\":{\"@id\":\"https:\\\/\\\/fit360.ee\\\/en\\\/pood\\\/product-groups\\\/creatine-en\\\/creatine-monohydrate-en\\\/olimp-redweiler-480g\\\/#primaryimage\"},\"thumbnailUrl\":\"https:\\\/\\\/fit360.ee\\\/wp-content\\\/uploads\\\/2022\\\/02\\\/olimp-redweiler-pre-workout-fit360.ee-1.jpg\",\"datePublished\":\"2022-02-09T16:25:46+00:00\",\"dateModified\":\"2026-04-16T12:57:34+00:00\",\"description\":\"RedWeiler pre-workout sisaldab beeta-alaniini, kreatiini ja arginiini! Hea maitse! Ergutav elamus enne treeningut! Kiire Tarne!\",\"breadcrumb\":{\"@id\":\"https:\\\/\\\/fit360.ee\\\/en\\\/pood\\\/product-groups\\\/creatine-en\\\/creatine-monohydrate-en\\\/olimp-redweiler-480g\\\/#breadcrumb\"},\"inLanguage\":\"en-US\",\"potentialAction\":[{\"@type\":\"ReadAction\",\"target\":[\"https:\\\/\\\/fit360.ee\\\/en\\\/pood\\\/product-groups\\\/creatine-en\\\/creatine-monohydrate-en\\\/olimp-redweiler-480g\\\/\"]}]},{\"@type\":\"ImageObject\",\"inLanguage\":\"en-US\",\"@id\":\"https:\\\/\\\/fit360.ee\\\/en\\\/pood\\\/product-groups\\\/creatine-en\\\/creatine-monohydrate-en\\\/olimp-redweiler-480g\\\/#primaryimage\",\"url\":\"https:\\\/\\\/fit360.ee\\\/wp-content\\\/uploads\\\/2022\\\/02\\\/olimp-redweiler-pre-workout-fit360.ee-1.jpg\",\"contentUrl\":\"https:\\\/\\\/fit360.ee\\\/wp-content\\\/uploads\\\/2022\\\/02\\\/olimp-redweiler-pre-workout-fit360.ee-1.jpg\",\"width\":800,\"height\":800,\"caption\":\"olimp redweiler pre-workout - fit360.ee\"},{\"@type\":\"BreadcrumbList\",\"@id\":\"https:\\\/\\\/fit360.ee\\\/en\\\/pood\\\/product-groups\\\/creatine-en\\\/creatine-monohydrate-en\\\/olimp-redweiler-480g\\\/#breadcrumb\",\"itemListElement\":[{\"@type\":\"ListItem\",\"position\":1,\"name\":\"Home\",\"item\":\"https:\\\/\\\/fit360.ee\\\/en\\\/\"},{\"@type\":\"ListItem\",\"position\":2,\"name\":\"Shop\",\"item\":\"https:\\\/\\\/fit360.ee\\\/en\\\/shop\\\/\"},{\"@type\":\"ListItem\",\"position\":3,\"name\":\"Olimp RedWeiler Pre-Workout (480g)\"}]},{\"@type\":\"WebSite\",\"@id\":\"https:\\\/\\\/fit360.ee\\\/en\\\/#website\",\"url\":\"https:\\\/\\\/fit360.ee\\\/en\\\/\",\"name\":\"Fit360\",\"description\":\"\",\"publisher\":{\"@id\":\"https:\\\/\\\/fit360.ee\\\/en\\\/#organization\"},\"potentialAction\":[{\"@type\":\"SearchAction\",\"target\":{\"@type\":\"EntryPoint\",\"urlTemplate\":\"https:\\\/\\\/fit360.ee\\\/en\\\/?s={search_term_string}\"},\"query-input\":{\"@type\":\"PropertyValueSpecification\",\"valueRequired\":true,\"valueName\":\"search_term_string\"}}],\"inLanguage\":\"en-US\"},{\"@type\":\"Organization\",\"@id\":\"https:\\\/\\\/fit360.ee\\\/en\\\/#organization\",\"name\":\"Fit360\",\"url\":\"https:\\\/\\\/fit360.ee\\\/en\\\/\",\"logo\":{\"@type\":\"ImageObject\",\"inLanguage\":\"en-US\",\"@id\":\"https:\\\/\\\/fit360.ee\\\/en\\\/#\\\/schema\\\/logo\\\/image\\\/\",\"url\":\"https:\\\/\\\/fit360.ee\\\/wp-content\\\/uploads\\\/2017\\\/01\\\/logo-fit360.png\",\"contentUrl\":\"https:\\\/\\\/fit360.ee\\\/wp-content\\\/uploads\\\/2017\\\/01\\\/logo-fit360.png\",\"width\":180,\"height\":66,\"caption\":\"Fit360\"},\"image\":{\"@id\":\"https:\\\/\\\/fit360.ee\\\/en\\\/#\\\/schema\\\/logo\\\/image\\\/\"}}]}<\/script>\n<!-- \/ Yoast SEO plugin. -->","yoast_head_json":{"title":"Olimp RedWeiler Pre-Workout (480g) - Treeningeelne - Kiire Tarne - Fit360","description":"RedWeiler pre-workout sisaldab beeta-alaniini, kreatiini ja arginiini! Hea maitse! Ergutav elamus enne treeningut! Kiire Tarne!","robots":{"index":"index","follow":"follow","max-snippet":"max-snippet:-1","max-image-preview":"max-image-preview:large","max-video-preview":"max-video-preview:-1"},"canonical":"https:\/\/fit360.ee\/en\/pood\/product-groups\/creatine-en\/creatine-monohydrate-en\/olimp-redweiler-480g\/","og_locale":"en_US","og_type":"article","og_title":"Olimp RedWeiler Pre-Workout (480g) - Treeningeelne - Kiire Tarne - Fit360","og_description":"RedWeiler pre-workout sisaldab beeta-alaniini, kreatiini ja arginiini! Hea maitse! Ergutav elamus enne treeningut! Kiire Tarne!","og_url":"https:\/\/fit360.ee\/en\/pood\/product-groups\/creatine-en\/creatine-monohydrate-en\/olimp-redweiler-480g\/","og_site_name":"Fit360","article_modified_time":"2026-04-16T12:57:34+00:00","og_image":[{"width":800,"height":800,"url":"https:\/\/fit360.ee\/wp-content\/uploads\/2022\/02\/olimp-redweiler-pre-workout-fit360.ee-1.jpg","type":"image\/jpeg"}],"twitter_card":"summary_large_image","twitter_misc":{"Est. reading time":"3 minutes"},"schema":{"@context":"https:\/\/schema.org","@graph":[{"@type":"WebPage","@id":"https:\/\/fit360.ee\/en\/pood\/product-groups\/creatine-en\/creatine-monohydrate-en\/olimp-redweiler-480g\/","url":"https:\/\/fit360.ee\/en\/pood\/product-groups\/creatine-en\/creatine-monohydrate-en\/olimp-redweiler-480g\/","name":"Olimp RedWeiler Pre-Workout (480g) - Treeningeelne - Kiire Tarne - Fit360","isPartOf":{"@id":"https:\/\/fit360.ee\/en\/#website"},"primaryImageOfPage":{"@id":"https:\/\/fit360.ee\/en\/pood\/product-groups\/creatine-en\/creatine-monohydrate-en\/olimp-redweiler-480g\/#primaryimage"},"image":{"@id":"https:\/\/fit360.ee\/en\/pood\/product-groups\/creatine-en\/creatine-monohydrate-en\/olimp-redweiler-480g\/#primaryimage"},"thumbnailUrl":"https:\/\/fit360.ee\/wp-content\/uploads\/2022\/02\/olimp-redweiler-pre-workout-fit360.ee-1.jpg","datePublished":"2022-02-09T16:25:46+00:00","dateModified":"2026-04-16T12:57:34+00:00","description":"RedWeiler pre-workout sisaldab beeta-alaniini, kreatiini ja arginiini! Hea maitse! Ergutav elamus enne treeningut! Kiire Tarne!","breadcrumb":{"@id":"https:\/\/fit360.ee\/en\/pood\/product-groups\/creatine-en\/creatine-monohydrate-en\/olimp-redweiler-480g\/#breadcrumb"},"inLanguage":"en-US","potentialAction":[{"@type":"ReadAction","target":["https:\/\/fit360.ee\/en\/pood\/product-groups\/creatine-en\/creatine-monohydrate-en\/olimp-redweiler-480g\/"]}]},{"@type":"ImageObject","inLanguage":"en-US","@id":"https:\/\/fit360.ee\/en\/pood\/product-groups\/creatine-en\/creatine-monohydrate-en\/olimp-redweiler-480g\/#primaryimage","url":"https:\/\/fit360.ee\/wp-content\/uploads\/2022\/02\/olimp-redweiler-pre-workout-fit360.ee-1.jpg","contentUrl":"https:\/\/fit360.ee\/wp-content\/uploads\/2022\/02\/olimp-redweiler-pre-workout-fit360.ee-1.jpg","width":800,"height":800,"caption":"olimp redweiler pre-workout - fit360.ee"},{"@type":"BreadcrumbList","@id":"https:\/\/fit360.ee\/en\/pood\/product-groups\/creatine-en\/creatine-monohydrate-en\/olimp-redweiler-480g\/#breadcrumb","itemListElement":[{"@type":"ListItem","position":1,"name":"Home","item":"https:\/\/fit360.ee\/en\/"},{"@type":"ListItem","position":2,"name":"Shop","item":"https:\/\/fit360.ee\/en\/shop\/"},{"@type":"ListItem","position":3,"name":"Olimp RedWeiler Pre-Workout (480g)"}]},{"@type":"WebSite","@id":"https:\/\/fit360.ee\/en\/#website","url":"https:\/\/fit360.ee\/en\/","name":"Fit360","description":"","publisher":{"@id":"https:\/\/fit360.ee\/en\/#organization"},"potentialAction":[{"@type":"SearchAction","target":{"@type":"EntryPoint","urlTemplate":"https:\/\/fit360.ee\/en\/?s={search_term_string}"},"query-input":{"@type":"PropertyValueSpecification","valueRequired":true,"valueName":"search_term_string"}}],"inLanguage":"en-US"},{"@type":"Organization","@id":"https:\/\/fit360.ee\/en\/#organization","name":"Fit360","url":"https:\/\/fit360.ee\/en\/","logo":{"@type":"ImageObject","inLanguage":"en-US","@id":"https:\/\/fit360.ee\/en\/#\/schema\/logo\/image\/","url":"https:\/\/fit360.ee\/wp-content\/uploads\/2017\/01\/logo-fit360.png","contentUrl":"https:\/\/fit360.ee\/wp-content\/uploads\/2017\/01\/logo-fit360.png","width":180,"height":66,"caption":"Fit360"},"image":{"@id":"https:\/\/fit360.ee\/en\/#\/schema\/logo\/image\/"}}]}},"_links":{"self":[{"href":"https:\/\/fit360.ee\/en\/wp-json\/wp\/v2\/product\/60189","targetHints":{"allow":["GET"]}}],"collection":[{"href":"https:\/\/fit360.ee\/en\/wp-json\/wp\/v2\/product"}],"about":[{"href":"https:\/\/fit360.ee\/en\/wp-json\/wp\/v2\/types\/product"}],"replies":[{"embeddable":true,"href":"https:\/\/fit360.ee\/en\/wp-json\/wp\/v2\/comments?post=60189"}],"wp:featuredmedia":[{"embeddable":true,"href":"https:\/\/fit360.ee\/en\/wp-json\/wp\/v2\/media\/60186"}],"wp:attachment":[{"href":"https:\/\/fit360.ee\/en\/wp-json\/wp\/v2\/media?parent=60189"}],"wp:term":[{"taxonomy":"product_brand","embeddable":true,"href":"https:\/\/fit360.ee\/en\/wp-json\/wp\/v2\/product_brand?post=60189"},{"taxonomy":"product_cat","embeddable":true,"href":"https:\/\/fit360.ee\/en\/wp-json\/wp\/v2\/product_cat?post=60189"},{"taxonomy":"product_tag","embeddable":true,"href":"https:\/\/fit360.ee\/en\/wp-json\/wp\/v2\/product_tag?post=60189"},{"taxonomy":"giftcard-category","embeddable":true,"href":"https:\/\/fit360.ee\/en\/wp-json\/wp\/v2\/giftcard-category?post=60189"}],"curies":[{"name":"wp","href":"https:\/\/api.w.org\/{rel}","templated":true}]}}