{"id":60231,"date":"2022-02-11T13:39:00","date_gmt":"2022-02-11T11:39:00","guid":{"rendered":"https:\/\/fit360.ee\/pood\/uncategorized\/paba-120vcaps\/"},"modified":"2025-08-13T07:36:33","modified_gmt":"2025-08-13T05:36:33","slug":"paba-120vcaps","status":"publish","type":"product","link":"https:\/\/fit360.ee\/en\/pood\/product-groups\/%d0%b2%d0%b5%d0%b3%d0%b0%d0%bd\/vegan-capsules-en\/paba-120vcaps\/","title":{"rendered":"PABA (120 vCaps)"},"content":{"rendered":"<h1><strong>PABA<\/strong><\/h1>\n<p>OstroVit PABA on toidulisand kapslites, millel on mitmek\u00fclgsed tervist edendavad omadused. Tootes kasutatav paraaminobensoehape, mida nimetatakse ka vitamiin B10, toetab paljude v\u00e4\u00e4rtuslike toitainete, sealhulgas <a href=\"https:\/\/fit360.ee\/en\/product-category\/product-groups\/vitamins-and-minerals-en\/folic-acid-en\/\"><strong>foolhappe<\/strong><\/a> ja teiste <a href=\"https:\/\/fit360.ee\/en\/product-category\/product-groups\/vitamins-and-minerals-en\/b-vitamin-en\/\"><strong>B-r\u00fchma vitamiinide<\/strong><\/a> tootmist ja imendumist. Kas otsite toidulisandit, mis aitaks teil kauem noorena s\u00e4ilida, kaitsta nahka kahjuliku UV-kiirguse eest ning parandada vitamiinide ja mineraalainete imendumist? OstroVit PABA kapslid on kindlasti abiks.<\/p>\n<h4><strong>Mis on OstroVit PABA ja kellele see on m\u00f5eldud?<\/strong><\/h4>\n<p>Para-aminobensoehape on v\u00e4\u00e4rtuslik toitaine, mida leidub looduslikult sellistes toodetes nagu punane liha, muna, piim, nisuidud, seened ja t\u00e4isteratooted. PABA osaleb raua s\u00fcnteesis, t\u00e4nu millele v\u00f5ib see kaitsta Teie organismi aneemia eest, samuti v\u00f5imendada B5-vitamiini toimet, aeglustades seel\u00e4bi naha vananemisprotsessi ja ennetades hallide juuste teket. PABA parandab ka n\u00e4rvis\u00fcsteemi t\u00f6\u00f6d, toimib UV-filtrina ning toetab luude ja liigeste tervist.<\/p>\n<p>B10-vitamiini puudus v\u00f5ib p\u00f5hjustada varajast halliks minekut ja juuste v\u00e4ljalangemist, samuti pidevat v\u00e4simust, energiapuudust, masendust v\u00f5i isegi depressiooni. Kiireim viis BAPA t\u00e4iendamiseks organismis on toidulisandite kasutamine. Vitamiin B10 t\u00f5husamaks toimimiseks soovitame seda v\u00f5tta koos foolhappe, teiste B-grupi vitamiinide ja <a href=\"https:\/\/fit360.ee\/en\/product-category\/product-groups\/vitamins-and-minerals-en\/c-vitamin-en\/\"><strong>C-vitamiiniga<\/strong><\/a>. Valige OstroVit PABA toidulisand, kui:<\/p>\n<ul>\n<li>Kasutate foolhapet, rauda, \u200b\u200bB-r\u00fchma vitamiine<\/li>\n<li>Soovite tugevaid juukseid<\/li>\n<li>Juuksed hakkavad liiga vara halliks muutuma<\/li>\n<li>Soovid oma nahka UV-kiirguse eest kaitsta<\/li>\n<li>Tunnete end sageli v\u00e4sinuna ja olete halvas tujus<\/li>\n<li>Soovite hoolitseda liigeste ja luude eest<\/li>\n<\/ul>\n<p>OstroVit PABA kapslites sisalduv B10-vitamiin parandab siseorganite ja s\u00fcsteemide t\u00f6\u00f6d, samuti aitab Teil saada kauni v\u00e4limuse, m\u00f5jutades juuste ja naha pigmentatsiooni. T\u00e4nu sellele, et toimeaine on vegankapslis, sobib toidulisand ka inimestele, kes liha ei s\u00f6\u00f6.<\/p>\n<h2><strong>B10 Vitamiin:<\/strong><\/h2>\n<p><strong>Parim abi Sinu organismile<\/strong> \u2013 Para-aminobensoehappe kasutamisest tulenev peamiste eeliste r\u00fchm h\u00f5lmab foolhappe, r\u00fchma B vitamiinide ja selliste mineraalide nagu raua s\u00fcnteesi paranemist.<br \/>\n<strong>Ilus v\u00e4limus<\/strong> \u2013 Kui kasutad regulaarselt OstroVit PABA toidulisandit, saad hoolitseda tugevate juuste ja s\u00e4rava naha eest. Kombineerituna vitamiiniga B5 takistab PABA vananemisprotsessi ja v\u00f5ib seet\u00f5ttu takistada halliks muutumist.<br \/>\n<strong>Parem tuju<\/strong> \u2013 halb tuju, erutuvus, energiapuudus v\u00f5i isegi depressioon v\u00f5ib olla seotud B10-vitamiini puudusega. OstroVit BAPA m\u00f5jutab n\u00e4rvis\u00fcsteemi ja parandab enesetunnet.<br \/>\n<strong>Mugav vorm<\/strong> \u2013 kapslite kujul olevat toidulisandit on lihtne kasutada ja neelamine pole keeruline. \u00dcks karp sisaldab 120 p\u00e4evaportsjonit para-aminobensoehapet.<\/p>\n<p><strong>Koostisosad<\/strong>: Para-aminobensoehape, katte koostis (t\u00e4iteaine: h\u00fcdroks\u00fcprop\u00fc\u00fclmet\u00fc\u00fcltselluloos). Toode v\u00f5ib sisaldada piima (sh laktoosi), sojaube, maap\u00e4hkleid, muid p\u00e4hkleid, seesamiseemneid, gluteeni sisaldavaid teravilju, mune, v\u00e4hilaadseid, kala.<\/p>\n<p><strong>Kasutamine<\/strong>: V\u00f5tke 1 portsjon (1 kapsel) p\u00e4evas koos toiduga.<\/p>\n<p><strong>Suurus<\/strong>: 120 <a href=\"https:\/\/fit360.ee\/en\/product-category\/product-groups\/vegan-en\/vegan-capsules-en\/\"><strong>vCaps &#8211; Vegan kapslit<\/strong><\/a><\/p>\n<section class=\"projector__description--nutritional row\" data-selector=\".--nutritional\">\n<div class=\"col-12 col-md-10 col-lg-8\">\n<div class=\"--nutrit\">\n<div class=\"nutrition_table_wrapper\">\n<div class=\"table_wrapper\">\n<table>\n<tbody>\n<tr>\n<th>Aktiivsed toimeained<\/th>\n<th>1 kapsel &#8211; 1 serveering<\/th>\n<\/tr>\n<tr>\n<td>Para-aminobensoehape<\/td>\n<td>500 mg<\/td>\n<\/tr>\n<\/tbody>\n<\/table>\n<p>Vaata ka meie teisi B-vitamiine <a href=\"https:\/\/fit360.ee\/en\/product-category\/product-groups\/vitamins-and-minerals-en\/b-vitamin-en\/\"><strong>SIIT<\/strong><\/a>!<\/p>\n<p>Soovid teha suuremat tellimust? Vaata antud toodet meie HULGI lehelt\u00a0<a href=\"https:\/\/toidulisandidhulgi.ee\/product\/paba-120vcaps\/\"><strong>SIIT<\/strong><\/a>!<\/p>\n<\/div>\n<\/div>\n<\/div>\n<\/div>\n<\/section>\n","protected":false},"excerpt":{"rendered":"<p>Valige <strong>PABA<\/strong>, kui:<\/p>\n<ul>\n<li>Kasutate foolhapet, rauda, \u200b\u200bB-r\u00fchma vitamiine<\/li>\n<li>Soovite tugevaid juukseid<\/li>\n<li>Juuksed hakkavad liiga vara halliks muutuma<\/li>\n<li>Soovid oma nahka UV-kiirguse eest kaitsta<\/li>\n<li>Tunnete end sageli v\u00e4sinuna ja olete halvas tujus<\/li>\n<li>Soovite hoolitseda liigeste ja luude eest<\/li>\n<\/ul>\n","protected":false},"featured_media":84458,"comment_status":"closed","ping_status":"closed","template":"","meta":[],"product_brand":[],"product_cat":[2251,527,1329,1454,2664,536,1201],"product_tag":[3626,1924,3627],"giftcard-category":[],"class_list":{"0":"post-60231","1":"product","2":"type-product","3":"status-publish","4":"has-post-thumbnail","6":"product_cat-b-vitamin-en","7":"product_cat-joint-support-en","8":"product_cat-ostrovit-en","9":"product_cat-superfoods-health-foods-en","10":"product_cat-vegan-capsules-en","11":"product_cat-vitamins-and-minerals-en","12":"product_cat-1201","13":"product_tag-b10-vitamiin-en","14":"product_tag-ostrovit-en","15":"product_tag-paba-en","16":"pa_kogus-120-capsules","17":"pa_toidulisand-branddd-ostrovit","18":"pa_tootegruppp-b-vitamiin-en","19":"pa_tootegruppp-for-joints","20":"pa_tootegruppp-supertoit-tervisetoit-en","21":"pa_tootegruppp-vcaps-vegan-kapslid-en","22":"pa_tootegruppp-vegan-en","23":"pa_tootegruppp-vitamins-and-minerals","25":"first","26":"instock","27":"sale","28":"taxable","29":"shipping-taxable","30":"purchasable","31":"product-type-simple"},"yoast_head":"<!-- This site is optimized with the Yoast SEO plugin v27.3 - https:\/\/yoast.com\/product\/yoast-seo-wordpress\/ -->\n<title>PABA (120 vCaps) - B10 Vitamiin - Kiire Tarne - Juuste heaolu - Fit360<\/title>\n<meta name=\"description\" content=\"Paba kasulikud omadused: parandab raua ja foolhappe s\u00fcnteesi; ilus v\u00e4limus - parandab naha ja juuste heaolu; s\u00e4ilitab head meeleolu.\" \/>\n<meta name=\"robots\" content=\"index, follow, max-snippet:-1, max-image-preview:large, max-video-preview:-1\" \/>\n<link rel=\"canonical\" href=\"https:\/\/fit360.ee\/en\/pood\/product-groups\/\u0432\u0435\u0433\u0430\u043d\/vegan-capsules-en\/paba-120vcaps\/\" \/>\n<meta property=\"og:locale\" content=\"en_US\" \/>\n<meta property=\"og:type\" content=\"article\" \/>\n<meta property=\"og:title\" content=\"PABA (120 vCaps) - B10 Vitamiin - Kiire Tarne - Juuste heaolu - Fit360\" \/>\n<meta property=\"og:description\" content=\"Paba kasulikud omadused: parandab raua ja foolhappe s\u00fcnteesi; ilus v\u00e4limus - parandab naha ja juuste heaolu; s\u00e4ilitab head meeleolu.\" \/>\n<meta property=\"og:url\" content=\"https:\/\/fit360.ee\/en\/pood\/product-groups\/\u0432\u0435\u0433\u0430\u043d\/vegan-capsules-en\/paba-120vcaps\/\" \/>\n<meta property=\"og:site_name\" content=\"Fit360\" \/>\n<meta property=\"article:modified_time\" content=\"2025-08-13T05:36:33+00:00\" \/>\n<meta property=\"og:image\" content=\"https:\/\/fit360.ee\/wp-content\/uploads\/2022\/02\/paba-fit360.ee_.png\" \/>\n\t<meta property=\"og:image:width\" content=\"450\" \/>\n\t<meta property=\"og:image:height\" content=\"450\" \/>\n\t<meta property=\"og:image:type\" content=\"image\/png\" \/>\n<meta name=\"twitter:card\" content=\"summary_large_image\" \/>\n<meta name=\"twitter:label1\" content=\"Est. reading time\" \/>\n\t<meta name=\"twitter:data1\" content=\"3 minutes\" \/>\n<script type=\"application\/ld+json\" class=\"yoast-schema-graph\">{\"@context\":\"https:\\\/\\\/schema.org\",\"@graph\":[{\"@type\":\"WebPage\",\"@id\":\"https:\\\/\\\/fit360.ee\\\/en\\\/pood\\\/product-groups\\\/%d0%b2%d0%b5%d0%b3%d0%b0%d0%bd\\\/vegan-capsules-en\\\/paba-120vcaps\\\/\",\"url\":\"https:\\\/\\\/fit360.ee\\\/en\\\/pood\\\/product-groups\\\/%d0%b2%d0%b5%d0%b3%d0%b0%d0%bd\\\/vegan-capsules-en\\\/paba-120vcaps\\\/\",\"name\":\"PABA (120 vCaps) - B10 Vitamiin - Kiire Tarne - Juuste heaolu - Fit360\",\"isPartOf\":{\"@id\":\"https:\\\/\\\/fit360.ee\\\/en\\\/#website\"},\"primaryImageOfPage\":{\"@id\":\"https:\\\/\\\/fit360.ee\\\/en\\\/pood\\\/product-groups\\\/%d0%b2%d0%b5%d0%b3%d0%b0%d0%bd\\\/vegan-capsules-en\\\/paba-120vcaps\\\/#primaryimage\"},\"image\":{\"@id\":\"https:\\\/\\\/fit360.ee\\\/en\\\/pood\\\/product-groups\\\/%d0%b2%d0%b5%d0%b3%d0%b0%d0%bd\\\/vegan-capsules-en\\\/paba-120vcaps\\\/#primaryimage\"},\"thumbnailUrl\":\"https:\\\/\\\/fit360.ee\\\/wp-content\\\/uploads\\\/2022\\\/02\\\/paba-fit360.ee_.png\",\"datePublished\":\"2022-02-11T11:39:00+00:00\",\"dateModified\":\"2025-08-13T05:36:33+00:00\",\"description\":\"Paba kasulikud omadused: parandab raua ja foolhappe s\u00fcnteesi; ilus v\u00e4limus - parandab naha ja juuste heaolu; s\u00e4ilitab head meeleolu.\",\"breadcrumb\":{\"@id\":\"https:\\\/\\\/fit360.ee\\\/en\\\/pood\\\/product-groups\\\/%d0%b2%d0%b5%d0%b3%d0%b0%d0%bd\\\/vegan-capsules-en\\\/paba-120vcaps\\\/#breadcrumb\"},\"inLanguage\":\"en-US\",\"potentialAction\":[{\"@type\":\"ReadAction\",\"target\":[\"https:\\\/\\\/fit360.ee\\\/en\\\/pood\\\/product-groups\\\/%d0%b2%d0%b5%d0%b3%d0%b0%d0%bd\\\/vegan-capsules-en\\\/paba-120vcaps\\\/\"]}]},{\"@type\":\"ImageObject\",\"inLanguage\":\"en-US\",\"@id\":\"https:\\\/\\\/fit360.ee\\\/en\\\/pood\\\/product-groups\\\/%d0%b2%d0%b5%d0%b3%d0%b0%d0%bd\\\/vegan-capsules-en\\\/paba-120vcaps\\\/#primaryimage\",\"url\":\"https:\\\/\\\/fit360.ee\\\/wp-content\\\/uploads\\\/2022\\\/02\\\/paba-fit360.ee_.png\",\"contentUrl\":\"https:\\\/\\\/fit360.ee\\\/wp-content\\\/uploads\\\/2022\\\/02\\\/paba-fit360.ee_.png\",\"width\":450,\"height\":450,\"caption\":\"paba - fit360.ee\"},{\"@type\":\"BreadcrumbList\",\"@id\":\"https:\\\/\\\/fit360.ee\\\/en\\\/pood\\\/product-groups\\\/%d0%b2%d0%b5%d0%b3%d0%b0%d0%bd\\\/vegan-capsules-en\\\/paba-120vcaps\\\/#breadcrumb\",\"itemListElement\":[{\"@type\":\"ListItem\",\"position\":1,\"name\":\"Home\",\"item\":\"https:\\\/\\\/fit360.ee\\\/en\\\/\"},{\"@type\":\"ListItem\",\"position\":2,\"name\":\"Shop\",\"item\":\"https:\\\/\\\/fit360.ee\\\/en\\\/shop\\\/\"},{\"@type\":\"ListItem\",\"position\":3,\"name\":\"PABA (120 vCaps)\"}]},{\"@type\":\"WebSite\",\"@id\":\"https:\\\/\\\/fit360.ee\\\/en\\\/#website\",\"url\":\"https:\\\/\\\/fit360.ee\\\/en\\\/\",\"name\":\"Fit360\",\"description\":\"\",\"publisher\":{\"@id\":\"https:\\\/\\\/fit360.ee\\\/en\\\/#organization\"},\"potentialAction\":[{\"@type\":\"SearchAction\",\"target\":{\"@type\":\"EntryPoint\",\"urlTemplate\":\"https:\\\/\\\/fit360.ee\\\/en\\\/?s={search_term_string}\"},\"query-input\":{\"@type\":\"PropertyValueSpecification\",\"valueRequired\":true,\"valueName\":\"search_term_string\"}}],\"inLanguage\":\"en-US\"},{\"@type\":\"Organization\",\"@id\":\"https:\\\/\\\/fit360.ee\\\/en\\\/#organization\",\"name\":\"Fit360\",\"url\":\"https:\\\/\\\/fit360.ee\\\/en\\\/\",\"logo\":{\"@type\":\"ImageObject\",\"inLanguage\":\"en-US\",\"@id\":\"https:\\\/\\\/fit360.ee\\\/en\\\/#\\\/schema\\\/logo\\\/image\\\/\",\"url\":\"https:\\\/\\\/fit360.ee\\\/wp-content\\\/uploads\\\/2017\\\/01\\\/logo-fit360.png\",\"contentUrl\":\"https:\\\/\\\/fit360.ee\\\/wp-content\\\/uploads\\\/2017\\\/01\\\/logo-fit360.png\",\"width\":180,\"height\":66,\"caption\":\"Fit360\"},\"image\":{\"@id\":\"https:\\\/\\\/fit360.ee\\\/en\\\/#\\\/schema\\\/logo\\\/image\\\/\"}}]}<\/script>\n<!-- \/ Yoast SEO plugin. -->","yoast_head_json":{"title":"PABA (120 vCaps) - B10 Vitamiin - Kiire Tarne - Juuste heaolu - Fit360","description":"Paba kasulikud omadused: parandab raua ja foolhappe s\u00fcnteesi; ilus v\u00e4limus - parandab naha ja juuste heaolu; s\u00e4ilitab head meeleolu.","robots":{"index":"index","follow":"follow","max-snippet":"max-snippet:-1","max-image-preview":"max-image-preview:large","max-video-preview":"max-video-preview:-1"},"canonical":"https:\/\/fit360.ee\/en\/pood\/product-groups\/\u0432\u0435\u0433\u0430\u043d\/vegan-capsules-en\/paba-120vcaps\/","og_locale":"en_US","og_type":"article","og_title":"PABA (120 vCaps) - B10 Vitamiin - Kiire Tarne - Juuste heaolu - Fit360","og_description":"Paba kasulikud omadused: parandab raua ja foolhappe s\u00fcnteesi; ilus v\u00e4limus - parandab naha ja juuste heaolu; s\u00e4ilitab head meeleolu.","og_url":"https:\/\/fit360.ee\/en\/pood\/product-groups\/\u0432\u0435\u0433\u0430\u043d\/vegan-capsules-en\/paba-120vcaps\/","og_site_name":"Fit360","article_modified_time":"2025-08-13T05:36:33+00:00","og_image":[{"width":450,"height":450,"url":"https:\/\/fit360.ee\/wp-content\/uploads\/2022\/02\/paba-fit360.ee_.png","type":"image\/png"}],"twitter_card":"summary_large_image","twitter_misc":{"Est. reading time":"3 minutes"},"schema":{"@context":"https:\/\/schema.org","@graph":[{"@type":"WebPage","@id":"https:\/\/fit360.ee\/en\/pood\/product-groups\/%d0%b2%d0%b5%d0%b3%d0%b0%d0%bd\/vegan-capsules-en\/paba-120vcaps\/","url":"https:\/\/fit360.ee\/en\/pood\/product-groups\/%d0%b2%d0%b5%d0%b3%d0%b0%d0%bd\/vegan-capsules-en\/paba-120vcaps\/","name":"PABA (120 vCaps) - B10 Vitamiin - Kiire Tarne - Juuste heaolu - Fit360","isPartOf":{"@id":"https:\/\/fit360.ee\/en\/#website"},"primaryImageOfPage":{"@id":"https:\/\/fit360.ee\/en\/pood\/product-groups\/%d0%b2%d0%b5%d0%b3%d0%b0%d0%bd\/vegan-capsules-en\/paba-120vcaps\/#primaryimage"},"image":{"@id":"https:\/\/fit360.ee\/en\/pood\/product-groups\/%d0%b2%d0%b5%d0%b3%d0%b0%d0%bd\/vegan-capsules-en\/paba-120vcaps\/#primaryimage"},"thumbnailUrl":"https:\/\/fit360.ee\/wp-content\/uploads\/2022\/02\/paba-fit360.ee_.png","datePublished":"2022-02-11T11:39:00+00:00","dateModified":"2025-08-13T05:36:33+00:00","description":"Paba kasulikud omadused: parandab raua ja foolhappe s\u00fcnteesi; ilus v\u00e4limus - parandab naha ja juuste heaolu; s\u00e4ilitab head meeleolu.","breadcrumb":{"@id":"https:\/\/fit360.ee\/en\/pood\/product-groups\/%d0%b2%d0%b5%d0%b3%d0%b0%d0%bd\/vegan-capsules-en\/paba-120vcaps\/#breadcrumb"},"inLanguage":"en-US","potentialAction":[{"@type":"ReadAction","target":["https:\/\/fit360.ee\/en\/pood\/product-groups\/%d0%b2%d0%b5%d0%b3%d0%b0%d0%bd\/vegan-capsules-en\/paba-120vcaps\/"]}]},{"@type":"ImageObject","inLanguage":"en-US","@id":"https:\/\/fit360.ee\/en\/pood\/product-groups\/%d0%b2%d0%b5%d0%b3%d0%b0%d0%bd\/vegan-capsules-en\/paba-120vcaps\/#primaryimage","url":"https:\/\/fit360.ee\/wp-content\/uploads\/2022\/02\/paba-fit360.ee_.png","contentUrl":"https:\/\/fit360.ee\/wp-content\/uploads\/2022\/02\/paba-fit360.ee_.png","width":450,"height":450,"caption":"paba - fit360.ee"},{"@type":"BreadcrumbList","@id":"https:\/\/fit360.ee\/en\/pood\/product-groups\/%d0%b2%d0%b5%d0%b3%d0%b0%d0%bd\/vegan-capsules-en\/paba-120vcaps\/#breadcrumb","itemListElement":[{"@type":"ListItem","position":1,"name":"Home","item":"https:\/\/fit360.ee\/en\/"},{"@type":"ListItem","position":2,"name":"Shop","item":"https:\/\/fit360.ee\/en\/shop\/"},{"@type":"ListItem","position":3,"name":"PABA (120 vCaps)"}]},{"@type":"WebSite","@id":"https:\/\/fit360.ee\/en\/#website","url":"https:\/\/fit360.ee\/en\/","name":"Fit360","description":"","publisher":{"@id":"https:\/\/fit360.ee\/en\/#organization"},"potentialAction":[{"@type":"SearchAction","target":{"@type":"EntryPoint","urlTemplate":"https:\/\/fit360.ee\/en\/?s={search_term_string}"},"query-input":{"@type":"PropertyValueSpecification","valueRequired":true,"valueName":"search_term_string"}}],"inLanguage":"en-US"},{"@type":"Organization","@id":"https:\/\/fit360.ee\/en\/#organization","name":"Fit360","url":"https:\/\/fit360.ee\/en\/","logo":{"@type":"ImageObject","inLanguage":"en-US","@id":"https:\/\/fit360.ee\/en\/#\/schema\/logo\/image\/","url":"https:\/\/fit360.ee\/wp-content\/uploads\/2017\/01\/logo-fit360.png","contentUrl":"https:\/\/fit360.ee\/wp-content\/uploads\/2017\/01\/logo-fit360.png","width":180,"height":66,"caption":"Fit360"},"image":{"@id":"https:\/\/fit360.ee\/en\/#\/schema\/logo\/image\/"}}]}},"_links":{"self":[{"href":"https:\/\/fit360.ee\/en\/wp-json\/wp\/v2\/product\/60231","targetHints":{"allow":["GET"]}}],"collection":[{"href":"https:\/\/fit360.ee\/en\/wp-json\/wp\/v2\/product"}],"about":[{"href":"https:\/\/fit360.ee\/en\/wp-json\/wp\/v2\/types\/product"}],"replies":[{"embeddable":true,"href":"https:\/\/fit360.ee\/en\/wp-json\/wp\/v2\/comments?post=60231"}],"wp:featuredmedia":[{"embeddable":true,"href":"https:\/\/fit360.ee\/en\/wp-json\/wp\/v2\/media\/84458"}],"wp:attachment":[{"href":"https:\/\/fit360.ee\/en\/wp-json\/wp\/v2\/media?parent=60231"}],"wp:term":[{"taxonomy":"product_brand","embeddable":true,"href":"https:\/\/fit360.ee\/en\/wp-json\/wp\/v2\/product_brand?post=60231"},{"taxonomy":"product_cat","embeddable":true,"href":"https:\/\/fit360.ee\/en\/wp-json\/wp\/v2\/product_cat?post=60231"},{"taxonomy":"product_tag","embeddable":true,"href":"https:\/\/fit360.ee\/en\/wp-json\/wp\/v2\/product_tag?post=60231"},{"taxonomy":"giftcard-category","embeddable":true,"href":"https:\/\/fit360.ee\/en\/wp-json\/wp\/v2\/giftcard-category?post=60231"}],"curies":[{"name":"wp","href":"https:\/\/api.w.org\/{rel}","templated":true}]}}