{"id":60556,"date":"2022-03-02T18:42:00","date_gmt":"2022-03-02T16:42:00","guid":{"rendered":"https:\/\/fit360.ee\/pood\/uncategorized\/premium-q10-90caps\/"},"modified":"2026-02-23T17:05:59","modified_gmt":"2026-02-23T15:05:59","slug":"premium-q10-90caps","status":"publish","type":"product","link":"https:\/\/fit360.ee\/en\/pood\/product-groups\/%d0%b2%d0%b5%d0%b3%d0%b0%d0%bd\/vegan-capsules-en\/premium-q10-90caps\/","title":{"rendered":"Premium Q10 (90caps)"},"content":{"rendered":"<h1><strong>Premium Q10<\/strong><\/h1>\n<p><strong>Premium Q10 Koens\u00fc\u00fcm\u00a0<\/strong>ehk ubikinoon on organismis esinev ens\u00fc\u00fcm, mida leidub igas inimorganismi rakus. Meie Premium Q10 ei ole lahjendatud ning on k\u00f5rgema kontsentratsiooniga \u2013 <strong>1 kapsel sisaldab 90mg<\/strong>\u00a0vajaliku koguse Q10. Nii ei pea Sa v\u00f5tma 2-3 madala Q10 sisaldusega kapslit , et vajalikku p\u00e4evast kogust k\u00e4tte saada.<\/p>\n<p>See on vajalik energia tootmiseks ning s\u00fcdame-veresoonkonna ja lihaste normaalseks talituseks. Aitab hoida normaalset verer\u00f5hku, suurendab f\u00fc\u00fcsilist vastupidavust, aeglustab vananemisprotsesse ning parandab keskendumis- ja anal\u00fc\u00fcsiv\u00f5imet. Aitab enneteada ka viirushaigustesse nakatumist ja aitab hoida keha tervena stressi rohketel aegadel.<\/p>\n<p>Koens\u00fc\u00fcm Q10 peamisteks \u00fclesanneteks organismis on osaleda rakkude energia tootmises, vabade radikaalide sidumises, mis aitab pidurdada vananemist ja teisi oks\u00fcdatiivseid protsesse.<\/p>\n<p><strong>Mida v\u00f5ib kaasa tuua koens\u00fc\u00fcmi defitsiit?<\/strong><\/p>\n<ul>\n<li>Energiapuudus<\/li>\n<li>J\u00f5uetus<\/li>\n<li>Vastupidavuse langus<\/li>\n<li>Immuuns\u00fcsteemi h\u00e4ired<\/li>\n<li>Suurenenud risk s\u00fcdame- ja veresoonkonna haigustele<\/li>\n<li>N\u00e4rvis\u00fcsteemi h\u00e4ired<\/li>\n<li>Kiirenenud vananemine<\/li>\n<\/ul>\n<p><strong>Kes v\u00f5iksid kindlasti tarbida koens\u00fcumi lisaks?<\/strong><\/p>\n<ul>\n<li>Peensoolehaigusi p\u00f5devad inimesed<\/li>\n<li>Inimested, kellel on k\u00f5rge kolesterool ja kes tarvitavad kolesterooli alandavaid ravimeid<\/li>\n<li>\u00dcldjuhul \u00fcle 40 aasta vanused inimesed<\/li>\n<li>Need, kes kannatavad B- grupi vitamiinide puuduse k\u00e4es<\/li>\n<li>Sportlased suurenenud kehalise koormuse korral<\/li>\n<li>S\u00fcdameprobleemidega inimesed<\/li>\n<li>Inimesed, kes soovivad suurendada organismi vastupanuv\u00f5imet haigustele<\/li>\n<li>Inimesed, kes soovivad \u00fcleval hoida oma energiavarusid<\/li>\n<\/ul>\n<p>ICONFIT kapslid ei sisalda kunstlikke lisaaineid, kemikaale, s\u00e4ilitusaineid ega v\u00e4rvaineid ning on GMO vabad.<\/p>\n<div class=\"table-2\">\n<table width=\"100%\">\n<thead>\n<tr>\n<th align=\"left\"><strong>P\u00c4EVANE ANNUS\u00a0<\/strong><\/th>\n<th align=\"left\"><span data-sheets-value=\"{&quot;1&quot;:2,&quot;2&quot;:&quot;1 kapsel \/ kapsula \/ kapsul\u0117 \/ \u043a\u0430\u043f\u0441\u0443\u043b\u0430&quot;}\" data-sheets-userformat=\"{&quot;2&quot;:14717,&quot;3&quot;:{&quot;1&quot;:0,&quot;3&quot;:1},&quot;5&quot;:{&quot;1&quot;:[{&quot;1&quot;:2,&quot;2&quot;:0,&quot;5&quot;:{&quot;1&quot;:2,&quot;2&quot;:0}},{&quot;1&quot;:0,&quot;2&quot;:0,&quot;3&quot;:3},{&quot;1&quot;:1,&quot;2&quot;:0,&quot;4&quot;:1}]},&quot;6&quot;:{&quot;1&quot;:[{&quot;1&quot;:2,&quot;2&quot;:0,&quot;5&quot;:{&quot;1&quot;:2,&quot;2&quot;:0}},{&quot;1&quot;:0,&quot;2&quot;:0,&quot;3&quot;:3},{&quot;1&quot;:1,&quot;2&quot;:0,&quot;4&quot;:1}]},&quot;7&quot;:{&quot;1&quot;:[{&quot;1&quot;:2,&quot;2&quot;:0,&quot;5&quot;:{&quot;1&quot;:2,&quot;2&quot;:0}},{&quot;1&quot;:0,&quot;2&quot;:0,&quot;3&quot;:3},{&quot;1&quot;:1,&quot;2&quot;:0,&quot;4&quot;:1}]},&quot;8&quot;:{&quot;1&quot;:[{&quot;1&quot;:2,&quot;2&quot;:0,&quot;5&quot;:{&quot;1&quot;:2,&quot;2&quot;:0}},{&quot;1&quot;:0,&quot;2&quot;:0,&quot;3&quot;:3},{&quot;1&quot;:1,&quot;2&quot;:0,&quot;4&quot;:1}]},&quot;9&quot;:1,&quot;11&quot;:4,&quot;14&quot;:{&quot;1&quot;:3,&quot;3&quot;:1},&quot;15&quot;:&quot;Arial&quot;,&quot;16&quot;:10}\">1 kapsel\u00a0<\/span><\/th>\n<th align=\"left\"><\/th>\n<\/tr>\n<\/thead>\n<tbody>\n<tr>\n<td align=\"left\">Koens\u00fc\u00fcm Q10 (ubikinoon)<\/td>\n<td align=\"left\">90 mg<\/td>\n<td align=\"left\"><\/td>\n<\/tr>\n<\/tbody>\n<\/table>\n<\/div>\n<p><strong>KOOSTISOSAD:<\/strong> riisijahu (mahuaine), koens\u00fc\u00fcm Q10 (ubikinoon), taimne pullulaan kapsel<\/p>\n<p><strong>KASUTAMINE:<\/strong>\u00a01 kapsel p\u00e4evas klaasi veega peale s\u00f6\u00f6ki. Toidulisand ei asenda tervislikku eluviisi ning mitmek\u00fclgset ja tasakaalustatud toitumist. Soovitatud annust mitte \u00fcletada. Hoida lastele k\u00e4ttesaamatus kohas.<\/p>\n<p><strong>KOGUS:<\/strong>\u00a090 kapslit<\/p>\n<p><strong>S\u00c4ILITAMINE:<\/strong>\u00a0Hoida originaalpakendis, toatemperatuuril, kaitstuna niiskuse ja otsese p\u00e4ikesevalguse eest.<\/p>\n<p>Vaata ka meie Teisi Q10 tooteid <a href=\"https:\/\/fit360.ee\/en\/product-category\/product-groups\/vitamins-and-minerals-en\/coenzyme-q10-en\/\"><strong>SIIT<\/strong><\/a>!<\/p>\n<p>Soovid teha suuremat tellimust? Vaata antud toodet meie HULGI lehelt\u00a0<a href=\"https:\/\/toidulisandidhulgi.ee\/product\/premium-q10-90caps\/\"><strong>SIIT<\/strong><\/a>!<\/p>\n","protected":false},"excerpt":{"rendered":"<p><strong>Premium Q10 Koens\u00fc\u00fcm (<\/strong><strong>90mg)<\/strong> ehk ubikinoon on vitamiinilaadne\u00a0<strong>antioks\u00fcdantse<\/strong>\u00a0toimega \u00fchend, mida s\u00fcnteesitakse maksas, kuid alates 25.-30. eluaastast hakkab s\u00fcntees v\u00e4henema. ICONFIT Premium Q10 Koens\u00fc\u00fcm on tugev antioks\u00fcdant, mis p\u00e4rsib vananemise protsesse, aitab stressiga hakkama saada ja tugevdab vastupanu haigustele. Lisaks toetab energia tootmist.\u00a0<strong>Eestis toodetud<\/strong>, kasutades vaid k\u00f5rgeima kvaliteediga taimseid kapsleid.<\/p>\n<ul class=\"fusion-checklist fusion-checklist-1\">\n<li class=\"fusion-li-item\"><i class=\"fusion-li-icon fa fa-check\"><\/i>\n<div class=\"fusion-li-item-content\">Meie <strong>Premium Q10<\/strong>\u00a0ei ole lahjendatud vaid on\u00a0<strong>k\u00f5rgema kontsentratsiooniga. Iga kapsel sisaldab 90mg<\/strong>\u00a0vajaliku koguse Q10. Nii ei pea Sa v\u00f5tma 2-3 madalama Q10 sisaldusega kapslit , et vajalikku p\u00e4evast kogust k\u00e4tte saada.<\/div>\n<\/li>\n<li class=\"fusion-li-item\">\n<div class=\"fusion-li-item-content\">Osaleb rakkude energia tootmisel, aeglustab vananemisprotsessi ning aitab vabade radikaalide sidumisel.<\/div>\n<\/li>\n<li class=\"fusion-li-item\">\n<div class=\"fusion-li-item-content\">Tugevdab vastupanu haigustele, ennetab haigestumist viirustesse ja aitab v\u00f5idelda stressiga.<\/div>\n<\/li>\n<li class=\"fusion-li-item\">\n<div class=\"fusion-li-item-content\">Normaliseerib s\u00fcdame-veresoonkonna t\u00f6\u00f6d ning on verer\u00f5hku ja veresuhkrut alandav toime.<\/div>\n<\/li>\n<li class=\"fusion-li-item\">\n<div class=\"fusion-li-item-content\">On abiks ka\u00a0keskendumis- ja anal\u00fc\u00fcsiv\u00f5ime suurendamisele.<\/div>\n<\/li>\n<li class=\"fusion-li-item\">\n<div class=\"fusion-li-item-content\"><strong>Ainult 1 kapsel (90mg) p\u00e4evas!<\/strong><\/div>\n<p>&nbsp;<\/li>\n<\/ul>\n","protected":false},"featured_media":60555,"comment_status":"closed","ping_status":"closed","template":"","meta":[],"product_brand":[],"product_cat":[5311,2279,1318,2664,536,1201],"product_tag":[1681,2158,2159,3638],"giftcard-category":[],"class_list":{"0":"post-60556","1":"product","2":"type-product","3":"status-publish","4":"has-post-thumbnail","6":"product_cat-antioxidants-en","7":"product_cat-coenzyme-q10-en","8":"product_cat-iconfit-en","9":"product_cat-vegan-capsules-en","10":"product_cat-vitamins-and-minerals-en","11":"product_cat-1201","12":"product_tag-iconfit-en","13":"product_tag-koensuum-q10-en","14":"product_tag-q10-en","15":"product_tag-ubikinool-en","16":"pa_kogus-90-capsules","17":"pa_toidulisand-branddd-iconfit","18":"pa_tootegruppp-antioksudandid-en","19":"pa_tootegruppp-koensuum-q10-en","20":"pa_tootegruppp-vcaps-vegan-kapslid-en","21":"pa_tootegruppp-vegan-en","22":"pa_tootegruppp-vitamins-and-minerals","24":"first","25":"instock","26":"sale","27":"taxable","28":"shipping-taxable","29":"purchasable","30":"product-type-simple"},"yoast_head":"<!-- This site is optimized with the Yoast SEO plugin v27.3 - https:\/\/yoast.com\/product\/yoast-seo-wordpress\/ -->\n<title>Premium Q10 (90caps) - Koens\u00fc\u00fcm - Ubikinoon - Kiire Tarne - Fit360<\/title>\n<meta name=\"description\" content=\"Premium Q10 Koens\u00fc\u00fcm\u00a0ehk ubikinoon on organismis esinev ens\u00fc\u00fcm, mida leidub igas inimorganismi rakus. 1 kapsel sisaldab 90mg ubikinooli.\" \/>\n<meta name=\"robots\" content=\"index, follow, max-snippet:-1, max-image-preview:large, max-video-preview:-1\" \/>\n<link rel=\"canonical\" href=\"https:\/\/fit360.ee\/en\/pood\/product-groups\/\u0432\u0435\u0433\u0430\u043d\/vegan-capsules-en\/premium-q10-90caps\/\" \/>\n<meta property=\"og:locale\" content=\"en_US\" \/>\n<meta property=\"og:type\" content=\"article\" \/>\n<meta property=\"og:title\" content=\"Premium Q10 (90caps) - Koens\u00fc\u00fcm - Ubikinoon - Kiire Tarne - Fit360\" \/>\n<meta property=\"og:description\" content=\"Premium Q10 Koens\u00fc\u00fcm\u00a0ehk ubikinoon on organismis esinev ens\u00fc\u00fcm, mida leidub igas inimorganismi rakus. 1 kapsel sisaldab 90mg ubikinooli.\" \/>\n<meta property=\"og:url\" content=\"https:\/\/fit360.ee\/en\/pood\/product-groups\/\u0432\u0435\u0433\u0430\u043d\/vegan-capsules-en\/premium-q10-90caps\/\" \/>\n<meta property=\"og:site_name\" content=\"Fit360\" \/>\n<meta property=\"article:modified_time\" content=\"2026-02-23T15:05:59+00:00\" \/>\n<meta property=\"og:image\" content=\"https:\/\/fit360.ee\/wp-content\/uploads\/2022\/03\/premium-q10-fit360.ee_.jpg\" \/>\n\t<meta property=\"og:image:width\" content=\"800\" \/>\n\t<meta property=\"og:image:height\" content=\"800\" \/>\n\t<meta property=\"og:image:type\" content=\"image\/jpeg\" \/>\n<meta name=\"twitter:card\" content=\"summary_large_image\" \/>\n<meta name=\"twitter:label1\" content=\"Est. reading time\" \/>\n\t<meta name=\"twitter:data1\" content=\"2 minutes\" \/>\n<script type=\"application\/ld+json\" class=\"yoast-schema-graph\">{\"@context\":\"https:\\\/\\\/schema.org\",\"@graph\":[{\"@type\":\"WebPage\",\"@id\":\"https:\\\/\\\/fit360.ee\\\/en\\\/pood\\\/product-groups\\\/%d0%b2%d0%b5%d0%b3%d0%b0%d0%bd\\\/vegan-capsules-en\\\/premium-q10-90caps\\\/\",\"url\":\"https:\\\/\\\/fit360.ee\\\/en\\\/pood\\\/product-groups\\\/%d0%b2%d0%b5%d0%b3%d0%b0%d0%bd\\\/vegan-capsules-en\\\/premium-q10-90caps\\\/\",\"name\":\"Premium Q10 (90caps) - Koens\u00fc\u00fcm - Ubikinoon - Kiire Tarne - Fit360\",\"isPartOf\":{\"@id\":\"https:\\\/\\\/fit360.ee\\\/en\\\/#website\"},\"primaryImageOfPage\":{\"@id\":\"https:\\\/\\\/fit360.ee\\\/en\\\/pood\\\/product-groups\\\/%d0%b2%d0%b5%d0%b3%d0%b0%d0%bd\\\/vegan-capsules-en\\\/premium-q10-90caps\\\/#primaryimage\"},\"image\":{\"@id\":\"https:\\\/\\\/fit360.ee\\\/en\\\/pood\\\/product-groups\\\/%d0%b2%d0%b5%d0%b3%d0%b0%d0%bd\\\/vegan-capsules-en\\\/premium-q10-90caps\\\/#primaryimage\"},\"thumbnailUrl\":\"https:\\\/\\\/fit360.ee\\\/wp-content\\\/uploads\\\/2022\\\/03\\\/premium-q10-fit360.ee_.jpg\",\"datePublished\":\"2022-03-02T16:42:00+00:00\",\"dateModified\":\"2026-02-23T15:05:59+00:00\",\"description\":\"Premium Q10 Koens\u00fc\u00fcm\u00a0ehk ubikinoon on organismis esinev ens\u00fc\u00fcm, mida leidub igas inimorganismi rakus. 1 kapsel sisaldab 90mg ubikinooli.\",\"breadcrumb\":{\"@id\":\"https:\\\/\\\/fit360.ee\\\/en\\\/pood\\\/product-groups\\\/%d0%b2%d0%b5%d0%b3%d0%b0%d0%bd\\\/vegan-capsules-en\\\/premium-q10-90caps\\\/#breadcrumb\"},\"inLanguage\":\"en-US\",\"potentialAction\":[{\"@type\":\"ReadAction\",\"target\":[\"https:\\\/\\\/fit360.ee\\\/en\\\/pood\\\/product-groups\\\/%d0%b2%d0%b5%d0%b3%d0%b0%d0%bd\\\/vegan-capsules-en\\\/premium-q10-90caps\\\/\"]}]},{\"@type\":\"ImageObject\",\"inLanguage\":\"en-US\",\"@id\":\"https:\\\/\\\/fit360.ee\\\/en\\\/pood\\\/product-groups\\\/%d0%b2%d0%b5%d0%b3%d0%b0%d0%bd\\\/vegan-capsules-en\\\/premium-q10-90caps\\\/#primaryimage\",\"url\":\"https:\\\/\\\/fit360.ee\\\/wp-content\\\/uploads\\\/2022\\\/03\\\/premium-q10-fit360.ee_.jpg\",\"contentUrl\":\"https:\\\/\\\/fit360.ee\\\/wp-content\\\/uploads\\\/2022\\\/03\\\/premium-q10-fit360.ee_.jpg\",\"width\":800,\"height\":800,\"caption\":\"premium q10 - fit360.ee\"},{\"@type\":\"BreadcrumbList\",\"@id\":\"https:\\\/\\\/fit360.ee\\\/en\\\/pood\\\/product-groups\\\/%d0%b2%d0%b5%d0%b3%d0%b0%d0%bd\\\/vegan-capsules-en\\\/premium-q10-90caps\\\/#breadcrumb\",\"itemListElement\":[{\"@type\":\"ListItem\",\"position\":1,\"name\":\"Home\",\"item\":\"https:\\\/\\\/fit360.ee\\\/en\\\/\"},{\"@type\":\"ListItem\",\"position\":2,\"name\":\"Shop\",\"item\":\"https:\\\/\\\/fit360.ee\\\/en\\\/shop\\\/\"},{\"@type\":\"ListItem\",\"position\":3,\"name\":\"Premium Q10 (90caps)\"}]},{\"@type\":\"WebSite\",\"@id\":\"https:\\\/\\\/fit360.ee\\\/en\\\/#website\",\"url\":\"https:\\\/\\\/fit360.ee\\\/en\\\/\",\"name\":\"Fit360\",\"description\":\"\",\"publisher\":{\"@id\":\"https:\\\/\\\/fit360.ee\\\/en\\\/#organization\"},\"potentialAction\":[{\"@type\":\"SearchAction\",\"target\":{\"@type\":\"EntryPoint\",\"urlTemplate\":\"https:\\\/\\\/fit360.ee\\\/en\\\/?s={search_term_string}\"},\"query-input\":{\"@type\":\"PropertyValueSpecification\",\"valueRequired\":true,\"valueName\":\"search_term_string\"}}],\"inLanguage\":\"en-US\"},{\"@type\":\"Organization\",\"@id\":\"https:\\\/\\\/fit360.ee\\\/en\\\/#organization\",\"name\":\"Fit360\",\"url\":\"https:\\\/\\\/fit360.ee\\\/en\\\/\",\"logo\":{\"@type\":\"ImageObject\",\"inLanguage\":\"en-US\",\"@id\":\"https:\\\/\\\/fit360.ee\\\/en\\\/#\\\/schema\\\/logo\\\/image\\\/\",\"url\":\"https:\\\/\\\/fit360.ee\\\/wp-content\\\/uploads\\\/2017\\\/01\\\/logo-fit360.png\",\"contentUrl\":\"https:\\\/\\\/fit360.ee\\\/wp-content\\\/uploads\\\/2017\\\/01\\\/logo-fit360.png\",\"width\":180,\"height\":66,\"caption\":\"Fit360\"},\"image\":{\"@id\":\"https:\\\/\\\/fit360.ee\\\/en\\\/#\\\/schema\\\/logo\\\/image\\\/\"}}]}<\/script>\n<!-- \/ Yoast SEO plugin. -->","yoast_head_json":{"title":"Premium Q10 (90caps) - Koens\u00fc\u00fcm - Ubikinoon - Kiire Tarne - Fit360","description":"Premium Q10 Koens\u00fc\u00fcm\u00a0ehk ubikinoon on organismis esinev ens\u00fc\u00fcm, mida leidub igas inimorganismi rakus. 1 kapsel sisaldab 90mg ubikinooli.","robots":{"index":"index","follow":"follow","max-snippet":"max-snippet:-1","max-image-preview":"max-image-preview:large","max-video-preview":"max-video-preview:-1"},"canonical":"https:\/\/fit360.ee\/en\/pood\/product-groups\/\u0432\u0435\u0433\u0430\u043d\/vegan-capsules-en\/premium-q10-90caps\/","og_locale":"en_US","og_type":"article","og_title":"Premium Q10 (90caps) - Koens\u00fc\u00fcm - Ubikinoon - Kiire Tarne - Fit360","og_description":"Premium Q10 Koens\u00fc\u00fcm\u00a0ehk ubikinoon on organismis esinev ens\u00fc\u00fcm, mida leidub igas inimorganismi rakus. 1 kapsel sisaldab 90mg ubikinooli.","og_url":"https:\/\/fit360.ee\/en\/pood\/product-groups\/\u0432\u0435\u0433\u0430\u043d\/vegan-capsules-en\/premium-q10-90caps\/","og_site_name":"Fit360","article_modified_time":"2026-02-23T15:05:59+00:00","og_image":[{"width":800,"height":800,"url":"https:\/\/fit360.ee\/wp-content\/uploads\/2022\/03\/premium-q10-fit360.ee_.jpg","type":"image\/jpeg"}],"twitter_card":"summary_large_image","twitter_misc":{"Est. reading time":"2 minutes"},"schema":{"@context":"https:\/\/schema.org","@graph":[{"@type":"WebPage","@id":"https:\/\/fit360.ee\/en\/pood\/product-groups\/%d0%b2%d0%b5%d0%b3%d0%b0%d0%bd\/vegan-capsules-en\/premium-q10-90caps\/","url":"https:\/\/fit360.ee\/en\/pood\/product-groups\/%d0%b2%d0%b5%d0%b3%d0%b0%d0%bd\/vegan-capsules-en\/premium-q10-90caps\/","name":"Premium Q10 (90caps) - Koens\u00fc\u00fcm - Ubikinoon - Kiire Tarne - Fit360","isPartOf":{"@id":"https:\/\/fit360.ee\/en\/#website"},"primaryImageOfPage":{"@id":"https:\/\/fit360.ee\/en\/pood\/product-groups\/%d0%b2%d0%b5%d0%b3%d0%b0%d0%bd\/vegan-capsules-en\/premium-q10-90caps\/#primaryimage"},"image":{"@id":"https:\/\/fit360.ee\/en\/pood\/product-groups\/%d0%b2%d0%b5%d0%b3%d0%b0%d0%bd\/vegan-capsules-en\/premium-q10-90caps\/#primaryimage"},"thumbnailUrl":"https:\/\/fit360.ee\/wp-content\/uploads\/2022\/03\/premium-q10-fit360.ee_.jpg","datePublished":"2022-03-02T16:42:00+00:00","dateModified":"2026-02-23T15:05:59+00:00","description":"Premium Q10 Koens\u00fc\u00fcm\u00a0ehk ubikinoon on organismis esinev ens\u00fc\u00fcm, mida leidub igas inimorganismi rakus. 1 kapsel sisaldab 90mg ubikinooli.","breadcrumb":{"@id":"https:\/\/fit360.ee\/en\/pood\/product-groups\/%d0%b2%d0%b5%d0%b3%d0%b0%d0%bd\/vegan-capsules-en\/premium-q10-90caps\/#breadcrumb"},"inLanguage":"en-US","potentialAction":[{"@type":"ReadAction","target":["https:\/\/fit360.ee\/en\/pood\/product-groups\/%d0%b2%d0%b5%d0%b3%d0%b0%d0%bd\/vegan-capsules-en\/premium-q10-90caps\/"]}]},{"@type":"ImageObject","inLanguage":"en-US","@id":"https:\/\/fit360.ee\/en\/pood\/product-groups\/%d0%b2%d0%b5%d0%b3%d0%b0%d0%bd\/vegan-capsules-en\/premium-q10-90caps\/#primaryimage","url":"https:\/\/fit360.ee\/wp-content\/uploads\/2022\/03\/premium-q10-fit360.ee_.jpg","contentUrl":"https:\/\/fit360.ee\/wp-content\/uploads\/2022\/03\/premium-q10-fit360.ee_.jpg","width":800,"height":800,"caption":"premium q10 - fit360.ee"},{"@type":"BreadcrumbList","@id":"https:\/\/fit360.ee\/en\/pood\/product-groups\/%d0%b2%d0%b5%d0%b3%d0%b0%d0%bd\/vegan-capsules-en\/premium-q10-90caps\/#breadcrumb","itemListElement":[{"@type":"ListItem","position":1,"name":"Home","item":"https:\/\/fit360.ee\/en\/"},{"@type":"ListItem","position":2,"name":"Shop","item":"https:\/\/fit360.ee\/en\/shop\/"},{"@type":"ListItem","position":3,"name":"Premium Q10 (90caps)"}]},{"@type":"WebSite","@id":"https:\/\/fit360.ee\/en\/#website","url":"https:\/\/fit360.ee\/en\/","name":"Fit360","description":"","publisher":{"@id":"https:\/\/fit360.ee\/en\/#organization"},"potentialAction":[{"@type":"SearchAction","target":{"@type":"EntryPoint","urlTemplate":"https:\/\/fit360.ee\/en\/?s={search_term_string}"},"query-input":{"@type":"PropertyValueSpecification","valueRequired":true,"valueName":"search_term_string"}}],"inLanguage":"en-US"},{"@type":"Organization","@id":"https:\/\/fit360.ee\/en\/#organization","name":"Fit360","url":"https:\/\/fit360.ee\/en\/","logo":{"@type":"ImageObject","inLanguage":"en-US","@id":"https:\/\/fit360.ee\/en\/#\/schema\/logo\/image\/","url":"https:\/\/fit360.ee\/wp-content\/uploads\/2017\/01\/logo-fit360.png","contentUrl":"https:\/\/fit360.ee\/wp-content\/uploads\/2017\/01\/logo-fit360.png","width":180,"height":66,"caption":"Fit360"},"image":{"@id":"https:\/\/fit360.ee\/en\/#\/schema\/logo\/image\/"}}]}},"_links":{"self":[{"href":"https:\/\/fit360.ee\/en\/wp-json\/wp\/v2\/product\/60556","targetHints":{"allow":["GET"]}}],"collection":[{"href":"https:\/\/fit360.ee\/en\/wp-json\/wp\/v2\/product"}],"about":[{"href":"https:\/\/fit360.ee\/en\/wp-json\/wp\/v2\/types\/product"}],"replies":[{"embeddable":true,"href":"https:\/\/fit360.ee\/en\/wp-json\/wp\/v2\/comments?post=60556"}],"wp:featuredmedia":[{"embeddable":true,"href":"https:\/\/fit360.ee\/en\/wp-json\/wp\/v2\/media\/60555"}],"wp:attachment":[{"href":"https:\/\/fit360.ee\/en\/wp-json\/wp\/v2\/media?parent=60556"}],"wp:term":[{"taxonomy":"product_brand","embeddable":true,"href":"https:\/\/fit360.ee\/en\/wp-json\/wp\/v2\/product_brand?post=60556"},{"taxonomy":"product_cat","embeddable":true,"href":"https:\/\/fit360.ee\/en\/wp-json\/wp\/v2\/product_cat?post=60556"},{"taxonomy":"product_tag","embeddable":true,"href":"https:\/\/fit360.ee\/en\/wp-json\/wp\/v2\/product_tag?post=60556"},{"taxonomy":"giftcard-category","embeddable":true,"href":"https:\/\/fit360.ee\/en\/wp-json\/wp\/v2\/giftcard-category?post=60556"}],"curies":[{"name":"wp","href":"https:\/\/api.w.org\/{rel}","templated":true}]}}