{"id":60561,"date":"2022-03-02T18:57:52","date_gmt":"2022-03-02T16:57:52","guid":{"rendered":"https:\/\/fit360.ee\/pood\/uncategorized\/ferrum-90caps\/"},"modified":"2026-02-27T15:16:01","modified_gmt":"2026-02-27T13:16:01","slug":"ferrum-90caps","status":"publish","type":"product","link":"https:\/\/fit360.ee\/en\/pood\/product-groups\/%d0%b2%d0%b5%d0%b3%d0%b0%d0%bd\/vegan-capsules-en\/ferrum-90caps\/","title":{"rendered":"Ferrum (90caps)"},"content":{"rendered":"<h1><strong>Ferrum<\/strong><\/h1>\n<p><b>Ferrum<\/b> ehk <strong>Raud<\/strong><b> digl\u00fctsinaat koos C-vitamiiniga <\/b>on k\u00f5rge biosaadavusega raualisand, mis ei p\u00f5hjusta seedetraktis k\u00f5huvaegusi.\u00a0ICONFIT Raud digl\u00fctsinaat\u00a0on v\u00e4ga t\u00f5husa imendumisega rauavorm, mis<strong>\u00a0imendub 2\u20134 korda paremini<\/strong>\u00a0v\u00f5rreldes raudsulfaadiga. Sobib kasutamiseks ka rasedatel ja imetavatel naistel. Vitamiin C ja raud toetavad immuuns\u00fcsteemi normaalselt efektiivset toimimist ning aitavad v\u00e4hendada v\u00e4simust ja kurnatust. Tootes sisalduv C-vitamiin on \u00f5rn maole ja aitab kaasa raua omastatavusele.<\/p>\n<p>Raua peamine \u00fclesanne on varustada organismi hapnikuga. Raud aitab kaasa vere punaliblede ja hemoglobiini moodustumisele. Raud on vajalik vastupanuv\u00f5ime suurendamiseks stressile ja haigustele ning toetab normaalset energiavahetust.<\/p>\n<p>Rauapuudus on v\u00e4ga levinud probleem, mis v\u00f5ib p\u00f5hjustada aneemiat ning olla s\u00fc\u00fcdlane suurenenud stressis ning v\u00e4simuses.\u00a0 Rauapuuduse s\u00fcmptomiteks on ka kahvatus, \u00e4rrituvus, madal verer\u00f5hk, \u00f5hupuudus ning l\u00f5hed suunurkades.<\/p>\n<p>Organismi rauasisalduse eest tuleks hoolt kanda igal eluetapil, kuid eriliselt tuleb r\u00f5hku p\u00f6\u00f6rata:<\/p>\n<ul>\n<li>rasedatel<\/li>\n<li>imetavatel emadel<\/li>\n<li>teismelistel t\u00fcdrukutel<\/li>\n<li>taimetoitlastel<\/li>\n<li>suures koguses verd kaotanud inimestel.<\/li>\n<\/ul>\n<p><strong>Mida t\u00e4hendab raud digl\u00fctsinaat?<\/strong><\/p>\n<p>Raud digl\u00fctsinaat on k\u00f5rge biosaadavusega rauavormi liik, mille uuringutes on leitud, et see imendub 2\u20134 korda paremini v\u00f5rreldes laialt kasutatud raudsulfaadi ja \u2013fumaraadiga.\u00a0Imendumata raud v\u00e4ljub organismist, kuid enne j\u00f5uab see tihti tekitada erinvaid k\u00f5huvaegusi. Seet\u00f5ttu on\u00a0<strong>ICONFIT raud digl\u00fctsinaat<\/strong>\u00a0keha seedetraktile paremini omastav kuna imendub tunduvalt t\u00f5husamalt.<\/p>\n<p>ICONFIT kapslid ei sisalda kunstlikke lisaaineid, kemikaale, s\u00e4ilitusaineid ega v\u00e4rvaineid ning on GMO vabad.<\/p>\n<div class=\"table-2\">\n<table width=\"100%\">\n<thead>\n<tr>\n<th align=\"left\"><strong>P\u00c4EVANE ANNUS\u00a0<\/strong><\/th>\n<th align=\"left\">1 kapsel<\/th>\n<th align=\"left\"><strong>%NRV* \/ % RMV*<\/strong><\/th>\n<\/tr>\n<\/thead>\n<tbody>\n<tr>\n<td align=\"left\">Raud (raud(II)digl\u00fctsinaat)<\/td>\n<td align=\"left\">20 mg<\/td>\n<td align=\"left\">143%<\/td>\n<\/tr>\n<tr>\n<td align=\"left\">C-vitamiin (L-askorbiinhape)<\/td>\n<td align=\"left\"><span data-sheets-value=\"{&quot;1&quot;:2,&quot;2&quot;:&quot;100 mg \/ \u043c\u0433&quot;}\" data-sheets-userformat=\"{&quot;2&quot;:14461,&quot;3&quot;:{&quot;1&quot;:0,&quot;3&quot;:1},&quot;5&quot;:{&quot;1&quot;:[{&quot;1&quot;:2,&quot;2&quot;:0,&quot;5&quot;:{&quot;1&quot;:2,&quot;2&quot;:0}},{&quot;1&quot;:0,&quot;2&quot;:0,&quot;3&quot;:3},{&quot;1&quot;:1,&quot;2&quot;:0,&quot;4&quot;:1}]},&quot;6&quot;:{&quot;1&quot;:[{&quot;1&quot;:2,&quot;2&quot;:0,&quot;5&quot;:{&quot;1&quot;:2,&quot;2&quot;:0}},{&quot;1&quot;:0,&quot;2&quot;:0,&quot;3&quot;:3},{&quot;1&quot;:1,&quot;2&quot;:0,&quot;4&quot;:1}]},&quot;7&quot;:{&quot;1&quot;:[{&quot;1&quot;:2,&quot;2&quot;:0,&quot;5&quot;:{&quot;1&quot;:2,&quot;2&quot;:0}},{&quot;1&quot;:0,&quot;2&quot;:0,&quot;3&quot;:3},{&quot;1&quot;:1,&quot;2&quot;:0,&quot;4&quot;:1}]},&quot;8&quot;:{&quot;1&quot;:[{&quot;1&quot;:2,&quot;2&quot;:0,&quot;5&quot;:{&quot;1&quot;:2,&quot;2&quot;:0}},{&quot;1&quot;:0,&quot;2&quot;:0,&quot;3&quot;:3},{&quot;1&quot;:1,&quot;2&quot;:0,&quot;4&quot;:1}]},&quot;9&quot;:1,&quot;14&quot;:{&quot;1&quot;:3,&quot;3&quot;:1},&quot;15&quot;:&quot;Arial&quot;,&quot;16&quot;:10}\">100 mg\u00a0<\/span><\/td>\n<td align=\"left\">125%<\/td>\n<\/tr>\n<\/tbody>\n<\/table>\n<\/div>\n<p>* \u2013 protsent p\u00e4evasest v\u00f5rdluskogusest t\u00e4iskasvanutele<\/p>\n<p><strong>KOOSTISOSAD:<\/strong>\u00a0riisijahu (mahuaine), C-vitamiin (L-askorbiinhape), raud (raud(II)digl\u00fctsinaat), taimne pullulaan kapsel.<\/p>\n<p><strong>KASUTAMINE:<\/strong>\u00a01 kapsel p\u00e4evas peale hommikus\u00f6\u00f6ki klaasi veega v\u00f5i vastavalt arsti soovitusele. Toidulisand ei asenda tervislikku eluviisi ning mitmek\u00fclgset ja tasakaalustatud toitumist. Soovitatud annust mitte \u00fcletada. Hoida lastele k\u00e4ttesaamatus kohas. Raseduse, imetamise ning ravimite tarvitamise korral pidada n\u00f5u arstiga.<\/p>\n<p><strong>KOGUS:<\/strong>\u00a090 kapslit.<\/p>\n<p><strong>S\u00c4ILITAMINE:<\/strong>\u00a0Hoida originaalpakendis, toatemperatuuril, kaitstuna niiskuse ja otsese p\u00e4ikesevalguse eest.<\/p>\n<p>Vaata ka meie Teisi Vitamiine\/Mineraale <a href=\"https:\/\/fit360.ee\/en\/product-category\/product-groups\/vitamins-and-minerals-en\/\"><strong>SIIT<\/strong><\/a> v\u00f5i Raua tooteid <a href=\"https:\/\/fit360.ee\/en\/product-category\/product-groups\/vitamins-and-minerals-en\/iron-en\/\"><strong>SIIT<\/strong><\/a>!<\/p>\n<p>Soovid teha suuremat tellimust? Vaata antud toodet meie HULGI lehelt\u00a0<a href=\"https:\/\/toidulisandidhulgi.ee\/product\/ferrum-90caps\/\"><strong>SIIT<\/strong><\/a>!<\/p>\n","protected":false},"excerpt":{"rendered":"<p><b>Raud\u00a0<\/b>digl\u00fctsinaat koos imendumist soodustava\u00a0<b>C-vitamiiniga\u00a0<\/b>on k\u00f5rge biosaadavusega raualisand, mis ei p\u00f5hjusta seedetraktis k\u00f5huvaegusi. Tegemist on v\u00e4ga t\u00f5husalt imenduva rauavormiga, mis imendub 2\u20134 korda paremini v\u00f5rreldes raudsulfaadiga. Raud on vajalik vastupanuv\u00f5ime suurendamiseks stressile ja haigustele ning toetab normaalset energiavahetust.\u00a0<strong>Eestis toodetud<\/strong>\u00a0kasutades k\u00f5rgkvaliteetseid taimseid kapsleid.<\/p>\n<ul class=\"fusion-checklist fusion-checklist-1\">\n<li class=\"fusion-li-item\"><i class=\"fusion-li-icon fa fa-check\"><\/i>\n<div class=\"fusion-li-item-content\">Elut\u00e4htis roll vereloomes<\/div>\n<\/li>\n<li class=\"fusion-li-item\">\n<div class=\"fusion-li-item-content\">Aitab kaasa hemoglobiini moodustumisele<\/div>\n<\/li>\n<li class=\"fusion-li-item\">\n<div class=\"fusion-li-item-content\">Hapniku sidumine kopsudest ja hapniku transport<\/div>\n<\/li>\n<li class=\"fusion-li-item\">\n<div class=\"fusion-li-item-content\">Osaleb energia tootmises ja immuuns\u00fcsteemi t\u00f6\u00f6s<\/div>\n<\/li>\n<li class=\"fusion-li-item\">\n<div class=\"fusion-li-item-content\">Ajut\u00f6\u00f6 paranemine<\/div>\n<\/li>\n<li class=\"fusion-li-item\">\n<div class=\"fusion-li-item-content\">N\u00e4rvi ja seedetrati, nahakudede paranemine<\/div>\n<\/li>\n<li class=\"fusion-li-item\">\n<div class=\"fusion-li-item-content\">Vastupanuv\u00f5ime suurendamiseks stressile ja haigustele<\/div>\n<\/li>\n<li class=\"fusion-li-item\">\n<div class=\"fusion-li-item-content\">V\u00e4hendab v\u00e4simust ja kurnatust<\/div>\n<\/li>\n<li class=\"fusion-li-item\">\n<div class=\"fusion-li-item-content\"><strong>Ainult 1 kapsel p\u00e4evas!<\/strong><\/div>\n<p>&nbsp;<\/li>\n<\/ul>\n","protected":false},"featured_media":60560,"comment_status":"closed","ping_status":"closed","template":"","meta":[],"product_brand":[],"product_cat":[1911,1318,2665,2664,536,1201],"product_tag":[3640,3406,2668],"giftcard-category":[],"class_list":{"0":"post-60561","1":"product","2":"type-product","3":"status-publish","4":"has-post-thumbnail","6":"product_cat-c-vitamin-en","7":"product_cat-iconfit-en","8":"product_cat-iron-en","9":"product_cat-vegan-capsules-en","10":"product_cat-vitamins-and-minerals-en","11":"product_cat-1201","12":"product_tag-ferrum-en","13":"product_tag-raua-kapslid-en","14":"product_tag-raud-en","15":"pa_kogus-90-capsules","16":"pa_toidulisand-branddd-iconfit","17":"pa_tootegruppp-c-vitamiin-en","18":"pa_tootegruppp-raud-en","19":"pa_tootegruppp-vcaps-vegan-kapslid-en","20":"pa_tootegruppp-vegan-en","21":"pa_tootegruppp-vitamins-and-minerals","23":"first","24":"instock","25":"sale","26":"taxable","27":"shipping-taxable","28":"purchasable","29":"product-type-simple"},"yoast_head":"<!-- This site is optimized with the Yoast SEO plugin v27.3 - https:\/\/yoast.com\/product\/yoast-seo-wordpress\/ -->\n<title>Ferrum (90caps) - Raua kapslid - Raud Digl\u00fctsinaat - Kiire Tarne - Fit360<\/title>\n<meta name=\"description\" content=\"Ferrum ehk Raud digl\u00fctsinaat koos C-vitamiiniga on k\u00f5rge biosaadavusega raualisand, mis ei p\u00f5hjusta seedetraktis k\u00f5huvaegusi.\" \/>\n<meta name=\"robots\" content=\"index, follow, max-snippet:-1, max-image-preview:large, max-video-preview:-1\" \/>\n<link rel=\"canonical\" href=\"https:\/\/fit360.ee\/en\/pood\/product-groups\/\u0432\u0435\u0433\u0430\u043d\/vegan-capsules-en\/ferrum-90caps\/\" \/>\n<meta property=\"og:locale\" content=\"en_US\" \/>\n<meta property=\"og:type\" content=\"article\" \/>\n<meta property=\"og:title\" content=\"Ferrum (90caps) - Raua kapslid - Raud Digl\u00fctsinaat - Kiire Tarne - Fit360\" \/>\n<meta property=\"og:description\" content=\"Ferrum ehk Raud digl\u00fctsinaat koos C-vitamiiniga on k\u00f5rge biosaadavusega raualisand, mis ei p\u00f5hjusta seedetraktis k\u00f5huvaegusi.\" \/>\n<meta property=\"og:url\" content=\"https:\/\/fit360.ee\/en\/pood\/product-groups\/\u0432\u0435\u0433\u0430\u043d\/vegan-capsules-en\/ferrum-90caps\/\" \/>\n<meta property=\"og:site_name\" content=\"Fit360\" \/>\n<meta property=\"article:modified_time\" content=\"2026-02-27T13:16:01+00:00\" \/>\n<meta property=\"og:image\" content=\"https:\/\/fit360.ee\/wp-content\/uploads\/2022\/03\/ferrum-fit360.ee_.jpg\" \/>\n\t<meta property=\"og:image:width\" content=\"800\" \/>\n\t<meta property=\"og:image:height\" content=\"800\" \/>\n\t<meta property=\"og:image:type\" content=\"image\/jpeg\" \/>\n<meta name=\"twitter:card\" content=\"summary_large_image\" \/>\n<meta name=\"twitter:label1\" content=\"Est. reading time\" \/>\n\t<meta name=\"twitter:data1\" content=\"2 minutes\" \/>\n<script type=\"application\/ld+json\" class=\"yoast-schema-graph\">{\"@context\":\"https:\\\/\\\/schema.org\",\"@graph\":[{\"@type\":\"WebPage\",\"@id\":\"https:\\\/\\\/fit360.ee\\\/en\\\/pood\\\/product-groups\\\/%d0%b2%d0%b5%d0%b3%d0%b0%d0%bd\\\/vegan-capsules-en\\\/ferrum-90caps\\\/\",\"url\":\"https:\\\/\\\/fit360.ee\\\/en\\\/pood\\\/product-groups\\\/%d0%b2%d0%b5%d0%b3%d0%b0%d0%bd\\\/vegan-capsules-en\\\/ferrum-90caps\\\/\",\"name\":\"Ferrum (90caps) - Raua kapslid - Raud Digl\u00fctsinaat - Kiire Tarne - Fit360\",\"isPartOf\":{\"@id\":\"https:\\\/\\\/fit360.ee\\\/en\\\/#website\"},\"primaryImageOfPage\":{\"@id\":\"https:\\\/\\\/fit360.ee\\\/en\\\/pood\\\/product-groups\\\/%d0%b2%d0%b5%d0%b3%d0%b0%d0%bd\\\/vegan-capsules-en\\\/ferrum-90caps\\\/#primaryimage\"},\"image\":{\"@id\":\"https:\\\/\\\/fit360.ee\\\/en\\\/pood\\\/product-groups\\\/%d0%b2%d0%b5%d0%b3%d0%b0%d0%bd\\\/vegan-capsules-en\\\/ferrum-90caps\\\/#primaryimage\"},\"thumbnailUrl\":\"https:\\\/\\\/fit360.ee\\\/wp-content\\\/uploads\\\/2022\\\/03\\\/ferrum-fit360.ee_.jpg\",\"datePublished\":\"2022-03-02T16:57:52+00:00\",\"dateModified\":\"2026-02-27T13:16:01+00:00\",\"description\":\"Ferrum ehk Raud digl\u00fctsinaat koos C-vitamiiniga on k\u00f5rge biosaadavusega raualisand, mis ei p\u00f5hjusta seedetraktis k\u00f5huvaegusi.\",\"breadcrumb\":{\"@id\":\"https:\\\/\\\/fit360.ee\\\/en\\\/pood\\\/product-groups\\\/%d0%b2%d0%b5%d0%b3%d0%b0%d0%bd\\\/vegan-capsules-en\\\/ferrum-90caps\\\/#breadcrumb\"},\"inLanguage\":\"en-US\",\"potentialAction\":[{\"@type\":\"ReadAction\",\"target\":[\"https:\\\/\\\/fit360.ee\\\/en\\\/pood\\\/product-groups\\\/%d0%b2%d0%b5%d0%b3%d0%b0%d0%bd\\\/vegan-capsules-en\\\/ferrum-90caps\\\/\"]}]},{\"@type\":\"ImageObject\",\"inLanguage\":\"en-US\",\"@id\":\"https:\\\/\\\/fit360.ee\\\/en\\\/pood\\\/product-groups\\\/%d0%b2%d0%b5%d0%b3%d0%b0%d0%bd\\\/vegan-capsules-en\\\/ferrum-90caps\\\/#primaryimage\",\"url\":\"https:\\\/\\\/fit360.ee\\\/wp-content\\\/uploads\\\/2022\\\/03\\\/ferrum-fit360.ee_.jpg\",\"contentUrl\":\"https:\\\/\\\/fit360.ee\\\/wp-content\\\/uploads\\\/2022\\\/03\\\/ferrum-fit360.ee_.jpg\",\"width\":800,\"height\":800,\"caption\":\"ferrum - fit360.ee\"},{\"@type\":\"BreadcrumbList\",\"@id\":\"https:\\\/\\\/fit360.ee\\\/en\\\/pood\\\/product-groups\\\/%d0%b2%d0%b5%d0%b3%d0%b0%d0%bd\\\/vegan-capsules-en\\\/ferrum-90caps\\\/#breadcrumb\",\"itemListElement\":[{\"@type\":\"ListItem\",\"position\":1,\"name\":\"Home\",\"item\":\"https:\\\/\\\/fit360.ee\\\/en\\\/\"},{\"@type\":\"ListItem\",\"position\":2,\"name\":\"Shop\",\"item\":\"https:\\\/\\\/fit360.ee\\\/en\\\/shop\\\/\"},{\"@type\":\"ListItem\",\"position\":3,\"name\":\"Ferrum (90caps)\"}]},{\"@type\":\"WebSite\",\"@id\":\"https:\\\/\\\/fit360.ee\\\/en\\\/#website\",\"url\":\"https:\\\/\\\/fit360.ee\\\/en\\\/\",\"name\":\"Fit360\",\"description\":\"\",\"publisher\":{\"@id\":\"https:\\\/\\\/fit360.ee\\\/en\\\/#organization\"},\"potentialAction\":[{\"@type\":\"SearchAction\",\"target\":{\"@type\":\"EntryPoint\",\"urlTemplate\":\"https:\\\/\\\/fit360.ee\\\/en\\\/?s={search_term_string}\"},\"query-input\":{\"@type\":\"PropertyValueSpecification\",\"valueRequired\":true,\"valueName\":\"search_term_string\"}}],\"inLanguage\":\"en-US\"},{\"@type\":\"Organization\",\"@id\":\"https:\\\/\\\/fit360.ee\\\/en\\\/#organization\",\"name\":\"Fit360\",\"url\":\"https:\\\/\\\/fit360.ee\\\/en\\\/\",\"logo\":{\"@type\":\"ImageObject\",\"inLanguage\":\"en-US\",\"@id\":\"https:\\\/\\\/fit360.ee\\\/en\\\/#\\\/schema\\\/logo\\\/image\\\/\",\"url\":\"https:\\\/\\\/fit360.ee\\\/wp-content\\\/uploads\\\/2017\\\/01\\\/logo-fit360.png\",\"contentUrl\":\"https:\\\/\\\/fit360.ee\\\/wp-content\\\/uploads\\\/2017\\\/01\\\/logo-fit360.png\",\"width\":180,\"height\":66,\"caption\":\"Fit360\"},\"image\":{\"@id\":\"https:\\\/\\\/fit360.ee\\\/en\\\/#\\\/schema\\\/logo\\\/image\\\/\"}}]}<\/script>\n<!-- \/ Yoast SEO plugin. -->","yoast_head_json":{"title":"Ferrum (90caps) - Raua kapslid - Raud Digl\u00fctsinaat - Kiire Tarne - Fit360","description":"Ferrum ehk Raud digl\u00fctsinaat koos C-vitamiiniga on k\u00f5rge biosaadavusega raualisand, mis ei p\u00f5hjusta seedetraktis k\u00f5huvaegusi.","robots":{"index":"index","follow":"follow","max-snippet":"max-snippet:-1","max-image-preview":"max-image-preview:large","max-video-preview":"max-video-preview:-1"},"canonical":"https:\/\/fit360.ee\/en\/pood\/product-groups\/\u0432\u0435\u0433\u0430\u043d\/vegan-capsules-en\/ferrum-90caps\/","og_locale":"en_US","og_type":"article","og_title":"Ferrum (90caps) - Raua kapslid - Raud Digl\u00fctsinaat - Kiire Tarne - Fit360","og_description":"Ferrum ehk Raud digl\u00fctsinaat koos C-vitamiiniga on k\u00f5rge biosaadavusega raualisand, mis ei p\u00f5hjusta seedetraktis k\u00f5huvaegusi.","og_url":"https:\/\/fit360.ee\/en\/pood\/product-groups\/\u0432\u0435\u0433\u0430\u043d\/vegan-capsules-en\/ferrum-90caps\/","og_site_name":"Fit360","article_modified_time":"2026-02-27T13:16:01+00:00","og_image":[{"width":800,"height":800,"url":"https:\/\/fit360.ee\/wp-content\/uploads\/2022\/03\/ferrum-fit360.ee_.jpg","type":"image\/jpeg"}],"twitter_card":"summary_large_image","twitter_misc":{"Est. reading time":"2 minutes"},"schema":{"@context":"https:\/\/schema.org","@graph":[{"@type":"WebPage","@id":"https:\/\/fit360.ee\/en\/pood\/product-groups\/%d0%b2%d0%b5%d0%b3%d0%b0%d0%bd\/vegan-capsules-en\/ferrum-90caps\/","url":"https:\/\/fit360.ee\/en\/pood\/product-groups\/%d0%b2%d0%b5%d0%b3%d0%b0%d0%bd\/vegan-capsules-en\/ferrum-90caps\/","name":"Ferrum (90caps) - Raua kapslid - Raud Digl\u00fctsinaat - Kiire Tarne - Fit360","isPartOf":{"@id":"https:\/\/fit360.ee\/en\/#website"},"primaryImageOfPage":{"@id":"https:\/\/fit360.ee\/en\/pood\/product-groups\/%d0%b2%d0%b5%d0%b3%d0%b0%d0%bd\/vegan-capsules-en\/ferrum-90caps\/#primaryimage"},"image":{"@id":"https:\/\/fit360.ee\/en\/pood\/product-groups\/%d0%b2%d0%b5%d0%b3%d0%b0%d0%bd\/vegan-capsules-en\/ferrum-90caps\/#primaryimage"},"thumbnailUrl":"https:\/\/fit360.ee\/wp-content\/uploads\/2022\/03\/ferrum-fit360.ee_.jpg","datePublished":"2022-03-02T16:57:52+00:00","dateModified":"2026-02-27T13:16:01+00:00","description":"Ferrum ehk Raud digl\u00fctsinaat koos C-vitamiiniga on k\u00f5rge biosaadavusega raualisand, mis ei p\u00f5hjusta seedetraktis k\u00f5huvaegusi.","breadcrumb":{"@id":"https:\/\/fit360.ee\/en\/pood\/product-groups\/%d0%b2%d0%b5%d0%b3%d0%b0%d0%bd\/vegan-capsules-en\/ferrum-90caps\/#breadcrumb"},"inLanguage":"en-US","potentialAction":[{"@type":"ReadAction","target":["https:\/\/fit360.ee\/en\/pood\/product-groups\/%d0%b2%d0%b5%d0%b3%d0%b0%d0%bd\/vegan-capsules-en\/ferrum-90caps\/"]}]},{"@type":"ImageObject","inLanguage":"en-US","@id":"https:\/\/fit360.ee\/en\/pood\/product-groups\/%d0%b2%d0%b5%d0%b3%d0%b0%d0%bd\/vegan-capsules-en\/ferrum-90caps\/#primaryimage","url":"https:\/\/fit360.ee\/wp-content\/uploads\/2022\/03\/ferrum-fit360.ee_.jpg","contentUrl":"https:\/\/fit360.ee\/wp-content\/uploads\/2022\/03\/ferrum-fit360.ee_.jpg","width":800,"height":800,"caption":"ferrum - fit360.ee"},{"@type":"BreadcrumbList","@id":"https:\/\/fit360.ee\/en\/pood\/product-groups\/%d0%b2%d0%b5%d0%b3%d0%b0%d0%bd\/vegan-capsules-en\/ferrum-90caps\/#breadcrumb","itemListElement":[{"@type":"ListItem","position":1,"name":"Home","item":"https:\/\/fit360.ee\/en\/"},{"@type":"ListItem","position":2,"name":"Shop","item":"https:\/\/fit360.ee\/en\/shop\/"},{"@type":"ListItem","position":3,"name":"Ferrum (90caps)"}]},{"@type":"WebSite","@id":"https:\/\/fit360.ee\/en\/#website","url":"https:\/\/fit360.ee\/en\/","name":"Fit360","description":"","publisher":{"@id":"https:\/\/fit360.ee\/en\/#organization"},"potentialAction":[{"@type":"SearchAction","target":{"@type":"EntryPoint","urlTemplate":"https:\/\/fit360.ee\/en\/?s={search_term_string}"},"query-input":{"@type":"PropertyValueSpecification","valueRequired":true,"valueName":"search_term_string"}}],"inLanguage":"en-US"},{"@type":"Organization","@id":"https:\/\/fit360.ee\/en\/#organization","name":"Fit360","url":"https:\/\/fit360.ee\/en\/","logo":{"@type":"ImageObject","inLanguage":"en-US","@id":"https:\/\/fit360.ee\/en\/#\/schema\/logo\/image\/","url":"https:\/\/fit360.ee\/wp-content\/uploads\/2017\/01\/logo-fit360.png","contentUrl":"https:\/\/fit360.ee\/wp-content\/uploads\/2017\/01\/logo-fit360.png","width":180,"height":66,"caption":"Fit360"},"image":{"@id":"https:\/\/fit360.ee\/en\/#\/schema\/logo\/image\/"}}]}},"_links":{"self":[{"href":"https:\/\/fit360.ee\/en\/wp-json\/wp\/v2\/product\/60561","targetHints":{"allow":["GET"]}}],"collection":[{"href":"https:\/\/fit360.ee\/en\/wp-json\/wp\/v2\/product"}],"about":[{"href":"https:\/\/fit360.ee\/en\/wp-json\/wp\/v2\/types\/product"}],"replies":[{"embeddable":true,"href":"https:\/\/fit360.ee\/en\/wp-json\/wp\/v2\/comments?post=60561"}],"wp:featuredmedia":[{"embeddable":true,"href":"https:\/\/fit360.ee\/en\/wp-json\/wp\/v2\/media\/60560"}],"wp:attachment":[{"href":"https:\/\/fit360.ee\/en\/wp-json\/wp\/v2\/media?parent=60561"}],"wp:term":[{"taxonomy":"product_brand","embeddable":true,"href":"https:\/\/fit360.ee\/en\/wp-json\/wp\/v2\/product_brand?post=60561"},{"taxonomy":"product_cat","embeddable":true,"href":"https:\/\/fit360.ee\/en\/wp-json\/wp\/v2\/product_cat?post=60561"},{"taxonomy":"product_tag","embeddable":true,"href":"https:\/\/fit360.ee\/en\/wp-json\/wp\/v2\/product_tag?post=60561"},{"taxonomy":"giftcard-category","embeddable":true,"href":"https:\/\/fit360.ee\/en\/wp-json\/wp\/v2\/giftcard-category?post=60561"}],"curies":[{"name":"wp","href":"https:\/\/api.w.org\/{rel}","templated":true}]}}