{"id":60566,"date":"2022-03-02T19:12:17","date_gmt":"2022-03-02T17:12:17","guid":{"rendered":"https:\/\/fit360.ee\/pood\/uncategorized\/folic-acid-90caps\/"},"modified":"2025-11-01T13:13:24","modified_gmt":"2025-11-01T11:13:24","slug":"folic-acid-90caps","status":"publish","type":"product","link":"https:\/\/fit360.ee\/en\/pood\/product-groups\/%d0%b2%d0%b5%d0%b3%d0%b0%d0%bd\/vegan-capsules-en\/folic-acid-90caps\/","title":{"rendered":"Folic Acid (90caps)"},"content":{"rendered":"<h1><strong>ICONFIT Folic Acid<\/strong><\/h1>\n<p><strong>ICONFIT Folic Acid ehk Foolhape ehk vitamiin B9<\/strong>\u00a0kuulub vees lahustuvate vitamiinide hulka ning on \u00e4\u00e4rmiselt oluline toitaine, mida inimene vajab juba looteeast. Foolhape osaleb valkude, rasvade ning s\u00fcsivesikute ainevahetuses. Ta m\u00f5jutab ja kontrollib meie kehas ainevahetuse s\u00fcnteesiprotsesse ja uute tervete rakkude teket. Lisaks toetab foolhape n\u00e4rvis\u00fcsteemi normaalset toimimist, turgutab maksa ning alandab kolesteroolitaset. Foolhape aitab kehal \u00fcles ehitada uusi rakke.<\/p>\n<p>Foolhape on vajalik igal eluetapil, kuid \u00fclivajalik on see:<\/p>\n<ul>\n<li>rasedatele ja v\u00e4ikelastele kuna m\u00e4ngib olulist rolli organismi kasvuprotsessis ja uute rakkude ehituses kui on p\u00f5etud \u00e4gedat haigust, tehakse rasket f\u00fc\u00fcsilist t\u00f6\u00f6d v\u00f5i ollakse korrap\u00e4ratu elure\u017eiimiga<\/li>\n<li>inimestele, kes suitsetavad ja tarbivad liialt alkoholi<\/li>\n<li>rasedust planeerivatele naistele<\/li>\n<li>kurnatuse ja v\u00e4simuse all kannatavatele inimestele<\/li>\n<\/ul>\n<p><strong>ICONFIT Folic Acid on vajalik iga organismi terveks ja normaalseks talituseks!<\/strong><\/p>\n<p>ICONFIT kapslid ei sisalda kunstlikke lisaaineid, kemikaale, s\u00e4ilitusaineid ega v\u00e4rvaineid ning on GMO vabad.<\/p>\n<div class=\"table-2\">\n<table width=\"100%\">\n<thead>\n<tr>\n<th align=\"left\"><strong>P\u00c4EVANE ANNUS\u00a0<\/strong><\/th>\n<th align=\"left\">1 kapsel<\/th>\n<th align=\"left\"><strong>%NRV* \/ % RMV*<\/strong><\/th>\n<\/tr>\n<\/thead>\n<tbody>\n<tr>\n<td align=\"left\"><span data-sheets-value=\"{&quot;1&quot;:2,&quot;2&quot;:&quot;Foolhape (ptero\u00fc\u00fclmonoglutamiinhape) \/ Folijsk\u0101be (pteroilmonoglutam\u012bnsk\u0101be) \/ Folio r\u016bg\u0161tis (pteroilo monoglutamo r\u016bg\u0161tis) \/ \u0424\u043e\u043b\u0438\u0435\u0432\u0430\u044f \u043a\u0438\u0441\u043b\u043e\u0442\u0430 (\u043f\u0442\u0435\u0440\u043e\u0438\u043b\u043c\u043e\u043d\u043e\u0433\u043b\u044e\u0442\u0430\u043c\u0438\u043d\u043e\u0432\u0430\u044f \u043a\u0438\u0441\u043b\u043e\u0442\u0430)&quot;}\" data-sheets-userformat=\"{&quot;2&quot;:14633,&quot;3&quot;:{&quot;1&quot;:0,&quot;3&quot;:1},&quot;6&quot;:{&quot;1&quot;:[{&quot;1&quot;:2,&quot;2&quot;:0,&quot;5&quot;:{&quot;1&quot;:2,&quot;2&quot;:0}},{&quot;1&quot;:0,&quot;2&quot;:0,&quot;3&quot;:3},{&quot;1&quot;:1,&quot;2&quot;:0,&quot;4&quot;:1}]},&quot;8&quot;:{&quot;1&quot;:[{&quot;1&quot;:2,&quot;2&quot;:0,&quot;5&quot;:{&quot;1&quot;:2,&quot;2&quot;:0}},{&quot;1&quot;:0,&quot;2&quot;:0,&quot;3&quot;:3},{&quot;1&quot;:1,&quot;2&quot;:0,&quot;4&quot;:1}]},&quot;11&quot;:4,&quot;14&quot;:{&quot;1&quot;:2,&quot;2&quot;:0},&quot;15&quot;:&quot;Arial&quot;,&quot;16&quot;:10}\">Foolhape (ptero\u00fc\u00fclmonoglutamiinhape)\u00a0<\/span><\/td>\n<td align=\"left\">400 \u03bcg<\/td>\n<td align=\"left\">200%<\/td>\n<\/tr>\n<\/tbody>\n<\/table>\n<\/div>\n<p>* \u2013 protsent p\u00e4evasest v\u00f5rdluskogusest t\u00e4iskasvanutele<\/p>\n<p><strong>KOOSTISOSAD:<\/strong>\u00a0riisijahu (mahuaine), foolhape (ptero\u00fc\u00fclmonoglutamiinhape), taimne pullulaan kapsel.<\/p>\n<p><strong>KASUTAMINE:<\/strong>\u00a01 kapsel p\u00e4evas klaasi veega v\u00f5i vastavalt arsti soovitusele. Toidulisand ei asenda tervislikku eluviisi ning mitmek\u00fclgset ja tasakaalustatud toitumist. Soovitatud annust mitte \u00fcletada. Hoida lastele k\u00e4ttesaamatus kohas.<\/p>\n<p><strong>KOGUS:<\/strong>\u00a090 kapslit.<\/p>\n<p><strong>S\u00c4ILITAMINE:<\/strong>\u00a0Hoida originaalpakendis, toatemperatuuril, kaitstuna niiskuse ja otsese p\u00e4ikesevalguse eest.<\/p>\n<p>Vaata ka meie Teisi B-vitamiine <a href=\"https:\/\/fit360.ee\/en\/product-category\/product-groups\/vitamins-and-minerals-en\/b-vitamin-en\/\"><strong>SIIT<\/strong><\/a> v\u00f5i Foolhappe tooteid <a href=\"https:\/\/fit360.ee\/en\/product-category\/product-groups\/vitamins-and-minerals-en\/folic-acid-en\/\"><strong>SIIT<\/strong><\/a>!<\/p>\n<p>Soovid teha suuremat tellimust? Vaata antud toodet meie HULGI lehelt\u00a0<a href=\"https:\/\/toidulisandidhulgi.ee\/product\/folic-acid-90caps\/\"><strong>SIIT<\/strong><\/a>!<\/p>\n","protected":false},"excerpt":{"rendered":"<p><strong>Foolhape ehk vitamiin B9<\/strong>\u00a0on elut\u00e4htis vitamiin, mida keha vajab iga p\u00e4ev. Eriti oluline on tarbida foolhapet rasedatel kuna tegemist on rakkude kasvatamiseks \u00fclit\u00e4htsa vitamiiniga. Foolhape on oluline n\u00e4rvis\u00fcsteemi normaalseks funktsioneerimiseks, toetab head vaimset tervist ning kuna see aitab DNA s\u00fcnteesile kaasa, saavad sellest kasu k\u00f5ik rakud.\u00a0<strong>Eestis toodetud\u00a0<\/strong>kasutades vaid k\u00f5rgeima kvaliteediga taimseid kapsleid.<\/p>\n<ul class=\"fusion-checklist fusion-checklist-1\">\n<li class=\"fusion-li-item\"><i class=\"fusion-li-icon fa fa-check\"><\/i>\n<div class=\"fusion-li-item-content\">Aitab kaasa kudede kasvule organismis<\/div>\n<\/li>\n<li class=\"fusion-li-item\">\n<div class=\"fusion-li-item-content\">Aitab v\u00e4hendada v\u00e4simust ja kurnatust<\/div>\n<\/li>\n<li class=\"fusion-li-item\">\n<div class=\"fusion-li-item-content\">Toetab normaalset vereloomet<\/div>\n<\/li>\n<li class=\"fusion-li-item\">\n<div class=\"fusion-li-item-content\">Aitab kaasa immuuns\u00fcsteemi talitusele<\/div>\n<\/li>\n<li class=\"fusion-li-item\">\n<div class=\"fusion-li-item-content\">Reguleerib valgete vereliblede tootmist<\/div>\n<\/li>\n<li class=\"fusion-li-item\">\n<div class=\"fusion-li-item-content\">Aitab kaasa normaalsetele ps\u00fchholoogilistele funktsioonidele<\/div>\n<\/li>\n<li class=\"fusion-li-item\">\n<div class=\"fusion-li-item-content\">Aitab kaasa kudede kasvule naise organismis raseduse ajal<\/div>\n<\/li>\n<li class=\"fusion-li-item\">\n<div class=\"fusion-li-item-content\">Oluline tugeva s\u00fcdame jaoks<\/div>\n<\/li>\n<li class=\"fusion-li-item\">\n<div class=\"fusion-li-item-content\"><strong>Ainult 1 kapsel p\u00e4evas!<\/strong><\/div>\n<p>&nbsp;<\/li>\n<\/ul>\n","protected":false},"featured_media":60565,"comment_status":"closed","ping_status":"closed","template":"","meta":[],"product_brand":[],"product_cat":[2251,2259,1318,2664,536,1201],"product_tag":[2173,2174,1681,3642],"giftcard-category":[],"class_list":{"0":"post-60566","1":"product","2":"type-product","3":"status-publish","4":"has-post-thumbnail","6":"product_cat-b-vitamin-en","7":"product_cat-folic-acid-en","8":"product_cat-iconfit-en","9":"product_cat-vegan-capsules-en","10":"product_cat-vitamins-and-minerals-en","11":"product_cat-1201","12":"product_tag-folic-acid-en","13":"product_tag-foolhape-en","14":"product_tag-iconfit-en","15":"product_tag-vitamiin-b9-en","16":"pa_kogus-90-capsules","17":"pa_toidulisand-branddd-iconfit","18":"pa_tootegruppp-b-vitamiin-en","19":"pa_tootegruppp-foolhape-en","20":"pa_tootegruppp-vcaps-vegan-kapslid-en","21":"pa_tootegruppp-vegan-en","22":"pa_tootegruppp-vitamins-and-minerals","24":"first","25":"instock","26":"sale","27":"taxable","28":"shipping-taxable","29":"purchasable","30":"product-type-simple"},"yoast_head":"<!-- This site is optimized with the Yoast SEO plugin v27.3 - https:\/\/yoast.com\/product\/yoast-seo-wordpress\/ -->\n<title>Iconfit Folic Acid (90caps) - Vitamiin B9 - Foolhape - Kiire Tarne - Fit360<\/title>\n<meta name=\"description\" content=\"ICONFIT Folic Acid ehk vitamiin B9\u00a0kuulub vees lahustuvate vitamiinide hulka ning on \u00e4\u00e4rmiselt oluline toitaine, mida inimene vajab ju..\" \/>\n<meta name=\"robots\" content=\"index, follow, max-snippet:-1, max-image-preview:large, max-video-preview:-1\" \/>\n<link rel=\"canonical\" href=\"https:\/\/fit360.ee\/en\/pood\/product-groups\/\u0432\u0435\u0433\u0430\u043d\/vegan-capsules-en\/folic-acid-90caps\/\" \/>\n<meta property=\"og:locale\" content=\"en_US\" \/>\n<meta property=\"og:type\" content=\"article\" \/>\n<meta property=\"og:title\" content=\"Iconfit Folic Acid (90caps) - Vitamiin B9 - Foolhape - Kiire Tarne - Fit360\" \/>\n<meta property=\"og:description\" content=\"ICONFIT Folic Acid ehk vitamiin B9\u00a0kuulub vees lahustuvate vitamiinide hulka ning on \u00e4\u00e4rmiselt oluline toitaine, mida inimene vajab ju..\" \/>\n<meta property=\"og:url\" content=\"https:\/\/fit360.ee\/en\/pood\/product-groups\/\u0432\u0435\u0433\u0430\u043d\/vegan-capsules-en\/folic-acid-90caps\/\" \/>\n<meta property=\"og:site_name\" content=\"Fit360\" \/>\n<meta property=\"article:modified_time\" content=\"2025-11-01T11:13:24+00:00\" \/>\n<meta property=\"og:image\" content=\"https:\/\/fit360.ee\/wp-content\/uploads\/2022\/03\/iconfit-folic-acid-fit360.ee_.jpg\" \/>\n\t<meta property=\"og:image:width\" content=\"800\" \/>\n\t<meta property=\"og:image:height\" content=\"800\" \/>\n\t<meta property=\"og:image:type\" content=\"image\/jpeg\" \/>\n<meta name=\"twitter:card\" content=\"summary_large_image\" \/>\n<meta name=\"twitter:label1\" content=\"Est. reading time\" \/>\n\t<meta name=\"twitter:data1\" content=\"2 minutes\" \/>\n<script type=\"application\/ld+json\" class=\"yoast-schema-graph\">{\"@context\":\"https:\\\/\\\/schema.org\",\"@graph\":[{\"@type\":\"WebPage\",\"@id\":\"https:\\\/\\\/fit360.ee\\\/en\\\/pood\\\/product-groups\\\/%d0%b2%d0%b5%d0%b3%d0%b0%d0%bd\\\/vegan-capsules-en\\\/folic-acid-90caps\\\/\",\"url\":\"https:\\\/\\\/fit360.ee\\\/en\\\/pood\\\/product-groups\\\/%d0%b2%d0%b5%d0%b3%d0%b0%d0%bd\\\/vegan-capsules-en\\\/folic-acid-90caps\\\/\",\"name\":\"Iconfit Folic Acid (90caps) - Vitamiin B9 - Foolhape - Kiire Tarne - Fit360\",\"isPartOf\":{\"@id\":\"https:\\\/\\\/fit360.ee\\\/en\\\/#website\"},\"primaryImageOfPage\":{\"@id\":\"https:\\\/\\\/fit360.ee\\\/en\\\/pood\\\/product-groups\\\/%d0%b2%d0%b5%d0%b3%d0%b0%d0%bd\\\/vegan-capsules-en\\\/folic-acid-90caps\\\/#primaryimage\"},\"image\":{\"@id\":\"https:\\\/\\\/fit360.ee\\\/en\\\/pood\\\/product-groups\\\/%d0%b2%d0%b5%d0%b3%d0%b0%d0%bd\\\/vegan-capsules-en\\\/folic-acid-90caps\\\/#primaryimage\"},\"thumbnailUrl\":\"https:\\\/\\\/fit360.ee\\\/wp-content\\\/uploads\\\/2022\\\/03\\\/iconfit-folic-acid-fit360.ee_.jpg\",\"datePublished\":\"2022-03-02T17:12:17+00:00\",\"dateModified\":\"2025-11-01T11:13:24+00:00\",\"description\":\"ICONFIT Folic Acid ehk vitamiin B9\u00a0kuulub vees lahustuvate vitamiinide hulka ning on \u00e4\u00e4rmiselt oluline toitaine, mida inimene vajab ju..\",\"breadcrumb\":{\"@id\":\"https:\\\/\\\/fit360.ee\\\/en\\\/pood\\\/product-groups\\\/%d0%b2%d0%b5%d0%b3%d0%b0%d0%bd\\\/vegan-capsules-en\\\/folic-acid-90caps\\\/#breadcrumb\"},\"inLanguage\":\"en-US\",\"potentialAction\":[{\"@type\":\"ReadAction\",\"target\":[\"https:\\\/\\\/fit360.ee\\\/en\\\/pood\\\/product-groups\\\/%d0%b2%d0%b5%d0%b3%d0%b0%d0%bd\\\/vegan-capsules-en\\\/folic-acid-90caps\\\/\"]}]},{\"@type\":\"ImageObject\",\"inLanguage\":\"en-US\",\"@id\":\"https:\\\/\\\/fit360.ee\\\/en\\\/pood\\\/product-groups\\\/%d0%b2%d0%b5%d0%b3%d0%b0%d0%bd\\\/vegan-capsules-en\\\/folic-acid-90caps\\\/#primaryimage\",\"url\":\"https:\\\/\\\/fit360.ee\\\/wp-content\\\/uploads\\\/2022\\\/03\\\/iconfit-folic-acid-fit360.ee_.jpg\",\"contentUrl\":\"https:\\\/\\\/fit360.ee\\\/wp-content\\\/uploads\\\/2022\\\/03\\\/iconfit-folic-acid-fit360.ee_.jpg\",\"width\":800,\"height\":800,\"caption\":\"iconfit folic acid - fit360.ee\"},{\"@type\":\"BreadcrumbList\",\"@id\":\"https:\\\/\\\/fit360.ee\\\/en\\\/pood\\\/product-groups\\\/%d0%b2%d0%b5%d0%b3%d0%b0%d0%bd\\\/vegan-capsules-en\\\/folic-acid-90caps\\\/#breadcrumb\",\"itemListElement\":[{\"@type\":\"ListItem\",\"position\":1,\"name\":\"Home\",\"item\":\"https:\\\/\\\/fit360.ee\\\/en\\\/\"},{\"@type\":\"ListItem\",\"position\":2,\"name\":\"Shop\",\"item\":\"https:\\\/\\\/fit360.ee\\\/en\\\/shop\\\/\"},{\"@type\":\"ListItem\",\"position\":3,\"name\":\"Folic Acid (90caps)\"}]},{\"@type\":\"WebSite\",\"@id\":\"https:\\\/\\\/fit360.ee\\\/en\\\/#website\",\"url\":\"https:\\\/\\\/fit360.ee\\\/en\\\/\",\"name\":\"Fit360\",\"description\":\"\",\"publisher\":{\"@id\":\"https:\\\/\\\/fit360.ee\\\/en\\\/#organization\"},\"potentialAction\":[{\"@type\":\"SearchAction\",\"target\":{\"@type\":\"EntryPoint\",\"urlTemplate\":\"https:\\\/\\\/fit360.ee\\\/en\\\/?s={search_term_string}\"},\"query-input\":{\"@type\":\"PropertyValueSpecification\",\"valueRequired\":true,\"valueName\":\"search_term_string\"}}],\"inLanguage\":\"en-US\"},{\"@type\":\"Organization\",\"@id\":\"https:\\\/\\\/fit360.ee\\\/en\\\/#organization\",\"name\":\"Fit360\",\"url\":\"https:\\\/\\\/fit360.ee\\\/en\\\/\",\"logo\":{\"@type\":\"ImageObject\",\"inLanguage\":\"en-US\",\"@id\":\"https:\\\/\\\/fit360.ee\\\/en\\\/#\\\/schema\\\/logo\\\/image\\\/\",\"url\":\"https:\\\/\\\/fit360.ee\\\/wp-content\\\/uploads\\\/2017\\\/01\\\/logo-fit360.png\",\"contentUrl\":\"https:\\\/\\\/fit360.ee\\\/wp-content\\\/uploads\\\/2017\\\/01\\\/logo-fit360.png\",\"width\":180,\"height\":66,\"caption\":\"Fit360\"},\"image\":{\"@id\":\"https:\\\/\\\/fit360.ee\\\/en\\\/#\\\/schema\\\/logo\\\/image\\\/\"}}]}<\/script>\n<!-- \/ Yoast SEO plugin. -->","yoast_head_json":{"title":"Iconfit Folic Acid (90caps) - Vitamiin B9 - Foolhape - Kiire Tarne - Fit360","description":"ICONFIT Folic Acid ehk vitamiin B9\u00a0kuulub vees lahustuvate vitamiinide hulka ning on \u00e4\u00e4rmiselt oluline toitaine, mida inimene vajab ju..","robots":{"index":"index","follow":"follow","max-snippet":"max-snippet:-1","max-image-preview":"max-image-preview:large","max-video-preview":"max-video-preview:-1"},"canonical":"https:\/\/fit360.ee\/en\/pood\/product-groups\/\u0432\u0435\u0433\u0430\u043d\/vegan-capsules-en\/folic-acid-90caps\/","og_locale":"en_US","og_type":"article","og_title":"Iconfit Folic Acid (90caps) - Vitamiin B9 - Foolhape - Kiire Tarne - Fit360","og_description":"ICONFIT Folic Acid ehk vitamiin B9\u00a0kuulub vees lahustuvate vitamiinide hulka ning on \u00e4\u00e4rmiselt oluline toitaine, mida inimene vajab ju..","og_url":"https:\/\/fit360.ee\/en\/pood\/product-groups\/\u0432\u0435\u0433\u0430\u043d\/vegan-capsules-en\/folic-acid-90caps\/","og_site_name":"Fit360","article_modified_time":"2025-11-01T11:13:24+00:00","og_image":[{"width":800,"height":800,"url":"https:\/\/fit360.ee\/wp-content\/uploads\/2022\/03\/iconfit-folic-acid-fit360.ee_.jpg","type":"image\/jpeg"}],"twitter_card":"summary_large_image","twitter_misc":{"Est. reading time":"2 minutes"},"schema":{"@context":"https:\/\/schema.org","@graph":[{"@type":"WebPage","@id":"https:\/\/fit360.ee\/en\/pood\/product-groups\/%d0%b2%d0%b5%d0%b3%d0%b0%d0%bd\/vegan-capsules-en\/folic-acid-90caps\/","url":"https:\/\/fit360.ee\/en\/pood\/product-groups\/%d0%b2%d0%b5%d0%b3%d0%b0%d0%bd\/vegan-capsules-en\/folic-acid-90caps\/","name":"Iconfit Folic Acid (90caps) - Vitamiin B9 - Foolhape - Kiire Tarne - Fit360","isPartOf":{"@id":"https:\/\/fit360.ee\/en\/#website"},"primaryImageOfPage":{"@id":"https:\/\/fit360.ee\/en\/pood\/product-groups\/%d0%b2%d0%b5%d0%b3%d0%b0%d0%bd\/vegan-capsules-en\/folic-acid-90caps\/#primaryimage"},"image":{"@id":"https:\/\/fit360.ee\/en\/pood\/product-groups\/%d0%b2%d0%b5%d0%b3%d0%b0%d0%bd\/vegan-capsules-en\/folic-acid-90caps\/#primaryimage"},"thumbnailUrl":"https:\/\/fit360.ee\/wp-content\/uploads\/2022\/03\/iconfit-folic-acid-fit360.ee_.jpg","datePublished":"2022-03-02T17:12:17+00:00","dateModified":"2025-11-01T11:13:24+00:00","description":"ICONFIT Folic Acid ehk vitamiin B9\u00a0kuulub vees lahustuvate vitamiinide hulka ning on \u00e4\u00e4rmiselt oluline toitaine, mida inimene vajab ju..","breadcrumb":{"@id":"https:\/\/fit360.ee\/en\/pood\/product-groups\/%d0%b2%d0%b5%d0%b3%d0%b0%d0%bd\/vegan-capsules-en\/folic-acid-90caps\/#breadcrumb"},"inLanguage":"en-US","potentialAction":[{"@type":"ReadAction","target":["https:\/\/fit360.ee\/en\/pood\/product-groups\/%d0%b2%d0%b5%d0%b3%d0%b0%d0%bd\/vegan-capsules-en\/folic-acid-90caps\/"]}]},{"@type":"ImageObject","inLanguage":"en-US","@id":"https:\/\/fit360.ee\/en\/pood\/product-groups\/%d0%b2%d0%b5%d0%b3%d0%b0%d0%bd\/vegan-capsules-en\/folic-acid-90caps\/#primaryimage","url":"https:\/\/fit360.ee\/wp-content\/uploads\/2022\/03\/iconfit-folic-acid-fit360.ee_.jpg","contentUrl":"https:\/\/fit360.ee\/wp-content\/uploads\/2022\/03\/iconfit-folic-acid-fit360.ee_.jpg","width":800,"height":800,"caption":"iconfit folic acid - fit360.ee"},{"@type":"BreadcrumbList","@id":"https:\/\/fit360.ee\/en\/pood\/product-groups\/%d0%b2%d0%b5%d0%b3%d0%b0%d0%bd\/vegan-capsules-en\/folic-acid-90caps\/#breadcrumb","itemListElement":[{"@type":"ListItem","position":1,"name":"Home","item":"https:\/\/fit360.ee\/en\/"},{"@type":"ListItem","position":2,"name":"Shop","item":"https:\/\/fit360.ee\/en\/shop\/"},{"@type":"ListItem","position":3,"name":"Folic Acid (90caps)"}]},{"@type":"WebSite","@id":"https:\/\/fit360.ee\/en\/#website","url":"https:\/\/fit360.ee\/en\/","name":"Fit360","description":"","publisher":{"@id":"https:\/\/fit360.ee\/en\/#organization"},"potentialAction":[{"@type":"SearchAction","target":{"@type":"EntryPoint","urlTemplate":"https:\/\/fit360.ee\/en\/?s={search_term_string}"},"query-input":{"@type":"PropertyValueSpecification","valueRequired":true,"valueName":"search_term_string"}}],"inLanguage":"en-US"},{"@type":"Organization","@id":"https:\/\/fit360.ee\/en\/#organization","name":"Fit360","url":"https:\/\/fit360.ee\/en\/","logo":{"@type":"ImageObject","inLanguage":"en-US","@id":"https:\/\/fit360.ee\/en\/#\/schema\/logo\/image\/","url":"https:\/\/fit360.ee\/wp-content\/uploads\/2017\/01\/logo-fit360.png","contentUrl":"https:\/\/fit360.ee\/wp-content\/uploads\/2017\/01\/logo-fit360.png","width":180,"height":66,"caption":"Fit360"},"image":{"@id":"https:\/\/fit360.ee\/en\/#\/schema\/logo\/image\/"}}]}},"_links":{"self":[{"href":"https:\/\/fit360.ee\/en\/wp-json\/wp\/v2\/product\/60566","targetHints":{"allow":["GET"]}}],"collection":[{"href":"https:\/\/fit360.ee\/en\/wp-json\/wp\/v2\/product"}],"about":[{"href":"https:\/\/fit360.ee\/en\/wp-json\/wp\/v2\/types\/product"}],"replies":[{"embeddable":true,"href":"https:\/\/fit360.ee\/en\/wp-json\/wp\/v2\/comments?post=60566"}],"wp:featuredmedia":[{"embeddable":true,"href":"https:\/\/fit360.ee\/en\/wp-json\/wp\/v2\/media\/60565"}],"wp:attachment":[{"href":"https:\/\/fit360.ee\/en\/wp-json\/wp\/v2\/media?parent=60566"}],"wp:term":[{"taxonomy":"product_brand","embeddable":true,"href":"https:\/\/fit360.ee\/en\/wp-json\/wp\/v2\/product_brand?post=60566"},{"taxonomy":"product_cat","embeddable":true,"href":"https:\/\/fit360.ee\/en\/wp-json\/wp\/v2\/product_cat?post=60566"},{"taxonomy":"product_tag","embeddable":true,"href":"https:\/\/fit360.ee\/en\/wp-json\/wp\/v2\/product_tag?post=60566"},{"taxonomy":"giftcard-category","embeddable":true,"href":"https:\/\/fit360.ee\/en\/wp-json\/wp\/v2\/giftcard-category?post=60566"}],"curies":[{"name":"wp","href":"https:\/\/api.w.org\/{rel}","templated":true}]}}