{"id":60571,"date":"2022-03-02T19:34:56","date_gmt":"2022-03-02T17:34:56","guid":{"rendered":"https:\/\/fit360.ee\/pood\/uncategorized\/vitamiin-d3-90caps\/"},"modified":"2026-02-23T17:05:43","modified_gmt":"2026-02-23T15:05:43","slug":"vitamiin-d3-90caps","status":"publish","type":"product","link":"https:\/\/fit360.ee\/en\/pood\/product-groups\/vitamins-and-minerals-en\/d-vitamin-en\/vitamiin-d3-90caps\/","title":{"rendered":"Vitamiin D3 4000 IU (90caps)"},"content":{"rendered":"<h1><strong>ICONFIT Vitamiin D3<\/strong><\/h1>\n<p><strong>ICONFIT vitamiin D3<\/strong>\u00a0sisaldab suures annuses D-vitamiini (4000 IU). See on \u00fcks olulisemaid vitamiine \u2013\u00a0<b>see m\u00f5jutab enamasti k\u00f5ikide meie organite \u00f5iget toimimist.\u00a0<\/b>D-vitamiin toetab immuuns\u00fcsteemi, aitab kaasa kaltsiumi ja fosfori normaalsele imendumisele. Aitab hoida luid ja hambaid normaalsetena ning toetab n\u00e4rvis\u00fcsteemi. Edendab m\u00e4lu ning kaitseb kroonilise v\u00e4simuse eest. Suurendab organismi vastupanuv\u00f5imet nakkuste eest. Samuti kaitseb depressiooni tekkimise eest.<\/p>\n<p>On k\u00fcll m\u00f5ningaid D-vitamiinirikkaid toite, kuid neid tarbides imendub vitamiin vaid 50% ulatuses, seet\u00f5ttu on soovitatav lisaks tarbida D-vitamiini toidulisandina.<\/p>\n<p><strong>Millal v\u00f5iks kindlasti lisaks tarbida D-vitamiini?<\/strong><\/p>\n<ul>\n<li>V\u00e4hese p\u00e4ikesevalguse korral<\/li>\n<li>Kesise toitumise korral<\/li>\n<li>Vanuse kasvades kuna siis hakkab organismis D-vitamiini tase v\u00e4henema<\/li>\n<li>Sportlike soorituste parandamiseks<\/li>\n<\/ul>\n<p>ICONFIT kapslid ei sisalda kunstlikke lisaaineid, kemikaale, s\u00e4ilitusaineid ega v\u00e4rvaineid ning on GMO vaba.<\/p>\n<div class=\"table-2\">\n<div id=\"shopify-section-template--19447604216142__main\" class=\"shopify-section product--section section--canonical\">\n<section class=\"product--container\" data-product-wrapper=\"\">\n<div class=\"product-readmore rte\" data-product-readmore=\"\">\n<div class=\" grouped-content grouped-content-layout-tabs\">\n<div id=\"shopify-section-template--19447604216142__judgeme_section_review_widget_a485\" class=\"shopify-section\">\n<div class=\"product-section--container\">\n<div id=\"shopify-block-judgeme_review_widget_71b6b93a\" class=\"shopify-block shopify-app-block\">\n<div>\n<table width=\"100%\">\n<thead>\n<tr>\n<th align=\"left\"><strong>P\u00c4EVALINE ANNUS:<\/strong><\/th>\n<th align=\"left\">1 kapsel<\/th>\n<th align=\"left\">%NRV*<\/th>\n<\/tr>\n<\/thead>\n<tbody>\n<tr>\n<td align=\"left\">P\u00e4evalille\u00f5li (Helianthus annuus)<\/td>\n<td align=\"left\">156 mg<\/td>\n<td align=\"left\"><\/td>\n<\/tr>\n<tr>\n<td align=\"left\">Viinamarjaseemne\u00f5li (Vitis vinifera)<\/td>\n<td align=\"left\">140 mg<\/td>\n<td align=\"left\"><\/td>\n<\/tr>\n<tr>\n<td align=\"left\">D3-vitamiin (kolekaltsiferool)<\/td>\n<td align=\"left\">100 \u03bcg<\/td>\n<td align=\"left\">2000%<\/td>\n<\/tr>\n<\/tbody>\n<\/table>\n<\/div>\n<div id=\"judgeme_product_reviews\" class=\"jdgm-widget jdgm-review-widget jdgm--done-setup-widget\" data-product-title=\"ICONFIT D3-Vitamiin 4000IU (90 \u00f5likapslit)\" data-id=\"8426461036878\">\n<div class=\"jdgm-rev-widg\" data-updated-at=\"2023-10-27T08:01:50Z\" data-average-rating=\"5.00\" data-number-of-reviews=\"1\" data-number-of-questions=\"0\">\n<div class=\"jdgm-rev-widg__header\"><\/div>\n<\/div>\n<\/div>\n<\/div>\n<\/div>\n<\/div>\n<p>*protsent p\u00e4evasest v\u00e4\u00e4rtusest t\u00e4iskasvanutele<\/p>\n<\/div>\n<\/div>\n<\/section>\n<\/div>\n<\/div>\n<p>&nbsp;<\/p>\n<p><b>KOOSTISOSAD<\/b>: \u00a0P\u00e4evalille\u00f5li (Helianthus annuus), viinamarjaseemne\u00f5li (Vitis vinifera), kapslikest (veise \u017eelatiin, gl\u00fctseriin &#8211; niiskuses\u00e4ilitaja, vesi), D3-vitamiin (kolekaltsiferool).<\/p>\n<p><strong>KASUTAMINE: <\/strong>T\u00e4iskasvanud peaksid v\u00f5tma 1 kapsli p\u00e4evas koos klaasi veega.<\/p>\n<p><strong>HOIATUSED:<\/strong>\u00a0Mitte kasutada toidulisandit mitmekesise toitumise asendajana. Oluline on<br \/>\ntoituda mitmek\u00fclgselt ja tasakaalustatult ning harrastada tervislikku elustiili. \u00c4rge \u00fcletage soovitatud p\u00e4evast annust. Hoida lastele k\u00e4ttesaamatus kohas.<\/p>\n<p><strong>KOGUS:<\/strong>\u00a090 kapslit.<\/p>\n<p><strong>S\u00c4ILITAMINE:<\/strong>\u00a0Hoida originaalpakendis, toatemperatuuril, kaitstuna niiskuse ja otsese p\u00e4ikesevalguse eest.<\/p>\n<p>Vaata ka meie Teisi D-Vitamiine <a href=\"https:\/\/fit360.ee\/en\/product-category\/product-groups\/vitamins-and-minerals-en\/d-vitamin-en\/\"><strong>SIIT<\/strong><\/a>!<\/p>\n<p>Soovid teha suuremat tellimust? Vaata antud toodet meie HULGI lehelt\u00a0<a href=\"https:\/\/toidulisandidhulgi.ee\/product\/vitamiin-d3-90caps\/\"><strong>SIIT<\/strong><\/a>!<\/p>\n","protected":false},"excerpt":{"rendered":"<p>ICONFIT vitamiin D3 sisaldab suures annuses D-vitamiini (4000 IU). See on \u00fcks olulisemaid vitamiine \u2013\u00a0<b>see m\u00f5jutab enamasti k\u00f5ikide meie organite \u00f5iget toimimist.\u00a0<\/b>D-vitamiini on eriti oluline tarvitada s\u00fcgis-talvisel perioodil, vanemad inimesed aastaringselt. Vitamiin D3 tugevdab luid ja liigeseid, muudab naha kaunimaks ning aitab kaasa immuuns\u00fcsteemi normaalsele talitlusele.\u00a0<strong>Eestis toodetud<\/strong>\u00a0kasutades vaid k\u00f5rgeima kvaliteediga taimseid kapsleid.<\/p>\n<ul class=\"fusion-checklist fusion-checklist-1\">\n<li class=\"fusion-li-item\"><i class=\"fusion-li-icon fa fa-check\"><\/i>\n<div class=\"fusion-li-item-content\">Toetab immuuns\u00fcsteemi<\/div>\n<\/li>\n<li class=\"fusion-li-item\">\n<div class=\"fusion-li-item-content\">Aitab kaasa kaltsiumi ja fosfori imendumisele<\/div>\n<\/li>\n<li class=\"fusion-li-item\">\n<div class=\"fusion-li-item-content\">Aitab lihastel korralikult t\u00f6\u00f6tada<\/div>\n<\/li>\n<li class=\"fusion-li-item\">\n<div class=\"fusion-li-item-content\">Aitab hoida luid ja hambaid normaalsena<\/div>\n<\/li>\n<li class=\"fusion-li-item\">\n<div class=\"fusion-li-item-content\">Toetab n\u00e4rvis\u00fcsteemi<\/div>\n<\/li>\n<li class=\"fusion-li-item\">\n<div class=\"fusion-li-item-content\">Vananemisvastase toimega<\/div>\n<\/li>\n<li class=\"fusion-li-item\">\n<div class=\"fusion-li-item-content\">Edendab m\u00e4lu toimimist<\/div>\n<\/li>\n<li class=\"fusion-li-item\">\n<div class=\"fusion-li-item-content\">Aitab autoimmuunhaiguste vastu<\/div>\n<\/li>\n<li class=\"fusion-li-item\">\n<div class=\"fusion-li-item-content\"><strong>Ainult 1 kapsel p\u00e4evas!<\/strong><\/div>\n<p>&nbsp;<\/li>\n<\/ul>\n","protected":false},"featured_media":60570,"comment_status":"closed","ping_status":"closed","template":"","meta":[],"product_brand":[],"product_cat":[1913,5320,1318,536],"product_tag":[1958,3644,1681,1931],"giftcard-category":[],"class_list":{"0":"post-60571","1":"product","2":"type-product","3":"status-publish","4":"has-post-thumbnail","6":"product_cat-d-vitamin-en","7":"product_cat-for-immunity-en","8":"product_cat-iconfit-en","9":"product_cat-vitamins-and-minerals-en","10":"product_tag-d-vitamiin-en","11":"product_tag-d3-vitamiin-en","12":"product_tag-iconfit-en","13":"product_tag-vitamiin-d-en","14":"pa_kogus-90-capsules","15":"pa_toidulisand-branddd-iconfit","16":"pa_tootegruppp-d-vitamiin-en","17":"pa_tootegruppp-immuunsusteem-en","18":"pa_tootegruppp-vitamins-and-minerals","20":"first","21":"instock","22":"sale","23":"taxable","24":"shipping-taxable","25":"purchasable","26":"product-type-simple"},"yoast_head":"<!-- This site is optimized with the Yoast SEO plugin v27.3 - https:\/\/yoast.com\/product\/yoast-seo-wordpress\/ -->\n<title>Vitamiin D3 4000 IU (90caps) - D Vitamiin 100% Vegan - Fit360<\/title>\n<meta name=\"description\" content=\"ICONFIT Vitamiin D3\u00a0sisaldab suures annuses D-vitamiini (4000 IU). See on \u00fcks olulisemaid vitamiine \u2013\u00a0see m\u00f5jutab enamasti k\u00f5ikide meie ...\" \/>\n<meta name=\"robots\" content=\"index, follow, max-snippet:-1, max-image-preview:large, max-video-preview:-1\" \/>\n<link rel=\"canonical\" href=\"https:\/\/fit360.ee\/en\/pood\/product-groups\/vitamins-and-minerals-en\/d-vitamin-en\/vitamiin-d3-90caps\/\" \/>\n<meta property=\"og:locale\" content=\"en_US\" \/>\n<meta property=\"og:type\" content=\"article\" \/>\n<meta property=\"og:title\" content=\"Vitamiin D3 4000 IU (90caps) - D Vitamiin 100% Vegan - Fit360\" \/>\n<meta property=\"og:description\" content=\"ICONFIT Vitamiin D3\u00a0sisaldab suures annuses D-vitamiini (4000 IU). See on \u00fcks olulisemaid vitamiine \u2013\u00a0see m\u00f5jutab enamasti k\u00f5ikide meie ...\" \/>\n<meta property=\"og:url\" content=\"https:\/\/fit360.ee\/en\/pood\/product-groups\/vitamins-and-minerals-en\/d-vitamin-en\/vitamiin-d3-90caps\/\" \/>\n<meta property=\"og:site_name\" content=\"Fit360\" \/>\n<meta property=\"article:modified_time\" content=\"2026-02-23T15:05:43+00:00\" \/>\n<meta property=\"og:image\" content=\"https:\/\/fit360.ee\/wp-content\/uploads\/2022\/03\/iconfit-vitamiin-d3-fit360.ee_.jpg\" \/>\n\t<meta property=\"og:image:width\" content=\"800\" \/>\n\t<meta property=\"og:image:height\" content=\"800\" \/>\n\t<meta property=\"og:image:type\" content=\"image\/jpeg\" \/>\n<meta name=\"twitter:card\" content=\"summary_large_image\" \/>\n<meta name=\"twitter:label1\" content=\"Est. reading time\" \/>\n\t<meta name=\"twitter:data1\" content=\"2 minutes\" \/>\n<script type=\"application\/ld+json\" class=\"yoast-schema-graph\">{\"@context\":\"https:\\\/\\\/schema.org\",\"@graph\":[{\"@type\":\"WebPage\",\"@id\":\"https:\\\/\\\/fit360.ee\\\/en\\\/pood\\\/product-groups\\\/vitamins-and-minerals-en\\\/d-vitamin-en\\\/vitamiin-d3-90caps\\\/\",\"url\":\"https:\\\/\\\/fit360.ee\\\/en\\\/pood\\\/product-groups\\\/vitamins-and-minerals-en\\\/d-vitamin-en\\\/vitamiin-d3-90caps\\\/\",\"name\":\"Vitamiin D3 4000 IU (90caps) - D Vitamiin 100% Vegan - Fit360\",\"isPartOf\":{\"@id\":\"https:\\\/\\\/fit360.ee\\\/en\\\/#website\"},\"primaryImageOfPage\":{\"@id\":\"https:\\\/\\\/fit360.ee\\\/en\\\/pood\\\/product-groups\\\/vitamins-and-minerals-en\\\/d-vitamin-en\\\/vitamiin-d3-90caps\\\/#primaryimage\"},\"image\":{\"@id\":\"https:\\\/\\\/fit360.ee\\\/en\\\/pood\\\/product-groups\\\/vitamins-and-minerals-en\\\/d-vitamin-en\\\/vitamiin-d3-90caps\\\/#primaryimage\"},\"thumbnailUrl\":\"https:\\\/\\\/fit360.ee\\\/wp-content\\\/uploads\\\/2022\\\/03\\\/iconfit-vitamiin-d3-fit360.ee_.jpg\",\"datePublished\":\"2022-03-02T17:34:56+00:00\",\"dateModified\":\"2026-02-23T15:05:43+00:00\",\"description\":\"ICONFIT Vitamiin D3\u00a0sisaldab suures annuses D-vitamiini (4000 IU). See on \u00fcks olulisemaid vitamiine \u2013\u00a0see m\u00f5jutab enamasti k\u00f5ikide meie ...\",\"breadcrumb\":{\"@id\":\"https:\\\/\\\/fit360.ee\\\/en\\\/pood\\\/product-groups\\\/vitamins-and-minerals-en\\\/d-vitamin-en\\\/vitamiin-d3-90caps\\\/#breadcrumb\"},\"inLanguage\":\"en-US\",\"potentialAction\":[{\"@type\":\"ReadAction\",\"target\":[\"https:\\\/\\\/fit360.ee\\\/en\\\/pood\\\/product-groups\\\/vitamins-and-minerals-en\\\/d-vitamin-en\\\/vitamiin-d3-90caps\\\/\"]}]},{\"@type\":\"ImageObject\",\"inLanguage\":\"en-US\",\"@id\":\"https:\\\/\\\/fit360.ee\\\/en\\\/pood\\\/product-groups\\\/vitamins-and-minerals-en\\\/d-vitamin-en\\\/vitamiin-d3-90caps\\\/#primaryimage\",\"url\":\"https:\\\/\\\/fit360.ee\\\/wp-content\\\/uploads\\\/2022\\\/03\\\/iconfit-vitamiin-d3-fit360.ee_.jpg\",\"contentUrl\":\"https:\\\/\\\/fit360.ee\\\/wp-content\\\/uploads\\\/2022\\\/03\\\/iconfit-vitamiin-d3-fit360.ee_.jpg\",\"width\":800,\"height\":800,\"caption\":\"iconfit vitamiin d3 - fit360.ee\"},{\"@type\":\"BreadcrumbList\",\"@id\":\"https:\\\/\\\/fit360.ee\\\/en\\\/pood\\\/product-groups\\\/vitamins-and-minerals-en\\\/d-vitamin-en\\\/vitamiin-d3-90caps\\\/#breadcrumb\",\"itemListElement\":[{\"@type\":\"ListItem\",\"position\":1,\"name\":\"Home\",\"item\":\"https:\\\/\\\/fit360.ee\\\/en\\\/\"},{\"@type\":\"ListItem\",\"position\":2,\"name\":\"Shop\",\"item\":\"https:\\\/\\\/fit360.ee\\\/en\\\/shop\\\/\"},{\"@type\":\"ListItem\",\"position\":3,\"name\":\"Vitamiin D3 4000 IU (90caps)\"}]},{\"@type\":\"WebSite\",\"@id\":\"https:\\\/\\\/fit360.ee\\\/en\\\/#website\",\"url\":\"https:\\\/\\\/fit360.ee\\\/en\\\/\",\"name\":\"Fit360\",\"description\":\"\",\"publisher\":{\"@id\":\"https:\\\/\\\/fit360.ee\\\/en\\\/#organization\"},\"potentialAction\":[{\"@type\":\"SearchAction\",\"target\":{\"@type\":\"EntryPoint\",\"urlTemplate\":\"https:\\\/\\\/fit360.ee\\\/en\\\/?s={search_term_string}\"},\"query-input\":{\"@type\":\"PropertyValueSpecification\",\"valueRequired\":true,\"valueName\":\"search_term_string\"}}],\"inLanguage\":\"en-US\"},{\"@type\":\"Organization\",\"@id\":\"https:\\\/\\\/fit360.ee\\\/en\\\/#organization\",\"name\":\"Fit360\",\"url\":\"https:\\\/\\\/fit360.ee\\\/en\\\/\",\"logo\":{\"@type\":\"ImageObject\",\"inLanguage\":\"en-US\",\"@id\":\"https:\\\/\\\/fit360.ee\\\/en\\\/#\\\/schema\\\/logo\\\/image\\\/\",\"url\":\"https:\\\/\\\/fit360.ee\\\/wp-content\\\/uploads\\\/2017\\\/01\\\/logo-fit360.png\",\"contentUrl\":\"https:\\\/\\\/fit360.ee\\\/wp-content\\\/uploads\\\/2017\\\/01\\\/logo-fit360.png\",\"width\":180,\"height\":66,\"caption\":\"Fit360\"},\"image\":{\"@id\":\"https:\\\/\\\/fit360.ee\\\/en\\\/#\\\/schema\\\/logo\\\/image\\\/\"}}]}<\/script>\n<!-- \/ Yoast SEO plugin. -->","yoast_head_json":{"title":"Vitamiin D3 4000 IU (90caps) - D Vitamiin 100% Vegan - Fit360","description":"ICONFIT Vitamiin D3\u00a0sisaldab suures annuses D-vitamiini (4000 IU). See on \u00fcks olulisemaid vitamiine \u2013\u00a0see m\u00f5jutab enamasti k\u00f5ikide meie ...","robots":{"index":"index","follow":"follow","max-snippet":"max-snippet:-1","max-image-preview":"max-image-preview:large","max-video-preview":"max-video-preview:-1"},"canonical":"https:\/\/fit360.ee\/en\/pood\/product-groups\/vitamins-and-minerals-en\/d-vitamin-en\/vitamiin-d3-90caps\/","og_locale":"en_US","og_type":"article","og_title":"Vitamiin D3 4000 IU (90caps) - D Vitamiin 100% Vegan - Fit360","og_description":"ICONFIT Vitamiin D3\u00a0sisaldab suures annuses D-vitamiini (4000 IU). See on \u00fcks olulisemaid vitamiine \u2013\u00a0see m\u00f5jutab enamasti k\u00f5ikide meie ...","og_url":"https:\/\/fit360.ee\/en\/pood\/product-groups\/vitamins-and-minerals-en\/d-vitamin-en\/vitamiin-d3-90caps\/","og_site_name":"Fit360","article_modified_time":"2026-02-23T15:05:43+00:00","og_image":[{"width":800,"height":800,"url":"https:\/\/fit360.ee\/wp-content\/uploads\/2022\/03\/iconfit-vitamiin-d3-fit360.ee_.jpg","type":"image\/jpeg"}],"twitter_card":"summary_large_image","twitter_misc":{"Est. reading time":"2 minutes"},"schema":{"@context":"https:\/\/schema.org","@graph":[{"@type":"WebPage","@id":"https:\/\/fit360.ee\/en\/pood\/product-groups\/vitamins-and-minerals-en\/d-vitamin-en\/vitamiin-d3-90caps\/","url":"https:\/\/fit360.ee\/en\/pood\/product-groups\/vitamins-and-minerals-en\/d-vitamin-en\/vitamiin-d3-90caps\/","name":"Vitamiin D3 4000 IU (90caps) - D Vitamiin 100% Vegan - Fit360","isPartOf":{"@id":"https:\/\/fit360.ee\/en\/#website"},"primaryImageOfPage":{"@id":"https:\/\/fit360.ee\/en\/pood\/product-groups\/vitamins-and-minerals-en\/d-vitamin-en\/vitamiin-d3-90caps\/#primaryimage"},"image":{"@id":"https:\/\/fit360.ee\/en\/pood\/product-groups\/vitamins-and-minerals-en\/d-vitamin-en\/vitamiin-d3-90caps\/#primaryimage"},"thumbnailUrl":"https:\/\/fit360.ee\/wp-content\/uploads\/2022\/03\/iconfit-vitamiin-d3-fit360.ee_.jpg","datePublished":"2022-03-02T17:34:56+00:00","dateModified":"2026-02-23T15:05:43+00:00","description":"ICONFIT Vitamiin D3\u00a0sisaldab suures annuses D-vitamiini (4000 IU). See on \u00fcks olulisemaid vitamiine \u2013\u00a0see m\u00f5jutab enamasti k\u00f5ikide meie ...","breadcrumb":{"@id":"https:\/\/fit360.ee\/en\/pood\/product-groups\/vitamins-and-minerals-en\/d-vitamin-en\/vitamiin-d3-90caps\/#breadcrumb"},"inLanguage":"en-US","potentialAction":[{"@type":"ReadAction","target":["https:\/\/fit360.ee\/en\/pood\/product-groups\/vitamins-and-minerals-en\/d-vitamin-en\/vitamiin-d3-90caps\/"]}]},{"@type":"ImageObject","inLanguage":"en-US","@id":"https:\/\/fit360.ee\/en\/pood\/product-groups\/vitamins-and-minerals-en\/d-vitamin-en\/vitamiin-d3-90caps\/#primaryimage","url":"https:\/\/fit360.ee\/wp-content\/uploads\/2022\/03\/iconfit-vitamiin-d3-fit360.ee_.jpg","contentUrl":"https:\/\/fit360.ee\/wp-content\/uploads\/2022\/03\/iconfit-vitamiin-d3-fit360.ee_.jpg","width":800,"height":800,"caption":"iconfit vitamiin d3 - fit360.ee"},{"@type":"BreadcrumbList","@id":"https:\/\/fit360.ee\/en\/pood\/product-groups\/vitamins-and-minerals-en\/d-vitamin-en\/vitamiin-d3-90caps\/#breadcrumb","itemListElement":[{"@type":"ListItem","position":1,"name":"Home","item":"https:\/\/fit360.ee\/en\/"},{"@type":"ListItem","position":2,"name":"Shop","item":"https:\/\/fit360.ee\/en\/shop\/"},{"@type":"ListItem","position":3,"name":"Vitamiin D3 4000 IU (90caps)"}]},{"@type":"WebSite","@id":"https:\/\/fit360.ee\/en\/#website","url":"https:\/\/fit360.ee\/en\/","name":"Fit360","description":"","publisher":{"@id":"https:\/\/fit360.ee\/en\/#organization"},"potentialAction":[{"@type":"SearchAction","target":{"@type":"EntryPoint","urlTemplate":"https:\/\/fit360.ee\/en\/?s={search_term_string}"},"query-input":{"@type":"PropertyValueSpecification","valueRequired":true,"valueName":"search_term_string"}}],"inLanguage":"en-US"},{"@type":"Organization","@id":"https:\/\/fit360.ee\/en\/#organization","name":"Fit360","url":"https:\/\/fit360.ee\/en\/","logo":{"@type":"ImageObject","inLanguage":"en-US","@id":"https:\/\/fit360.ee\/en\/#\/schema\/logo\/image\/","url":"https:\/\/fit360.ee\/wp-content\/uploads\/2017\/01\/logo-fit360.png","contentUrl":"https:\/\/fit360.ee\/wp-content\/uploads\/2017\/01\/logo-fit360.png","width":180,"height":66,"caption":"Fit360"},"image":{"@id":"https:\/\/fit360.ee\/en\/#\/schema\/logo\/image\/"}}]}},"_links":{"self":[{"href":"https:\/\/fit360.ee\/en\/wp-json\/wp\/v2\/product\/60571","targetHints":{"allow":["GET"]}}],"collection":[{"href":"https:\/\/fit360.ee\/en\/wp-json\/wp\/v2\/product"}],"about":[{"href":"https:\/\/fit360.ee\/en\/wp-json\/wp\/v2\/types\/product"}],"replies":[{"embeddable":true,"href":"https:\/\/fit360.ee\/en\/wp-json\/wp\/v2\/comments?post=60571"}],"wp:featuredmedia":[{"embeddable":true,"href":"https:\/\/fit360.ee\/en\/wp-json\/wp\/v2\/media\/60570"}],"wp:attachment":[{"href":"https:\/\/fit360.ee\/en\/wp-json\/wp\/v2\/media?parent=60571"}],"wp:term":[{"taxonomy":"product_brand","embeddable":true,"href":"https:\/\/fit360.ee\/en\/wp-json\/wp\/v2\/product_brand?post=60571"},{"taxonomy":"product_cat","embeddable":true,"href":"https:\/\/fit360.ee\/en\/wp-json\/wp\/v2\/product_cat?post=60571"},{"taxonomy":"product_tag","embeddable":true,"href":"https:\/\/fit360.ee\/en\/wp-json\/wp\/v2\/product_tag?post=60571"},{"taxonomy":"giftcard-category","embeddable":true,"href":"https:\/\/fit360.ee\/en\/wp-json\/wp\/v2\/giftcard-category?post=60571"}],"curies":[{"name":"wp","href":"https:\/\/api.w.org\/{rel}","templated":true}]}}