{"id":60808,"date":"2022-03-10T14:21:59","date_gmt":"2022-03-10T12:21:59","guid":{"rendered":"https:\/\/fit360.ee\/pood\/uncategorized\/beauty-collagen-300g\/"},"modified":"2026-04-10T14:42:35","modified_gmt":"2026-04-10T12:42:35","slug":"beauty-collagen-300g","status":"publish","type":"product","link":"https:\/\/fit360.ee\/en\/pood\/product-groups\/vitamins-and-minerals-en\/c-vitamin-en\/beauty-collagen-300g\/","title":{"rendered":"Beauty Collagen (300g)"},"content":{"rendered":"<h1><strong>Beauty Collagen<\/strong><\/h1>\n<p><strong>ICONFIT Beauty Collagen<\/strong>\u00a0koosneb meie k\u00f5rgelt hinnatud puhtaimast\u00a0<a href=\"https:\/\/fit360.ee\/en\/product-category\/product-groups\/collagen-en\/\"><strong>kollageenist<\/strong><\/a>,\u00a0<strong>h\u00fcaluroonhappest<\/strong>,\u00a0<a href=\"https:\/\/fit360.ee\/en\/product-category\/product-groups\/vitamins-and-minerals-en\/c-vitamin-en\/\"><strong>vitamiin C<\/strong><\/a>\u00a0ja\u00a0<a href=\"https:\/\/fit360.ee\/en\/product-category\/product-groups\/vitamins-and-minerals-en\/e-vitamin-en\/\"><strong>E-st<\/strong><\/a>\u00a0ning\u00a0<a href=\"https:\/\/fit360.ee\/en\/product-category\/product-groups\/vitamins-and-minerals-en\/biotin-en\/\"><strong>biotiinist<\/strong><\/a>. Suurep\u00e4rane kombinatsioon saavutamaks parimaid tulemusi naha, k\u00fc\u00fcnte ja juurte heaks! Uuringud on t\u00f5estanud, et kollageeni tarbimine on kasulik naha elastsusele, v\u00e4hendab kortsude teket ja niisutab nahka. Kollageen aitab hoida k\u00fc\u00fcned tugevana ja soodustab juuste kasvu. Tarbides iga p\u00e4ev kollageeni kaitsed ka oma liigeseid, luid ja lihaseid vigastuste eest.<\/p>\n<ul>\n<li><strong>Kollageen<\/strong>\u00a0on inimkeha k\u00f5ige olulisem proteiin, moodustades inimeses leiduvast proteiinist 25-35%. Kui elutee algul keha suudab edukalt toota kehas kogu vajaliku kollageeni koguse, siis ~25. eluaastast see v\u00e4heneb iga aasta keskmiselt 1,5% v\u00f5rra. Tulenevalt sellest on soovitav kollageeni lisaks tarbida alates 25.-30. eluaastast igap\u00e4evaselt.Kuigi naha jaoks kasutatakse kollageeni ka mitmetes kreemides, siis kahjuks kollageen ei imendu sel viisil h\u00e4sti ja j\u00e4\u00e4b enamuses lihtsalt naha pinnale. Toiduga-joogiga tarbitav h\u00fcdrol\u00fc\u00fcsitud kollageen on aga kergesti ja kiiresti imenduv ja annab nahale maksimaalse tulemuse. Kui enamus kollageene toodetakse hapete ja kemikaalidega siis\u00a0<strong>ICONFIT kollageen<\/strong>\u00a0toodetakse unikaalse\u00a0<strong>kemikaalivaba protsessiga<\/strong>\u00a0ning\u00a0<strong>puhtus on praktiliselt 100%.<\/strong><\/li>\n<\/ul>\n<ul>\n<li><strong>H\u00fcaluroonhappe<\/strong>\u00a0peamine \u00fclesanne on naha niiskustasakaalu s\u00e4ilitamine meie naha s\u00fcgavamas kihis, parandab naha elastsust ning muudab selle siledamaks, aitab s\u00e4ilitada kollageeni tootmist kehas. H\u00fcaluroonhape on ilusa naha jaoks v\u00e4ga vajalik \u2013 seda kasutatakse ka erinevates seerumites, kreemides ning ka s\u00fcstides. H\u00fcaluroonhape on aine, mida meie keha ise toodab, kuid kahjuks kahaneb vanusega happe kogus kehas, mis t\u00e4hendab, et seda v\u00f5iks tarvitada lisaks toidulisandina.<\/li>\n<\/ul>\n<ul>\n<li><strong>Vitamiin C\u00a0<\/strong>tagab kollageeni veelgi parema imendumise, andes seel\u00e4bi parima tulemuse nahale, juustele ja k\u00fc\u00fcntele. Vitamiin C aitab ennetada naha vananemise m\u00e4rke ning \u00fchtlustab nahatooni. Seda nimetatakse tugevaks antioks\u00fcdandiks.<\/li>\n<\/ul>\n<ul>\n<li><strong>Vitamiin E<\/strong>\u00a0on\u00a0 samuti v\u00f5imas antioks\u00fcdant ning ideaalne naha enneaegse vananemise kaitseks. E-vitamiin aitab s\u00e4ilitada naha elastsust ja niiskust.<\/li>\n<\/ul>\n<ul>\n<li><strong>Biotiin<\/strong>\u00a0on vitamiin, mis tugevdab juukseid, nahka ning k\u00fc\u00fcsi.<\/li>\n<li><\/li>\n<\/ul>\n<p><strong>ICONFIT Ilu kollageen<\/strong>\u00a0on igap\u00e4evaseks tarbimiseks m\u00f5eldud vitamiinide kompleks, mis sisaldab toitainete kombinatsiooni, et toita nahka, ennetada kortsude teket ning toetada terveid juukseid ja k\u00fc\u00fcsi.\u00a0<strong>Tervislik s\u00e4ra seestpoolt v\u00e4ljapoole!<\/strong><\/p>\n<p>&nbsp;<\/p>\n<div class=\"table-2\">\n<table width=\"1168\">\n<thead>\n<tr>\n<th align=\"left\"><strong>P\u00e4evane kogus sisaldab:<\/strong><\/th>\n<th align=\"left\"><strong>1 portsjon\u00a0<\/strong><\/th>\n<th align=\"left\"><strong>%NRV*<\/strong><\/th>\n<\/tr>\n<\/thead>\n<tbody>\n<tr>\n<td align=\"left\">H\u00fcdrol\u00fc\u00fcsitud kollageen<\/td>\n<td align=\"left\">9.7 g<\/td>\n<td align=\"left\">\u2013<\/td>\n<\/tr>\n<tr>\n<td align=\"left\">Vitamiin C (<i>L-askorbiinhape<\/i>)<\/td>\n<td align=\"left\">360 mg<\/td>\n<td align=\"left\">450%<\/td>\n<\/tr>\n<tr>\n<td align=\"left\">H\u00fcaluroonhape<\/td>\n<td align=\"left\">\u00a0180 mg<\/td>\n<td align=\"left\">\u2013<\/td>\n<\/tr>\n<tr>\n<td align=\"left\">Vitamiin E (<i>D-\u03b1-tokofer\u00fc\u00fclatsetaat<\/i>)<\/td>\n<td align=\"left\">18 mg<\/td>\n<td align=\"left\">150 %<\/td>\n<\/tr>\n<tr>\n<td align=\"left\">Biotiin (<i>D-biotiin<\/i>)<\/td>\n<td align=\"left\">\u00a02400 \u03bcg<\/td>\n<td align=\"left\">4800%<\/td>\n<\/tr>\n<\/tbody>\n<\/table>\n<\/div>\n<p>&nbsp;<\/p>\n<p>* \u2013 protsent p\u00e4evasest v\u00f5rdluskogusest t\u00e4iskasvanutele)<\/p>\n<p><strong>Koostisosad. Maasika-m\u00fcndi:<\/strong>\u00a0h\u00fcdrol\u00fc\u00fcsitud kollageen, maitse- ja l\u00f5hnaained, sidrunhape, vitamiin C (<i>L-askorbiinhape<\/i>), naatriumh\u00fcaluronaat (h\u00fcaluroonhape), musta porgandi ekstrakt, magusaine sukraloos, vitamiin E (<i>D-\u03b1-tokofer\u00fc\u00fclatsetaat<\/i>), biotin (<i>D-biotiin<\/i>).<\/p>\n<p><strong>Koostisosad. Apelsini:<\/strong>\u00a0h\u00fcdrol\u00fc\u00fcsitud kollageen, maitse- ja l\u00f5hnaained, sidrunhape, vitamiin C (<i>L-askorbiinhape<\/i>), naatriumh\u00fcaluronaat (h\u00fcaluroonhape), beeta-karoteen, magusaine sukraloos, vitamiin E (<i>D-\u03b1-tokofer\u00fc\u00fclatsetaat<\/i>), biotin (<i>D-biotiin<\/i>).<\/p>\n<p><strong>Koostisosad. Sidruni-laimi:<\/strong>\u00a0h\u00fcdrol\u00fc\u00fcsitud kollageen, sidrunhape, maitse- ja l\u00f5hnaaine, vitamiin C (<i>L-askorbiinhape<\/i>), naatriumh\u00fcaluronaat (h\u00fcaluroonhape), magusaine sukraloos, vitamiin E (<i>D-\u03b1-tokofer\u00fc\u00fclatsetaat<\/i>), beeta-karoteen, biotin (<i>D-biotiin<\/i>).<\/p>\n<p><strong>KASUTAMINE:\u00a0<\/strong>12 g pulbrit (2 m\u00f5\u00f5dulusikat, purgis kaasas) segada klaasis 200-300 ml veega. Tarbi 1x p\u00e4evas.\u00a0NB! Sobib ka rasedatele.<\/p>\n<p>Vaata ka meie teisi Kollageene <a href=\"https:\/\/fit360.ee\/en\/product-category\/product-groups\/collagen-en\/\"><strong>SIIT<\/strong><\/a>!<\/p>\n<p>Soovid kaupa osta suuremas koguses? Vaata antud toodet ka meie HULGI poest\u00a0<a href=\"https:\/\/toidulisandidhulgi.ee\/product\/beauty-collagen-300g\/\"><strong>SIIT<\/strong><\/a>!<\/p>\n","protected":false},"excerpt":{"rendered":"<p><strong>ICONFIT Beauty Collagen<\/strong>\u00a0koosneb meie k\u00f5rgelt hinnatud puhtaimast kollageenist, h\u00fcaluroonhappest, vitamiin C ja E-st ning biotiinist \u2013 suurep\u00e4rane kombinatsioon saavutamaks parimaid tulemusi nahale, k\u00fc\u00fcntele ja juustele. See on\u00a0<strong>Eestis toodetud kollageenikompleks<\/strong>, mis sisaldab parimaid koostisosi ilusa v\u00e4limuse s\u00e4ilitamiseks. Saadaval 3-s erinevas nauditavas maitsevariandis.<\/p>\n<ul class=\"fusion-checklist fusion-checklist-1\">\n<li><i class=\"fusion-li-icon fa fa-check\"><\/i>\n<div class=\"fusion-li-item-content\">Koostises looduslike protsessidega toodetud kollageen, vitamiin C, h\u00fcaluroonhape, biotiin ja vitamiin E<\/div>\n<\/li>\n<li class=\"fusion-li-item\">\n<div class=\"fusion-li-item-content\">Valmistamine on imelihtne \u2013 sega 2 m\u00f5\u00f5dulusika kogus klaasis vaid veega ja naudi! Saadaval 3 erinevat maitset<\/div>\n<\/li>\n<li class=\"fusion-li-item\">\n<div class=\"fusion-li-item-content\">Stimuleerib juuste kasvu, tugevdab k\u00fc\u00fcsi, niisutab ja uuendab nahka ning on vananemisvastase toimega.<\/div>\n<\/li>\n<li class=\"fusion-li-item\">\n<div class=\"fusion-li-item-content\">Proovi ja sellest v\u00f5ib saada Sinu lemmik ilutoode.<\/div>\n<p>&nbsp;<\/li>\n<\/ul>\n","protected":false},"featured_media":69632,"comment_status":"closed","ping_status":"closed","template":"","meta":[],"product_brand":[],"product_cat":[2255,1911,1636,2283,5317,1318,527,536],"product_tag":[3671,1681,1724],"giftcard-category":[],"class_list":{"0":"post-60808","1":"product","2":"type-product","3":"status-publish","4":"has-post-thumbnail","6":"product_cat-biotin-en","7":"product_cat-c-vitamin-en","8":"product_cat-collagen-en","9":"product_cat-e-vitamin-en","10":"product_cat-hyaluronic-acid-en","11":"product_cat-iconfit-en","12":"product_cat-joint-support-en","13":"product_cat-vitamins-and-minerals-en","14":"product_tag-beauty-collagen-en","15":"product_tag-iconfit-en","16":"product_tag-kollageen-en","17":"pa_maitse-lemon-lime-en","18":"pa_maitse-maasika-mundi-en","19":"pa_maitse-natural","20":"pa_maitse-orange","22":"first","23":"instock","24":"sale","25":"taxable","26":"shipping-taxable","27":"purchasable","28":"product-type-variable"},"yoast_head":"<!-- This site is optimized with the Yoast SEO plugin v27.3 - https:\/\/yoast.com\/product\/yoast-seo-wordpress\/ -->\n<title>Beauty Collagen (300g) - Kollageen - Ilus v\u00e4limus - Kiire Tarne - Fit360<\/title>\n<meta name=\"description\" content=\"Beauty Collagen\u00a0koosneb meie k\u00f5rgelt hinnatud puhtaimast\u00a0kollageenist,\u00a0h\u00fcaluroonhappest,\u00a0vitamiin C\u00a0ja\u00a0E-st\u00a0ning\u00a0biotiinist. Kiire Tarne!\" \/>\n<meta name=\"robots\" content=\"index, follow, max-snippet:-1, max-image-preview:large, max-video-preview:-1\" \/>\n<link rel=\"canonical\" href=\"https:\/\/fit360.ee\/en\/pood\/product-groups\/vitamins-and-minerals-en\/c-vitamin-en\/beauty-collagen-300g\/\" \/>\n<meta property=\"og:locale\" content=\"en_US\" \/>\n<meta property=\"og:type\" content=\"article\" \/>\n<meta property=\"og:title\" content=\"Beauty Collagen (300g) - Kollageen - Ilus v\u00e4limus - Kiire Tarne - Fit360\" \/>\n<meta property=\"og:description\" content=\"Beauty Collagen\u00a0koosneb meie k\u00f5rgelt hinnatud puhtaimast\u00a0kollageenist,\u00a0h\u00fcaluroonhappest,\u00a0vitamiin C\u00a0ja\u00a0E-st\u00a0ning\u00a0biotiinist. Kiire Tarne!\" \/>\n<meta property=\"og:url\" content=\"https:\/\/fit360.ee\/en\/pood\/product-groups\/vitamins-and-minerals-en\/c-vitamin-en\/beauty-collagen-300g\/\" \/>\n<meta property=\"og:site_name\" content=\"Fit360\" \/>\n<meta property=\"article:modified_time\" content=\"2026-04-10T12:42:35+00:00\" \/>\n<meta property=\"og:image\" content=\"https:\/\/fit360.ee\/wp-content\/uploads\/2022\/03\/beauty-collagen-fit360.ee_-1.jpg\" \/>\n\t<meta property=\"og:image:width\" content=\"669\" \/>\n\t<meta property=\"og:image:height\" content=\"669\" \/>\n\t<meta property=\"og:image:type\" content=\"image\/jpeg\" \/>\n<meta name=\"twitter:card\" content=\"summary_large_image\" \/>\n<meta name=\"twitter:label1\" content=\"Est. reading time\" \/>\n\t<meta name=\"twitter:data1\" content=\"3 minutes\" \/>\n<script type=\"application\/ld+json\" class=\"yoast-schema-graph\">{\"@context\":\"https:\\\/\\\/schema.org\",\"@graph\":[{\"@type\":\"WebPage\",\"@id\":\"https:\\\/\\\/fit360.ee\\\/en\\\/pood\\\/product-groups\\\/vitamins-and-minerals-en\\\/c-vitamin-en\\\/beauty-collagen-300g\\\/\",\"url\":\"https:\\\/\\\/fit360.ee\\\/en\\\/pood\\\/product-groups\\\/vitamins-and-minerals-en\\\/c-vitamin-en\\\/beauty-collagen-300g\\\/\",\"name\":\"Beauty Collagen (300g) - Kollageen - Ilus v\u00e4limus - Kiire Tarne - Fit360\",\"isPartOf\":{\"@id\":\"https:\\\/\\\/fit360.ee\\\/en\\\/#website\"},\"primaryImageOfPage\":{\"@id\":\"https:\\\/\\\/fit360.ee\\\/en\\\/pood\\\/product-groups\\\/vitamins-and-minerals-en\\\/c-vitamin-en\\\/beauty-collagen-300g\\\/#primaryimage\"},\"image\":{\"@id\":\"https:\\\/\\\/fit360.ee\\\/en\\\/pood\\\/product-groups\\\/vitamins-and-minerals-en\\\/c-vitamin-en\\\/beauty-collagen-300g\\\/#primaryimage\"},\"thumbnailUrl\":\"https:\\\/\\\/fit360.ee\\\/wp-content\\\/uploads\\\/2022\\\/03\\\/beauty-collagen-fit360.ee_-1.jpg\",\"datePublished\":\"2022-03-10T12:21:59+00:00\",\"dateModified\":\"2026-04-10T12:42:35+00:00\",\"description\":\"Beauty Collagen\u00a0koosneb meie k\u00f5rgelt hinnatud puhtaimast\u00a0kollageenist,\u00a0h\u00fcaluroonhappest,\u00a0vitamiin C\u00a0ja\u00a0E-st\u00a0ning\u00a0biotiinist. Kiire Tarne!\",\"breadcrumb\":{\"@id\":\"https:\\\/\\\/fit360.ee\\\/en\\\/pood\\\/product-groups\\\/vitamins-and-minerals-en\\\/c-vitamin-en\\\/beauty-collagen-300g\\\/#breadcrumb\"},\"inLanguage\":\"en-US\",\"potentialAction\":[{\"@type\":\"ReadAction\",\"target\":[\"https:\\\/\\\/fit360.ee\\\/en\\\/pood\\\/product-groups\\\/vitamins-and-minerals-en\\\/c-vitamin-en\\\/beauty-collagen-300g\\\/\"]}]},{\"@type\":\"ImageObject\",\"inLanguage\":\"en-US\",\"@id\":\"https:\\\/\\\/fit360.ee\\\/en\\\/pood\\\/product-groups\\\/vitamins-and-minerals-en\\\/c-vitamin-en\\\/beauty-collagen-300g\\\/#primaryimage\",\"url\":\"https:\\\/\\\/fit360.ee\\\/wp-content\\\/uploads\\\/2022\\\/03\\\/beauty-collagen-fit360.ee_-1.jpg\",\"contentUrl\":\"https:\\\/\\\/fit360.ee\\\/wp-content\\\/uploads\\\/2022\\\/03\\\/beauty-collagen-fit360.ee_-1.jpg\",\"width\":669,\"height\":669,\"caption\":\"beauty collagen - fit360.ee\"},{\"@type\":\"BreadcrumbList\",\"@id\":\"https:\\\/\\\/fit360.ee\\\/en\\\/pood\\\/product-groups\\\/vitamins-and-minerals-en\\\/c-vitamin-en\\\/beauty-collagen-300g\\\/#breadcrumb\",\"itemListElement\":[{\"@type\":\"ListItem\",\"position\":1,\"name\":\"Home\",\"item\":\"https:\\\/\\\/fit360.ee\\\/en\\\/\"},{\"@type\":\"ListItem\",\"position\":2,\"name\":\"Shop\",\"item\":\"https:\\\/\\\/fit360.ee\\\/en\\\/shop\\\/\"},{\"@type\":\"ListItem\",\"position\":3,\"name\":\"Beauty Collagen (300g)\"}]},{\"@type\":\"WebSite\",\"@id\":\"https:\\\/\\\/fit360.ee\\\/en\\\/#website\",\"url\":\"https:\\\/\\\/fit360.ee\\\/en\\\/\",\"name\":\"Fit360\",\"description\":\"\",\"publisher\":{\"@id\":\"https:\\\/\\\/fit360.ee\\\/en\\\/#organization\"},\"potentialAction\":[{\"@type\":\"SearchAction\",\"target\":{\"@type\":\"EntryPoint\",\"urlTemplate\":\"https:\\\/\\\/fit360.ee\\\/en\\\/?s={search_term_string}\"},\"query-input\":{\"@type\":\"PropertyValueSpecification\",\"valueRequired\":true,\"valueName\":\"search_term_string\"}}],\"inLanguage\":\"en-US\"},{\"@type\":\"Organization\",\"@id\":\"https:\\\/\\\/fit360.ee\\\/en\\\/#organization\",\"name\":\"Fit360\",\"url\":\"https:\\\/\\\/fit360.ee\\\/en\\\/\",\"logo\":{\"@type\":\"ImageObject\",\"inLanguage\":\"en-US\",\"@id\":\"https:\\\/\\\/fit360.ee\\\/en\\\/#\\\/schema\\\/logo\\\/image\\\/\",\"url\":\"https:\\\/\\\/fit360.ee\\\/wp-content\\\/uploads\\\/2017\\\/01\\\/logo-fit360.png\",\"contentUrl\":\"https:\\\/\\\/fit360.ee\\\/wp-content\\\/uploads\\\/2017\\\/01\\\/logo-fit360.png\",\"width\":180,\"height\":66,\"caption\":\"Fit360\"},\"image\":{\"@id\":\"https:\\\/\\\/fit360.ee\\\/en\\\/#\\\/schema\\\/logo\\\/image\\\/\"}}]}<\/script>\n<!-- \/ Yoast SEO plugin. -->","yoast_head_json":{"title":"Beauty Collagen (300g) - Kollageen - Ilus v\u00e4limus - Kiire Tarne - Fit360","description":"Beauty Collagen\u00a0koosneb meie k\u00f5rgelt hinnatud puhtaimast\u00a0kollageenist,\u00a0h\u00fcaluroonhappest,\u00a0vitamiin C\u00a0ja\u00a0E-st\u00a0ning\u00a0biotiinist. Kiire Tarne!","robots":{"index":"index","follow":"follow","max-snippet":"max-snippet:-1","max-image-preview":"max-image-preview:large","max-video-preview":"max-video-preview:-1"},"canonical":"https:\/\/fit360.ee\/en\/pood\/product-groups\/vitamins-and-minerals-en\/c-vitamin-en\/beauty-collagen-300g\/","og_locale":"en_US","og_type":"article","og_title":"Beauty Collagen (300g) - Kollageen - Ilus v\u00e4limus - Kiire Tarne - Fit360","og_description":"Beauty Collagen\u00a0koosneb meie k\u00f5rgelt hinnatud puhtaimast\u00a0kollageenist,\u00a0h\u00fcaluroonhappest,\u00a0vitamiin C\u00a0ja\u00a0E-st\u00a0ning\u00a0biotiinist. Kiire Tarne!","og_url":"https:\/\/fit360.ee\/en\/pood\/product-groups\/vitamins-and-minerals-en\/c-vitamin-en\/beauty-collagen-300g\/","og_site_name":"Fit360","article_modified_time":"2026-04-10T12:42:35+00:00","og_image":[{"width":669,"height":669,"url":"https:\/\/fit360.ee\/wp-content\/uploads\/2022\/03\/beauty-collagen-fit360.ee_-1.jpg","type":"image\/jpeg"}],"twitter_card":"summary_large_image","twitter_misc":{"Est. reading time":"3 minutes"},"schema":{"@context":"https:\/\/schema.org","@graph":[{"@type":"WebPage","@id":"https:\/\/fit360.ee\/en\/pood\/product-groups\/vitamins-and-minerals-en\/c-vitamin-en\/beauty-collagen-300g\/","url":"https:\/\/fit360.ee\/en\/pood\/product-groups\/vitamins-and-minerals-en\/c-vitamin-en\/beauty-collagen-300g\/","name":"Beauty Collagen (300g) - Kollageen - Ilus v\u00e4limus - Kiire Tarne - Fit360","isPartOf":{"@id":"https:\/\/fit360.ee\/en\/#website"},"primaryImageOfPage":{"@id":"https:\/\/fit360.ee\/en\/pood\/product-groups\/vitamins-and-minerals-en\/c-vitamin-en\/beauty-collagen-300g\/#primaryimage"},"image":{"@id":"https:\/\/fit360.ee\/en\/pood\/product-groups\/vitamins-and-minerals-en\/c-vitamin-en\/beauty-collagen-300g\/#primaryimage"},"thumbnailUrl":"https:\/\/fit360.ee\/wp-content\/uploads\/2022\/03\/beauty-collagen-fit360.ee_-1.jpg","datePublished":"2022-03-10T12:21:59+00:00","dateModified":"2026-04-10T12:42:35+00:00","description":"Beauty Collagen\u00a0koosneb meie k\u00f5rgelt hinnatud puhtaimast\u00a0kollageenist,\u00a0h\u00fcaluroonhappest,\u00a0vitamiin C\u00a0ja\u00a0E-st\u00a0ning\u00a0biotiinist. Kiire Tarne!","breadcrumb":{"@id":"https:\/\/fit360.ee\/en\/pood\/product-groups\/vitamins-and-minerals-en\/c-vitamin-en\/beauty-collagen-300g\/#breadcrumb"},"inLanguage":"en-US","potentialAction":[{"@type":"ReadAction","target":["https:\/\/fit360.ee\/en\/pood\/product-groups\/vitamins-and-minerals-en\/c-vitamin-en\/beauty-collagen-300g\/"]}]},{"@type":"ImageObject","inLanguage":"en-US","@id":"https:\/\/fit360.ee\/en\/pood\/product-groups\/vitamins-and-minerals-en\/c-vitamin-en\/beauty-collagen-300g\/#primaryimage","url":"https:\/\/fit360.ee\/wp-content\/uploads\/2022\/03\/beauty-collagen-fit360.ee_-1.jpg","contentUrl":"https:\/\/fit360.ee\/wp-content\/uploads\/2022\/03\/beauty-collagen-fit360.ee_-1.jpg","width":669,"height":669,"caption":"beauty collagen - fit360.ee"},{"@type":"BreadcrumbList","@id":"https:\/\/fit360.ee\/en\/pood\/product-groups\/vitamins-and-minerals-en\/c-vitamin-en\/beauty-collagen-300g\/#breadcrumb","itemListElement":[{"@type":"ListItem","position":1,"name":"Home","item":"https:\/\/fit360.ee\/en\/"},{"@type":"ListItem","position":2,"name":"Shop","item":"https:\/\/fit360.ee\/en\/shop\/"},{"@type":"ListItem","position":3,"name":"Beauty Collagen (300g)"}]},{"@type":"WebSite","@id":"https:\/\/fit360.ee\/en\/#website","url":"https:\/\/fit360.ee\/en\/","name":"Fit360","description":"","publisher":{"@id":"https:\/\/fit360.ee\/en\/#organization"},"potentialAction":[{"@type":"SearchAction","target":{"@type":"EntryPoint","urlTemplate":"https:\/\/fit360.ee\/en\/?s={search_term_string}"},"query-input":{"@type":"PropertyValueSpecification","valueRequired":true,"valueName":"search_term_string"}}],"inLanguage":"en-US"},{"@type":"Organization","@id":"https:\/\/fit360.ee\/en\/#organization","name":"Fit360","url":"https:\/\/fit360.ee\/en\/","logo":{"@type":"ImageObject","inLanguage":"en-US","@id":"https:\/\/fit360.ee\/en\/#\/schema\/logo\/image\/","url":"https:\/\/fit360.ee\/wp-content\/uploads\/2017\/01\/logo-fit360.png","contentUrl":"https:\/\/fit360.ee\/wp-content\/uploads\/2017\/01\/logo-fit360.png","width":180,"height":66,"caption":"Fit360"},"image":{"@id":"https:\/\/fit360.ee\/en\/#\/schema\/logo\/image\/"}}]}},"_links":{"self":[{"href":"https:\/\/fit360.ee\/en\/wp-json\/wp\/v2\/product\/60808","targetHints":{"allow":["GET"]}}],"collection":[{"href":"https:\/\/fit360.ee\/en\/wp-json\/wp\/v2\/product"}],"about":[{"href":"https:\/\/fit360.ee\/en\/wp-json\/wp\/v2\/types\/product"}],"replies":[{"embeddable":true,"href":"https:\/\/fit360.ee\/en\/wp-json\/wp\/v2\/comments?post=60808"}],"wp:featuredmedia":[{"embeddable":true,"href":"https:\/\/fit360.ee\/en\/wp-json\/wp\/v2\/media\/69632"}],"wp:attachment":[{"href":"https:\/\/fit360.ee\/en\/wp-json\/wp\/v2\/media?parent=60808"}],"wp:term":[{"taxonomy":"product_brand","embeddable":true,"href":"https:\/\/fit360.ee\/en\/wp-json\/wp\/v2\/product_brand?post=60808"},{"taxonomy":"product_cat","embeddable":true,"href":"https:\/\/fit360.ee\/en\/wp-json\/wp\/v2\/product_cat?post=60808"},{"taxonomy":"product_tag","embeddable":true,"href":"https:\/\/fit360.ee\/en\/wp-json\/wp\/v2\/product_tag?post=60808"},{"taxonomy":"giftcard-category","embeddable":true,"href":"https:\/\/fit360.ee\/en\/wp-json\/wp\/v2\/giftcard-category?post=60808"}],"curies":[{"name":"wp","href":"https:\/\/api.w.org\/{rel}","templated":true}]}}