{"id":60828,"date":"2022-03-10T16:07:42","date_gmt":"2022-03-10T14:07:42","guid":{"rendered":"https:\/\/fit360.ee\/pood\/uncategorized\/tsink-diglutsinaat-90caps\/"},"modified":"2026-03-24T14:39:22","modified_gmt":"2026-03-24T12:39:22","slug":"tsink-diglutsinaat-90caps","status":"publish","type":"product","link":"https:\/\/fit360.ee\/en\/pood\/product-groups\/%d0%b2%d0%b5%d0%b3%d0%b0%d0%bd\/vegan-capsules-en\/tsink-diglutsinaat-90caps\/","title":{"rendered":"Tsink Digl\u00fctsinaat (90caps)"},"content":{"rendered":"<h1><strong>Tsink Digl\u00fctsinaat<\/strong><\/h1>\n<p><strong>ICONFIT Tsink Digl\u00fctsinaat\u00a0<\/strong>on kergesti imenduv mineraal, mis on oluline\u00a0<strong>kogu organismi toimimiseks<\/strong>. Inimese kehas leidub tsink peamiselt skeletilihastes ja luudes. Tsink on vajalik naha terviklikkuse s\u00e4ilitamiseks, juuksekasvuks, organismi kasvamiseks, rakkude taastumiseks ning vabade radikaalide vastaseks kaitseks. Samuti on tsink vajalik kilpn\u00e4\u00e4rme ja suguhormoonide s\u00fcnteesis ja talituses. Tagab maitse- ja l\u00f5hnaaistingu ning hea n\u00e4gemise.<\/p>\n<p>Tavap\u00e4rasest suuremal m\u00e4\u00e4ral tsinki vajavad:<\/p>\n<ul>\n<li>kasvueas noored<\/li>\n<li>rasedad ja imetavad emad<\/li>\n<li>stressi ja haiguste all kannatavad inimesed<\/li>\n<li>k\u00f5rge f\u00fc\u00fcsilise koormuse all olevad inimesed<\/li>\n<\/ul>\n<p>Tsingi pikaaegsel puudusel v\u00f5ib suureneda vastuv\u00f5tlikkus infektsioonidele, haavad v\u00f5ivad paraneda halvasti, esineb juuste v\u00e4ljalangemine, s\u00f6\u00f6giisu kaotus, v\u00e4heneb maitse- ja l\u00f5hnatundlikkus, v\u00f5ivad tekkida n\u00e4gemish\u00e4ired ning sageneb haigestumine viirustesse.\u00a0Kuna keha ei tooda ega s\u00e4ilita tsinki loomulikult, peetakse seda oluliseks toitaineks ja seda tuleb hankida toidu v\u00f5i toidulisanditega.<\/p>\n<p><strong>ICONFIT Tsink digl\u00fctsinaat<\/strong>\u00a0sisaldab tsinki kelaaditud kujul. Mitmed uuringud on n\u00e4idanud, et m\u00f5ne mineraali kelaaditud vormid aitavad organismil kasulikke aineid mitu korda paremini omastada.\u00a0Kelaaditud tsink imendub oma biosaadavuse t\u00f5ttu kiiresti ning t\u00f5husamalt.<\/p>\n<p>ICONFIT kapslid ei sisalda kunstlikke lisaaineid, kemikaale, s\u00e4ilitusaineid ega v\u00e4rvaineid ning on GMO vabad.<\/p>\n<div class=\"table-2\">\n<table width=\"100%\">\n<thead>\n<tr>\n<th align=\"left\"><strong>P\u00c4EVANE ANNUS\u00a0<\/strong><\/th>\n<th align=\"left\">1 kapsel<\/th>\n<th align=\"left\"><strong>%NRV* \/ % RMV*<\/strong><\/th>\n<\/tr>\n<\/thead>\n<tbody>\n<tr>\n<td align=\"left\">Tsink (tsinkdigl\u00fctsinaat)<\/td>\n<td align=\"left\">25 mg<\/td>\n<td align=\"left\">250%<\/td>\n<\/tr>\n<\/tbody>\n<\/table>\n<\/div>\n<p>* \u2013 protsent p\u00e4evasest v\u00f5rdluskogusest t\u00e4iskasvanutele<\/p>\n<p><b>KOOSTISOSAD<\/b>: riisijahu (mahuaine), tsink (tsinkdigl\u00fctsinaat), taimne pullulaan kapsel.<\/p>\n<p><strong>KASUTAMINE:<\/strong>\u00a01 kapsel p\u00e4evas klaasi veega v\u00f5i vastavalt arsti soovitusele. Toidulisand ei asenda tervislikku eluviisi ning mitmek\u00fclgset ja tasakaalustatud toitumist. Soovitatud annust mitte \u00fcletada. Hoida lastele k\u00e4ttesaamatus kohas. Raseduse, imetamise ning ravimite tarvitamise korral pidada n\u00f5u arstiga.<\/p>\n<p><strong>KOGUS:<\/strong>\u00a090 kapslit.<\/p>\n<p><strong>S\u00c4ILITAMINE:\u00a0Hoida originaalpakendis, toatemperatuuril, kaitstuna niiskuse ja otsese p\u00e4ikesevalguse eest.\u00a0<\/strong><\/p>\n<p>Vaata ka meie Teisi Tsinke <a href=\"https:\/\/fit360.ee\/en\/product-category\/product-groups\/vitamins-and-minerals-en\/zinc-en\/\"><strong>SIIT<\/strong><\/a>!<\/p>\n<p>Soovid kaupa osta suuremas koguses? Vaata antud toodet ka meie HULGI poest\u00a0<a href=\"https:\/\/toidulisandidhulgi.ee\/product\/tsink-diglutsinaat-90caps\/\"><strong>SIIT<\/strong><\/a>!<\/p>\n","protected":false},"excerpt":{"rendered":"<p><strong>ICONFIT Tsink Digl\u00fctsinaat<\/strong>\u00a0on<strong>\u00a0antioks\u00fcdant<\/strong>, mis on oluline element kogu organismile normaalseks arenguks ja kasvamiseks ning on vajalik iga keharaku jaoks. Tsink on \u00fcks olulisemaid mineraale, olles vajalik\u00a0hammaste, luude ja liigeste, juuste ning k\u00fc\u00fcnte arengus ja taastumises.\u00a0\u00a0<strong>Eestis toodetud<\/strong>\u00a0kasutades vaid k\u00f5rgeima kvaliteediga taimseid kapsleid.<i class=\"fusion-li-icon fa fa-check\"><\/i><\/p>\n<ul>\n<li class=\"fusion-li-item-content\">Aitab kaasa immuuns\u00fcsteemi normaalsele talitusele<\/li>\n<li class=\"fusion-li-item-content\">M\u00f5jutab n\u00e4rvi- ja reproduktiivs\u00fcsteemi tervist<\/li>\n<li class=\"fusion-li-item-content\">Kaitseb rakke oks\u00fcdatiivse stressi eest<\/li>\n<li class=\"fusion-li-item-content\">Aitab hoida k\u00fc\u00fcsi, juukseid ja nahka normaalsena<\/li>\n<li class=\"fusion-li-item-content\"><span style=\"font-size: 14.4px;\">Aitab s\u00e4ilitada \u00f5iget n\u00e4gemis<\/span><\/li>\n<li class=\"fusion-li-item-content\"><span style=\"font-size: 14.4px;\">Kaitseb vabade radikaalide tekkimise ees<\/span><\/li>\n<li class=\"fusion-li-item-content\"><span style=\"font-size: 14.4px;\">Toetab tugevat luustikku<\/span><\/li>\n<li class=\"fusion-li-item-content\">Aitab s\u00e4ilitada testosterooni normaalset taset veres<\/li>\n<li class=\"fusion-li-item-content\"><strong style=\"font-size: 14.4px;\">Ainult 1 kapsel p\u00e4evas!<\/strong><\/li>\n<\/ul>\n","protected":false},"featured_media":60827,"comment_status":"closed","ping_status":"closed","template":"","meta":[],"product_brand":[],"product_cat":[5320,1318,527,532,2664,536,2275,1201],"product_tag":[1681,2143,3678,2145],"giftcard-category":[],"class_list":{"0":"post-60828","1":"product","2":"type-product","3":"status-publish","4":"has-post-thumbnail","6":"product_cat-for-immunity-en","7":"product_cat-iconfit-en","8":"product_cat-joint-support-en","9":"product_cat-testosterone-boosters-en","10":"product_cat-vegan-capsules-en","11":"product_cat-vitamins-and-minerals-en","12":"product_cat-zinc-en","13":"product_cat-1201","14":"product_tag-iconfit-en","15":"product_tag-tsink-en","16":"product_tag-tsink-diglutsinaat-en","17":"product_tag-zinc-en","18":"pa_kogus-90-capsules","19":"pa_toidulisand-branddd-iconfit","20":"pa_tootegruppp-for-joints","21":"pa_tootegruppp-immuunsusteem-en","22":"pa_tootegruppp-testosterone-enhancers","23":"pa_tootegruppp-tsink-en","24":"pa_tootegruppp-vcaps-vegan-kapslid-en","25":"pa_tootegruppp-vegan-en","26":"pa_tootegruppp-vitamins-and-minerals","28":"first","29":"instock","30":"sale","31":"taxable","32":"shipping-taxable","33":"purchasable","34":"product-type-simple"},"yoast_head":"<!-- This site is optimized with the Yoast SEO plugin v27.3 - https:\/\/yoast.com\/product\/yoast-seo-wordpress\/ -->\n<title>Tsink Digl\u00fctsinaat (90caps) - Zinc - Zinc Diglycinate - Kiire Tarne - Fit360<\/title>\n<meta name=\"description\" content=\"Tsink Digl\u00fctsinaat on antioks\u00fcdant, mis on oluline element kogu organismile normaalseks arenguks ja kasvamiseks ning on vajalik iga keha...\" \/>\n<meta name=\"robots\" content=\"index, follow, max-snippet:-1, max-image-preview:large, max-video-preview:-1\" \/>\n<link rel=\"canonical\" href=\"https:\/\/fit360.ee\/en\/pood\/product-groups\/\u0432\u0435\u0433\u0430\u043d\/vegan-capsules-en\/tsink-diglutsinaat-90caps\/\" \/>\n<meta property=\"og:locale\" content=\"en_US\" \/>\n<meta property=\"og:type\" content=\"article\" \/>\n<meta property=\"og:title\" content=\"Tsink Digl\u00fctsinaat (90caps) - Zinc - Zinc Diglycinate - Kiire Tarne - Fit360\" \/>\n<meta property=\"og:description\" content=\"Tsink Digl\u00fctsinaat on antioks\u00fcdant, mis on oluline element kogu organismile normaalseks arenguks ja kasvamiseks ning on vajalik iga keha...\" \/>\n<meta property=\"og:url\" content=\"https:\/\/fit360.ee\/en\/pood\/product-groups\/\u0432\u0435\u0433\u0430\u043d\/vegan-capsules-en\/tsink-diglutsinaat-90caps\/\" \/>\n<meta property=\"og:site_name\" content=\"Fit360\" \/>\n<meta property=\"article:modified_time\" content=\"2026-03-24T12:39:22+00:00\" \/>\n<meta property=\"og:image\" content=\"https:\/\/fit360.ee\/wp-content\/uploads\/2022\/03\/tsink-diglutsinaat-fit360.ee_.jpg\" \/>\n\t<meta property=\"og:image:width\" content=\"800\" \/>\n\t<meta property=\"og:image:height\" content=\"800\" \/>\n\t<meta property=\"og:image:type\" content=\"image\/jpeg\" \/>\n<meta name=\"twitter:card\" content=\"summary_large_image\" \/>\n<meta name=\"twitter:label1\" content=\"Est. reading time\" \/>\n\t<meta name=\"twitter:data1\" content=\"2 minutes\" \/>\n<script type=\"application\/ld+json\" class=\"yoast-schema-graph\">{\"@context\":\"https:\\\/\\\/schema.org\",\"@graph\":[{\"@type\":\"WebPage\",\"@id\":\"https:\\\/\\\/fit360.ee\\\/en\\\/pood\\\/product-groups\\\/%d0%b2%d0%b5%d0%b3%d0%b0%d0%bd\\\/vegan-capsules-en\\\/tsink-diglutsinaat-90caps\\\/\",\"url\":\"https:\\\/\\\/fit360.ee\\\/en\\\/pood\\\/product-groups\\\/%d0%b2%d0%b5%d0%b3%d0%b0%d0%bd\\\/vegan-capsules-en\\\/tsink-diglutsinaat-90caps\\\/\",\"name\":\"Tsink Digl\u00fctsinaat (90caps) - Zinc - Zinc Diglycinate - Kiire Tarne - Fit360\",\"isPartOf\":{\"@id\":\"https:\\\/\\\/fit360.ee\\\/en\\\/#website\"},\"primaryImageOfPage\":{\"@id\":\"https:\\\/\\\/fit360.ee\\\/en\\\/pood\\\/product-groups\\\/%d0%b2%d0%b5%d0%b3%d0%b0%d0%bd\\\/vegan-capsules-en\\\/tsink-diglutsinaat-90caps\\\/#primaryimage\"},\"image\":{\"@id\":\"https:\\\/\\\/fit360.ee\\\/en\\\/pood\\\/product-groups\\\/%d0%b2%d0%b5%d0%b3%d0%b0%d0%bd\\\/vegan-capsules-en\\\/tsink-diglutsinaat-90caps\\\/#primaryimage\"},\"thumbnailUrl\":\"https:\\\/\\\/fit360.ee\\\/wp-content\\\/uploads\\\/2022\\\/03\\\/tsink-diglutsinaat-fit360.ee_.jpg\",\"datePublished\":\"2022-03-10T14:07:42+00:00\",\"dateModified\":\"2026-03-24T12:39:22+00:00\",\"description\":\"Tsink Digl\u00fctsinaat on antioks\u00fcdant, mis on oluline element kogu organismile normaalseks arenguks ja kasvamiseks ning on vajalik iga keha...\",\"breadcrumb\":{\"@id\":\"https:\\\/\\\/fit360.ee\\\/en\\\/pood\\\/product-groups\\\/%d0%b2%d0%b5%d0%b3%d0%b0%d0%bd\\\/vegan-capsules-en\\\/tsink-diglutsinaat-90caps\\\/#breadcrumb\"},\"inLanguage\":\"en-US\",\"potentialAction\":[{\"@type\":\"ReadAction\",\"target\":[\"https:\\\/\\\/fit360.ee\\\/en\\\/pood\\\/product-groups\\\/%d0%b2%d0%b5%d0%b3%d0%b0%d0%bd\\\/vegan-capsules-en\\\/tsink-diglutsinaat-90caps\\\/\"]}]},{\"@type\":\"ImageObject\",\"inLanguage\":\"en-US\",\"@id\":\"https:\\\/\\\/fit360.ee\\\/en\\\/pood\\\/product-groups\\\/%d0%b2%d0%b5%d0%b3%d0%b0%d0%bd\\\/vegan-capsules-en\\\/tsink-diglutsinaat-90caps\\\/#primaryimage\",\"url\":\"https:\\\/\\\/fit360.ee\\\/wp-content\\\/uploads\\\/2022\\\/03\\\/tsink-diglutsinaat-fit360.ee_.jpg\",\"contentUrl\":\"https:\\\/\\\/fit360.ee\\\/wp-content\\\/uploads\\\/2022\\\/03\\\/tsink-diglutsinaat-fit360.ee_.jpg\",\"width\":800,\"height\":800,\"caption\":\"tsink digl\u00fctsinaat - fit360.ee\"},{\"@type\":\"BreadcrumbList\",\"@id\":\"https:\\\/\\\/fit360.ee\\\/en\\\/pood\\\/product-groups\\\/%d0%b2%d0%b5%d0%b3%d0%b0%d0%bd\\\/vegan-capsules-en\\\/tsink-diglutsinaat-90caps\\\/#breadcrumb\",\"itemListElement\":[{\"@type\":\"ListItem\",\"position\":1,\"name\":\"Home\",\"item\":\"https:\\\/\\\/fit360.ee\\\/en\\\/\"},{\"@type\":\"ListItem\",\"position\":2,\"name\":\"Shop\",\"item\":\"https:\\\/\\\/fit360.ee\\\/en\\\/shop\\\/\"},{\"@type\":\"ListItem\",\"position\":3,\"name\":\"Tsink Digl\u00fctsinaat (90caps)\"}]},{\"@type\":\"WebSite\",\"@id\":\"https:\\\/\\\/fit360.ee\\\/en\\\/#website\",\"url\":\"https:\\\/\\\/fit360.ee\\\/en\\\/\",\"name\":\"Fit360\",\"description\":\"\",\"publisher\":{\"@id\":\"https:\\\/\\\/fit360.ee\\\/en\\\/#organization\"},\"potentialAction\":[{\"@type\":\"SearchAction\",\"target\":{\"@type\":\"EntryPoint\",\"urlTemplate\":\"https:\\\/\\\/fit360.ee\\\/en\\\/?s={search_term_string}\"},\"query-input\":{\"@type\":\"PropertyValueSpecification\",\"valueRequired\":true,\"valueName\":\"search_term_string\"}}],\"inLanguage\":\"en-US\"},{\"@type\":\"Organization\",\"@id\":\"https:\\\/\\\/fit360.ee\\\/en\\\/#organization\",\"name\":\"Fit360\",\"url\":\"https:\\\/\\\/fit360.ee\\\/en\\\/\",\"logo\":{\"@type\":\"ImageObject\",\"inLanguage\":\"en-US\",\"@id\":\"https:\\\/\\\/fit360.ee\\\/en\\\/#\\\/schema\\\/logo\\\/image\\\/\",\"url\":\"https:\\\/\\\/fit360.ee\\\/wp-content\\\/uploads\\\/2017\\\/01\\\/logo-fit360.png\",\"contentUrl\":\"https:\\\/\\\/fit360.ee\\\/wp-content\\\/uploads\\\/2017\\\/01\\\/logo-fit360.png\",\"width\":180,\"height\":66,\"caption\":\"Fit360\"},\"image\":{\"@id\":\"https:\\\/\\\/fit360.ee\\\/en\\\/#\\\/schema\\\/logo\\\/image\\\/\"}}]}<\/script>\n<!-- \/ Yoast SEO plugin. -->","yoast_head_json":{"title":"Tsink Digl\u00fctsinaat (90caps) - Zinc - Zinc Diglycinate - Kiire Tarne - Fit360","description":"Tsink Digl\u00fctsinaat on antioks\u00fcdant, mis on oluline element kogu organismile normaalseks arenguks ja kasvamiseks ning on vajalik iga keha...","robots":{"index":"index","follow":"follow","max-snippet":"max-snippet:-1","max-image-preview":"max-image-preview:large","max-video-preview":"max-video-preview:-1"},"canonical":"https:\/\/fit360.ee\/en\/pood\/product-groups\/\u0432\u0435\u0433\u0430\u043d\/vegan-capsules-en\/tsink-diglutsinaat-90caps\/","og_locale":"en_US","og_type":"article","og_title":"Tsink Digl\u00fctsinaat (90caps) - Zinc - Zinc Diglycinate - Kiire Tarne - Fit360","og_description":"Tsink Digl\u00fctsinaat on antioks\u00fcdant, mis on oluline element kogu organismile normaalseks arenguks ja kasvamiseks ning on vajalik iga keha...","og_url":"https:\/\/fit360.ee\/en\/pood\/product-groups\/\u0432\u0435\u0433\u0430\u043d\/vegan-capsules-en\/tsink-diglutsinaat-90caps\/","og_site_name":"Fit360","article_modified_time":"2026-03-24T12:39:22+00:00","og_image":[{"width":800,"height":800,"url":"https:\/\/fit360.ee\/wp-content\/uploads\/2022\/03\/tsink-diglutsinaat-fit360.ee_.jpg","type":"image\/jpeg"}],"twitter_card":"summary_large_image","twitter_misc":{"Est. reading time":"2 minutes"},"schema":{"@context":"https:\/\/schema.org","@graph":[{"@type":"WebPage","@id":"https:\/\/fit360.ee\/en\/pood\/product-groups\/%d0%b2%d0%b5%d0%b3%d0%b0%d0%bd\/vegan-capsules-en\/tsink-diglutsinaat-90caps\/","url":"https:\/\/fit360.ee\/en\/pood\/product-groups\/%d0%b2%d0%b5%d0%b3%d0%b0%d0%bd\/vegan-capsules-en\/tsink-diglutsinaat-90caps\/","name":"Tsink Digl\u00fctsinaat (90caps) - Zinc - Zinc Diglycinate - Kiire Tarne - Fit360","isPartOf":{"@id":"https:\/\/fit360.ee\/en\/#website"},"primaryImageOfPage":{"@id":"https:\/\/fit360.ee\/en\/pood\/product-groups\/%d0%b2%d0%b5%d0%b3%d0%b0%d0%bd\/vegan-capsules-en\/tsink-diglutsinaat-90caps\/#primaryimage"},"image":{"@id":"https:\/\/fit360.ee\/en\/pood\/product-groups\/%d0%b2%d0%b5%d0%b3%d0%b0%d0%bd\/vegan-capsules-en\/tsink-diglutsinaat-90caps\/#primaryimage"},"thumbnailUrl":"https:\/\/fit360.ee\/wp-content\/uploads\/2022\/03\/tsink-diglutsinaat-fit360.ee_.jpg","datePublished":"2022-03-10T14:07:42+00:00","dateModified":"2026-03-24T12:39:22+00:00","description":"Tsink Digl\u00fctsinaat on antioks\u00fcdant, mis on oluline element kogu organismile normaalseks arenguks ja kasvamiseks ning on vajalik iga keha...","breadcrumb":{"@id":"https:\/\/fit360.ee\/en\/pood\/product-groups\/%d0%b2%d0%b5%d0%b3%d0%b0%d0%bd\/vegan-capsules-en\/tsink-diglutsinaat-90caps\/#breadcrumb"},"inLanguage":"en-US","potentialAction":[{"@type":"ReadAction","target":["https:\/\/fit360.ee\/en\/pood\/product-groups\/%d0%b2%d0%b5%d0%b3%d0%b0%d0%bd\/vegan-capsules-en\/tsink-diglutsinaat-90caps\/"]}]},{"@type":"ImageObject","inLanguage":"en-US","@id":"https:\/\/fit360.ee\/en\/pood\/product-groups\/%d0%b2%d0%b5%d0%b3%d0%b0%d0%bd\/vegan-capsules-en\/tsink-diglutsinaat-90caps\/#primaryimage","url":"https:\/\/fit360.ee\/wp-content\/uploads\/2022\/03\/tsink-diglutsinaat-fit360.ee_.jpg","contentUrl":"https:\/\/fit360.ee\/wp-content\/uploads\/2022\/03\/tsink-diglutsinaat-fit360.ee_.jpg","width":800,"height":800,"caption":"tsink digl\u00fctsinaat - fit360.ee"},{"@type":"BreadcrumbList","@id":"https:\/\/fit360.ee\/en\/pood\/product-groups\/%d0%b2%d0%b5%d0%b3%d0%b0%d0%bd\/vegan-capsules-en\/tsink-diglutsinaat-90caps\/#breadcrumb","itemListElement":[{"@type":"ListItem","position":1,"name":"Home","item":"https:\/\/fit360.ee\/en\/"},{"@type":"ListItem","position":2,"name":"Shop","item":"https:\/\/fit360.ee\/en\/shop\/"},{"@type":"ListItem","position":3,"name":"Tsink Digl\u00fctsinaat (90caps)"}]},{"@type":"WebSite","@id":"https:\/\/fit360.ee\/en\/#website","url":"https:\/\/fit360.ee\/en\/","name":"Fit360","description":"","publisher":{"@id":"https:\/\/fit360.ee\/en\/#organization"},"potentialAction":[{"@type":"SearchAction","target":{"@type":"EntryPoint","urlTemplate":"https:\/\/fit360.ee\/en\/?s={search_term_string}"},"query-input":{"@type":"PropertyValueSpecification","valueRequired":true,"valueName":"search_term_string"}}],"inLanguage":"en-US"},{"@type":"Organization","@id":"https:\/\/fit360.ee\/en\/#organization","name":"Fit360","url":"https:\/\/fit360.ee\/en\/","logo":{"@type":"ImageObject","inLanguage":"en-US","@id":"https:\/\/fit360.ee\/en\/#\/schema\/logo\/image\/","url":"https:\/\/fit360.ee\/wp-content\/uploads\/2017\/01\/logo-fit360.png","contentUrl":"https:\/\/fit360.ee\/wp-content\/uploads\/2017\/01\/logo-fit360.png","width":180,"height":66,"caption":"Fit360"},"image":{"@id":"https:\/\/fit360.ee\/en\/#\/schema\/logo\/image\/"}}]}},"_links":{"self":[{"href":"https:\/\/fit360.ee\/en\/wp-json\/wp\/v2\/product\/60828","targetHints":{"allow":["GET"]}}],"collection":[{"href":"https:\/\/fit360.ee\/en\/wp-json\/wp\/v2\/product"}],"about":[{"href":"https:\/\/fit360.ee\/en\/wp-json\/wp\/v2\/types\/product"}],"replies":[{"embeddable":true,"href":"https:\/\/fit360.ee\/en\/wp-json\/wp\/v2\/comments?post=60828"}],"wp:featuredmedia":[{"embeddable":true,"href":"https:\/\/fit360.ee\/en\/wp-json\/wp\/v2\/media\/60827"}],"wp:attachment":[{"href":"https:\/\/fit360.ee\/en\/wp-json\/wp\/v2\/media?parent=60828"}],"wp:term":[{"taxonomy":"product_brand","embeddable":true,"href":"https:\/\/fit360.ee\/en\/wp-json\/wp\/v2\/product_brand?post=60828"},{"taxonomy":"product_cat","embeddable":true,"href":"https:\/\/fit360.ee\/en\/wp-json\/wp\/v2\/product_cat?post=60828"},{"taxonomy":"product_tag","embeddable":true,"href":"https:\/\/fit360.ee\/en\/wp-json\/wp\/v2\/product_tag?post=60828"},{"taxonomy":"giftcard-category","embeddable":true,"href":"https:\/\/fit360.ee\/en\/wp-json\/wp\/v2\/giftcard-category?post=60828"}],"curies":[{"name":"wp","href":"https:\/\/api.w.org\/{rel}","templated":true}]}}