{"id":60856,"date":"2022-03-11T18:40:45","date_gmt":"2022-03-11T16:40:45","guid":{"rendered":"https:\/\/fit360.ee\/pood\/uncategorized\/tauriini-kapslid-1500mg-120caps\/"},"modified":"2026-01-21T16:49:18","modified_gmt":"2026-01-21T14:49:18","slug":"tauriini-kapslid-1500mg-120caps","status":"publish","type":"product","link":"https:\/\/fit360.ee\/en\/pood\/product-groups\/amino-acids-bcaa\/tauriini-kapslid-1500mg-120caps\/","title":{"rendered":"Tauriini kapslid 1500mg (120caps)"},"content":{"rendered":"<h1><strong>Tauriini kapslid<\/strong><\/h1>\n<p>OstroVit Tauriini kapslid on toidulisand, mis sisaldab ainult \u00fchte aminohapet, milleks on L-tauriin. Toote ideaalne biosaadavus ja k\u00f5rgeim mikroniseerituse tase on v\u00e4lja t\u00f6\u00f6tatud parimate poolt parimate jaoks. Mahuained, t\u00fckid ja maitseained on siin teadlikult v\u00e4lja j\u00e4etud &#8211; v\u00e4hem on rohkem.<\/p>\n<ul>\n<li>Toode sisaldab 120 portsjonit<\/li>\n<li>Ainult \u00fcks koostisosa, ilma tarbetute t\u00e4iteaineteta<\/li>\n<li>1500 mg \u00fches kapslis<\/li>\n<\/ul>\n<h2><strong>Tauriin<\/strong><\/h2>\n<p>Tauriin on orgaaniline keemiline \u00fchend aminohapete r\u00fchmast. Kuid see ei ole t\u00fc\u00fcpiline valgu aminohape, kuna selle keemiline struktuur on erinev (selles on karboks\u00fc\u00fclr\u00fchma asemel sulfoonr\u00fchm). Tauriin on vasts\u00fcndinute, aga ka paljude teiste imetajaliikide asendamatu aminohape. T\u00e4iskasvanud on v\u00f5imelised tauriini ise s\u00fcnteesima, kuid t\u00f5en\u00e4oliselt evolutsiooni k\u00e4igus on nad muutunud osaliselt s\u00f5ltuvaks selle tarnimisest v\u00e4ljastpoolt (eksogeenselt). Tauriini leidub ajus, s\u00fcdames, neerudes ja lihaskoes. Vaatamata v\u00e4ikesele kogusele m\u00e4ngib see nende organite \u00f5iges toimimises v\u00e4ga olulist rolli. See toimib ka ajus neurotransmitterina, rakumembraanide stabilisaatorina ja h\u00f5lbustab ioonide, nagu kaalium, naatrium, <a href=\"https:\/\/fit360.ee\/en\/product-category\/product-groups\/vitamins-and-minerals-en\/magnesium-en\/\"><strong>magneesium<\/strong> <\/a>ja <a href=\"https:\/\/fit360.ee\/en\/product-category\/product-groups\/vitamins-and-minerals-en\/calcium-en\/\"><strong>kaltsium<\/strong><\/a>, transporti. Tauriini kapslid on lihtne viis tauriini manustamiseks.<\/p>\n<p><strong>Omadused<\/strong>:<br \/>\nL-tauriin m\u00e4ngib olulist rolli sportlaste toidulisandites. See intensiivistab t\u00f5husalt regeneratiivseid ja prokognitiivseid protsesse ning v\u00f5imaldab meie lihastel raskete ja v\u00e4sitavate treeningute ajal t\u00f5husamalt ja kauem t\u00f6\u00f6tada. See n\u00e4itab verevoolu paranemist meie arterites ja veenides. On uuringuid, mis n\u00e4itavad korrelatsiooni madala L-tauriini taseme vahel kehas ja halb enesetunne v\u00f5i isegi depressioon. Olles \u00fcks neurotransmitteritest, parandab see suurep\u00e4raselt meie n\u00e4rvis\u00fcsteemi t\u00f6\u00f6d.<\/p>\n<ul>\n<li>Kiirendab taastumise tempot p\u00e4rast treeningut<\/li>\n<li>Toetab anaboolseid protsesse<\/li>\n<li>Toetab kreatiini transporti<\/li>\n<li>Toetab valkude s\u00fcnteesi<\/li>\n<li>Reguleerib insuliini sekretsiooni<\/li>\n<li>See soodustab s\u00fcdame ja vereringes\u00fcsteemi tervist<\/li>\n<li>See k\u00f5rvaldab kofeiini negatiivsed m\u00f5jud<\/li>\n<\/ul>\n<p><strong>Koostisosad<\/strong>: Tauriin, kapsli kest (\u017eelatiin, puhastatud vesi).<br \/>\nToode v\u00f5ib sisaldada piima (sh laktoosi), soja, maap\u00e4hkleid, muid p\u00e4hkleid, seesamiseemneid, kaera, mune, v\u00e4hilaadseid, kala.<\/p>\n<p><strong>Kasutamine<\/strong>: 1 portsjon: 1 kapsel. V\u00f5tke \u00fcks portsjon p\u00e4evas s\u00f6\u00f6gikordade vahel.<\/p>\n<p><strong>Suurus<\/strong>: 120 kapslit<\/p>\n<section class=\"projector__description--nutritional row\" data-selector=\".--nutritional\">\n<div class=\"col-12 col-md-10 col-lg-8\">\n<div class=\"--nutrit\">\n<div class=\"nutrition_table_wrapper\">\n<div class=\"table_wrapper\">\n<table>\n<tbody>\n<tr>\n<th>Aktiivsed toimeained<\/th>\n<th>1 kapsel &#8211; 1 serveering<\/th>\n<\/tr>\n<tr>\n<td>Tauriin<\/td>\n<td>1500mg<\/td>\n<\/tr>\n<\/tbody>\n<\/table>\n<\/div>\n<\/div>\n<\/div>\n<\/div>\n<\/section>\n<div class=\"--label col-12\"><\/div>\n<div>Vaata ka meie teisi Aminohappeid <a href=\"https:\/\/fit360.ee\/en\/product-category\/product-groups\/amino-acids-bcaa\/\"><strong>SIIT<\/strong><\/a>!<\/div>\n<div><\/div>\n<div>Soovid kaupa osta suuremas koguses? Vaata antud toodet ka meie HULGI poest\u00a0<a href=\"https:\/\/toidulisandidhulgi.ee\/product\/tauriini-kapslid-1500mg-120caps\/\"><strong>SIIT<\/strong><\/a>!<\/div>\n","protected":false},"excerpt":{"rendered":"<ul>\n<li>Kiirendab taastumise tempot p\u00e4rast treeningut<\/li>\n<li>Toetab anaboolseid protsesse<\/li>\n<li>Toetab kreatiini transporti<\/li>\n<li>Toetab valkude s\u00fcnteesi<\/li>\n<li>Reguleerib insuliini sekretsiooni<\/li>\n<li>See soodustab s\u00fcdame ja vereringes\u00fcsteemi tervist<\/li>\n<li>Tauriin k\u00f5rvaldab kofeiini negatiivsed m\u00f5jud<\/li>\n<\/ul>\n","protected":false},"featured_media":84460,"comment_status":"closed","ping_status":"closed","template":"","meta":[],"product_brand":[],"product_cat":[520,1329],"product_tag":[1924,1836,3680,2874],"giftcard-category":[],"class_list":{"0":"post-60856","1":"product","2":"type-product","3":"status-publish","4":"has-post-thumbnail","6":"product_cat-amino-acids-bcaa","7":"product_cat-ostrovit-en","8":"product_tag-ostrovit-en","9":"product_tag-tauriin-en","10":"product_tag-tauriini-kapslid-en","11":"product_tag-taurine-en","12":"pa_kogus-120-capsules","13":"pa_toidulisand-branddd-ostrovit","14":"pa_tootegruppp-amino-acidsbcaa","16":"first","17":"outofstock","18":"sale","19":"taxable","20":"shipping-taxable","21":"purchasable","22":"product-type-simple"},"yoast_head":"<!-- This site is optimized with the Yoast SEO plugin v27.3 - https:\/\/yoast.com\/product\/yoast-seo-wordpress\/ -->\n<title>Tauriini kapslid 1500mg (120caps) - Tauriin - Taurine - Kiire Tarne - Fit360<\/title>\n<meta name=\"description\" content=\"Tauriini kapslid - Kiirendavad taastumise tempot p\u00e4rast treeningut. Tauriin soodustab s\u00fcdame ja vereringes\u00fcsteemi tervist.\" \/>\n<meta name=\"robots\" content=\"index, follow, max-snippet:-1, max-image-preview:large, max-video-preview:-1\" \/>\n<link rel=\"canonical\" href=\"https:\/\/fit360.ee\/en\/pood\/product-groups\/amino-acids-bcaa\/tauriini-kapslid-1500mg-120caps\/\" \/>\n<meta property=\"og:locale\" content=\"en_US\" \/>\n<meta property=\"og:type\" content=\"article\" \/>\n<meta property=\"og:title\" content=\"Tauriini kapslid 1500mg (120caps) - Tauriin - Taurine - Kiire Tarne - Fit360\" \/>\n<meta property=\"og:description\" content=\"Tauriini kapslid - Kiirendavad taastumise tempot p\u00e4rast treeningut. Tauriin soodustab s\u00fcdame ja vereringes\u00fcsteemi tervist.\" \/>\n<meta property=\"og:url\" content=\"https:\/\/fit360.ee\/en\/pood\/product-groups\/amino-acids-bcaa\/tauriini-kapslid-1500mg-120caps\/\" \/>\n<meta property=\"og:site_name\" content=\"Fit360\" \/>\n<meta property=\"article:modified_time\" content=\"2026-01-21T14:49:18+00:00\" \/>\n<meta property=\"og:image\" content=\"https:\/\/fit360.ee\/wp-content\/uploads\/2022\/03\/tauriini-kapslid-ostrovit-fit360.ee-1.png\" \/>\n\t<meta property=\"og:image:width\" content=\"450\" \/>\n\t<meta property=\"og:image:height\" content=\"450\" \/>\n\t<meta property=\"og:image:type\" content=\"image\/png\" \/>\n<meta name=\"twitter:card\" content=\"summary_large_image\" \/>\n<meta name=\"twitter:label1\" content=\"Est. reading time\" \/>\n\t<meta name=\"twitter:data1\" content=\"2 minutes\" \/>\n<script type=\"application\/ld+json\" class=\"yoast-schema-graph\">{\"@context\":\"https:\\\/\\\/schema.org\",\"@graph\":[{\"@type\":\"WebPage\",\"@id\":\"https:\\\/\\\/fit360.ee\\\/en\\\/pood\\\/product-groups\\\/amino-acids-bcaa\\\/tauriini-kapslid-1500mg-120caps\\\/\",\"url\":\"https:\\\/\\\/fit360.ee\\\/en\\\/pood\\\/product-groups\\\/amino-acids-bcaa\\\/tauriini-kapslid-1500mg-120caps\\\/\",\"name\":\"Tauriini kapslid 1500mg (120caps) - Tauriin - Taurine - Kiire Tarne - Fit360\",\"isPartOf\":{\"@id\":\"https:\\\/\\\/fit360.ee\\\/en\\\/#website\"},\"primaryImageOfPage\":{\"@id\":\"https:\\\/\\\/fit360.ee\\\/en\\\/pood\\\/product-groups\\\/amino-acids-bcaa\\\/tauriini-kapslid-1500mg-120caps\\\/#primaryimage\"},\"image\":{\"@id\":\"https:\\\/\\\/fit360.ee\\\/en\\\/pood\\\/product-groups\\\/amino-acids-bcaa\\\/tauriini-kapslid-1500mg-120caps\\\/#primaryimage\"},\"thumbnailUrl\":\"https:\\\/\\\/fit360.ee\\\/wp-content\\\/uploads\\\/2022\\\/03\\\/tauriini-kapslid-ostrovit-fit360.ee-1.png\",\"datePublished\":\"2022-03-11T16:40:45+00:00\",\"dateModified\":\"2026-01-21T14:49:18+00:00\",\"description\":\"Tauriini kapslid - Kiirendavad taastumise tempot p\u00e4rast treeningut. Tauriin soodustab s\u00fcdame ja vereringes\u00fcsteemi tervist.\",\"breadcrumb\":{\"@id\":\"https:\\\/\\\/fit360.ee\\\/en\\\/pood\\\/product-groups\\\/amino-acids-bcaa\\\/tauriini-kapslid-1500mg-120caps\\\/#breadcrumb\"},\"inLanguage\":\"en-US\",\"potentialAction\":[{\"@type\":\"ReadAction\",\"target\":[\"https:\\\/\\\/fit360.ee\\\/en\\\/pood\\\/product-groups\\\/amino-acids-bcaa\\\/tauriini-kapslid-1500mg-120caps\\\/\"]}]},{\"@type\":\"ImageObject\",\"inLanguage\":\"en-US\",\"@id\":\"https:\\\/\\\/fit360.ee\\\/en\\\/pood\\\/product-groups\\\/amino-acids-bcaa\\\/tauriini-kapslid-1500mg-120caps\\\/#primaryimage\",\"url\":\"https:\\\/\\\/fit360.ee\\\/wp-content\\\/uploads\\\/2022\\\/03\\\/tauriini-kapslid-ostrovit-fit360.ee-1.png\",\"contentUrl\":\"https:\\\/\\\/fit360.ee\\\/wp-content\\\/uploads\\\/2022\\\/03\\\/tauriini-kapslid-ostrovit-fit360.ee-1.png\",\"width\":450,\"height\":450,\"caption\":\"tauriini kapslid ostrovit - fit360.ee\"},{\"@type\":\"BreadcrumbList\",\"@id\":\"https:\\\/\\\/fit360.ee\\\/en\\\/pood\\\/product-groups\\\/amino-acids-bcaa\\\/tauriini-kapslid-1500mg-120caps\\\/#breadcrumb\",\"itemListElement\":[{\"@type\":\"ListItem\",\"position\":1,\"name\":\"Home\",\"item\":\"https:\\\/\\\/fit360.ee\\\/en\\\/\"},{\"@type\":\"ListItem\",\"position\":2,\"name\":\"Shop\",\"item\":\"https:\\\/\\\/fit360.ee\\\/en\\\/shop\\\/\"},{\"@type\":\"ListItem\",\"position\":3,\"name\":\"Tauriini kapslid 1500mg (120caps)\"}]},{\"@type\":\"WebSite\",\"@id\":\"https:\\\/\\\/fit360.ee\\\/en\\\/#website\",\"url\":\"https:\\\/\\\/fit360.ee\\\/en\\\/\",\"name\":\"Fit360\",\"description\":\"\",\"publisher\":{\"@id\":\"https:\\\/\\\/fit360.ee\\\/en\\\/#organization\"},\"potentialAction\":[{\"@type\":\"SearchAction\",\"target\":{\"@type\":\"EntryPoint\",\"urlTemplate\":\"https:\\\/\\\/fit360.ee\\\/en\\\/?s={search_term_string}\"},\"query-input\":{\"@type\":\"PropertyValueSpecification\",\"valueRequired\":true,\"valueName\":\"search_term_string\"}}],\"inLanguage\":\"en-US\"},{\"@type\":\"Organization\",\"@id\":\"https:\\\/\\\/fit360.ee\\\/en\\\/#organization\",\"name\":\"Fit360\",\"url\":\"https:\\\/\\\/fit360.ee\\\/en\\\/\",\"logo\":{\"@type\":\"ImageObject\",\"inLanguage\":\"en-US\",\"@id\":\"https:\\\/\\\/fit360.ee\\\/en\\\/#\\\/schema\\\/logo\\\/image\\\/\",\"url\":\"https:\\\/\\\/fit360.ee\\\/wp-content\\\/uploads\\\/2017\\\/01\\\/logo-fit360.png\",\"contentUrl\":\"https:\\\/\\\/fit360.ee\\\/wp-content\\\/uploads\\\/2017\\\/01\\\/logo-fit360.png\",\"width\":180,\"height\":66,\"caption\":\"Fit360\"},\"image\":{\"@id\":\"https:\\\/\\\/fit360.ee\\\/en\\\/#\\\/schema\\\/logo\\\/image\\\/\"}}]}<\/script>\n<!-- \/ Yoast SEO plugin. -->","yoast_head_json":{"title":"Tauriini kapslid 1500mg (120caps) - Tauriin - Taurine - Kiire Tarne - Fit360","description":"Tauriini kapslid - Kiirendavad taastumise tempot p\u00e4rast treeningut. Tauriin soodustab s\u00fcdame ja vereringes\u00fcsteemi tervist.","robots":{"index":"index","follow":"follow","max-snippet":"max-snippet:-1","max-image-preview":"max-image-preview:large","max-video-preview":"max-video-preview:-1"},"canonical":"https:\/\/fit360.ee\/en\/pood\/product-groups\/amino-acids-bcaa\/tauriini-kapslid-1500mg-120caps\/","og_locale":"en_US","og_type":"article","og_title":"Tauriini kapslid 1500mg (120caps) - Tauriin - Taurine - Kiire Tarne - Fit360","og_description":"Tauriini kapslid - Kiirendavad taastumise tempot p\u00e4rast treeningut. Tauriin soodustab s\u00fcdame ja vereringes\u00fcsteemi tervist.","og_url":"https:\/\/fit360.ee\/en\/pood\/product-groups\/amino-acids-bcaa\/tauriini-kapslid-1500mg-120caps\/","og_site_name":"Fit360","article_modified_time":"2026-01-21T14:49:18+00:00","og_image":[{"width":450,"height":450,"url":"https:\/\/fit360.ee\/wp-content\/uploads\/2022\/03\/tauriini-kapslid-ostrovit-fit360.ee-1.png","type":"image\/png"}],"twitter_card":"summary_large_image","twitter_misc":{"Est. reading time":"2 minutes"},"schema":{"@context":"https:\/\/schema.org","@graph":[{"@type":"WebPage","@id":"https:\/\/fit360.ee\/en\/pood\/product-groups\/amino-acids-bcaa\/tauriini-kapslid-1500mg-120caps\/","url":"https:\/\/fit360.ee\/en\/pood\/product-groups\/amino-acids-bcaa\/tauriini-kapslid-1500mg-120caps\/","name":"Tauriini kapslid 1500mg (120caps) - Tauriin - Taurine - Kiire Tarne - Fit360","isPartOf":{"@id":"https:\/\/fit360.ee\/en\/#website"},"primaryImageOfPage":{"@id":"https:\/\/fit360.ee\/en\/pood\/product-groups\/amino-acids-bcaa\/tauriini-kapslid-1500mg-120caps\/#primaryimage"},"image":{"@id":"https:\/\/fit360.ee\/en\/pood\/product-groups\/amino-acids-bcaa\/tauriini-kapslid-1500mg-120caps\/#primaryimage"},"thumbnailUrl":"https:\/\/fit360.ee\/wp-content\/uploads\/2022\/03\/tauriini-kapslid-ostrovit-fit360.ee-1.png","datePublished":"2022-03-11T16:40:45+00:00","dateModified":"2026-01-21T14:49:18+00:00","description":"Tauriini kapslid - Kiirendavad taastumise tempot p\u00e4rast treeningut. Tauriin soodustab s\u00fcdame ja vereringes\u00fcsteemi tervist.","breadcrumb":{"@id":"https:\/\/fit360.ee\/en\/pood\/product-groups\/amino-acids-bcaa\/tauriini-kapslid-1500mg-120caps\/#breadcrumb"},"inLanguage":"en-US","potentialAction":[{"@type":"ReadAction","target":["https:\/\/fit360.ee\/en\/pood\/product-groups\/amino-acids-bcaa\/tauriini-kapslid-1500mg-120caps\/"]}]},{"@type":"ImageObject","inLanguage":"en-US","@id":"https:\/\/fit360.ee\/en\/pood\/product-groups\/amino-acids-bcaa\/tauriini-kapslid-1500mg-120caps\/#primaryimage","url":"https:\/\/fit360.ee\/wp-content\/uploads\/2022\/03\/tauriini-kapslid-ostrovit-fit360.ee-1.png","contentUrl":"https:\/\/fit360.ee\/wp-content\/uploads\/2022\/03\/tauriini-kapslid-ostrovit-fit360.ee-1.png","width":450,"height":450,"caption":"tauriini kapslid ostrovit - fit360.ee"},{"@type":"BreadcrumbList","@id":"https:\/\/fit360.ee\/en\/pood\/product-groups\/amino-acids-bcaa\/tauriini-kapslid-1500mg-120caps\/#breadcrumb","itemListElement":[{"@type":"ListItem","position":1,"name":"Home","item":"https:\/\/fit360.ee\/en\/"},{"@type":"ListItem","position":2,"name":"Shop","item":"https:\/\/fit360.ee\/en\/shop\/"},{"@type":"ListItem","position":3,"name":"Tauriini kapslid 1500mg (120caps)"}]},{"@type":"WebSite","@id":"https:\/\/fit360.ee\/en\/#website","url":"https:\/\/fit360.ee\/en\/","name":"Fit360","description":"","publisher":{"@id":"https:\/\/fit360.ee\/en\/#organization"},"potentialAction":[{"@type":"SearchAction","target":{"@type":"EntryPoint","urlTemplate":"https:\/\/fit360.ee\/en\/?s={search_term_string}"},"query-input":{"@type":"PropertyValueSpecification","valueRequired":true,"valueName":"search_term_string"}}],"inLanguage":"en-US"},{"@type":"Organization","@id":"https:\/\/fit360.ee\/en\/#organization","name":"Fit360","url":"https:\/\/fit360.ee\/en\/","logo":{"@type":"ImageObject","inLanguage":"en-US","@id":"https:\/\/fit360.ee\/en\/#\/schema\/logo\/image\/","url":"https:\/\/fit360.ee\/wp-content\/uploads\/2017\/01\/logo-fit360.png","contentUrl":"https:\/\/fit360.ee\/wp-content\/uploads\/2017\/01\/logo-fit360.png","width":180,"height":66,"caption":"Fit360"},"image":{"@id":"https:\/\/fit360.ee\/en\/#\/schema\/logo\/image\/"}}]}},"_links":{"self":[{"href":"https:\/\/fit360.ee\/en\/wp-json\/wp\/v2\/product\/60856","targetHints":{"allow":["GET"]}}],"collection":[{"href":"https:\/\/fit360.ee\/en\/wp-json\/wp\/v2\/product"}],"about":[{"href":"https:\/\/fit360.ee\/en\/wp-json\/wp\/v2\/types\/product"}],"replies":[{"embeddable":true,"href":"https:\/\/fit360.ee\/en\/wp-json\/wp\/v2\/comments?post=60856"}],"wp:featuredmedia":[{"embeddable":true,"href":"https:\/\/fit360.ee\/en\/wp-json\/wp\/v2\/media\/84460"}],"wp:attachment":[{"href":"https:\/\/fit360.ee\/en\/wp-json\/wp\/v2\/media?parent=60856"}],"wp:term":[{"taxonomy":"product_brand","embeddable":true,"href":"https:\/\/fit360.ee\/en\/wp-json\/wp\/v2\/product_brand?post=60856"},{"taxonomy":"product_cat","embeddable":true,"href":"https:\/\/fit360.ee\/en\/wp-json\/wp\/v2\/product_cat?post=60856"},{"taxonomy":"product_tag","embeddable":true,"href":"https:\/\/fit360.ee\/en\/wp-json\/wp\/v2\/product_tag?post=60856"},{"taxonomy":"giftcard-category","embeddable":true,"href":"https:\/\/fit360.ee\/en\/wp-json\/wp\/v2\/giftcard-category?post=60856"}],"curies":[{"name":"wp","href":"https:\/\/api.w.org\/{rel}","templated":true}]}}