{"id":62069,"date":"2022-04-26T12:14:41","date_gmt":"2022-04-26T10:14:41","guid":{"rendered":"https:\/\/fit360.ee\/?post_type=product&#038;p=62069"},"modified":"2025-09-16T17:41:58","modified_gmt":"2025-09-16T15:41:58","slug":"creatine-monohydrate-300g","status":"publish","type":"product","link":"https:\/\/fit360.ee\/en\/pood\/product-groups\/creatine-en\/creatine-monohydrate-en\/creatine-monohydrate-300g\/","title":{"rendered":"Creatine Monohydrate (300g)"},"content":{"rendered":"<h1><strong>Kreatiin Monoh\u00fcdraat<\/strong><\/h1>\n<p><strong>Kreatiin monoh\u00fcdraat<\/strong>\u00a0on k\u00f5ige populaarsem ja enim uuritud kreatiini vorm. Kreatiin monoh\u00fcdraat on k\u00f5ige sobilikum neile, kes soovivad suurendada j\u00f5udu, kiirust ja puhast lihasmassi. Sajad uuringud on t\u00f5estanud, et kreatiin monoh\u00fcdraat aitab parandada j\u00f5udu, vastupidavust ja lihaskasvu. Kreatiin monoh\u00fcdraat v\u00e4hendab \u00fcldist taastusaega ja ka taastusaega intensiivsete treeningseeriate vahel.<\/p>\n<p>Kreatiin monoh\u00fcdraat aitab kehal toota suuremaid koguseid adenosiintrifosfaati, mis on vajalik t\u00f5husaks lihaste kokkut\u00f5mbumiseks. Suurem kogus adenosiintrifosfaati parandabki tugevuse, j\u00f5u ja vastupidavuse taset.<\/p>\n<p>Kreatiin monoh\u00fcdraat on k\u00f5ige kuluefektiivsem toidulisand, kui eesm\u00e4rgiks on j\u00f5u ja lihaste arendamine. Kreatiini leidub meie kehades ka looduslikult ning valdav enamus sellest on lihastes. Lisakreatiini tarbimine aitab kiirendada valkude s\u00fcnteesi ning seel\u00e4bi aitab kaasa lihaste arengule.<\/p>\n<h2><strong>Kreatiini kasutamine<\/strong><\/h2>\n<p>On levinud arusaam, et kreatiini tuleb kasutada kuuridena. Dr. Greenhaffi uurimused n\u00e4itavad, et kreatiini tarvitamine kuuridena ei anna mingeid eeliseid. Kreatiini tarvitamisel l\u00f5petab organism ise kreatiini tootmise, kuid niipea kui l\u00f5peda kreatiini tarvitamine, siis see taastub. Leiti, et kreatiini tarbimisel 20-30gr seitsme p\u00e4eva jooksul ja seej\u00e4rel 5-10gr 4-5 n\u00e4dala jooksul ning seej\u00e4rel k\u00f5ik uuesti, on hea skeem.<\/p>\n<p>Teine skeem, mis v\u00e4lja t\u00f6\u00f6tati A.Almada poolt v\u00f5istlustel osalevatele sportlastele, kellele on vajalik teatud \u201ctipp\u201d, seisnes selles, et 2-3 n\u00e4dalat enne v\u00f5istlusi katkestatakse kreatiini tarbimine, mis viib kreatiini taseme v\u00e4henemisele organismis. Dr. Greenhaffi uurimus n\u00e4itas, et parem on 4.- n\u00e4dalane paus. Edaspidi hoitakse kreatiini taset \u00fclal organismi enda poolt. 10-14 p\u00e4eva enne v\u00f5istlusi tuleks taas alustada kreatiini tarbimist, 20-30gr p\u00e4evas koos dekstroosiga, jaotatuna v\u00f5rdseteks kogusteks kogu p\u00e4evale. Parim aeg kreatiini sissev\u00f5tmiseks on kohe p\u00e4rast trenni. Selleks ajaks ei ole kreatiini varud, mis lihase varasemast ajast veel tervenisti \u00e4ra kasutatud ja lihastes on veel aineid, mis aitavad kreatiini transportida lihasrakkudesse. Tekib olukord, kus kreatiini transporditakse lihasrakkudesse rohkem kui varem. Enamlevinud on kaks doseerimisviisi \u2013 laadimine ning pidev tarvitamine.<\/p>\n<p>Kui tehakse laadimist, tarvitatakse kreatiini esimesel viiel p\u00e4eval 20g p\u00e4eva peale jaotatuna. Tavaline skeem n\u00e4eb v\u00e4lja j\u00e4rgmine \u2013 v\u00f5tta 5g enne hommikus\u00f6\u00f6ki, 5g enne trenni, 5g p\u00e4rast trenni ja 5g koos p\u00e4eva viimase toidukorraga. Laadimisperioodi j\u00e4rel v\u00f5etakse 5-6 n\u00e4dalat 5-10g kreatiini p\u00e4evas. P\u00e4rast seda j\u00e4rgneb 2-4 n\u00e4dalane paus kreatiini kasutamises.<\/p>\n<p>Pideval tarbimisel v\u00f5etakse p\u00e4evas 5g kreatiini. Sellise doseerimise juures tavaliselt kreatiini tarbimise pause pole vaja teha.<\/p>\n<p><strong>Koostisosad<\/strong>: Kreatiinmonoh\u00fcdraat, tauriin, p\u00fcridoksiinvesinikkloriid (vitamiin B6)<\/p>\n<p><strong>Kasutamine<\/strong>: 5g \u00fcks kord p\u00e4evas 200ml vee v\u00f5i mahlaga.\u00a0Kreatiini v\u00f5tmist alustatakse tavaliselt 5-p\u00e4evase laadimisperioodiga, mille ajal seda\u00a0v\u00f5etakse 20g p\u00e4evas. Laadimisperioodi ajal v\u00f5ta: 5g hommikul, 10g l\u00f5unal v\u00f5i 5g enne ja p\u00e4rast trenni, 5g \u00f5htul. Peale laadimisperioodi j\u00e4tka kreatiini manustamist 5\u201310g p\u00e4evas kuni 3 kuud. Seej\u00e4rel tee v\u00e4hemalt \u00fcks kuu pausi ning seej\u00e4rel v\u00f5id j\u00e4tkata\u00a0kreatiini manustamist.<\/p>\n<p><strong>Suurus<\/strong>: 300g \u2013 60 serveeringut. Hoiustada kuivas ja jahedas kohas.<\/p>\n<table width=\"638\">\n<tbody>\n<tr>\n<td><strong>Aktiivne toimeaine<\/strong><\/td>\n<td><strong>5g (1 serveering )<\/strong><\/td>\n<td><strong>100g<\/strong><\/td>\n<\/tr>\n<tr>\n<td><strong>Kreatiin Monoh\u00fcdraat<\/strong><\/td>\n<td>4946 mg<\/td>\n<td>98,8g<\/td>\n<\/tr>\n<tr>\n<td><strong>Tauriin<\/strong><\/td>\n<td>50mg<\/td>\n<td>1g<\/td>\n<\/tr>\n<tr>\n<td><strong>Vitamiin B6<\/strong><\/td>\n<td>5mg<\/td>\n<td>100mg<\/td>\n<\/tr>\n<\/tbody>\n<\/table>\n<p>Vaata ka meie teisi kreatiine <strong><a href=\"https:\/\/fit360.ee\/en\/product-category\/product-groups\/creatine-en\/\">SIIT<\/a>\u00a0<\/strong>v\u00f5i Kreatiin Monoh\u00fcdraate <a href=\"https:\/\/fit360.ee\/en\/product-category\/product-groups\/creatine-en\/creatine-monohydrate-en\/\"><strong>SIIT<\/strong><\/a>!<\/p>\n<p>Soovid teha suuremat tellimust? Vaata antud toodet meie HULGI lehelt\u00a0<a href=\"https:\/\/toidulisandidhulgi.ee\/product\/creatine-monohydrate-300g\/\"><strong>SIIT<\/strong><\/a>!<\/p>\n","protected":false},"excerpt":{"rendered":"<h2><strong>Kreatiin:<\/strong><\/h2>\n<ul>\n<li>Kasvatab puhast lihasmassi.<\/li>\n<li>Kiirendab taastumist treeningutest.<\/li>\n<li>Lisab plahvatuslikku j\u00f5udu.<\/li>\n<li>Suurendab valgus\u00fcnteesi.<\/li>\n<\/ul>\n<p><strong>Kreatiin monoh\u00fcdraat<\/strong> on maailma \u00fcks populaarseimaid toidulisandeid, mis aitab lisada j\u00f5udu, v\u00f5imsust (plahvatuslikku j\u00f5udu) ja lihasmassi. Mitmed teadust\u00f6\u00f6d on n\u00e4idanud, et kreatiin v\u00e4hendab treeningul vajaminevat taastusaega. Kreatiinmonoh\u00fcdraat imendub k\u00f5ige paremini, kui seda tarbida koos s\u00fcsivesikurikka joogiga.<\/p>\n","protected":false},"featured_media":87543,"comment_status":"open","ping_status":"closed","template":"","meta":[],"product_brand":[],"product_cat":[526,2412,1329],"product_tag":[1779,1780,1924],"giftcard-category":[],"class_list":{"0":"post-62069","1":"product","2":"type-product","3":"status-publish","4":"has-post-thumbnail","6":"product_cat-creatine-en","7":"product_cat-creatine-monohydrate-en","8":"product_cat-ostrovit-en","9":"product_tag-kreatiin-en","10":"product_tag-kreatiin-monohudraat-en","11":"product_tag-ostrovit-en","12":"pa_maitse-apple","13":"pa_maitse-arbuus-en","14":"pa_maitse-cherry","15":"pa_maitse-cola-en","16":"pa_maitse-lemon","17":"pa_maitse-mango-en","18":"pa_maitse-natural","19":"pa_maitse-orange","21":"first","22":"instock","23":"sale","24":"taxable","25":"shipping-taxable","26":"purchasable","27":"product-type-variable"},"yoast_head":"<!-- This site is optimized with the Yoast SEO plugin v27.3 - https:\/\/yoast.com\/product\/yoast-seo-wordpress\/ -->\n<title>Creatine Monohydrate (300g) - Kreatiini tarbimine - Kiire Tarne - Fit360<\/title>\n<meta name=\"description\" content=\"Kreatiin monoh\u00fcdraat on k\u00f5ige sobilikum neile, kes soovivad suurendada j\u00f5udu, kiirust ja puhast lihasmassi. Kreatiin monoh\u00fcdraat v\u00e4henda..\" \/>\n<meta name=\"robots\" content=\"index, follow, max-snippet:-1, max-image-preview:large, max-video-preview:-1\" \/>\n<link rel=\"canonical\" href=\"https:\/\/fit360.ee\/en\/pood\/product-groups\/creatine-en\/creatine-monohydrate-en\/creatine-monohydrate-300g\/\" \/>\n<meta property=\"og:locale\" content=\"en_US\" \/>\n<meta property=\"og:type\" content=\"article\" \/>\n<meta property=\"og:title\" content=\"Creatine Monohydrate (300g) - Kreatiini tarbimine - Kiire Tarne - Fit360\" \/>\n<meta property=\"og:description\" content=\"Kreatiin monoh\u00fcdraat on k\u00f5ige sobilikum neile, kes soovivad suurendada j\u00f5udu, kiirust ja puhast lihasmassi. Kreatiin monoh\u00fcdraat v\u00e4henda..\" \/>\n<meta property=\"og:url\" content=\"https:\/\/fit360.ee\/en\/pood\/product-groups\/creatine-en\/creatine-monohydrate-en\/creatine-monohydrate-300g\/\" \/>\n<meta property=\"og:site_name\" content=\"Fit360\" \/>\n<meta property=\"article:modified_time\" content=\"2025-09-16T15:41:58+00:00\" \/>\n<meta property=\"og:image\" content=\"https:\/\/fit360.ee\/wp-content\/uploads\/2022\/04\/kreatiin-monohudraat-naturaalne-fit360.ee-1.png\" \/>\n\t<meta property=\"og:image:width\" content=\"450\" \/>\n\t<meta property=\"og:image:height\" content=\"450\" \/>\n\t<meta property=\"og:image:type\" content=\"image\/png\" \/>\n<meta name=\"twitter:card\" content=\"summary_large_image\" \/>\n<meta name=\"twitter:label1\" content=\"Est. reading time\" \/>\n\t<meta name=\"twitter:data1\" content=\"3 minutes\" \/>\n<script type=\"application\/ld+json\" class=\"yoast-schema-graph\">{\"@context\":\"https:\\\/\\\/schema.org\",\"@graph\":[{\"@type\":\"WebPage\",\"@id\":\"https:\\\/\\\/fit360.ee\\\/en\\\/pood\\\/product-groups\\\/creatine-en\\\/creatine-monohydrate-en\\\/creatine-monohydrate-300g\\\/\",\"url\":\"https:\\\/\\\/fit360.ee\\\/en\\\/pood\\\/product-groups\\\/creatine-en\\\/creatine-monohydrate-en\\\/creatine-monohydrate-300g\\\/\",\"name\":\"Creatine Monohydrate (300g) - Kreatiini tarbimine - Kiire Tarne - Fit360\",\"isPartOf\":{\"@id\":\"https:\\\/\\\/fit360.ee\\\/en\\\/#website\"},\"primaryImageOfPage\":{\"@id\":\"https:\\\/\\\/fit360.ee\\\/en\\\/pood\\\/product-groups\\\/creatine-en\\\/creatine-monohydrate-en\\\/creatine-monohydrate-300g\\\/#primaryimage\"},\"image\":{\"@id\":\"https:\\\/\\\/fit360.ee\\\/en\\\/pood\\\/product-groups\\\/creatine-en\\\/creatine-monohydrate-en\\\/creatine-monohydrate-300g\\\/#primaryimage\"},\"thumbnailUrl\":\"https:\\\/\\\/fit360.ee\\\/wp-content\\\/uploads\\\/2022\\\/04\\\/kreatiin-monohudraat-naturaalne-fit360.ee-1.png\",\"datePublished\":\"2022-04-26T10:14:41+00:00\",\"dateModified\":\"2025-09-16T15:41:58+00:00\",\"description\":\"Kreatiin monoh\u00fcdraat on k\u00f5ige sobilikum neile, kes soovivad suurendada j\u00f5udu, kiirust ja puhast lihasmassi. Kreatiin monoh\u00fcdraat v\u00e4henda..\",\"breadcrumb\":{\"@id\":\"https:\\\/\\\/fit360.ee\\\/en\\\/pood\\\/product-groups\\\/creatine-en\\\/creatine-monohydrate-en\\\/creatine-monohydrate-300g\\\/#breadcrumb\"},\"inLanguage\":\"en-US\",\"potentialAction\":[{\"@type\":\"ReadAction\",\"target\":[\"https:\\\/\\\/fit360.ee\\\/en\\\/pood\\\/product-groups\\\/creatine-en\\\/creatine-monohydrate-en\\\/creatine-monohydrate-300g\\\/\"]}]},{\"@type\":\"ImageObject\",\"inLanguage\":\"en-US\",\"@id\":\"https:\\\/\\\/fit360.ee\\\/en\\\/pood\\\/product-groups\\\/creatine-en\\\/creatine-monohydrate-en\\\/creatine-monohydrate-300g\\\/#primaryimage\",\"url\":\"https:\\\/\\\/fit360.ee\\\/wp-content\\\/uploads\\\/2022\\\/04\\\/kreatiin-monohudraat-naturaalne-fit360.ee-1.png\",\"contentUrl\":\"https:\\\/\\\/fit360.ee\\\/wp-content\\\/uploads\\\/2022\\\/04\\\/kreatiin-monohudraat-naturaalne-fit360.ee-1.png\",\"width\":450,\"height\":450,\"caption\":\"kreatiin monoh\u00fcdraat naturaalne - fit360.ee\"},{\"@type\":\"BreadcrumbList\",\"@id\":\"https:\\\/\\\/fit360.ee\\\/en\\\/pood\\\/product-groups\\\/creatine-en\\\/creatine-monohydrate-en\\\/creatine-monohydrate-300g\\\/#breadcrumb\",\"itemListElement\":[{\"@type\":\"ListItem\",\"position\":1,\"name\":\"Home\",\"item\":\"https:\\\/\\\/fit360.ee\\\/en\\\/\"},{\"@type\":\"ListItem\",\"position\":2,\"name\":\"Shop\",\"item\":\"https:\\\/\\\/fit360.ee\\\/en\\\/shop\\\/\"},{\"@type\":\"ListItem\",\"position\":3,\"name\":\"Creatine Monohydrate (300g)\"}]},{\"@type\":\"WebSite\",\"@id\":\"https:\\\/\\\/fit360.ee\\\/en\\\/#website\",\"url\":\"https:\\\/\\\/fit360.ee\\\/en\\\/\",\"name\":\"Fit360\",\"description\":\"\",\"publisher\":{\"@id\":\"https:\\\/\\\/fit360.ee\\\/en\\\/#organization\"},\"potentialAction\":[{\"@type\":\"SearchAction\",\"target\":{\"@type\":\"EntryPoint\",\"urlTemplate\":\"https:\\\/\\\/fit360.ee\\\/en\\\/?s={search_term_string}\"},\"query-input\":{\"@type\":\"PropertyValueSpecification\",\"valueRequired\":true,\"valueName\":\"search_term_string\"}}],\"inLanguage\":\"en-US\"},{\"@type\":\"Organization\",\"@id\":\"https:\\\/\\\/fit360.ee\\\/en\\\/#organization\",\"name\":\"Fit360\",\"url\":\"https:\\\/\\\/fit360.ee\\\/en\\\/\",\"logo\":{\"@type\":\"ImageObject\",\"inLanguage\":\"en-US\",\"@id\":\"https:\\\/\\\/fit360.ee\\\/en\\\/#\\\/schema\\\/logo\\\/image\\\/\",\"url\":\"https:\\\/\\\/fit360.ee\\\/wp-content\\\/uploads\\\/2017\\\/01\\\/logo-fit360.png\",\"contentUrl\":\"https:\\\/\\\/fit360.ee\\\/wp-content\\\/uploads\\\/2017\\\/01\\\/logo-fit360.png\",\"width\":180,\"height\":66,\"caption\":\"Fit360\"},\"image\":{\"@id\":\"https:\\\/\\\/fit360.ee\\\/en\\\/#\\\/schema\\\/logo\\\/image\\\/\"}}]}<\/script>\n<!-- \/ Yoast SEO plugin. -->","yoast_head_json":{"title":"Creatine Monohydrate (300g) - Kreatiini tarbimine - Kiire Tarne - Fit360","description":"Kreatiin monoh\u00fcdraat on k\u00f5ige sobilikum neile, kes soovivad suurendada j\u00f5udu, kiirust ja puhast lihasmassi. Kreatiin monoh\u00fcdraat v\u00e4henda..","robots":{"index":"index","follow":"follow","max-snippet":"max-snippet:-1","max-image-preview":"max-image-preview:large","max-video-preview":"max-video-preview:-1"},"canonical":"https:\/\/fit360.ee\/en\/pood\/product-groups\/creatine-en\/creatine-monohydrate-en\/creatine-monohydrate-300g\/","og_locale":"en_US","og_type":"article","og_title":"Creatine Monohydrate (300g) - Kreatiini tarbimine - Kiire Tarne - Fit360","og_description":"Kreatiin monoh\u00fcdraat on k\u00f5ige sobilikum neile, kes soovivad suurendada j\u00f5udu, kiirust ja puhast lihasmassi. Kreatiin monoh\u00fcdraat v\u00e4henda..","og_url":"https:\/\/fit360.ee\/en\/pood\/product-groups\/creatine-en\/creatine-monohydrate-en\/creatine-monohydrate-300g\/","og_site_name":"Fit360","article_modified_time":"2025-09-16T15:41:58+00:00","og_image":[{"width":450,"height":450,"url":"https:\/\/fit360.ee\/wp-content\/uploads\/2022\/04\/kreatiin-monohudraat-naturaalne-fit360.ee-1.png","type":"image\/png"}],"twitter_card":"summary_large_image","twitter_misc":{"Est. reading time":"3 minutes"},"schema":{"@context":"https:\/\/schema.org","@graph":[{"@type":"WebPage","@id":"https:\/\/fit360.ee\/en\/pood\/product-groups\/creatine-en\/creatine-monohydrate-en\/creatine-monohydrate-300g\/","url":"https:\/\/fit360.ee\/en\/pood\/product-groups\/creatine-en\/creatine-monohydrate-en\/creatine-monohydrate-300g\/","name":"Creatine Monohydrate (300g) - Kreatiini tarbimine - Kiire Tarne - Fit360","isPartOf":{"@id":"https:\/\/fit360.ee\/en\/#website"},"primaryImageOfPage":{"@id":"https:\/\/fit360.ee\/en\/pood\/product-groups\/creatine-en\/creatine-monohydrate-en\/creatine-monohydrate-300g\/#primaryimage"},"image":{"@id":"https:\/\/fit360.ee\/en\/pood\/product-groups\/creatine-en\/creatine-monohydrate-en\/creatine-monohydrate-300g\/#primaryimage"},"thumbnailUrl":"https:\/\/fit360.ee\/wp-content\/uploads\/2022\/04\/kreatiin-monohudraat-naturaalne-fit360.ee-1.png","datePublished":"2022-04-26T10:14:41+00:00","dateModified":"2025-09-16T15:41:58+00:00","description":"Kreatiin monoh\u00fcdraat on k\u00f5ige sobilikum neile, kes soovivad suurendada j\u00f5udu, kiirust ja puhast lihasmassi. Kreatiin monoh\u00fcdraat v\u00e4henda..","breadcrumb":{"@id":"https:\/\/fit360.ee\/en\/pood\/product-groups\/creatine-en\/creatine-monohydrate-en\/creatine-monohydrate-300g\/#breadcrumb"},"inLanguage":"en-US","potentialAction":[{"@type":"ReadAction","target":["https:\/\/fit360.ee\/en\/pood\/product-groups\/creatine-en\/creatine-monohydrate-en\/creatine-monohydrate-300g\/"]}]},{"@type":"ImageObject","inLanguage":"en-US","@id":"https:\/\/fit360.ee\/en\/pood\/product-groups\/creatine-en\/creatine-monohydrate-en\/creatine-monohydrate-300g\/#primaryimage","url":"https:\/\/fit360.ee\/wp-content\/uploads\/2022\/04\/kreatiin-monohudraat-naturaalne-fit360.ee-1.png","contentUrl":"https:\/\/fit360.ee\/wp-content\/uploads\/2022\/04\/kreatiin-monohudraat-naturaalne-fit360.ee-1.png","width":450,"height":450,"caption":"kreatiin monoh\u00fcdraat naturaalne - fit360.ee"},{"@type":"BreadcrumbList","@id":"https:\/\/fit360.ee\/en\/pood\/product-groups\/creatine-en\/creatine-monohydrate-en\/creatine-monohydrate-300g\/#breadcrumb","itemListElement":[{"@type":"ListItem","position":1,"name":"Home","item":"https:\/\/fit360.ee\/en\/"},{"@type":"ListItem","position":2,"name":"Shop","item":"https:\/\/fit360.ee\/en\/shop\/"},{"@type":"ListItem","position":3,"name":"Creatine Monohydrate (300g)"}]},{"@type":"WebSite","@id":"https:\/\/fit360.ee\/en\/#website","url":"https:\/\/fit360.ee\/en\/","name":"Fit360","description":"","publisher":{"@id":"https:\/\/fit360.ee\/en\/#organization"},"potentialAction":[{"@type":"SearchAction","target":{"@type":"EntryPoint","urlTemplate":"https:\/\/fit360.ee\/en\/?s={search_term_string}"},"query-input":{"@type":"PropertyValueSpecification","valueRequired":true,"valueName":"search_term_string"}}],"inLanguage":"en-US"},{"@type":"Organization","@id":"https:\/\/fit360.ee\/en\/#organization","name":"Fit360","url":"https:\/\/fit360.ee\/en\/","logo":{"@type":"ImageObject","inLanguage":"en-US","@id":"https:\/\/fit360.ee\/en\/#\/schema\/logo\/image\/","url":"https:\/\/fit360.ee\/wp-content\/uploads\/2017\/01\/logo-fit360.png","contentUrl":"https:\/\/fit360.ee\/wp-content\/uploads\/2017\/01\/logo-fit360.png","width":180,"height":66,"caption":"Fit360"},"image":{"@id":"https:\/\/fit360.ee\/en\/#\/schema\/logo\/image\/"}}]}},"_links":{"self":[{"href":"https:\/\/fit360.ee\/en\/wp-json\/wp\/v2\/product\/62069","targetHints":{"allow":["GET"]}}],"collection":[{"href":"https:\/\/fit360.ee\/en\/wp-json\/wp\/v2\/product"}],"about":[{"href":"https:\/\/fit360.ee\/en\/wp-json\/wp\/v2\/types\/product"}],"replies":[{"embeddable":true,"href":"https:\/\/fit360.ee\/en\/wp-json\/wp\/v2\/comments?post=62069"}],"wp:featuredmedia":[{"embeddable":true,"href":"https:\/\/fit360.ee\/en\/wp-json\/wp\/v2\/media\/87543"}],"wp:attachment":[{"href":"https:\/\/fit360.ee\/en\/wp-json\/wp\/v2\/media?parent=62069"}],"wp:term":[{"taxonomy":"product_brand","embeddable":true,"href":"https:\/\/fit360.ee\/en\/wp-json\/wp\/v2\/product_brand?post=62069"},{"taxonomy":"product_cat","embeddable":true,"href":"https:\/\/fit360.ee\/en\/wp-json\/wp\/v2\/product_cat?post=62069"},{"taxonomy":"product_tag","embeddable":true,"href":"https:\/\/fit360.ee\/en\/wp-json\/wp\/v2\/product_tag?post=62069"},{"taxonomy":"giftcard-category","embeddable":true,"href":"https:\/\/fit360.ee\/en\/wp-json\/wp\/v2\/giftcard-category?post=62069"}],"curies":[{"name":"wp","href":"https:\/\/api.w.org\/{rel}","templated":true}]}}