{"id":62087,"date":"2022-04-26T12:47:15","date_gmt":"2022-04-26T10:47:15","guid":{"rendered":"https:\/\/fit360.ee\/pood\/uncategorized\/msm-kapslid-60caps\/"},"modified":"2026-01-21T16:49:19","modified_gmt":"2026-01-21T14:49:19","slug":"msm-kapslid-60caps","status":"publish","type":"product","link":"https:\/\/fit360.ee\/en\/pood\/product-groups\/superfoods-health-foods-en\/msm-en\/msm-kapslid-60caps\/","title":{"rendered":"MSM kapslid (60caps)"},"content":{"rendered":"<h1><strong>MSM Kapslid<\/strong><\/h1>\n<p>OstroVit MSM kapslid on preparaat, mis on orgaanilise v\u00e4\u00e4vli\u00fchendi met\u00fc\u00fclsulfon\u00fc\u00fclmetaani allikas. Seda \u00fchendit leidub looduses paljudes puuviljades, k\u00f6\u00f6giviljades, munades ja lihas, tees, teraviljas ja isegi v\u00e4rskes lehmapiimas. K\u00fclmutamise, kiiritamise ja konserveerimise tulemusena kaotab see aga oma omadused.<\/p>\n<ul>\n<li>60 kapslit pakendis<\/li>\n<li>1 portsjon = 1 kapsel<\/li>\n<li>Supreme Capsules sari<\/li>\n<\/ul>\n<h4><strong>OstroVit MSM 1200 &#8211; Met\u00fc\u00fclsulfon\u00fc\u00fclmetaan<\/strong><\/h4>\n<p>Met\u00fc\u00fclsulfon\u00fc\u00fclmetaan MSM on orgaaniline keemiline v\u00e4\u00e4vli\u00fchend (orgaaniline v\u00e4\u00e4vel), mida leidub sageli rohelistes k\u00f6\u00f6giviljades ja v\u00e4rskes piimas. Kahjuks on tegemist ainega, mis kergesti laguneb toiduainete tehnoloogiliste protsesside k\u00e4igus. Seet\u00f5ttu on met\u00fc\u00fclsulfon\u00fc\u00fclmetaaniga t\u00e4iendamine meie jaoks nii oluline. See m\u00e4ngib olulist rolli aminohapete ja kollageeni s\u00fcnteesis.<\/p>\n<h4><strong>Omadused:<\/strong><\/h4>\n<p>Met\u00fc\u00fclsulfon\u00fc\u00fclmetaan, \u00fcldtuntud kui orgaaniline v\u00e4\u00e4vel, m\u00f5jub meie kehale \u00e4\u00e4rmiselt tervendavalt. V\u00e4\u00e4vel on \u00fcks olulisi mineraale, mis t\u00e4idab meie kehas palju olulisi funktsioone. See sobib suurep\u00e4raselt neile, kes hindavad tervet nahka, k\u00fc\u00fcsi v\u00f5i juukseid, kuid neile, kes keskenduvad f\u00fc\u00fcsilisele treeningule laiemas m\u00f5ttes. Mitte ainult professionaalne, vaid ka harrastus tasemel treening vajab parimaid taastumisvahendeid.<\/p>\n<ul>\n<li>MSM v\u00e4hendab treeningj\u00e4rgset lihasvalu ja m\u00f5jutab nende taastumist<\/li>\n<li>Tarbimise ajal t\u00e4heldatakse plasma kreatiniini ja bilirubiini taseme langust<\/li>\n<li>MSM parandab oluliselt nahka, juukseid ja k\u00fc\u00fcsi, andes neile erakordselt terve v\u00e4limuse<\/li>\n<li>MSM kapslid taastavad t\u00f5husalt k\u00f5\u00f5lused ja sidemed, tagab liigeste regenereerimise ja korraliku funktsioneerimise<\/li>\n<li>Osaleb kollageeni (sidekoe peamine valk) s\u00fcnteesis<\/li>\n<li>MSM kapslid hoiavad \u00e4ra juuste enneaegse v\u00e4ljalangemise ja tugevdab neid, parandades nende struktuuri<\/li>\n<\/ul>\n<p><strong>Koostiosad MSM Kapslid<\/strong>: Met\u00fc\u00fclsulfon\u00fc\u00fclmetaan, kapsli kest (\u017eelatiin, puhastatud vesi).<br \/>\nToode v\u00f5ib sisaldada piima (sh laktoosi), sojaube, maap\u00e4hkleid, muid p\u00e4hkleid, seesamiseemneid, kaera, mune, v\u00e4hilaadseid, kala.<\/p>\n<p><strong>Kasutamine<\/strong>: Tarbi 1 portsjon (1 kapsel) p\u00e4evas, eelistatavalt 30 minutit enne s\u00f6\u00f6ki.<\/p>\n<p><strong>Suurus<\/strong>: 60 kapslit &#8211; 60 serveeringut<\/p>\n<section class=\"projector__description--nutritional row\" data-selector=\".--nutritional\">\n<div class=\"col-12 col-md-10 col-lg-8\">\n<div class=\"--nutrit\">\n<div class=\"nutrition_table_wrapper\">\n<div class=\"table_wrapper\">\n<table>\n<tbody>\n<tr>\n<th>Aktiivsed toimeained<\/th>\n<th>1 kapsel &#8211; 1 serveering<\/th>\n<\/tr>\n<tr>\n<td>MSM (Met\u00fc\u00fclsulfon\u00fc\u00fclmetaan)<\/td>\n<td>1200 mg<\/td>\n<\/tr>\n<\/tbody>\n<\/table>\n<p>Vaata ka meie Teisi Toidulisandeid Liigestele <a href=\"https:\/\/fit360.ee\/en\/product-category\/product-groups\/joint-support-en\/\"><strong>SIIT<\/strong><\/a> v\u00f5i MSM tooteid <a href=\"https:\/\/fit360.ee\/en\/product-category\/product-groups\/superfoods-health-foods-en\/msm-en\/\"><strong>SIIT<\/strong><\/a>!<\/p>\n<\/div>\n<\/div>\n<\/div>\n<\/div>\n<\/section>\n<section class=\"projector__comments comments row\" data-selector=\".--comments\">\n<div class=\"--label col-12\">Soovid teha suuremat tellimust? Vaata antud toodet meie HULGI lehelt\u00a0<a href=\"https:\/\/toidulisandidhulgi.ee\/product\/msm-kapslid-60caps\/\"><strong>SIIT<\/strong><\/a>!<\/div>\n<section class=\"modal --comments-form\"><\/section>\n<\/section>\n","protected":false},"excerpt":{"rendered":"<ul>\n<li>MSM v\u00e4hendab treeningj\u00e4rgset lihasvalu ja m\u00f5jutab nende taastumist<\/li>\n<li>Tarbimise ajal t\u00e4heldatakse plasma kreatiniini ja bilirubiini taseme langust<\/li>\n<li>MSM parandab oluliselt nahka, juukseid ja k\u00fc\u00fcsi, andes neile erakordselt terve v\u00e4limuse<\/li>\n<li>MSM kapslid taastavad t\u00f5husalt k\u00f5\u00f5lused ja sidemed, tagab liigeste regenereerimise ja korraliku funktsioneerimise<\/li>\n<li>Osaleb kollageeni (sidekoe peamine valk) s\u00fcnteesis<\/li>\n<li>MSM kapslid hoiavad \u00e4ra juuste enneaegse v\u00e4ljalangemise ja tugevdab neid, parandades nende struktuuri<\/li>\n<\/ul>\n","protected":false},"featured_media":84464,"comment_status":"closed","ping_status":"closed","template":"","meta":[],"product_brand":[],"product_cat":[527,2342,1329,1454,536],"product_tag":[3700,3363,3701,1924],"giftcard-category":[],"class_list":{"0":"post-62087","1":"product","2":"type-product","3":"status-publish","4":"has-post-thumbnail","6":"product_cat-joint-support-en","7":"product_cat-msm-en","8":"product_cat-ostrovit-en","9":"product_cat-superfoods-health-foods-en","10":"product_cat-vitamins-and-minerals-en","11":"product_tag-metuulsulfonuulmetan-en","12":"product_tag-msm-en","13":"product_tag-msm-kapslid-en","14":"product_tag-ostrovit-en","15":"pa_kogus-60-capsules","16":"pa_toidulisand-branddd-ostrovit","17":"pa_tootegruppp-for-joints","18":"pa_tootegruppp-msm-en","19":"pa_tootegruppp-supertoit-tervisetoit-en","20":"pa_tootegruppp-vitamins-and-minerals","22":"first","23":"outofstock","24":"sale","25":"taxable","26":"shipping-taxable","27":"purchasable","28":"product-type-simple"},"yoast_head":"<!-- This site is optimized with the Yoast SEO plugin v27.3 - https:\/\/yoast.com\/product\/yoast-seo-wordpress\/ -->\n<title>MSM kapslid (60caps) - Met\u00fc\u00fclsulfon\u00fc\u00fclmetaan - MSM 1200 - Fit360<\/title>\n<meta name=\"description\" content=\"MSM Kapslid - t\u00e4idab meie kehas palju olulisi funktsioone. See sobib suurep\u00e4raselt neile, kes hindavad tervet nahka, k\u00fc\u00fcsi v\u00f5i juukseid...\" \/>\n<meta name=\"robots\" content=\"index, follow, max-snippet:-1, max-image-preview:large, max-video-preview:-1\" \/>\n<link rel=\"canonical\" href=\"https:\/\/fit360.ee\/en\/pood\/product-groups\/superfoods-health-foods-en\/msm-en\/msm-kapslid-60caps\/\" \/>\n<meta property=\"og:locale\" content=\"en_US\" \/>\n<meta property=\"og:type\" content=\"article\" \/>\n<meta property=\"og:title\" content=\"MSM kapslid (60caps) - Met\u00fc\u00fclsulfon\u00fc\u00fclmetaan - MSM 1200 - Fit360\" \/>\n<meta property=\"og:description\" content=\"MSM Kapslid - t\u00e4idab meie kehas palju olulisi funktsioone. See sobib suurep\u00e4raselt neile, kes hindavad tervet nahka, k\u00fc\u00fcsi v\u00f5i juukseid...\" \/>\n<meta property=\"og:url\" content=\"https:\/\/fit360.ee\/en\/pood\/product-groups\/superfoods-health-foods-en\/msm-en\/msm-kapslid-60caps\/\" \/>\n<meta property=\"og:site_name\" content=\"Fit360\" \/>\n<meta property=\"article:modified_time\" content=\"2026-01-21T14:49:19+00:00\" \/>\n<meta property=\"og:image\" content=\"https:\/\/fit360.ee\/wp-content\/uploads\/2022\/04\/msm-kapslid-fit360.ee_-1.png\" \/>\n\t<meta property=\"og:image:width\" content=\"450\" \/>\n\t<meta property=\"og:image:height\" content=\"450\" \/>\n\t<meta property=\"og:image:type\" content=\"image\/png\" \/>\n<meta name=\"twitter:card\" content=\"summary_large_image\" \/>\n<meta name=\"twitter:label1\" content=\"Est. reading time\" \/>\n\t<meta name=\"twitter:data1\" content=\"2 minutes\" \/>\n<script type=\"application\/ld+json\" class=\"yoast-schema-graph\">{\"@context\":\"https:\\\/\\\/schema.org\",\"@graph\":[{\"@type\":\"WebPage\",\"@id\":\"https:\\\/\\\/fit360.ee\\\/en\\\/pood\\\/product-groups\\\/superfoods-health-foods-en\\\/msm-en\\\/msm-kapslid-60caps\\\/\",\"url\":\"https:\\\/\\\/fit360.ee\\\/en\\\/pood\\\/product-groups\\\/superfoods-health-foods-en\\\/msm-en\\\/msm-kapslid-60caps\\\/\",\"name\":\"MSM kapslid (60caps) - Met\u00fc\u00fclsulfon\u00fc\u00fclmetaan - MSM 1200 - Fit360\",\"isPartOf\":{\"@id\":\"https:\\\/\\\/fit360.ee\\\/en\\\/#website\"},\"primaryImageOfPage\":{\"@id\":\"https:\\\/\\\/fit360.ee\\\/en\\\/pood\\\/product-groups\\\/superfoods-health-foods-en\\\/msm-en\\\/msm-kapslid-60caps\\\/#primaryimage\"},\"image\":{\"@id\":\"https:\\\/\\\/fit360.ee\\\/en\\\/pood\\\/product-groups\\\/superfoods-health-foods-en\\\/msm-en\\\/msm-kapslid-60caps\\\/#primaryimage\"},\"thumbnailUrl\":\"https:\\\/\\\/fit360.ee\\\/wp-content\\\/uploads\\\/2022\\\/04\\\/msm-kapslid-fit360.ee_-1.png\",\"datePublished\":\"2022-04-26T10:47:15+00:00\",\"dateModified\":\"2026-01-21T14:49:19+00:00\",\"description\":\"MSM Kapslid - t\u00e4idab meie kehas palju olulisi funktsioone. See sobib suurep\u00e4raselt neile, kes hindavad tervet nahka, k\u00fc\u00fcsi v\u00f5i juukseid...\",\"breadcrumb\":{\"@id\":\"https:\\\/\\\/fit360.ee\\\/en\\\/pood\\\/product-groups\\\/superfoods-health-foods-en\\\/msm-en\\\/msm-kapslid-60caps\\\/#breadcrumb\"},\"inLanguage\":\"en-US\",\"potentialAction\":[{\"@type\":\"ReadAction\",\"target\":[\"https:\\\/\\\/fit360.ee\\\/en\\\/pood\\\/product-groups\\\/superfoods-health-foods-en\\\/msm-en\\\/msm-kapslid-60caps\\\/\"]}]},{\"@type\":\"ImageObject\",\"inLanguage\":\"en-US\",\"@id\":\"https:\\\/\\\/fit360.ee\\\/en\\\/pood\\\/product-groups\\\/superfoods-health-foods-en\\\/msm-en\\\/msm-kapslid-60caps\\\/#primaryimage\",\"url\":\"https:\\\/\\\/fit360.ee\\\/wp-content\\\/uploads\\\/2022\\\/04\\\/msm-kapslid-fit360.ee_-1.png\",\"contentUrl\":\"https:\\\/\\\/fit360.ee\\\/wp-content\\\/uploads\\\/2022\\\/04\\\/msm-kapslid-fit360.ee_-1.png\",\"width\":450,\"height\":450,\"caption\":\"msm kapslid - fit360.ee\"},{\"@type\":\"BreadcrumbList\",\"@id\":\"https:\\\/\\\/fit360.ee\\\/en\\\/pood\\\/product-groups\\\/superfoods-health-foods-en\\\/msm-en\\\/msm-kapslid-60caps\\\/#breadcrumb\",\"itemListElement\":[{\"@type\":\"ListItem\",\"position\":1,\"name\":\"Home\",\"item\":\"https:\\\/\\\/fit360.ee\\\/en\\\/\"},{\"@type\":\"ListItem\",\"position\":2,\"name\":\"Shop\",\"item\":\"https:\\\/\\\/fit360.ee\\\/en\\\/shop\\\/\"},{\"@type\":\"ListItem\",\"position\":3,\"name\":\"MSM kapslid (60caps)\"}]},{\"@type\":\"WebSite\",\"@id\":\"https:\\\/\\\/fit360.ee\\\/en\\\/#website\",\"url\":\"https:\\\/\\\/fit360.ee\\\/en\\\/\",\"name\":\"Fit360\",\"description\":\"\",\"publisher\":{\"@id\":\"https:\\\/\\\/fit360.ee\\\/en\\\/#organization\"},\"potentialAction\":[{\"@type\":\"SearchAction\",\"target\":{\"@type\":\"EntryPoint\",\"urlTemplate\":\"https:\\\/\\\/fit360.ee\\\/en\\\/?s={search_term_string}\"},\"query-input\":{\"@type\":\"PropertyValueSpecification\",\"valueRequired\":true,\"valueName\":\"search_term_string\"}}],\"inLanguage\":\"en-US\"},{\"@type\":\"Organization\",\"@id\":\"https:\\\/\\\/fit360.ee\\\/en\\\/#organization\",\"name\":\"Fit360\",\"url\":\"https:\\\/\\\/fit360.ee\\\/en\\\/\",\"logo\":{\"@type\":\"ImageObject\",\"inLanguage\":\"en-US\",\"@id\":\"https:\\\/\\\/fit360.ee\\\/en\\\/#\\\/schema\\\/logo\\\/image\\\/\",\"url\":\"https:\\\/\\\/fit360.ee\\\/wp-content\\\/uploads\\\/2017\\\/01\\\/logo-fit360.png\",\"contentUrl\":\"https:\\\/\\\/fit360.ee\\\/wp-content\\\/uploads\\\/2017\\\/01\\\/logo-fit360.png\",\"width\":180,\"height\":66,\"caption\":\"Fit360\"},\"image\":{\"@id\":\"https:\\\/\\\/fit360.ee\\\/en\\\/#\\\/schema\\\/logo\\\/image\\\/\"}}]}<\/script>\n<!-- \/ Yoast SEO plugin. -->","yoast_head_json":{"title":"MSM kapslid (60caps) - Met\u00fc\u00fclsulfon\u00fc\u00fclmetaan - MSM 1200 - Fit360","description":"MSM Kapslid - t\u00e4idab meie kehas palju olulisi funktsioone. See sobib suurep\u00e4raselt neile, kes hindavad tervet nahka, k\u00fc\u00fcsi v\u00f5i juukseid...","robots":{"index":"index","follow":"follow","max-snippet":"max-snippet:-1","max-image-preview":"max-image-preview:large","max-video-preview":"max-video-preview:-1"},"canonical":"https:\/\/fit360.ee\/en\/pood\/product-groups\/superfoods-health-foods-en\/msm-en\/msm-kapslid-60caps\/","og_locale":"en_US","og_type":"article","og_title":"MSM kapslid (60caps) - Met\u00fc\u00fclsulfon\u00fc\u00fclmetaan - MSM 1200 - Fit360","og_description":"MSM Kapslid - t\u00e4idab meie kehas palju olulisi funktsioone. See sobib suurep\u00e4raselt neile, kes hindavad tervet nahka, k\u00fc\u00fcsi v\u00f5i juukseid...","og_url":"https:\/\/fit360.ee\/en\/pood\/product-groups\/superfoods-health-foods-en\/msm-en\/msm-kapslid-60caps\/","og_site_name":"Fit360","article_modified_time":"2026-01-21T14:49:19+00:00","og_image":[{"width":450,"height":450,"url":"https:\/\/fit360.ee\/wp-content\/uploads\/2022\/04\/msm-kapslid-fit360.ee_-1.png","type":"image\/png"}],"twitter_card":"summary_large_image","twitter_misc":{"Est. reading time":"2 minutes"},"schema":{"@context":"https:\/\/schema.org","@graph":[{"@type":"WebPage","@id":"https:\/\/fit360.ee\/en\/pood\/product-groups\/superfoods-health-foods-en\/msm-en\/msm-kapslid-60caps\/","url":"https:\/\/fit360.ee\/en\/pood\/product-groups\/superfoods-health-foods-en\/msm-en\/msm-kapslid-60caps\/","name":"MSM kapslid (60caps) - Met\u00fc\u00fclsulfon\u00fc\u00fclmetaan - MSM 1200 - Fit360","isPartOf":{"@id":"https:\/\/fit360.ee\/en\/#website"},"primaryImageOfPage":{"@id":"https:\/\/fit360.ee\/en\/pood\/product-groups\/superfoods-health-foods-en\/msm-en\/msm-kapslid-60caps\/#primaryimage"},"image":{"@id":"https:\/\/fit360.ee\/en\/pood\/product-groups\/superfoods-health-foods-en\/msm-en\/msm-kapslid-60caps\/#primaryimage"},"thumbnailUrl":"https:\/\/fit360.ee\/wp-content\/uploads\/2022\/04\/msm-kapslid-fit360.ee_-1.png","datePublished":"2022-04-26T10:47:15+00:00","dateModified":"2026-01-21T14:49:19+00:00","description":"MSM Kapslid - t\u00e4idab meie kehas palju olulisi funktsioone. See sobib suurep\u00e4raselt neile, kes hindavad tervet nahka, k\u00fc\u00fcsi v\u00f5i juukseid...","breadcrumb":{"@id":"https:\/\/fit360.ee\/en\/pood\/product-groups\/superfoods-health-foods-en\/msm-en\/msm-kapslid-60caps\/#breadcrumb"},"inLanguage":"en-US","potentialAction":[{"@type":"ReadAction","target":["https:\/\/fit360.ee\/en\/pood\/product-groups\/superfoods-health-foods-en\/msm-en\/msm-kapslid-60caps\/"]}]},{"@type":"ImageObject","inLanguage":"en-US","@id":"https:\/\/fit360.ee\/en\/pood\/product-groups\/superfoods-health-foods-en\/msm-en\/msm-kapslid-60caps\/#primaryimage","url":"https:\/\/fit360.ee\/wp-content\/uploads\/2022\/04\/msm-kapslid-fit360.ee_-1.png","contentUrl":"https:\/\/fit360.ee\/wp-content\/uploads\/2022\/04\/msm-kapslid-fit360.ee_-1.png","width":450,"height":450,"caption":"msm kapslid - fit360.ee"},{"@type":"BreadcrumbList","@id":"https:\/\/fit360.ee\/en\/pood\/product-groups\/superfoods-health-foods-en\/msm-en\/msm-kapslid-60caps\/#breadcrumb","itemListElement":[{"@type":"ListItem","position":1,"name":"Home","item":"https:\/\/fit360.ee\/en\/"},{"@type":"ListItem","position":2,"name":"Shop","item":"https:\/\/fit360.ee\/en\/shop\/"},{"@type":"ListItem","position":3,"name":"MSM kapslid (60caps)"}]},{"@type":"WebSite","@id":"https:\/\/fit360.ee\/en\/#website","url":"https:\/\/fit360.ee\/en\/","name":"Fit360","description":"","publisher":{"@id":"https:\/\/fit360.ee\/en\/#organization"},"potentialAction":[{"@type":"SearchAction","target":{"@type":"EntryPoint","urlTemplate":"https:\/\/fit360.ee\/en\/?s={search_term_string}"},"query-input":{"@type":"PropertyValueSpecification","valueRequired":true,"valueName":"search_term_string"}}],"inLanguage":"en-US"},{"@type":"Organization","@id":"https:\/\/fit360.ee\/en\/#organization","name":"Fit360","url":"https:\/\/fit360.ee\/en\/","logo":{"@type":"ImageObject","inLanguage":"en-US","@id":"https:\/\/fit360.ee\/en\/#\/schema\/logo\/image\/","url":"https:\/\/fit360.ee\/wp-content\/uploads\/2017\/01\/logo-fit360.png","contentUrl":"https:\/\/fit360.ee\/wp-content\/uploads\/2017\/01\/logo-fit360.png","width":180,"height":66,"caption":"Fit360"},"image":{"@id":"https:\/\/fit360.ee\/en\/#\/schema\/logo\/image\/"}}]}},"_links":{"self":[{"href":"https:\/\/fit360.ee\/en\/wp-json\/wp\/v2\/product\/62087","targetHints":{"allow":["GET"]}}],"collection":[{"href":"https:\/\/fit360.ee\/en\/wp-json\/wp\/v2\/product"}],"about":[{"href":"https:\/\/fit360.ee\/en\/wp-json\/wp\/v2\/types\/product"}],"replies":[{"embeddable":true,"href":"https:\/\/fit360.ee\/en\/wp-json\/wp\/v2\/comments?post=62087"}],"wp:featuredmedia":[{"embeddable":true,"href":"https:\/\/fit360.ee\/en\/wp-json\/wp\/v2\/media\/84464"}],"wp:attachment":[{"href":"https:\/\/fit360.ee\/en\/wp-json\/wp\/v2\/media?parent=62087"}],"wp:term":[{"taxonomy":"product_brand","embeddable":true,"href":"https:\/\/fit360.ee\/en\/wp-json\/wp\/v2\/product_brand?post=62087"},{"taxonomy":"product_cat","embeddable":true,"href":"https:\/\/fit360.ee\/en\/wp-json\/wp\/v2\/product_cat?post=62087"},{"taxonomy":"product_tag","embeddable":true,"href":"https:\/\/fit360.ee\/en\/wp-json\/wp\/v2\/product_tag?post=62087"},{"taxonomy":"giftcard-category","embeddable":true,"href":"https:\/\/fit360.ee\/en\/wp-json\/wp\/v2\/giftcard-category?post=62087"}],"curies":[{"name":"wp","href":"https:\/\/api.w.org\/{rel}","templated":true}]}}