{"id":62097,"date":"2022-04-26T13:30:33","date_gmt":"2022-04-26T11:30:33","guid":{"rendered":"https:\/\/fit360.ee\/?post_type=product&#038;p=62097"},"modified":"2025-08-13T07:35:36","modified_gmt":"2025-08-13T05:35:36","slug":"real-mass-gold-edition-3000g","status":"publish","type":"product","link":"https:\/\/fit360.ee\/en\/pood\/product-groups\/mass-gainers-en\/real-mass-gold-edition-3000g\/","title":{"rendered":"Real Mass Gold Edition (3000g)"},"content":{"rendered":"<h1><strong>Real Mass Gold Edition<\/strong><\/h1>\n<p>Real Mass Gold Edition on 4 s\u00fcsivesiku allikaga preemium massilisaja, kus on s\u00fcsivesikude ja valkude suhe peaaegu 3:1.<\/p>\n<ul>\n<li>Aitab kasvatada lihasmassi \u2013 t\u00f5hus s\u00fcsivesikutega valgulisand<\/li>\n<li>Sisaldab tervislikku loomset valku<\/li>\n<li>Sobib toidukorra asendajaks<\/li>\n<li>Efektiivne taastaja peale rasket treeningut v\u00f5i f\u00fc\u00fcsilist t\u00f6\u00f6d<\/li>\n<li>Madala suhkru sisaldusega massilisaja<\/li>\n<\/ul>\n<p><strong>Koostisosad<\/strong>: Maltodekstriin, mikroniseeritud dekstroos, vadakuvalgu kontsentraat, riisit\u00e4rklis, fruktoos, vadakuvalgu isolaat, vadakuvalgu h\u00fcdrol\u00fcsaat, kaseiin, ksantaan, l\u00f5hna-, v\u00e4rvi- ja maitseained.<\/p>\n<p><strong>Kasutamine<\/strong>: Tarbi \u00fcks annus (75g) toodet 150\u2013250 ml vee v\u00f5i piimaga kuni neli korda p\u00e4evas. Toode ei ole m\u00f5eldud neeruhaigusi p\u00f5devatele inimestele, rasedatele, rinnaga toitvatele naistele ega lastele.<\/p>\n<p><strong>Suurus<\/strong>: 3000g \u2013 40 serveeringut. Hoiustada kuivas ja jahedas kohas.<\/p>\n<table width=\"451\">\n<tbody>\n<tr>\n<td width=\"194\">\u00a0<strong>Anal\u00fc\u00fcs\u00a0<\/strong><\/td>\n<td width=\"126\"><strong>100g<\/strong><\/td>\n<td width=\"131\"><strong>1 portsjon (75g)<\/strong><\/td>\n<\/tr>\n<tr>\n<td width=\"194\">Energiasisaldus<\/td>\n<td width=\"126\">376 kcal \/ 1596 kJ<\/td>\n<td width=\"131\">282 kcal \/ 1197 kJ<\/td>\n<\/tr>\n<tr>\n<td width=\"194\">Rasvad,<\/td>\n<td width=\"126\">2,5g<\/td>\n<td width=\"131\">1,9g<\/td>\n<\/tr>\n<tr>\n<td width=\"194\">sealhulgas k\u00fcllastunud rasvhaped<\/td>\n<td width=\"126\">1,6g<\/td>\n<td width=\"131\">1,2g<\/td>\n<\/tr>\n<tr>\n<td width=\"194\">S\u00fcsivesikud,<\/td>\n<td width=\"126\">68g<\/td>\n<td width=\"131\">51g<\/td>\n<\/tr>\n<tr>\n<td width=\"194\">sealhulgas suhkrud<\/td>\n<td width=\"126\">10g<\/td>\n<td width=\"131\">7,5g<\/td>\n<\/tr>\n<tr>\n<td width=\"194\">Kiudained<\/td>\n<td width=\"126\">1g<\/td>\n<td width=\"131\">0,75g<\/td>\n<\/tr>\n<tr>\n<td width=\"194\">Valk<\/td>\n<td width=\"126\">20g<\/td>\n<td width=\"131\">15g<\/td>\n<\/tr>\n<tr>\n<td width=\"194\">Sool<\/td>\n<td width=\"126\">0,25g<\/td>\n<td width=\"131\">0,19g<\/td>\n<\/tr>\n<\/tbody>\n<\/table>\n<p>Vaata ka meie Teisi Massilisajaid <a href=\"https:\/\/fit360.ee\/en\/product-category\/product-groups\/mass-gainers-en\/\"><strong>SIIT<\/strong><\/a>!<\/p>\n<p>Soovid kaupa osta suuremas koguses? Vaata antud toodet ka meie HULGI poest\u00a0<a href=\"https:\/\/toidulisandidhulgi.ee\/product\/real-mass-gold-edition-3000g\/\"><strong>SIIT<\/strong><\/a>!<\/p>\n","protected":false},"excerpt":{"rendered":"<p><strong>Real Mass Gold Edition<\/strong>:<\/p>\n<ul>\n<li>Aitab kasvatada lihasmassi \u2013 t\u00f5hus s\u00fcsivesikutega valgulisand<\/li>\n<li>Sisaldab tervislikku loomset valku<\/li>\n<li>Sobib toidukorra asendajaks<\/li>\n<li>Efektiivne taastaja peale rasket treeningut v\u00f5i f\u00fc\u00fcsilist t\u00f6\u00f6d<\/li>\n<li>Madala suhkru sisaldusega massilisaja<\/li>\n<\/ul>\n","protected":false},"featured_media":62104,"comment_status":"open","ping_status":"closed","template":"","meta":[],"product_brand":[],"product_cat":[528,515,531],"product_tag":[3705,3706,1803],"giftcard-category":[],"class_list":{"0":"post-62097","1":"product","2":"type-product","3":"status-publish","4":"has-post-thumbnail","6":"product_cat-mass-gainers-en","7":"product_cat-real-pharm","8":"product_cat-recovery-post-workout-en","9":"product_tag-real-mass-en","10":"product_tag-real-mass-gold-edition-en","11":"product_tag-real-pharm-en","12":"pa_maitse-caramel","13":"pa_maitse-chocolate","14":"pa_maitse-cookie","16":"first","17":"instock","18":"sale","19":"taxable","20":"shipping-taxable","21":"purchasable","22":"product-type-variable"},"yoast_head":"<!-- This site is optimized with the Yoast SEO plugin v27.3 - https:\/\/yoast.com\/product\/yoast-seo-wordpress\/ -->\n<title>Real Mass Gold Edition (3000g) - Massilisaja - Kiire Tarne - Fit360<\/title>\n<meta name=\"description\" content=\"Real Mass Gold Edition on 4 s\u00fcsivesiku allikaga preemium massilisaja, kus on s\u00fcsivesikude ja valkude suhe peaaegu 3:1.\u00a0Kiire Tarne!\" \/>\n<meta name=\"robots\" content=\"index, follow, max-snippet:-1, max-image-preview:large, max-video-preview:-1\" \/>\n<link rel=\"canonical\" href=\"https:\/\/fit360.ee\/en\/pood\/product-groups\/mass-gainers-en\/real-mass-gold-edition-3000g\/\" \/>\n<meta property=\"og:locale\" content=\"en_US\" \/>\n<meta property=\"og:type\" content=\"article\" \/>\n<meta property=\"og:title\" content=\"Real Mass Gold Edition (3000g) - Massilisaja - Kiire Tarne - Fit360\" \/>\n<meta property=\"og:description\" content=\"Real Mass Gold Edition on 4 s\u00fcsivesiku allikaga preemium massilisaja, kus on s\u00fcsivesikude ja valkude suhe peaaegu 3:1.\u00a0Kiire Tarne!\" \/>\n<meta property=\"og:url\" content=\"https:\/\/fit360.ee\/en\/pood\/product-groups\/mass-gainers-en\/real-mass-gold-edition-3000g\/\" \/>\n<meta property=\"og:site_name\" content=\"Fit360\" \/>\n<meta property=\"article:modified_time\" content=\"2025-08-13T05:35:36+00:00\" \/>\n<meta property=\"og:image\" content=\"https:\/\/fit360.ee\/wp-content\/uploads\/2022\/04\/real-mass-gold-edition-fit360.ee_.png\" \/>\n\t<meta property=\"og:image:width\" content=\"600\" \/>\n\t<meta property=\"og:image:height\" content=\"600\" \/>\n\t<meta property=\"og:image:type\" content=\"image\/png\" \/>\n<meta name=\"twitter:card\" content=\"summary_large_image\" \/>\n<meta name=\"twitter:label1\" content=\"Est. reading time\" \/>\n\t<meta name=\"twitter:data1\" content=\"2 minutes\" \/>\n<script type=\"application\/ld+json\" class=\"yoast-schema-graph\">{\"@context\":\"https:\\\/\\\/schema.org\",\"@graph\":[{\"@type\":\"WebPage\",\"@id\":\"https:\\\/\\\/fit360.ee\\\/en\\\/pood\\\/product-groups\\\/mass-gainers-en\\\/real-mass-gold-edition-3000g\\\/\",\"url\":\"https:\\\/\\\/fit360.ee\\\/en\\\/pood\\\/product-groups\\\/mass-gainers-en\\\/real-mass-gold-edition-3000g\\\/\",\"name\":\"Real Mass Gold Edition (3000g) - Massilisaja - Kiire Tarne - Fit360\",\"isPartOf\":{\"@id\":\"https:\\\/\\\/fit360.ee\\\/en\\\/#website\"},\"primaryImageOfPage\":{\"@id\":\"https:\\\/\\\/fit360.ee\\\/en\\\/pood\\\/product-groups\\\/mass-gainers-en\\\/real-mass-gold-edition-3000g\\\/#primaryimage\"},\"image\":{\"@id\":\"https:\\\/\\\/fit360.ee\\\/en\\\/pood\\\/product-groups\\\/mass-gainers-en\\\/real-mass-gold-edition-3000g\\\/#primaryimage\"},\"thumbnailUrl\":\"https:\\\/\\\/fit360.ee\\\/wp-content\\\/uploads\\\/2022\\\/04\\\/real-mass-gold-edition-fit360.ee_.png\",\"datePublished\":\"2022-04-26T11:30:33+00:00\",\"dateModified\":\"2025-08-13T05:35:36+00:00\",\"description\":\"Real Mass Gold Edition on 4 s\u00fcsivesiku allikaga preemium massilisaja, kus on s\u00fcsivesikude ja valkude suhe peaaegu 3:1.\u00a0Kiire Tarne!\",\"breadcrumb\":{\"@id\":\"https:\\\/\\\/fit360.ee\\\/en\\\/pood\\\/product-groups\\\/mass-gainers-en\\\/real-mass-gold-edition-3000g\\\/#breadcrumb\"},\"inLanguage\":\"en-US\",\"potentialAction\":[{\"@type\":\"ReadAction\",\"target\":[\"https:\\\/\\\/fit360.ee\\\/en\\\/pood\\\/product-groups\\\/mass-gainers-en\\\/real-mass-gold-edition-3000g\\\/\"]}]},{\"@type\":\"ImageObject\",\"inLanguage\":\"en-US\",\"@id\":\"https:\\\/\\\/fit360.ee\\\/en\\\/pood\\\/product-groups\\\/mass-gainers-en\\\/real-mass-gold-edition-3000g\\\/#primaryimage\",\"url\":\"https:\\\/\\\/fit360.ee\\\/wp-content\\\/uploads\\\/2022\\\/04\\\/real-mass-gold-edition-fit360.ee_.png\",\"contentUrl\":\"https:\\\/\\\/fit360.ee\\\/wp-content\\\/uploads\\\/2022\\\/04\\\/real-mass-gold-edition-fit360.ee_.png\",\"width\":600,\"height\":600,\"caption\":\"real mass gold edition - fit360.ee\"},{\"@type\":\"BreadcrumbList\",\"@id\":\"https:\\\/\\\/fit360.ee\\\/en\\\/pood\\\/product-groups\\\/mass-gainers-en\\\/real-mass-gold-edition-3000g\\\/#breadcrumb\",\"itemListElement\":[{\"@type\":\"ListItem\",\"position\":1,\"name\":\"Home\",\"item\":\"https:\\\/\\\/fit360.ee\\\/en\\\/\"},{\"@type\":\"ListItem\",\"position\":2,\"name\":\"Shop\",\"item\":\"https:\\\/\\\/fit360.ee\\\/en\\\/shop\\\/\"},{\"@type\":\"ListItem\",\"position\":3,\"name\":\"Real Mass Gold Edition (3000g)\"}]},{\"@type\":\"WebSite\",\"@id\":\"https:\\\/\\\/fit360.ee\\\/en\\\/#website\",\"url\":\"https:\\\/\\\/fit360.ee\\\/en\\\/\",\"name\":\"Fit360\",\"description\":\"\",\"publisher\":{\"@id\":\"https:\\\/\\\/fit360.ee\\\/en\\\/#organization\"},\"potentialAction\":[{\"@type\":\"SearchAction\",\"target\":{\"@type\":\"EntryPoint\",\"urlTemplate\":\"https:\\\/\\\/fit360.ee\\\/en\\\/?s={search_term_string}\"},\"query-input\":{\"@type\":\"PropertyValueSpecification\",\"valueRequired\":true,\"valueName\":\"search_term_string\"}}],\"inLanguage\":\"en-US\"},{\"@type\":\"Organization\",\"@id\":\"https:\\\/\\\/fit360.ee\\\/en\\\/#organization\",\"name\":\"Fit360\",\"url\":\"https:\\\/\\\/fit360.ee\\\/en\\\/\",\"logo\":{\"@type\":\"ImageObject\",\"inLanguage\":\"en-US\",\"@id\":\"https:\\\/\\\/fit360.ee\\\/en\\\/#\\\/schema\\\/logo\\\/image\\\/\",\"url\":\"https:\\\/\\\/fit360.ee\\\/wp-content\\\/uploads\\\/2017\\\/01\\\/logo-fit360.png\",\"contentUrl\":\"https:\\\/\\\/fit360.ee\\\/wp-content\\\/uploads\\\/2017\\\/01\\\/logo-fit360.png\",\"width\":180,\"height\":66,\"caption\":\"Fit360\"},\"image\":{\"@id\":\"https:\\\/\\\/fit360.ee\\\/en\\\/#\\\/schema\\\/logo\\\/image\\\/\"}}]}<\/script>\n<!-- \/ Yoast SEO plugin. -->","yoast_head_json":{"title":"Real Mass Gold Edition (3000g) - Massilisaja - Kiire Tarne - Fit360","description":"Real Mass Gold Edition on 4 s\u00fcsivesiku allikaga preemium massilisaja, kus on s\u00fcsivesikude ja valkude suhe peaaegu 3:1.\u00a0Kiire Tarne!","robots":{"index":"index","follow":"follow","max-snippet":"max-snippet:-1","max-image-preview":"max-image-preview:large","max-video-preview":"max-video-preview:-1"},"canonical":"https:\/\/fit360.ee\/en\/pood\/product-groups\/mass-gainers-en\/real-mass-gold-edition-3000g\/","og_locale":"en_US","og_type":"article","og_title":"Real Mass Gold Edition (3000g) - Massilisaja - Kiire Tarne - Fit360","og_description":"Real Mass Gold Edition on 4 s\u00fcsivesiku allikaga preemium massilisaja, kus on s\u00fcsivesikude ja valkude suhe peaaegu 3:1.\u00a0Kiire Tarne!","og_url":"https:\/\/fit360.ee\/en\/pood\/product-groups\/mass-gainers-en\/real-mass-gold-edition-3000g\/","og_site_name":"Fit360","article_modified_time":"2025-08-13T05:35:36+00:00","og_image":[{"width":600,"height":600,"url":"https:\/\/fit360.ee\/wp-content\/uploads\/2022\/04\/real-mass-gold-edition-fit360.ee_.png","type":"image\/png"}],"twitter_card":"summary_large_image","twitter_misc":{"Est. reading time":"2 minutes"},"schema":{"@context":"https:\/\/schema.org","@graph":[{"@type":"WebPage","@id":"https:\/\/fit360.ee\/en\/pood\/product-groups\/mass-gainers-en\/real-mass-gold-edition-3000g\/","url":"https:\/\/fit360.ee\/en\/pood\/product-groups\/mass-gainers-en\/real-mass-gold-edition-3000g\/","name":"Real Mass Gold Edition (3000g) - Massilisaja - Kiire Tarne - Fit360","isPartOf":{"@id":"https:\/\/fit360.ee\/en\/#website"},"primaryImageOfPage":{"@id":"https:\/\/fit360.ee\/en\/pood\/product-groups\/mass-gainers-en\/real-mass-gold-edition-3000g\/#primaryimage"},"image":{"@id":"https:\/\/fit360.ee\/en\/pood\/product-groups\/mass-gainers-en\/real-mass-gold-edition-3000g\/#primaryimage"},"thumbnailUrl":"https:\/\/fit360.ee\/wp-content\/uploads\/2022\/04\/real-mass-gold-edition-fit360.ee_.png","datePublished":"2022-04-26T11:30:33+00:00","dateModified":"2025-08-13T05:35:36+00:00","description":"Real Mass Gold Edition on 4 s\u00fcsivesiku allikaga preemium massilisaja, kus on s\u00fcsivesikude ja valkude suhe peaaegu 3:1.\u00a0Kiire Tarne!","breadcrumb":{"@id":"https:\/\/fit360.ee\/en\/pood\/product-groups\/mass-gainers-en\/real-mass-gold-edition-3000g\/#breadcrumb"},"inLanguage":"en-US","potentialAction":[{"@type":"ReadAction","target":["https:\/\/fit360.ee\/en\/pood\/product-groups\/mass-gainers-en\/real-mass-gold-edition-3000g\/"]}]},{"@type":"ImageObject","inLanguage":"en-US","@id":"https:\/\/fit360.ee\/en\/pood\/product-groups\/mass-gainers-en\/real-mass-gold-edition-3000g\/#primaryimage","url":"https:\/\/fit360.ee\/wp-content\/uploads\/2022\/04\/real-mass-gold-edition-fit360.ee_.png","contentUrl":"https:\/\/fit360.ee\/wp-content\/uploads\/2022\/04\/real-mass-gold-edition-fit360.ee_.png","width":600,"height":600,"caption":"real mass gold edition - fit360.ee"},{"@type":"BreadcrumbList","@id":"https:\/\/fit360.ee\/en\/pood\/product-groups\/mass-gainers-en\/real-mass-gold-edition-3000g\/#breadcrumb","itemListElement":[{"@type":"ListItem","position":1,"name":"Home","item":"https:\/\/fit360.ee\/en\/"},{"@type":"ListItem","position":2,"name":"Shop","item":"https:\/\/fit360.ee\/en\/shop\/"},{"@type":"ListItem","position":3,"name":"Real Mass Gold Edition (3000g)"}]},{"@type":"WebSite","@id":"https:\/\/fit360.ee\/en\/#website","url":"https:\/\/fit360.ee\/en\/","name":"Fit360","description":"","publisher":{"@id":"https:\/\/fit360.ee\/en\/#organization"},"potentialAction":[{"@type":"SearchAction","target":{"@type":"EntryPoint","urlTemplate":"https:\/\/fit360.ee\/en\/?s={search_term_string}"},"query-input":{"@type":"PropertyValueSpecification","valueRequired":true,"valueName":"search_term_string"}}],"inLanguage":"en-US"},{"@type":"Organization","@id":"https:\/\/fit360.ee\/en\/#organization","name":"Fit360","url":"https:\/\/fit360.ee\/en\/","logo":{"@type":"ImageObject","inLanguage":"en-US","@id":"https:\/\/fit360.ee\/en\/#\/schema\/logo\/image\/","url":"https:\/\/fit360.ee\/wp-content\/uploads\/2017\/01\/logo-fit360.png","contentUrl":"https:\/\/fit360.ee\/wp-content\/uploads\/2017\/01\/logo-fit360.png","width":180,"height":66,"caption":"Fit360"},"image":{"@id":"https:\/\/fit360.ee\/en\/#\/schema\/logo\/image\/"}}]}},"_links":{"self":[{"href":"https:\/\/fit360.ee\/en\/wp-json\/wp\/v2\/product\/62097","targetHints":{"allow":["GET"]}}],"collection":[{"href":"https:\/\/fit360.ee\/en\/wp-json\/wp\/v2\/product"}],"about":[{"href":"https:\/\/fit360.ee\/en\/wp-json\/wp\/v2\/types\/product"}],"replies":[{"embeddable":true,"href":"https:\/\/fit360.ee\/en\/wp-json\/wp\/v2\/comments?post=62097"}],"wp:featuredmedia":[{"embeddable":true,"href":"https:\/\/fit360.ee\/en\/wp-json\/wp\/v2\/media\/62104"}],"wp:attachment":[{"href":"https:\/\/fit360.ee\/en\/wp-json\/wp\/v2\/media?parent=62097"}],"wp:term":[{"taxonomy":"product_brand","embeddable":true,"href":"https:\/\/fit360.ee\/en\/wp-json\/wp\/v2\/product_brand?post=62097"},{"taxonomy":"product_cat","embeddable":true,"href":"https:\/\/fit360.ee\/en\/wp-json\/wp\/v2\/product_cat?post=62097"},{"taxonomy":"product_tag","embeddable":true,"href":"https:\/\/fit360.ee\/en\/wp-json\/wp\/v2\/product_tag?post=62097"},{"taxonomy":"giftcard-category","embeddable":true,"href":"https:\/\/fit360.ee\/en\/wp-json\/wp\/v2\/giftcard-category?post=62097"}],"curies":[{"name":"wp","href":"https:\/\/api.w.org\/{rel}","templated":true}]}}