{"id":62145,"date":"2022-04-27T16:21:59","date_gmt":"2022-04-27T14:21:59","guid":{"rendered":"https:\/\/fit360.ee\/pood\/uncategorized\/citruargin-300g\/"},"modified":"2026-03-31T00:41:17","modified_gmt":"2026-03-30T22:41:17","slug":"citruargin-300g","status":"publish","type":"product","link":"https:\/\/fit360.ee\/en\/pood\/product-groups\/amino-acids-bcaa\/l-arginine-en\/citruargin-300g\/","title":{"rendered":"CitruArgin &#8211; Tsitrulliin + Arginiin (300g)"},"content":{"rendered":"<h1><strong>CitruArgin<\/strong><\/h1>\n<p><strong>CitruArgin<\/strong> on toidulisand, mis sisaldab h\u00e4sti lahustuvat <a href=\"https:\/\/fit360.ee\/en\/product-category\/product-groups\/amino-acids-bcaa\/citrulline-en\/\"><strong>tsitrulliini<\/strong><\/a> ja <a href=\"https:\/\/fit360.ee\/en\/product-category\/product-groups\/amino-acids-bcaa\/l-arginine-en\/\"><strong>arginiini.<\/strong><\/a> See toode toetab keha taastumisel, mis on koormatud intensiivse f\u00fc\u00fcsilise pingutusega. Tsitrulliini ja arginiini tarbimisel on positiivne m\u00f5ju treeningu efektiivsuse suurendamisele. CitruArgin on pulbriline preparaat, millel on erinevad maitsed.<\/p>\n<p>CitruArginis sisalduv tsitrulliin avaldab veresoonte laienemist soodustavat toimet, mis parandab organismi verevarustust ja t\u00f5stab selle efektiivsust. See parandab verevoolu l\u00e4bi lihaste, mis v\u00f5imaldab paremat hapniku ja toitainetega varustamist. Tsitrulliin toetab regeneratsiooni ja m\u00e4ngib olulist rolli lihaste kaitsmisel hapestumise eest. Inimesed, kes lisavad CitruArginit, v\u00f5ivad loota lihasvalu v\u00e4henemisele ja j\u00f5u m\u00e4rgatavale suurenemisele, mis aitab s\u00e4ilitada treeningu ajal k\u00f5rget vastupidavust.<\/p>\n<p>Arginiin on omakorda endogeenne aminohape, mis osaleb aktiivselt paljudes inimese ainevahetuse f\u00fcsioloogilistes protsessides. See aminohape toetab kehalist aktiivsust, samuti m\u00f5jub positiivselt toksiinide (eriti uurea) v\u00e4ljutamisele organismist ning haavade paranemisele ja vananemisprotsesside edasil\u00fckkamisele \u2013 stimuleerides kasvuhormooni tootmist. Arginiin, nagu tsitrulliin, suurendab regeneratsiooni efektiivsust p\u00e4rast intensiivset f\u00fc\u00fcsilist pingutust.<\/p>\n<p><strong>Tsitrulliin + Arginiin<\/strong> on toidulisand, mis v\u00f5imaldab teha pikemaid treeninguid suurema efektiivsusega. See on m\u00f5eldud f\u00fc\u00fcsiliselt aktiivsetele t\u00e4iskasvanutele. Seda saavad kasutada nii professionaalsed sportlased kui ka vastupidavus- ja j\u00f5ualade amat\u00f6\u00f6rid. Tootes sisalduvad koostisosad v\u00f5imaldavad teil t\u00f5sta treeningu intensiivsust, mis v\u00f5ib t\u00e4hendada paremat sportlikku sooritust ning lihaselise ja esteetilise figuuri saavutamist.<\/p>\n<p><strong>Kasutamine<\/strong>: Tarbi 10 grammi toodet segatuna 250 ml veega \u00fcks kord p\u00e4evas. Ei ole soovitatav \u00fcletada maksimaalset kogust \u00fchte portsjonit (10 g) p\u00e4evas. Toidulisand ei saa olla mitmek\u00fclgse toitumise asendaja (asendaja). Tervislik eluviis ja tasakaalustatud toitumine on olulised.<\/p>\n<p>Toode on m\u00f5eldud t\u00e4iskasvanutele ja tervetele inimestele. Seda toidulisandit ei soovitata lastele, rasedatele ja rinnaga toitvatele naistele. Selle toote kasutamise vastun\u00e4idustuseks on ka s\u00fcdame-veresoonkonna haigused v\u00f5i \u00fclitundlikkus preparaadi m\u00f5ne koostisosa suhtes.<\/p>\n<table>\n<tbody>\n<tr>\n<td width=\"213\"><strong>Toimeainete anal\u00fc\u00fcs<\/strong><\/td>\n<td width=\"213\"><strong>10g \u2013 1 serveering<\/strong><\/td>\n<\/tr>\n<tr>\n<td width=\"213\">L-Tsitrulliin<\/td>\n<td width=\"213\">4000mg<\/td>\n<\/tr>\n<tr>\n<td width=\"213\">L-Arginiin h\u00fcdrokloriid<\/td>\n<td width=\"213\">4000mg<\/td>\n<\/tr>\n<tr>\n<td width=\"213\">millest puhas L-Arginiin<\/td>\n<td width=\"213\">3488mg<\/td>\n<\/tr>\n<\/tbody>\n<\/table>\n<p>Vaata ka meie Teisi Arginiine <a href=\"https:\/\/fit360.ee\/en\/product-category\/product-groups\/amino-acids-bcaa\/l-arginine-en\/\"><strong>SIIT<\/strong><\/a> v\u00f5i Tsitrulliine <a href=\"https:\/\/fit360.ee\/en\/product-category\/product-groups\/amino-acids-bcaa\/citrulline-en\/\"><strong>SIIT<\/strong><\/a>!<\/p>\n<p>Soovid teha suuremat tellimust? Vaata antud toodet meie HULGI lehelt\u00a0<a href=\"https:\/\/toidulisandidhulgi.ee\/product\/citruargin-300g\/\"><strong>SIIT<\/strong><\/a>!<\/p>\n","protected":false},"excerpt":{"rendered":"<p><strong>Tsitrulliin + Arginiin<\/strong> on toidulisand, mis v\u00f5imaldab teha pikemaid treeninguid suurema efektiivsusega. See on m\u00f5eldud f\u00fc\u00fcsiliselt aktiivsetele inimestele. Seda saavad kasutada nii professionaalsed sportlased kui ka vastupidavus- ja j\u00f5ualade amat\u00f6\u00f6rid.<\/p>\n","protected":false},"featured_media":62141,"comment_status":"closed","ping_status":"closed","template":"","meta":[],"product_brand":[],"product_cat":[520,2314,2311,533,515],"product_tag":[1801,3714,1803,3715],"giftcard-category":[],"class_list":{"0":"post-62145","1":"product","2":"type-product","3":"status-publish","4":"has-post-thumbnail","6":"product_cat-amino-acids-bcaa","7":"product_cat-citrulline-en","8":"product_cat-l-arginine-en","9":"product_cat-pre-workout-en","10":"product_cat-real-pharm","11":"product_tag-arginiin-en","12":"product_tag-citruargin-en","13":"product_tag-real-pharm-en","14":"product_tag-tsitrulliin-en","15":"pa_maitse-blue-raz-en","16":"pa_maitse-cherry","17":"pa_maitse-lemon","18":"pa_maitse-natural","19":"pa_maitse-orange","20":"pa_maitse-strawberry-2","21":"pa_maitse-strawberry-watermelon","23":"first","24":"instock","25":"sale","26":"taxable","27":"shipping-taxable","28":"purchasable","29":"product-type-variable"},"yoast_head":"<!-- This site is optimized with the Yoast SEO plugin v27.3 - https:\/\/yoast.com\/product\/yoast-seo-wordpress\/ -->\n<title>CitruArgin - Tsitrulliin + Arginiin (300g) - NO toode - Kiire Tarne - Fit360<\/title>\n<meta name=\"description\" content=\"CitruArgin on toidulisand, mis sisaldab h\u00e4sti lahustuvat tsitrulliini ja arginiini. Tsitrulliini ja arginiini tarbimisel on positiivne m\u00f5...\" \/>\n<meta name=\"robots\" content=\"index, follow, max-snippet:-1, max-image-preview:large, max-video-preview:-1\" \/>\n<link rel=\"canonical\" href=\"https:\/\/fit360.ee\/en\/pood\/product-groups\/amino-acids-bcaa\/l-arginine-en\/citruargin-300g\/\" \/>\n<meta property=\"og:locale\" content=\"en_US\" \/>\n<meta property=\"og:type\" content=\"article\" \/>\n<meta property=\"og:title\" content=\"CitruArgin - Tsitrulliin + Arginiin (300g) - NO toode - Kiire Tarne - Fit360\" \/>\n<meta property=\"og:description\" content=\"CitruArgin on toidulisand, mis sisaldab h\u00e4sti lahustuvat tsitrulliini ja arginiini. Tsitrulliini ja arginiini tarbimisel on positiivne m\u00f5...\" \/>\n<meta property=\"og:url\" content=\"https:\/\/fit360.ee\/en\/pood\/product-groups\/amino-acids-bcaa\/l-arginine-en\/citruargin-300g\/\" \/>\n<meta property=\"og:site_name\" content=\"Fit360\" \/>\n<meta property=\"article:modified_time\" content=\"2026-03-30T22:41:17+00:00\" \/>\n<meta property=\"og:image\" content=\"https:\/\/fit360.ee\/wp-content\/uploads\/2022\/04\/Citruargin-fit360.ee-1.png\" \/>\n\t<meta property=\"og:image:width\" content=\"800\" \/>\n\t<meta property=\"og:image:height\" content=\"800\" \/>\n\t<meta property=\"og:image:type\" content=\"image\/png\" \/>\n<meta name=\"twitter:card\" content=\"summary_large_image\" \/>\n<meta name=\"twitter:label1\" content=\"Est. reading time\" \/>\n\t<meta name=\"twitter:data1\" content=\"2 minutes\" \/>\n<script type=\"application\/ld+json\" class=\"yoast-schema-graph\">{\"@context\":\"https:\\\/\\\/schema.org\",\"@graph\":[{\"@type\":\"WebPage\",\"@id\":\"https:\\\/\\\/fit360.ee\\\/en\\\/pood\\\/product-groups\\\/amino-acids-bcaa\\\/l-arginine-en\\\/citruargin-300g\\\/\",\"url\":\"https:\\\/\\\/fit360.ee\\\/en\\\/pood\\\/product-groups\\\/amino-acids-bcaa\\\/l-arginine-en\\\/citruargin-300g\\\/\",\"name\":\"CitruArgin - Tsitrulliin + Arginiin (300g) - NO toode - Kiire Tarne - Fit360\",\"isPartOf\":{\"@id\":\"https:\\\/\\\/fit360.ee\\\/en\\\/#website\"},\"primaryImageOfPage\":{\"@id\":\"https:\\\/\\\/fit360.ee\\\/en\\\/pood\\\/product-groups\\\/amino-acids-bcaa\\\/l-arginine-en\\\/citruargin-300g\\\/#primaryimage\"},\"image\":{\"@id\":\"https:\\\/\\\/fit360.ee\\\/en\\\/pood\\\/product-groups\\\/amino-acids-bcaa\\\/l-arginine-en\\\/citruargin-300g\\\/#primaryimage\"},\"thumbnailUrl\":\"https:\\\/\\\/fit360.ee\\\/wp-content\\\/uploads\\\/2022\\\/04\\\/Citruargin-fit360.ee-1.png\",\"datePublished\":\"2022-04-27T14:21:59+00:00\",\"dateModified\":\"2026-03-30T22:41:17+00:00\",\"description\":\"CitruArgin on toidulisand, mis sisaldab h\u00e4sti lahustuvat tsitrulliini ja arginiini. Tsitrulliini ja arginiini tarbimisel on positiivne m\u00f5...\",\"breadcrumb\":{\"@id\":\"https:\\\/\\\/fit360.ee\\\/en\\\/pood\\\/product-groups\\\/amino-acids-bcaa\\\/l-arginine-en\\\/citruargin-300g\\\/#breadcrumb\"},\"inLanguage\":\"en-US\",\"potentialAction\":[{\"@type\":\"ReadAction\",\"target\":[\"https:\\\/\\\/fit360.ee\\\/en\\\/pood\\\/product-groups\\\/amino-acids-bcaa\\\/l-arginine-en\\\/citruargin-300g\\\/\"]}]},{\"@type\":\"ImageObject\",\"inLanguage\":\"en-US\",\"@id\":\"https:\\\/\\\/fit360.ee\\\/en\\\/pood\\\/product-groups\\\/amino-acids-bcaa\\\/l-arginine-en\\\/citruargin-300g\\\/#primaryimage\",\"url\":\"https:\\\/\\\/fit360.ee\\\/wp-content\\\/uploads\\\/2022\\\/04\\\/Citruargin-fit360.ee-1.png\",\"contentUrl\":\"https:\\\/\\\/fit360.ee\\\/wp-content\\\/uploads\\\/2022\\\/04\\\/Citruargin-fit360.ee-1.png\",\"width\":800,\"height\":800,\"caption\":\"Citruargin - fit360.ee\"},{\"@type\":\"BreadcrumbList\",\"@id\":\"https:\\\/\\\/fit360.ee\\\/en\\\/pood\\\/product-groups\\\/amino-acids-bcaa\\\/l-arginine-en\\\/citruargin-300g\\\/#breadcrumb\",\"itemListElement\":[{\"@type\":\"ListItem\",\"position\":1,\"name\":\"Home\",\"item\":\"https:\\\/\\\/fit360.ee\\\/en\\\/\"},{\"@type\":\"ListItem\",\"position\":2,\"name\":\"Shop\",\"item\":\"https:\\\/\\\/fit360.ee\\\/en\\\/shop\\\/\"},{\"@type\":\"ListItem\",\"position\":3,\"name\":\"CitruArgin &#8211; Tsitrulliin + Arginiin (300g)\"}]},{\"@type\":\"WebSite\",\"@id\":\"https:\\\/\\\/fit360.ee\\\/en\\\/#website\",\"url\":\"https:\\\/\\\/fit360.ee\\\/en\\\/\",\"name\":\"Fit360\",\"description\":\"\",\"publisher\":{\"@id\":\"https:\\\/\\\/fit360.ee\\\/en\\\/#organization\"},\"potentialAction\":[{\"@type\":\"SearchAction\",\"target\":{\"@type\":\"EntryPoint\",\"urlTemplate\":\"https:\\\/\\\/fit360.ee\\\/en\\\/?s={search_term_string}\"},\"query-input\":{\"@type\":\"PropertyValueSpecification\",\"valueRequired\":true,\"valueName\":\"search_term_string\"}}],\"inLanguage\":\"en-US\"},{\"@type\":\"Organization\",\"@id\":\"https:\\\/\\\/fit360.ee\\\/en\\\/#organization\",\"name\":\"Fit360\",\"url\":\"https:\\\/\\\/fit360.ee\\\/en\\\/\",\"logo\":{\"@type\":\"ImageObject\",\"inLanguage\":\"en-US\",\"@id\":\"https:\\\/\\\/fit360.ee\\\/en\\\/#\\\/schema\\\/logo\\\/image\\\/\",\"url\":\"https:\\\/\\\/fit360.ee\\\/wp-content\\\/uploads\\\/2017\\\/01\\\/logo-fit360.png\",\"contentUrl\":\"https:\\\/\\\/fit360.ee\\\/wp-content\\\/uploads\\\/2017\\\/01\\\/logo-fit360.png\",\"width\":180,\"height\":66,\"caption\":\"Fit360\"},\"image\":{\"@id\":\"https:\\\/\\\/fit360.ee\\\/en\\\/#\\\/schema\\\/logo\\\/image\\\/\"}}]}<\/script>\n<!-- \/ Yoast SEO plugin. -->","yoast_head_json":{"title":"CitruArgin - Tsitrulliin + Arginiin (300g) - NO toode - Kiire Tarne - Fit360","description":"CitruArgin on toidulisand, mis sisaldab h\u00e4sti lahustuvat tsitrulliini ja arginiini. Tsitrulliini ja arginiini tarbimisel on positiivne m\u00f5...","robots":{"index":"index","follow":"follow","max-snippet":"max-snippet:-1","max-image-preview":"max-image-preview:large","max-video-preview":"max-video-preview:-1"},"canonical":"https:\/\/fit360.ee\/en\/pood\/product-groups\/amino-acids-bcaa\/l-arginine-en\/citruargin-300g\/","og_locale":"en_US","og_type":"article","og_title":"CitruArgin - Tsitrulliin + Arginiin (300g) - NO toode - Kiire Tarne - Fit360","og_description":"CitruArgin on toidulisand, mis sisaldab h\u00e4sti lahustuvat tsitrulliini ja arginiini. Tsitrulliini ja arginiini tarbimisel on positiivne m\u00f5...","og_url":"https:\/\/fit360.ee\/en\/pood\/product-groups\/amino-acids-bcaa\/l-arginine-en\/citruargin-300g\/","og_site_name":"Fit360","article_modified_time":"2026-03-30T22:41:17+00:00","og_image":[{"width":800,"height":800,"url":"https:\/\/fit360.ee\/wp-content\/uploads\/2022\/04\/Citruargin-fit360.ee-1.png","type":"image\/png"}],"twitter_card":"summary_large_image","twitter_misc":{"Est. reading time":"2 minutes"},"schema":{"@context":"https:\/\/schema.org","@graph":[{"@type":"WebPage","@id":"https:\/\/fit360.ee\/en\/pood\/product-groups\/amino-acids-bcaa\/l-arginine-en\/citruargin-300g\/","url":"https:\/\/fit360.ee\/en\/pood\/product-groups\/amino-acids-bcaa\/l-arginine-en\/citruargin-300g\/","name":"CitruArgin - Tsitrulliin + Arginiin (300g) - NO toode - Kiire Tarne - Fit360","isPartOf":{"@id":"https:\/\/fit360.ee\/en\/#website"},"primaryImageOfPage":{"@id":"https:\/\/fit360.ee\/en\/pood\/product-groups\/amino-acids-bcaa\/l-arginine-en\/citruargin-300g\/#primaryimage"},"image":{"@id":"https:\/\/fit360.ee\/en\/pood\/product-groups\/amino-acids-bcaa\/l-arginine-en\/citruargin-300g\/#primaryimage"},"thumbnailUrl":"https:\/\/fit360.ee\/wp-content\/uploads\/2022\/04\/Citruargin-fit360.ee-1.png","datePublished":"2022-04-27T14:21:59+00:00","dateModified":"2026-03-30T22:41:17+00:00","description":"CitruArgin on toidulisand, mis sisaldab h\u00e4sti lahustuvat tsitrulliini ja arginiini. Tsitrulliini ja arginiini tarbimisel on positiivne m\u00f5...","breadcrumb":{"@id":"https:\/\/fit360.ee\/en\/pood\/product-groups\/amino-acids-bcaa\/l-arginine-en\/citruargin-300g\/#breadcrumb"},"inLanguage":"en-US","potentialAction":[{"@type":"ReadAction","target":["https:\/\/fit360.ee\/en\/pood\/product-groups\/amino-acids-bcaa\/l-arginine-en\/citruargin-300g\/"]}]},{"@type":"ImageObject","inLanguage":"en-US","@id":"https:\/\/fit360.ee\/en\/pood\/product-groups\/amino-acids-bcaa\/l-arginine-en\/citruargin-300g\/#primaryimage","url":"https:\/\/fit360.ee\/wp-content\/uploads\/2022\/04\/Citruargin-fit360.ee-1.png","contentUrl":"https:\/\/fit360.ee\/wp-content\/uploads\/2022\/04\/Citruargin-fit360.ee-1.png","width":800,"height":800,"caption":"Citruargin - fit360.ee"},{"@type":"BreadcrumbList","@id":"https:\/\/fit360.ee\/en\/pood\/product-groups\/amino-acids-bcaa\/l-arginine-en\/citruargin-300g\/#breadcrumb","itemListElement":[{"@type":"ListItem","position":1,"name":"Home","item":"https:\/\/fit360.ee\/en\/"},{"@type":"ListItem","position":2,"name":"Shop","item":"https:\/\/fit360.ee\/en\/shop\/"},{"@type":"ListItem","position":3,"name":"CitruArgin &#8211; Tsitrulliin + Arginiin (300g)"}]},{"@type":"WebSite","@id":"https:\/\/fit360.ee\/en\/#website","url":"https:\/\/fit360.ee\/en\/","name":"Fit360","description":"","publisher":{"@id":"https:\/\/fit360.ee\/en\/#organization"},"potentialAction":[{"@type":"SearchAction","target":{"@type":"EntryPoint","urlTemplate":"https:\/\/fit360.ee\/en\/?s={search_term_string}"},"query-input":{"@type":"PropertyValueSpecification","valueRequired":true,"valueName":"search_term_string"}}],"inLanguage":"en-US"},{"@type":"Organization","@id":"https:\/\/fit360.ee\/en\/#organization","name":"Fit360","url":"https:\/\/fit360.ee\/en\/","logo":{"@type":"ImageObject","inLanguage":"en-US","@id":"https:\/\/fit360.ee\/en\/#\/schema\/logo\/image\/","url":"https:\/\/fit360.ee\/wp-content\/uploads\/2017\/01\/logo-fit360.png","contentUrl":"https:\/\/fit360.ee\/wp-content\/uploads\/2017\/01\/logo-fit360.png","width":180,"height":66,"caption":"Fit360"},"image":{"@id":"https:\/\/fit360.ee\/en\/#\/schema\/logo\/image\/"}}]}},"_links":{"self":[{"href":"https:\/\/fit360.ee\/en\/wp-json\/wp\/v2\/product\/62145","targetHints":{"allow":["GET"]}}],"collection":[{"href":"https:\/\/fit360.ee\/en\/wp-json\/wp\/v2\/product"}],"about":[{"href":"https:\/\/fit360.ee\/en\/wp-json\/wp\/v2\/types\/product"}],"replies":[{"embeddable":true,"href":"https:\/\/fit360.ee\/en\/wp-json\/wp\/v2\/comments?post=62145"}],"wp:featuredmedia":[{"embeddable":true,"href":"https:\/\/fit360.ee\/en\/wp-json\/wp\/v2\/media\/62141"}],"wp:attachment":[{"href":"https:\/\/fit360.ee\/en\/wp-json\/wp\/v2\/media?parent=62145"}],"wp:term":[{"taxonomy":"product_brand","embeddable":true,"href":"https:\/\/fit360.ee\/en\/wp-json\/wp\/v2\/product_brand?post=62145"},{"taxonomy":"product_cat","embeddable":true,"href":"https:\/\/fit360.ee\/en\/wp-json\/wp\/v2\/product_cat?post=62145"},{"taxonomy":"product_tag","embeddable":true,"href":"https:\/\/fit360.ee\/en\/wp-json\/wp\/v2\/product_tag?post=62145"},{"taxonomy":"giftcard-category","embeddable":true,"href":"https:\/\/fit360.ee\/en\/wp-json\/wp\/v2\/giftcard-category?post=62145"}],"curies":[{"name":"wp","href":"https:\/\/api.w.org\/{rel}","templated":true}]}}