{"id":62178,"date":"2022-04-28T13:12:16","date_gmt":"2022-04-28T11:12:16","guid":{"rendered":"https:\/\/fit360.ee\/?post_type=product&#038;p=62178"},"modified":"2026-04-09T16:57:10","modified_gmt":"2026-04-09T14:57:10","slug":"applied-nutrition-abe-energy-12x330ml","status":"publish","type":"product","link":"https:\/\/fit360.ee\/en\/pood\/product-groups\/vitamins-and-minerals-en\/b-vitamin-en\/applied-nutrition-abe-energy-12x330ml\/","title":{"rendered":"Applied Nutrition ABE Energy (12x330ml)"},"content":{"rendered":"<h1><strong>ABE Energy Drink<\/strong><\/h1>\n<p>Tutvustame t\u00e4iesti uut ABE Energy Drink gaseeritud jooki nullsuhkru, 200 mg kofeiini, <a href=\"https:\/\/fit360.ee\/en\/product-category\/product-groups\/amino-acids-bcaa\/citrulline-en\/\"><strong>tsitrulliini<\/strong><\/a>, <a href=\"https:\/\/fit360.ee\/en\/product-category\/product-groups\/amino-acids-bcaa\/beta-alanine-en\/\"><strong>beeta-alaniini<\/strong><\/a>, tauriini ja lisatud <a href=\"https:\/\/fit360.ee\/en\/product-category\/product-groups\/vitamins-and-minerals-en\/b-vitamin-en\/\"><strong>B-vitamiinidega<\/strong><\/a>. See suurep\u00e4rane Energy &amp; Performance jook pakub k\u00f5ige parema pump efekti enne treeningut.<\/p>\n<ul>\n<li>2g tsitrulliini<\/li>\n<li>2g beeta-alaniini<\/li>\n<li>200mg tauriini<\/li>\n<li>200mg kofeiini<\/li>\n<li>Vitamiinid B3 ja B12<\/li>\n<\/ul>\n<p><a href=\"https:\/\/fit360.ee\/wp-content\/uploads\/2022\/04\/abe-energy-drink-fit360.ee-1-800x800.jpg\"><img loading=\"lazy\" decoding=\"async\" class=\"size-medium wp-image-62160\" src=\"https:\/\/fit360.ee\/wp-content\/uploads\/2022\/04\/abe-energy-drink-fit360.ee-1-800x800.jpg\" alt=\"abe energy drink - fit360.ee\" width=\"800\" height=\"800\" srcset=\"https:\/\/fit360.ee\/wp-content\/uploads\/2022\/04\/abe-energy-drink-fit360.ee-1-800x800.jpg 800w, https:\/\/fit360.ee\/wp-content\/uploads\/2022\/04\/abe-energy-drink-fit360.ee-1-247x247.jpg 247w, https:\/\/fit360.ee\/wp-content\/uploads\/2022\/04\/abe-energy-drink-fit360.ee-1-100x100.jpg 100w, https:\/\/fit360.ee\/wp-content\/uploads\/2022\/04\/abe-energy-drink-fit360.ee-1-510x510.jpg 510w, https:\/\/fit360.ee\/wp-content\/uploads\/2022\/04\/abe-energy-drink-fit360.ee-1-340x340.jpg 340w, https:\/\/fit360.ee\/wp-content\/uploads\/2022\/04\/abe-energy-drink-fit360.ee-1-768x768.jpg 768w, https:\/\/fit360.ee\/wp-content\/uploads\/2022\/04\/abe-energy-drink-fit360.ee-1-80x80.jpg 80w, https:\/\/fit360.ee\/wp-content\/uploads\/2022\/04\/abe-energy-drink-fit360.ee-1.jpg 1500w\" sizes=\"auto, (max-width: 800px) 100vw, 800px\" \/><\/a><\/p>\n<p><strong>Koostisosad<\/strong>:<br \/>\n(Ameerika viinamarjasooda) &#8211; Vesi, beeta-alaniin, veevaba tsitrulliinbetaiin, sidrunhape, looduslik l\u00f5hna- ja maitseaine, sukraloos (magusaine), atset\u00fc\u00fcl-L-t\u00fcrosiin, kofeiin, tauriin, kaaliumsorbaat, niatsiin, vitamiin B12 (ts\u00fcanokobalamiin).<\/p>\n<p>(Sinine Laguun) &#8211;\u00a0 Vesi, beeta-alaniin, veevaba tsitrulliinbetaiin, sidrunhape, looduslik l\u00f5hna- ja maitseaine, sukraloos (magusaine), atset\u00fc\u00fcl-L-t\u00fcrosiin, kofeiin, tauriin, kaaliumsorbaat, niatsiin, vitamiin B12 (ts\u00fcanokobalamiin).<\/p>\n<p>(Puuviljakommid) &#8211; Vesi, beeta-alaniin, veevaba tsitrulliinbetaiin, sidrunhape, looduslik l\u00f5hna- ja maitseaine, sukraloos (magusaine), atset\u00fc\u00fcl-L-t\u00fcrosiin, kofeiin, tauriin, kaaliumsorbaat, niatsiin, vitamiin B12 (ts\u00fcanokobalamiin).<\/p>\n<p>(Orange Burst) &#8211; Vesi, beeta-alaniin, veevaba tsitrulliinbetaiin, sidrunhape, looduslik l\u00f5hna- ja maitseaine, sukraloos (magusaine), atset\u00fc\u00fcl-L-t\u00fcrosiin, kofeiin, tauriin, kaaliumsorbaat, niatsiin, vitamiin B12 (ts\u00fcanokobalamiin).<\/p>\n<p>ALLERGEENID: pole.<\/p>\n<p><strong>Kasutamine<\/strong>: Tarbi vastavalt vajadusele &#8211; soovitatavalt 1 jook p\u00e4evas enne f\u00fc\u00fcsilist pingutust v\u00f5i treeningut.<\/p>\n<p><strong>Suurus<\/strong>: 12x330ml<\/p>\n<div class=\"rte__table-wrapper\">\n<table border=\"0\">\n<tbody>\n<tr>\n<td><strong>Toitev\u00e4\u00e4rtus<\/strong><\/td>\n<td><strong>100g<\/strong><\/td>\n<td><strong>\u00a01 purk &#8211; 1 serveering (330 ml)<\/strong><\/td>\n<td><strong>*SPK %<\/strong><\/td>\n<\/tr>\n<tr>\n<td>Energia<\/td>\n<td>0 Kcal \/ 0 kJ<\/td>\n<td>0 Kcal \/ 0 kJ<\/td>\n<td>0 %<\/td>\n<\/tr>\n<tr>\n<td>Rasvad<\/td>\n<td>0 g<\/td>\n<td>0 g<\/td>\n<td>0 %<\/td>\n<\/tr>\n<tr>\n<td>millest k\u00fcllastunud rasvhapped<\/td>\n<td>0 g<\/td>\n<td>0 g<\/td>\n<td>0 %<\/td>\n<\/tr>\n<tr>\n<td>s\u00fcsivesikud<\/td>\n<td>0 g<\/td>\n<td>0 g<\/td>\n<td>0 %<\/td>\n<\/tr>\n<tr>\n<td>millest suhkur<\/td>\n<td>0 g<\/td>\n<td>0 g<\/td>\n<td>0 %<\/td>\n<\/tr>\n<tr>\n<td>Valgud<\/td>\n<td>0 g<\/td>\n<td>0 g<\/td>\n<td>0 %<\/td>\n<\/tr>\n<tr>\n<td>Sool<\/td>\n<td>0 g<\/td>\n<td>0 g<\/td>\n<td><\/td>\n<\/tr>\n<tr>\n<td>Tsitrulliin Malaat<\/td>\n<td>0.61 g<\/td>\n<td>2.0 g<\/td>\n<td><\/td>\n<\/tr>\n<tr>\n<td>Beeta-Alaniin<\/td>\n<td>0.61 g<\/td>\n<td>2.0 g<\/td>\n<td><\/td>\n<\/tr>\n<tr>\n<td>Veevaba betaiin<\/td>\n<td>0.30 g<\/td>\n<td>1.0 g<\/td>\n<td><\/td>\n<\/tr>\n<tr>\n<td>Kofeiin<\/td>\n<td>60 mg<\/td>\n<td>200 mg<\/td>\n<td><\/td>\n<\/tr>\n<tr>\n<td>Tauriin<\/td>\n<td>60 mg<\/td>\n<td>200 mg<\/td>\n<td><\/td>\n<\/tr>\n<tr>\n<td>T\u00fcrosiin<\/td>\n<td>60 mg<\/td>\n<td>200 mg<\/td>\n<td><\/td>\n<\/tr>\n<tr>\n<td>Niatsiinhape B3<\/td>\n<td>9.70 mg<\/td>\n<td>32 mg<\/td>\n<td>200 %<\/td>\n<\/tr>\n<tr>\n<td>Vitamiin B12<\/td>\n<td>3.03 \u00b5g<\/td>\n<td>10 \u00b5g<\/td>\n<td>400 %<\/td>\n<\/tr>\n<\/tbody>\n<\/table>\n<\/div>\n<p>*SPK &#8211; Soovitatud p\u00e4evane kogus<\/p>\n<p>Vaata ka meie Teisi Suhkruvabasi Energiajooke <a href=\"https:\/\/fit360.ee\/en\/product-category\/product-groups\/sugar-free-energy-drinks-en\/\"><strong>SIIT<\/strong><\/a> v\u00f5i treeningeelseid tooteid <a href=\"https:\/\/fit360.ee\/en\/product-category\/product-groups\/pre-workout-en\/\"><strong>SIIT<\/strong><\/a>!<\/p>\n","protected":false},"excerpt":{"rendered":"<ul>\n<li>2g tsitrulliini<\/li>\n<li>2g beeta-alaniini<\/li>\n<li>200mg tauriini<\/li>\n<li>200mg kofeiini<\/li>\n<li>Vitamiinid B3 ja B12<\/li>\n<\/ul>\n<p><strong>Osta kastiga ja s\u00e4\u00e4sta!<\/strong><\/p>\n","protected":false},"featured_media":62188,"comment_status":"closed","ping_status":"closed","template":"","meta":[],"product_brand":[],"product_cat":[520,3727,2251,2303,2314,1072,523,533,2043],"product_tag":[3728,3729,3730],"giftcard-category":[],"class_list":{"0":"post-62178","1":"product","2":"type-product","3":"status-publish","4":"has-post-thumbnail","6":"product_cat-amino-acids-bcaa","7":"product_cat-applied-nutrition-en","8":"product_cat-b-vitamin-en","9":"product_cat-beta-alanine-en","10":"product_cat-citrulline-en","11":"product_cat-drinks-and-protein-bars-in-bulk","12":"product_cat-drinks-shots","13":"product_cat-pre-workout-en","14":"product_cat-sugar-free-energy-drinks-en","15":"product_tag-abe-energy-en","16":"product_tag-abe-energy-drink-en","17":"product_tag-applied-nutrition-en","18":"pa_maitse-american-grape-soda-en","19":"pa_maitse-apple","20":"pa_maitse-blue-lagoon-en","21":"pa_maitse-cherry-slushie-en","22":"pa_maitse-cloudy-lemonade-en","23":"pa_maitse-energy-drink-en","24":"pa_maitse-fruit-candy-en","25":"pa_maitse-orange","26":"pa_maitse-slush-puppie","27":"pa_maitse-valge-en","29":"first","30":"instock","31":"sale","32":"taxable","33":"shipping-taxable","34":"purchasable","35":"product-type-variable"},"yoast_head":"<!-- This site is optimized with the Yoast SEO plugin v27.3 - https:\/\/yoast.com\/product\/yoast-seo-wordpress\/ -->\n<title>ABE Energy Drink (12x330ml) - Suhkruvaba Energiajook - Pre-Workout<\/title>\n<meta name=\"description\" content=\"ABE Energy drink gaseeritud jooki nullsuhkru, 200 mg kofeiini, tsitrulliini, beeta-alaniini, tauriini ja B-vitamiinidega. Kiire Tarne\" \/>\n<meta name=\"robots\" content=\"index, follow, max-snippet:-1, max-image-preview:large, max-video-preview:-1\" \/>\n<link rel=\"canonical\" href=\"https:\/\/fit360.ee\/en\/pood\/product-groups\/vitamins-and-minerals-en\/b-vitamin-en\/applied-nutrition-abe-energy-12x330ml\/\" \/>\n<meta property=\"og:locale\" content=\"en_US\" \/>\n<meta property=\"og:type\" content=\"article\" \/>\n<meta property=\"og:title\" content=\"ABE Energy Drink (12x330ml) - Suhkruvaba Energiajook - Pre-Workout\" \/>\n<meta property=\"og:description\" content=\"ABE Energy drink gaseeritud jooki nullsuhkru, 200 mg kofeiini, tsitrulliini, beeta-alaniini, tauriini ja B-vitamiinidega. Kiire Tarne\" \/>\n<meta property=\"og:url\" content=\"https:\/\/fit360.ee\/en\/pood\/product-groups\/vitamins-and-minerals-en\/b-vitamin-en\/applied-nutrition-abe-energy-12x330ml\/\" \/>\n<meta property=\"og:site_name\" content=\"Fit360\" \/>\n<meta property=\"article:modified_time\" content=\"2026-04-09T14:57:10+00:00\" \/>\n<meta property=\"og:image\" content=\"https:\/\/fit360.ee\/wp-content\/uploads\/2022\/04\/abe-energy-drinks-fit360.ee_.jpg\" \/>\n\t<meta property=\"og:image:width\" content=\"700\" \/>\n\t<meta property=\"og:image:height\" content=\"700\" \/>\n\t<meta property=\"og:image:type\" content=\"image\/jpeg\" \/>\n<meta name=\"twitter:card\" content=\"summary_large_image\" \/>\n<meta name=\"twitter:label1\" content=\"Est. reading time\" \/>\n\t<meta name=\"twitter:data1\" content=\"2 minutes\" \/>\n<script type=\"application\/ld+json\" class=\"yoast-schema-graph\">{\"@context\":\"https:\\\/\\\/schema.org\",\"@graph\":[{\"@type\":\"WebPage\",\"@id\":\"https:\\\/\\\/fit360.ee\\\/en\\\/pood\\\/product-groups\\\/vitamins-and-minerals-en\\\/b-vitamin-en\\\/applied-nutrition-abe-energy-12x330ml\\\/\",\"url\":\"https:\\\/\\\/fit360.ee\\\/en\\\/pood\\\/product-groups\\\/vitamins-and-minerals-en\\\/b-vitamin-en\\\/applied-nutrition-abe-energy-12x330ml\\\/\",\"name\":\"ABE Energy Drink (12x330ml) - Suhkruvaba Energiajook - Pre-Workout\",\"isPartOf\":{\"@id\":\"https:\\\/\\\/fit360.ee\\\/en\\\/#website\"},\"primaryImageOfPage\":{\"@id\":\"https:\\\/\\\/fit360.ee\\\/en\\\/pood\\\/product-groups\\\/vitamins-and-minerals-en\\\/b-vitamin-en\\\/applied-nutrition-abe-energy-12x330ml\\\/#primaryimage\"},\"image\":{\"@id\":\"https:\\\/\\\/fit360.ee\\\/en\\\/pood\\\/product-groups\\\/vitamins-and-minerals-en\\\/b-vitamin-en\\\/applied-nutrition-abe-energy-12x330ml\\\/#primaryimage\"},\"thumbnailUrl\":\"https:\\\/\\\/fit360.ee\\\/wp-content\\\/uploads\\\/2022\\\/04\\\/abe-energy-drinks-fit360.ee_.jpg\",\"datePublished\":\"2022-04-28T11:12:16+00:00\",\"dateModified\":\"2026-04-09T14:57:10+00:00\",\"description\":\"ABE Energy drink gaseeritud jooki nullsuhkru, 200 mg kofeiini, tsitrulliini, beeta-alaniini, tauriini ja B-vitamiinidega. Kiire Tarne\",\"breadcrumb\":{\"@id\":\"https:\\\/\\\/fit360.ee\\\/en\\\/pood\\\/product-groups\\\/vitamins-and-minerals-en\\\/b-vitamin-en\\\/applied-nutrition-abe-energy-12x330ml\\\/#breadcrumb\"},\"inLanguage\":\"en-US\",\"potentialAction\":[{\"@type\":\"ReadAction\",\"target\":[\"https:\\\/\\\/fit360.ee\\\/en\\\/pood\\\/product-groups\\\/vitamins-and-minerals-en\\\/b-vitamin-en\\\/applied-nutrition-abe-energy-12x330ml\\\/\"]}]},{\"@type\":\"ImageObject\",\"inLanguage\":\"en-US\",\"@id\":\"https:\\\/\\\/fit360.ee\\\/en\\\/pood\\\/product-groups\\\/vitamins-and-minerals-en\\\/b-vitamin-en\\\/applied-nutrition-abe-energy-12x330ml\\\/#primaryimage\",\"url\":\"https:\\\/\\\/fit360.ee\\\/wp-content\\\/uploads\\\/2022\\\/04\\\/abe-energy-drinks-fit360.ee_.jpg\",\"contentUrl\":\"https:\\\/\\\/fit360.ee\\\/wp-content\\\/uploads\\\/2022\\\/04\\\/abe-energy-drinks-fit360.ee_.jpg\",\"width\":700,\"height\":700,\"caption\":\"abe energy drinks - fit360.ee\"},{\"@type\":\"BreadcrumbList\",\"@id\":\"https:\\\/\\\/fit360.ee\\\/en\\\/pood\\\/product-groups\\\/vitamins-and-minerals-en\\\/b-vitamin-en\\\/applied-nutrition-abe-energy-12x330ml\\\/#breadcrumb\",\"itemListElement\":[{\"@type\":\"ListItem\",\"position\":1,\"name\":\"Home\",\"item\":\"https:\\\/\\\/fit360.ee\\\/en\\\/\"},{\"@type\":\"ListItem\",\"position\":2,\"name\":\"Shop\",\"item\":\"https:\\\/\\\/fit360.ee\\\/en\\\/shop\\\/\"},{\"@type\":\"ListItem\",\"position\":3,\"name\":\"Applied Nutrition ABE Energy (12x330ml)\"}]},{\"@type\":\"WebSite\",\"@id\":\"https:\\\/\\\/fit360.ee\\\/en\\\/#website\",\"url\":\"https:\\\/\\\/fit360.ee\\\/en\\\/\",\"name\":\"Fit360\",\"description\":\"\",\"publisher\":{\"@id\":\"https:\\\/\\\/fit360.ee\\\/en\\\/#organization\"},\"potentialAction\":[{\"@type\":\"SearchAction\",\"target\":{\"@type\":\"EntryPoint\",\"urlTemplate\":\"https:\\\/\\\/fit360.ee\\\/en\\\/?s={search_term_string}\"},\"query-input\":{\"@type\":\"PropertyValueSpecification\",\"valueRequired\":true,\"valueName\":\"search_term_string\"}}],\"inLanguage\":\"en-US\"},{\"@type\":\"Organization\",\"@id\":\"https:\\\/\\\/fit360.ee\\\/en\\\/#organization\",\"name\":\"Fit360\",\"url\":\"https:\\\/\\\/fit360.ee\\\/en\\\/\",\"logo\":{\"@type\":\"ImageObject\",\"inLanguage\":\"en-US\",\"@id\":\"https:\\\/\\\/fit360.ee\\\/en\\\/#\\\/schema\\\/logo\\\/image\\\/\",\"url\":\"https:\\\/\\\/fit360.ee\\\/wp-content\\\/uploads\\\/2017\\\/01\\\/logo-fit360.png\",\"contentUrl\":\"https:\\\/\\\/fit360.ee\\\/wp-content\\\/uploads\\\/2017\\\/01\\\/logo-fit360.png\",\"width\":180,\"height\":66,\"caption\":\"Fit360\"},\"image\":{\"@id\":\"https:\\\/\\\/fit360.ee\\\/en\\\/#\\\/schema\\\/logo\\\/image\\\/\"}}]}<\/script>\n<!-- \/ Yoast SEO plugin. -->","yoast_head_json":{"title":"ABE Energy Drink (12x330ml) - Suhkruvaba Energiajook - Pre-Workout","description":"ABE Energy drink gaseeritud jooki nullsuhkru, 200 mg kofeiini, tsitrulliini, beeta-alaniini, tauriini ja B-vitamiinidega. Kiire Tarne","robots":{"index":"index","follow":"follow","max-snippet":"max-snippet:-1","max-image-preview":"max-image-preview:large","max-video-preview":"max-video-preview:-1"},"canonical":"https:\/\/fit360.ee\/en\/pood\/product-groups\/vitamins-and-minerals-en\/b-vitamin-en\/applied-nutrition-abe-energy-12x330ml\/","og_locale":"en_US","og_type":"article","og_title":"ABE Energy Drink (12x330ml) - Suhkruvaba Energiajook - Pre-Workout","og_description":"ABE Energy drink gaseeritud jooki nullsuhkru, 200 mg kofeiini, tsitrulliini, beeta-alaniini, tauriini ja B-vitamiinidega. Kiire Tarne","og_url":"https:\/\/fit360.ee\/en\/pood\/product-groups\/vitamins-and-minerals-en\/b-vitamin-en\/applied-nutrition-abe-energy-12x330ml\/","og_site_name":"Fit360","article_modified_time":"2026-04-09T14:57:10+00:00","og_image":[{"width":700,"height":700,"url":"https:\/\/fit360.ee\/wp-content\/uploads\/2022\/04\/abe-energy-drinks-fit360.ee_.jpg","type":"image\/jpeg"}],"twitter_card":"summary_large_image","twitter_misc":{"Est. reading time":"2 minutes"},"schema":{"@context":"https:\/\/schema.org","@graph":[{"@type":"WebPage","@id":"https:\/\/fit360.ee\/en\/pood\/product-groups\/vitamins-and-minerals-en\/b-vitamin-en\/applied-nutrition-abe-energy-12x330ml\/","url":"https:\/\/fit360.ee\/en\/pood\/product-groups\/vitamins-and-minerals-en\/b-vitamin-en\/applied-nutrition-abe-energy-12x330ml\/","name":"ABE Energy Drink (12x330ml) - Suhkruvaba Energiajook - Pre-Workout","isPartOf":{"@id":"https:\/\/fit360.ee\/en\/#website"},"primaryImageOfPage":{"@id":"https:\/\/fit360.ee\/en\/pood\/product-groups\/vitamins-and-minerals-en\/b-vitamin-en\/applied-nutrition-abe-energy-12x330ml\/#primaryimage"},"image":{"@id":"https:\/\/fit360.ee\/en\/pood\/product-groups\/vitamins-and-minerals-en\/b-vitamin-en\/applied-nutrition-abe-energy-12x330ml\/#primaryimage"},"thumbnailUrl":"https:\/\/fit360.ee\/wp-content\/uploads\/2022\/04\/abe-energy-drinks-fit360.ee_.jpg","datePublished":"2022-04-28T11:12:16+00:00","dateModified":"2026-04-09T14:57:10+00:00","description":"ABE Energy drink gaseeritud jooki nullsuhkru, 200 mg kofeiini, tsitrulliini, beeta-alaniini, tauriini ja B-vitamiinidega. Kiire Tarne","breadcrumb":{"@id":"https:\/\/fit360.ee\/en\/pood\/product-groups\/vitamins-and-minerals-en\/b-vitamin-en\/applied-nutrition-abe-energy-12x330ml\/#breadcrumb"},"inLanguage":"en-US","potentialAction":[{"@type":"ReadAction","target":["https:\/\/fit360.ee\/en\/pood\/product-groups\/vitamins-and-minerals-en\/b-vitamin-en\/applied-nutrition-abe-energy-12x330ml\/"]}]},{"@type":"ImageObject","inLanguage":"en-US","@id":"https:\/\/fit360.ee\/en\/pood\/product-groups\/vitamins-and-minerals-en\/b-vitamin-en\/applied-nutrition-abe-energy-12x330ml\/#primaryimage","url":"https:\/\/fit360.ee\/wp-content\/uploads\/2022\/04\/abe-energy-drinks-fit360.ee_.jpg","contentUrl":"https:\/\/fit360.ee\/wp-content\/uploads\/2022\/04\/abe-energy-drinks-fit360.ee_.jpg","width":700,"height":700,"caption":"abe energy drinks - fit360.ee"},{"@type":"BreadcrumbList","@id":"https:\/\/fit360.ee\/en\/pood\/product-groups\/vitamins-and-minerals-en\/b-vitamin-en\/applied-nutrition-abe-energy-12x330ml\/#breadcrumb","itemListElement":[{"@type":"ListItem","position":1,"name":"Home","item":"https:\/\/fit360.ee\/en\/"},{"@type":"ListItem","position":2,"name":"Shop","item":"https:\/\/fit360.ee\/en\/shop\/"},{"@type":"ListItem","position":3,"name":"Applied Nutrition ABE Energy (12x330ml)"}]},{"@type":"WebSite","@id":"https:\/\/fit360.ee\/en\/#website","url":"https:\/\/fit360.ee\/en\/","name":"Fit360","description":"","publisher":{"@id":"https:\/\/fit360.ee\/en\/#organization"},"potentialAction":[{"@type":"SearchAction","target":{"@type":"EntryPoint","urlTemplate":"https:\/\/fit360.ee\/en\/?s={search_term_string}"},"query-input":{"@type":"PropertyValueSpecification","valueRequired":true,"valueName":"search_term_string"}}],"inLanguage":"en-US"},{"@type":"Organization","@id":"https:\/\/fit360.ee\/en\/#organization","name":"Fit360","url":"https:\/\/fit360.ee\/en\/","logo":{"@type":"ImageObject","inLanguage":"en-US","@id":"https:\/\/fit360.ee\/en\/#\/schema\/logo\/image\/","url":"https:\/\/fit360.ee\/wp-content\/uploads\/2017\/01\/logo-fit360.png","contentUrl":"https:\/\/fit360.ee\/wp-content\/uploads\/2017\/01\/logo-fit360.png","width":180,"height":66,"caption":"Fit360"},"image":{"@id":"https:\/\/fit360.ee\/en\/#\/schema\/logo\/image\/"}}]}},"_links":{"self":[{"href":"https:\/\/fit360.ee\/en\/wp-json\/wp\/v2\/product\/62178","targetHints":{"allow":["GET"]}}],"collection":[{"href":"https:\/\/fit360.ee\/en\/wp-json\/wp\/v2\/product"}],"about":[{"href":"https:\/\/fit360.ee\/en\/wp-json\/wp\/v2\/types\/product"}],"replies":[{"embeddable":true,"href":"https:\/\/fit360.ee\/en\/wp-json\/wp\/v2\/comments?post=62178"}],"wp:featuredmedia":[{"embeddable":true,"href":"https:\/\/fit360.ee\/en\/wp-json\/wp\/v2\/media\/62188"}],"wp:attachment":[{"href":"https:\/\/fit360.ee\/en\/wp-json\/wp\/v2\/media?parent=62178"}],"wp:term":[{"taxonomy":"product_brand","embeddable":true,"href":"https:\/\/fit360.ee\/en\/wp-json\/wp\/v2\/product_brand?post=62178"},{"taxonomy":"product_cat","embeddable":true,"href":"https:\/\/fit360.ee\/en\/wp-json\/wp\/v2\/product_cat?post=62178"},{"taxonomy":"product_tag","embeddable":true,"href":"https:\/\/fit360.ee\/en\/wp-json\/wp\/v2\/product_tag?post=62178"},{"taxonomy":"giftcard-category","embeddable":true,"href":"https:\/\/fit360.ee\/en\/wp-json\/wp\/v2\/giftcard-category?post=62178"}],"curies":[{"name":"wp","href":"https:\/\/api.w.org\/{rel}","templated":true}]}}