{"id":62337,"date":"2022-05-04T12:00:33","date_gmt":"2022-05-04T10:00:33","guid":{"rendered":"https:\/\/fit360.ee\/pood\/uncategorized\/nutrend-deluxe-protein-bar-60g\/"},"modified":"2025-08-13T07:36:46","modified_gmt":"2025-08-13T05:36:46","slug":"nutrend-deluxe-protein-bar-60g","status":"publish","type":"product","link":"https:\/\/fit360.ee\/en\/pood\/product-groups\/protein-bars-and-snacks\/nutrend-deluxe-protein-bar-60g\/","title":{"rendered":"Nutrend Deluxe Protein Bar (60g)"},"content":{"rendered":"<h1><strong>Nutrend Deluxe Protein Bar<\/strong><\/h1>\n<p><strong>Nutrend Deluxe Protein Bar<\/strong> on proteiinibatoonide lipulaev. Sellel on maitse, mis ulatub tavatootmise piiridest palju kaugemale. See on \u00fcks parimaid valguallikaid. See on t\u00e4iuslikult tasakaalustatud gluteenivaba batoon. \u00dcksk\u00f5ik millise maitse valite, saab sellest osa teie toitumisest. Oh, ja kas oleme maininud, et Deluxe batoon on kaetud kakao-piimaglasuuriga, sisaldab 30% valku, on madala lihtsuhkrusisaldusega, k\u00f5rge kiudainesisaldusega ja on magustatud steviast saadud stevioolgl\u00fckosiididega? Valgubatoonide kuninganna astus troonile juba ammu ega kavatse sellest loobuda!<\/p>\n<h4><strong>Deluxe Protein Bar:<\/strong><\/h4>\n<ul>\n<li>30% valku<\/li>\n<li>Magustatud steviaga<\/li>\n<li>Madal suhkrusisaldus<\/li>\n<li>Gluteenivaba<\/li>\n<li>K\u00f5rge kiudainesisaldus<\/li>\n<li>Ei mingit maltitooli<\/li>\n<li>Suupiste &#8211; igal ajal p\u00e4eva jooksul<\/li>\n<li>Valgulisand<\/li>\n<\/ul>\n<p><strong>Koostisosad<\/strong>:<\/p>\n<p><strong>Chocolate-Brownie<\/strong>: kakao-piima kate (magusaine maltitool, t\u00e4ielikult h\u00fcdrogeenitud palmituuma\u00f5li, kakao, piim, vadak, emulgaatorid sojaletsitiin ja E 476, aroom), frukto-oligosahhariidisiirup &#8211; Actilight\u00ae, magusaine maltitoolisiirup, ekstrudaat (vadakuvalgu isolaat) , riisijahu, emulgaator sojaletsitiin), piimavalgu isolaat, veise \u017eelatiinh\u00fcdrol\u00fcsaat, sojavalgu isolaat, taime\u00f5li (palmi, palmituuma, shea), kreem sarapuup\u00e4hklitega (magusaine maltitool, palmi- ja shea\u00f5li, vadak, r\u00f6stitud sarapuup\u00e4hklid, kakao , emulgaator sojaletsitiin, aroom), niiskuses\u00e4ilitaja gl\u00fctseriin, kakao, akaatsiakummi, emulgaator rapsi letsitiin, looduslik aroom, magusaine stevioolgl\u00fckosiidid. Allergeenid: piim, soja, sarapuup\u00e4hklid. Toode v\u00f5ib sisaldada p\u00e4hklite, maap\u00e4hklite ja seesami j\u00e4lgi.<\/p>\n<p><strong>Panna Cotta<\/strong>: kakao-piima kate (magusaine maltitool, t\u00e4ielikult h\u00fcdrogeenitud palmituuma\u00f5li, kakao, piim, vadak, emulgaator sojaletsitiin ja E 476, aroom), frukto-oligosahhariidisiirup &#8211; Actilight\u00ae, magusaine maltitoolisiirup, ekstrudaat (vadakuvalgu isolaat) , riisijahu, emulgaator sojaletsitiin), piimavalgu isolaat, veiseliha \u017eelatiinh\u00fcdrol\u00fcsaat, sojavalgu isolaat, taime\u00f5li (palmi, palmituuma, shea), vanilje maitsega koor (magusaine maltitool, palmi- ja shea\u00f5li, vadak, piim, emulgaator sojaletsitiin, aroom, v\u00e4rvaine E 160c) niiskuses\u00e4ilitaja gl\u00fctseriin, akaatsiakummi, emulgaator rapsi letsitiin, looduslik aroom, magusaine stevioolgl\u00fckosiidid, v\u00e4rvaine karmiin. Allergeenid: piim, soja. Toode v\u00f5ib sisaldada p\u00e4hklite, maap\u00e4hklite ja seesami j\u00e4lgi.<\/p>\n<p><strong>Maasika-juustukook<\/strong>: kakao-piima kate (magusaine maltitool, t\u00e4ielikult h\u00fcdrogeenitud palmituuma\u00f5li, kakao, piim, vadak, emulgaatorid sojaletsitiin ja E 476, aroom), frukto-oligosahhariidi siirup &#8211; Actilight\u00ae, magusaine maltitooli siirup, ekstrudaat (vadakuvalgu isolaat) , riisijahu, emulgaator sojaletsitiin), piimavalgu isolaat, veiseliha \u017eelatiinh\u00fcdrol\u00fcsaat, sojavalgu isolaat, taime\u00f5li (palmi, palmituuma, shea), vanilje maitsega koor (magusaine maltitool, palmi- ja shea\u00f5li, vadak, piim, emulgaator sojaletsitiin, aroom, v\u00e4rvaine E 160c) niiskuses\u00e4ilitaja gl\u00fctseriin, akaatsiakummi, emulgaator rapsi letsitiin, looduslik aroom, magusaine stevioolgl\u00fckosiidid, v\u00e4rvaine karmiin. Allergeenid: piim, soja. Toode v\u00f5ib sisaldada p\u00e4hklite, maap\u00e4hklite ja seesami j\u00e4lgi.<\/p>\n<p><strong>Kasutamine<\/strong>: Tarbi vastavalt vajadusele<\/p>\n<p><strong>Suurus<\/strong>: 60g<\/p>\n<p><strong>Nutritional value:<\/strong><\/p>\n<table border=\"1\" cellspacing=\"0\" cellpadding=\"0\">\n<tbody>\n<tr>\n<td><strong>Toitev\u00e4\u00e4rtus<\/strong><\/td>\n<td>\n<p align=\"center\"><strong>100 g<\/strong><\/p>\n<\/td>\n<td>\n<p align=\"center\"><strong>1 batoon \u2013 60 g<\/strong><\/p>\n<\/td>\n<\/tr>\n<tr>\n<td>Energia<\/td>\n<td>\n<p align=\"center\">1503 kJ\/360 kcal<\/p>\n<\/td>\n<td>\n<p align=\"center\">902 kJ\/216 kcal<\/p>\n<\/td>\n<\/tr>\n<tr>\n<td>Rasvad<\/td>\n<td>\n<p align=\"center\">13,1 g<\/p>\n<\/td>\n<td>\n<p align=\"center\">7,9 g<\/p>\n<\/td>\n<\/tr>\n<tr>\n<td><em>millest<\/em> k\u00fcllastunud rasvhapped<\/td>\n<td>\u00a0 \u00a0 \u00a0 \u00a0 10,7 g<\/td>\n<td>\n<p align=\"center\">6,4 g<\/p>\n<\/td>\n<\/tr>\n<tr>\n<td>S\u00fcsivesikud<\/td>\n<td>\n<p align=\"center\">32,8 g<\/p>\n<\/td>\n<td>\n<p align=\"center\">19,7 g<\/p>\n<\/td>\n<\/tr>\n<tr>\n<td><em>millest<\/em> suhkur<\/td>\n<td>\n<p align=\"center\">5 g<\/p>\n<\/td>\n<td>\n<p align=\"center\">3 g<\/p>\n<\/td>\n<\/tr>\n<tr>\n<td><em>millest<\/em> pol\u00fcoolid<\/td>\n<td>\n<p align=\"center\">21,3 g<\/p>\n<\/td>\n<td>\n<p align=\"center\">12,8 g<\/p>\n<\/td>\n<\/tr>\n<tr>\n<td>Kiuained<\/td>\n<td>\n<p align=\"center\">12,8 g<\/p>\n<\/td>\n<td>\n<p align=\"center\">7,7 g<\/p>\n<\/td>\n<\/tr>\n<tr>\n<td>Valgud<\/td>\n<td>\n<p align=\"center\">29,9 g<\/p>\n<\/td>\n<td>\n<p align=\"center\">17,9 g<\/p>\n<\/td>\n<\/tr>\n<tr>\n<td>Sool<\/td>\n<td>\n<p align=\"center\">0,6 g<\/p>\n<\/td>\n<td>\n<p align=\"center\">0,3 g<\/p>\n<\/td>\n<\/tr>\n<\/tbody>\n<\/table>\n<p>Vaata ka meie Teisi Proteiinibatoone <a href=\"https:\/\/fit360.ee\/en\/product-category\/product-groups\/protein-bars-and-snacks\/\"><strong>SIIT<\/strong><\/a>!<\/p>\n","protected":false},"excerpt":{"rendered":"<ul>\n<li>30% valku<\/li>\n<li>Magustatud steviaga<\/li>\n<li>Madal suhkrusisaldus<\/li>\n<li>Gluteenivaba<\/li>\n<li>K\u00f5rge kiudainesisaldus<\/li>\n<li>Ei mingit maltitooli<\/li>\n<li>Suupiste &#8211; igal ajal p\u00e4eva jooksul<\/li>\n<\/ul>\n","protected":false},"featured_media":62333,"comment_status":"closed","ping_status":"closed","template":"","meta":[],"product_brand":[],"product_cat":[3753,534],"product_tag":[3754,3755],"giftcard-category":[],"class_list":{"0":"post-62337","1":"product","2":"type-product","3":"status-publish","4":"has-post-thumbnail","6":"product_cat-nutrend-en","7":"product_cat-protein-bars-and-snacks","8":"product_tag-nutrend-en","9":"product_tag-nutrend-deluxe-protein-bar-en","10":"pa_maitse-chocolate-brownie","11":"pa_maitse-panna-cotta-en","12":"pa_maitse-strawberry-cheesecake","14":"first","15":"instock","16":"sale","17":"taxable","18":"shipping-taxable","19":"purchasable","20":"product-type-variable"},"yoast_head":"<!-- This site is optimized with the Yoast SEO plugin v27.3 - https:\/\/yoast.com\/product\/yoast-seo-wordpress\/ -->\n<title>Nutrend Deluxe Protein Bar (60g) - Proteiinibatoon - Kiire Tarne - Fit360<\/title>\n<meta name=\"description\" content=\"Nutrend Deluxe Protein Bar on proteiinibatoonide lipulaev. Sellel on maitse, mis ulatub tavatootmise piiridest palju kaugemale. See on \u00fcks ...\" \/>\n<meta name=\"robots\" content=\"index, follow, max-snippet:-1, max-image-preview:large, max-video-preview:-1\" \/>\n<link rel=\"canonical\" href=\"https:\/\/fit360.ee\/en\/pood\/product-groups\/protein-bars-and-snacks\/nutrend-deluxe-protein-bar-60g\/\" \/>\n<meta property=\"og:locale\" content=\"en_US\" \/>\n<meta property=\"og:type\" content=\"article\" \/>\n<meta property=\"og:title\" content=\"Nutrend Deluxe Protein Bar (60g) - Proteiinibatoon - Kiire Tarne - Fit360\" \/>\n<meta property=\"og:description\" content=\"Nutrend Deluxe Protein Bar on proteiinibatoonide lipulaev. Sellel on maitse, mis ulatub tavatootmise piiridest palju kaugemale. See on \u00fcks ...\" \/>\n<meta property=\"og:url\" content=\"https:\/\/fit360.ee\/en\/pood\/product-groups\/protein-bars-and-snacks\/nutrend-deluxe-protein-bar-60g\/\" \/>\n<meta property=\"og:site_name\" content=\"Fit360\" \/>\n<meta property=\"article:modified_time\" content=\"2025-08-13T05:36:46+00:00\" \/>\n<meta property=\"og:image\" content=\"https:\/\/fit360.ee\/wp-content\/uploads\/2022\/05\/nutrend-deluxe-protein-bar-fit360.ee-1.jpg\" \/>\n\t<meta property=\"og:image:width\" content=\"900\" \/>\n\t<meta property=\"og:image:height\" content=\"900\" \/>\n\t<meta property=\"og:image:type\" content=\"image\/jpeg\" \/>\n<meta name=\"twitter:card\" content=\"summary_large_image\" \/>\n<meta name=\"twitter:label1\" content=\"Est. reading time\" \/>\n\t<meta name=\"twitter:data1\" content=\"3 minutes\" \/>\n<script type=\"application\/ld+json\" class=\"yoast-schema-graph\">{\"@context\":\"https:\\\/\\\/schema.org\",\"@graph\":[{\"@type\":\"WebPage\",\"@id\":\"https:\\\/\\\/fit360.ee\\\/en\\\/pood\\\/product-groups\\\/protein-bars-and-snacks\\\/nutrend-deluxe-protein-bar-60g\\\/\",\"url\":\"https:\\\/\\\/fit360.ee\\\/en\\\/pood\\\/product-groups\\\/protein-bars-and-snacks\\\/nutrend-deluxe-protein-bar-60g\\\/\",\"name\":\"Nutrend Deluxe Protein Bar (60g) - Proteiinibatoon - Kiire Tarne - Fit360\",\"isPartOf\":{\"@id\":\"https:\\\/\\\/fit360.ee\\\/en\\\/#website\"},\"primaryImageOfPage\":{\"@id\":\"https:\\\/\\\/fit360.ee\\\/en\\\/pood\\\/product-groups\\\/protein-bars-and-snacks\\\/nutrend-deluxe-protein-bar-60g\\\/#primaryimage\"},\"image\":{\"@id\":\"https:\\\/\\\/fit360.ee\\\/en\\\/pood\\\/product-groups\\\/protein-bars-and-snacks\\\/nutrend-deluxe-protein-bar-60g\\\/#primaryimage\"},\"thumbnailUrl\":\"https:\\\/\\\/fit360.ee\\\/wp-content\\\/uploads\\\/2022\\\/05\\\/nutrend-deluxe-protein-bar-fit360.ee-1.jpg\",\"datePublished\":\"2022-05-04T10:00:33+00:00\",\"dateModified\":\"2025-08-13T05:36:46+00:00\",\"description\":\"Nutrend Deluxe Protein Bar on proteiinibatoonide lipulaev. Sellel on maitse, mis ulatub tavatootmise piiridest palju kaugemale. See on \u00fcks ...\",\"breadcrumb\":{\"@id\":\"https:\\\/\\\/fit360.ee\\\/en\\\/pood\\\/product-groups\\\/protein-bars-and-snacks\\\/nutrend-deluxe-protein-bar-60g\\\/#breadcrumb\"},\"inLanguage\":\"en-US\",\"potentialAction\":[{\"@type\":\"ReadAction\",\"target\":[\"https:\\\/\\\/fit360.ee\\\/en\\\/pood\\\/product-groups\\\/protein-bars-and-snacks\\\/nutrend-deluxe-protein-bar-60g\\\/\"]}]},{\"@type\":\"ImageObject\",\"inLanguage\":\"en-US\",\"@id\":\"https:\\\/\\\/fit360.ee\\\/en\\\/pood\\\/product-groups\\\/protein-bars-and-snacks\\\/nutrend-deluxe-protein-bar-60g\\\/#primaryimage\",\"url\":\"https:\\\/\\\/fit360.ee\\\/wp-content\\\/uploads\\\/2022\\\/05\\\/nutrend-deluxe-protein-bar-fit360.ee-1.jpg\",\"contentUrl\":\"https:\\\/\\\/fit360.ee\\\/wp-content\\\/uploads\\\/2022\\\/05\\\/nutrend-deluxe-protein-bar-fit360.ee-1.jpg\",\"width\":900,\"height\":900,\"caption\":\"nutrend deluxe protein bar - fit360.ee\"},{\"@type\":\"BreadcrumbList\",\"@id\":\"https:\\\/\\\/fit360.ee\\\/en\\\/pood\\\/product-groups\\\/protein-bars-and-snacks\\\/nutrend-deluxe-protein-bar-60g\\\/#breadcrumb\",\"itemListElement\":[{\"@type\":\"ListItem\",\"position\":1,\"name\":\"Home\",\"item\":\"https:\\\/\\\/fit360.ee\\\/en\\\/\"},{\"@type\":\"ListItem\",\"position\":2,\"name\":\"Shop\",\"item\":\"https:\\\/\\\/fit360.ee\\\/en\\\/shop\\\/\"},{\"@type\":\"ListItem\",\"position\":3,\"name\":\"Nutrend Deluxe Protein Bar (60g)\"}]},{\"@type\":\"WebSite\",\"@id\":\"https:\\\/\\\/fit360.ee\\\/en\\\/#website\",\"url\":\"https:\\\/\\\/fit360.ee\\\/en\\\/\",\"name\":\"Fit360\",\"description\":\"\",\"publisher\":{\"@id\":\"https:\\\/\\\/fit360.ee\\\/en\\\/#organization\"},\"potentialAction\":[{\"@type\":\"SearchAction\",\"target\":{\"@type\":\"EntryPoint\",\"urlTemplate\":\"https:\\\/\\\/fit360.ee\\\/en\\\/?s={search_term_string}\"},\"query-input\":{\"@type\":\"PropertyValueSpecification\",\"valueRequired\":true,\"valueName\":\"search_term_string\"}}],\"inLanguage\":\"en-US\"},{\"@type\":\"Organization\",\"@id\":\"https:\\\/\\\/fit360.ee\\\/en\\\/#organization\",\"name\":\"Fit360\",\"url\":\"https:\\\/\\\/fit360.ee\\\/en\\\/\",\"logo\":{\"@type\":\"ImageObject\",\"inLanguage\":\"en-US\",\"@id\":\"https:\\\/\\\/fit360.ee\\\/en\\\/#\\\/schema\\\/logo\\\/image\\\/\",\"url\":\"https:\\\/\\\/fit360.ee\\\/wp-content\\\/uploads\\\/2017\\\/01\\\/logo-fit360.png\",\"contentUrl\":\"https:\\\/\\\/fit360.ee\\\/wp-content\\\/uploads\\\/2017\\\/01\\\/logo-fit360.png\",\"width\":180,\"height\":66,\"caption\":\"Fit360\"},\"image\":{\"@id\":\"https:\\\/\\\/fit360.ee\\\/en\\\/#\\\/schema\\\/logo\\\/image\\\/\"}}]}<\/script>\n<!-- \/ Yoast SEO plugin. -->","yoast_head_json":{"title":"Nutrend Deluxe Protein Bar (60g) - Proteiinibatoon - Kiire Tarne - Fit360","description":"Nutrend Deluxe Protein Bar on proteiinibatoonide lipulaev. Sellel on maitse, mis ulatub tavatootmise piiridest palju kaugemale. See on \u00fcks ...","robots":{"index":"index","follow":"follow","max-snippet":"max-snippet:-1","max-image-preview":"max-image-preview:large","max-video-preview":"max-video-preview:-1"},"canonical":"https:\/\/fit360.ee\/en\/pood\/product-groups\/protein-bars-and-snacks\/nutrend-deluxe-protein-bar-60g\/","og_locale":"en_US","og_type":"article","og_title":"Nutrend Deluxe Protein Bar (60g) - Proteiinibatoon - Kiire Tarne - Fit360","og_description":"Nutrend Deluxe Protein Bar on proteiinibatoonide lipulaev. Sellel on maitse, mis ulatub tavatootmise piiridest palju kaugemale. See on \u00fcks ...","og_url":"https:\/\/fit360.ee\/en\/pood\/product-groups\/protein-bars-and-snacks\/nutrend-deluxe-protein-bar-60g\/","og_site_name":"Fit360","article_modified_time":"2025-08-13T05:36:46+00:00","og_image":[{"width":900,"height":900,"url":"https:\/\/fit360.ee\/wp-content\/uploads\/2022\/05\/nutrend-deluxe-protein-bar-fit360.ee-1.jpg","type":"image\/jpeg"}],"twitter_card":"summary_large_image","twitter_misc":{"Est. reading time":"3 minutes"},"schema":{"@context":"https:\/\/schema.org","@graph":[{"@type":"WebPage","@id":"https:\/\/fit360.ee\/en\/pood\/product-groups\/protein-bars-and-snacks\/nutrend-deluxe-protein-bar-60g\/","url":"https:\/\/fit360.ee\/en\/pood\/product-groups\/protein-bars-and-snacks\/nutrend-deluxe-protein-bar-60g\/","name":"Nutrend Deluxe Protein Bar (60g) - Proteiinibatoon - Kiire Tarne - Fit360","isPartOf":{"@id":"https:\/\/fit360.ee\/en\/#website"},"primaryImageOfPage":{"@id":"https:\/\/fit360.ee\/en\/pood\/product-groups\/protein-bars-and-snacks\/nutrend-deluxe-protein-bar-60g\/#primaryimage"},"image":{"@id":"https:\/\/fit360.ee\/en\/pood\/product-groups\/protein-bars-and-snacks\/nutrend-deluxe-protein-bar-60g\/#primaryimage"},"thumbnailUrl":"https:\/\/fit360.ee\/wp-content\/uploads\/2022\/05\/nutrend-deluxe-protein-bar-fit360.ee-1.jpg","datePublished":"2022-05-04T10:00:33+00:00","dateModified":"2025-08-13T05:36:46+00:00","description":"Nutrend Deluxe Protein Bar on proteiinibatoonide lipulaev. Sellel on maitse, mis ulatub tavatootmise piiridest palju kaugemale. See on \u00fcks ...","breadcrumb":{"@id":"https:\/\/fit360.ee\/en\/pood\/product-groups\/protein-bars-and-snacks\/nutrend-deluxe-protein-bar-60g\/#breadcrumb"},"inLanguage":"en-US","potentialAction":[{"@type":"ReadAction","target":["https:\/\/fit360.ee\/en\/pood\/product-groups\/protein-bars-and-snacks\/nutrend-deluxe-protein-bar-60g\/"]}]},{"@type":"ImageObject","inLanguage":"en-US","@id":"https:\/\/fit360.ee\/en\/pood\/product-groups\/protein-bars-and-snacks\/nutrend-deluxe-protein-bar-60g\/#primaryimage","url":"https:\/\/fit360.ee\/wp-content\/uploads\/2022\/05\/nutrend-deluxe-protein-bar-fit360.ee-1.jpg","contentUrl":"https:\/\/fit360.ee\/wp-content\/uploads\/2022\/05\/nutrend-deluxe-protein-bar-fit360.ee-1.jpg","width":900,"height":900,"caption":"nutrend deluxe protein bar - fit360.ee"},{"@type":"BreadcrumbList","@id":"https:\/\/fit360.ee\/en\/pood\/product-groups\/protein-bars-and-snacks\/nutrend-deluxe-protein-bar-60g\/#breadcrumb","itemListElement":[{"@type":"ListItem","position":1,"name":"Home","item":"https:\/\/fit360.ee\/en\/"},{"@type":"ListItem","position":2,"name":"Shop","item":"https:\/\/fit360.ee\/en\/shop\/"},{"@type":"ListItem","position":3,"name":"Nutrend Deluxe Protein Bar (60g)"}]},{"@type":"WebSite","@id":"https:\/\/fit360.ee\/en\/#website","url":"https:\/\/fit360.ee\/en\/","name":"Fit360","description":"","publisher":{"@id":"https:\/\/fit360.ee\/en\/#organization"},"potentialAction":[{"@type":"SearchAction","target":{"@type":"EntryPoint","urlTemplate":"https:\/\/fit360.ee\/en\/?s={search_term_string}"},"query-input":{"@type":"PropertyValueSpecification","valueRequired":true,"valueName":"search_term_string"}}],"inLanguage":"en-US"},{"@type":"Organization","@id":"https:\/\/fit360.ee\/en\/#organization","name":"Fit360","url":"https:\/\/fit360.ee\/en\/","logo":{"@type":"ImageObject","inLanguage":"en-US","@id":"https:\/\/fit360.ee\/en\/#\/schema\/logo\/image\/","url":"https:\/\/fit360.ee\/wp-content\/uploads\/2017\/01\/logo-fit360.png","contentUrl":"https:\/\/fit360.ee\/wp-content\/uploads\/2017\/01\/logo-fit360.png","width":180,"height":66,"caption":"Fit360"},"image":{"@id":"https:\/\/fit360.ee\/en\/#\/schema\/logo\/image\/"}}]}},"_links":{"self":[{"href":"https:\/\/fit360.ee\/en\/wp-json\/wp\/v2\/product\/62337","targetHints":{"allow":["GET"]}}],"collection":[{"href":"https:\/\/fit360.ee\/en\/wp-json\/wp\/v2\/product"}],"about":[{"href":"https:\/\/fit360.ee\/en\/wp-json\/wp\/v2\/types\/product"}],"replies":[{"embeddable":true,"href":"https:\/\/fit360.ee\/en\/wp-json\/wp\/v2\/comments?post=62337"}],"wp:featuredmedia":[{"embeddable":true,"href":"https:\/\/fit360.ee\/en\/wp-json\/wp\/v2\/media\/62333"}],"wp:attachment":[{"href":"https:\/\/fit360.ee\/en\/wp-json\/wp\/v2\/media?parent=62337"}],"wp:term":[{"taxonomy":"product_brand","embeddable":true,"href":"https:\/\/fit360.ee\/en\/wp-json\/wp\/v2\/product_brand?post=62337"},{"taxonomy":"product_cat","embeddable":true,"href":"https:\/\/fit360.ee\/en\/wp-json\/wp\/v2\/product_cat?post=62337"},{"taxonomy":"product_tag","embeddable":true,"href":"https:\/\/fit360.ee\/en\/wp-json\/wp\/v2\/product_tag?post=62337"},{"taxonomy":"giftcard-category","embeddable":true,"href":"https:\/\/fit360.ee\/en\/wp-json\/wp\/v2\/giftcard-category?post=62337"}],"curies":[{"name":"wp","href":"https:\/\/api.w.org\/{rel}","templated":true}]}}