{"id":62528,"date":"2022-05-13T14:30:01","date_gmt":"2022-05-13T12:30:01","guid":{"rendered":"https:\/\/fit360.ee\/?post_type=product&#038;p=62528"},"modified":"2026-04-09T14:57:11","modified_gmt":"2026-04-09T12:57:11","slug":"aakg-90caps","status":"publish","type":"product","link":"https:\/\/fit360.ee\/en\/pood\/product-groups\/amino-acids-bcaa\/l-arginine-en\/aakg-90caps\/","title":{"rendered":"AAKG (90caps)"},"content":{"rendered":"<h1>AAKG Caps<\/h1>\n<p><strong>AAKG Caps<\/strong> ehk <a href=\"https:\/\/fit360.ee\/en\/product-category\/product-groups\/amino-acids-bcaa\/l-arginine-en\/\"><strong>L-Arginiin<\/strong>\u00a0<\/a>on <a href=\"https:\/\/fit360.ee\/en\/product-category\/product-groups\/amino-acids-bcaa\/essential-amino-acids-eaa-en\/\"><strong>asendamatu aminohape<\/strong><\/a>. See\u00a0aitab potentsiaalselt parandada j\u00f5uv\u00f5imeid, t\u00f5sta v\u00f5imsust ja lihastel kiiremini taastuda, mis k\u00f5ik on seotud aeroobse- ja j\u00f5utreeninguga. Arginiin soodustab treeningul veresoonte laienemist, t\u00f5stes l\u00e4mmastikoksiidi tootmist aktiivsetes lihastes, parandades sellega j\u00f5uv\u00f5imeid ja lihaste taastumist, suurendades substraatide k\u00e4ttesaadavust ja j\u00e4\u00e4kainete (laktaat,\u00a0ammoniaak)\u00a0eemaldamist\u00a0(Alvares jt, 2011).<\/p>\n<h2><strong>L-Arginiin<\/strong><\/h2>\n<p><strong>AAKG Caps <\/strong>on aminohape, millest organismis tekivad aktiivsed bioloogilised \u00fchendid, p\u00f5hiliselt agmatiin ja l\u00e4mmastikoksiid (NO). Need on olulised figuuri vormimisel, funktsionaalse v\u00f5imekuse parandamisel ning seksuaalse v\u00f5imekuse s\u00e4ilimisel. Arginiin v\u00f5imaldab lihaskoe varustatust adekvaatse hulga vere, hapniku ja toitainetega, samuti h\u00f5lbustab lihaskasvu, rasvkoe v\u00e4henemist ja erektsiooni.<br \/>\nArvukad kontrollitud tingimustes l\u00e4bi viidud uurimused on t\u00f5estanud, et sportlastele manustatud 2g arginiini 5 n\u00e4dala jooksul, p\u00f5hjustas m\u00e4rkimisv\u00e4\u00e4rse (v\u00f5rreldes kontrollgrupiga) j\u00f5u kasvu, rasvavaba lihasmassi lisandumise ning rasvkoe ja ka valgu j\u00e4\u00e4kainete v\u00e4henemise organismis.<\/p>\n<h2><strong>AAKG<\/strong><\/h2>\n<p>On m\u00f5eldud:<\/p>\n<ul>\n<li>Neile, kes soovivad tugevdada immuuns\u00fcsteemi<\/li>\n<li>Neile, kes soovivad toetada maksa t\u00f6\u00f6d<\/li>\n<li>neile, kellel esineb s\u00fcdameprobleeme v\u00f5i soovivad neid ennetada<\/li>\n<li>Meestele, kellel on erektsioonih\u00e4ired<\/li>\n<li>Meestele, kellel on viljakusprobleemid<\/li>\n<li>Naistele, kellel on viljakusprobleemid<\/li>\n<li>Enne ja p\u00e4rast operatsioone tarbimiseks<\/li>\n<\/ul>\n<p><strong>Koostisosad<\/strong>: L-arginiin, kapsli \u00fcmbris (\u017eelatiin)<\/p>\n<p><strong>Kasutamine<\/strong>:\u00a0 2 kapslit 1 kord p\u00e4evas, soovitatavalt enne treeningut. Toode on m\u00f5eldud t\u00e4iskasvanutele. Toode ei ole m\u00f5eldud rasedatele ja imetavatele naistele.<\/p>\n<p><strong>Suurus<\/strong>: 90 kapslit \u2013 45 serveeringut.<\/p>\n<table width=\"489\">\n<tbody>\n<tr>\n<td><strong>Aktiivne toimeaine<\/strong><\/td>\n<td><strong>2 kapslit (1 serveering )<\/strong><\/td>\n<\/tr>\n<tr>\n<td><strong>L-Arginiin<\/strong><\/td>\n<td>1400mg<\/td>\n<\/tr>\n<\/tbody>\n<\/table>\n<p>Vaata ka meie teisi L-Arginiine <a href=\"https:\/\/fit360.ee\/en\/product-category\/product-groups\/amino-acids-bcaa\/l-arginine-en\/\"><strong>SIIT<\/strong><\/a> v\u00f5i Aminohappeid <a href=\"https:\/\/fit360.ee\/en\/product-category\/product-groups\/amino-acids-bcaa\/\"><strong>SIIT<\/strong><\/a>!<\/p>\n<p>Soovid teha suuremat tellimust? Vaata antud toodet meie HULGI lehelt\u00a0<strong>SIIT<\/strong>!<\/p>\n","protected":false},"excerpt":{"rendered":"<ul>\n<li>Parandavad lihaste varustatust hapnikuga.<\/li>\n<li>Kiirendavad taastumist.<\/li>\n<li>Aitavad\u00a0v\u00e4hendada rasvkudet.<\/li>\n<li>Soodustavad j\u00f5u ja lihasmassi kasvu.<\/li>\n<\/ul>\n","protected":false},"featured_media":62530,"comment_status":"open","ping_status":"closed","template":"","meta":[],"product_brand":[],"product_cat":[520,2331,2311,533,515],"product_tag":[1800,1801,1802,1803],"giftcard-category":[],"class_list":{"0":"post-62528","1":"product","2":"type-product","3":"status-publish","4":"has-post-thumbnail","6":"product_cat-amino-acids-bcaa","7":"product_cat-essential-amino-acids-eaa-en","8":"product_cat-l-arginine-en","9":"product_cat-pre-workout-en","10":"product_cat-real-pharm","11":"product_tag-aakg-en","12":"product_tag-arginiin-en","13":"product_tag-l-arginiin-en","14":"product_tag-real-pharm-en","15":"pa_toidulisand-branddd-real-pharm","16":"pa_tootegruppp-amino-acidsbcaa","17":"pa_tootegruppp-asendamatud-aminohapped-eaa-en","18":"pa_tootegruppp-l-arginiin-en","19":"pa_tootegruppp-pre-workout","21":"first","22":"instock","23":"sale","24":"taxable","25":"shipping-taxable","26":"purchasable","27":"product-type-simple"},"yoast_head":"<!-- This site is optimized with the Yoast SEO plugin v27.3 - https:\/\/yoast.com\/product\/yoast-seo-wordpress\/ -->\n<title>AAKG Caps (90caps) - L-Arginiin - AAKG - Kiire Tarne - Fit360<\/title>\n<meta name=\"description\" content=\"AAKG Mega Caps soodustab treeningul veresoonte laienemist, t\u00f5stes l\u00e4mmastikoksiidi tootmist aktiivsetes lihastes - parandades j\u00f5uv\u00f5imeid\" \/>\n<meta name=\"robots\" content=\"index, follow, max-snippet:-1, max-image-preview:large, max-video-preview:-1\" \/>\n<link rel=\"canonical\" href=\"https:\/\/fit360.ee\/en\/pood\/product-groups\/amino-acids-bcaa\/l-arginine-en\/aakg-90caps\/\" \/>\n<meta property=\"og:locale\" content=\"en_US\" \/>\n<meta property=\"og:type\" content=\"article\" \/>\n<meta property=\"og:title\" content=\"AAKG Caps (90caps) - L-Arginiin - AAKG - Kiire Tarne - Fit360\" \/>\n<meta property=\"og:description\" content=\"AAKG Mega Caps soodustab treeningul veresoonte laienemist, t\u00f5stes l\u00e4mmastikoksiidi tootmist aktiivsetes lihastes - parandades j\u00f5uv\u00f5imeid\" \/>\n<meta property=\"og:url\" content=\"https:\/\/fit360.ee\/en\/pood\/product-groups\/amino-acids-bcaa\/l-arginine-en\/aakg-90caps\/\" \/>\n<meta property=\"og:site_name\" content=\"Fit360\" \/>\n<meta property=\"article:modified_time\" content=\"2026-04-09T12:57:11+00:00\" \/>\n<meta property=\"og:image\" content=\"https:\/\/fit360.ee\/wp-content\/uploads\/2022\/05\/aakg-caps-fit360.ee_.png\" \/>\n\t<meta property=\"og:image:width\" content=\"800\" \/>\n\t<meta property=\"og:image:height\" content=\"800\" \/>\n\t<meta property=\"og:image:type\" content=\"image\/png\" \/>\n<meta name=\"twitter:card\" content=\"summary_large_image\" \/>\n<meta name=\"twitter:label1\" content=\"Est. reading time\" \/>\n\t<meta name=\"twitter:data1\" content=\"2 minutes\" \/>\n<script type=\"application\/ld+json\" class=\"yoast-schema-graph\">{\"@context\":\"https:\\\/\\\/schema.org\",\"@graph\":[{\"@type\":\"WebPage\",\"@id\":\"https:\\\/\\\/fit360.ee\\\/en\\\/pood\\\/product-groups\\\/amino-acids-bcaa\\\/l-arginine-en\\\/aakg-90caps\\\/\",\"url\":\"https:\\\/\\\/fit360.ee\\\/en\\\/pood\\\/product-groups\\\/amino-acids-bcaa\\\/l-arginine-en\\\/aakg-90caps\\\/\",\"name\":\"AAKG Caps (90caps) - L-Arginiin - AAKG - Kiire Tarne - Fit360\",\"isPartOf\":{\"@id\":\"https:\\\/\\\/fit360.ee\\\/en\\\/#website\"},\"primaryImageOfPage\":{\"@id\":\"https:\\\/\\\/fit360.ee\\\/en\\\/pood\\\/product-groups\\\/amino-acids-bcaa\\\/l-arginine-en\\\/aakg-90caps\\\/#primaryimage\"},\"image\":{\"@id\":\"https:\\\/\\\/fit360.ee\\\/en\\\/pood\\\/product-groups\\\/amino-acids-bcaa\\\/l-arginine-en\\\/aakg-90caps\\\/#primaryimage\"},\"thumbnailUrl\":\"https:\\\/\\\/fit360.ee\\\/wp-content\\\/uploads\\\/2022\\\/05\\\/aakg-caps-fit360.ee_.png\",\"datePublished\":\"2022-05-13T12:30:01+00:00\",\"dateModified\":\"2026-04-09T12:57:11+00:00\",\"description\":\"AAKG Mega Caps soodustab treeningul veresoonte laienemist, t\u00f5stes l\u00e4mmastikoksiidi tootmist aktiivsetes lihastes - parandades j\u00f5uv\u00f5imeid\",\"breadcrumb\":{\"@id\":\"https:\\\/\\\/fit360.ee\\\/en\\\/pood\\\/product-groups\\\/amino-acids-bcaa\\\/l-arginine-en\\\/aakg-90caps\\\/#breadcrumb\"},\"inLanguage\":\"en-US\",\"potentialAction\":[{\"@type\":\"ReadAction\",\"target\":[\"https:\\\/\\\/fit360.ee\\\/en\\\/pood\\\/product-groups\\\/amino-acids-bcaa\\\/l-arginine-en\\\/aakg-90caps\\\/\"]}]},{\"@type\":\"ImageObject\",\"inLanguage\":\"en-US\",\"@id\":\"https:\\\/\\\/fit360.ee\\\/en\\\/pood\\\/product-groups\\\/amino-acids-bcaa\\\/l-arginine-en\\\/aakg-90caps\\\/#primaryimage\",\"url\":\"https:\\\/\\\/fit360.ee\\\/wp-content\\\/uploads\\\/2022\\\/05\\\/aakg-caps-fit360.ee_.png\",\"contentUrl\":\"https:\\\/\\\/fit360.ee\\\/wp-content\\\/uploads\\\/2022\\\/05\\\/aakg-caps-fit360.ee_.png\",\"width\":800,\"height\":800,\"caption\":\"aakg caps - fit360.ee\"},{\"@type\":\"BreadcrumbList\",\"@id\":\"https:\\\/\\\/fit360.ee\\\/en\\\/pood\\\/product-groups\\\/amino-acids-bcaa\\\/l-arginine-en\\\/aakg-90caps\\\/#breadcrumb\",\"itemListElement\":[{\"@type\":\"ListItem\",\"position\":1,\"name\":\"Home\",\"item\":\"https:\\\/\\\/fit360.ee\\\/en\\\/\"},{\"@type\":\"ListItem\",\"position\":2,\"name\":\"Shop\",\"item\":\"https:\\\/\\\/fit360.ee\\\/en\\\/shop\\\/\"},{\"@type\":\"ListItem\",\"position\":3,\"name\":\"AAKG (90caps)\"}]},{\"@type\":\"WebSite\",\"@id\":\"https:\\\/\\\/fit360.ee\\\/en\\\/#website\",\"url\":\"https:\\\/\\\/fit360.ee\\\/en\\\/\",\"name\":\"Fit360\",\"description\":\"\",\"publisher\":{\"@id\":\"https:\\\/\\\/fit360.ee\\\/en\\\/#organization\"},\"potentialAction\":[{\"@type\":\"SearchAction\",\"target\":{\"@type\":\"EntryPoint\",\"urlTemplate\":\"https:\\\/\\\/fit360.ee\\\/en\\\/?s={search_term_string}\"},\"query-input\":{\"@type\":\"PropertyValueSpecification\",\"valueRequired\":true,\"valueName\":\"search_term_string\"}}],\"inLanguage\":\"en-US\"},{\"@type\":\"Organization\",\"@id\":\"https:\\\/\\\/fit360.ee\\\/en\\\/#organization\",\"name\":\"Fit360\",\"url\":\"https:\\\/\\\/fit360.ee\\\/en\\\/\",\"logo\":{\"@type\":\"ImageObject\",\"inLanguage\":\"en-US\",\"@id\":\"https:\\\/\\\/fit360.ee\\\/en\\\/#\\\/schema\\\/logo\\\/image\\\/\",\"url\":\"https:\\\/\\\/fit360.ee\\\/wp-content\\\/uploads\\\/2017\\\/01\\\/logo-fit360.png\",\"contentUrl\":\"https:\\\/\\\/fit360.ee\\\/wp-content\\\/uploads\\\/2017\\\/01\\\/logo-fit360.png\",\"width\":180,\"height\":66,\"caption\":\"Fit360\"},\"image\":{\"@id\":\"https:\\\/\\\/fit360.ee\\\/en\\\/#\\\/schema\\\/logo\\\/image\\\/\"}}]}<\/script>\n<!-- \/ Yoast SEO plugin. -->","yoast_head_json":{"title":"AAKG Caps (90caps) - L-Arginiin - AAKG - Kiire Tarne - Fit360","description":"AAKG Mega Caps soodustab treeningul veresoonte laienemist, t\u00f5stes l\u00e4mmastikoksiidi tootmist aktiivsetes lihastes - parandades j\u00f5uv\u00f5imeid","robots":{"index":"index","follow":"follow","max-snippet":"max-snippet:-1","max-image-preview":"max-image-preview:large","max-video-preview":"max-video-preview:-1"},"canonical":"https:\/\/fit360.ee\/en\/pood\/product-groups\/amino-acids-bcaa\/l-arginine-en\/aakg-90caps\/","og_locale":"en_US","og_type":"article","og_title":"AAKG Caps (90caps) - L-Arginiin - AAKG - Kiire Tarne - Fit360","og_description":"AAKG Mega Caps soodustab treeningul veresoonte laienemist, t\u00f5stes l\u00e4mmastikoksiidi tootmist aktiivsetes lihastes - parandades j\u00f5uv\u00f5imeid","og_url":"https:\/\/fit360.ee\/en\/pood\/product-groups\/amino-acids-bcaa\/l-arginine-en\/aakg-90caps\/","og_site_name":"Fit360","article_modified_time":"2026-04-09T12:57:11+00:00","og_image":[{"width":800,"height":800,"url":"https:\/\/fit360.ee\/wp-content\/uploads\/2022\/05\/aakg-caps-fit360.ee_.png","type":"image\/png"}],"twitter_card":"summary_large_image","twitter_misc":{"Est. reading time":"2 minutes"},"schema":{"@context":"https:\/\/schema.org","@graph":[{"@type":"WebPage","@id":"https:\/\/fit360.ee\/en\/pood\/product-groups\/amino-acids-bcaa\/l-arginine-en\/aakg-90caps\/","url":"https:\/\/fit360.ee\/en\/pood\/product-groups\/amino-acids-bcaa\/l-arginine-en\/aakg-90caps\/","name":"AAKG Caps (90caps) - L-Arginiin - AAKG - Kiire Tarne - Fit360","isPartOf":{"@id":"https:\/\/fit360.ee\/en\/#website"},"primaryImageOfPage":{"@id":"https:\/\/fit360.ee\/en\/pood\/product-groups\/amino-acids-bcaa\/l-arginine-en\/aakg-90caps\/#primaryimage"},"image":{"@id":"https:\/\/fit360.ee\/en\/pood\/product-groups\/amino-acids-bcaa\/l-arginine-en\/aakg-90caps\/#primaryimage"},"thumbnailUrl":"https:\/\/fit360.ee\/wp-content\/uploads\/2022\/05\/aakg-caps-fit360.ee_.png","datePublished":"2022-05-13T12:30:01+00:00","dateModified":"2026-04-09T12:57:11+00:00","description":"AAKG Mega Caps soodustab treeningul veresoonte laienemist, t\u00f5stes l\u00e4mmastikoksiidi tootmist aktiivsetes lihastes - parandades j\u00f5uv\u00f5imeid","breadcrumb":{"@id":"https:\/\/fit360.ee\/en\/pood\/product-groups\/amino-acids-bcaa\/l-arginine-en\/aakg-90caps\/#breadcrumb"},"inLanguage":"en-US","potentialAction":[{"@type":"ReadAction","target":["https:\/\/fit360.ee\/en\/pood\/product-groups\/amino-acids-bcaa\/l-arginine-en\/aakg-90caps\/"]}]},{"@type":"ImageObject","inLanguage":"en-US","@id":"https:\/\/fit360.ee\/en\/pood\/product-groups\/amino-acids-bcaa\/l-arginine-en\/aakg-90caps\/#primaryimage","url":"https:\/\/fit360.ee\/wp-content\/uploads\/2022\/05\/aakg-caps-fit360.ee_.png","contentUrl":"https:\/\/fit360.ee\/wp-content\/uploads\/2022\/05\/aakg-caps-fit360.ee_.png","width":800,"height":800,"caption":"aakg caps - fit360.ee"},{"@type":"BreadcrumbList","@id":"https:\/\/fit360.ee\/en\/pood\/product-groups\/amino-acids-bcaa\/l-arginine-en\/aakg-90caps\/#breadcrumb","itemListElement":[{"@type":"ListItem","position":1,"name":"Home","item":"https:\/\/fit360.ee\/en\/"},{"@type":"ListItem","position":2,"name":"Shop","item":"https:\/\/fit360.ee\/en\/shop\/"},{"@type":"ListItem","position":3,"name":"AAKG (90caps)"}]},{"@type":"WebSite","@id":"https:\/\/fit360.ee\/en\/#website","url":"https:\/\/fit360.ee\/en\/","name":"Fit360","description":"","publisher":{"@id":"https:\/\/fit360.ee\/en\/#organization"},"potentialAction":[{"@type":"SearchAction","target":{"@type":"EntryPoint","urlTemplate":"https:\/\/fit360.ee\/en\/?s={search_term_string}"},"query-input":{"@type":"PropertyValueSpecification","valueRequired":true,"valueName":"search_term_string"}}],"inLanguage":"en-US"},{"@type":"Organization","@id":"https:\/\/fit360.ee\/en\/#organization","name":"Fit360","url":"https:\/\/fit360.ee\/en\/","logo":{"@type":"ImageObject","inLanguage":"en-US","@id":"https:\/\/fit360.ee\/en\/#\/schema\/logo\/image\/","url":"https:\/\/fit360.ee\/wp-content\/uploads\/2017\/01\/logo-fit360.png","contentUrl":"https:\/\/fit360.ee\/wp-content\/uploads\/2017\/01\/logo-fit360.png","width":180,"height":66,"caption":"Fit360"},"image":{"@id":"https:\/\/fit360.ee\/en\/#\/schema\/logo\/image\/"}}]}},"_links":{"self":[{"href":"https:\/\/fit360.ee\/en\/wp-json\/wp\/v2\/product\/62528","targetHints":{"allow":["GET"]}}],"collection":[{"href":"https:\/\/fit360.ee\/en\/wp-json\/wp\/v2\/product"}],"about":[{"href":"https:\/\/fit360.ee\/en\/wp-json\/wp\/v2\/types\/product"}],"replies":[{"embeddable":true,"href":"https:\/\/fit360.ee\/en\/wp-json\/wp\/v2\/comments?post=62528"}],"wp:featuredmedia":[{"embeddable":true,"href":"https:\/\/fit360.ee\/en\/wp-json\/wp\/v2\/media\/62530"}],"wp:attachment":[{"href":"https:\/\/fit360.ee\/en\/wp-json\/wp\/v2\/media?parent=62528"}],"wp:term":[{"taxonomy":"product_brand","embeddable":true,"href":"https:\/\/fit360.ee\/en\/wp-json\/wp\/v2\/product_brand?post=62528"},{"taxonomy":"product_cat","embeddable":true,"href":"https:\/\/fit360.ee\/en\/wp-json\/wp\/v2\/product_cat?post=62528"},{"taxonomy":"product_tag","embeddable":true,"href":"https:\/\/fit360.ee\/en\/wp-json\/wp\/v2\/product_tag?post=62528"},{"taxonomy":"giftcard-category","embeddable":true,"href":"https:\/\/fit360.ee\/en\/wp-json\/wp\/v2\/giftcard-category?post=62528"}],"curies":[{"name":"wp","href":"https:\/\/api.w.org\/{rel}","templated":true}]}}