{"id":62932,"date":"2022-06-10T13:00:32","date_gmt":"2022-06-10T11:00:32","guid":{"rendered":"https:\/\/fit360.ee\/pood\/uncategorized\/vege-protein-blend-700g\/"},"modified":"2026-04-13T13:56:57","modified_gmt":"2026-04-13T11:56:57","slug":"vege-protein-blend-700g","status":"publish","type":"product","link":"https:\/\/fit360.ee\/en\/pood\/product-groups\/protein-poweders-en\/vegan-protein-en\/vege-protein-blend-700g\/","title":{"rendered":"Vege Protein Blend (700g)"},"content":{"rendered":"<h1><strong>Vege Protein Blend<\/strong><\/h1>\n<p>OstroVit Protein Blend VEGE on tippkvaliteediga taimsete valkude segu, mis sisaldab peaaegu 80% valku, mis on loodud veganitele ja taimetoitlastele. Meie toode on m\u00f5eldud inimestele, kes oma toitumise ja n\u00f5udluse t\u00f5ttu sooviksid seda t\u00e4iendada valguga. Meie toidulisand sisaldab hernevalgu isolaati, sojavalgu isolaati ja k\u00f5rvitsavalku.<\/p>\n<ul>\n<li>700 g valku pakis<\/li>\n<li>\u00dcks portsjon on 30 g<\/li>\n<li>K\u00f5rge valgu kogus<\/li>\n<li>V\u00e4ga hea lahustuvus<\/li>\n<li>Meeldivad maitsed<\/li>\n<\/ul>\n<p><a href=\"https:\/\/fit360.ee\/wp-content\/uploads\/2022\/06\/vegan-proteiin-fit360.ee-1-800x312.jpg\"><img loading=\"lazy\" decoding=\"async\" class=\"alignnone size-medium wp-image-62940\" src=\"https:\/\/fit360.ee\/wp-content\/uploads\/2022\/06\/vegan-proteiin-fit360.ee-1-800x312.jpg\" alt=\"\" width=\"800\" height=\"312\" srcset=\"https:\/\/fit360.ee\/wp-content\/uploads\/2022\/06\/vegan-proteiin-fit360.ee-1-800x312.jpg 800w, https:\/\/fit360.ee\/wp-content\/uploads\/2022\/06\/vegan-proteiin-fit360.ee-1-510x199.jpg 510w, https:\/\/fit360.ee\/wp-content\/uploads\/2022\/06\/vegan-proteiin-fit360.ee-1-768x300.jpg 768w, https:\/\/fit360.ee\/wp-content\/uploads\/2022\/06\/vegan-proteiin-fit360.ee-1.jpg 922w\" sizes=\"auto, (max-width: 800px) 100vw, 800px\" \/><\/a><\/p>\n<h4><strong>Kellele sobib OstroVit Protein Blend VEGE?<\/strong><\/h4>\n<p>OstroVit Protein Blend VEGE \u2013 on toidulisand, mis aitab kaasa lihasmassi kasvule ja aitab seda s\u00e4ilitada. Meie toidulisand on suunatud k\u00f5igile sportlastele, olenemata nende spordialast. See on eriti soovitatav lihasmassi kasvatamise perioodil. Seda saab kasutada edasij\u00f5udnute treeningute ajal, aga ka igap\u00e4evase dieedi komponendina toitev\u00e4\u00e4rtuste t\u00e4iendamiseks.<\/p>\n<p><strong>Omadused:<\/strong><\/p>\n<ul>\n<li>K\u00f5rge valgusisaldusega<\/li>\n<li>Hargnenud aminohapete allikas BCAA<\/li>\n<li>Anaboolsed toimed \u2013 aitab kasvatada puhast lihasmassi<\/li>\n<li>Antikataboolne toime \u2013 hoiab \u00e4ra lihaste lagunemise<\/li>\n<li>Kergesti saadava energia allikas<\/li>\n<li>Kiirendab regeneratsiooni<\/li>\n<li>On j\u00e4rjekindlad k\u00f5igil spordialadel<\/li>\n<li>Eriti soovitatav lihasmassi kasvatamise perioodil<\/li>\n<\/ul>\n<p><strong>Koostisosad (maasika maitse)<\/strong>: Hernevalgu isolaat, sojavalgu isolaat (sisaldab v\u00e4\u00e4veldioksiidi ja sulfiteid), valkk\u00f5rvits, aroom, peedimahla kontsentraadi pulber, paksendaja: ksantaankummi; happesuse regulaator: sidrunhape; maasikapulber (0,67%), sool, magusaine: sukraloos; paksendaja: araabiakumm; magusaine: atsesulfaam K.<\/p>\n<p><strong>Koostisosad (\u0161okolaadi maitse)<\/strong>: Hernevalgu isolaat, sojavalgu isolaat (sisaldab v\u00e4\u00e4veldioksiidi ja sulfiteid), valkk\u00f5rvits, 4,9% kakaod, looduslik \u0161okolaadi aroom, paksendaja: ksantaankummi; sool, paksendaja: kummiaraabik; magusained: sukraloos, atsesulfaam K.<\/p>\n<p><strong>Kasutamine<\/strong>: Lahusta \u00fcks portsjon toodet 30 g (2 lusikat\u00e4it) 250\u2013300 ml vees \u0161eikeris. V\u00f5tke 1 portsjon p\u00e4evas p\u00e4rast treeningut.<\/p>\n<p><strong>Suurus<\/strong>: 700g &#8211; 23 serveeringut.<\/p>\n<table>\n<tbody>\n<tr>\n<th>Toitev\u00e4\u00e4rtused<\/th>\n<th>Per 100 g<\/th>\n<th>Per portion<\/th>\n<th>% SPK*<\/th>\n<\/tr>\n<tr>\n<td>Energia<\/td>\n<td>1635 kJ\/388 kcal<\/td>\n<td>491 kJ\/116 kcal<\/td>\n<td>6<\/td>\n<\/tr>\n<tr>\n<td>Rasvad<\/td>\n<td>6.5 g<\/td>\n<td>2 g<\/td>\n<td>2<\/td>\n<\/tr>\n<tr>\n<td>&#8211; <em>millest<\/em> k\u00fcllastunud rasvhapped<\/td>\n<td>2.0 g<\/td>\n<td>0.6 g<\/td>\n<td>3<\/td>\n<\/tr>\n<tr>\n<td>S\u00fcsivesikud<\/td>\n<td>1.8 g<\/td>\n<td>0.5 g<\/td>\n<td>&#8211;<\/td>\n<\/tr>\n<tr>\n<td>&#8211; <em>millest<\/em> suhkur<\/td>\n<td>0.3 g<\/td>\n<td>0.1 g<\/td>\n<td>&#8211;<\/td>\n<\/tr>\n<tr>\n<td>Kiudained<\/td>\n<td>7.4 g<\/td>\n<td>2.2 g<\/td>\n<td>\u00a0&#8211;<\/td>\n<\/tr>\n<tr>\n<td><strong>Valgud<\/strong><\/td>\n<td><strong>77 g<\/strong><\/td>\n<td><strong>23 g<\/strong><\/td>\n<td>46<\/td>\n<\/tr>\n<tr>\n<td>Sool<\/td>\n<td>2.23 g<\/td>\n<td>0.67 g<\/td>\n<td>11<\/td>\n<\/tr>\n<tr>\n<td>Hernevalgu Isolaat<\/td>\n<td>51.88 g<\/td>\n<td>15.56 g<\/td>\n<td>&#8211;<\/td>\n<\/tr>\n<tr>\n<td>Sojavalgu Isolaat<\/td>\n<td>31 g<\/td>\n<td>9.3 g<\/td>\n<td>&#8211;<\/td>\n<\/tr>\n<tr>\n<td>K\u00f5rvitsavalgu Isolaat<\/td>\n<td>6.5 g<\/td>\n<td>1.95 g<\/td>\n<td>&#8211;<\/td>\n<\/tr>\n<\/tbody>\n<\/table>\n<p>*SPK &#8211; Soovitatud p\u00e4evane kogus<\/p>\n<p>Vaata ka meie Teisi Valgupulbreid <a href=\"https:\/\/fit360.ee\/en\/product-category\/product-groups\/protein-poweders-en\/\"><strong>SIIT<\/strong><\/a> v\u00f5i Taimeseid Valgupulbreid <a href=\"https:\/\/fit360.ee\/en\/product-category\/product-groups\/protein-poweders-en\/vegan-protein-en\/\"><strong>SIIT<\/strong><\/a>!<\/p>\n<p>Soovid teha suuremat tellimust? Vaata antud toodet meie HULGI lehelt\u00a0<a href=\"https:\/\/toidulisandidhulgi.ee\/product\/vege-protein-blend-700g\/\"><strong>SIIT<\/strong><\/a>!<\/p>\n","protected":false},"excerpt":{"rendered":"<ul>\n<li>K\u00f5rge valgusisaldusega<\/li>\n<li>Hargnenud aminohapete allikas BCAA<\/li>\n<li>Anaboolsed toimed \u2013 aitab kasvatada puhast lihasmassi<\/li>\n<li>Antikataboolne toime \u2013 hoiab \u00e4ra lihaste lagunemise<\/li>\n<li>Kergesti saadava energia allikas<\/li>\n<li>Sobib taimetoitlastele ja veganitele<\/li>\n<\/ul>\n","protected":false},"featured_media":76641,"comment_status":"closed","ping_status":"closed","template":"","meta":[],"product_brand":[],"product_cat":[1329,535,2428,1201],"product_tag":[1924,3785,3786],"giftcard-category":[],"class_list":{"0":"post-62932","1":"product","2":"type-product","3":"status-publish","4":"has-post-thumbnail","6":"product_cat-ostrovit-en","7":"product_cat-protein-poweders-en","8":"product_cat-vegan-protein-en","9":"product_cat-1201","10":"product_tag-ostrovit-en","11":"product_tag-vegan-protein-en","12":"product_tag-vege-protein-blend-en","13":"pa_maitse-chocolate","14":"pa_maitse-strawberry-2","16":"first","17":"outofstock","18":"sale","19":"taxable","20":"shipping-taxable","21":"purchasable","22":"product-type-variable"},"yoast_head":"<!-- This site is optimized with the Yoast SEO plugin v27.5 - https:\/\/yoast.com\/product\/yoast-seo-wordpress\/ -->\n<title>Vege Protein Blend (700g) - Taimne Valk - Vegan Proteiin - Fit360<\/title>\n<meta name=\"description\" content=\"Protein Blend VEGE on tippkvaliteediga taimsete valkude segu, mis sisaldab peaaegu 80% valku, mis on loodud veganitele ja taimetoitlastele.\" \/>\n<meta name=\"robots\" content=\"index, follow, max-snippet:-1, max-image-preview:large, max-video-preview:-1\" \/>\n<link rel=\"canonical\" href=\"https:\/\/fit360.ee\/en\/pood\/product-groups\/protein-poweders-en\/vegan-protein-en\/vege-protein-blend-700g\/\" \/>\n<meta property=\"og:locale\" content=\"en_US\" \/>\n<meta property=\"og:type\" content=\"article\" \/>\n<meta property=\"og:title\" content=\"Vege Protein Blend (700g) - Taimne Valk - Vegan Proteiin - Fit360\" \/>\n<meta property=\"og:description\" content=\"Protein Blend VEGE on tippkvaliteediga taimsete valkude segu, mis sisaldab peaaegu 80% valku, mis on loodud veganitele ja taimetoitlastele.\" \/>\n<meta property=\"og:url\" content=\"https:\/\/fit360.ee\/en\/pood\/product-groups\/protein-poweders-en\/vegan-protein-en\/vege-protein-blend-700g\/\" \/>\n<meta property=\"og:site_name\" content=\"Fit360\" \/>\n<meta property=\"article:modified_time\" content=\"2026-04-13T11:56:57+00:00\" \/>\n<meta property=\"og:image\" content=\"https:\/\/fit360.ee\/wp-content\/uploads\/2022\/06\/ostrovit-vege-protein-blend-fit360.ee-1.png\" \/>\n\t<meta property=\"og:image:width\" content=\"450\" \/>\n\t<meta property=\"og:image:height\" content=\"450\" \/>\n\t<meta property=\"og:image:type\" content=\"image\/png\" \/>\n<meta name=\"twitter:card\" content=\"summary_large_image\" \/>\n<meta name=\"twitter:label1\" content=\"Est. reading time\" \/>\n\t<meta name=\"twitter:data1\" content=\"2 minutes\" \/>\n<script type=\"application\/ld+json\" class=\"yoast-schema-graph\">{\"@context\":\"https:\\\/\\\/schema.org\",\"@graph\":[{\"@type\":\"WebPage\",\"@id\":\"https:\\\/\\\/fit360.ee\\\/en\\\/pood\\\/product-groups\\\/protein-poweders-en\\\/vegan-protein-en\\\/vege-protein-blend-700g\\\/\",\"url\":\"https:\\\/\\\/fit360.ee\\\/en\\\/pood\\\/product-groups\\\/protein-poweders-en\\\/vegan-protein-en\\\/vege-protein-blend-700g\\\/\",\"name\":\"Vege Protein Blend (700g) - Taimne Valk - Vegan Proteiin - Fit360\",\"isPartOf\":{\"@id\":\"https:\\\/\\\/fit360.ee\\\/en\\\/#website\"},\"primaryImageOfPage\":{\"@id\":\"https:\\\/\\\/fit360.ee\\\/en\\\/pood\\\/product-groups\\\/protein-poweders-en\\\/vegan-protein-en\\\/vege-protein-blend-700g\\\/#primaryimage\"},\"image\":{\"@id\":\"https:\\\/\\\/fit360.ee\\\/en\\\/pood\\\/product-groups\\\/protein-poweders-en\\\/vegan-protein-en\\\/vege-protein-blend-700g\\\/#primaryimage\"},\"thumbnailUrl\":\"https:\\\/\\\/fit360.ee\\\/wp-content\\\/uploads\\\/2022\\\/06\\\/ostrovit-vege-protein-blend-fit360.ee-1.png\",\"datePublished\":\"2022-06-10T11:00:32+00:00\",\"dateModified\":\"2026-04-13T11:56:57+00:00\",\"description\":\"Protein Blend VEGE on tippkvaliteediga taimsete valkude segu, mis sisaldab peaaegu 80% valku, mis on loodud veganitele ja taimetoitlastele.\",\"breadcrumb\":{\"@id\":\"https:\\\/\\\/fit360.ee\\\/en\\\/pood\\\/product-groups\\\/protein-poweders-en\\\/vegan-protein-en\\\/vege-protein-blend-700g\\\/#breadcrumb\"},\"inLanguage\":\"en-US\",\"potentialAction\":[{\"@type\":\"ReadAction\",\"target\":[\"https:\\\/\\\/fit360.ee\\\/en\\\/pood\\\/product-groups\\\/protein-poweders-en\\\/vegan-protein-en\\\/vege-protein-blend-700g\\\/\"]}]},{\"@type\":\"ImageObject\",\"inLanguage\":\"en-US\",\"@id\":\"https:\\\/\\\/fit360.ee\\\/en\\\/pood\\\/product-groups\\\/protein-poweders-en\\\/vegan-protein-en\\\/vege-protein-blend-700g\\\/#primaryimage\",\"url\":\"https:\\\/\\\/fit360.ee\\\/wp-content\\\/uploads\\\/2022\\\/06\\\/ostrovit-vege-protein-blend-fit360.ee-1.png\",\"contentUrl\":\"https:\\\/\\\/fit360.ee\\\/wp-content\\\/uploads\\\/2022\\\/06\\\/ostrovit-vege-protein-blend-fit360.ee-1.png\",\"width\":450,\"height\":450,\"caption\":\"ostrovit vege protein blend - fit360.ee\"},{\"@type\":\"BreadcrumbList\",\"@id\":\"https:\\\/\\\/fit360.ee\\\/en\\\/pood\\\/product-groups\\\/protein-poweders-en\\\/vegan-protein-en\\\/vege-protein-blend-700g\\\/#breadcrumb\",\"itemListElement\":[{\"@type\":\"ListItem\",\"position\":1,\"name\":\"Home\",\"item\":\"https:\\\/\\\/fit360.ee\\\/en\\\/\"},{\"@type\":\"ListItem\",\"position\":2,\"name\":\"Shop\",\"item\":\"https:\\\/\\\/fit360.ee\\\/en\\\/shop\\\/\"},{\"@type\":\"ListItem\",\"position\":3,\"name\":\"Vege Protein Blend (700g)\"}]},{\"@type\":\"WebSite\",\"@id\":\"https:\\\/\\\/fit360.ee\\\/en\\\/#website\",\"url\":\"https:\\\/\\\/fit360.ee\\\/en\\\/\",\"name\":\"Fit360\",\"description\":\"\",\"publisher\":{\"@id\":\"https:\\\/\\\/fit360.ee\\\/en\\\/#organization\"},\"potentialAction\":[{\"@type\":\"SearchAction\",\"target\":{\"@type\":\"EntryPoint\",\"urlTemplate\":\"https:\\\/\\\/fit360.ee\\\/en\\\/?s={search_term_string}\"},\"query-input\":{\"@type\":\"PropertyValueSpecification\",\"valueRequired\":true,\"valueName\":\"search_term_string\"}}],\"inLanguage\":\"en-US\"},{\"@type\":\"Organization\",\"@id\":\"https:\\\/\\\/fit360.ee\\\/en\\\/#organization\",\"name\":\"Fit360\",\"url\":\"https:\\\/\\\/fit360.ee\\\/en\\\/\",\"logo\":{\"@type\":\"ImageObject\",\"inLanguage\":\"en-US\",\"@id\":\"https:\\\/\\\/fit360.ee\\\/en\\\/#\\\/schema\\\/logo\\\/image\\\/\",\"url\":\"https:\\\/\\\/fit360.ee\\\/wp-content\\\/uploads\\\/2017\\\/01\\\/logo-fit360.png\",\"contentUrl\":\"https:\\\/\\\/fit360.ee\\\/wp-content\\\/uploads\\\/2017\\\/01\\\/logo-fit360.png\",\"width\":180,\"height\":66,\"caption\":\"Fit360\"},\"image\":{\"@id\":\"https:\\\/\\\/fit360.ee\\\/en\\\/#\\\/schema\\\/logo\\\/image\\\/\"}}]}<\/script>\n<!-- \/ Yoast SEO plugin. -->","yoast_head_json":{"title":"Vege Protein Blend (700g) - Taimne Valk - Vegan Proteiin - Fit360","description":"Protein Blend VEGE on tippkvaliteediga taimsete valkude segu, mis sisaldab peaaegu 80% valku, mis on loodud veganitele ja taimetoitlastele.","robots":{"index":"index","follow":"follow","max-snippet":"max-snippet:-1","max-image-preview":"max-image-preview:large","max-video-preview":"max-video-preview:-1"},"canonical":"https:\/\/fit360.ee\/en\/pood\/product-groups\/protein-poweders-en\/vegan-protein-en\/vege-protein-blend-700g\/","og_locale":"en_US","og_type":"article","og_title":"Vege Protein Blend (700g) - Taimne Valk - Vegan Proteiin - Fit360","og_description":"Protein Blend VEGE on tippkvaliteediga taimsete valkude segu, mis sisaldab peaaegu 80% valku, mis on loodud veganitele ja taimetoitlastele.","og_url":"https:\/\/fit360.ee\/en\/pood\/product-groups\/protein-poweders-en\/vegan-protein-en\/vege-protein-blend-700g\/","og_site_name":"Fit360","article_modified_time":"2026-04-13T11:56:57+00:00","og_image":[{"width":450,"height":450,"url":"https:\/\/fit360.ee\/wp-content\/uploads\/2022\/06\/ostrovit-vege-protein-blend-fit360.ee-1.png","type":"image\/png"}],"twitter_card":"summary_large_image","twitter_misc":{"Est. reading time":"2 minutes"},"schema":{"@context":"https:\/\/schema.org","@graph":[{"@type":"WebPage","@id":"https:\/\/fit360.ee\/en\/pood\/product-groups\/protein-poweders-en\/vegan-protein-en\/vege-protein-blend-700g\/","url":"https:\/\/fit360.ee\/en\/pood\/product-groups\/protein-poweders-en\/vegan-protein-en\/vege-protein-blend-700g\/","name":"Vege Protein Blend (700g) - Taimne Valk - Vegan Proteiin - Fit360","isPartOf":{"@id":"https:\/\/fit360.ee\/en\/#website"},"primaryImageOfPage":{"@id":"https:\/\/fit360.ee\/en\/pood\/product-groups\/protein-poweders-en\/vegan-protein-en\/vege-protein-blend-700g\/#primaryimage"},"image":{"@id":"https:\/\/fit360.ee\/en\/pood\/product-groups\/protein-poweders-en\/vegan-protein-en\/vege-protein-blend-700g\/#primaryimage"},"thumbnailUrl":"https:\/\/fit360.ee\/wp-content\/uploads\/2022\/06\/ostrovit-vege-protein-blend-fit360.ee-1.png","datePublished":"2022-06-10T11:00:32+00:00","dateModified":"2026-04-13T11:56:57+00:00","description":"Protein Blend VEGE on tippkvaliteediga taimsete valkude segu, mis sisaldab peaaegu 80% valku, mis on loodud veganitele ja taimetoitlastele.","breadcrumb":{"@id":"https:\/\/fit360.ee\/en\/pood\/product-groups\/protein-poweders-en\/vegan-protein-en\/vege-protein-blend-700g\/#breadcrumb"},"inLanguage":"en-US","potentialAction":[{"@type":"ReadAction","target":["https:\/\/fit360.ee\/en\/pood\/product-groups\/protein-poweders-en\/vegan-protein-en\/vege-protein-blend-700g\/"]}]},{"@type":"ImageObject","inLanguage":"en-US","@id":"https:\/\/fit360.ee\/en\/pood\/product-groups\/protein-poweders-en\/vegan-protein-en\/vege-protein-blend-700g\/#primaryimage","url":"https:\/\/fit360.ee\/wp-content\/uploads\/2022\/06\/ostrovit-vege-protein-blend-fit360.ee-1.png","contentUrl":"https:\/\/fit360.ee\/wp-content\/uploads\/2022\/06\/ostrovit-vege-protein-blend-fit360.ee-1.png","width":450,"height":450,"caption":"ostrovit vege protein blend - fit360.ee"},{"@type":"BreadcrumbList","@id":"https:\/\/fit360.ee\/en\/pood\/product-groups\/protein-poweders-en\/vegan-protein-en\/vege-protein-blend-700g\/#breadcrumb","itemListElement":[{"@type":"ListItem","position":1,"name":"Home","item":"https:\/\/fit360.ee\/en\/"},{"@type":"ListItem","position":2,"name":"Shop","item":"https:\/\/fit360.ee\/en\/shop\/"},{"@type":"ListItem","position":3,"name":"Vege Protein Blend (700g)"}]},{"@type":"WebSite","@id":"https:\/\/fit360.ee\/en\/#website","url":"https:\/\/fit360.ee\/en\/","name":"Fit360","description":"","publisher":{"@id":"https:\/\/fit360.ee\/en\/#organization"},"potentialAction":[{"@type":"SearchAction","target":{"@type":"EntryPoint","urlTemplate":"https:\/\/fit360.ee\/en\/?s={search_term_string}"},"query-input":{"@type":"PropertyValueSpecification","valueRequired":true,"valueName":"search_term_string"}}],"inLanguage":"en-US"},{"@type":"Organization","@id":"https:\/\/fit360.ee\/en\/#organization","name":"Fit360","url":"https:\/\/fit360.ee\/en\/","logo":{"@type":"ImageObject","inLanguage":"en-US","@id":"https:\/\/fit360.ee\/en\/#\/schema\/logo\/image\/","url":"https:\/\/fit360.ee\/wp-content\/uploads\/2017\/01\/logo-fit360.png","contentUrl":"https:\/\/fit360.ee\/wp-content\/uploads\/2017\/01\/logo-fit360.png","width":180,"height":66,"caption":"Fit360"},"image":{"@id":"https:\/\/fit360.ee\/en\/#\/schema\/logo\/image\/"}}]}},"_links":{"self":[{"href":"https:\/\/fit360.ee\/en\/wp-json\/wp\/v2\/product\/62932","targetHints":{"allow":["GET"]}}],"collection":[{"href":"https:\/\/fit360.ee\/en\/wp-json\/wp\/v2\/product"}],"about":[{"href":"https:\/\/fit360.ee\/en\/wp-json\/wp\/v2\/types\/product"}],"replies":[{"embeddable":true,"href":"https:\/\/fit360.ee\/en\/wp-json\/wp\/v2\/comments?post=62932"}],"wp:featuredmedia":[{"embeddable":true,"href":"https:\/\/fit360.ee\/en\/wp-json\/wp\/v2\/media\/76641"}],"wp:attachment":[{"href":"https:\/\/fit360.ee\/en\/wp-json\/wp\/v2\/media?parent=62932"}],"wp:term":[{"taxonomy":"product_brand","embeddable":true,"href":"https:\/\/fit360.ee\/en\/wp-json\/wp\/v2\/product_brand?post=62932"},{"taxonomy":"product_cat","embeddable":true,"href":"https:\/\/fit360.ee\/en\/wp-json\/wp\/v2\/product_cat?post=62932"},{"taxonomy":"product_tag","embeddable":true,"href":"https:\/\/fit360.ee\/en\/wp-json\/wp\/v2\/product_tag?post=62932"},{"taxonomy":"giftcard-category","embeddable":true,"href":"https:\/\/fit360.ee\/en\/wp-json\/wp\/v2\/giftcard-category?post=62932"}],"curies":[{"name":"wp","href":"https:\/\/api.w.org\/{rel}","templated":true}]}}