{"id":62938,"date":"2022-06-10T13:35:23","date_gmt":"2022-06-10T11:35:23","guid":{"rendered":"https:\/\/fit360.ee\/pood\/uncategorized\/lusiin-200g\/"},"modified":"2026-04-09T14:27:35","modified_gmt":"2026-04-09T12:27:35","slug":"lusiin-200g","status":"publish","type":"product","link":"https:\/\/fit360.ee\/en\/pood\/product-groups\/amino-acids-bcaa\/essential-amino-acids-eaa-en\/lusiin-200g\/","title":{"rendered":"100% L\u00fcsiin (200g)"},"content":{"rendered":"<h1><strong>L\u00fcsiin<\/strong><\/h1>\n<p>OstroVit L\u00fcsiin on k\u00f5rgeima klassi toidulisand, mis p\u00f5hineb ainult \u00fchel komponendil, L-l\u00fcsiinil. Ebavajalikud aroomid, s\u00e4ilitusained ja t\u00e4iteained on teadlikult v\u00e4lja j\u00e4etud ning ideaalne imenduvus ja farmatseutilisel tasemel mikroniseerimine on v\u00f5imaldanud luua peaaegu ideaalse toidulisandi.<\/p>\n<ul>\n<li>200 g L-l\u00fcsiini pakendis<\/li>\n<li>Pakendis 200 portsjonit<\/li>\n<li>1 portsjon on 1 g puhast l\u00fcsiini<\/li>\n<li>Ainult \u00fcks komponent, ei mingeid tarbetuid t\u00e4iteaineid<\/li>\n<\/ul>\n<p><a href=\"https:\/\/fit360.ee\/wp-content\/uploads\/2022\/06\/L-lusiin-fit360.ee-1-800x312.jpg\"><img loading=\"lazy\" decoding=\"async\" class=\"size-medium wp-image-62942\" src=\"https:\/\/fit360.ee\/wp-content\/uploads\/2022\/06\/L-lusiin-fit360.ee-1-800x312.jpg\" alt=\"L-l\u00fcsiin - fit360.ee\" width=\"800\" height=\"312\" srcset=\"https:\/\/fit360.ee\/wp-content\/uploads\/2022\/06\/L-lusiin-fit360.ee-1-800x312.jpg 800w, https:\/\/fit360.ee\/wp-content\/uploads\/2022\/06\/L-lusiin-fit360.ee-1-510x199.jpg 510w, https:\/\/fit360.ee\/wp-content\/uploads\/2022\/06\/L-lusiin-fit360.ee-1-768x300.jpg 768w, https:\/\/fit360.ee\/wp-content\/uploads\/2022\/06\/L-lusiin-fit360.ee-1.jpg 922w\" sizes=\"auto, (max-width: 800px) 100vw, 800px\" \/><\/a><\/p>\n<h4><strong>L-L\u00fcsiin<\/strong><\/h4>\n<p>See on orgaaniline keemiline \u00fchend asendamatute aminohapete r\u00fchmast. Keha n\u00f5uetekohaseks toimimiseks on oluline saada neid \u00f5iges koguses toidulisandite v\u00f5i toiduga. Meie keha ei suuda neid ise s\u00fcnteesida. Lisaks on see \u00fcks peamisi \u00fchendeid, mis ehitab \u00fcles k\u00f5ik meie keha valgud. Nii tekkis ka r\u00fchma nimi valgu aminohapped. L-l\u00fcsiini kasutatakse selleks, et aidata inimkehal omastada <a href=\"https:\/\/fit360.ee\/en\/product-category\/product-groups\/vitamins-and-minerals-en\/calcium-en\/\"><strong>kaltsiumi<\/strong><\/a>, suurendada lihaskoe kasvu taastumise ajal p\u00e4rast t\u00f5sist traumat ning paljude hormoonide v\u00f5i ens\u00fc\u00fcmide tootmisel.<\/p>\n<h4><strong>Omadused<\/strong>:<\/h4>\n<p>L\u00fcsiin leiab t\u00e4iusliku rakenduse nii professionaalsetele kui ka harrastussportlastele. Eelk\u00f5ige on neil suurenenud n\u00f5udlus eksogeensete aminohapete j\u00e4rele, r\u00f5huasetusega eksogeensel s\u00f5nal \u2013 see on vajalik. Millised on L-l\u00fcsiini omadused?<\/p>\n<ul>\n<li>Aitab kaitsta keha loomulikult, tugevdades immuunsust<\/li>\n<li>Teaduslikud uuringud kinnitavad stressivastast toimet<\/li>\n<li>Selle pidev tarbimine aitab s\u00e4ilitada kehamassi<\/li>\n<li>See on \u00fcks <strong><a href=\"https:\/\/fit360.ee\/en\/product-category\/product-groups\/amino-acids-bcaa\/essential-amino-acids-eaa-en\/\">asendamatutest aminohapetest,<\/a><\/strong> mis on kehas ehitusmaterjaliks<\/li>\n<li>Kogunedes skeletilihastesse, toetab see nende taastumist p\u00e4rast erinevaid vigastusi ja tervenemise ajal<\/li>\n<\/ul>\n<p><strong>Koostisosad<\/strong>: L-L\u00fcsiin.<\/p>\n<p><strong>Kasutamine<\/strong>: Lahustage \u00fcks portsjon toodet 1 g (1 lusikas) 100\u2013150 ml vees v\u00f5i mahlas \u0161eikeris. Palun kasutage pakendis olevat m\u00f5\u00f5tetopsi (1 ml). S\u00f5ltuvalt teie vajadustest v\u00f5tke 1 portsjon p\u00e4evas.<\/p>\n<p><strong>Suurus<\/strong>: 200g &#8211; 200 serveeringut.<\/p>\n<table>\n<tbody>\n<tr>\n<th>Aktiivsed toimeained<\/th>\n<th>100 g<\/th>\n<th>1 serveering<\/th>\n<\/tr>\n<tr>\n<td>L-L\u00fcsiin<\/td>\n<td>100 g<\/td>\n<td>1000 mg<\/td>\n<\/tr>\n<\/tbody>\n<\/table>\n<p>Vaata ka meie Teisi Asendamatuid Aminohappeid <a href=\"https:\/\/fit360.ee\/en\/product-category\/product-groups\/amino-acids-bcaa\/essential-amino-acids-eaa-en\/\"><strong>SIIT<\/strong><\/a> v\u00f5i Toidulisandeid Liigestele <a href=\"https:\/\/fit360.ee\/en\/product-category\/product-groups\/joint-support-en\/\"><strong>SIIT<\/strong><\/a>!<\/p>\n<p>Soovid teha suuremat tellimust? Vaata antud toodet meie HULGI lehelt\u00a0<a href=\"https:\/\/toidulisandidhulgi.ee\/product\/lusiin-200g\/\"><strong>SIIT<\/strong><\/a>!<\/p>\n","protected":false},"excerpt":{"rendered":"<ul>\n<li>200g\u00a0 puhast L-l\u00fcsiini<\/li>\n<li>Pakendis 200 portsjonit<\/li>\n<li>1 portsjon on 1 g puhast l\u00fcsiini<\/li>\n<li>Ainult \u00fcks komponent, ei mingeid tarbetuid t\u00e4iteaineid<\/li>\n<\/ul>\n","protected":false},"featured_media":91118,"comment_status":"closed","ping_status":"closed","template":"","meta":[],"product_brand":[],"product_cat":[520,2331,527,1329,1454],"product_tag":[2133,2135,1924],"giftcard-category":[],"class_list":{"0":"post-62938","1":"product","2":"type-product","3":"status-publish","4":"has-post-thumbnail","6":"product_cat-amino-acids-bcaa","7":"product_cat-essential-amino-acids-eaa-en","8":"product_cat-joint-support-en","9":"product_cat-ostrovit-en","10":"product_cat-superfoods-health-foods-en","11":"product_tag-l-lusiin-en","12":"product_tag-lusiin-en","13":"product_tag-ostrovit-en","14":"pa_kogus-200g-en","15":"pa_maitse-natural","16":"pa_toidulisand-branddd-ostrovit","17":"pa_tootegruppp-amino-acidsbcaa","18":"pa_tootegruppp-asendamatud-aminohapped-eaa-en","19":"pa_tootegruppp-for-joints","20":"pa_tootegruppp-supertoit-tervisetoit-en","22":"first","23":"instock","24":"sale","25":"taxable","26":"shipping-taxable","27":"purchasable","28":"product-type-simple"},"yoast_head":"<!-- This site is optimized with the Yoast SEO plugin v27.3 - https:\/\/yoast.com\/product\/yoast-seo-wordpress\/ -->\n<title>100% L\u00fcsiin (200g) - L\u00fcsiini pulber - Kiire Tarne - Fit360<\/title>\n<meta name=\"description\" content=\"L\u00fcsiin aitab kaitsta keha loomulikult, tugevdades immuunsust. Teaduslikud uuringud kinnitavad stressivastast toimet. Tugevdab luustikku!\" \/>\n<meta name=\"robots\" content=\"index, follow, max-snippet:-1, max-image-preview:large, max-video-preview:-1\" \/>\n<link rel=\"canonical\" href=\"https:\/\/fit360.ee\/en\/pood\/product-groups\/amino-acids-bcaa\/essential-amino-acids-eaa-en\/lusiin-200g\/\" \/>\n<meta property=\"og:locale\" content=\"en_US\" \/>\n<meta property=\"og:type\" content=\"article\" \/>\n<meta property=\"og:title\" content=\"100% L\u00fcsiin (200g) - L\u00fcsiini pulber - Kiire Tarne - Fit360\" \/>\n<meta property=\"og:description\" content=\"L\u00fcsiin aitab kaitsta keha loomulikult, tugevdades immuunsust. Teaduslikud uuringud kinnitavad stressivastast toimet. Tugevdab luustikku!\" \/>\n<meta property=\"og:url\" content=\"https:\/\/fit360.ee\/en\/pood\/product-groups\/amino-acids-bcaa\/essential-amino-acids-eaa-en\/lusiin-200g\/\" \/>\n<meta property=\"og:site_name\" content=\"Fit360\" \/>\n<meta property=\"article:modified_time\" content=\"2026-04-09T12:27:35+00:00\" \/>\n<meta property=\"og:image\" content=\"https:\/\/fit360.ee\/wp-content\/uploads\/2022\/06\/lusiin-lusiini-pulber-fit360.ee-1.png\" \/>\n\t<meta property=\"og:image:width\" content=\"450\" \/>\n\t<meta property=\"og:image:height\" content=\"450\" \/>\n\t<meta property=\"og:image:type\" content=\"image\/png\" \/>\n<meta name=\"twitter:card\" content=\"summary_large_image\" \/>\n<meta name=\"twitter:label1\" content=\"Est. reading time\" \/>\n\t<meta name=\"twitter:data1\" content=\"2 minutes\" \/>\n<script type=\"application\/ld+json\" class=\"yoast-schema-graph\">{\"@context\":\"https:\\\/\\\/schema.org\",\"@graph\":[{\"@type\":\"WebPage\",\"@id\":\"https:\\\/\\\/fit360.ee\\\/en\\\/pood\\\/product-groups\\\/amino-acids-bcaa\\\/essential-amino-acids-eaa-en\\\/lusiin-200g\\\/\",\"url\":\"https:\\\/\\\/fit360.ee\\\/en\\\/pood\\\/product-groups\\\/amino-acids-bcaa\\\/essential-amino-acids-eaa-en\\\/lusiin-200g\\\/\",\"name\":\"100% L\u00fcsiin (200g) - L\u00fcsiini pulber - Kiire Tarne - Fit360\",\"isPartOf\":{\"@id\":\"https:\\\/\\\/fit360.ee\\\/en\\\/#website\"},\"primaryImageOfPage\":{\"@id\":\"https:\\\/\\\/fit360.ee\\\/en\\\/pood\\\/product-groups\\\/amino-acids-bcaa\\\/essential-amino-acids-eaa-en\\\/lusiin-200g\\\/#primaryimage\"},\"image\":{\"@id\":\"https:\\\/\\\/fit360.ee\\\/en\\\/pood\\\/product-groups\\\/amino-acids-bcaa\\\/essential-amino-acids-eaa-en\\\/lusiin-200g\\\/#primaryimage\"},\"thumbnailUrl\":\"https:\\\/\\\/fit360.ee\\\/wp-content\\\/uploads\\\/2022\\\/06\\\/lusiin-lusiini-pulber-fit360.ee-1.png\",\"datePublished\":\"2022-06-10T11:35:23+00:00\",\"dateModified\":\"2026-04-09T12:27:35+00:00\",\"description\":\"L\u00fcsiin aitab kaitsta keha loomulikult, tugevdades immuunsust. Teaduslikud uuringud kinnitavad stressivastast toimet. Tugevdab luustikku!\",\"breadcrumb\":{\"@id\":\"https:\\\/\\\/fit360.ee\\\/en\\\/pood\\\/product-groups\\\/amino-acids-bcaa\\\/essential-amino-acids-eaa-en\\\/lusiin-200g\\\/#breadcrumb\"},\"inLanguage\":\"en-US\",\"potentialAction\":[{\"@type\":\"ReadAction\",\"target\":[\"https:\\\/\\\/fit360.ee\\\/en\\\/pood\\\/product-groups\\\/amino-acids-bcaa\\\/essential-amino-acids-eaa-en\\\/lusiin-200g\\\/\"]}]},{\"@type\":\"ImageObject\",\"inLanguage\":\"en-US\",\"@id\":\"https:\\\/\\\/fit360.ee\\\/en\\\/pood\\\/product-groups\\\/amino-acids-bcaa\\\/essential-amino-acids-eaa-en\\\/lusiin-200g\\\/#primaryimage\",\"url\":\"https:\\\/\\\/fit360.ee\\\/wp-content\\\/uploads\\\/2022\\\/06\\\/lusiin-lusiini-pulber-fit360.ee-1.png\",\"contentUrl\":\"https:\\\/\\\/fit360.ee\\\/wp-content\\\/uploads\\\/2022\\\/06\\\/lusiin-lusiini-pulber-fit360.ee-1.png\",\"width\":450,\"height\":450,\"caption\":\"l\u00fcsiin l\u00fcsiini pulber - fit360.ee\"},{\"@type\":\"BreadcrumbList\",\"@id\":\"https:\\\/\\\/fit360.ee\\\/en\\\/pood\\\/product-groups\\\/amino-acids-bcaa\\\/essential-amino-acids-eaa-en\\\/lusiin-200g\\\/#breadcrumb\",\"itemListElement\":[{\"@type\":\"ListItem\",\"position\":1,\"name\":\"Home\",\"item\":\"https:\\\/\\\/fit360.ee\\\/en\\\/\"},{\"@type\":\"ListItem\",\"position\":2,\"name\":\"Shop\",\"item\":\"https:\\\/\\\/fit360.ee\\\/en\\\/shop\\\/\"},{\"@type\":\"ListItem\",\"position\":3,\"name\":\"100% L\u00fcsiin (200g)\"}]},{\"@type\":\"WebSite\",\"@id\":\"https:\\\/\\\/fit360.ee\\\/en\\\/#website\",\"url\":\"https:\\\/\\\/fit360.ee\\\/en\\\/\",\"name\":\"Fit360\",\"description\":\"\",\"publisher\":{\"@id\":\"https:\\\/\\\/fit360.ee\\\/en\\\/#organization\"},\"potentialAction\":[{\"@type\":\"SearchAction\",\"target\":{\"@type\":\"EntryPoint\",\"urlTemplate\":\"https:\\\/\\\/fit360.ee\\\/en\\\/?s={search_term_string}\"},\"query-input\":{\"@type\":\"PropertyValueSpecification\",\"valueRequired\":true,\"valueName\":\"search_term_string\"}}],\"inLanguage\":\"en-US\"},{\"@type\":\"Organization\",\"@id\":\"https:\\\/\\\/fit360.ee\\\/en\\\/#organization\",\"name\":\"Fit360\",\"url\":\"https:\\\/\\\/fit360.ee\\\/en\\\/\",\"logo\":{\"@type\":\"ImageObject\",\"inLanguage\":\"en-US\",\"@id\":\"https:\\\/\\\/fit360.ee\\\/en\\\/#\\\/schema\\\/logo\\\/image\\\/\",\"url\":\"https:\\\/\\\/fit360.ee\\\/wp-content\\\/uploads\\\/2017\\\/01\\\/logo-fit360.png\",\"contentUrl\":\"https:\\\/\\\/fit360.ee\\\/wp-content\\\/uploads\\\/2017\\\/01\\\/logo-fit360.png\",\"width\":180,\"height\":66,\"caption\":\"Fit360\"},\"image\":{\"@id\":\"https:\\\/\\\/fit360.ee\\\/en\\\/#\\\/schema\\\/logo\\\/image\\\/\"}}]}<\/script>\n<!-- \/ Yoast SEO plugin. -->","yoast_head_json":{"title":"100% L\u00fcsiin (200g) - L\u00fcsiini pulber - Kiire Tarne - Fit360","description":"L\u00fcsiin aitab kaitsta keha loomulikult, tugevdades immuunsust. Teaduslikud uuringud kinnitavad stressivastast toimet. Tugevdab luustikku!","robots":{"index":"index","follow":"follow","max-snippet":"max-snippet:-1","max-image-preview":"max-image-preview:large","max-video-preview":"max-video-preview:-1"},"canonical":"https:\/\/fit360.ee\/en\/pood\/product-groups\/amino-acids-bcaa\/essential-amino-acids-eaa-en\/lusiin-200g\/","og_locale":"en_US","og_type":"article","og_title":"100% L\u00fcsiin (200g) - L\u00fcsiini pulber - Kiire Tarne - Fit360","og_description":"L\u00fcsiin aitab kaitsta keha loomulikult, tugevdades immuunsust. Teaduslikud uuringud kinnitavad stressivastast toimet. Tugevdab luustikku!","og_url":"https:\/\/fit360.ee\/en\/pood\/product-groups\/amino-acids-bcaa\/essential-amino-acids-eaa-en\/lusiin-200g\/","og_site_name":"Fit360","article_modified_time":"2026-04-09T12:27:35+00:00","og_image":[{"width":450,"height":450,"url":"https:\/\/fit360.ee\/wp-content\/uploads\/2022\/06\/lusiin-lusiini-pulber-fit360.ee-1.png","type":"image\/png"}],"twitter_card":"summary_large_image","twitter_misc":{"Est. reading time":"2 minutes"},"schema":{"@context":"https:\/\/schema.org","@graph":[{"@type":"WebPage","@id":"https:\/\/fit360.ee\/en\/pood\/product-groups\/amino-acids-bcaa\/essential-amino-acids-eaa-en\/lusiin-200g\/","url":"https:\/\/fit360.ee\/en\/pood\/product-groups\/amino-acids-bcaa\/essential-amino-acids-eaa-en\/lusiin-200g\/","name":"100% L\u00fcsiin (200g) - L\u00fcsiini pulber - Kiire Tarne - Fit360","isPartOf":{"@id":"https:\/\/fit360.ee\/en\/#website"},"primaryImageOfPage":{"@id":"https:\/\/fit360.ee\/en\/pood\/product-groups\/amino-acids-bcaa\/essential-amino-acids-eaa-en\/lusiin-200g\/#primaryimage"},"image":{"@id":"https:\/\/fit360.ee\/en\/pood\/product-groups\/amino-acids-bcaa\/essential-amino-acids-eaa-en\/lusiin-200g\/#primaryimage"},"thumbnailUrl":"https:\/\/fit360.ee\/wp-content\/uploads\/2022\/06\/lusiin-lusiini-pulber-fit360.ee-1.png","datePublished":"2022-06-10T11:35:23+00:00","dateModified":"2026-04-09T12:27:35+00:00","description":"L\u00fcsiin aitab kaitsta keha loomulikult, tugevdades immuunsust. Teaduslikud uuringud kinnitavad stressivastast toimet. Tugevdab luustikku!","breadcrumb":{"@id":"https:\/\/fit360.ee\/en\/pood\/product-groups\/amino-acids-bcaa\/essential-amino-acids-eaa-en\/lusiin-200g\/#breadcrumb"},"inLanguage":"en-US","potentialAction":[{"@type":"ReadAction","target":["https:\/\/fit360.ee\/en\/pood\/product-groups\/amino-acids-bcaa\/essential-amino-acids-eaa-en\/lusiin-200g\/"]}]},{"@type":"ImageObject","inLanguage":"en-US","@id":"https:\/\/fit360.ee\/en\/pood\/product-groups\/amino-acids-bcaa\/essential-amino-acids-eaa-en\/lusiin-200g\/#primaryimage","url":"https:\/\/fit360.ee\/wp-content\/uploads\/2022\/06\/lusiin-lusiini-pulber-fit360.ee-1.png","contentUrl":"https:\/\/fit360.ee\/wp-content\/uploads\/2022\/06\/lusiin-lusiini-pulber-fit360.ee-1.png","width":450,"height":450,"caption":"l\u00fcsiin l\u00fcsiini pulber - fit360.ee"},{"@type":"BreadcrumbList","@id":"https:\/\/fit360.ee\/en\/pood\/product-groups\/amino-acids-bcaa\/essential-amino-acids-eaa-en\/lusiin-200g\/#breadcrumb","itemListElement":[{"@type":"ListItem","position":1,"name":"Home","item":"https:\/\/fit360.ee\/en\/"},{"@type":"ListItem","position":2,"name":"Shop","item":"https:\/\/fit360.ee\/en\/shop\/"},{"@type":"ListItem","position":3,"name":"100% L\u00fcsiin (200g)"}]},{"@type":"WebSite","@id":"https:\/\/fit360.ee\/en\/#website","url":"https:\/\/fit360.ee\/en\/","name":"Fit360","description":"","publisher":{"@id":"https:\/\/fit360.ee\/en\/#organization"},"potentialAction":[{"@type":"SearchAction","target":{"@type":"EntryPoint","urlTemplate":"https:\/\/fit360.ee\/en\/?s={search_term_string}"},"query-input":{"@type":"PropertyValueSpecification","valueRequired":true,"valueName":"search_term_string"}}],"inLanguage":"en-US"},{"@type":"Organization","@id":"https:\/\/fit360.ee\/en\/#organization","name":"Fit360","url":"https:\/\/fit360.ee\/en\/","logo":{"@type":"ImageObject","inLanguage":"en-US","@id":"https:\/\/fit360.ee\/en\/#\/schema\/logo\/image\/","url":"https:\/\/fit360.ee\/wp-content\/uploads\/2017\/01\/logo-fit360.png","contentUrl":"https:\/\/fit360.ee\/wp-content\/uploads\/2017\/01\/logo-fit360.png","width":180,"height":66,"caption":"Fit360"},"image":{"@id":"https:\/\/fit360.ee\/en\/#\/schema\/logo\/image\/"}}]}},"_links":{"self":[{"href":"https:\/\/fit360.ee\/en\/wp-json\/wp\/v2\/product\/62938","targetHints":{"allow":["GET"]}}],"collection":[{"href":"https:\/\/fit360.ee\/en\/wp-json\/wp\/v2\/product"}],"about":[{"href":"https:\/\/fit360.ee\/en\/wp-json\/wp\/v2\/types\/product"}],"replies":[{"embeddable":true,"href":"https:\/\/fit360.ee\/en\/wp-json\/wp\/v2\/comments?post=62938"}],"wp:featuredmedia":[{"embeddable":true,"href":"https:\/\/fit360.ee\/en\/wp-json\/wp\/v2\/media\/91118"}],"wp:attachment":[{"href":"https:\/\/fit360.ee\/en\/wp-json\/wp\/v2\/media?parent=62938"}],"wp:term":[{"taxonomy":"product_brand","embeddable":true,"href":"https:\/\/fit360.ee\/en\/wp-json\/wp\/v2\/product_brand?post=62938"},{"taxonomy":"product_cat","embeddable":true,"href":"https:\/\/fit360.ee\/en\/wp-json\/wp\/v2\/product_cat?post=62938"},{"taxonomy":"product_tag","embeddable":true,"href":"https:\/\/fit360.ee\/en\/wp-json\/wp\/v2\/product_tag?post=62938"},{"taxonomy":"giftcard-category","embeddable":true,"href":"https:\/\/fit360.ee\/en\/wp-json\/wp\/v2\/giftcard-category?post=62938"}],"curies":[{"name":"wp","href":"https:\/\/api.w.org\/{rel}","templated":true}]}}