{"id":62952,"date":"2022-06-10T14:14:52","date_gmt":"2022-06-10T12:14:52","guid":{"rendered":"https:\/\/fit360.ee\/pood\/uncategorized\/ostrovit-isotonic-500g\/"},"modified":"2026-02-10T12:40:27","modified_gmt":"2026-02-10T10:40:27","slug":"ostrovit-isotonic-500g","status":"publish","type":"product","link":"https:\/\/fit360.ee\/en\/pood\/product-groups\/fat-burners-en\/l-carnitine-en\/ostrovit-isotonic-500g\/","title":{"rendered":"Ostrovit Isotonic (500g)"},"content":{"rendered":"<h1><strong>Ostrovit Isotonic<\/strong><\/h1>\n<p>OstroVit Isotonic on pulbriline toidulisand isotooniliste joogilahuste valmistamiseks. Isotooniliste jookide r\u00fchm on suunatud vee- ja elektrol\u00fc\u00fctide \u00f6konoomsuse reguleerimisele, s.o. intensiivsest treeningust, st suurest f\u00fc\u00fcsilisest aktiivsusest, n\u00e4iteks pikamaajooksus osalemisest ja vastupidavus spordialade \u00fcldiselt arusaadavatest liigsetest veekogustest tingitud veekadu. Aluseks on k\u00f5rge vitamiinide ja mineraalainete kontsentratsioon ning hargnenud ahelaga aminohapete BCAA, L-glutamiini ja L-karnitiini lisamine v\u00f5imaldab teil t\u00f5sta sooritusv\u00f5imet, millest hoolite.<\/p>\n<ul>\n<li>50 portsjonit toodet pakendis<\/li>\n<li><a href=\"https:\/\/fit360.ee\/en\/product-category\/product-groups\/vitamins-and-minerals-en\/\"><strong>Vitamiinide ja mineraalainete<\/strong><\/a> k\u00f5rge kontsentratsioon<\/li>\n<li>Lisatud <a href=\"https:\/\/fit360.ee\/en\/product-category\/product-groups\/amino-acids-bcaa\/bcaa-en\/\"><strong>BCAA-ga<\/strong><\/a> (hargnenud ahelaga aminohapped)<\/li>\n<li>Sisaldab <a href=\"https:\/\/fit360.ee\/en\/product-category\/product-groups\/fat-burners-en\/l-carnitine-en\/\"><strong>L-karnitiini<\/strong><\/a> ja <a href=\"https:\/\/fit360.ee\/en\/product-category\/product-groups\/amino-acids-bcaa\/l-glutamine-en\/\"><strong>L-glutamiini<\/strong><\/a><\/li>\n<li>Suurep\u00e4rased maitsed<\/li>\n<\/ul>\n<p><a href=\"https:\/\/fit360.ee\/wp-content\/uploads\/2022\/06\/isotooniline-spordijook-fit360.ee-1-800x312.jpg\"><img loading=\"lazy\" decoding=\"async\" class=\"size-medium wp-image-62946\" src=\"https:\/\/fit360.ee\/wp-content\/uploads\/2022\/06\/isotooniline-spordijook-fit360.ee-1-800x312.jpg\" alt=\"isotooniline spordijook - fit360.ee\" width=\"800\" height=\"312\" srcset=\"https:\/\/fit360.ee\/wp-content\/uploads\/2022\/06\/isotooniline-spordijook-fit360.ee-1-800x312.jpg 800w, https:\/\/fit360.ee\/wp-content\/uploads\/2022\/06\/isotooniline-spordijook-fit360.ee-1-510x199.jpg 510w, https:\/\/fit360.ee\/wp-content\/uploads\/2022\/06\/isotooniline-spordijook-fit360.ee-1-768x300.jpg 768w, https:\/\/fit360.ee\/wp-content\/uploads\/2022\/06\/isotooniline-spordijook-fit360.ee-1.jpg 922w\" sizes=\"auto, (max-width: 800px) 100vw, 800px\" \/><\/a><\/p>\n<h3><strong>Isotooniline Spordijook<\/strong><\/h3>\n<p>OstroVit Isotonic sisaldab rikkalikult veeslahustuvaid vitamiine ja erilise koostisega elektrol\u00fc\u00fcte, mis on vajalikud v\u00e4ga intensiivse treeningu ajal. Isotonic soodustab meie keha \u00f5iget vedelikuga varustamist, hoiab \u00e4ra krambid suure pingutuse ajal ja sisaldab v\u00e4he kaloreid, nii et me ei pea muretsema kalorite \u00fclej\u00e4\u00e4gi p\u00e4rast, mis v\u00f5ib meie figuuri kiiresti rikkuda. Toode on vees v\u00e4ga h\u00e4sti lahustuv ja seda on v\u00e4ga lihtne valmistada. Lisand on p\u00fchendatud raskelt treenivatele sportlastele, pikamaajooksjatele, maratonijooksjatele ja suurenenud igap\u00e4evase f\u00fc\u00fcsilise aktiivsusega inimestele.<\/p>\n<h4><strong>Omadused<\/strong>:<\/h4>\n<ul>\n<li>Parim viis korralikult keha vedelikuga varustada<\/li>\n<li>Rohkelt vees lahustuvaid vitamiine ja elektrol\u00fc\u00fcte<\/li>\n<li>Lisatud BCAA, L-glutamiini ja L-karnitiiniga<\/li>\n<li>Kiire imendumine ja k\u00f5rge biosaadavus<\/li>\n<li>Suurendab efektiivsust ja energiat<\/li>\n<li>Lihtne valmistada<\/li>\n<li>Purgis 50 portsjonit<\/li>\n<\/ul>\n<p><strong>Koostisosad<\/strong>: Gl\u00fckoos, naatriumkloriid (naatrium), hape: sidrunhape; maitseained, L-karnitiintartraat,<br \/>\nkaltsiumkarbonaat (kaltsium), hargnenud ahelaga aminohapped BCAA (L-leutsiin, L-isoleutsiin, L-valiin), v\u00e4rvaine: karoteenid; L-askorbiinhape (C-vitamiin), L-glutamiin, magneesiumtsitraat (magneesium), kaaliumtsitraat (kaalium), peedipulbri kontsentraat, magusained: sukraloos, atsesulfaam K; p\u00fcridoksiinvesinikkloriid (vitamiin B6).<\/p>\n<p><strong>Kasutamine<\/strong>: Lahustage \u00fcks portsjon toodet 10 g (2 lusikat\u00e4it) 300 ml vees \u0161eikeris. Treeningu ajal tarbi 1 portsjon.<\/p>\n<p><strong>Suurus<\/strong>: 500g &#8211; 50 serveeringut<\/p>\n<table>\n<tbody>\n<tr>\n<th>Toitev\u00e4\u00e4rtuste anal\u00fc\u00fcs<\/th>\n<th>100 g<\/th>\n<th>1 serveering (10g)<\/th>\n<th>% SPK*<\/th>\n<\/tr>\n<tr>\n<td>Energia<\/td>\n<td>1046 kJ \/ 246 kcal<\/td>\n<td>105 kJ \/ 25 kcal<\/td>\n<td>2<\/td>\n<\/tr>\n<tr>\n<td>Rasvad<\/td>\n<td>0 g<\/td>\n<td>0 g<\/td>\n<td>&#8211;<\/td>\n<\/tr>\n<tr class=\"sub\">\n<td>&#8211; <em>millest<\/em> k\u00fcllastunud rasvhapped<\/td>\n<td>0 g<\/td>\n<td>0 g<\/td>\n<td>&#8211;<\/td>\n<\/tr>\n<tr>\n<td>S\u00fcsivesikud<\/td>\n<td>62 g<\/td>\n<td>6.2 g<\/td>\n<td>7<\/td>\n<\/tr>\n<tr class=\"sub\">\n<td>&#8211; <em>millest<\/em> suhkur<\/td>\n<td>62 g<\/td>\n<td>6.2 g<\/td>\n<td>7<\/td>\n<\/tr>\n<tr>\n<td>Valgud<\/td>\n<td>0 g<\/td>\n<td>0 g<\/td>\n<td>&#8211;<\/td>\n<\/tr>\n<tr>\n<td>Sool<\/td>\n<td>7.81 g<\/td>\n<td>0.78 g<\/td>\n<td>13<\/td>\n<\/tr>\n<tr>\n<td colspan=\"4\"><strong>Aktiivsed Toimeained<\/strong><\/td>\n<\/tr>\n<tr>\n<td>Naatrium<\/td>\n<td>3120 mg<\/td>\n<td>312 mg<\/td>\n<td>&#8211;<\/td>\n<\/tr>\n<tr>\n<td>Kaltsium<\/td>\n<td>576 mg<\/td>\n<td>57.6 mg<\/td>\n<td>7<\/td>\n<\/tr>\n<tr>\n<td>Magneesium<\/td>\n<td>116 mg<\/td>\n<td>11.63 mg<\/td>\n<td>3<\/td>\n<\/tr>\n<tr>\n<td>Kaalium<\/td>\n<td>140 mg<\/td>\n<td>14 mg<\/td>\n<td>1<\/td>\n<\/tr>\n<tr>\n<td>Vitamiin C<\/td>\n<td>800 mg<\/td>\n<td>80 mg<\/td>\n<td>100<\/td>\n<\/tr>\n<tr>\n<td>Vitamiin B6<\/td>\n<td>10 mg<\/td>\n<td>1 mg<\/td>\n<td>59<\/td>\n<\/tr>\n<tr>\n<td>Hargnenud ahelaga aminohapped (BCAA)<\/td>\n<td>1000 mg<\/td>\n<td>100 mg<\/td>\n<td>&#8211;<\/td>\n<\/tr>\n<tr class=\"sub\">\n<td>&#8211; L-Leutsiin<\/td>\n<td>500 mg<\/td>\n<td>50 mg<\/td>\n<td>&#8211;<\/td>\n<\/tr>\n<tr class=\"sub\">\n<td>&#8211; L-Isoleutsiin<\/td>\n<td>250 mg<\/td>\n<td>25 mg<\/td>\n<td>&#8211;<\/td>\n<\/tr>\n<tr class=\"sub\">\n<td>&#8211; L-Valiin<\/td>\n<td>250 mg<\/td>\n<td>25 mg<\/td>\n<td>&#8211;<\/td>\n<\/tr>\n<tr>\n<td>L-Karnitiin tartraat<\/td>\n<td>2000 mg<\/td>\n<td>200 mg<\/td>\n<td>&#8211;<\/td>\n<\/tr>\n<tr>\n<td>L-Glutamiin<\/td>\n<td>800 mg<\/td>\n<td>80 mg<\/td>\n<td>&#8211;<\/td>\n<\/tr>\n<\/tbody>\n<\/table>\n<p>*SPK &#8211; Soovitatud p\u00e4evane kogus<\/p>\n<p>Vaata ka meie Teisi Isotoonilisi Spordijooke <a href=\"https:\/\/fit360.ee\/en\/product-category\/product-groups\/energy-carbohydrates\/isotonic-en\/\"><strong>SIIT<\/strong><\/a>!<\/p>\n<p>Soovid teha suuremat tellimust? Vaata antud toodet meie HULGI lehelt\u00a0<a href=\"https:\/\/toidulisandidhulgi.ee\/product\/ostrovit-isotonic-500g\/\"><strong>SIIT<\/strong><\/a>!<\/p>\n","protected":false},"excerpt":{"rendered":"<ul>\n<li>Parim viis korralikult keha vedelikuga varustada<\/li>\n<li>Rohkelt vees lahustuvaid vitamiine ja elektrol\u00fc\u00fcte<\/li>\n<li>Lisatud BCAA, L-glutamiini ja L-karnitiiniga<\/li>\n<li>Kiire imendumine ja k\u00f5rge biosaadavus<\/li>\n<li>Suurendab efektiivsust ja energiat<\/li>\n<li>Lihtne valmistada<\/li>\n<li>Purgis 50 portsjonit<\/li>\n<\/ul>\n","protected":false},"featured_media":84466,"comment_status":"closed","ping_status":"closed","template":"","meta":[],"product_brand":[],"product_cat":[2299,522,2460,2404,1329,536],"product_tag":[3789,1924,3790],"giftcard-category":[],"class_list":{"0":"post-62952","1":"product","2":"type-product","3":"status-publish","4":"has-post-thumbnail","6":"product_cat-bcaa-en","7":"product_cat-energy-carbohydrates","8":"product_cat-isotonic-en","9":"product_cat-l-carnitine-en","10":"product_cat-ostrovit-en","11":"product_cat-vitamins-and-minerals-en","12":"product_tag-isotonic-en","13":"product_tag-ostrovit-en","14":"product_tag-ostrovit-isotonic-en","15":"pa_maitse-minty-lemon","16":"pa_maitse-orange","17":"pa_maitse-pear","19":"first","20":"instock","21":"sale","22":"taxable","23":"shipping-taxable","24":"purchasable","25":"product-type-variable"},"yoast_head":"<!-- This site is optimized with the Yoast SEO plugin v27.3 - https:\/\/yoast.com\/product\/yoast-seo-wordpress\/ -->\n<title>Ostrovit Isotonic (500g) - Isotooniline Spordijook - Kiire Tarne - Fit360<\/title>\n<meta name=\"description\" content=\"OstroVit Isotonic sisaldab rikkalikult veeslahustuvaid vitamiine ja erilise koostisega elektrol\u00fc\u00fcte, mis on vajalikud v\u00e4ga intensiivse tr..\" \/>\n<meta name=\"robots\" content=\"index, follow, max-snippet:-1, max-image-preview:large, max-video-preview:-1\" \/>\n<link rel=\"canonical\" href=\"https:\/\/fit360.ee\/en\/pood\/product-groups\/fat-burners-en\/l-carnitine-en\/ostrovit-isotonic-500g\/\" \/>\n<meta property=\"og:locale\" content=\"en_US\" \/>\n<meta property=\"og:type\" content=\"article\" \/>\n<meta property=\"og:title\" content=\"Ostrovit Isotonic (500g) - Isotooniline Spordijook - Kiire Tarne - Fit360\" \/>\n<meta property=\"og:description\" content=\"OstroVit Isotonic sisaldab rikkalikult veeslahustuvaid vitamiine ja erilise koostisega elektrol\u00fc\u00fcte, mis on vajalikud v\u00e4ga intensiivse tr..\" \/>\n<meta property=\"og:url\" content=\"https:\/\/fit360.ee\/en\/pood\/product-groups\/fat-burners-en\/l-carnitine-en\/ostrovit-isotonic-500g\/\" \/>\n<meta property=\"og:site_name\" content=\"Fit360\" \/>\n<meta property=\"article:modified_time\" content=\"2026-02-10T10:40:27+00:00\" \/>\n<meta property=\"og:image\" content=\"https:\/\/fit360.ee\/wp-content\/uploads\/2022\/06\/ostrovit-isotonic-isotooniline-joogipulber-fit360.ee_.png\" \/>\n\t<meta property=\"og:image:width\" content=\"450\" \/>\n\t<meta property=\"og:image:height\" content=\"450\" \/>\n\t<meta property=\"og:image:type\" content=\"image\/png\" \/>\n<meta name=\"twitter:card\" content=\"summary_large_image\" \/>\n<meta name=\"twitter:label1\" content=\"Est. reading time\" \/>\n\t<meta name=\"twitter:data1\" content=\"3 minutes\" \/>\n<script type=\"application\/ld+json\" class=\"yoast-schema-graph\">{\"@context\":\"https:\\\/\\\/schema.org\",\"@graph\":[{\"@type\":\"WebPage\",\"@id\":\"https:\\\/\\\/fit360.ee\\\/en\\\/pood\\\/product-groups\\\/fat-burners-en\\\/l-carnitine-en\\\/ostrovit-isotonic-500g\\\/\",\"url\":\"https:\\\/\\\/fit360.ee\\\/en\\\/pood\\\/product-groups\\\/fat-burners-en\\\/l-carnitine-en\\\/ostrovit-isotonic-500g\\\/\",\"name\":\"Ostrovit Isotonic (500g) - Isotooniline Spordijook - Kiire Tarne - Fit360\",\"isPartOf\":{\"@id\":\"https:\\\/\\\/fit360.ee\\\/en\\\/#website\"},\"primaryImageOfPage\":{\"@id\":\"https:\\\/\\\/fit360.ee\\\/en\\\/pood\\\/product-groups\\\/fat-burners-en\\\/l-carnitine-en\\\/ostrovit-isotonic-500g\\\/#primaryimage\"},\"image\":{\"@id\":\"https:\\\/\\\/fit360.ee\\\/en\\\/pood\\\/product-groups\\\/fat-burners-en\\\/l-carnitine-en\\\/ostrovit-isotonic-500g\\\/#primaryimage\"},\"thumbnailUrl\":\"https:\\\/\\\/fit360.ee\\\/wp-content\\\/uploads\\\/2022\\\/06\\\/ostrovit-isotonic-isotooniline-joogipulber-fit360.ee_.png\",\"datePublished\":\"2022-06-10T12:14:52+00:00\",\"dateModified\":\"2026-02-10T10:40:27+00:00\",\"description\":\"OstroVit Isotonic sisaldab rikkalikult veeslahustuvaid vitamiine ja erilise koostisega elektrol\u00fc\u00fcte, mis on vajalikud v\u00e4ga intensiivse tr..\",\"breadcrumb\":{\"@id\":\"https:\\\/\\\/fit360.ee\\\/en\\\/pood\\\/product-groups\\\/fat-burners-en\\\/l-carnitine-en\\\/ostrovit-isotonic-500g\\\/#breadcrumb\"},\"inLanguage\":\"en-US\",\"potentialAction\":[{\"@type\":\"ReadAction\",\"target\":[\"https:\\\/\\\/fit360.ee\\\/en\\\/pood\\\/product-groups\\\/fat-burners-en\\\/l-carnitine-en\\\/ostrovit-isotonic-500g\\\/\"]}]},{\"@type\":\"ImageObject\",\"inLanguage\":\"en-US\",\"@id\":\"https:\\\/\\\/fit360.ee\\\/en\\\/pood\\\/product-groups\\\/fat-burners-en\\\/l-carnitine-en\\\/ostrovit-isotonic-500g\\\/#primaryimage\",\"url\":\"https:\\\/\\\/fit360.ee\\\/wp-content\\\/uploads\\\/2022\\\/06\\\/ostrovit-isotonic-isotooniline-joogipulber-fit360.ee_.png\",\"contentUrl\":\"https:\\\/\\\/fit360.ee\\\/wp-content\\\/uploads\\\/2022\\\/06\\\/ostrovit-isotonic-isotooniline-joogipulber-fit360.ee_.png\",\"width\":450,\"height\":450,\"caption\":\"ostrovit isotonic isotooniline joogipulber - fit360.ee\"},{\"@type\":\"BreadcrumbList\",\"@id\":\"https:\\\/\\\/fit360.ee\\\/en\\\/pood\\\/product-groups\\\/fat-burners-en\\\/l-carnitine-en\\\/ostrovit-isotonic-500g\\\/#breadcrumb\",\"itemListElement\":[{\"@type\":\"ListItem\",\"position\":1,\"name\":\"Home\",\"item\":\"https:\\\/\\\/fit360.ee\\\/en\\\/\"},{\"@type\":\"ListItem\",\"position\":2,\"name\":\"Shop\",\"item\":\"https:\\\/\\\/fit360.ee\\\/en\\\/shop\\\/\"},{\"@type\":\"ListItem\",\"position\":3,\"name\":\"Ostrovit Isotonic (500g)\"}]},{\"@type\":\"WebSite\",\"@id\":\"https:\\\/\\\/fit360.ee\\\/en\\\/#website\",\"url\":\"https:\\\/\\\/fit360.ee\\\/en\\\/\",\"name\":\"Fit360\",\"description\":\"\",\"publisher\":{\"@id\":\"https:\\\/\\\/fit360.ee\\\/en\\\/#organization\"},\"potentialAction\":[{\"@type\":\"SearchAction\",\"target\":{\"@type\":\"EntryPoint\",\"urlTemplate\":\"https:\\\/\\\/fit360.ee\\\/en\\\/?s={search_term_string}\"},\"query-input\":{\"@type\":\"PropertyValueSpecification\",\"valueRequired\":true,\"valueName\":\"search_term_string\"}}],\"inLanguage\":\"en-US\"},{\"@type\":\"Organization\",\"@id\":\"https:\\\/\\\/fit360.ee\\\/en\\\/#organization\",\"name\":\"Fit360\",\"url\":\"https:\\\/\\\/fit360.ee\\\/en\\\/\",\"logo\":{\"@type\":\"ImageObject\",\"inLanguage\":\"en-US\",\"@id\":\"https:\\\/\\\/fit360.ee\\\/en\\\/#\\\/schema\\\/logo\\\/image\\\/\",\"url\":\"https:\\\/\\\/fit360.ee\\\/wp-content\\\/uploads\\\/2017\\\/01\\\/logo-fit360.png\",\"contentUrl\":\"https:\\\/\\\/fit360.ee\\\/wp-content\\\/uploads\\\/2017\\\/01\\\/logo-fit360.png\",\"width\":180,\"height\":66,\"caption\":\"Fit360\"},\"image\":{\"@id\":\"https:\\\/\\\/fit360.ee\\\/en\\\/#\\\/schema\\\/logo\\\/image\\\/\"}}]}<\/script>\n<!-- \/ Yoast SEO plugin. -->","yoast_head_json":{"title":"Ostrovit Isotonic (500g) - Isotooniline Spordijook - Kiire Tarne - Fit360","description":"OstroVit Isotonic sisaldab rikkalikult veeslahustuvaid vitamiine ja erilise koostisega elektrol\u00fc\u00fcte, mis on vajalikud v\u00e4ga intensiivse tr..","robots":{"index":"index","follow":"follow","max-snippet":"max-snippet:-1","max-image-preview":"max-image-preview:large","max-video-preview":"max-video-preview:-1"},"canonical":"https:\/\/fit360.ee\/en\/pood\/product-groups\/fat-burners-en\/l-carnitine-en\/ostrovit-isotonic-500g\/","og_locale":"en_US","og_type":"article","og_title":"Ostrovit Isotonic (500g) - Isotooniline Spordijook - Kiire Tarne - Fit360","og_description":"OstroVit Isotonic sisaldab rikkalikult veeslahustuvaid vitamiine ja erilise koostisega elektrol\u00fc\u00fcte, mis on vajalikud v\u00e4ga intensiivse tr..","og_url":"https:\/\/fit360.ee\/en\/pood\/product-groups\/fat-burners-en\/l-carnitine-en\/ostrovit-isotonic-500g\/","og_site_name":"Fit360","article_modified_time":"2026-02-10T10:40:27+00:00","og_image":[{"width":450,"height":450,"url":"https:\/\/fit360.ee\/wp-content\/uploads\/2022\/06\/ostrovit-isotonic-isotooniline-joogipulber-fit360.ee_.png","type":"image\/png"}],"twitter_card":"summary_large_image","twitter_misc":{"Est. reading time":"3 minutes"},"schema":{"@context":"https:\/\/schema.org","@graph":[{"@type":"WebPage","@id":"https:\/\/fit360.ee\/en\/pood\/product-groups\/fat-burners-en\/l-carnitine-en\/ostrovit-isotonic-500g\/","url":"https:\/\/fit360.ee\/en\/pood\/product-groups\/fat-burners-en\/l-carnitine-en\/ostrovit-isotonic-500g\/","name":"Ostrovit Isotonic (500g) - Isotooniline Spordijook - Kiire Tarne - Fit360","isPartOf":{"@id":"https:\/\/fit360.ee\/en\/#website"},"primaryImageOfPage":{"@id":"https:\/\/fit360.ee\/en\/pood\/product-groups\/fat-burners-en\/l-carnitine-en\/ostrovit-isotonic-500g\/#primaryimage"},"image":{"@id":"https:\/\/fit360.ee\/en\/pood\/product-groups\/fat-burners-en\/l-carnitine-en\/ostrovit-isotonic-500g\/#primaryimage"},"thumbnailUrl":"https:\/\/fit360.ee\/wp-content\/uploads\/2022\/06\/ostrovit-isotonic-isotooniline-joogipulber-fit360.ee_.png","datePublished":"2022-06-10T12:14:52+00:00","dateModified":"2026-02-10T10:40:27+00:00","description":"OstroVit Isotonic sisaldab rikkalikult veeslahustuvaid vitamiine ja erilise koostisega elektrol\u00fc\u00fcte, mis on vajalikud v\u00e4ga intensiivse tr..","breadcrumb":{"@id":"https:\/\/fit360.ee\/en\/pood\/product-groups\/fat-burners-en\/l-carnitine-en\/ostrovit-isotonic-500g\/#breadcrumb"},"inLanguage":"en-US","potentialAction":[{"@type":"ReadAction","target":["https:\/\/fit360.ee\/en\/pood\/product-groups\/fat-burners-en\/l-carnitine-en\/ostrovit-isotonic-500g\/"]}]},{"@type":"ImageObject","inLanguage":"en-US","@id":"https:\/\/fit360.ee\/en\/pood\/product-groups\/fat-burners-en\/l-carnitine-en\/ostrovit-isotonic-500g\/#primaryimage","url":"https:\/\/fit360.ee\/wp-content\/uploads\/2022\/06\/ostrovit-isotonic-isotooniline-joogipulber-fit360.ee_.png","contentUrl":"https:\/\/fit360.ee\/wp-content\/uploads\/2022\/06\/ostrovit-isotonic-isotooniline-joogipulber-fit360.ee_.png","width":450,"height":450,"caption":"ostrovit isotonic isotooniline joogipulber - fit360.ee"},{"@type":"BreadcrumbList","@id":"https:\/\/fit360.ee\/en\/pood\/product-groups\/fat-burners-en\/l-carnitine-en\/ostrovit-isotonic-500g\/#breadcrumb","itemListElement":[{"@type":"ListItem","position":1,"name":"Home","item":"https:\/\/fit360.ee\/en\/"},{"@type":"ListItem","position":2,"name":"Shop","item":"https:\/\/fit360.ee\/en\/shop\/"},{"@type":"ListItem","position":3,"name":"Ostrovit Isotonic (500g)"}]},{"@type":"WebSite","@id":"https:\/\/fit360.ee\/en\/#website","url":"https:\/\/fit360.ee\/en\/","name":"Fit360","description":"","publisher":{"@id":"https:\/\/fit360.ee\/en\/#organization"},"potentialAction":[{"@type":"SearchAction","target":{"@type":"EntryPoint","urlTemplate":"https:\/\/fit360.ee\/en\/?s={search_term_string}"},"query-input":{"@type":"PropertyValueSpecification","valueRequired":true,"valueName":"search_term_string"}}],"inLanguage":"en-US"},{"@type":"Organization","@id":"https:\/\/fit360.ee\/en\/#organization","name":"Fit360","url":"https:\/\/fit360.ee\/en\/","logo":{"@type":"ImageObject","inLanguage":"en-US","@id":"https:\/\/fit360.ee\/en\/#\/schema\/logo\/image\/","url":"https:\/\/fit360.ee\/wp-content\/uploads\/2017\/01\/logo-fit360.png","contentUrl":"https:\/\/fit360.ee\/wp-content\/uploads\/2017\/01\/logo-fit360.png","width":180,"height":66,"caption":"Fit360"},"image":{"@id":"https:\/\/fit360.ee\/en\/#\/schema\/logo\/image\/"}}]}},"_links":{"self":[{"href":"https:\/\/fit360.ee\/en\/wp-json\/wp\/v2\/product\/62952","targetHints":{"allow":["GET"]}}],"collection":[{"href":"https:\/\/fit360.ee\/en\/wp-json\/wp\/v2\/product"}],"about":[{"href":"https:\/\/fit360.ee\/en\/wp-json\/wp\/v2\/types\/product"}],"replies":[{"embeddable":true,"href":"https:\/\/fit360.ee\/en\/wp-json\/wp\/v2\/comments?post=62952"}],"wp:featuredmedia":[{"embeddable":true,"href":"https:\/\/fit360.ee\/en\/wp-json\/wp\/v2\/media\/84466"}],"wp:attachment":[{"href":"https:\/\/fit360.ee\/en\/wp-json\/wp\/v2\/media?parent=62952"}],"wp:term":[{"taxonomy":"product_brand","embeddable":true,"href":"https:\/\/fit360.ee\/en\/wp-json\/wp\/v2\/product_brand?post=62952"},{"taxonomy":"product_cat","embeddable":true,"href":"https:\/\/fit360.ee\/en\/wp-json\/wp\/v2\/product_cat?post=62952"},{"taxonomy":"product_tag","embeddable":true,"href":"https:\/\/fit360.ee\/en\/wp-json\/wp\/v2\/product_tag?post=62952"},{"taxonomy":"giftcard-category","embeddable":true,"href":"https:\/\/fit360.ee\/en\/wp-json\/wp\/v2\/giftcard-category?post=62952"}],"curies":[{"name":"wp","href":"https:\/\/api.w.org\/{rel}","templated":true}]}}