{"id":63006,"date":"2022-06-13T16:53:11","date_gmt":"2022-06-13T14:53:11","guid":{"rendered":"https:\/\/fit360.ee\/pood\/uncategorized\/ostrovit-cla-green-tea-l-carnitine-90geelkapslit\/"},"modified":"2025-08-19T08:55:12","modified_gmt":"2025-08-19T06:55:12","slug":"ostrovit-cla-green-tea-l-carnitine-90geelkapslit","status":"publish","type":"product","link":"https:\/\/fit360.ee\/en\/pood\/product-groups\/superfoods-health-foods-en\/cla-conjugated-linoleic-acid-en\/ostrovit-cla-green-tea-l-carnitine-90geelkapslit\/","title":{"rendered":"OstroVit CLA + Green Tea + L-Carnitine (90geelkapslit)"},"content":{"rendered":"<h1><strong>OstroVit CLA + Green Tea + L-Carnitine<\/strong><\/h1>\n<p>OstroVit CLA + Green Tea + L-Carnitine on f\u00fc\u00fcsiliselt aktiivsetele inimestele m\u00f5eldud toidulisand kapslites, mis sisaldab konjugeeritud linoolhapet (CLA), rohelise tee lehtede ekstrakti ja L-karnitiini.<\/p>\n<ul>\n<li>Pakendis on 90 portsjonit<\/li>\n<li>1 portsjon = 1 kapsel<\/li>\n<li>Kergesti neelatavad kapslid<\/li>\n<\/ul>\n<p><a href=\"https:\/\/fit360.ee\/wp-content\/uploads\/2022\/06\/ostrovit-l-karnittin-roheline-tee-CLA-fit360.ee-1-800x312.jpg\"><img loading=\"lazy\" decoding=\"async\" class=\"size-medium wp-image-63002\" src=\"https:\/\/fit360.ee\/wp-content\/uploads\/2022\/06\/ostrovit-l-karnittin-roheline-tee-CLA-fit360.ee-1-800x312.jpg\" alt=\"ostrovit l-karnittin roheline tee CLA - fit360.ee\" width=\"800\" height=\"312\" srcset=\"https:\/\/fit360.ee\/wp-content\/uploads\/2022\/06\/ostrovit-l-karnittin-roheline-tee-CLA-fit360.ee-1-800x312.jpg 800w, https:\/\/fit360.ee\/wp-content\/uploads\/2022\/06\/ostrovit-l-karnittin-roheline-tee-CLA-fit360.ee-1-510x199.jpg 510w, https:\/\/fit360.ee\/wp-content\/uploads\/2022\/06\/ostrovit-l-karnittin-roheline-tee-CLA-fit360.ee-1-768x300.jpg 768w, https:\/\/fit360.ee\/wp-content\/uploads\/2022\/06\/ostrovit-l-karnittin-roheline-tee-CLA-fit360.ee-1.jpg 922w\" sizes=\"auto, (max-width: 800px) 100vw, 800px\" \/><\/a><\/p>\n<h2><strong>OstroVit CLA + roheline tee + L-karnitiin<\/strong><\/h2>\n<p><a href=\"https:\/\/fit360.ee\/en\/product-category\/product-groups\/superfoods-health-foods-en\/cla-conjugated-linoleic-acid-en\/\"><strong>CLA \u2013 konjugeeritud linoolhape<\/strong> <\/a>omab lihasmassi kasvu toetavat toimet ja aitab p\u00f5letada mittevajalikku rasvkudet. CLA on v\u00e4ga tugev antioks\u00fcdant \u2013 see n\u00e4itab umbes 100 korda rohkem antioks\u00fcdantset aktiivsust kui E-vitamiin, t\u00e4nu millele aitab pidurdada vabade radikaalide teket ja aeglustab organismi vananemist. Lisaks parandab CLA hape luu mineraliseerumist ja on v\u00f5imeline normaliseerima vere gl\u00fckoosisisaldust.<\/p>\n<p><a href=\"https:\/\/fit360.ee\/en\/product-category\/product-groups\/superfoods-health-foods-en\/green-tea-extract-en\/\"><strong>ROHELINE TEE<\/strong><\/a> &#8211; preparaadis sisalduv rohelise tee ekstrakt sisaldab v\u00e4ga suures koguses pol\u00fcfenoole, millel on tugev antioks\u00fcdantne toime. Sellel on v\u00f5ime eemaldada vabu radikaale, mis kiirendavad keha vananemisprotsessi. T\u00e4nu sellele aitab rohelise tee ekstrakt v\u00e4hendada ja edasi l\u00fckata keha vananemisprotsessi. Lisaks toetab rohelise tee ekstrakt immuuns\u00fcsteemi. Lisaks toetab rohelise tee ekstrakt t\u00f5husalt keharasva p\u00f5letamise protsessi, aitab stimuleerida rasvarakkude lagunemise protsessi ja takistab nende uuesti suurenemist.<\/p>\n<p><a href=\"https:\/\/fit360.ee\/en\/product-category\/product-groups\/fat-burners-en\/l-carnitine-en\/\"><strong>L-KARNITIIN<\/strong><\/a> on keemiline orgaaniline \u00fchend meie kehas looduslikult esinevate aminohapete r\u00fchmast. Karnitiin on aine, mis aitab kaasa keharasva p\u00f5letamisele. L-karnitiini poolt transporditavad rasvhapped oks\u00fcdeeritakse mitokondrites \u2013 raku energiakeskustes. L-karnitiini pealekandmisel on tunda energia t\u00f5usu. Meie toote kasutamine aitab v\u00e4ltida rasva ladestumist.<\/p>\n<h4><strong>Omadused:<\/strong><\/h4>\n<ul>\n<li>Toetab Sind f\u00fc\u00fcsiliselt ja vaimselt<\/li>\n<li>See aitab v\u00e4hendada treeningj\u00e4rgse taastumise aega<\/li>\n<li>Aitab hoida kehakaalu kontrolli all<\/li>\n<li>Toetab gl\u00fckoosi ainevahetust<\/li>\n<li>M\u00f5jub positiivselt organismi immuunsusele<\/li>\n<li>Laboratoorselt kinnitatud kvaliteet<\/li>\n<li>Klientide tervise huvides testitakse meie toodetud tooteid regulaarselt s\u00f5ltumatus akrediteeritud laboris, et tagada ja s\u00e4ilitada k\u00f5rgeim kvaliteet.<\/li>\n<\/ul>\n<p><strong>Koostisosad<\/strong>: Keskmise ahelaga trigl\u00fctseriidid (MCT), konjugeeritud linoolhape CLA, \u017eelatiin, rohelise tee lehe ekstrakt (Camellia sinensis L.), mis sisaldab 50% pol\u00fcfenoole ja 9% kofeiini, niiskuses\u00e4ilitaja: gl\u00fctserool; L-karnitiin, emulgaator: letsitiinid (sojast), mesilasvaha; v\u00e4rvus: punane raudoksiid; puhastatud vesi.<\/p>\n<p><strong>Kasutamine<\/strong>: Tarbi 1 portsjon (1 kapsel), eelistatavalt enne f\u00fc\u00fcsilist treeningut.<\/p>\n<p><strong>Suurus<\/strong>: 90 geelkapslit &#8211; 90 serveeringut<\/p>\n<table>\n<tbody>\n<tr>\n<th>Aktiivsed toimeained<\/th>\n<th>1 serveering &#8211; 1 kapsel<\/th>\n<\/tr>\n<tr>\n<td>Konjugeeritud linoolhappe et\u00fc\u00fcleeter &#8211;\u00a0 CLA<\/td>\n<td>\u00a0300 mg<\/td>\n<\/tr>\n<tr class=\"sub\">\n<td>&#8211; <em>millest<\/em> CLA\u00a0 (80%)<\/td>\n<td>\u00a0240 mg<\/td>\n<\/tr>\n<tr>\n<td>Rohelise Tee Lehe ekstrakt<\/td>\n<td>\u00a0200 mg<\/td>\n<\/tr>\n<tr class=\"sub\">\n<td>&#8211; sealhulgas pol\u00fcfenoolid (50%)<\/td>\n<td>\u00a0100 mg<\/td>\n<\/tr>\n<tr class=\"sub\">\n<td>&#8211; sealhulgas kofeiin (9%)<\/td>\n<td>\u00a018 mg<\/td>\n<\/tr>\n<tr>\n<td>L-Karnitiin<\/td>\n<td>\u00a0138 mg<\/td>\n<\/tr>\n<\/tbody>\n<\/table>\n<p>Vaata ka meie Teisi Rasvap\u00f5letajaid <a href=\"https:\/\/fit360.ee\/en\/product-category\/product-groups\/fat-burners-en\/\"><strong>SIIT <\/strong><\/a>v\u00f5i L-Karnitiine <a href=\"https:\/\/fit360.ee\/en\/product-category\/product-groups\/fat-burners-en\/l-carnitine-en\/\"><strong>SIIT<\/strong><\/a>!<\/p>\n<p>Soovid kaupa osta suuremas koguses? Vaata antud toodet ka meie HULGI poest\u00a0<a href=\"https:\/\/toidulisandidhulgi.ee\/product\/ostrovit-cla-green-tea-l-carnitine-90geelkapslit\/\"><strong>SIIT<\/strong><\/a>!<\/p>\n","protected":false},"excerpt":{"rendered":"<ul>\n<li>Toetab Sind f\u00fc\u00fcsiliselt ja vaimselt<\/li>\n<li>See aitab v\u00e4hendada treeningj\u00e4rgse taastumise aega<\/li>\n<li>Aitab hoida kehakaalu kontrolli all<\/li>\n<li>Toetab gl\u00fckoosi ainevahetust<\/li>\n<li>M\u00f5jub positiivselt organismi immuunsusele<\/li>\n<li>Laboratoorselt kinnitatud kvaliteet<\/li>\n<li>Klientide tervise huvides testitakse meie toodetud tooteid regulaarselt s\u00f5ltumatus akrediteeritud laboris, et tagada ja s\u00e4ilitada k\u00f5rgeim kvaliteet.<\/li>\n<\/ul>\n","protected":false},"featured_media":84468,"comment_status":"closed","ping_status":"closed","template":"","meta":[],"product_brand":[],"product_cat":[2367,530,2371,2404,1329],"product_tag":[2102,3793,2804,1924,3794],"giftcard-category":[],"class_list":{"0":"post-63006","1":"product","2":"type-product","3":"status-publish","4":"has-post-thumbnail","6":"product_cat-cla-conjugated-linoleic-acid-en","7":"product_cat-fat-burners-en","8":"product_cat-green-tea-extract-en","9":"product_cat-l-carnitine-en","10":"product_cat-ostrovit-en","11":"product_tag-cla-en","12":"product_tag-cla-green-tea-l-carnitine-en","13":"product_tag-l-karnitiin-en","14":"product_tag-ostrovit-en","15":"product_tag-roheline-tee-en","16":"pa_kogus-90-capsules","17":"pa_toidulisand-branddd-ostrovit","18":"pa_tootegruppp-cla-konjugeeritud-linoolhape-en","19":"pa_tootegruppp-l-karnitiin-en","20":"pa_tootegruppp-rohelise-tee-ekstrakt-en","21":"pa_tootegruppp-weight-loss","23":"first","24":"outofstock","25":"sale","26":"taxable","27":"shipping-taxable","28":"purchasable","29":"product-type-simple"},"yoast_head":"<!-- This site is optimized with the Yoast SEO plugin v27.3 - https:\/\/yoast.com\/product\/yoast-seo-wordpress\/ -->\n<title>OstroVit CLA + Green Tea + L-Carnitine (90gelcaps) - Fit360 - Kiire tarne<\/title>\n<meta name=\"description\" content=\"OstroVit CLA + Green Tea + L-Carnitine omab lihasmassi kasvu toetavat toimet ja aitab p\u00f5letada mittevajalikku rasvkudet. Kiire Tarne!\" \/>\n<meta name=\"robots\" content=\"index, follow, max-snippet:-1, max-image-preview:large, max-video-preview:-1\" \/>\n<link rel=\"canonical\" href=\"https:\/\/fit360.ee\/en\/pood\/product-groups\/superfoods-health-foods-en\/cla-conjugated-linoleic-acid-en\/ostrovit-cla-green-tea-l-carnitine-90geelkapslit\/\" \/>\n<meta property=\"og:locale\" content=\"en_US\" \/>\n<meta property=\"og:type\" content=\"article\" \/>\n<meta property=\"og:title\" content=\"OstroVit CLA + Green Tea + L-Carnitine (90gelcaps) - Fit360 - Kiire tarne\" \/>\n<meta property=\"og:description\" content=\"OstroVit CLA + Green Tea + L-Carnitine omab lihasmassi kasvu toetavat toimet ja aitab p\u00f5letada mittevajalikku rasvkudet. Kiire Tarne!\" \/>\n<meta property=\"og:url\" content=\"https:\/\/fit360.ee\/en\/pood\/product-groups\/superfoods-health-foods-en\/cla-conjugated-linoleic-acid-en\/ostrovit-cla-green-tea-l-carnitine-90geelkapslit\/\" \/>\n<meta property=\"og:site_name\" content=\"Fit360\" \/>\n<meta property=\"article:modified_time\" content=\"2025-08-19T06:55:12+00:00\" \/>\n<meta property=\"og:image\" content=\"https:\/\/fit360.ee\/wp-content\/uploads\/2022\/06\/OstroVit-CLA-Green-Tea-L-Carnitine-tohus-rasvapoletus-fit360.ee_.png\" \/>\n\t<meta property=\"og:image:width\" content=\"450\" \/>\n\t<meta property=\"og:image:height\" content=\"450\" \/>\n\t<meta property=\"og:image:type\" content=\"image\/png\" \/>\n<meta name=\"twitter:card\" content=\"summary_large_image\" \/>\n<meta name=\"twitter:label1\" content=\"Est. reading time\" \/>\n\t<meta name=\"twitter:data1\" content=\"3 minutes\" \/>\n<script type=\"application\/ld+json\" class=\"yoast-schema-graph\">{\"@context\":\"https:\\\/\\\/schema.org\",\"@graph\":[{\"@type\":\"WebPage\",\"@id\":\"https:\\\/\\\/fit360.ee\\\/en\\\/pood\\\/product-groups\\\/superfoods-health-foods-en\\\/cla-conjugated-linoleic-acid-en\\\/ostrovit-cla-green-tea-l-carnitine-90geelkapslit\\\/\",\"url\":\"https:\\\/\\\/fit360.ee\\\/en\\\/pood\\\/product-groups\\\/superfoods-health-foods-en\\\/cla-conjugated-linoleic-acid-en\\\/ostrovit-cla-green-tea-l-carnitine-90geelkapslit\\\/\",\"name\":\"OstroVit CLA + Green Tea + L-Carnitine (90gelcaps) - Fit360 - Kiire tarne\",\"isPartOf\":{\"@id\":\"https:\\\/\\\/fit360.ee\\\/en\\\/#website\"},\"primaryImageOfPage\":{\"@id\":\"https:\\\/\\\/fit360.ee\\\/en\\\/pood\\\/product-groups\\\/superfoods-health-foods-en\\\/cla-conjugated-linoleic-acid-en\\\/ostrovit-cla-green-tea-l-carnitine-90geelkapslit\\\/#primaryimage\"},\"image\":{\"@id\":\"https:\\\/\\\/fit360.ee\\\/en\\\/pood\\\/product-groups\\\/superfoods-health-foods-en\\\/cla-conjugated-linoleic-acid-en\\\/ostrovit-cla-green-tea-l-carnitine-90geelkapslit\\\/#primaryimage\"},\"thumbnailUrl\":\"https:\\\/\\\/fit360.ee\\\/wp-content\\\/uploads\\\/2022\\\/06\\\/OstroVit-CLA-Green-Tea-L-Carnitine-tohus-rasvapoletus-fit360.ee_.png\",\"datePublished\":\"2022-06-13T14:53:11+00:00\",\"dateModified\":\"2025-08-19T06:55:12+00:00\",\"description\":\"OstroVit CLA + Green Tea + L-Carnitine omab lihasmassi kasvu toetavat toimet ja aitab p\u00f5letada mittevajalikku rasvkudet. Kiire Tarne!\",\"breadcrumb\":{\"@id\":\"https:\\\/\\\/fit360.ee\\\/en\\\/pood\\\/product-groups\\\/superfoods-health-foods-en\\\/cla-conjugated-linoleic-acid-en\\\/ostrovit-cla-green-tea-l-carnitine-90geelkapslit\\\/#breadcrumb\"},\"inLanguage\":\"en-US\",\"potentialAction\":[{\"@type\":\"ReadAction\",\"target\":[\"https:\\\/\\\/fit360.ee\\\/en\\\/pood\\\/product-groups\\\/superfoods-health-foods-en\\\/cla-conjugated-linoleic-acid-en\\\/ostrovit-cla-green-tea-l-carnitine-90geelkapslit\\\/\"]}]},{\"@type\":\"ImageObject\",\"inLanguage\":\"en-US\",\"@id\":\"https:\\\/\\\/fit360.ee\\\/en\\\/pood\\\/product-groups\\\/superfoods-health-foods-en\\\/cla-conjugated-linoleic-acid-en\\\/ostrovit-cla-green-tea-l-carnitine-90geelkapslit\\\/#primaryimage\",\"url\":\"https:\\\/\\\/fit360.ee\\\/wp-content\\\/uploads\\\/2022\\\/06\\\/OstroVit-CLA-Green-Tea-L-Carnitine-tohus-rasvapoletus-fit360.ee_.png\",\"contentUrl\":\"https:\\\/\\\/fit360.ee\\\/wp-content\\\/uploads\\\/2022\\\/06\\\/OstroVit-CLA-Green-Tea-L-Carnitine-tohus-rasvapoletus-fit360.ee_.png\",\"width\":450,\"height\":450,\"caption\":\"OstroVit CLA + Green Tea + L-Carnitine t\u00f5hus rasvap\u00f5letus - fit360.ee\"},{\"@type\":\"BreadcrumbList\",\"@id\":\"https:\\\/\\\/fit360.ee\\\/en\\\/pood\\\/product-groups\\\/superfoods-health-foods-en\\\/cla-conjugated-linoleic-acid-en\\\/ostrovit-cla-green-tea-l-carnitine-90geelkapslit\\\/#breadcrumb\",\"itemListElement\":[{\"@type\":\"ListItem\",\"position\":1,\"name\":\"Home\",\"item\":\"https:\\\/\\\/fit360.ee\\\/en\\\/\"},{\"@type\":\"ListItem\",\"position\":2,\"name\":\"Shop\",\"item\":\"https:\\\/\\\/fit360.ee\\\/en\\\/shop\\\/\"},{\"@type\":\"ListItem\",\"position\":3,\"name\":\"OstroVit CLA + Green Tea + L-Carnitine (90geelkapslit)\"}]},{\"@type\":\"WebSite\",\"@id\":\"https:\\\/\\\/fit360.ee\\\/en\\\/#website\",\"url\":\"https:\\\/\\\/fit360.ee\\\/en\\\/\",\"name\":\"Fit360\",\"description\":\"\",\"publisher\":{\"@id\":\"https:\\\/\\\/fit360.ee\\\/en\\\/#organization\"},\"potentialAction\":[{\"@type\":\"SearchAction\",\"target\":{\"@type\":\"EntryPoint\",\"urlTemplate\":\"https:\\\/\\\/fit360.ee\\\/en\\\/?s={search_term_string}\"},\"query-input\":{\"@type\":\"PropertyValueSpecification\",\"valueRequired\":true,\"valueName\":\"search_term_string\"}}],\"inLanguage\":\"en-US\"},{\"@type\":\"Organization\",\"@id\":\"https:\\\/\\\/fit360.ee\\\/en\\\/#organization\",\"name\":\"Fit360\",\"url\":\"https:\\\/\\\/fit360.ee\\\/en\\\/\",\"logo\":{\"@type\":\"ImageObject\",\"inLanguage\":\"en-US\",\"@id\":\"https:\\\/\\\/fit360.ee\\\/en\\\/#\\\/schema\\\/logo\\\/image\\\/\",\"url\":\"https:\\\/\\\/fit360.ee\\\/wp-content\\\/uploads\\\/2017\\\/01\\\/logo-fit360.png\",\"contentUrl\":\"https:\\\/\\\/fit360.ee\\\/wp-content\\\/uploads\\\/2017\\\/01\\\/logo-fit360.png\",\"width\":180,\"height\":66,\"caption\":\"Fit360\"},\"image\":{\"@id\":\"https:\\\/\\\/fit360.ee\\\/en\\\/#\\\/schema\\\/logo\\\/image\\\/\"}}]}<\/script>\n<!-- \/ Yoast SEO plugin. -->","yoast_head_json":{"title":"OstroVit CLA + Green Tea + L-Carnitine (90gelcaps) - Fit360 - Kiire tarne","description":"OstroVit CLA + Green Tea + L-Carnitine omab lihasmassi kasvu toetavat toimet ja aitab p\u00f5letada mittevajalikku rasvkudet. Kiire Tarne!","robots":{"index":"index","follow":"follow","max-snippet":"max-snippet:-1","max-image-preview":"max-image-preview:large","max-video-preview":"max-video-preview:-1"},"canonical":"https:\/\/fit360.ee\/en\/pood\/product-groups\/superfoods-health-foods-en\/cla-conjugated-linoleic-acid-en\/ostrovit-cla-green-tea-l-carnitine-90geelkapslit\/","og_locale":"en_US","og_type":"article","og_title":"OstroVit CLA + Green Tea + L-Carnitine (90gelcaps) - Fit360 - Kiire tarne","og_description":"OstroVit CLA + Green Tea + L-Carnitine omab lihasmassi kasvu toetavat toimet ja aitab p\u00f5letada mittevajalikku rasvkudet. Kiire Tarne!","og_url":"https:\/\/fit360.ee\/en\/pood\/product-groups\/superfoods-health-foods-en\/cla-conjugated-linoleic-acid-en\/ostrovit-cla-green-tea-l-carnitine-90geelkapslit\/","og_site_name":"Fit360","article_modified_time":"2025-08-19T06:55:12+00:00","og_image":[{"width":450,"height":450,"url":"https:\/\/fit360.ee\/wp-content\/uploads\/2022\/06\/OstroVit-CLA-Green-Tea-L-Carnitine-tohus-rasvapoletus-fit360.ee_.png","type":"image\/png"}],"twitter_card":"summary_large_image","twitter_misc":{"Est. reading time":"3 minutes"},"schema":{"@context":"https:\/\/schema.org","@graph":[{"@type":"WebPage","@id":"https:\/\/fit360.ee\/en\/pood\/product-groups\/superfoods-health-foods-en\/cla-conjugated-linoleic-acid-en\/ostrovit-cla-green-tea-l-carnitine-90geelkapslit\/","url":"https:\/\/fit360.ee\/en\/pood\/product-groups\/superfoods-health-foods-en\/cla-conjugated-linoleic-acid-en\/ostrovit-cla-green-tea-l-carnitine-90geelkapslit\/","name":"OstroVit CLA + Green Tea + L-Carnitine (90gelcaps) - Fit360 - Kiire tarne","isPartOf":{"@id":"https:\/\/fit360.ee\/en\/#website"},"primaryImageOfPage":{"@id":"https:\/\/fit360.ee\/en\/pood\/product-groups\/superfoods-health-foods-en\/cla-conjugated-linoleic-acid-en\/ostrovit-cla-green-tea-l-carnitine-90geelkapslit\/#primaryimage"},"image":{"@id":"https:\/\/fit360.ee\/en\/pood\/product-groups\/superfoods-health-foods-en\/cla-conjugated-linoleic-acid-en\/ostrovit-cla-green-tea-l-carnitine-90geelkapslit\/#primaryimage"},"thumbnailUrl":"https:\/\/fit360.ee\/wp-content\/uploads\/2022\/06\/OstroVit-CLA-Green-Tea-L-Carnitine-tohus-rasvapoletus-fit360.ee_.png","datePublished":"2022-06-13T14:53:11+00:00","dateModified":"2025-08-19T06:55:12+00:00","description":"OstroVit CLA + Green Tea + L-Carnitine omab lihasmassi kasvu toetavat toimet ja aitab p\u00f5letada mittevajalikku rasvkudet. Kiire Tarne!","breadcrumb":{"@id":"https:\/\/fit360.ee\/en\/pood\/product-groups\/superfoods-health-foods-en\/cla-conjugated-linoleic-acid-en\/ostrovit-cla-green-tea-l-carnitine-90geelkapslit\/#breadcrumb"},"inLanguage":"en-US","potentialAction":[{"@type":"ReadAction","target":["https:\/\/fit360.ee\/en\/pood\/product-groups\/superfoods-health-foods-en\/cla-conjugated-linoleic-acid-en\/ostrovit-cla-green-tea-l-carnitine-90geelkapslit\/"]}]},{"@type":"ImageObject","inLanguage":"en-US","@id":"https:\/\/fit360.ee\/en\/pood\/product-groups\/superfoods-health-foods-en\/cla-conjugated-linoleic-acid-en\/ostrovit-cla-green-tea-l-carnitine-90geelkapslit\/#primaryimage","url":"https:\/\/fit360.ee\/wp-content\/uploads\/2022\/06\/OstroVit-CLA-Green-Tea-L-Carnitine-tohus-rasvapoletus-fit360.ee_.png","contentUrl":"https:\/\/fit360.ee\/wp-content\/uploads\/2022\/06\/OstroVit-CLA-Green-Tea-L-Carnitine-tohus-rasvapoletus-fit360.ee_.png","width":450,"height":450,"caption":"OstroVit CLA + Green Tea + L-Carnitine t\u00f5hus rasvap\u00f5letus - fit360.ee"},{"@type":"BreadcrumbList","@id":"https:\/\/fit360.ee\/en\/pood\/product-groups\/superfoods-health-foods-en\/cla-conjugated-linoleic-acid-en\/ostrovit-cla-green-tea-l-carnitine-90geelkapslit\/#breadcrumb","itemListElement":[{"@type":"ListItem","position":1,"name":"Home","item":"https:\/\/fit360.ee\/en\/"},{"@type":"ListItem","position":2,"name":"Shop","item":"https:\/\/fit360.ee\/en\/shop\/"},{"@type":"ListItem","position":3,"name":"OstroVit CLA + Green Tea + L-Carnitine (90geelkapslit)"}]},{"@type":"WebSite","@id":"https:\/\/fit360.ee\/en\/#website","url":"https:\/\/fit360.ee\/en\/","name":"Fit360","description":"","publisher":{"@id":"https:\/\/fit360.ee\/en\/#organization"},"potentialAction":[{"@type":"SearchAction","target":{"@type":"EntryPoint","urlTemplate":"https:\/\/fit360.ee\/en\/?s={search_term_string}"},"query-input":{"@type":"PropertyValueSpecification","valueRequired":true,"valueName":"search_term_string"}}],"inLanguage":"en-US"},{"@type":"Organization","@id":"https:\/\/fit360.ee\/en\/#organization","name":"Fit360","url":"https:\/\/fit360.ee\/en\/","logo":{"@type":"ImageObject","inLanguage":"en-US","@id":"https:\/\/fit360.ee\/en\/#\/schema\/logo\/image\/","url":"https:\/\/fit360.ee\/wp-content\/uploads\/2017\/01\/logo-fit360.png","contentUrl":"https:\/\/fit360.ee\/wp-content\/uploads\/2017\/01\/logo-fit360.png","width":180,"height":66,"caption":"Fit360"},"image":{"@id":"https:\/\/fit360.ee\/en\/#\/schema\/logo\/image\/"}}]}},"_links":{"self":[{"href":"https:\/\/fit360.ee\/en\/wp-json\/wp\/v2\/product\/63006","targetHints":{"allow":["GET"]}}],"collection":[{"href":"https:\/\/fit360.ee\/en\/wp-json\/wp\/v2\/product"}],"about":[{"href":"https:\/\/fit360.ee\/en\/wp-json\/wp\/v2\/types\/product"}],"replies":[{"embeddable":true,"href":"https:\/\/fit360.ee\/en\/wp-json\/wp\/v2\/comments?post=63006"}],"wp:featuredmedia":[{"embeddable":true,"href":"https:\/\/fit360.ee\/en\/wp-json\/wp\/v2\/media\/84468"}],"wp:attachment":[{"href":"https:\/\/fit360.ee\/en\/wp-json\/wp\/v2\/media?parent=63006"}],"wp:term":[{"taxonomy":"product_brand","embeddable":true,"href":"https:\/\/fit360.ee\/en\/wp-json\/wp\/v2\/product_brand?post=63006"},{"taxonomy":"product_cat","embeddable":true,"href":"https:\/\/fit360.ee\/en\/wp-json\/wp\/v2\/product_cat?post=63006"},{"taxonomy":"product_tag","embeddable":true,"href":"https:\/\/fit360.ee\/en\/wp-json\/wp\/v2\/product_tag?post=63006"},{"taxonomy":"giftcard-category","embeddable":true,"href":"https:\/\/fit360.ee\/en\/wp-json\/wp\/v2\/giftcard-category?post=63006"}],"curies":[{"name":"wp","href":"https:\/\/api.w.org\/{rel}","templated":true}]}}