{"id":63023,"date":"2022-06-14T12:49:51","date_gmt":"2022-06-14T10:49:51","guid":{"rendered":"https:\/\/fit360.ee\/pood\/uncategorized\/ostrovit-ashwagandha-200tbl\/"},"modified":"2026-01-05T15:19:22","modified_gmt":"2026-01-05T13:19:22","slug":"ostrovit-ashwagandha-200tbl","status":"publish","type":"product","link":"https:\/\/fit360.ee\/en\/pood\/product-groups\/superfoods-health-foods-en\/ashwagandha-en\/ostrovit-ashwagandha-200tbl\/","title":{"rendered":"Ostrovit Ashwagandha (200tbl)"},"content":{"rendered":"<h1><strong>Ostrovit Ashwagandha<\/strong><\/h1>\n<p>OstroVit Ashwagandha on toidulisand, mis sisaldab Withania somnifera juureekstrakti, tuntud ka kui India \u017een\u0161en, on taim, mille omadusi ja ravivat toimet on kasutatud tuhandeid aastaid traditsioonilises Vana-Indo-Ukraina meditsiinis (<em>Ayurveda<\/em>). Tervendavaks tooraineks on peamiselt eluj\u00f5udu t\u00f5stvad ja vaimut\u00f6\u00f6d parandavad juured ja viljad.<\/p>\n<ul>\n<li>Pakendis 200 tabletti<\/li>\n<li>1 portsjon on ainult 1 tablett<\/li>\n<li>5,63 mg witanoliidi \u00fches tabletis<\/li>\n<li>\u00dcks populaarsemaid adaptogeene!<\/li>\n<\/ul>\n<p><a href=\"https:\/\/fit360.ee\/wp-content\/uploads\/2022\/06\/ashwagandha-ostrovit-fit360.ee_-800x312.jpg\"><img loading=\"lazy\" decoding=\"async\" class=\"size-medium wp-image-63018\" src=\"https:\/\/fit360.ee\/wp-content\/uploads\/2022\/06\/ashwagandha-ostrovit-fit360.ee_-800x312.jpg\" alt=\"ashwagandha ostrovit - fit360.ee\" width=\"800\" height=\"312\" srcset=\"https:\/\/fit360.ee\/wp-content\/uploads\/2022\/06\/ashwagandha-ostrovit-fit360.ee_-800x312.jpg 800w, https:\/\/fit360.ee\/wp-content\/uploads\/2022\/06\/ashwagandha-ostrovit-fit360.ee_-510x199.jpg 510w, https:\/\/fit360.ee\/wp-content\/uploads\/2022\/06\/ashwagandha-ostrovit-fit360.ee_-768x300.jpg 768w, https:\/\/fit360.ee\/wp-content\/uploads\/2022\/06\/ashwagandha-ostrovit-fit360.ee_.jpg 922w\" sizes=\"auto, (max-width: 800px) 100vw, 800px\" \/><\/a><\/p>\n<h2><strong>Ashwagandha<\/strong><\/h2>\n<p>Ashwagandha on adaptogeen v\u00f5i aine, mis suudab meid kohandada muutuvate keskkonnatingimustega, mis m\u00f5jutavad negatiivselt meie neerupealisi (stressiolukorrad, kurnatusseisundid). Peamine tagaj\u00e4rg on eritatava kortisooli ehk stressihormooni suurenemine, mis on kahjuks meie igap\u00e4evase elustiili \u00fcha sagedasem k\u00fclaline. Suhteliselt l\u00fchike ebakvaliteetne uni koos korduvate erutuste, pingelise t\u00f6\u00f6, stressi, monitori sinise valguse ja \u00fclej\u00e4\u00e4nud elektroonikaga meie kodudes kurnab neerupealisi v\u00e4ga. Uuringud n\u00e4itavad, et isegi ashwagandha prof\u00fclaktiline kasutamine v\u00f5ib v\u00e4hendada stressihoromeenide taset kuni 25%! See on suurep\u00e4rane tulemus.<\/p>\n<p>OstroVit Ashwagandha on soovitatav eelk\u00f5ige f\u00fc\u00fcsiliselt aktiivsetele inimestele, sest see aitab lisada vastupidavust, eluj\u00f5udu ja energiat.<\/p>\n<h4><strong>Omadused<\/strong>:<\/h4>\n<ul>\n<li>Toetab vereringes\u00fcsteemi toimimist<\/li>\n<li>Aitab kaasa n\u00e4rvis\u00fcsteemi toimimise s\u00e4ilitamisele<\/li>\n<li>Aitab kaasa f\u00fc\u00fcsilise efektiivsuse t\u00f5stmisele<\/li>\n<li>Toetab m\u00e4lu toimimist<\/li>\n<li>Aitab aeglustada keha vananemisprotsessi<\/li>\n<\/ul>\n<p><strong>Koostisosad<\/strong>: Ashwagandha juure ekstrakt (Withania somnifera L. Dunal) standardiseeritud 1,5% withanolides, mahuaine: mikrokristalne tselluloos; t\u00e4rklis, paakumisvastased ained: rasvhapete magneesiumisoolad, r\u00e4nidioksiid.<\/p>\n<p><strong>Kasutamine<\/strong>: Kasutage 1 portsjon (1 tablett) p\u00e4evas. Toode on m\u00f5eldud t\u00e4iskasvanutele.<\/p>\n<p><strong>Suurus<\/strong>: 200 tabletti<\/p>\n<section class=\"projector__description--nutritional row\" data-selector=\".--nutritional\">\n<div class=\"col-12 col-md-10 col-lg-8\">\n<div class=\"--nutrit\">\n<div class=\"nutrition_table_wrapper\">\n<div class=\"table_wrapper\">\n<table>\n<tbody>\n<tr>\n<th>Aktiivsed toimeained<\/th>\n<th>1 tablett<\/th>\n<\/tr>\n<tr>\n<td>Ashwagandha juure ekstrakt<\/td>\n<td>375 mg<\/td>\n<\/tr>\n<tr class=\"sub\">\n<td>&#8211; millest <em>withanoolid<\/em> (1.5%)<\/td>\n<td>5.63 mg<\/td>\n<\/tr>\n<\/tbody>\n<\/table>\n<p>Vaata ka meie Teisi Ashwagandha tooteid <a href=\"https:\/\/fit360.ee\/en\/product-category\/product-groups\/superfoods-health-foods-en\/ashwagandha-en\/\"><strong>SIIT<\/strong><\/a>!<\/p>\n<p>Soovid kaupa osta suuremas koguses? Vaata antud toodet ka meie HULGI poest\u00a0<a href=\"https:\/\/toidulisandidhulgi.ee\/product\/ostrovit-ashwagandha-200tbl\/\"><strong>SIIT<\/strong><\/a>!<\/p>\n<\/div>\n<\/div>\n<\/div>\n<\/div>\n<\/section>\n","protected":false},"excerpt":{"rendered":"<ul>\n<li>Toetab vereringes\u00fcsteemi toimimist<\/li>\n<li>Aitab kaasa n\u00e4rvis\u00fcsteemi toimimise s\u00e4ilitamisele<\/li>\n<li>Aitab kaasa f\u00fc\u00fcsilise efektiivsuse t\u00f5stmisele<\/li>\n<li>Toetab m\u00e4lu toimimist<\/li>\n<li>Aitab aeglustada keha vananemisprotsessi<\/li>\n<\/ul>\n","protected":false},"featured_media":84470,"comment_status":"closed","ping_status":"closed","template":"","meta":[],"product_brand":[],"product_cat":[2347,1329,2476,1454,532,536,1201],"product_tag":[2182,1924,3796],"giftcard-category":[],"class_list":{"0":"post-63023","1":"product","2":"type-product","3":"status-publish","4":"has-post-thumbnail","6":"product_cat-ashwagandha-en","7":"product_cat-ostrovit-en","8":"product_cat-sleep-enhancers-en","9":"product_cat-superfoods-health-foods-en","10":"product_cat-testosterone-boosters-en","11":"product_cat-vitamins-and-minerals-en","12":"product_cat-1201","13":"product_tag-ashwagandha-en","14":"product_tag-ostrovit-en","15":"product_tag-ostrovit-ashwagandha-en","16":"pa_toidulisand-branddd-ostrovit","17":"pa_tootegruppp-ashwagandha-en","18":"pa_tootegruppp-supertoit-tervisetoit-en","19":"pa_tootegruppp-testosterone-enhancers","20":"pa_tootegruppp-uni-en","21":"pa_tootegruppp-vegan-en","22":"pa_tootegruppp-vitamins-and-minerals","24":"first","25":"instock","26":"sale","27":"taxable","28":"shipping-taxable","29":"purchasable","30":"product-type-simple"},"yoast_head":"<!-- This site is optimized with the Yoast SEO plugin v27.3 - https:\/\/yoast.com\/product\/yoast-seo-wordpress\/ -->\n<title>Ostrovit Ashwagandha (200tbl) - Withania Somnifera - Kiire Tarne - Fit360<\/title>\n<meta name=\"description\" content=\"Ostrovit Ashwagandha toetab vereringes\u00fcsteemi, aitab kaasa n\u00e4rvis\u00fcsteemi toimimise s\u00e4ilitamisele ning toetab m\u00e4lu toimimist.\" \/>\n<meta name=\"robots\" content=\"index, follow, max-snippet:-1, max-image-preview:large, max-video-preview:-1\" \/>\n<link rel=\"canonical\" href=\"https:\/\/fit360.ee\/en\/pood\/product-groups\/superfoods-health-foods-en\/ashwagandha-en\/ostrovit-ashwagandha-200tbl\/\" \/>\n<meta property=\"og:locale\" content=\"en_US\" \/>\n<meta property=\"og:type\" content=\"article\" \/>\n<meta property=\"og:title\" content=\"Ostrovit Ashwagandha (200tbl) - Withania Somnifera - Kiire Tarne - Fit360\" \/>\n<meta property=\"og:description\" content=\"Ostrovit Ashwagandha toetab vereringes\u00fcsteemi, aitab kaasa n\u00e4rvis\u00fcsteemi toimimise s\u00e4ilitamisele ning toetab m\u00e4lu toimimist.\" \/>\n<meta property=\"og:url\" content=\"https:\/\/fit360.ee\/en\/pood\/product-groups\/superfoods-health-foods-en\/ashwagandha-en\/ostrovit-ashwagandha-200tbl\/\" \/>\n<meta property=\"og:site_name\" content=\"Fit360\" \/>\n<meta property=\"article:modified_time\" content=\"2026-01-05T13:19:22+00:00\" \/>\n<meta property=\"og:image\" content=\"https:\/\/fit360.ee\/wp-content\/uploads\/2022\/06\/ostrovit-ashwagandha-tabletid-fit360.ee_.png\" \/>\n\t<meta property=\"og:image:width\" content=\"450\" \/>\n\t<meta property=\"og:image:height\" content=\"450\" \/>\n\t<meta property=\"og:image:type\" content=\"image\/png\" \/>\n<meta name=\"twitter:card\" content=\"summary_large_image\" \/>\n<meta name=\"twitter:label1\" content=\"Est. reading time\" \/>\n\t<meta name=\"twitter:data1\" content=\"2 minutes\" \/>\n<script type=\"application\/ld+json\" class=\"yoast-schema-graph\">{\"@context\":\"https:\\\/\\\/schema.org\",\"@graph\":[{\"@type\":\"WebPage\",\"@id\":\"https:\\\/\\\/fit360.ee\\\/en\\\/pood\\\/product-groups\\\/superfoods-health-foods-en\\\/ashwagandha-en\\\/ostrovit-ashwagandha-200tbl\\\/\",\"url\":\"https:\\\/\\\/fit360.ee\\\/en\\\/pood\\\/product-groups\\\/superfoods-health-foods-en\\\/ashwagandha-en\\\/ostrovit-ashwagandha-200tbl\\\/\",\"name\":\"Ostrovit Ashwagandha (200tbl) - Withania Somnifera - Kiire Tarne - Fit360\",\"isPartOf\":{\"@id\":\"https:\\\/\\\/fit360.ee\\\/en\\\/#website\"},\"primaryImageOfPage\":{\"@id\":\"https:\\\/\\\/fit360.ee\\\/en\\\/pood\\\/product-groups\\\/superfoods-health-foods-en\\\/ashwagandha-en\\\/ostrovit-ashwagandha-200tbl\\\/#primaryimage\"},\"image\":{\"@id\":\"https:\\\/\\\/fit360.ee\\\/en\\\/pood\\\/product-groups\\\/superfoods-health-foods-en\\\/ashwagandha-en\\\/ostrovit-ashwagandha-200tbl\\\/#primaryimage\"},\"thumbnailUrl\":\"https:\\\/\\\/fit360.ee\\\/wp-content\\\/uploads\\\/2022\\\/06\\\/ostrovit-ashwagandha-tabletid-fit360.ee_.png\",\"datePublished\":\"2022-06-14T10:49:51+00:00\",\"dateModified\":\"2026-01-05T13:19:22+00:00\",\"description\":\"Ostrovit Ashwagandha toetab vereringes\u00fcsteemi, aitab kaasa n\u00e4rvis\u00fcsteemi toimimise s\u00e4ilitamisele ning toetab m\u00e4lu toimimist.\",\"breadcrumb\":{\"@id\":\"https:\\\/\\\/fit360.ee\\\/en\\\/pood\\\/product-groups\\\/superfoods-health-foods-en\\\/ashwagandha-en\\\/ostrovit-ashwagandha-200tbl\\\/#breadcrumb\"},\"inLanguage\":\"en-US\",\"potentialAction\":[{\"@type\":\"ReadAction\",\"target\":[\"https:\\\/\\\/fit360.ee\\\/en\\\/pood\\\/product-groups\\\/superfoods-health-foods-en\\\/ashwagandha-en\\\/ostrovit-ashwagandha-200tbl\\\/\"]}]},{\"@type\":\"ImageObject\",\"inLanguage\":\"en-US\",\"@id\":\"https:\\\/\\\/fit360.ee\\\/en\\\/pood\\\/product-groups\\\/superfoods-health-foods-en\\\/ashwagandha-en\\\/ostrovit-ashwagandha-200tbl\\\/#primaryimage\",\"url\":\"https:\\\/\\\/fit360.ee\\\/wp-content\\\/uploads\\\/2022\\\/06\\\/ostrovit-ashwagandha-tabletid-fit360.ee_.png\",\"contentUrl\":\"https:\\\/\\\/fit360.ee\\\/wp-content\\\/uploads\\\/2022\\\/06\\\/ostrovit-ashwagandha-tabletid-fit360.ee_.png\",\"width\":450,\"height\":450,\"caption\":\"ostrovit ashwagandha tabletid - fit360.ee\"},{\"@type\":\"BreadcrumbList\",\"@id\":\"https:\\\/\\\/fit360.ee\\\/en\\\/pood\\\/product-groups\\\/superfoods-health-foods-en\\\/ashwagandha-en\\\/ostrovit-ashwagandha-200tbl\\\/#breadcrumb\",\"itemListElement\":[{\"@type\":\"ListItem\",\"position\":1,\"name\":\"Home\",\"item\":\"https:\\\/\\\/fit360.ee\\\/en\\\/\"},{\"@type\":\"ListItem\",\"position\":2,\"name\":\"Shop\",\"item\":\"https:\\\/\\\/fit360.ee\\\/en\\\/shop\\\/\"},{\"@type\":\"ListItem\",\"position\":3,\"name\":\"Ostrovit Ashwagandha (200tbl)\"}]},{\"@type\":\"WebSite\",\"@id\":\"https:\\\/\\\/fit360.ee\\\/en\\\/#website\",\"url\":\"https:\\\/\\\/fit360.ee\\\/en\\\/\",\"name\":\"Fit360\",\"description\":\"\",\"publisher\":{\"@id\":\"https:\\\/\\\/fit360.ee\\\/en\\\/#organization\"},\"potentialAction\":[{\"@type\":\"SearchAction\",\"target\":{\"@type\":\"EntryPoint\",\"urlTemplate\":\"https:\\\/\\\/fit360.ee\\\/en\\\/?s={search_term_string}\"},\"query-input\":{\"@type\":\"PropertyValueSpecification\",\"valueRequired\":true,\"valueName\":\"search_term_string\"}}],\"inLanguage\":\"en-US\"},{\"@type\":\"Organization\",\"@id\":\"https:\\\/\\\/fit360.ee\\\/en\\\/#organization\",\"name\":\"Fit360\",\"url\":\"https:\\\/\\\/fit360.ee\\\/en\\\/\",\"logo\":{\"@type\":\"ImageObject\",\"inLanguage\":\"en-US\",\"@id\":\"https:\\\/\\\/fit360.ee\\\/en\\\/#\\\/schema\\\/logo\\\/image\\\/\",\"url\":\"https:\\\/\\\/fit360.ee\\\/wp-content\\\/uploads\\\/2017\\\/01\\\/logo-fit360.png\",\"contentUrl\":\"https:\\\/\\\/fit360.ee\\\/wp-content\\\/uploads\\\/2017\\\/01\\\/logo-fit360.png\",\"width\":180,\"height\":66,\"caption\":\"Fit360\"},\"image\":{\"@id\":\"https:\\\/\\\/fit360.ee\\\/en\\\/#\\\/schema\\\/logo\\\/image\\\/\"}}]}<\/script>\n<!-- \/ Yoast SEO plugin. -->","yoast_head_json":{"title":"Ostrovit Ashwagandha (200tbl) - Withania Somnifera - Kiire Tarne - Fit360","description":"Ostrovit Ashwagandha toetab vereringes\u00fcsteemi, aitab kaasa n\u00e4rvis\u00fcsteemi toimimise s\u00e4ilitamisele ning toetab m\u00e4lu toimimist.","robots":{"index":"index","follow":"follow","max-snippet":"max-snippet:-1","max-image-preview":"max-image-preview:large","max-video-preview":"max-video-preview:-1"},"canonical":"https:\/\/fit360.ee\/en\/pood\/product-groups\/superfoods-health-foods-en\/ashwagandha-en\/ostrovit-ashwagandha-200tbl\/","og_locale":"en_US","og_type":"article","og_title":"Ostrovit Ashwagandha (200tbl) - Withania Somnifera - Kiire Tarne - Fit360","og_description":"Ostrovit Ashwagandha toetab vereringes\u00fcsteemi, aitab kaasa n\u00e4rvis\u00fcsteemi toimimise s\u00e4ilitamisele ning toetab m\u00e4lu toimimist.","og_url":"https:\/\/fit360.ee\/en\/pood\/product-groups\/superfoods-health-foods-en\/ashwagandha-en\/ostrovit-ashwagandha-200tbl\/","og_site_name":"Fit360","article_modified_time":"2026-01-05T13:19:22+00:00","og_image":[{"width":450,"height":450,"url":"https:\/\/fit360.ee\/wp-content\/uploads\/2022\/06\/ostrovit-ashwagandha-tabletid-fit360.ee_.png","type":"image\/png"}],"twitter_card":"summary_large_image","twitter_misc":{"Est. reading time":"2 minutes"},"schema":{"@context":"https:\/\/schema.org","@graph":[{"@type":"WebPage","@id":"https:\/\/fit360.ee\/en\/pood\/product-groups\/superfoods-health-foods-en\/ashwagandha-en\/ostrovit-ashwagandha-200tbl\/","url":"https:\/\/fit360.ee\/en\/pood\/product-groups\/superfoods-health-foods-en\/ashwagandha-en\/ostrovit-ashwagandha-200tbl\/","name":"Ostrovit Ashwagandha (200tbl) - Withania Somnifera - Kiire Tarne - Fit360","isPartOf":{"@id":"https:\/\/fit360.ee\/en\/#website"},"primaryImageOfPage":{"@id":"https:\/\/fit360.ee\/en\/pood\/product-groups\/superfoods-health-foods-en\/ashwagandha-en\/ostrovit-ashwagandha-200tbl\/#primaryimage"},"image":{"@id":"https:\/\/fit360.ee\/en\/pood\/product-groups\/superfoods-health-foods-en\/ashwagandha-en\/ostrovit-ashwagandha-200tbl\/#primaryimage"},"thumbnailUrl":"https:\/\/fit360.ee\/wp-content\/uploads\/2022\/06\/ostrovit-ashwagandha-tabletid-fit360.ee_.png","datePublished":"2022-06-14T10:49:51+00:00","dateModified":"2026-01-05T13:19:22+00:00","description":"Ostrovit Ashwagandha toetab vereringes\u00fcsteemi, aitab kaasa n\u00e4rvis\u00fcsteemi toimimise s\u00e4ilitamisele ning toetab m\u00e4lu toimimist.","breadcrumb":{"@id":"https:\/\/fit360.ee\/en\/pood\/product-groups\/superfoods-health-foods-en\/ashwagandha-en\/ostrovit-ashwagandha-200tbl\/#breadcrumb"},"inLanguage":"en-US","potentialAction":[{"@type":"ReadAction","target":["https:\/\/fit360.ee\/en\/pood\/product-groups\/superfoods-health-foods-en\/ashwagandha-en\/ostrovit-ashwagandha-200tbl\/"]}]},{"@type":"ImageObject","inLanguage":"en-US","@id":"https:\/\/fit360.ee\/en\/pood\/product-groups\/superfoods-health-foods-en\/ashwagandha-en\/ostrovit-ashwagandha-200tbl\/#primaryimage","url":"https:\/\/fit360.ee\/wp-content\/uploads\/2022\/06\/ostrovit-ashwagandha-tabletid-fit360.ee_.png","contentUrl":"https:\/\/fit360.ee\/wp-content\/uploads\/2022\/06\/ostrovit-ashwagandha-tabletid-fit360.ee_.png","width":450,"height":450,"caption":"ostrovit ashwagandha tabletid - fit360.ee"},{"@type":"BreadcrumbList","@id":"https:\/\/fit360.ee\/en\/pood\/product-groups\/superfoods-health-foods-en\/ashwagandha-en\/ostrovit-ashwagandha-200tbl\/#breadcrumb","itemListElement":[{"@type":"ListItem","position":1,"name":"Home","item":"https:\/\/fit360.ee\/en\/"},{"@type":"ListItem","position":2,"name":"Shop","item":"https:\/\/fit360.ee\/en\/shop\/"},{"@type":"ListItem","position":3,"name":"Ostrovit Ashwagandha (200tbl)"}]},{"@type":"WebSite","@id":"https:\/\/fit360.ee\/en\/#website","url":"https:\/\/fit360.ee\/en\/","name":"Fit360","description":"","publisher":{"@id":"https:\/\/fit360.ee\/en\/#organization"},"potentialAction":[{"@type":"SearchAction","target":{"@type":"EntryPoint","urlTemplate":"https:\/\/fit360.ee\/en\/?s={search_term_string}"},"query-input":{"@type":"PropertyValueSpecification","valueRequired":true,"valueName":"search_term_string"}}],"inLanguage":"en-US"},{"@type":"Organization","@id":"https:\/\/fit360.ee\/en\/#organization","name":"Fit360","url":"https:\/\/fit360.ee\/en\/","logo":{"@type":"ImageObject","inLanguage":"en-US","@id":"https:\/\/fit360.ee\/en\/#\/schema\/logo\/image\/","url":"https:\/\/fit360.ee\/wp-content\/uploads\/2017\/01\/logo-fit360.png","contentUrl":"https:\/\/fit360.ee\/wp-content\/uploads\/2017\/01\/logo-fit360.png","width":180,"height":66,"caption":"Fit360"},"image":{"@id":"https:\/\/fit360.ee\/en\/#\/schema\/logo\/image\/"}}]}},"_links":{"self":[{"href":"https:\/\/fit360.ee\/en\/wp-json\/wp\/v2\/product\/63023","targetHints":{"allow":["GET"]}}],"collection":[{"href":"https:\/\/fit360.ee\/en\/wp-json\/wp\/v2\/product"}],"about":[{"href":"https:\/\/fit360.ee\/en\/wp-json\/wp\/v2\/types\/product"}],"replies":[{"embeddable":true,"href":"https:\/\/fit360.ee\/en\/wp-json\/wp\/v2\/comments?post=63023"}],"wp:featuredmedia":[{"embeddable":true,"href":"https:\/\/fit360.ee\/en\/wp-json\/wp\/v2\/media\/84470"}],"wp:attachment":[{"href":"https:\/\/fit360.ee\/en\/wp-json\/wp\/v2\/media?parent=63023"}],"wp:term":[{"taxonomy":"product_brand","embeddable":true,"href":"https:\/\/fit360.ee\/en\/wp-json\/wp\/v2\/product_brand?post=63023"},{"taxonomy":"product_cat","embeddable":true,"href":"https:\/\/fit360.ee\/en\/wp-json\/wp\/v2\/product_cat?post=63023"},{"taxonomy":"product_tag","embeddable":true,"href":"https:\/\/fit360.ee\/en\/wp-json\/wp\/v2\/product_tag?post=63023"},{"taxonomy":"giftcard-category","embeddable":true,"href":"https:\/\/fit360.ee\/en\/wp-json\/wp\/v2\/giftcard-category?post=63023"}],"curies":[{"name":"wp","href":"https:\/\/api.w.org\/{rel}","templated":true}]}}