{"id":63090,"date":"2022-06-15T15:22:38","date_gmt":"2022-06-15T13:22:38","guid":{"rendered":"https:\/\/fit360.ee\/pood\/uncategorized\/ostrovit-shaker-700ml\/"},"modified":"2025-08-13T07:38:37","modified_gmt":"2025-08-13T05:38:37","slug":"ostrovit-shaker-700ml","status":"publish","type":"product","link":"https:\/\/fit360.ee\/en\/pood\/training-equipment-en\/shakers-en\/ostrovit-shaker-700ml\/","title":{"rendered":"Ostrovit Shaker (700ml)"},"content":{"rendered":"<h1><strong>OstroVit Shaker 700 ml<\/strong><\/h1>\n<p>OstroVit Shaker 700 ml on standardsete v\u00e4rviliste t\u00f6\u00f6kindlate \u0161eikerite sari, mida saad n\u00fc\u00fcdsest kaasa v\u00f5tta, kuhu iganes soovid. Kas see on raske j\u00f5utreening, reis m\u00e4gedesse v\u00f5i v\u00f5ib-olla lihtsalt jalutusk\u00e4ik. Valage lihtsalt vett v\u00f5i oma lemmik valgukokteili, mis asendab Teie eine, mille valmistamiseks kulub sageli palju aega. OstroVit Shaker on Teie valik !!<\/p>\n<p><a href=\"https:\/\/fit360.ee\/wp-content\/uploads\/2022\/06\/shaker-ostrovit-fit360.ee-1-800x312.jpg\"><img loading=\"lazy\" decoding=\"async\" class=\"size-medium wp-image-63082\" src=\"https:\/\/fit360.ee\/wp-content\/uploads\/2022\/06\/shaker-ostrovit-fit360.ee-1-800x312.jpg\" alt=\"shaker ostrovit - fit360.ee\" width=\"800\" height=\"312\" srcset=\"https:\/\/fit360.ee\/wp-content\/uploads\/2022\/06\/shaker-ostrovit-fit360.ee-1-800x312.jpg 800w, https:\/\/fit360.ee\/wp-content\/uploads\/2022\/06\/shaker-ostrovit-fit360.ee-1-510x199.jpg 510w, https:\/\/fit360.ee\/wp-content\/uploads\/2022\/06\/shaker-ostrovit-fit360.ee-1-768x300.jpg 768w, https:\/\/fit360.ee\/wp-content\/uploads\/2022\/06\/shaker-ostrovit-fit360.ee-1.jpg 922w\" sizes=\"auto, (max-width: 800px) 100vw, 800px\" \/><\/a><\/p>\n<p><strong>OstroVit Shaker<\/strong><\/p>\n<p>Shakeri maht on 700 ml ja selle konstruktsioon kaitseb t\u00f5husalt toidulisandite lekkimise eest. Shaker on toiduga kokkupuutel t\u00e4iesti ohutu. T\u00e4nu sellele, et see on l\u00e4bipaistev, saate oma valmistatud joogi kogust h\u00f5lpsasti m\u00f5\u00f5ta. Heaks abilisels on shakeri m\u00f5\u00f5teskaala, mis asub \u0161eikeri tagak\u00fcljel. Oma lemmikvalgukokteilide loomisel kasutage spetsiaalset s\u00f5ela, mis on komplektis kaasas.<\/p>\n<h4><strong>Omadused:<\/strong><\/h4>\n<ul>\n<li>S\u00f5el, mis aitab toidulisandit segada<\/li>\n<li>Lihtne puhastada<\/li>\n<li>Maht 700 ml<\/li>\n<li>L\u00e4bipaistev<\/li>\n<li>Mugav ja vastupidav<\/li>\n<\/ul>\n<p><strong>V\u00e4rvus<\/strong>: L\u00e4bipaistev Must; L\u00e4bipaistev Rohelie<\/p>\n<p><strong>Suurus<\/strong>: 700ml<\/p>\n<p>Vaata ka meie teisi Shakereid <a href=\"https:\/\/fit360.ee\/en\/product-category\/training-equipment-en\/shakers-en\/\"><strong>SIIT<\/strong><\/a>!<\/p>\n<p>Soovid kaupa osta suuremas koguses? Vaata antud toodet ka meie HULGI poest\u00a0<a href=\"https:\/\/toidulisandidhulgi.ee\/product\/ostrovit-shaker-700ml\/\"><strong>SIIT<\/strong><\/a>!<\/p>\n","protected":false},"excerpt":{"rendered":"<ul>\n<li>S\u00f5el, mis aitab toidulisandit segada<\/li>\n<li>Lihtne puhastada<\/li>\n<li>Maht 700 ml<\/li>\n<li>L\u00e4bipaistev<\/li>\n<li>Mugav ja vastupidav<\/li>\n<\/ul>\n","protected":false},"featured_media":63085,"comment_status":"closed","ping_status":"closed","template":"","meta":[],"product_brand":[],"product_cat":[551],"product_tag":[3810,3811,1865],"giftcard-category":[],"class_list":{"0":"post-63090","1":"product","2":"type-product","3":"status-publish","4":"has-post-thumbnail","6":"product_cat-shakers-en","7":"product_tag-ostrovit-shaker-en","8":"product_tag-ostrovit-shaker-700-ml-en","9":"product_tag-shaker-en","10":"pa_varvus-labipaistev-kollane-en","11":"pa_varvus-labipaistev-must-en","12":"pa_varvus-labipaistev-roheline-en","13":"pa_varvus-labipaistev-roosa-en","14":"pa_varvus-transparent-blue","16":"first","17":"outofstock","18":"sale","19":"taxable","20":"shipping-taxable","21":"purchasable","22":"product-type-variable"},"yoast_head":"<!-- This site is optimized with the Yoast SEO plugin v27.3 - https:\/\/yoast.com\/product\/yoast-seo-wordpress\/ -->\n<title>Ostrovit Shaker (700ml) - Kiire Tarne - Joogipudel - Fit360<\/title>\n<meta name=\"description\" content=\"OstroVit Shaker 700 ml on standardsete v\u00e4rviliste t\u00f6\u00f6kindlate \u0161eikerite sari, mida saad n\u00fc\u00fcdsest kaasa v\u00f5tta, kuhu iganes soovid.\" \/>\n<meta name=\"robots\" content=\"index, follow, max-snippet:-1, max-image-preview:large, max-video-preview:-1\" \/>\n<link rel=\"canonical\" href=\"https:\/\/fit360.ee\/en\/pood\/training-equipment-en\/shakers-en\/ostrovit-shaker-700ml\/\" \/>\n<meta property=\"og:locale\" content=\"en_US\" \/>\n<meta property=\"og:type\" content=\"article\" \/>\n<meta property=\"og:title\" content=\"Ostrovit Shaker (700ml) - Kiire Tarne - Joogipudel - Fit360\" \/>\n<meta property=\"og:description\" content=\"OstroVit Shaker 700 ml on standardsete v\u00e4rviliste t\u00f6\u00f6kindlate \u0161eikerite sari, mida saad n\u00fc\u00fcdsest kaasa v\u00f5tta, kuhu iganes soovid.\" \/>\n<meta property=\"og:url\" content=\"https:\/\/fit360.ee\/en\/pood\/training-equipment-en\/shakers-en\/ostrovit-shaker-700ml\/\" \/>\n<meta property=\"og:site_name\" content=\"Fit360\" \/>\n<meta property=\"article:modified_time\" content=\"2025-08-13T05:38:37+00:00\" \/>\n<meta property=\"og:image\" content=\"https:\/\/fit360.ee\/wp-content\/uploads\/2022\/06\/ostrovit-shaker-fit360.ee_.png\" \/>\n\t<meta property=\"og:image:width\" content=\"450\" \/>\n\t<meta property=\"og:image:height\" content=\"450\" \/>\n\t<meta property=\"og:image:type\" content=\"image\/png\" \/>\n<meta name=\"twitter:card\" content=\"summary_large_image\" \/>\n<meta name=\"twitter:label1\" content=\"Est. reading time\" \/>\n\t<meta name=\"twitter:data1\" content=\"1 minute\" \/>\n<script type=\"application\/ld+json\" class=\"yoast-schema-graph\">{\"@context\":\"https:\\\/\\\/schema.org\",\"@graph\":[{\"@type\":\"WebPage\",\"@id\":\"https:\\\/\\\/fit360.ee\\\/en\\\/pood\\\/training-equipment-en\\\/shakers-en\\\/ostrovit-shaker-700ml\\\/\",\"url\":\"https:\\\/\\\/fit360.ee\\\/en\\\/pood\\\/training-equipment-en\\\/shakers-en\\\/ostrovit-shaker-700ml\\\/\",\"name\":\"Ostrovit Shaker (700ml) - Kiire Tarne - Joogipudel - Fit360\",\"isPartOf\":{\"@id\":\"https:\\\/\\\/fit360.ee\\\/en\\\/#website\"},\"primaryImageOfPage\":{\"@id\":\"https:\\\/\\\/fit360.ee\\\/en\\\/pood\\\/training-equipment-en\\\/shakers-en\\\/ostrovit-shaker-700ml\\\/#primaryimage\"},\"image\":{\"@id\":\"https:\\\/\\\/fit360.ee\\\/en\\\/pood\\\/training-equipment-en\\\/shakers-en\\\/ostrovit-shaker-700ml\\\/#primaryimage\"},\"thumbnailUrl\":\"https:\\\/\\\/fit360.ee\\\/wp-content\\\/uploads\\\/2022\\\/06\\\/ostrovit-shaker-fit360.ee_.png\",\"datePublished\":\"2022-06-15T13:22:38+00:00\",\"dateModified\":\"2025-08-13T05:38:37+00:00\",\"description\":\"OstroVit Shaker 700 ml on standardsete v\u00e4rviliste t\u00f6\u00f6kindlate \u0161eikerite sari, mida saad n\u00fc\u00fcdsest kaasa v\u00f5tta, kuhu iganes soovid.\",\"breadcrumb\":{\"@id\":\"https:\\\/\\\/fit360.ee\\\/en\\\/pood\\\/training-equipment-en\\\/shakers-en\\\/ostrovit-shaker-700ml\\\/#breadcrumb\"},\"inLanguage\":\"en-US\",\"potentialAction\":[{\"@type\":\"ReadAction\",\"target\":[\"https:\\\/\\\/fit360.ee\\\/en\\\/pood\\\/training-equipment-en\\\/shakers-en\\\/ostrovit-shaker-700ml\\\/\"]}]},{\"@type\":\"ImageObject\",\"inLanguage\":\"en-US\",\"@id\":\"https:\\\/\\\/fit360.ee\\\/en\\\/pood\\\/training-equipment-en\\\/shakers-en\\\/ostrovit-shaker-700ml\\\/#primaryimage\",\"url\":\"https:\\\/\\\/fit360.ee\\\/wp-content\\\/uploads\\\/2022\\\/06\\\/ostrovit-shaker-fit360.ee_.png\",\"contentUrl\":\"https:\\\/\\\/fit360.ee\\\/wp-content\\\/uploads\\\/2022\\\/06\\\/ostrovit-shaker-fit360.ee_.png\",\"width\":450,\"height\":450,\"caption\":\"ostrovit shaker - fit360.ee\"},{\"@type\":\"BreadcrumbList\",\"@id\":\"https:\\\/\\\/fit360.ee\\\/en\\\/pood\\\/training-equipment-en\\\/shakers-en\\\/ostrovit-shaker-700ml\\\/#breadcrumb\",\"itemListElement\":[{\"@type\":\"ListItem\",\"position\":1,\"name\":\"Home\",\"item\":\"https:\\\/\\\/fit360.ee\\\/en\\\/\"},{\"@type\":\"ListItem\",\"position\":2,\"name\":\"Shop\",\"item\":\"https:\\\/\\\/fit360.ee\\\/en\\\/shop\\\/\"},{\"@type\":\"ListItem\",\"position\":3,\"name\":\"Ostrovit Shaker (700ml)\"}]},{\"@type\":\"WebSite\",\"@id\":\"https:\\\/\\\/fit360.ee\\\/en\\\/#website\",\"url\":\"https:\\\/\\\/fit360.ee\\\/en\\\/\",\"name\":\"Fit360\",\"description\":\"\",\"publisher\":{\"@id\":\"https:\\\/\\\/fit360.ee\\\/en\\\/#organization\"},\"potentialAction\":[{\"@type\":\"SearchAction\",\"target\":{\"@type\":\"EntryPoint\",\"urlTemplate\":\"https:\\\/\\\/fit360.ee\\\/en\\\/?s={search_term_string}\"},\"query-input\":{\"@type\":\"PropertyValueSpecification\",\"valueRequired\":true,\"valueName\":\"search_term_string\"}}],\"inLanguage\":\"en-US\"},{\"@type\":\"Organization\",\"@id\":\"https:\\\/\\\/fit360.ee\\\/en\\\/#organization\",\"name\":\"Fit360\",\"url\":\"https:\\\/\\\/fit360.ee\\\/en\\\/\",\"logo\":{\"@type\":\"ImageObject\",\"inLanguage\":\"en-US\",\"@id\":\"https:\\\/\\\/fit360.ee\\\/en\\\/#\\\/schema\\\/logo\\\/image\\\/\",\"url\":\"https:\\\/\\\/fit360.ee\\\/wp-content\\\/uploads\\\/2017\\\/01\\\/logo-fit360.png\",\"contentUrl\":\"https:\\\/\\\/fit360.ee\\\/wp-content\\\/uploads\\\/2017\\\/01\\\/logo-fit360.png\",\"width\":180,\"height\":66,\"caption\":\"Fit360\"},\"image\":{\"@id\":\"https:\\\/\\\/fit360.ee\\\/en\\\/#\\\/schema\\\/logo\\\/image\\\/\"}}]}<\/script>\n<!-- \/ Yoast SEO plugin. -->","yoast_head_json":{"title":"Ostrovit Shaker (700ml) - Kiire Tarne - Joogipudel - Fit360","description":"OstroVit Shaker 700 ml on standardsete v\u00e4rviliste t\u00f6\u00f6kindlate \u0161eikerite sari, mida saad n\u00fc\u00fcdsest kaasa v\u00f5tta, kuhu iganes soovid.","robots":{"index":"index","follow":"follow","max-snippet":"max-snippet:-1","max-image-preview":"max-image-preview:large","max-video-preview":"max-video-preview:-1"},"canonical":"https:\/\/fit360.ee\/en\/pood\/training-equipment-en\/shakers-en\/ostrovit-shaker-700ml\/","og_locale":"en_US","og_type":"article","og_title":"Ostrovit Shaker (700ml) - Kiire Tarne - Joogipudel - Fit360","og_description":"OstroVit Shaker 700 ml on standardsete v\u00e4rviliste t\u00f6\u00f6kindlate \u0161eikerite sari, mida saad n\u00fc\u00fcdsest kaasa v\u00f5tta, kuhu iganes soovid.","og_url":"https:\/\/fit360.ee\/en\/pood\/training-equipment-en\/shakers-en\/ostrovit-shaker-700ml\/","og_site_name":"Fit360","article_modified_time":"2025-08-13T05:38:37+00:00","og_image":[{"width":450,"height":450,"url":"https:\/\/fit360.ee\/wp-content\/uploads\/2022\/06\/ostrovit-shaker-fit360.ee_.png","type":"image\/png"}],"twitter_card":"summary_large_image","twitter_misc":{"Est. reading time":"1 minute"},"schema":{"@context":"https:\/\/schema.org","@graph":[{"@type":"WebPage","@id":"https:\/\/fit360.ee\/en\/pood\/training-equipment-en\/shakers-en\/ostrovit-shaker-700ml\/","url":"https:\/\/fit360.ee\/en\/pood\/training-equipment-en\/shakers-en\/ostrovit-shaker-700ml\/","name":"Ostrovit Shaker (700ml) - Kiire Tarne - Joogipudel - Fit360","isPartOf":{"@id":"https:\/\/fit360.ee\/en\/#website"},"primaryImageOfPage":{"@id":"https:\/\/fit360.ee\/en\/pood\/training-equipment-en\/shakers-en\/ostrovit-shaker-700ml\/#primaryimage"},"image":{"@id":"https:\/\/fit360.ee\/en\/pood\/training-equipment-en\/shakers-en\/ostrovit-shaker-700ml\/#primaryimage"},"thumbnailUrl":"https:\/\/fit360.ee\/wp-content\/uploads\/2022\/06\/ostrovit-shaker-fit360.ee_.png","datePublished":"2022-06-15T13:22:38+00:00","dateModified":"2025-08-13T05:38:37+00:00","description":"OstroVit Shaker 700 ml on standardsete v\u00e4rviliste t\u00f6\u00f6kindlate \u0161eikerite sari, mida saad n\u00fc\u00fcdsest kaasa v\u00f5tta, kuhu iganes soovid.","breadcrumb":{"@id":"https:\/\/fit360.ee\/en\/pood\/training-equipment-en\/shakers-en\/ostrovit-shaker-700ml\/#breadcrumb"},"inLanguage":"en-US","potentialAction":[{"@type":"ReadAction","target":["https:\/\/fit360.ee\/en\/pood\/training-equipment-en\/shakers-en\/ostrovit-shaker-700ml\/"]}]},{"@type":"ImageObject","inLanguage":"en-US","@id":"https:\/\/fit360.ee\/en\/pood\/training-equipment-en\/shakers-en\/ostrovit-shaker-700ml\/#primaryimage","url":"https:\/\/fit360.ee\/wp-content\/uploads\/2022\/06\/ostrovit-shaker-fit360.ee_.png","contentUrl":"https:\/\/fit360.ee\/wp-content\/uploads\/2022\/06\/ostrovit-shaker-fit360.ee_.png","width":450,"height":450,"caption":"ostrovit shaker - fit360.ee"},{"@type":"BreadcrumbList","@id":"https:\/\/fit360.ee\/en\/pood\/training-equipment-en\/shakers-en\/ostrovit-shaker-700ml\/#breadcrumb","itemListElement":[{"@type":"ListItem","position":1,"name":"Home","item":"https:\/\/fit360.ee\/en\/"},{"@type":"ListItem","position":2,"name":"Shop","item":"https:\/\/fit360.ee\/en\/shop\/"},{"@type":"ListItem","position":3,"name":"Ostrovit Shaker (700ml)"}]},{"@type":"WebSite","@id":"https:\/\/fit360.ee\/en\/#website","url":"https:\/\/fit360.ee\/en\/","name":"Fit360","description":"","publisher":{"@id":"https:\/\/fit360.ee\/en\/#organization"},"potentialAction":[{"@type":"SearchAction","target":{"@type":"EntryPoint","urlTemplate":"https:\/\/fit360.ee\/en\/?s={search_term_string}"},"query-input":{"@type":"PropertyValueSpecification","valueRequired":true,"valueName":"search_term_string"}}],"inLanguage":"en-US"},{"@type":"Organization","@id":"https:\/\/fit360.ee\/en\/#organization","name":"Fit360","url":"https:\/\/fit360.ee\/en\/","logo":{"@type":"ImageObject","inLanguage":"en-US","@id":"https:\/\/fit360.ee\/en\/#\/schema\/logo\/image\/","url":"https:\/\/fit360.ee\/wp-content\/uploads\/2017\/01\/logo-fit360.png","contentUrl":"https:\/\/fit360.ee\/wp-content\/uploads\/2017\/01\/logo-fit360.png","width":180,"height":66,"caption":"Fit360"},"image":{"@id":"https:\/\/fit360.ee\/en\/#\/schema\/logo\/image\/"}}]}},"_links":{"self":[{"href":"https:\/\/fit360.ee\/en\/wp-json\/wp\/v2\/product\/63090","targetHints":{"allow":["GET"]}}],"collection":[{"href":"https:\/\/fit360.ee\/en\/wp-json\/wp\/v2\/product"}],"about":[{"href":"https:\/\/fit360.ee\/en\/wp-json\/wp\/v2\/types\/product"}],"replies":[{"embeddable":true,"href":"https:\/\/fit360.ee\/en\/wp-json\/wp\/v2\/comments?post=63090"}],"wp:featuredmedia":[{"embeddable":true,"href":"https:\/\/fit360.ee\/en\/wp-json\/wp\/v2\/media\/63085"}],"wp:attachment":[{"href":"https:\/\/fit360.ee\/en\/wp-json\/wp\/v2\/media?parent=63090"}],"wp:term":[{"taxonomy":"product_brand","embeddable":true,"href":"https:\/\/fit360.ee\/en\/wp-json\/wp\/v2\/product_brand?post=63090"},{"taxonomy":"product_cat","embeddable":true,"href":"https:\/\/fit360.ee\/en\/wp-json\/wp\/v2\/product_cat?post=63090"},{"taxonomy":"product_tag","embeddable":true,"href":"https:\/\/fit360.ee\/en\/wp-json\/wp\/v2\/product_tag?post=63090"},{"taxonomy":"giftcard-category","embeddable":true,"href":"https:\/\/fit360.ee\/en\/wp-json\/wp\/v2\/giftcard-category?post=63090"}],"curies":[{"name":"wp","href":"https:\/\/api.w.org\/{rel}","templated":true}]}}