{"id":63099,"date":"2022-06-15T15:47:40","date_gmt":"2022-06-15T13:47:40","guid":{"rendered":"https:\/\/fit360.ee\/pood\/uncategorized\/pre-workout-shot-80ml\/"},"modified":"2025-08-13T07:38:01","modified_gmt":"2025-08-13T05:38:01","slug":"pre-workout-shot-80ml","status":"publish","type":"product","link":"https:\/\/fit360.ee\/en\/pood\/product-groups\/amino-acids-bcaa\/beta-alanine-en\/pre-workout-shot-80ml\/","title":{"rendered":"Pre Workout Shot (80ml)"},"content":{"rendered":"<h1><strong>Pre Workout Shot<\/strong><\/h1>\n<p>Kas soovite oma treeningust t\u00e4ielikult \u00e4ra kasutada? Kas soovite oma j\u00f5udlust ja uinuvat j\u00f5udu maksimeerida? Pole vahet, kas valite jalgratta-, kangi- v\u00f5i m\u00f5rvarliku triatloni v\u00e4ljakutse &#8211; Pre Workout Shot aitab Teid maksimaalselt k\u00e4ivitada.<\/p>\n<p>OstroVit Pre Workout Shot on professionaalne treeningeelne toode, mis p\u00f5hineb neljal s\u00fcnergiliselt teineteist t\u00e4iendaval toimeainel, mis koos muudavad teie treeningu veelgi paremaks, veelgi intensiivsemaks. See on t\u00f5eline j\u00f5ud ja energia kokkusurutud kujul. Minge j\u00e4rgmisele tasemele ja t\u00f5estage, et suudate j\u00f5uda v\u00f5imatuni. See sisaldab k\u00f5ige t\u00f5husamate ainete kompleksi, mille eesm\u00e4rk on suurendada j\u00f5udu, keskendumist, lihaspumpa ning soodustada paremat ja intensiivsemat treeningut.<\/p>\n<p><a href=\"https:\/\/fit360.ee\/wp-content\/uploads\/2022\/06\/ostrovit-shot-fit360.ee-1-800x312.jpg\"><img loading=\"lazy\" decoding=\"async\" class=\"size-medium wp-image-63095\" src=\"https:\/\/fit360.ee\/wp-content\/uploads\/2022\/06\/ostrovit-shot-fit360.ee-1-800x312.jpg\" alt=\"ostrovit shot - fit360.ee\" width=\"800\" height=\"312\" srcset=\"https:\/\/fit360.ee\/wp-content\/uploads\/2022\/06\/ostrovit-shot-fit360.ee-1-800x312.jpg 800w, https:\/\/fit360.ee\/wp-content\/uploads\/2022\/06\/ostrovit-shot-fit360.ee-1-510x199.jpg 510w, https:\/\/fit360.ee\/wp-content\/uploads\/2022\/06\/ostrovit-shot-fit360.ee-1-768x300.jpg 768w, https:\/\/fit360.ee\/wp-content\/uploads\/2022\/06\/ostrovit-shot-fit360.ee-1.jpg 922w\" sizes=\"auto, (max-width: 800px) 100vw, 800px\" \/><\/a><\/p>\n<p><strong>OstroVit SHOT<\/strong><\/p>\n<p>OstroVit SHOT-i iseloomustab ainulaadne, intensiivne ja aromaatne tsitruse-laimi maitse, mis viib Teid troopilisse v\u00e4rskuse seisundisse ja m\u00f5ne aja p\u00e4rast tunnete t\u00f5eliselt elektristavat energiat ja valmisolekut oma parimaks ja unistuste treeninguks.<\/p>\n<p>T\u00c4HELEPANU! Kipitustunne v\u00f5i n\u00f6\u00f6pn\u00f5elade torkimise tunne on <a href=\"https:\/\/fit360.ee\/en\/product-category\/product-groups\/amino-acids-bcaa\/beta-alanine-en\/\"><strong>beeta-alaniini<\/strong><\/a> tavaline toime. See on organismi loomulik reaktsioon selle toimeaine k\u00f5rgele sisaldusele, mida m\u00f5ned peavad eeliseks ja t\u00e4iendavaks motivatsioonipolitseinikuks.<\/p>\n<h4><strong>Omadused:<\/strong><\/h4>\n<ul>\n<li>H\u00e4mmastav lihaspump treenimiseks<\/li>\n<li>Keskendumine<\/li>\n<li>Suurenenud j\u00f5ud ja vastupidavus<\/li>\n<li>V\u00f5imas energiat\u00f5us<\/li>\n<li>Stimuleerivad ja elektrifitseerivad j\u00f5uallikad pikaks ajaks<\/li>\n<li>4 portsjonit \u00fches ampullis<\/li>\n<li>Sensatsiooniline, v\u00e4rskendav tsitruse-laimi maitse<\/li>\n<li>Ei mingit suhkrut ja rasva<\/li>\n<\/ul>\n<p><strong>Koostisosad<\/strong>: Vesi, beeta-alaniin, A-AKG (L-arginiini alfa-ketoglutaraat), tsitrulliinmalaat, hape &#8211; sidrunhape; veevaba kofeiin, aroomid, happesuse regulaator &#8211; trinaatriumtsitraat; maltodekstriin, magusained: atsesulfaam K, sukraloos, neotaam; s\u00e4ilitusained: naatriumbensoaat, kaaliumsorbaat.<\/p>\n<p><strong>Kasutamine<\/strong>: \u00dcks portsjon (20 ml &#8211; 4 teelusikat\u00e4it) tarbida 3 korda p\u00e4evas koos toiduga.<\/p>\n<p><strong>Suurus<\/strong>: 80ml &#8211; 4 serveeringut<\/p>\n<section class=\"projector__description--nutritional row\" data-selector=\".--nutritional\">\n<div class=\"col-12 col-md-10 col-lg-8\">\n<div class=\"--nutrit\">\n<div class=\"nutrition_table_wrapper\">\n<div class=\"table_wrapper\">\n<table>\n<tbody>\n<tr>\n<th>Aktiivsed Toimeained<\/th>\n<th>1 serveering &#8211; 20ml<\/th>\n<\/tr>\n<tr>\n<td>Beeta-alaniin<\/td>\n<td>800 mg<\/td>\n<\/tr>\n<tr>\n<td>L-arginiin alfa ketoglutraat (2:1)<\/td>\n<td>400 mg<\/td>\n<\/tr>\n<tr>\n<td>Tsitrulliin Malaat<\/td>\n<td>200 mg<\/td>\n<\/tr>\n<tr>\n<td>Veevaba Kofeiin<\/td>\n<td>100 mg<\/td>\n<\/tr>\n<\/tbody>\n<\/table>\n<\/div>\n<\/div>\n<p>Vaata ka meie Teisi Pre Workoute <a href=\"https:\/\/fit360.ee\/en\/product-category\/product-groups\/pre-workout-en\/\"><strong>SIIT<\/strong><\/a> v\u00f5i SHOT-e <a href=\"https:\/\/fit360.ee\/en\/product-category\/product-groups\/drinks-shots\/\"><strong>SIIT<\/strong><\/a>!<\/p>\n<\/div>\n<\/div>\n<\/section>\n<div class=\"--label col-12\"><\/div>\n","protected":false},"excerpt":{"rendered":"<ul>\n<li>H\u00e4mmastav lihaspump treenimiseks<\/li>\n<li>Keskendumine<\/li>\n<li>Suurenenud j\u00f5ud ja vastupidavus<\/li>\n<li>V\u00f5imas energiat\u00f5us<\/li>\n<li>Stimuleerivad ja elektrifitseerivad j\u00f5uallikad pikaks ajaks<\/li>\n<li>4 portsjonit \u00fches ampullis<\/li>\n<li>Sensatsiooniline, v\u00e4rskendav tsitruse-laimi maitse<\/li>\n<li>Ei mingit suhkrut ja rasva<\/li>\n<\/ul>\n","protected":false},"featured_media":84520,"comment_status":"closed","ping_status":"closed","template":"","meta":[],"product_brand":[],"product_cat":[2303,5324,2314,523,2311,1329,533],"product_tag":[1924,3815],"giftcard-category":[],"class_list":{"0":"post-63099","1":"product","2":"type-product","3":"status-publish","4":"has-post-thumbnail","6":"product_cat-beta-alanine-en","7":"product_cat-caffeine-en","8":"product_cat-citrulline-en","9":"product_cat-drinks-shots","10":"product_cat-l-arginine-en","11":"product_cat-ostrovit-en","12":"product_cat-pre-workout-en","13":"product_tag-ostrovit-en","14":"product_tag-pre-workout-shot-en","15":"pa_maitse-citrus","16":"pa_toidulisand-branddd-ostrovit","17":"pa_tootegruppp-beeta-alaniin-en","18":"pa_tootegruppp-drinksshots","19":"pa_tootegruppp-kofeiin-en","20":"pa_tootegruppp-l-arginiin-en","21":"pa_tootegruppp-pre-workout","22":"pa_tootegruppp-tsitrulliin-en","24":"first","25":"instock","26":"sale","27":"taxable","28":"shipping-taxable","29":"purchasable","30":"product-type-simple"},"yoast_head":"<!-- This site is optimized with the Yoast SEO plugin v27.3 - https:\/\/yoast.com\/product\/yoast-seo-wordpress\/ -->\n<title>Pre Workout Shot (80ml) - Treeningeelne erguti - Kiire Tarne - Fit360<\/title>\n<meta name=\"description\" content=\"Pre Workout Shot on professionaalne treeningeelne toode, mis p\u00f5hineb neljal s\u00fcnergiliselt teineteist t\u00e4iendaval toimeainel.\" \/>\n<meta name=\"robots\" content=\"index, follow, max-snippet:-1, max-image-preview:large, max-video-preview:-1\" \/>\n<link rel=\"canonical\" href=\"https:\/\/fit360.ee\/en\/pood\/product-groups\/amino-acids-bcaa\/beta-alanine-en\/pre-workout-shot-80ml\/\" \/>\n<meta property=\"og:locale\" content=\"en_US\" \/>\n<meta property=\"og:type\" content=\"article\" \/>\n<meta property=\"og:title\" content=\"Pre Workout Shot (80ml) - Treeningeelne erguti - Kiire Tarne - Fit360\" \/>\n<meta property=\"og:description\" content=\"Pre Workout Shot on professionaalne treeningeelne toode, mis p\u00f5hineb neljal s\u00fcnergiliselt teineteist t\u00e4iendaval toimeainel.\" \/>\n<meta property=\"og:url\" content=\"https:\/\/fit360.ee\/en\/pood\/product-groups\/amino-acids-bcaa\/beta-alanine-en\/pre-workout-shot-80ml\/\" \/>\n<meta property=\"og:site_name\" content=\"Fit360\" \/>\n<meta property=\"article:modified_time\" content=\"2025-08-13T05:38:01+00:00\" \/>\n<meta property=\"og:image\" content=\"https:\/\/fit360.ee\/wp-content\/uploads\/2022\/06\/ostrovit-pre-workout-shot-fit360.ee-1.png\" \/>\n\t<meta property=\"og:image:width\" content=\"1000\" \/>\n\t<meta property=\"og:image:height\" content=\"1000\" \/>\n\t<meta property=\"og:image:type\" content=\"image\/png\" \/>\n<meta name=\"twitter:card\" content=\"summary_large_image\" \/>\n<meta name=\"twitter:label1\" content=\"Est. reading time\" \/>\n\t<meta name=\"twitter:data1\" content=\"2 minutes\" \/>\n<script type=\"application\/ld+json\" class=\"yoast-schema-graph\">{\"@context\":\"https:\\\/\\\/schema.org\",\"@graph\":[{\"@type\":\"WebPage\",\"@id\":\"https:\\\/\\\/fit360.ee\\\/en\\\/pood\\\/product-groups\\\/amino-acids-bcaa\\\/beta-alanine-en\\\/pre-workout-shot-80ml\\\/\",\"url\":\"https:\\\/\\\/fit360.ee\\\/en\\\/pood\\\/product-groups\\\/amino-acids-bcaa\\\/beta-alanine-en\\\/pre-workout-shot-80ml\\\/\",\"name\":\"Pre Workout Shot (80ml) - Treeningeelne erguti - Kiire Tarne - Fit360\",\"isPartOf\":{\"@id\":\"https:\\\/\\\/fit360.ee\\\/en\\\/#website\"},\"primaryImageOfPage\":{\"@id\":\"https:\\\/\\\/fit360.ee\\\/en\\\/pood\\\/product-groups\\\/amino-acids-bcaa\\\/beta-alanine-en\\\/pre-workout-shot-80ml\\\/#primaryimage\"},\"image\":{\"@id\":\"https:\\\/\\\/fit360.ee\\\/en\\\/pood\\\/product-groups\\\/amino-acids-bcaa\\\/beta-alanine-en\\\/pre-workout-shot-80ml\\\/#primaryimage\"},\"thumbnailUrl\":\"https:\\\/\\\/fit360.ee\\\/wp-content\\\/uploads\\\/2022\\\/06\\\/ostrovit-pre-workout-shot-fit360.ee-1.png\",\"datePublished\":\"2022-06-15T13:47:40+00:00\",\"dateModified\":\"2025-08-13T05:38:01+00:00\",\"description\":\"Pre Workout Shot on professionaalne treeningeelne toode, mis p\u00f5hineb neljal s\u00fcnergiliselt teineteist t\u00e4iendaval toimeainel.\",\"breadcrumb\":{\"@id\":\"https:\\\/\\\/fit360.ee\\\/en\\\/pood\\\/product-groups\\\/amino-acids-bcaa\\\/beta-alanine-en\\\/pre-workout-shot-80ml\\\/#breadcrumb\"},\"inLanguage\":\"en-US\",\"potentialAction\":[{\"@type\":\"ReadAction\",\"target\":[\"https:\\\/\\\/fit360.ee\\\/en\\\/pood\\\/product-groups\\\/amino-acids-bcaa\\\/beta-alanine-en\\\/pre-workout-shot-80ml\\\/\"]}]},{\"@type\":\"ImageObject\",\"inLanguage\":\"en-US\",\"@id\":\"https:\\\/\\\/fit360.ee\\\/en\\\/pood\\\/product-groups\\\/amino-acids-bcaa\\\/beta-alanine-en\\\/pre-workout-shot-80ml\\\/#primaryimage\",\"url\":\"https:\\\/\\\/fit360.ee\\\/wp-content\\\/uploads\\\/2022\\\/06\\\/ostrovit-pre-workout-shot-fit360.ee-1.png\",\"contentUrl\":\"https:\\\/\\\/fit360.ee\\\/wp-content\\\/uploads\\\/2022\\\/06\\\/ostrovit-pre-workout-shot-fit360.ee-1.png\",\"width\":1000,\"height\":1000,\"caption\":\"ostrovit pre-workout shot - fit360.ee\"},{\"@type\":\"BreadcrumbList\",\"@id\":\"https:\\\/\\\/fit360.ee\\\/en\\\/pood\\\/product-groups\\\/amino-acids-bcaa\\\/beta-alanine-en\\\/pre-workout-shot-80ml\\\/#breadcrumb\",\"itemListElement\":[{\"@type\":\"ListItem\",\"position\":1,\"name\":\"Home\",\"item\":\"https:\\\/\\\/fit360.ee\\\/en\\\/\"},{\"@type\":\"ListItem\",\"position\":2,\"name\":\"Shop\",\"item\":\"https:\\\/\\\/fit360.ee\\\/en\\\/shop\\\/\"},{\"@type\":\"ListItem\",\"position\":3,\"name\":\"Pre Workout Shot (80ml)\"}]},{\"@type\":\"WebSite\",\"@id\":\"https:\\\/\\\/fit360.ee\\\/en\\\/#website\",\"url\":\"https:\\\/\\\/fit360.ee\\\/en\\\/\",\"name\":\"Fit360\",\"description\":\"\",\"publisher\":{\"@id\":\"https:\\\/\\\/fit360.ee\\\/en\\\/#organization\"},\"potentialAction\":[{\"@type\":\"SearchAction\",\"target\":{\"@type\":\"EntryPoint\",\"urlTemplate\":\"https:\\\/\\\/fit360.ee\\\/en\\\/?s={search_term_string}\"},\"query-input\":{\"@type\":\"PropertyValueSpecification\",\"valueRequired\":true,\"valueName\":\"search_term_string\"}}],\"inLanguage\":\"en-US\"},{\"@type\":\"Organization\",\"@id\":\"https:\\\/\\\/fit360.ee\\\/en\\\/#organization\",\"name\":\"Fit360\",\"url\":\"https:\\\/\\\/fit360.ee\\\/en\\\/\",\"logo\":{\"@type\":\"ImageObject\",\"inLanguage\":\"en-US\",\"@id\":\"https:\\\/\\\/fit360.ee\\\/en\\\/#\\\/schema\\\/logo\\\/image\\\/\",\"url\":\"https:\\\/\\\/fit360.ee\\\/wp-content\\\/uploads\\\/2017\\\/01\\\/logo-fit360.png\",\"contentUrl\":\"https:\\\/\\\/fit360.ee\\\/wp-content\\\/uploads\\\/2017\\\/01\\\/logo-fit360.png\",\"width\":180,\"height\":66,\"caption\":\"Fit360\"},\"image\":{\"@id\":\"https:\\\/\\\/fit360.ee\\\/en\\\/#\\\/schema\\\/logo\\\/image\\\/\"}}]}<\/script>\n<!-- \/ Yoast SEO plugin. -->","yoast_head_json":{"title":"Pre Workout Shot (80ml) - Treeningeelne erguti - Kiire Tarne - Fit360","description":"Pre Workout Shot on professionaalne treeningeelne toode, mis p\u00f5hineb neljal s\u00fcnergiliselt teineteist t\u00e4iendaval toimeainel.","robots":{"index":"index","follow":"follow","max-snippet":"max-snippet:-1","max-image-preview":"max-image-preview:large","max-video-preview":"max-video-preview:-1"},"canonical":"https:\/\/fit360.ee\/en\/pood\/product-groups\/amino-acids-bcaa\/beta-alanine-en\/pre-workout-shot-80ml\/","og_locale":"en_US","og_type":"article","og_title":"Pre Workout Shot (80ml) - Treeningeelne erguti - Kiire Tarne - Fit360","og_description":"Pre Workout Shot on professionaalne treeningeelne toode, mis p\u00f5hineb neljal s\u00fcnergiliselt teineteist t\u00e4iendaval toimeainel.","og_url":"https:\/\/fit360.ee\/en\/pood\/product-groups\/amino-acids-bcaa\/beta-alanine-en\/pre-workout-shot-80ml\/","og_site_name":"Fit360","article_modified_time":"2025-08-13T05:38:01+00:00","og_image":[{"width":1000,"height":1000,"url":"https:\/\/fit360.ee\/wp-content\/uploads\/2022\/06\/ostrovit-pre-workout-shot-fit360.ee-1.png","type":"image\/png"}],"twitter_card":"summary_large_image","twitter_misc":{"Est. reading time":"2 minutes"},"schema":{"@context":"https:\/\/schema.org","@graph":[{"@type":"WebPage","@id":"https:\/\/fit360.ee\/en\/pood\/product-groups\/amino-acids-bcaa\/beta-alanine-en\/pre-workout-shot-80ml\/","url":"https:\/\/fit360.ee\/en\/pood\/product-groups\/amino-acids-bcaa\/beta-alanine-en\/pre-workout-shot-80ml\/","name":"Pre Workout Shot (80ml) - Treeningeelne erguti - Kiire Tarne - Fit360","isPartOf":{"@id":"https:\/\/fit360.ee\/en\/#website"},"primaryImageOfPage":{"@id":"https:\/\/fit360.ee\/en\/pood\/product-groups\/amino-acids-bcaa\/beta-alanine-en\/pre-workout-shot-80ml\/#primaryimage"},"image":{"@id":"https:\/\/fit360.ee\/en\/pood\/product-groups\/amino-acids-bcaa\/beta-alanine-en\/pre-workout-shot-80ml\/#primaryimage"},"thumbnailUrl":"https:\/\/fit360.ee\/wp-content\/uploads\/2022\/06\/ostrovit-pre-workout-shot-fit360.ee-1.png","datePublished":"2022-06-15T13:47:40+00:00","dateModified":"2025-08-13T05:38:01+00:00","description":"Pre Workout Shot on professionaalne treeningeelne toode, mis p\u00f5hineb neljal s\u00fcnergiliselt teineteist t\u00e4iendaval toimeainel.","breadcrumb":{"@id":"https:\/\/fit360.ee\/en\/pood\/product-groups\/amino-acids-bcaa\/beta-alanine-en\/pre-workout-shot-80ml\/#breadcrumb"},"inLanguage":"en-US","potentialAction":[{"@type":"ReadAction","target":["https:\/\/fit360.ee\/en\/pood\/product-groups\/amino-acids-bcaa\/beta-alanine-en\/pre-workout-shot-80ml\/"]}]},{"@type":"ImageObject","inLanguage":"en-US","@id":"https:\/\/fit360.ee\/en\/pood\/product-groups\/amino-acids-bcaa\/beta-alanine-en\/pre-workout-shot-80ml\/#primaryimage","url":"https:\/\/fit360.ee\/wp-content\/uploads\/2022\/06\/ostrovit-pre-workout-shot-fit360.ee-1.png","contentUrl":"https:\/\/fit360.ee\/wp-content\/uploads\/2022\/06\/ostrovit-pre-workout-shot-fit360.ee-1.png","width":1000,"height":1000,"caption":"ostrovit pre-workout shot - fit360.ee"},{"@type":"BreadcrumbList","@id":"https:\/\/fit360.ee\/en\/pood\/product-groups\/amino-acids-bcaa\/beta-alanine-en\/pre-workout-shot-80ml\/#breadcrumb","itemListElement":[{"@type":"ListItem","position":1,"name":"Home","item":"https:\/\/fit360.ee\/en\/"},{"@type":"ListItem","position":2,"name":"Shop","item":"https:\/\/fit360.ee\/en\/shop\/"},{"@type":"ListItem","position":3,"name":"Pre Workout Shot (80ml)"}]},{"@type":"WebSite","@id":"https:\/\/fit360.ee\/en\/#website","url":"https:\/\/fit360.ee\/en\/","name":"Fit360","description":"","publisher":{"@id":"https:\/\/fit360.ee\/en\/#organization"},"potentialAction":[{"@type":"SearchAction","target":{"@type":"EntryPoint","urlTemplate":"https:\/\/fit360.ee\/en\/?s={search_term_string}"},"query-input":{"@type":"PropertyValueSpecification","valueRequired":true,"valueName":"search_term_string"}}],"inLanguage":"en-US"},{"@type":"Organization","@id":"https:\/\/fit360.ee\/en\/#organization","name":"Fit360","url":"https:\/\/fit360.ee\/en\/","logo":{"@type":"ImageObject","inLanguage":"en-US","@id":"https:\/\/fit360.ee\/en\/#\/schema\/logo\/image\/","url":"https:\/\/fit360.ee\/wp-content\/uploads\/2017\/01\/logo-fit360.png","contentUrl":"https:\/\/fit360.ee\/wp-content\/uploads\/2017\/01\/logo-fit360.png","width":180,"height":66,"caption":"Fit360"},"image":{"@id":"https:\/\/fit360.ee\/en\/#\/schema\/logo\/image\/"}}]}},"_links":{"self":[{"href":"https:\/\/fit360.ee\/en\/wp-json\/wp\/v2\/product\/63099","targetHints":{"allow":["GET"]}}],"collection":[{"href":"https:\/\/fit360.ee\/en\/wp-json\/wp\/v2\/product"}],"about":[{"href":"https:\/\/fit360.ee\/en\/wp-json\/wp\/v2\/types\/product"}],"replies":[{"embeddable":true,"href":"https:\/\/fit360.ee\/en\/wp-json\/wp\/v2\/comments?post=63099"}],"wp:featuredmedia":[{"embeddable":true,"href":"https:\/\/fit360.ee\/en\/wp-json\/wp\/v2\/media\/84520"}],"wp:attachment":[{"href":"https:\/\/fit360.ee\/en\/wp-json\/wp\/v2\/media?parent=63099"}],"wp:term":[{"taxonomy":"product_brand","embeddable":true,"href":"https:\/\/fit360.ee\/en\/wp-json\/wp\/v2\/product_brand?post=63099"},{"taxonomy":"product_cat","embeddable":true,"href":"https:\/\/fit360.ee\/en\/wp-json\/wp\/v2\/product_cat?post=63099"},{"taxonomy":"product_tag","embeddable":true,"href":"https:\/\/fit360.ee\/en\/wp-json\/wp\/v2\/product_tag?post=63099"},{"taxonomy":"giftcard-category","embeddable":true,"href":"https:\/\/fit360.ee\/en\/wp-json\/wp\/v2\/giftcard-category?post=63099"}],"curies":[{"name":"wp","href":"https:\/\/api.w.org\/{rel}","templated":true}]}}