{"id":63114,"date":"2022-06-15T17:05:02","date_gmt":"2022-06-15T15:05:02","guid":{"rendered":"https:\/\/fit360.ee\/?post_type=product&#038;p=63114"},"modified":"2026-04-09T15:12:50","modified_gmt":"2026-04-09T13:12:50","slug":"aakg-shot-24x80ml","status":"publish","type":"product","link":"https:\/\/fit360.ee\/en\/pood\/product-groups\/amino-acids-bcaa\/l-arginine-en\/aakg-shot-24x80ml\/","title":{"rendered":"AAKG Shot (24x80ml)"},"content":{"rendered":"<h1><strong>Ostrovit AAKG Shot<\/strong><\/h1>\n<p>OstroVit AAKG SHOT on vedelal kujul toidulisand. Sisaldab magusaineid. Gaseerimata jook L-arginiini alfa-ketoglutaraadi baasil. Lisand on p\u00fchendatud f\u00fc\u00fcsiliselt aktiivsetele inimestele, kes soovivad kiirendada treeninguj\u00e4rgset taastumist, saada m\u00e4rkimisv\u00e4\u00e4rset &#8220;lihaspumba&#8221; efekti ja suurendada oma j\u00f5udu.<\/p>\n<p><a href=\"https:\/\/fit360.ee\/wp-content\/uploads\/2022\/06\/aakg-shot-fit360.ee-1-800x312.jpg\"><img loading=\"lazy\" decoding=\"async\" class=\"size-medium wp-image-63108\" src=\"https:\/\/fit360.ee\/wp-content\/uploads\/2022\/06\/aakg-shot-fit360.ee-1-800x312.jpg\" alt=\"aakg shot - fit360.ee\" width=\"800\" height=\"312\" srcset=\"https:\/\/fit360.ee\/wp-content\/uploads\/2022\/06\/aakg-shot-fit360.ee-1-800x312.jpg 800w, https:\/\/fit360.ee\/wp-content\/uploads\/2022\/06\/aakg-shot-fit360.ee-1-510x199.jpg 510w, https:\/\/fit360.ee\/wp-content\/uploads\/2022\/06\/aakg-shot-fit360.ee-1-768x300.jpg 768w, https:\/\/fit360.ee\/wp-content\/uploads\/2022\/06\/aakg-shot-fit360.ee-1.jpg 922w\" sizes=\"auto, (max-width: 800px) 100vw, 800px\" \/><\/a><\/p>\n<h4><strong>SHOT sisaldab pakendis 80 ml toodet<\/strong><\/h4>\n<ul>\n<li>1 SHOT = 2 portsjonit<\/li>\n<li>1 SHOT on 5 g L-arginiini alfa-ketoglutaraati<\/li>\n<li>Hea maitse<\/li>\n<\/ul>\n<p>OstroVit AAKG SHOT sisaldab <a href=\"https:\/\/fit360.ee\/en\/product-category\/product-groups\/amino-acids-bcaa\/l-arginine-en\/\"><strong>arginiini<\/strong><\/a> alfa-ketoglutaraati, glutaarhappe ja arginiini keemilist \u00fchendit. Glutaarhape on sidrunhappe produkt, mis on k\u00f5igi hapnikku hingavate organismide metabolismi viimane etapp ja mida sageli nimetatakse Krebsi ts\u00fckliks. Arginiin on \u00fcks meie kehas esinevatest <a href=\"https:\/\/fit360.ee\/en\/product-category\/product-groups\/amino-acids-bcaa\/\"><strong>aminohapetest<\/strong><\/a>, osaledes aktiivselt k\u00f5ige olulisemates eluprotsessides. Nende kahe molekuli kombinatsioon moodustab s\u00fcnergistliku \u00fchendi (kaks \u00fchendit t\u00f6\u00f6tavad koos t\u00f5husamalt kui \u00fcks).<\/p>\n<p><strong>Omadused:<\/strong><\/p>\n<ul>\n<li>Laiendades veresooni, suurendab see verevoolu lihastesse, mille tulemuseks on suurenenud j\u00f5ud<\/li>\n<li>See on rakkude jaoks ideaalne hapniku transportija<\/li>\n<li>Suurendades l\u00e4mmastikoksiidi tootmist, saame erakordse &#8220;lihaspumba&#8221; efekti<\/li>\n<li>Kiirendab keha taastumist p\u00e4rast raskeid treeninguid<\/li>\n<li>Parandab seksuaalset j\u00f5udlust<\/li>\n<\/ul>\n<p><strong>Koostisosad<\/strong>: Vesi, \u00f5unamahl \u00f5unamahla kontsentraadist (20%), L-arginiin alfa-ketoglutaraat (A-AKG), hape: sidrunhape; happesuse regulaator: trinaatriumtsitraat; aroomid, magusained: sukraloos, atsesulfaam K; s\u00e4ilitusained: naatriumbensoaat, kaaliumsorbaat.<\/p>\n<p><strong>Kasutamine<\/strong>: V\u00f5tke 1\/2 pudelit (40 ml) p\u00e4evas. \u00c4rge s\u00f6\u00f6ge rohkem kui 1 portsjonit p\u00e4evas. Enne kasutamist loksutada. Tarbida 24 tunni jooksul p\u00e4rast avamist.<\/p>\n<p><strong>Suurus<\/strong>: 24x80ml &#8211; 2 serveeringut \u00fche ampulli kohta.<\/p>\n<section class=\"projector__description--nutritional row\" data-selector=\".--nutritional\">\n<div class=\"col-12 col-md-10 col-lg-8\">\n<div class=\"--nutrit\">\n<div class=\"nutrition_table_wrapper\">\n<div class=\"table_wrapper\">\n<table>\n<tbody>\n<tr>\n<th>Aktiivne toimeaine<\/th>\n<th>1 serveering (1\/2 ampullist)<\/th>\n<\/tr>\n<tr>\n<td>L-Arginiin Alfa-Ketoglutraat<\/td>\n<td>2500 mg<\/td>\n<\/tr>\n<\/tbody>\n<\/table>\n<p><span style=\"color: #333333; font-size: 14.4px;\">Vaata ka meie Teisi Pre Workoute <\/span><a style=\"font-size: 14.4px;\" href=\"https:\/\/fit360.ee\/en\/product-category\/product-groups\/pre-workout-en\/\"><strong>SIIT<\/strong><\/a><span style=\"color: #333333; font-size: 14.4px;\">\u00a0v\u00f5i SHOT-e\u00a0<\/span><a style=\"font-size: 14.4px;\" href=\"https:\/\/fit360.ee\/en\/product-category\/product-groups\/drinks-shots\/\"><strong>SIIT<\/strong><\/a><span style=\"color: #333333; font-size: 14.4px;\">!<\/span><\/p>\n<p>Soovid kaupa osta suuremas koguses? Vaata antud toodet ka meie HULGI poest\u00a0<a href=\"https:\/\/toidulisandidhulgi.ee\/product\/aakg-shot-24x80ml\/\"><strong>SIIT<\/strong><\/a>!<\/p>\n<\/div>\n<\/div>\n<\/div>\n<\/div>\n<\/section>\n","protected":false},"excerpt":{"rendered":"<ul>\n<li>Laiendades veresooni, suurendab see verevoolu lihastesse, mille tulemuseks on suurenenud j\u00f5ud<\/li>\n<li>See on rakkude jaoks ideaalne hapniku transportija<\/li>\n<li>Suurendades l\u00e4mmastikoksiidi tootmist, saame erakordse &#8220;lihaspumba&#8221; efekti<\/li>\n<li>Kiirendab keha taastumist p\u00e4rast raskeid treeninguid<\/li>\n<li>Parandab seksuaalset j\u00f5udlust<\/li>\n<\/ul>\n<p><strong>OSTA KARBIGA JA S\u00c4\u00c4STA!<\/strong><\/p>\n","protected":false},"featured_media":63111,"comment_status":"closed","ping_status":"closed","template":"","meta":[],"product_brand":[],"product_cat":[1072,523,2311,1329,533],"product_tag":[1800,3818,1924,3819],"giftcard-category":[],"class_list":{"0":"post-63114","1":"product","2":"type-product","3":"status-publish","4":"has-post-thumbnail","6":"product_cat-drinks-and-protein-bars-in-bulk","7":"product_cat-drinks-shots","8":"product_cat-l-arginine-en","9":"product_cat-ostrovit-en","10":"product_cat-pre-workout-en","11":"product_tag-aakg-en","12":"product_tag-aakg-shot-en","13":"product_tag-ostrovit-en","14":"product_tag-ostrovit-aakg-shot-en","15":"pa_kogus-80ml-en","16":"pa_maitse-raspberry","17":"pa_toidulisand-branddd-ostrovit","18":"pa_tootegruppp-drinksshots","19":"pa_tootegruppp-joogidbatoonid-karbi-ja-kastiga-en","20":"pa_tootegruppp-l-arginiin-en","21":"pa_tootegruppp-pre-workout","23":"first","24":"instock","25":"sale","26":"taxable","27":"shipping-taxable","28":"purchasable","29":"product-type-simple"},"yoast_head":"<!-- This site is optimized with the Yoast SEO plugin v27.3 - https:\/\/yoast.com\/product\/yoast-seo-wordpress\/ -->\n<title>AAKG Shot (24x80ml) - L-Arginiin - 5g Arginiini- Kiire Tarne - Fit360<\/title>\n<meta name=\"description\" content=\"Ostrovit AAKG Shot on rakkude jaoks ideaalne hapniku transportija, suurendades l\u00e4mmastikoksiidi tootmist, saame erakordse lihaspumba efekti\" \/>\n<meta name=\"robots\" content=\"index, follow, max-snippet:-1, max-image-preview:large, max-video-preview:-1\" \/>\n<link rel=\"canonical\" href=\"https:\/\/fit360.ee\/en\/pood\/product-groups\/amino-acids-bcaa\/l-arginine-en\/aakg-shot-24x80ml\/\" \/>\n<meta property=\"og:locale\" content=\"en_US\" \/>\n<meta property=\"og:type\" content=\"article\" \/>\n<meta property=\"og:title\" content=\"AAKG Shot (24x80ml) - L-Arginiin - 5g Arginiini- Kiire Tarne - Fit360\" \/>\n<meta property=\"og:description\" content=\"Ostrovit AAKG Shot on rakkude jaoks ideaalne hapniku transportija, suurendades l\u00e4mmastikoksiidi tootmist, saame erakordse lihaspumba efekti\" \/>\n<meta property=\"og:url\" content=\"https:\/\/fit360.ee\/en\/pood\/product-groups\/amino-acids-bcaa\/l-arginine-en\/aakg-shot-24x80ml\/\" \/>\n<meta property=\"og:site_name\" content=\"Fit360\" \/>\n<meta property=\"article:modified_time\" content=\"2026-04-09T13:12:50+00:00\" \/>\n<meta property=\"og:image\" content=\"https:\/\/fit360.ee\/wp-content\/uploads\/2022\/06\/ostrovit-aakg-shot-fit360.ee_.png\" \/>\n\t<meta property=\"og:image:width\" content=\"1000\" \/>\n\t<meta property=\"og:image:height\" content=\"1000\" \/>\n\t<meta property=\"og:image:type\" content=\"image\/png\" \/>\n<meta name=\"twitter:card\" content=\"summary_large_image\" \/>\n<meta name=\"twitter:label1\" content=\"Est. reading time\" \/>\n\t<meta name=\"twitter:data1\" content=\"2 minutes\" \/>\n<script type=\"application\/ld+json\" class=\"yoast-schema-graph\">{\"@context\":\"https:\\\/\\\/schema.org\",\"@graph\":[{\"@type\":\"WebPage\",\"@id\":\"https:\\\/\\\/fit360.ee\\\/en\\\/pood\\\/product-groups\\\/amino-acids-bcaa\\\/l-arginine-en\\\/aakg-shot-24x80ml\\\/\",\"url\":\"https:\\\/\\\/fit360.ee\\\/en\\\/pood\\\/product-groups\\\/amino-acids-bcaa\\\/l-arginine-en\\\/aakg-shot-24x80ml\\\/\",\"name\":\"AAKG Shot (24x80ml) - L-Arginiin - 5g Arginiini- Kiire Tarne - Fit360\",\"isPartOf\":{\"@id\":\"https:\\\/\\\/fit360.ee\\\/en\\\/#website\"},\"primaryImageOfPage\":{\"@id\":\"https:\\\/\\\/fit360.ee\\\/en\\\/pood\\\/product-groups\\\/amino-acids-bcaa\\\/l-arginine-en\\\/aakg-shot-24x80ml\\\/#primaryimage\"},\"image\":{\"@id\":\"https:\\\/\\\/fit360.ee\\\/en\\\/pood\\\/product-groups\\\/amino-acids-bcaa\\\/l-arginine-en\\\/aakg-shot-24x80ml\\\/#primaryimage\"},\"thumbnailUrl\":\"https:\\\/\\\/fit360.ee\\\/wp-content\\\/uploads\\\/2022\\\/06\\\/ostrovit-aakg-shot-fit360.ee_.png\",\"datePublished\":\"2022-06-15T15:05:02+00:00\",\"dateModified\":\"2026-04-09T13:12:50+00:00\",\"description\":\"Ostrovit AAKG Shot on rakkude jaoks ideaalne hapniku transportija, suurendades l\u00e4mmastikoksiidi tootmist, saame erakordse lihaspumba efekti\",\"breadcrumb\":{\"@id\":\"https:\\\/\\\/fit360.ee\\\/en\\\/pood\\\/product-groups\\\/amino-acids-bcaa\\\/l-arginine-en\\\/aakg-shot-24x80ml\\\/#breadcrumb\"},\"inLanguage\":\"en-US\",\"potentialAction\":[{\"@type\":\"ReadAction\",\"target\":[\"https:\\\/\\\/fit360.ee\\\/en\\\/pood\\\/product-groups\\\/amino-acids-bcaa\\\/l-arginine-en\\\/aakg-shot-24x80ml\\\/\"]}]},{\"@type\":\"ImageObject\",\"inLanguage\":\"en-US\",\"@id\":\"https:\\\/\\\/fit360.ee\\\/en\\\/pood\\\/product-groups\\\/amino-acids-bcaa\\\/l-arginine-en\\\/aakg-shot-24x80ml\\\/#primaryimage\",\"url\":\"https:\\\/\\\/fit360.ee\\\/wp-content\\\/uploads\\\/2022\\\/06\\\/ostrovit-aakg-shot-fit360.ee_.png\",\"contentUrl\":\"https:\\\/\\\/fit360.ee\\\/wp-content\\\/uploads\\\/2022\\\/06\\\/ostrovit-aakg-shot-fit360.ee_.png\",\"width\":1000,\"height\":1000,\"caption\":\"ostrovit aakg shot - fit360.ee\"},{\"@type\":\"BreadcrumbList\",\"@id\":\"https:\\\/\\\/fit360.ee\\\/en\\\/pood\\\/product-groups\\\/amino-acids-bcaa\\\/l-arginine-en\\\/aakg-shot-24x80ml\\\/#breadcrumb\",\"itemListElement\":[{\"@type\":\"ListItem\",\"position\":1,\"name\":\"Home\",\"item\":\"https:\\\/\\\/fit360.ee\\\/en\\\/\"},{\"@type\":\"ListItem\",\"position\":2,\"name\":\"Shop\",\"item\":\"https:\\\/\\\/fit360.ee\\\/en\\\/shop\\\/\"},{\"@type\":\"ListItem\",\"position\":3,\"name\":\"AAKG Shot (24x80ml)\"}]},{\"@type\":\"WebSite\",\"@id\":\"https:\\\/\\\/fit360.ee\\\/en\\\/#website\",\"url\":\"https:\\\/\\\/fit360.ee\\\/en\\\/\",\"name\":\"Fit360\",\"description\":\"\",\"publisher\":{\"@id\":\"https:\\\/\\\/fit360.ee\\\/en\\\/#organization\"},\"potentialAction\":[{\"@type\":\"SearchAction\",\"target\":{\"@type\":\"EntryPoint\",\"urlTemplate\":\"https:\\\/\\\/fit360.ee\\\/en\\\/?s={search_term_string}\"},\"query-input\":{\"@type\":\"PropertyValueSpecification\",\"valueRequired\":true,\"valueName\":\"search_term_string\"}}],\"inLanguage\":\"en-US\"},{\"@type\":\"Organization\",\"@id\":\"https:\\\/\\\/fit360.ee\\\/en\\\/#organization\",\"name\":\"Fit360\",\"url\":\"https:\\\/\\\/fit360.ee\\\/en\\\/\",\"logo\":{\"@type\":\"ImageObject\",\"inLanguage\":\"en-US\",\"@id\":\"https:\\\/\\\/fit360.ee\\\/en\\\/#\\\/schema\\\/logo\\\/image\\\/\",\"url\":\"https:\\\/\\\/fit360.ee\\\/wp-content\\\/uploads\\\/2017\\\/01\\\/logo-fit360.png\",\"contentUrl\":\"https:\\\/\\\/fit360.ee\\\/wp-content\\\/uploads\\\/2017\\\/01\\\/logo-fit360.png\",\"width\":180,\"height\":66,\"caption\":\"Fit360\"},\"image\":{\"@id\":\"https:\\\/\\\/fit360.ee\\\/en\\\/#\\\/schema\\\/logo\\\/image\\\/\"}}]}<\/script>\n<!-- \/ Yoast SEO plugin. -->","yoast_head_json":{"title":"AAKG Shot (24x80ml) - L-Arginiin - 5g Arginiini- Kiire Tarne - Fit360","description":"Ostrovit AAKG Shot on rakkude jaoks ideaalne hapniku transportija, suurendades l\u00e4mmastikoksiidi tootmist, saame erakordse lihaspumba efekti","robots":{"index":"index","follow":"follow","max-snippet":"max-snippet:-1","max-image-preview":"max-image-preview:large","max-video-preview":"max-video-preview:-1"},"canonical":"https:\/\/fit360.ee\/en\/pood\/product-groups\/amino-acids-bcaa\/l-arginine-en\/aakg-shot-24x80ml\/","og_locale":"en_US","og_type":"article","og_title":"AAKG Shot (24x80ml) - L-Arginiin - 5g Arginiini- Kiire Tarne - Fit360","og_description":"Ostrovit AAKG Shot on rakkude jaoks ideaalne hapniku transportija, suurendades l\u00e4mmastikoksiidi tootmist, saame erakordse lihaspumba efekti","og_url":"https:\/\/fit360.ee\/en\/pood\/product-groups\/amino-acids-bcaa\/l-arginine-en\/aakg-shot-24x80ml\/","og_site_name":"Fit360","article_modified_time":"2026-04-09T13:12:50+00:00","og_image":[{"width":1000,"height":1000,"url":"https:\/\/fit360.ee\/wp-content\/uploads\/2022\/06\/ostrovit-aakg-shot-fit360.ee_.png","type":"image\/png"}],"twitter_card":"summary_large_image","twitter_misc":{"Est. reading time":"2 minutes"},"schema":{"@context":"https:\/\/schema.org","@graph":[{"@type":"WebPage","@id":"https:\/\/fit360.ee\/en\/pood\/product-groups\/amino-acids-bcaa\/l-arginine-en\/aakg-shot-24x80ml\/","url":"https:\/\/fit360.ee\/en\/pood\/product-groups\/amino-acids-bcaa\/l-arginine-en\/aakg-shot-24x80ml\/","name":"AAKG Shot (24x80ml) - L-Arginiin - 5g Arginiini- Kiire Tarne - Fit360","isPartOf":{"@id":"https:\/\/fit360.ee\/en\/#website"},"primaryImageOfPage":{"@id":"https:\/\/fit360.ee\/en\/pood\/product-groups\/amino-acids-bcaa\/l-arginine-en\/aakg-shot-24x80ml\/#primaryimage"},"image":{"@id":"https:\/\/fit360.ee\/en\/pood\/product-groups\/amino-acids-bcaa\/l-arginine-en\/aakg-shot-24x80ml\/#primaryimage"},"thumbnailUrl":"https:\/\/fit360.ee\/wp-content\/uploads\/2022\/06\/ostrovit-aakg-shot-fit360.ee_.png","datePublished":"2022-06-15T15:05:02+00:00","dateModified":"2026-04-09T13:12:50+00:00","description":"Ostrovit AAKG Shot on rakkude jaoks ideaalne hapniku transportija, suurendades l\u00e4mmastikoksiidi tootmist, saame erakordse lihaspumba efekti","breadcrumb":{"@id":"https:\/\/fit360.ee\/en\/pood\/product-groups\/amino-acids-bcaa\/l-arginine-en\/aakg-shot-24x80ml\/#breadcrumb"},"inLanguage":"en-US","potentialAction":[{"@type":"ReadAction","target":["https:\/\/fit360.ee\/en\/pood\/product-groups\/amino-acids-bcaa\/l-arginine-en\/aakg-shot-24x80ml\/"]}]},{"@type":"ImageObject","inLanguage":"en-US","@id":"https:\/\/fit360.ee\/en\/pood\/product-groups\/amino-acids-bcaa\/l-arginine-en\/aakg-shot-24x80ml\/#primaryimage","url":"https:\/\/fit360.ee\/wp-content\/uploads\/2022\/06\/ostrovit-aakg-shot-fit360.ee_.png","contentUrl":"https:\/\/fit360.ee\/wp-content\/uploads\/2022\/06\/ostrovit-aakg-shot-fit360.ee_.png","width":1000,"height":1000,"caption":"ostrovit aakg shot - fit360.ee"},{"@type":"BreadcrumbList","@id":"https:\/\/fit360.ee\/en\/pood\/product-groups\/amino-acids-bcaa\/l-arginine-en\/aakg-shot-24x80ml\/#breadcrumb","itemListElement":[{"@type":"ListItem","position":1,"name":"Home","item":"https:\/\/fit360.ee\/en\/"},{"@type":"ListItem","position":2,"name":"Shop","item":"https:\/\/fit360.ee\/en\/shop\/"},{"@type":"ListItem","position":3,"name":"AAKG Shot (24x80ml)"}]},{"@type":"WebSite","@id":"https:\/\/fit360.ee\/en\/#website","url":"https:\/\/fit360.ee\/en\/","name":"Fit360","description":"","publisher":{"@id":"https:\/\/fit360.ee\/en\/#organization"},"potentialAction":[{"@type":"SearchAction","target":{"@type":"EntryPoint","urlTemplate":"https:\/\/fit360.ee\/en\/?s={search_term_string}"},"query-input":{"@type":"PropertyValueSpecification","valueRequired":true,"valueName":"search_term_string"}}],"inLanguage":"en-US"},{"@type":"Organization","@id":"https:\/\/fit360.ee\/en\/#organization","name":"Fit360","url":"https:\/\/fit360.ee\/en\/","logo":{"@type":"ImageObject","inLanguage":"en-US","@id":"https:\/\/fit360.ee\/en\/#\/schema\/logo\/image\/","url":"https:\/\/fit360.ee\/wp-content\/uploads\/2017\/01\/logo-fit360.png","contentUrl":"https:\/\/fit360.ee\/wp-content\/uploads\/2017\/01\/logo-fit360.png","width":180,"height":66,"caption":"Fit360"},"image":{"@id":"https:\/\/fit360.ee\/en\/#\/schema\/logo\/image\/"}}]}},"_links":{"self":[{"href":"https:\/\/fit360.ee\/en\/wp-json\/wp\/v2\/product\/63114","targetHints":{"allow":["GET"]}}],"collection":[{"href":"https:\/\/fit360.ee\/en\/wp-json\/wp\/v2\/product"}],"about":[{"href":"https:\/\/fit360.ee\/en\/wp-json\/wp\/v2\/types\/product"}],"replies":[{"embeddable":true,"href":"https:\/\/fit360.ee\/en\/wp-json\/wp\/v2\/comments?post=63114"}],"wp:featuredmedia":[{"embeddable":true,"href":"https:\/\/fit360.ee\/en\/wp-json\/wp\/v2\/media\/63111"}],"wp:attachment":[{"href":"https:\/\/fit360.ee\/en\/wp-json\/wp\/v2\/media?parent=63114"}],"wp:term":[{"taxonomy":"product_brand","embeddable":true,"href":"https:\/\/fit360.ee\/en\/wp-json\/wp\/v2\/product_brand?post=63114"},{"taxonomy":"product_cat","embeddable":true,"href":"https:\/\/fit360.ee\/en\/wp-json\/wp\/v2\/product_cat?post=63114"},{"taxonomy":"product_tag","embeddable":true,"href":"https:\/\/fit360.ee\/en\/wp-json\/wp\/v2\/product_tag?post=63114"},{"taxonomy":"giftcard-category","embeddable":true,"href":"https:\/\/fit360.ee\/en\/wp-json\/wp\/v2\/giftcard-category?post=63114"}],"curies":[{"name":"wp","href":"https:\/\/api.w.org\/{rel}","templated":true}]}}