{"id":63190,"date":"2022-06-20T16:30:13","date_gmt":"2022-06-20T14:30:13","guid":{"rendered":"https:\/\/fit360.ee\/pood\/uncategorized\/vegan-protein-500g\/"},"modified":"2025-08-13T07:35:35","modified_gmt":"2025-08-13T05:35:35","slug":"vegan-protein-500g","status":"publish","type":"product","link":"https:\/\/fit360.ee\/en\/pood\/product-groups\/protein-poweders-en\/vegan-protein-en\/vegan-protein-500g\/","title":{"rendered":"Vegan Protein (500g)"},"content":{"rendered":"<h1><strong>Vegan Protein<\/strong><\/h1>\n<p><strong>Vegan Protein <\/strong>valgupulber 74-79 %-lise riisi- ja hernevalgu (proteiini) sisaldusega joogipulber magusainega on puhas, t\u00f5eliselt hea maitsega h\u00e4stisegunev valgu (proteiini) pulber. Tegemist on kvaliteetse ning t\u00f5husa lisandiga iga aktiivse inimese toidule.<\/p>\n<ul>\n<li>Esmaklassiline toitev\u00e4\u00e4rtus: madal su\u0308sivesikute, suhkrute ning rasva sisaldus.<\/li>\n<li>Taimne valgusegu (hernevalgu pulber, riisivalgu pulber).<\/li>\n<li>Suurep\u00e4rane maitsete valik.<\/li>\n<li>Lahustub v\u00e4ga h\u00e4sti.<\/li>\n<li>Puhas ning kvaliteetne, 74-79 %-lise valgu (proteiini) sisaldusega toode.<\/li>\n<li>M\u00f5istlik hind t\u00f5eliselt kvaliteetsele tootele. Toode on odavam kui analoogse kvaliteediga tooted turul.<\/li>\n<li>Ei sisalda magustajat aspartaami.<\/li>\n<\/ul>\n<div class=\"additional-product-section__title\">\n<h2><strong>Miks on Vegan proteiin Sulle kasulik?<\/strong><\/h2>\n<\/div>\n<div class=\"additional-product-section__text\">\n<p>Vegan Protein valgupulber 74-79 %-lise valgu (proteiini) sisaldusega joogipulber magusainega on puhas, t\u00f5eliselt hea maitsega h\u00e4stisegunev riisi- ja hernevalgu (proteiini) pulber. Tegemist on kvaliteetse ning t\u00f5husa lisandiga iga aktiivse inimese toidule.<\/p>\n<p><strong>Koostisosad vanilje<\/strong>: <span style=\"font-size: 14.4px;\">taimne valgusegu (hernevalgu pulber, riisivalgu pulber), maitse- ja l\u00f5hnaained, paksendaja (tsellulooskummi), toiduv\u00e4rv (karoteenid), paakumisvastane aine (kaltsiumfosfaat), magusaine (sukraloos), sool.<\/span><\/p>\n<div class=\"additional-product-section__posts__post__text--nutrition-information\">\n<p>Toitumisalane teave (100 g):<br \/>\n\u2013 Energia 1715 kj \/ 406 kcal;<br \/>\n\u2013 Rasvad 6.8 g (sh k\u00fcllastunud rasvhapped 1.9 g);<br \/>\n\u2013 S\u00fcsivesikud 4.8 g (sh suhkrud 0.7 g);<br \/>\n\u2013 Kiudained 4.8 g;<br \/>\n\u2013 Valgud 79 g;<br \/>\n\u2013 Sool 2,0 g.<\/p>\n<div class=\"additional-product-section__posts__post__text\">\n<p><strong>Koostisosad \u0160okolaad<\/strong>: taimne valgusegu (hernevalgu pulber, riisivalgu pulber), kakaopulber, maitse- ja l\u00f5hnaained, paksendaja (tsellulooskummi), paakumisvastane aine (kaltsiumfosfaat), magusaine (sukraloos).<\/p>\n<\/div>\n<div class=\"additional-product-section__posts__post__text--nutrition-information\">\n<p>Toitumisalane teave (100 g):<br \/>\n\u2013 Energia 1719 kj \/ 408 kcal;<br \/>\n\u2013 Rasvad 8.4 g (sh k\u00fcllastunud rasvhapped 3.0 g);<br \/>\n\u2013 S\u00fcsivesikud 5.7 g (sh suhkrud 1.3 g);<br \/>\n\u2013 Kiudained 6.7 g;<br \/>\n\u2013 Valgud 74 g;<br \/>\n\u2013 Sool 1,2 g.<\/p>\n<div id=\"page\" class=\"hfeed site\">\n<div id=\"main\" class=\"site-main\">\n<div id=\"primary\" class=\"content-area\">\n<div id=\"content\" class=\"site-content\" role=\"main\">\n<div id=\"toitumisalane-teave\" class=\"additional-product-section product-section-3\">\n<div class=\"inner-wrapper\">\n<div class=\"additional-product-section__posts count-3\">\n<div class=\"additional-product-section__posts__post\">\n<div class=\"additional-product-section__posts__post__content\">\n<div class=\"additional-product-section__posts__post__text\">\n<p><strong>Koostisosad Maasika<\/strong>: taimne valgusegu (hernevalgu pulber, riisivalgu pulber), maitse- ja l\u00f5hnaained, paksendaja (tsellulooskummi), toiduv\u00e4rv (kurkumiin, punapeet), paakumisvastane aine (kaltsiumfosfaat), magusaine (sukraloos).<\/p>\n<\/div>\n<div class=\"additional-product-section__posts__post__text--nutrition-information\">\n<p>Toitumisalane teave (100 g):<br \/>\n\u2013 Energia 1733 kj \/ 410 kcal;<br \/>\n\u2013 Rasvad 6.8 g (sh k\u00fcllastunud rasvhapped 1.9 g);<br \/>\n\u2013 S\u00fcsivesikud 6.9 g (sh suhkrud 0.6 g);<br \/>\n\u2013 Kiudained 4.8 g;<br \/>\n\u2013 Valgud 78 g;<br \/>\n\u2013 Sool 1,2 g.<\/p>\n<\/div>\n<\/div>\n<\/div>\n<\/div>\n<\/div>\n<\/div>\n<\/div>\n<\/div>\n<\/div>\n<\/div>\n<\/div>\n<\/div>\n<div class=\"additional-product-section__posts__post__title\">\n<h4><strong>Vegan proteiini kasutamine<\/strong>: Lisada 30 grammile 250 ml vett v\u00f5i muud meelep\u00e4rast jooki ja loksutada pudelis v\u00f5i \u0161eikeris. Tarvita vastavalt vajadusele treeningu eel, ajal v\u00f5i p\u00e4rast treeningut. Hoida lastele k\u00e4ttesaamatus kohas.<\/h4>\n<p><strong>Suurus<\/strong>: 500g<\/p>\n<p>Vaata ka meie Teisi Valgupulbreid <a href=\"https:\/\/fit360.ee\/en\/product-category\/product-groups\/protein-poweders-en\/\"><strong>SIIT<\/strong><\/a> v\u00f5i Taimseid Valke <a href=\"https:\/\/fit360.ee\/en\/product-category\/product-groups\/protein-poweders-en\/vegan-protein-en\/\"><strong>SIIT<\/strong><\/a>!<\/p>\n<p>Soovid teha suuremat tellimust? Vaata antud toodet meie HULGI lehelt\u00a0<a href=\"https:\/\/toidulisandidhulgi.ee\/product\/vegan-protein-500g\/\"><strong>SIIT<\/strong><\/a>!<\/p>\n<\/div>\n<\/div>\n","protected":false},"excerpt":{"rendered":"<ul>\n<li>Esmaklassiline toitev\u00e4\u00e4rtus: madal su\u0308sivesikute, suhkrute ning rasva sisaldus.<\/li>\n<li>Taimne valgusegu (hernevalgu pulber, riisivalgu pulber).<\/li>\n<li>Suurep\u00e4rane maitsete valik.<\/li>\n<li>Lahustub v\u00e4ga h\u00e4sti.<\/li>\n<li>Puhas ning kvaliteetne, 74-79 %-lise valgu (proteiini) sisaldusega toode.<\/li>\n<li>Ei sisalda magustajat aspartaami.<\/li>\n<\/ul>\n","protected":false},"featured_media":63184,"comment_status":"closed","ping_status":"closed","template":"","meta":[],"product_brand":[],"product_cat":[1571,535,2428,1201],"product_tag":[2922,1718,3785],"giftcard-category":[],"class_list":{"0":"post-63190","1":"product","2":"type-product","3":"status-publish","4":"has-post-thumbnail","6":"product_cat-365jp-en","7":"product_cat-protein-poweders-en","8":"product_cat-vegan-protein-en","9":"product_cat-1201","10":"product_tag-365jp-en","11":"product_tag-vegan-proteiin-en","12":"product_tag-vegan-protein-en","13":"pa_maitse-chocolate","14":"pa_maitse-strawberry-2","15":"pa_maitse-vanilli","17":"first","18":"outofstock","19":"sale","20":"taxable","21":"shipping-taxable","22":"purchasable","23":"product-type-variable"},"yoast_head":"<!-- This site is optimized with the Yoast SEO plugin v27.3 - https:\/\/yoast.com\/product\/yoast-seo-wordpress\/ -->\n<title>Vegan Protein (500g) - Taimne Valk - Kiire Tarne - Vegan valk - Fit360<\/title>\n<meta name=\"description\" content=\"Vegan Protein valgupulber 74-79 %-lise riisi- ja hernevalgu (proteiini) sisaldusega joogipulber on puhas, t\u00f5eliselt hea maitsega h\u00e4stise...\" \/>\n<meta name=\"robots\" content=\"index, follow, max-snippet:-1, max-image-preview:large, max-video-preview:-1\" \/>\n<link rel=\"canonical\" href=\"https:\/\/fit360.ee\/en\/pood\/product-groups\/protein-poweders-en\/vegan-protein-en\/vegan-protein-500g\/\" \/>\n<meta property=\"og:locale\" content=\"en_US\" \/>\n<meta property=\"og:type\" content=\"article\" \/>\n<meta property=\"og:title\" content=\"Vegan Protein (500g) - Taimne Valk - Kiire Tarne - Vegan valk - Fit360\" \/>\n<meta property=\"og:description\" content=\"Vegan Protein valgupulber 74-79 %-lise riisi- ja hernevalgu (proteiini) sisaldusega joogipulber on puhas, t\u00f5eliselt hea maitsega h\u00e4stise...\" \/>\n<meta property=\"og:url\" content=\"https:\/\/fit360.ee\/en\/pood\/product-groups\/protein-poweders-en\/vegan-protein-en\/vegan-protein-500g\/\" \/>\n<meta property=\"og:site_name\" content=\"Fit360\" \/>\n<meta property=\"article:modified_time\" content=\"2025-08-13T05:35:35+00:00\" \/>\n<meta property=\"og:image\" content=\"https:\/\/fit360.ee\/wp-content\/uploads\/2022\/06\/vegan-protein-365jp-fit360.ee-1.png\" \/>\n\t<meta property=\"og:image:width\" content=\"800\" \/>\n\t<meta property=\"og:image:height\" content=\"1096\" \/>\n\t<meta property=\"og:image:type\" content=\"image\/png\" \/>\n<meta name=\"twitter:card\" content=\"summary_large_image\" \/>\n<meta name=\"twitter:label1\" content=\"Est. reading time\" \/>\n\t<meta name=\"twitter:data1\" content=\"2 minutes\" \/>\n<script type=\"application\/ld+json\" class=\"yoast-schema-graph\">{\"@context\":\"https:\\\/\\\/schema.org\",\"@graph\":[{\"@type\":\"WebPage\",\"@id\":\"https:\\\/\\\/fit360.ee\\\/en\\\/pood\\\/product-groups\\\/protein-poweders-en\\\/vegan-protein-en\\\/vegan-protein-500g\\\/\",\"url\":\"https:\\\/\\\/fit360.ee\\\/en\\\/pood\\\/product-groups\\\/protein-poweders-en\\\/vegan-protein-en\\\/vegan-protein-500g\\\/\",\"name\":\"Vegan Protein (500g) - Taimne Valk - Kiire Tarne - Vegan valk - Fit360\",\"isPartOf\":{\"@id\":\"https:\\\/\\\/fit360.ee\\\/en\\\/#website\"},\"primaryImageOfPage\":{\"@id\":\"https:\\\/\\\/fit360.ee\\\/en\\\/pood\\\/product-groups\\\/protein-poweders-en\\\/vegan-protein-en\\\/vegan-protein-500g\\\/#primaryimage\"},\"image\":{\"@id\":\"https:\\\/\\\/fit360.ee\\\/en\\\/pood\\\/product-groups\\\/protein-poweders-en\\\/vegan-protein-en\\\/vegan-protein-500g\\\/#primaryimage\"},\"thumbnailUrl\":\"https:\\\/\\\/fit360.ee\\\/wp-content\\\/uploads\\\/2022\\\/06\\\/vegan-protein-365jp-fit360.ee-1.png\",\"datePublished\":\"2022-06-20T14:30:13+00:00\",\"dateModified\":\"2025-08-13T05:35:35+00:00\",\"description\":\"Vegan Protein valgupulber 74-79 %-lise riisi- ja hernevalgu (proteiini) sisaldusega joogipulber on puhas, t\u00f5eliselt hea maitsega h\u00e4stise...\",\"breadcrumb\":{\"@id\":\"https:\\\/\\\/fit360.ee\\\/en\\\/pood\\\/product-groups\\\/protein-poweders-en\\\/vegan-protein-en\\\/vegan-protein-500g\\\/#breadcrumb\"},\"inLanguage\":\"en-US\",\"potentialAction\":[{\"@type\":\"ReadAction\",\"target\":[\"https:\\\/\\\/fit360.ee\\\/en\\\/pood\\\/product-groups\\\/protein-poweders-en\\\/vegan-protein-en\\\/vegan-protein-500g\\\/\"]}]},{\"@type\":\"ImageObject\",\"inLanguage\":\"en-US\",\"@id\":\"https:\\\/\\\/fit360.ee\\\/en\\\/pood\\\/product-groups\\\/protein-poweders-en\\\/vegan-protein-en\\\/vegan-protein-500g\\\/#primaryimage\",\"url\":\"https:\\\/\\\/fit360.ee\\\/wp-content\\\/uploads\\\/2022\\\/06\\\/vegan-protein-365jp-fit360.ee-1.png\",\"contentUrl\":\"https:\\\/\\\/fit360.ee\\\/wp-content\\\/uploads\\\/2022\\\/06\\\/vegan-protein-365jp-fit360.ee-1.png\",\"width\":800,\"height\":1096,\"caption\":\"vegan protein 365jp - fit360.ee\"},{\"@type\":\"BreadcrumbList\",\"@id\":\"https:\\\/\\\/fit360.ee\\\/en\\\/pood\\\/product-groups\\\/protein-poweders-en\\\/vegan-protein-en\\\/vegan-protein-500g\\\/#breadcrumb\",\"itemListElement\":[{\"@type\":\"ListItem\",\"position\":1,\"name\":\"Home\",\"item\":\"https:\\\/\\\/fit360.ee\\\/en\\\/\"},{\"@type\":\"ListItem\",\"position\":2,\"name\":\"Shop\",\"item\":\"https:\\\/\\\/fit360.ee\\\/en\\\/shop\\\/\"},{\"@type\":\"ListItem\",\"position\":3,\"name\":\"Vegan Protein (500g)\"}]},{\"@type\":\"WebSite\",\"@id\":\"https:\\\/\\\/fit360.ee\\\/en\\\/#website\",\"url\":\"https:\\\/\\\/fit360.ee\\\/en\\\/\",\"name\":\"Fit360\",\"description\":\"\",\"publisher\":{\"@id\":\"https:\\\/\\\/fit360.ee\\\/en\\\/#organization\"},\"potentialAction\":[{\"@type\":\"SearchAction\",\"target\":{\"@type\":\"EntryPoint\",\"urlTemplate\":\"https:\\\/\\\/fit360.ee\\\/en\\\/?s={search_term_string}\"},\"query-input\":{\"@type\":\"PropertyValueSpecification\",\"valueRequired\":true,\"valueName\":\"search_term_string\"}}],\"inLanguage\":\"en-US\"},{\"@type\":\"Organization\",\"@id\":\"https:\\\/\\\/fit360.ee\\\/en\\\/#organization\",\"name\":\"Fit360\",\"url\":\"https:\\\/\\\/fit360.ee\\\/en\\\/\",\"logo\":{\"@type\":\"ImageObject\",\"inLanguage\":\"en-US\",\"@id\":\"https:\\\/\\\/fit360.ee\\\/en\\\/#\\\/schema\\\/logo\\\/image\\\/\",\"url\":\"https:\\\/\\\/fit360.ee\\\/wp-content\\\/uploads\\\/2017\\\/01\\\/logo-fit360.png\",\"contentUrl\":\"https:\\\/\\\/fit360.ee\\\/wp-content\\\/uploads\\\/2017\\\/01\\\/logo-fit360.png\",\"width\":180,\"height\":66,\"caption\":\"Fit360\"},\"image\":{\"@id\":\"https:\\\/\\\/fit360.ee\\\/en\\\/#\\\/schema\\\/logo\\\/image\\\/\"}}]}<\/script>\n<!-- \/ Yoast SEO plugin. -->","yoast_head_json":{"title":"Vegan Protein (500g) - Taimne Valk - Kiire Tarne - Vegan valk - Fit360","description":"Vegan Protein valgupulber 74-79 %-lise riisi- ja hernevalgu (proteiini) sisaldusega joogipulber on puhas, t\u00f5eliselt hea maitsega h\u00e4stise...","robots":{"index":"index","follow":"follow","max-snippet":"max-snippet:-1","max-image-preview":"max-image-preview:large","max-video-preview":"max-video-preview:-1"},"canonical":"https:\/\/fit360.ee\/en\/pood\/product-groups\/protein-poweders-en\/vegan-protein-en\/vegan-protein-500g\/","og_locale":"en_US","og_type":"article","og_title":"Vegan Protein (500g) - Taimne Valk - Kiire Tarne - Vegan valk - Fit360","og_description":"Vegan Protein valgupulber 74-79 %-lise riisi- ja hernevalgu (proteiini) sisaldusega joogipulber on puhas, t\u00f5eliselt hea maitsega h\u00e4stise...","og_url":"https:\/\/fit360.ee\/en\/pood\/product-groups\/protein-poweders-en\/vegan-protein-en\/vegan-protein-500g\/","og_site_name":"Fit360","article_modified_time":"2025-08-13T05:35:35+00:00","og_image":[{"width":800,"height":1096,"url":"https:\/\/fit360.ee\/wp-content\/uploads\/2022\/06\/vegan-protein-365jp-fit360.ee-1.png","type":"image\/png"}],"twitter_card":"summary_large_image","twitter_misc":{"Est. reading time":"2 minutes"},"schema":{"@context":"https:\/\/schema.org","@graph":[{"@type":"WebPage","@id":"https:\/\/fit360.ee\/en\/pood\/product-groups\/protein-poweders-en\/vegan-protein-en\/vegan-protein-500g\/","url":"https:\/\/fit360.ee\/en\/pood\/product-groups\/protein-poweders-en\/vegan-protein-en\/vegan-protein-500g\/","name":"Vegan Protein (500g) - Taimne Valk - Kiire Tarne - Vegan valk - Fit360","isPartOf":{"@id":"https:\/\/fit360.ee\/en\/#website"},"primaryImageOfPage":{"@id":"https:\/\/fit360.ee\/en\/pood\/product-groups\/protein-poweders-en\/vegan-protein-en\/vegan-protein-500g\/#primaryimage"},"image":{"@id":"https:\/\/fit360.ee\/en\/pood\/product-groups\/protein-poweders-en\/vegan-protein-en\/vegan-protein-500g\/#primaryimage"},"thumbnailUrl":"https:\/\/fit360.ee\/wp-content\/uploads\/2022\/06\/vegan-protein-365jp-fit360.ee-1.png","datePublished":"2022-06-20T14:30:13+00:00","dateModified":"2025-08-13T05:35:35+00:00","description":"Vegan Protein valgupulber 74-79 %-lise riisi- ja hernevalgu (proteiini) sisaldusega joogipulber on puhas, t\u00f5eliselt hea maitsega h\u00e4stise...","breadcrumb":{"@id":"https:\/\/fit360.ee\/en\/pood\/product-groups\/protein-poweders-en\/vegan-protein-en\/vegan-protein-500g\/#breadcrumb"},"inLanguage":"en-US","potentialAction":[{"@type":"ReadAction","target":["https:\/\/fit360.ee\/en\/pood\/product-groups\/protein-poweders-en\/vegan-protein-en\/vegan-protein-500g\/"]}]},{"@type":"ImageObject","inLanguage":"en-US","@id":"https:\/\/fit360.ee\/en\/pood\/product-groups\/protein-poweders-en\/vegan-protein-en\/vegan-protein-500g\/#primaryimage","url":"https:\/\/fit360.ee\/wp-content\/uploads\/2022\/06\/vegan-protein-365jp-fit360.ee-1.png","contentUrl":"https:\/\/fit360.ee\/wp-content\/uploads\/2022\/06\/vegan-protein-365jp-fit360.ee-1.png","width":800,"height":1096,"caption":"vegan protein 365jp - fit360.ee"},{"@type":"BreadcrumbList","@id":"https:\/\/fit360.ee\/en\/pood\/product-groups\/protein-poweders-en\/vegan-protein-en\/vegan-protein-500g\/#breadcrumb","itemListElement":[{"@type":"ListItem","position":1,"name":"Home","item":"https:\/\/fit360.ee\/en\/"},{"@type":"ListItem","position":2,"name":"Shop","item":"https:\/\/fit360.ee\/en\/shop\/"},{"@type":"ListItem","position":3,"name":"Vegan Protein (500g)"}]},{"@type":"WebSite","@id":"https:\/\/fit360.ee\/en\/#website","url":"https:\/\/fit360.ee\/en\/","name":"Fit360","description":"","publisher":{"@id":"https:\/\/fit360.ee\/en\/#organization"},"potentialAction":[{"@type":"SearchAction","target":{"@type":"EntryPoint","urlTemplate":"https:\/\/fit360.ee\/en\/?s={search_term_string}"},"query-input":{"@type":"PropertyValueSpecification","valueRequired":true,"valueName":"search_term_string"}}],"inLanguage":"en-US"},{"@type":"Organization","@id":"https:\/\/fit360.ee\/en\/#organization","name":"Fit360","url":"https:\/\/fit360.ee\/en\/","logo":{"@type":"ImageObject","inLanguage":"en-US","@id":"https:\/\/fit360.ee\/en\/#\/schema\/logo\/image\/","url":"https:\/\/fit360.ee\/wp-content\/uploads\/2017\/01\/logo-fit360.png","contentUrl":"https:\/\/fit360.ee\/wp-content\/uploads\/2017\/01\/logo-fit360.png","width":180,"height":66,"caption":"Fit360"},"image":{"@id":"https:\/\/fit360.ee\/en\/#\/schema\/logo\/image\/"}}]}},"_links":{"self":[{"href":"https:\/\/fit360.ee\/en\/wp-json\/wp\/v2\/product\/63190","targetHints":{"allow":["GET"]}}],"collection":[{"href":"https:\/\/fit360.ee\/en\/wp-json\/wp\/v2\/product"}],"about":[{"href":"https:\/\/fit360.ee\/en\/wp-json\/wp\/v2\/types\/product"}],"replies":[{"embeddable":true,"href":"https:\/\/fit360.ee\/en\/wp-json\/wp\/v2\/comments?post=63190"}],"wp:featuredmedia":[{"embeddable":true,"href":"https:\/\/fit360.ee\/en\/wp-json\/wp\/v2\/media\/63184"}],"wp:attachment":[{"href":"https:\/\/fit360.ee\/en\/wp-json\/wp\/v2\/media?parent=63190"}],"wp:term":[{"taxonomy":"product_brand","embeddable":true,"href":"https:\/\/fit360.ee\/en\/wp-json\/wp\/v2\/product_brand?post=63190"},{"taxonomy":"product_cat","embeddable":true,"href":"https:\/\/fit360.ee\/en\/wp-json\/wp\/v2\/product_cat?post=63190"},{"taxonomy":"product_tag","embeddable":true,"href":"https:\/\/fit360.ee\/en\/wp-json\/wp\/v2\/product_tag?post=63190"},{"taxonomy":"giftcard-category","embeddable":true,"href":"https:\/\/fit360.ee\/en\/wp-json\/wp\/v2\/giftcard-category?post=63190"}],"curies":[{"name":"wp","href":"https:\/\/api.w.org\/{rel}","templated":true}]}}