{"id":63309,"date":"2022-06-21T16:16:36","date_gmt":"2022-06-21T14:16:36","guid":{"rendered":"https:\/\/fit360.ee\/pood\/uncategorized\/pro-gasp-hood\/"},"modified":"2025-08-13T08:17:34","modified_gmt":"2025-08-13T06:17:34","slug":"pro-gasp-hood","status":"publish","type":"product","link":"https:\/\/fit360.ee\/en\/pood\/training-equipment-en\/fitness-clothing-en\/pro-gasp-hood\/","title":{"rendered":"Pro GASP Hood"},"content":{"rendered":"<h2 dir=\"ltr\" data-placeholder=\"T\u00f5lge\"><strong>Pro GASP Hood<\/strong><\/h2>\n<p>Teame, et GASP-i elustiili elamine pole sugugi tore ja uhke. See on karm ja karm, kompromissitu elustiil. Mis t\u00e4hendab, et varustus, mida kannate, peab v\u00e4ljakutsele vastama. Seet\u00f5ttu v\u00f5tame toodete v\u00e4ljat\u00f6\u00f6tamisel ja kujundamisel appi oma kogukonna, sealhulgas m\u00f5ned meie silmapaistvamad GASP-sportlased. Nimi \u00fctleb k\u00f5ik \u2013 Pro GASP Hood on kindel pro-taseme kapuuts, mis p\u00f6\u00f6rab t\u00e4helepanu detailidele. Puhas v\u00e4limus muudab selle ideaalseks igas olukorras.<\/p>\n<p id=\"tw-target-text\" class=\"tw-data-text tw-text-large tw-ta\" dir=\"ltr\" data-placeholder=\"T\u00f5lge\"><span class=\"Y2IQFc\" lang=\"et\">Sobivus: tavaline<br \/>\nMaterjal: 3-threat puuvill\/pol\u00fcester harjatud sisemusega, 65% puuvill, 35% pol\u00fcester<br \/>\nOmadused: R\u00f5ivas pestud, Voodriga kapuuts, Kapuutsil 3D tikandid<\/span><\/p>\n<p><a href=\"https:\/\/fit360.ee\/wp-content\/uploads\/2022\/06\/pro-gasp-hood-pusa-fit360.ee_-800x800.jpg\"><img loading=\"lazy\" decoding=\"async\" class=\"size-medium wp-image-84265\" src=\"https:\/\/fit360.ee\/wp-content\/uploads\/2022\/06\/pro-gasp-hood-pusa-fit360.ee_-800x800.jpg\" alt=\"pro gasp hood pusa -fit360.ee\" width=\"800\" height=\"800\" srcset=\"https:\/\/fit360.ee\/wp-content\/uploads\/2022\/06\/pro-gasp-hood-pusa-fit360.ee_-800x800.jpg 800w, https:\/\/fit360.ee\/wp-content\/uploads\/2022\/06\/pro-gasp-hood-pusa-fit360.ee_-247x247.jpg 247w, https:\/\/fit360.ee\/wp-content\/uploads\/2022\/06\/pro-gasp-hood-pusa-fit360.ee_-100x100.jpg 100w, https:\/\/fit360.ee\/wp-content\/uploads\/2022\/06\/pro-gasp-hood-pusa-fit360.ee_-510x510.jpg 510w, https:\/\/fit360.ee\/wp-content\/uploads\/2022\/06\/pro-gasp-hood-pusa-fit360.ee_-340x340.jpg 340w, https:\/\/fit360.ee\/wp-content\/uploads\/2022\/06\/pro-gasp-hood-pusa-fit360.ee_-768x768.jpg 768w, https:\/\/fit360.ee\/wp-content\/uploads\/2022\/06\/pro-gasp-hood-pusa-fit360.ee_.jpg 1000w\" sizes=\"auto, (max-width: 800px) 100vw, 800px\" \/><\/a><\/p>\n<p><a href=\"https:\/\/fit360.ee\/wp-content\/uploads\/2022\/06\/pro-gasp-hood-fit360.ee_-800x800.jpg\"><img loading=\"lazy\" decoding=\"async\" class=\"size-medium wp-image-84277\" src=\"https:\/\/fit360.ee\/wp-content\/uploads\/2022\/06\/pro-gasp-hood-fit360.ee_-800x800.jpg\" alt=\"pro gasp hood - fit360.ee\" width=\"800\" height=\"800\" srcset=\"https:\/\/fit360.ee\/wp-content\/uploads\/2022\/06\/pro-gasp-hood-fit360.ee_-800x800.jpg 800w, https:\/\/fit360.ee\/wp-content\/uploads\/2022\/06\/pro-gasp-hood-fit360.ee_-247x247.jpg 247w, https:\/\/fit360.ee\/wp-content\/uploads\/2022\/06\/pro-gasp-hood-fit360.ee_-100x100.jpg 100w, https:\/\/fit360.ee\/wp-content\/uploads\/2022\/06\/pro-gasp-hood-fit360.ee_-510x510.jpg 510w, https:\/\/fit360.ee\/wp-content\/uploads\/2022\/06\/pro-gasp-hood-fit360.ee_-340x340.jpg 340w, https:\/\/fit360.ee\/wp-content\/uploads\/2022\/06\/pro-gasp-hood-fit360.ee_-768x768.jpg 768w, https:\/\/fit360.ee\/wp-content\/uploads\/2022\/06\/pro-gasp-hood-fit360.ee_.jpg 1000w\" sizes=\"auto, (max-width: 800px) 100vw, 800px\" \/><\/a><\/p>\n<p><a href=\"https:\/\/fit360.ee\/wp-content\/uploads\/2022\/06\/gasp-pusa-kapuutsiga-fit360.ee_-800x800.jpg\"><img loading=\"lazy\" decoding=\"async\" class=\"size-medium wp-image-84269\" src=\"https:\/\/fit360.ee\/wp-content\/uploads\/2022\/06\/gasp-pusa-kapuutsiga-fit360.ee_-800x800.jpg\" alt=\"gasp pusa kapuutsiga - fit360.ee\" width=\"800\" height=\"800\" srcset=\"https:\/\/fit360.ee\/wp-content\/uploads\/2022\/06\/gasp-pusa-kapuutsiga-fit360.ee_-800x800.jpg 800w, https:\/\/fit360.ee\/wp-content\/uploads\/2022\/06\/gasp-pusa-kapuutsiga-fit360.ee_-247x247.jpg 247w, https:\/\/fit360.ee\/wp-content\/uploads\/2022\/06\/gasp-pusa-kapuutsiga-fit360.ee_-100x100.jpg 100w, https:\/\/fit360.ee\/wp-content\/uploads\/2022\/06\/gasp-pusa-kapuutsiga-fit360.ee_-510x510.jpg 510w, https:\/\/fit360.ee\/wp-content\/uploads\/2022\/06\/gasp-pusa-kapuutsiga-fit360.ee_-340x340.jpg 340w, https:\/\/fit360.ee\/wp-content\/uploads\/2022\/06\/gasp-pusa-kapuutsiga-fit360.ee_-768x768.jpg 768w, https:\/\/fit360.ee\/wp-content\/uploads\/2022\/06\/gasp-pusa-kapuutsiga-fit360.ee_.jpg 1000w\" sizes=\"auto, (max-width: 800px) 100vw, 800px\" \/><\/a><\/p>\n<p><a href=\"https:\/\/fit360.ee\/wp-content\/uploads\/2022\/06\/pro-gasp-hood-maroon-fit360.ee_-800x800.jpg\"><img loading=\"lazy\" decoding=\"async\" class=\"size-medium wp-image-84275\" src=\"https:\/\/fit360.ee\/wp-content\/uploads\/2022\/06\/pro-gasp-hood-maroon-fit360.ee_-800x800.jpg\" alt=\"pro gasp hood maroon - fit360.ee\" width=\"800\" height=\"800\" srcset=\"https:\/\/fit360.ee\/wp-content\/uploads\/2022\/06\/pro-gasp-hood-maroon-fit360.ee_-800x800.jpg 800w, https:\/\/fit360.ee\/wp-content\/uploads\/2022\/06\/pro-gasp-hood-maroon-fit360.ee_-247x247.jpg 247w, https:\/\/fit360.ee\/wp-content\/uploads\/2022\/06\/pro-gasp-hood-maroon-fit360.ee_-100x100.jpg 100w, https:\/\/fit360.ee\/wp-content\/uploads\/2022\/06\/pro-gasp-hood-maroon-fit360.ee_-510x510.jpg 510w, https:\/\/fit360.ee\/wp-content\/uploads\/2022\/06\/pro-gasp-hood-maroon-fit360.ee_-340x340.jpg 340w, https:\/\/fit360.ee\/wp-content\/uploads\/2022\/06\/pro-gasp-hood-maroon-fit360.ee_-768x768.jpg 768w, https:\/\/fit360.ee\/wp-content\/uploads\/2022\/06\/pro-gasp-hood-maroon-fit360.ee_.jpg 1000w\" sizes=\"auto, (max-width: 800px) 100vw, 800px\" \/><\/a><\/p>\n<p><a href=\"https:\/\/fit360.ee\/wp-content\/uploads\/2022\/06\/pro-gasp-hood-punane-fit360.ee_-800x800.jpg\"><img loading=\"lazy\" decoding=\"async\" class=\"size-medium wp-image-84273\" src=\"https:\/\/fit360.ee\/wp-content\/uploads\/2022\/06\/pro-gasp-hood-punane-fit360.ee_-800x800.jpg\" alt=\"pro gasp hood punane - fit360.ee\" width=\"800\" height=\"800\" srcset=\"https:\/\/fit360.ee\/wp-content\/uploads\/2022\/06\/pro-gasp-hood-punane-fit360.ee_-800x800.jpg 800w, https:\/\/fit360.ee\/wp-content\/uploads\/2022\/06\/pro-gasp-hood-punane-fit360.ee_-247x247.jpg 247w, https:\/\/fit360.ee\/wp-content\/uploads\/2022\/06\/pro-gasp-hood-punane-fit360.ee_-100x100.jpg 100w, https:\/\/fit360.ee\/wp-content\/uploads\/2022\/06\/pro-gasp-hood-punane-fit360.ee_-510x510.jpg 510w, https:\/\/fit360.ee\/wp-content\/uploads\/2022\/06\/pro-gasp-hood-punane-fit360.ee_-340x340.jpg 340w, https:\/\/fit360.ee\/wp-content\/uploads\/2022\/06\/pro-gasp-hood-punane-fit360.ee_-768x768.jpg 768w, https:\/\/fit360.ee\/wp-content\/uploads\/2022\/06\/pro-gasp-hood-punane-fit360.ee_.jpg 1000w\" sizes=\"auto, (max-width: 800px) 100vw, 800px\" \/><\/a><\/p>\n<p><a href=\"https:\/\/fit360.ee\/wp-content\/uploads\/2022\/06\/pro-gasp-hood-sky-blue-fit360.ee_-800x800.jpg\"><img loading=\"lazy\" decoding=\"async\" class=\"size-medium wp-image-84279\" src=\"https:\/\/fit360.ee\/wp-content\/uploads\/2022\/06\/pro-gasp-hood-sky-blue-fit360.ee_-800x800.jpg\" alt=\"pro gasp hood sky blue -fit360.ee\" width=\"800\" height=\"800\" srcset=\"https:\/\/fit360.ee\/wp-content\/uploads\/2022\/06\/pro-gasp-hood-sky-blue-fit360.ee_-800x800.jpg 800w, https:\/\/fit360.ee\/wp-content\/uploads\/2022\/06\/pro-gasp-hood-sky-blue-fit360.ee_-247x247.jpg 247w, https:\/\/fit360.ee\/wp-content\/uploads\/2022\/06\/pro-gasp-hood-sky-blue-fit360.ee_-100x100.jpg 100w, https:\/\/fit360.ee\/wp-content\/uploads\/2022\/06\/pro-gasp-hood-sky-blue-fit360.ee_-510x510.jpg 510w, https:\/\/fit360.ee\/wp-content\/uploads\/2022\/06\/pro-gasp-hood-sky-blue-fit360.ee_-340x340.jpg 340w, https:\/\/fit360.ee\/wp-content\/uploads\/2022\/06\/pro-gasp-hood-sky-blue-fit360.ee_-768x768.jpg 768w, https:\/\/fit360.ee\/wp-content\/uploads\/2022\/06\/pro-gasp-hood-sky-blue-fit360.ee_.jpg 1000w\" sizes=\"auto, (max-width: 800px) 100vw, 800px\" \/><\/a><\/p>\n<p><a href=\"https:\/\/fit360.ee\/wp-content\/uploads\/2022\/06\/gas-pusa-sinine-fit360.ee_-800x800.jpg\"><img loading=\"lazy\" decoding=\"async\" class=\"size-medium wp-image-84267\" src=\"https:\/\/fit360.ee\/wp-content\/uploads\/2022\/06\/gas-pusa-sinine-fit360.ee_-800x800.jpg\" alt=\"gasp pusa sinine - fit360.ee\" width=\"800\" height=\"800\" srcset=\"https:\/\/fit360.ee\/wp-content\/uploads\/2022\/06\/gas-pusa-sinine-fit360.ee_-800x800.jpg 800w, https:\/\/fit360.ee\/wp-content\/uploads\/2022\/06\/gas-pusa-sinine-fit360.ee_-247x247.jpg 247w, https:\/\/fit360.ee\/wp-content\/uploads\/2022\/06\/gas-pusa-sinine-fit360.ee_-100x100.jpg 100w, https:\/\/fit360.ee\/wp-content\/uploads\/2022\/06\/gas-pusa-sinine-fit360.ee_-510x510.jpg 510w, https:\/\/fit360.ee\/wp-content\/uploads\/2022\/06\/gas-pusa-sinine-fit360.ee_-340x340.jpg 340w, https:\/\/fit360.ee\/wp-content\/uploads\/2022\/06\/gas-pusa-sinine-fit360.ee_-768x768.jpg 768w, https:\/\/fit360.ee\/wp-content\/uploads\/2022\/06\/gas-pusa-sinine-fit360.ee_.jpg 1000w\" sizes=\"auto, (max-width: 800px) 100vw, 800px\" \/><\/a><\/p>\n<p><a href=\"https:\/\/fit360.ee\/wp-content\/uploads\/2022\/06\/pro-gasp-hood-sinine-fit360.ee_-800x800.jpg\"><img loading=\"lazy\" decoding=\"async\" class=\"size-medium wp-image-84271\" src=\"https:\/\/fit360.ee\/wp-content\/uploads\/2022\/06\/pro-gasp-hood-sinine-fit360.ee_-800x800.jpg\" alt=\"pro gasp hood sinine - fit360.ee\" width=\"800\" height=\"800\" srcset=\"https:\/\/fit360.ee\/wp-content\/uploads\/2022\/06\/pro-gasp-hood-sinine-fit360.ee_-800x800.jpg 800w, https:\/\/fit360.ee\/wp-content\/uploads\/2022\/06\/pro-gasp-hood-sinine-fit360.ee_-247x247.jpg 247w, https:\/\/fit360.ee\/wp-content\/uploads\/2022\/06\/pro-gasp-hood-sinine-fit360.ee_-100x100.jpg 100w, https:\/\/fit360.ee\/wp-content\/uploads\/2022\/06\/pro-gasp-hood-sinine-fit360.ee_-510x510.jpg 510w, https:\/\/fit360.ee\/wp-content\/uploads\/2022\/06\/pro-gasp-hood-sinine-fit360.ee_-340x340.jpg 340w, https:\/\/fit360.ee\/wp-content\/uploads\/2022\/06\/pro-gasp-hood-sinine-fit360.ee_-768x768.jpg 768w, https:\/\/fit360.ee\/wp-content\/uploads\/2022\/06\/pro-gasp-hood-sinine-fit360.ee_.jpg 1000w\" sizes=\"auto, (max-width: 800px) 100vw, 800px\" \/><\/a><\/p>\n<p>&nbsp;<\/p>\n<p>Vaata ka meie Teisi Treeningriideid <a href=\"https:\/\/fit360.ee\/en\/product-category\/training-equipment-en\/fitness-clothing-en\/\"><strong>SIIT<\/strong><\/a>!<\/p>\n","protected":false},"excerpt":{"rendered":"<p id=\"tw-target-text\" class=\"tw-data-text tw-text-large tw-ta\" dir=\"ltr\" data-placeholder=\"T\u00f5lge\"><span class=\"Y2IQFc\" lang=\"et\">Pro GASP Hood on kindel pro-taseme kapuuts, mis p\u00f6\u00f6rab t\u00e4helepanu detailidele. Puhas v\u00e4limus muudab selle ideaalseks igas olukorras.<\/span><\/p>\n","protected":false},"featured_media":84266,"comment_status":"closed","ping_status":"closed","template":"","meta":[],"product_brand":[],"product_cat":[547],"product_tag":[],"giftcard-category":[],"class_list":{"0":"post-63309","1":"product","2":"type-product","3":"status-publish","4":"has-post-thumbnail","6":"product_cat-fitness-clothing-en","7":"pa_suurus-l","8":"pa_suurus-m","9":"pa_suurus-xl","10":"pa_suurus-xxl","11":"pa_varvus-black","12":"pa_varvus-blue","13":"pa_varvus-green","14":"pa_varvus-maroon-en","16":"first","17":"instock","18":"sale","19":"taxable","20":"shipping-taxable","21":"purchasable","22":"product-type-variable"},"yoast_head":"<!-- This site is optimized with the Yoast SEO plugin v27.3 - https:\/\/yoast.com\/product\/yoast-seo-wordpress\/ -->\n<title>Pro GASP Hood - Kvaliteet GASP Pusa - Kiire Tarne - \u00dclim Mugavus - Fit360<\/title>\n<meta name=\"description\" content=\"Pro GASP Hood on kindel pro-taseme kapuuts, mis p\u00f6\u00f6rab t\u00e4helepanu detailidele. Puhas v\u00e4limus muudab selle ideaalseks igas olukorras.\" \/>\n<meta name=\"robots\" content=\"index, follow, max-snippet:-1, max-image-preview:large, max-video-preview:-1\" \/>\n<link rel=\"canonical\" href=\"https:\/\/fit360.ee\/en\/pood\/training-equipment-en\/fitness-clothing-en\/pro-gasp-hood\/\" \/>\n<meta property=\"og:locale\" content=\"en_US\" \/>\n<meta property=\"og:type\" content=\"article\" \/>\n<meta property=\"og:title\" content=\"Pro GASP Hood - Kvaliteet GASP Pusa - Kiire Tarne - \u00dclim Mugavus - Fit360\" \/>\n<meta property=\"og:description\" content=\"Pro GASP Hood on kindel pro-taseme kapuuts, mis p\u00f6\u00f6rab t\u00e4helepanu detailidele. Puhas v\u00e4limus muudab selle ideaalseks igas olukorras.\" \/>\n<meta property=\"og:url\" content=\"https:\/\/fit360.ee\/en\/pood\/training-equipment-en\/fitness-clothing-en\/pro-gasp-hood\/\" \/>\n<meta property=\"og:site_name\" content=\"Fit360\" \/>\n<meta property=\"article:modified_time\" content=\"2025-08-13T06:17:34+00:00\" \/>\n<meta property=\"og:image\" content=\"https:\/\/fit360.ee\/wp-content\/uploads\/2022\/06\/pro-gasp-hood-pusa-fit360.ee_.jpg\" \/>\n\t<meta property=\"og:image:width\" content=\"1000\" \/>\n\t<meta property=\"og:image:height\" content=\"1000\" \/>\n\t<meta property=\"og:image:type\" content=\"image\/jpeg\" \/>\n<meta name=\"twitter:card\" content=\"summary_large_image\" \/>\n<meta name=\"twitter:label1\" content=\"Est. reading time\" \/>\n\t<meta name=\"twitter:data1\" content=\"1 minute\" \/>\n<script type=\"application\/ld+json\" class=\"yoast-schema-graph\">{\"@context\":\"https:\\\/\\\/schema.org\",\"@graph\":[{\"@type\":\"WebPage\",\"@id\":\"https:\\\/\\\/fit360.ee\\\/en\\\/pood\\\/training-equipment-en\\\/fitness-clothing-en\\\/pro-gasp-hood\\\/\",\"url\":\"https:\\\/\\\/fit360.ee\\\/en\\\/pood\\\/training-equipment-en\\\/fitness-clothing-en\\\/pro-gasp-hood\\\/\",\"name\":\"Pro GASP Hood - Kvaliteet GASP Pusa - Kiire Tarne - \u00dclim Mugavus - Fit360\",\"isPartOf\":{\"@id\":\"https:\\\/\\\/fit360.ee\\\/en\\\/#website\"},\"primaryImageOfPage\":{\"@id\":\"https:\\\/\\\/fit360.ee\\\/en\\\/pood\\\/training-equipment-en\\\/fitness-clothing-en\\\/pro-gasp-hood\\\/#primaryimage\"},\"image\":{\"@id\":\"https:\\\/\\\/fit360.ee\\\/en\\\/pood\\\/training-equipment-en\\\/fitness-clothing-en\\\/pro-gasp-hood\\\/#primaryimage\"},\"thumbnailUrl\":\"https:\\\/\\\/fit360.ee\\\/wp-content\\\/uploads\\\/2022\\\/06\\\/pro-gasp-hood-pusa-fit360.ee_.jpg\",\"datePublished\":\"2022-06-21T14:16:36+00:00\",\"dateModified\":\"2025-08-13T06:17:34+00:00\",\"description\":\"Pro GASP Hood on kindel pro-taseme kapuuts, mis p\u00f6\u00f6rab t\u00e4helepanu detailidele. Puhas v\u00e4limus muudab selle ideaalseks igas olukorras.\",\"breadcrumb\":{\"@id\":\"https:\\\/\\\/fit360.ee\\\/en\\\/pood\\\/training-equipment-en\\\/fitness-clothing-en\\\/pro-gasp-hood\\\/#breadcrumb\"},\"inLanguage\":\"en-US\",\"potentialAction\":[{\"@type\":\"ReadAction\",\"target\":[\"https:\\\/\\\/fit360.ee\\\/en\\\/pood\\\/training-equipment-en\\\/fitness-clothing-en\\\/pro-gasp-hood\\\/\"]}]},{\"@type\":\"ImageObject\",\"inLanguage\":\"en-US\",\"@id\":\"https:\\\/\\\/fit360.ee\\\/en\\\/pood\\\/training-equipment-en\\\/fitness-clothing-en\\\/pro-gasp-hood\\\/#primaryimage\",\"url\":\"https:\\\/\\\/fit360.ee\\\/wp-content\\\/uploads\\\/2022\\\/06\\\/pro-gasp-hood-pusa-fit360.ee_.jpg\",\"contentUrl\":\"https:\\\/\\\/fit360.ee\\\/wp-content\\\/uploads\\\/2022\\\/06\\\/pro-gasp-hood-pusa-fit360.ee_.jpg\",\"width\":1000,\"height\":1000,\"caption\":\"pro gasp hood pusa -fit360.ee\"},{\"@type\":\"BreadcrumbList\",\"@id\":\"https:\\\/\\\/fit360.ee\\\/en\\\/pood\\\/training-equipment-en\\\/fitness-clothing-en\\\/pro-gasp-hood\\\/#breadcrumb\",\"itemListElement\":[{\"@type\":\"ListItem\",\"position\":1,\"name\":\"Home\",\"item\":\"https:\\\/\\\/fit360.ee\\\/en\\\/\"},{\"@type\":\"ListItem\",\"position\":2,\"name\":\"Shop\",\"item\":\"https:\\\/\\\/fit360.ee\\\/en\\\/shop\\\/\"},{\"@type\":\"ListItem\",\"position\":3,\"name\":\"Pro GASP Hood\"}]},{\"@type\":\"WebSite\",\"@id\":\"https:\\\/\\\/fit360.ee\\\/en\\\/#website\",\"url\":\"https:\\\/\\\/fit360.ee\\\/en\\\/\",\"name\":\"Fit360\",\"description\":\"\",\"publisher\":{\"@id\":\"https:\\\/\\\/fit360.ee\\\/en\\\/#organization\"},\"potentialAction\":[{\"@type\":\"SearchAction\",\"target\":{\"@type\":\"EntryPoint\",\"urlTemplate\":\"https:\\\/\\\/fit360.ee\\\/en\\\/?s={search_term_string}\"},\"query-input\":{\"@type\":\"PropertyValueSpecification\",\"valueRequired\":true,\"valueName\":\"search_term_string\"}}],\"inLanguage\":\"en-US\"},{\"@type\":\"Organization\",\"@id\":\"https:\\\/\\\/fit360.ee\\\/en\\\/#organization\",\"name\":\"Fit360\",\"url\":\"https:\\\/\\\/fit360.ee\\\/en\\\/\",\"logo\":{\"@type\":\"ImageObject\",\"inLanguage\":\"en-US\",\"@id\":\"https:\\\/\\\/fit360.ee\\\/en\\\/#\\\/schema\\\/logo\\\/image\\\/\",\"url\":\"https:\\\/\\\/fit360.ee\\\/wp-content\\\/uploads\\\/2017\\\/01\\\/logo-fit360.png\",\"contentUrl\":\"https:\\\/\\\/fit360.ee\\\/wp-content\\\/uploads\\\/2017\\\/01\\\/logo-fit360.png\",\"width\":180,\"height\":66,\"caption\":\"Fit360\"},\"image\":{\"@id\":\"https:\\\/\\\/fit360.ee\\\/en\\\/#\\\/schema\\\/logo\\\/image\\\/\"}}]}<\/script>\n<!-- \/ Yoast SEO plugin. -->","yoast_head_json":{"title":"Pro GASP Hood - Kvaliteet GASP Pusa - Kiire Tarne - \u00dclim Mugavus - Fit360","description":"Pro GASP Hood on kindel pro-taseme kapuuts, mis p\u00f6\u00f6rab t\u00e4helepanu detailidele. Puhas v\u00e4limus muudab selle ideaalseks igas olukorras.","robots":{"index":"index","follow":"follow","max-snippet":"max-snippet:-1","max-image-preview":"max-image-preview:large","max-video-preview":"max-video-preview:-1"},"canonical":"https:\/\/fit360.ee\/en\/pood\/training-equipment-en\/fitness-clothing-en\/pro-gasp-hood\/","og_locale":"en_US","og_type":"article","og_title":"Pro GASP Hood - Kvaliteet GASP Pusa - Kiire Tarne - \u00dclim Mugavus - Fit360","og_description":"Pro GASP Hood on kindel pro-taseme kapuuts, mis p\u00f6\u00f6rab t\u00e4helepanu detailidele. Puhas v\u00e4limus muudab selle ideaalseks igas olukorras.","og_url":"https:\/\/fit360.ee\/en\/pood\/training-equipment-en\/fitness-clothing-en\/pro-gasp-hood\/","og_site_name":"Fit360","article_modified_time":"2025-08-13T06:17:34+00:00","og_image":[{"width":1000,"height":1000,"url":"https:\/\/fit360.ee\/wp-content\/uploads\/2022\/06\/pro-gasp-hood-pusa-fit360.ee_.jpg","type":"image\/jpeg"}],"twitter_card":"summary_large_image","twitter_misc":{"Est. reading time":"1 minute"},"schema":{"@context":"https:\/\/schema.org","@graph":[{"@type":"WebPage","@id":"https:\/\/fit360.ee\/en\/pood\/training-equipment-en\/fitness-clothing-en\/pro-gasp-hood\/","url":"https:\/\/fit360.ee\/en\/pood\/training-equipment-en\/fitness-clothing-en\/pro-gasp-hood\/","name":"Pro GASP Hood - Kvaliteet GASP Pusa - Kiire Tarne - \u00dclim Mugavus - Fit360","isPartOf":{"@id":"https:\/\/fit360.ee\/en\/#website"},"primaryImageOfPage":{"@id":"https:\/\/fit360.ee\/en\/pood\/training-equipment-en\/fitness-clothing-en\/pro-gasp-hood\/#primaryimage"},"image":{"@id":"https:\/\/fit360.ee\/en\/pood\/training-equipment-en\/fitness-clothing-en\/pro-gasp-hood\/#primaryimage"},"thumbnailUrl":"https:\/\/fit360.ee\/wp-content\/uploads\/2022\/06\/pro-gasp-hood-pusa-fit360.ee_.jpg","datePublished":"2022-06-21T14:16:36+00:00","dateModified":"2025-08-13T06:17:34+00:00","description":"Pro GASP Hood on kindel pro-taseme kapuuts, mis p\u00f6\u00f6rab t\u00e4helepanu detailidele. Puhas v\u00e4limus muudab selle ideaalseks igas olukorras.","breadcrumb":{"@id":"https:\/\/fit360.ee\/en\/pood\/training-equipment-en\/fitness-clothing-en\/pro-gasp-hood\/#breadcrumb"},"inLanguage":"en-US","potentialAction":[{"@type":"ReadAction","target":["https:\/\/fit360.ee\/en\/pood\/training-equipment-en\/fitness-clothing-en\/pro-gasp-hood\/"]}]},{"@type":"ImageObject","inLanguage":"en-US","@id":"https:\/\/fit360.ee\/en\/pood\/training-equipment-en\/fitness-clothing-en\/pro-gasp-hood\/#primaryimage","url":"https:\/\/fit360.ee\/wp-content\/uploads\/2022\/06\/pro-gasp-hood-pusa-fit360.ee_.jpg","contentUrl":"https:\/\/fit360.ee\/wp-content\/uploads\/2022\/06\/pro-gasp-hood-pusa-fit360.ee_.jpg","width":1000,"height":1000,"caption":"pro gasp hood pusa -fit360.ee"},{"@type":"BreadcrumbList","@id":"https:\/\/fit360.ee\/en\/pood\/training-equipment-en\/fitness-clothing-en\/pro-gasp-hood\/#breadcrumb","itemListElement":[{"@type":"ListItem","position":1,"name":"Home","item":"https:\/\/fit360.ee\/en\/"},{"@type":"ListItem","position":2,"name":"Shop","item":"https:\/\/fit360.ee\/en\/shop\/"},{"@type":"ListItem","position":3,"name":"Pro GASP Hood"}]},{"@type":"WebSite","@id":"https:\/\/fit360.ee\/en\/#website","url":"https:\/\/fit360.ee\/en\/","name":"Fit360","description":"","publisher":{"@id":"https:\/\/fit360.ee\/en\/#organization"},"potentialAction":[{"@type":"SearchAction","target":{"@type":"EntryPoint","urlTemplate":"https:\/\/fit360.ee\/en\/?s={search_term_string}"},"query-input":{"@type":"PropertyValueSpecification","valueRequired":true,"valueName":"search_term_string"}}],"inLanguage":"en-US"},{"@type":"Organization","@id":"https:\/\/fit360.ee\/en\/#organization","name":"Fit360","url":"https:\/\/fit360.ee\/en\/","logo":{"@type":"ImageObject","inLanguage":"en-US","@id":"https:\/\/fit360.ee\/en\/#\/schema\/logo\/image\/","url":"https:\/\/fit360.ee\/wp-content\/uploads\/2017\/01\/logo-fit360.png","contentUrl":"https:\/\/fit360.ee\/wp-content\/uploads\/2017\/01\/logo-fit360.png","width":180,"height":66,"caption":"Fit360"},"image":{"@id":"https:\/\/fit360.ee\/en\/#\/schema\/logo\/image\/"}}]}},"_links":{"self":[{"href":"https:\/\/fit360.ee\/en\/wp-json\/wp\/v2\/product\/63309","targetHints":{"allow":["GET"]}}],"collection":[{"href":"https:\/\/fit360.ee\/en\/wp-json\/wp\/v2\/product"}],"about":[{"href":"https:\/\/fit360.ee\/en\/wp-json\/wp\/v2\/types\/product"}],"replies":[{"embeddable":true,"href":"https:\/\/fit360.ee\/en\/wp-json\/wp\/v2\/comments?post=63309"}],"wp:featuredmedia":[{"embeddable":true,"href":"https:\/\/fit360.ee\/en\/wp-json\/wp\/v2\/media\/84266"}],"wp:attachment":[{"href":"https:\/\/fit360.ee\/en\/wp-json\/wp\/v2\/media?parent=63309"}],"wp:term":[{"taxonomy":"product_brand","embeddable":true,"href":"https:\/\/fit360.ee\/en\/wp-json\/wp\/v2\/product_brand?post=63309"},{"taxonomy":"product_cat","embeddable":true,"href":"https:\/\/fit360.ee\/en\/wp-json\/wp\/v2\/product_cat?post=63309"},{"taxonomy":"product_tag","embeddable":true,"href":"https:\/\/fit360.ee\/en\/wp-json\/wp\/v2\/product_tag?post=63309"},{"taxonomy":"giftcard-category","embeddable":true,"href":"https:\/\/fit360.ee\/en\/wp-json\/wp\/v2\/giftcard-category?post=63309"}],"curies":[{"name":"wp","href":"https:\/\/api.w.org\/{rel}","templated":true}]}}