{"id":63640,"date":"2022-07-13T17:09:21","date_gmt":"2022-07-13T15:09:21","guid":{"rendered":"https:\/\/fit360.ee\/pood\/uncategorized\/proteiinijaatis-400g\/"},"modified":"2025-08-19T09:20:22","modified_gmt":"2025-08-19T07:20:22","slug":"proteiinijaatis-400g","status":"publish","type":"product","link":"https:\/\/fit360.ee\/en\/pood\/product-groups\/protein-poweders-en\/whey-protein-en\/proteiinijaatis-400g\/","title":{"rendered":"Proteiinij\u00e4\u00e4tis &#8211; High Protein Ice Cream (400g)"},"content":{"rendered":"<h1><strong>Proteiinij\u00e4\u00e4tis<\/strong><\/h1>\n<p>OstroVit Proteiinij\u00e4\u00e4tis &#8211; High Protein Ice Cream on maitsev proteiinimagustoit, mis on m\u00f5eldud k\u00f5igile neile, kes j\u00e4lgivad oma figuuri, on dieedil v\u00f5i p\u00f6\u00f6ravad erilist t\u00e4helepanu oma toitumisele. Proteiinij\u00e4\u00e4tist saad valmistada ise, kodus, kui tekib isu midagi magusat s\u00fc\u00fca. Kas otsite maitsvat j\u00e4\u00e4tist, mis p\u00f5hineb headel koostisosadel? Kas soovite nautida igatsetud magustoitu ja mitte tunda end s\u00fc\u00fcdi? Valige meie revolutsiooniline toode \u2013 OstroVit High Protein \u0161okolaadimaitseline j\u00e4\u00e4tis .<\/p>\n<p><a href=\"https:\/\/fit360.ee\/wp-content\/uploads\/2022\/07\/high-protein-ice-cream-fit360.ee_-800x312.jpg\"><img loading=\"lazy\" decoding=\"async\" class=\"size-medium wp-image-63632\" src=\"https:\/\/fit360.ee\/wp-content\/uploads\/2022\/07\/high-protein-ice-cream-fit360.ee_-800x312.jpg\" alt=\"high protein ice cream - fit360.ee\" width=\"800\" height=\"312\" srcset=\"https:\/\/fit360.ee\/wp-content\/uploads\/2022\/07\/high-protein-ice-cream-fit360.ee_-800x312.jpg 800w, https:\/\/fit360.ee\/wp-content\/uploads\/2022\/07\/high-protein-ice-cream-fit360.ee_-510x199.jpg 510w, https:\/\/fit360.ee\/wp-content\/uploads\/2022\/07\/high-protein-ice-cream-fit360.ee_-768x300.jpg 768w, https:\/\/fit360.ee\/wp-content\/uploads\/2022\/07\/high-protein-ice-cream-fit360.ee_.jpg 922w\" sizes=\"auto, (max-width: 800px) 100vw, 800px\" \/><\/a><\/p>\n<h4><strong><span style=\"color: #555555; font-size: 14.4px;\">Proteiinij\u00e4\u00e4tis \u2013 maitsva ja toitva magustoidu retsept<\/span><\/strong><\/h4>\n<p>OstroViti disainitud vadakuvalgul ja petipiimal p\u00f5hinev j\u00e4\u00e4tis rikastab dieeti suurep\u00e4raselt valkudega. 100 grammi toodet varustab keha koguni 49-52 grammi valku, mis teeb sellest t\u00f5elise valgupommi! Vastupidiselt enamikule poodides saadaolevatele j\u00e4\u00e4tistele sisaldab OstroVit proteiinij\u00e4\u00e4tis palju v\u00e4hem rasva ega ole lisatud suhkrut. See on rikas ka <a href=\"https:\/\/fit360.ee\/en\/product-category\/product-groups\/superfoods-health-foods-en\/fiber-en\/\"><strong>kiudainete<\/strong><\/a> poolest, mis v\u00f5imaldab k\u00f5hul p\u00fcsida pikka aega t\u00e4is.<\/p>\n<p>Meie k\u00f5rge valgusisaldusega j\u00e4\u00e4tis sobib h\u00e4sti kokteili- ja valgukokteili asendajaks aktiivsetele inimestele v\u00f5i neile, kes peavad valgurikast dieeti. Kompositsioonis sisalduv vadakuvalk on rikas <a href=\"https:\/\/fit360.ee\/en\/product-category\/product-groups\/amino-acids-bcaa\/\"><strong>aminohapete<\/strong><\/a> poolest, mis kiirendavad anaboolseid protsesse ja parandavad taastumist p\u00e4rast treeningut. Proovige meie OstroViti k\u00f5rge valgusisaldusega j\u00e4\u00e4tist, kui:<\/p>\n<ul>\n<li>otsite tervisliku magustoidu retsepti<\/li>\n<li>armastate j\u00e4\u00e4tise maitset<\/li>\n<li>tunnete end p\u00e4rast magusat maiustamist s\u00fc\u00fcdi<\/li>\n<li>soovite keha varustada valkude ja kiudainetega<\/li>\n<li>j\u00e4rgite dieeti v\u00f5i kontrollite oma toidukordade toitev\u00e4\u00e4rtust<\/li>\n<\/ul>\n<p>Kui Te ei kujuta suve ette ilma j\u00e4\u00e4tiseta, siis n\u00fc\u00fcd on Teile pakkuda parim alternatiiv. T\u00e4nu meie madala kalorsusega valguj\u00e4\u00e4tisele ei pea Te unustama naudinguid. Lihtsalt segage pulber vee v\u00f5i piimaga ja asetage s\u00fcgavk\u00fclma, et veenduda, et see saavutab sobiva konsistentsi.<\/p>\n<h4><strong>High Protein Ice Cream<\/strong><\/h4>\n<p><strong>Suur valgukogus<\/strong> \u2013 Meie k\u00f5rge valgusisaldusega j\u00e4\u00e4tisepulbri proteiinisisaldus on 49-52%! T\u00e4nu sellele on see ideaalne asendus valgukokteilile p\u00e4rast treeningut.<br \/>\n<strong>3 imelist maitset<\/strong> \u2013 Meie sobiv j\u00e4\u00e4tis on saadaval kolme klassikalise maitsega: \u0161okolaadi-, maasika- ja piimamaitseline. Valige oma lemmik v\u00f5i segage need, kui te ei suuda otsustada!<br \/>\n<strong>Kreemiline koostis<\/strong> \u2013 t\u00e4nu pulbrilise vadakuvalgu ja petipiima ainulaadsele kombinatsioonile muutub meie j\u00e4\u00e4tis v\u00e4ga kreemjaks. Te ei usu, et olete selle ise kodus hakkama saanud!<br \/>\n<strong>Kaks viisi valmistamiseks<\/strong>\u2013 S\u00f5ltuvalt teie eelistustest v\u00f5ite meie k\u00f5rge valgusisaldusega j\u00e4\u00e4tise segada piima v\u00f5i veega. Viimane on ideaalne, kui soovite magustoidu k\u00fcttev\u00e4\u00e4rtust v\u00f5imalikult palju v\u00e4hendada.<\/p>\n<div class=\"dePhmb\" aria-live=\"polite\">\n<div class=\"eyKpYb\" data-language=\"et\" data-original-language=\"en\" data-result-index=\"0\">\n<div class=\"J0lOec\"><span class=\"VIiyi\" lang=\"et\"><span class=\"JLqJ4b ChMk0b\" data-language-for-alternatives=\"et\" data-language-to-translate-into=\"en\" data-phrase-index=\"0\" data-number-of-phrases=\"3\"><span class=\"Q4iAWc\"><strong>Koostisosad<\/strong>: Vadakuvalgu kontsentraat (piimast), pett pulbrina, inuliin, l\u00f5ssipulber, piimavalgud, emulgaator: letsitiinid;<\/span><\/span> <span class=\"JLqJ4b ChMk0b\" data-language-for-alternatives=\"et\" data-language-to-translate-into=\"en\" data-phrase-index=\"1\" data-number-of-phrases=\"3\"><span class=\"Q4iAWc\">MCT \u00f5li (70%) kookos\u00f5li pulber, aroomid, sool, aine paksendaja: ksantaankummi;<\/span><\/span> <span class=\"JLqJ4b ChMk0b\" data-language-for-alternatives=\"et\" data-language-to-translate-into=\"en\" data-phrase-index=\"2\" data-number-of-phrases=\"3\"><span class=\"Q4iAWc\">magusaine: sukraloos.<\/span><\/span><\/span><\/div>\n<\/div>\n<div><\/div>\n<\/div>\n<div><strong>Kasutamine<\/strong>: <span style=\"color: #555555; font-size: 14.4px;\">100g (8 lusikat\u00e4it) pulbrit segada 200 ml vee v\u00f5i piimaga. Sega \u00fchtlaseks kreemiks. Pane s\u00fcgavk\u00fclma umbes 1 tunniks s\u00fcgavk\u00fclma. Eemalda s\u00fcgavk\u00fclmast poolk\u00fclmunud mass ja sega korralikult l\u00e4bi. Pange toode uuesti umbes 1 tunniks s\u00fcgavk\u00fclma, seej\u00e4rel tarbige. K\u00f5ige maitsvam struktuur saadakse s\u00fcgavk\u00fclma tekitamata. Soovitatav p\u00e4evane annus \u2013 50 g. \u00c4rge tarbige, kui olete m\u00f5ne koostisosa suhtes allergiline.<\/span><\/div>\n<div><span style=\"color: #555555; font-size: 14.4px;\">Hoida seda pakendit tihedalt suletuna kuivas kohas, temperatuuril 15-25\u00b0C. Hoida otsese p\u00e4ikesevalguse eest. P\u00e4rast toote valmistamist ja k\u00fclmutamist &#8211; hoida s\u00fcgavk\u00fclmas mitte kauem kui 48 tundi. P\u00e4rast valmistoote sulatamist \u00e4rge uuesti k\u00fclmutage!<\/span><\/div>\n<div><\/div>\n<div><strong>Suurus<\/strong>: 400g<\/div>\n<div><\/div>\n<div>\n<section class=\"projector__description--nutritional row\" data-selector=\".--nutritional\">\n<div class=\"col-12 col-md-10 col-lg-8\">\n<div class=\"--nutrit\">\n<div class=\"nutrition_table_wrapper\">\n<div class=\"table_wrapper\">\n<table>\n<tbody>\n<tr>\n<th>Toitev\u00e4\u00e4rtuste anal\u00fc\u00fcs<\/th>\n<th>50g<\/th>\n<th>100 g<\/th>\n<\/tr>\n<tr>\n<td>Energia<\/td>\n<td>781 kJ \/ 186 kcal<\/td>\n<td>1562 kJ \/ 371 kcal<\/td>\n<\/tr>\n<tr>\n<td>Rasvad<\/td>\n<td>4.1 g<\/td>\n<td>8.2 g<\/td>\n<\/tr>\n<tr class=\"sub\">\n<td>&#8211; <em>millest<\/em> k\u00fcllastunud rasvhapped<\/td>\n<td>2.4 g<\/td>\n<td>4.7 g<\/td>\n<\/tr>\n<tr>\n<td>S\u00fcsivesikud<\/td>\n<td>9.0 g<\/td>\n<td>18 g<\/td>\n<\/tr>\n<tr class=\"sub\">\n<td>&#8211; <em>millest<\/em> suhkur<\/td>\n<td>7.5 g<\/td>\n<td>15 g<\/td>\n<\/tr>\n<tr class=\"sub\">\n<td>Kiudained<\/td>\n<td>4.3 g<\/td>\n<td>8.6 g<\/td>\n<\/tr>\n<tr>\n<td>Valgud<\/td>\n<td>26 g<\/td>\n<td>52 g<\/td>\n<\/tr>\n<tr>\n<td>Sool<\/td>\n<td>0.5 g<\/td>\n<td>1 g<\/td>\n<\/tr>\n<\/tbody>\n<\/table>\n<\/div>\n<p>Vaata ka meie Teisi Valgupulbreid <a href=\"https:\/\/fit360.ee\/en\/product-category\/product-groups\/protein-poweders-en\/\"><strong>SIIT<\/strong> <\/a>v\u00f5i Valgurikkaid vahepalasi <a href=\"https:\/\/fit360.ee\/en\/product-category\/product-groups\/protein-bars-and-snacks\/\"><strong>SIIT<\/strong><\/a>!<\/p>\n<\/div>\n<\/div>\n<\/div>\n<\/section>\n<div class=\"--label col-12\">Soovid teha suuremat tellimust? Vaata antud toodet meie HULGI lehelt\u00a0<a href=\"https:\/\/toidulisandidhulgi.ee\/product\/proteiinijaatis-400g\/\"><strong>SIIT<\/strong><\/a>!<\/div>\n<\/div>\n","protected":false},"excerpt":{"rendered":"<ul>\n<li>Suur valgukogus<\/li>\n<li>Imelised maitsed<\/li>\n<li>Kreemjas tekstuur<\/li>\n<li>Saab valmistada vee v\u00f5i piimaga<\/li>\n<\/ul>\n","protected":false},"featured_media":63636,"comment_status":"closed","ping_status":"closed","template":"","meta":[],"product_brand":[],"product_cat":[1329,534,535,2420],"product_tag":[3844,1924,3845],"giftcard-category":[],"class_list":{"0":"post-63640","1":"product","2":"type-product","3":"status-publish","4":"has-post-thumbnail","6":"product_cat-ostrovit-en","7":"product_cat-protein-bars-and-snacks","8":"product_cat-protein-poweders-en","9":"product_cat-whey-protein-en","10":"product_tag-high-protein-ice-cream-en","11":"product_tag-ostrovit-en","12":"product_tag-proteiinijaatis-en","13":"pa_maitse-chocolate","14":"pa_maitse-milky-en","15":"pa_maitse-strawberry-2","17":"first","18":"outofstock","19":"sale","20":"taxable","21":"shipping-taxable","22":"purchasable","23":"product-type-variable"},"yoast_head":"<!-- This site is optimized with the Yoast SEO plugin v27.3 - https:\/\/yoast.com\/product\/yoast-seo-wordpress\/ -->\n<title>Proteiinij\u00e4\u00e4tis - High Protein Ice Cream (400g) - Kiire Tarne - Fit360<\/title>\n<meta name=\"description\" content=\"Proteiinij\u00e4\u00e4tis - High Protein Ice Cream on maitsev proteiinimagustoit, mis on m\u00f5eldud k\u00f5igile neile, kes j\u00e4lgivad oma figuuri...\" \/>\n<meta name=\"robots\" content=\"index, follow, max-snippet:-1, max-image-preview:large, max-video-preview:-1\" \/>\n<link rel=\"canonical\" href=\"https:\/\/fit360.ee\/en\/pood\/product-groups\/protein-poweders-en\/whey-protein-en\/proteiinijaatis-400g\/\" \/>\n<meta property=\"og:locale\" content=\"en_US\" \/>\n<meta property=\"og:type\" content=\"article\" \/>\n<meta property=\"og:title\" content=\"Proteiinij\u00e4\u00e4tis - High Protein Ice Cream (400g) - Kiire Tarne - Fit360\" \/>\n<meta property=\"og:description\" content=\"Proteiinij\u00e4\u00e4tis - High Protein Ice Cream on maitsev proteiinimagustoit, mis on m\u00f5eldud k\u00f5igile neile, kes j\u00e4lgivad oma figuuri...\" \/>\n<meta property=\"og:url\" content=\"https:\/\/fit360.ee\/en\/pood\/product-groups\/protein-poweders-en\/whey-protein-en\/proteiinijaatis-400g\/\" \/>\n<meta property=\"og:site_name\" content=\"Fit360\" \/>\n<meta property=\"article:modified_time\" content=\"2025-08-19T07:20:22+00:00\" \/>\n<meta property=\"og:image\" content=\"https:\/\/fit360.ee\/wp-content\/uploads\/2022\/07\/proteiinijaatis-fit360.ee-1.png\" \/>\n\t<meta property=\"og:image:width\" content=\"450\" \/>\n\t<meta property=\"og:image:height\" content=\"450\" \/>\n\t<meta property=\"og:image:type\" content=\"image\/png\" \/>\n<meta name=\"twitter:card\" content=\"summary_large_image\" \/>\n<meta name=\"twitter:label1\" content=\"Est. reading time\" \/>\n\t<meta name=\"twitter:data1\" content=\"3 minutes\" \/>\n<script type=\"application\/ld+json\" class=\"yoast-schema-graph\">{\"@context\":\"https:\\\/\\\/schema.org\",\"@graph\":[{\"@type\":\"WebPage\",\"@id\":\"https:\\\/\\\/fit360.ee\\\/en\\\/pood\\\/product-groups\\\/protein-poweders-en\\\/whey-protein-en\\\/proteiinijaatis-400g\\\/\",\"url\":\"https:\\\/\\\/fit360.ee\\\/en\\\/pood\\\/product-groups\\\/protein-poweders-en\\\/whey-protein-en\\\/proteiinijaatis-400g\\\/\",\"name\":\"Proteiinij\u00e4\u00e4tis - High Protein Ice Cream (400g) - Kiire Tarne - Fit360\",\"isPartOf\":{\"@id\":\"https:\\\/\\\/fit360.ee\\\/en\\\/#website\"},\"primaryImageOfPage\":{\"@id\":\"https:\\\/\\\/fit360.ee\\\/en\\\/pood\\\/product-groups\\\/protein-poweders-en\\\/whey-protein-en\\\/proteiinijaatis-400g\\\/#primaryimage\"},\"image\":{\"@id\":\"https:\\\/\\\/fit360.ee\\\/en\\\/pood\\\/product-groups\\\/protein-poweders-en\\\/whey-protein-en\\\/proteiinijaatis-400g\\\/#primaryimage\"},\"thumbnailUrl\":\"https:\\\/\\\/fit360.ee\\\/wp-content\\\/uploads\\\/2022\\\/07\\\/proteiinijaatis-fit360.ee-1.png\",\"datePublished\":\"2022-07-13T15:09:21+00:00\",\"dateModified\":\"2025-08-19T07:20:22+00:00\",\"description\":\"Proteiinij\u00e4\u00e4tis - High Protein Ice Cream on maitsev proteiinimagustoit, mis on m\u00f5eldud k\u00f5igile neile, kes j\u00e4lgivad oma figuuri...\",\"breadcrumb\":{\"@id\":\"https:\\\/\\\/fit360.ee\\\/en\\\/pood\\\/product-groups\\\/protein-poweders-en\\\/whey-protein-en\\\/proteiinijaatis-400g\\\/#breadcrumb\"},\"inLanguage\":\"en-US\",\"potentialAction\":[{\"@type\":\"ReadAction\",\"target\":[\"https:\\\/\\\/fit360.ee\\\/en\\\/pood\\\/product-groups\\\/protein-poweders-en\\\/whey-protein-en\\\/proteiinijaatis-400g\\\/\"]}]},{\"@type\":\"ImageObject\",\"inLanguage\":\"en-US\",\"@id\":\"https:\\\/\\\/fit360.ee\\\/en\\\/pood\\\/product-groups\\\/protein-poweders-en\\\/whey-protein-en\\\/proteiinijaatis-400g\\\/#primaryimage\",\"url\":\"https:\\\/\\\/fit360.ee\\\/wp-content\\\/uploads\\\/2022\\\/07\\\/proteiinijaatis-fit360.ee-1.png\",\"contentUrl\":\"https:\\\/\\\/fit360.ee\\\/wp-content\\\/uploads\\\/2022\\\/07\\\/proteiinijaatis-fit360.ee-1.png\",\"width\":450,\"height\":450,\"caption\":\"proteiinij\u00e4\u00e4tis - fit360.ee\"},{\"@type\":\"BreadcrumbList\",\"@id\":\"https:\\\/\\\/fit360.ee\\\/en\\\/pood\\\/product-groups\\\/protein-poweders-en\\\/whey-protein-en\\\/proteiinijaatis-400g\\\/#breadcrumb\",\"itemListElement\":[{\"@type\":\"ListItem\",\"position\":1,\"name\":\"Home\",\"item\":\"https:\\\/\\\/fit360.ee\\\/en\\\/\"},{\"@type\":\"ListItem\",\"position\":2,\"name\":\"Shop\",\"item\":\"https:\\\/\\\/fit360.ee\\\/en\\\/shop\\\/\"},{\"@type\":\"ListItem\",\"position\":3,\"name\":\"Proteiinij\u00e4\u00e4tis &#8211; High Protein Ice Cream (400g)\"}]},{\"@type\":\"WebSite\",\"@id\":\"https:\\\/\\\/fit360.ee\\\/en\\\/#website\",\"url\":\"https:\\\/\\\/fit360.ee\\\/en\\\/\",\"name\":\"Fit360\",\"description\":\"\",\"publisher\":{\"@id\":\"https:\\\/\\\/fit360.ee\\\/en\\\/#organization\"},\"potentialAction\":[{\"@type\":\"SearchAction\",\"target\":{\"@type\":\"EntryPoint\",\"urlTemplate\":\"https:\\\/\\\/fit360.ee\\\/en\\\/?s={search_term_string}\"},\"query-input\":{\"@type\":\"PropertyValueSpecification\",\"valueRequired\":true,\"valueName\":\"search_term_string\"}}],\"inLanguage\":\"en-US\"},{\"@type\":\"Organization\",\"@id\":\"https:\\\/\\\/fit360.ee\\\/en\\\/#organization\",\"name\":\"Fit360\",\"url\":\"https:\\\/\\\/fit360.ee\\\/en\\\/\",\"logo\":{\"@type\":\"ImageObject\",\"inLanguage\":\"en-US\",\"@id\":\"https:\\\/\\\/fit360.ee\\\/en\\\/#\\\/schema\\\/logo\\\/image\\\/\",\"url\":\"https:\\\/\\\/fit360.ee\\\/wp-content\\\/uploads\\\/2017\\\/01\\\/logo-fit360.png\",\"contentUrl\":\"https:\\\/\\\/fit360.ee\\\/wp-content\\\/uploads\\\/2017\\\/01\\\/logo-fit360.png\",\"width\":180,\"height\":66,\"caption\":\"Fit360\"},\"image\":{\"@id\":\"https:\\\/\\\/fit360.ee\\\/en\\\/#\\\/schema\\\/logo\\\/image\\\/\"}}]}<\/script>\n<!-- \/ Yoast SEO plugin. -->","yoast_head_json":{"title":"Proteiinij\u00e4\u00e4tis - High Protein Ice Cream (400g) - Kiire Tarne - Fit360","description":"Proteiinij\u00e4\u00e4tis - High Protein Ice Cream on maitsev proteiinimagustoit, mis on m\u00f5eldud k\u00f5igile neile, kes j\u00e4lgivad oma figuuri...","robots":{"index":"index","follow":"follow","max-snippet":"max-snippet:-1","max-image-preview":"max-image-preview:large","max-video-preview":"max-video-preview:-1"},"canonical":"https:\/\/fit360.ee\/en\/pood\/product-groups\/protein-poweders-en\/whey-protein-en\/proteiinijaatis-400g\/","og_locale":"en_US","og_type":"article","og_title":"Proteiinij\u00e4\u00e4tis - High Protein Ice Cream (400g) - Kiire Tarne - Fit360","og_description":"Proteiinij\u00e4\u00e4tis - High Protein Ice Cream on maitsev proteiinimagustoit, mis on m\u00f5eldud k\u00f5igile neile, kes j\u00e4lgivad oma figuuri...","og_url":"https:\/\/fit360.ee\/en\/pood\/product-groups\/protein-poweders-en\/whey-protein-en\/proteiinijaatis-400g\/","og_site_name":"Fit360","article_modified_time":"2025-08-19T07:20:22+00:00","og_image":[{"width":450,"height":450,"url":"https:\/\/fit360.ee\/wp-content\/uploads\/2022\/07\/proteiinijaatis-fit360.ee-1.png","type":"image\/png"}],"twitter_card":"summary_large_image","twitter_misc":{"Est. reading time":"3 minutes"},"schema":{"@context":"https:\/\/schema.org","@graph":[{"@type":"WebPage","@id":"https:\/\/fit360.ee\/en\/pood\/product-groups\/protein-poweders-en\/whey-protein-en\/proteiinijaatis-400g\/","url":"https:\/\/fit360.ee\/en\/pood\/product-groups\/protein-poweders-en\/whey-protein-en\/proteiinijaatis-400g\/","name":"Proteiinij\u00e4\u00e4tis - High Protein Ice Cream (400g) - Kiire Tarne - Fit360","isPartOf":{"@id":"https:\/\/fit360.ee\/en\/#website"},"primaryImageOfPage":{"@id":"https:\/\/fit360.ee\/en\/pood\/product-groups\/protein-poweders-en\/whey-protein-en\/proteiinijaatis-400g\/#primaryimage"},"image":{"@id":"https:\/\/fit360.ee\/en\/pood\/product-groups\/protein-poweders-en\/whey-protein-en\/proteiinijaatis-400g\/#primaryimage"},"thumbnailUrl":"https:\/\/fit360.ee\/wp-content\/uploads\/2022\/07\/proteiinijaatis-fit360.ee-1.png","datePublished":"2022-07-13T15:09:21+00:00","dateModified":"2025-08-19T07:20:22+00:00","description":"Proteiinij\u00e4\u00e4tis - High Protein Ice Cream on maitsev proteiinimagustoit, mis on m\u00f5eldud k\u00f5igile neile, kes j\u00e4lgivad oma figuuri...","breadcrumb":{"@id":"https:\/\/fit360.ee\/en\/pood\/product-groups\/protein-poweders-en\/whey-protein-en\/proteiinijaatis-400g\/#breadcrumb"},"inLanguage":"en-US","potentialAction":[{"@type":"ReadAction","target":["https:\/\/fit360.ee\/en\/pood\/product-groups\/protein-poweders-en\/whey-protein-en\/proteiinijaatis-400g\/"]}]},{"@type":"ImageObject","inLanguage":"en-US","@id":"https:\/\/fit360.ee\/en\/pood\/product-groups\/protein-poweders-en\/whey-protein-en\/proteiinijaatis-400g\/#primaryimage","url":"https:\/\/fit360.ee\/wp-content\/uploads\/2022\/07\/proteiinijaatis-fit360.ee-1.png","contentUrl":"https:\/\/fit360.ee\/wp-content\/uploads\/2022\/07\/proteiinijaatis-fit360.ee-1.png","width":450,"height":450,"caption":"proteiinij\u00e4\u00e4tis - fit360.ee"},{"@type":"BreadcrumbList","@id":"https:\/\/fit360.ee\/en\/pood\/product-groups\/protein-poweders-en\/whey-protein-en\/proteiinijaatis-400g\/#breadcrumb","itemListElement":[{"@type":"ListItem","position":1,"name":"Home","item":"https:\/\/fit360.ee\/en\/"},{"@type":"ListItem","position":2,"name":"Shop","item":"https:\/\/fit360.ee\/en\/shop\/"},{"@type":"ListItem","position":3,"name":"Proteiinij\u00e4\u00e4tis &#8211; High Protein Ice Cream (400g)"}]},{"@type":"WebSite","@id":"https:\/\/fit360.ee\/en\/#website","url":"https:\/\/fit360.ee\/en\/","name":"Fit360","description":"","publisher":{"@id":"https:\/\/fit360.ee\/en\/#organization"},"potentialAction":[{"@type":"SearchAction","target":{"@type":"EntryPoint","urlTemplate":"https:\/\/fit360.ee\/en\/?s={search_term_string}"},"query-input":{"@type":"PropertyValueSpecification","valueRequired":true,"valueName":"search_term_string"}}],"inLanguage":"en-US"},{"@type":"Organization","@id":"https:\/\/fit360.ee\/en\/#organization","name":"Fit360","url":"https:\/\/fit360.ee\/en\/","logo":{"@type":"ImageObject","inLanguage":"en-US","@id":"https:\/\/fit360.ee\/en\/#\/schema\/logo\/image\/","url":"https:\/\/fit360.ee\/wp-content\/uploads\/2017\/01\/logo-fit360.png","contentUrl":"https:\/\/fit360.ee\/wp-content\/uploads\/2017\/01\/logo-fit360.png","width":180,"height":66,"caption":"Fit360"},"image":{"@id":"https:\/\/fit360.ee\/en\/#\/schema\/logo\/image\/"}}]}},"_links":{"self":[{"href":"https:\/\/fit360.ee\/en\/wp-json\/wp\/v2\/product\/63640","targetHints":{"allow":["GET"]}}],"collection":[{"href":"https:\/\/fit360.ee\/en\/wp-json\/wp\/v2\/product"}],"about":[{"href":"https:\/\/fit360.ee\/en\/wp-json\/wp\/v2\/types\/product"}],"replies":[{"embeddable":true,"href":"https:\/\/fit360.ee\/en\/wp-json\/wp\/v2\/comments?post=63640"}],"wp:featuredmedia":[{"embeddable":true,"href":"https:\/\/fit360.ee\/en\/wp-json\/wp\/v2\/media\/63636"}],"wp:attachment":[{"href":"https:\/\/fit360.ee\/en\/wp-json\/wp\/v2\/media?parent=63640"}],"wp:term":[{"taxonomy":"product_brand","embeddable":true,"href":"https:\/\/fit360.ee\/en\/wp-json\/wp\/v2\/product_brand?post=63640"},{"taxonomy":"product_cat","embeddable":true,"href":"https:\/\/fit360.ee\/en\/wp-json\/wp\/v2\/product_cat?post=63640"},{"taxonomy":"product_tag","embeddable":true,"href":"https:\/\/fit360.ee\/en\/wp-json\/wp\/v2\/product_tag?post=63640"},{"taxonomy":"giftcard-category","embeddable":true,"href":"https:\/\/fit360.ee\/en\/wp-json\/wp\/v2\/giftcard-category?post=63640"}],"curies":[{"name":"wp","href":"https:\/\/api.w.org\/{rel}","templated":true}]}}