{"id":63656,"date":"2022-07-13T17:57:37","date_gmt":"2022-07-13T15:57:37","guid":{"rendered":"https:\/\/fit360.ee\/pood\/uncategorized\/abe-pre-workout-315g\/"},"modified":"2026-04-08T00:11:22","modified_gmt":"2026-04-07T22:11:22","slug":"abe-pre-workout-375g","status":"publish","type":"product","link":"https:\/\/fit360.ee\/en\/pood\/product-groups\/creatine-en\/creatine-monohydrate-en\/abe-pre-workout-375g\/","title":{"rendered":"Applied Nutrition ABE Pre-Workout (375g)"},"content":{"rendered":"<h1><strong>ABE Pre-Workout<\/strong><\/h1>\n<p>Applied Nutrition ABE Pre-Workout (All Black Everything) on intelligentne ja erandlikult v\u00f5imas trennieelne erguti, mis on loodud just hardcore-sportlaste vajadusi silmas pidades. Kombineerides k\u00f5iki muljetavaldavaid koostisosi \u00fches turvalises ja efektiivses valemis, on Applied kinnistanud endale koha treeningeelsete ergutite kategooria tipus!<\/p>\n<p><strong>PEAMISED OMADUSED<\/strong><\/p>\n<p><strong>TOHUTU Stimuleeriv Toime<\/strong>\u00a0\u2013 Kofeiini ja teakriini kogus All Black Everythingis teeb sellest tootest sobiva\u00a0<em>hardcore<\/em>\u00a0inimestele\u00a0\u00a0&#8211; sa TUNNED selle toimet ja sa VAJAD kofeiini tolerantsi.<\/p>\n<p><strong>Suurenenud Vastupidavus &#8211;<\/strong> Applied Nutrition on ABE Pre-Workout valemisse lisanud efektiivse doosi beeta-alaniini, millel on teaduslikult t\u00f5estatud korduste hulka suurendav toime.<\/p>\n<p><strong>J\u00f5u &amp; Suuruse Parandamine\u00a0<\/strong>\u2013 <a href=\"https:\/\/fit360.ee\/en\/product-category\/product-groups\/amino-acids-bcaa\/beta-alanine-en\/\">Beeta-alaniini<\/a> k\u00f5rval on naturaalsete sooritusv\u00f5imete KUNINGAKS kreatiin. Applied on kombineerinud kreatiin monoh\u00fcdraadi, kreatiinet\u00fc\u00fclestri ja kreatiin HCLi, et kindlustada ABE Pre-Workout toimimine k\u00f5igil.<\/p>\n<p><strong>Energiavitamiinid \u2013<\/strong>\u00a0<a href=\"https:\/\/fit360.ee\/en\/product-category\/product-groups\/vitamins-and-minerals-en\/b-vitamin-en\/\">B-grupi vitamiinid<\/a> on energia ainevahetuse protsessi osad. Applied Nutrition lisas need ABE valemisse, et kindlustada sinu v\u00f5imekus intensiivse trenni jaoks piisavalt k\u00fctust metaboliseerida.<\/p>\n<p><strong>Lai Maitsevalik \u2013<\/strong>\u00a0Tavalistest maitsetest t\u00fcdinud? Proovi \u201cEnergia\u201d maitset, kui soovid midagi, mis v\u00f5iks sulle tiivad anda v\u00f5i proovi v\u00e4rskendavat kirsikoolat \u2013 see on k\u00fclmana imeline!<\/p>\n<p><strong>Sisaldab TeaCrine &#8211;<\/strong>\u00a0TeaCrine on trennieelsete ergutite maailmas kuumim koostisosa, kuna see hoiab \u00e4ra t\u00fc\u00fcpilise kofeiini tarbimisel j\u00e4rgnenud \u00c4RA KUKKUMISE. TeaCrine\u2019i kasutades v\u00f5id kasutada v\u00e4hem kofeiini ja saada tugevama toime, seega ei tohiks olla \u00fcllatuseks, et leiad selle Applied Nutrition ABE trennieelses ergutis.<\/p>\n<p>Loomalik Pump &amp; Soonelisus &#8211; All Black Everything ergutisse lisatud tugeva tsitruliinmalaadi doosiga saad enda poolele turu parima pumbatuse ja vaskulaarsuse koostisosa. See v\u00f5imendab su trenni, kuna transpordib toitaineid su lihastesse nii kiiresti kui v\u00f5imalik.<\/p>\n<h4><strong>Kellele Applied Nutrition All Black Everything (ABE) trennieelne erguti sobib?<\/strong><\/h4>\n<p>Kui sulle meeldivad tugevad trennieelsed ergutid, siis on ABE loodud sulle \u2013 \u00c4RA V\u00d5TA harjumusest topeltportsu, kui sa seda muidu teinud oled, vaid hinda oma taluvust n\u00e4dala jooksul \u2013 see on nii v\u00f5imas! Kui tahad RASSIDA l\u00e4bi oma treeningu MASSIIVSE pumbatusega, siis vali ABE \u2013 meile Echos see meeldib ja lai maitsevalik kindlustab, et sa ei t\u00fcdine!<\/p>\n<p><strong>Millal kasutada Applied Nutrition All Black Everything (ABE) trennieelset ergutit?<\/strong><\/p>\n<p>Kui tarbid ABEt t\u00fchja k\u00f5huga, siis v\u00f5ta see umbes 15-20 minutit enne treeningut (see m\u00f5jub KIIRESTI!) ja anna talle lisa 5-10 minutit seedimiseks kui k\u00f5ht rohkem t\u00e4is on.<\/p>\n<p><strong>Kes on Applied Nutrition?<\/strong><\/p>\n<p>Applied Nutrition UK \u00fcks tipp-toidulisanditootjatest, kelle fookus on TURVALISTEL ja EFEKTIIVSETEL valemitel \u2013 enamus tootevalikust on Informed Sporti poolt testitud v\u00f5i p\u00e4rinevad Informed Sporti poolt testitud asutusest \u2013 need on asutused, kus kontrollitakse, et keelatud ained sinna ei p\u00e4\u00e4seks. Teisis\u00f5nu, sa v\u00f5id USALDADA Applied Nutritioni toodete k\u00f5rget kvaliteeti ja seda, et tooted sisaldavad T\u00c4PSELT seda, mis pakendil kirjas.<\/p>\n<p><strong>Kasutamine:<\/strong> Sega 1 serveering (12,5 g) 250 ml k\u00fclma veega ja tarbi 30 minutit enne treeningut. Sisaldab 200 mg kofeiini serveeringu kohta.<\/p>\n<h4><strong>Koostisosad ABE Pre-Workout<\/strong><\/h4>\n<p><strong>Bubblegum Crush<\/strong><br \/>\ntsitrulliinmalaat (2:1), kreatiinmonoh\u00fcdraat, beeta-alaniin, hape (sidrunhape), l\u00f5hna- ja maitseained, happesuse regulaator (naatriumvesinikkarbonaat), tauriin, veevaba kofeiin, koliinvesiniktartraat (VitaCholine\u2122 kujul), paakumisvastased ained (r\u00e4nidioksiid, kaltsiumsilikaat), magusaine (sukraloos), v\u00e4rvaine (peedipunane), niatsiin (niatsiinamiid), vitamiin B12 (ts\u00fcanokobalamiin).<\/p>\n<p><strong>Kommij\u00e4\u00e4tis koos Breathe Easy\u2122<\/strong><br \/>\ntsitrulliinmalaadiga (2:1), kreatiinmonoh\u00fcdraadi, beeta-alaniini, happe (sidrunhape), happesuse regulaatori (naatriumvesinikkarbonaat), tauriin, l\u00f5hna- ja maitseained, veevaba kofeiin, koliinbitartraat (VitaCholine\u2122 kujul), paakumisvastased ained (r\u00e4nidioksiid, kaltsiumsilikaat), magusaine (sukraloos), Breathe Easy\u2122 (l\u00f5hna- ja maitseained), v\u00e4rvaine (peedipunane), niatsiin (niatsiinamiid), vitamiin B12 (ts\u00fcanokobalamiin).<\/p>\n<p><strong>Kirsi-kola<\/strong><br \/>\ntsitrulliinmalaat (2:1), kreatiinmonoh\u00fcdraat, beeta-alaniin, hape (sidrunhape), l\u00f5hna- ja maitseained, happesuse regulaator (naatriumvesinikkarbonaat), tauriin, veevaba kofeiin, koliinvesiniktartraat (VitaCholine\u2122 kujul), paakumisvastased ained (r\u00e4nidioksiid, kaltsiumsilikaat), magusaine (sukraloos), v\u00e4rvaine (ammoniaakkaramell), niatsiin (niatsiinamiid), vitamiin B12 (ts\u00fcanokobalamiin).<\/p>\n<p><strong>Energia maitse<\/strong><br \/>\ntsitrulliinmalaat (2:1), kreatiinmonoh\u00fcdraat, beeta-alaniin, hape (sidrunhape), l\u00f5hna- ja maitseained, happesuse regulaator (naatriumvesinikkarbonaat), tauriin, veevaba kofeiin, koliinvesiniktartraat (VitaCholine\u2122 kujul), paakumisvastased ained (r\u00e4nidioksiid, kaltsiumsilikaat), magusaine (sukraloos), niatsiin (niatsiinamiid), v\u00e4rvained (ammoniaakkaramell, tartrasiin^), vitamiin B12 (ts\u00fcanokobalamiin).<\/p>\n<p><strong>Fruit Punch<\/strong><br \/>\ntsitrulliinmalaat (2:1), kreatiinmonoh\u00fcdraat, beeta-alaniin, hape (sidrunhape), happesuse regulaator (naatriumvesinikkarbonaat), tauriin, veevaba kofeiin, koliinvesiniktartraat (VitaCholine\u2122 kujul), paakumisvastased ained (r\u00e4nidioksiid, kaltsiumsilikaat), l\u00f5hna- ja maitseained, magusaine (sukraloos), v\u00e4rvaine (peedipunane), niatsiin (niatsiinamiid), vitamiin B12 (ts\u00fcanokobalamiin).<\/p>\n<p><strong>Icy Blue Raz<\/strong><br \/>\ntsitrulliinmalaat (2:1), kreatiinmonoh\u00fcdraat, beeta-alaniin, hape (sidrunhape), l\u00f5hna- ja maitseained, happesuse regulaator (naatriumvesinikkarbonaat), tauriin, veevaba kofeiin, koliinvesiniktartraat (VitaCholine\u2122 kujul), paakumisvastased ained (r\u00e4nidioksiid, kaltsiumsilikaat), magusaine (sukraloos), niatsiin (niatsiinamiid), vitamiin B12 (ts\u00fcanokobalamiin), v\u00e4rvaine (briljantsinine FCF).<\/p>\n<p><strong>Hapu \u00f5una<\/strong><br \/>\ntsitrulliinmalaat (2:1), kreatiinmonoh\u00fcdraat, beeta-alaniin, hape (sidrunhape), l\u00f5hna- ja maitseained, happesuse regulaator (naatriumvesinikkarbonaat), tauriin, veevaba kofeiin, koliinvesiniktartraat (VitaCholine\u2122 kujul), paakumisvastased ained (r\u00e4nidioksiid, kaltsiumsilikaat), magusaine (sukraloos), niatsiin (niatsiinamiid), v\u00e4rvained (tartrasiin, briljantsinine FCF), vitamiin B12 (ts\u00fcanokobalamiin).<\/p>\n<p><strong>Hapu kummikaru<\/strong><br \/>\nTsitrulliinmalaat (2:1), kreatiinmonoh\u00fcdraat, beeta-alaniin, hape (sidrunhape), l\u00f5hna- ja maitseained, happesuse regulaator (naatriumvesinikkarbonaat), tauriin, veevaba kofeiin, koliinbitartraat (VitaCholine\u2122 kujul), paakumisvastased ained (r\u00e4nidioksiid, kaltsiumsilikaat), magusaine (sukraloos), v\u00e4rvaine (peedipunane), niatsiin (niatsiinamiid), vitamiin B12 (ts\u00fcanokobalamiin).<\/p>\n<p><strong>Troopiline<\/strong><br \/>\ntsitrulliinmalaat (2:1), kreatiinmonoh\u00fcdraat, beeta-alaniin, hape (sidrunhape), happesuse regulaator (naatriumvesinikkarbonaat), tauriin, l\u00f5hna- ja maitseained, veevaba kofeiin, koliinbitartraat (VitaCholine\u2122 kujul), paakumisvastased ained (r\u00e4nidioksiid, kaltsiumsilikaat), v\u00e4rvaine (tartrasiin^), magusaine (sukraloos), niatsiin (niatsiinamiid), vitamiin B12 (ts\u00fcanokobalamiin).<\/p>\n<p><strong>Twirleri j\u00e4\u00e4tis,<\/strong><br \/>\ntsitrulliinmalaat (2:1), kreatiinmonoh\u00fcdraat, beeta-alaniin, hape (sidrunhape), l\u00f5hna- ja maitseained, happesuse regulaator (naatriumvesinikkarbonaat), tauriin, veevaba kofeiin, koliinvesiniktartraat (VitaCholine\u2122 kujul), paakumisvastased ained (r\u00e4nidioksiid, kaltsiumsilikaat), magusaine (sukraloos), niatsiin (niatsiinamiid), vitamiin B12 (ts\u00fcanokobalamiin), v\u00e4rvaine (tartrasiin, briljantsinine FCF).<\/p>\n<p><strong>Maasika mojito<\/strong><br \/>\ntsitrulliinmalaat (2:1), kreatiinmonoh\u00fcdraat, beeta-alaniin, hape (sidrunhape), happesuse regulaator (naatriumvesinikkarbonaat), l\u00f5hna- ja maitseained, tauriin, veevaba kofeiin, koliinbitartraat (VitaCholine\u2122 kujul), paakumisvastased ained (r\u00e4nidioksiid, kaltsiumsilikaat), magusaine (sukraloos), niatsiin (niatsiinamiid), v\u00e4rvaine (peedipunane), vitamiin B12 (ts\u00fcanokobalamiin).<\/p>\n<p><strong>Baddy Berry<\/strong><br \/>\ntsitrulliinmalaat (2:1), kreatiinmonoh\u00fcdraat, beeta-alaniin, hape (sidrunhape), happesuse regulaator (naatriumvesinikkarbonaat), tauriin, l\u00f5hna- ja maitseained, veevaba kofeiin, koliinbitartraat (VitaCholine\u2122 kujul), paakumisvastased ained (r\u00e4nidioksiid, kaltsiumsilikaat), v\u00e4rvaine (peedipunane), magusaine (sukraloos), niatsiin (niatsiinamiid), vitamiin B12 (ts\u00fcanokobalamiin).<\/p>\n<p><strong>Swizzels Love Hearts<br \/>\n<\/strong>tsitrulliinmalaat (2:1), kreatiinmonoh\u00fcdraat, beeta-alaniin, l\u00f5hna- ja maitseained, happesuse regulaator (naatriumvesinikkarbonaat), tauriin, hape (sidrunhape), veevaba kofeiin, koliinbitartraat (VitaCholine\u2122 kujul), paakumisvastased ained (r\u00e4nidioksiid, kaltsiumsilikaat), magusaine (sukraloos), niatsiin (niatsiinamiid), vitamiin B12 (ts\u00fcanokobalamiin).<\/p>\n<p><strong>Swizzels Drumstick Squashies<br \/>\n<\/strong>tsitrulliinmalaat (2:1), kreatiinmonoh\u00fcdraat, beeta-alaniin, l\u00f5hna- ja maitseained, happesuse regulaator (naatriumvesinikkarbonaat), tauriin, hape (sidrunhape), veevaba kofeiin, koliinbitartraat (VitaCholine\u2122 kujul), paakumisvastased ained (r\u00e4nidioksiid, kaltsiumsilikaat), magusaine (sukraloos), niatsiin (niatsiinamiid), v\u00e4rvained (peedipunane, kurkumiini ekstrakt), vitamiin B12 (ts\u00fcanokobalamiin).<\/p>\n<p><strong>Swizzels Lemon Refresher<br \/>\n<\/strong>tsitrulliinmalaat (2:1), kreatiinmonoh\u00fcdraat, beeta-alaniin, l\u00f5hna- ja maitseained, happesuse regulaator (naatriumvesinikkarbonaat), tauriin, hape (sidrunhape), veevaba kofeiin, koliinbitartraat (VitaCholine\u2122 kujul), paakumisvastased ained (r\u00e4nidioksiid, kaltsiumsilikaat), magusaine (sukraloos), niatsiin (niatsiinamiid), v\u00e4rvaine (kurkumiini ekstrakt), vitamiin B12 (ts\u00fcanokobalamiin).<\/p>\n<p><strong>ALLERGEENID:<\/strong>\u00a0Levinud allergeene ei ole. Toodetud tehases, kus k\u00e4ideldakse piima, soja, mune, kala, sellerit, gluteeni sisaldavaid teravilju ja nende tooteid.<\/p>\n<p><strong>VitaCholine\u2122<\/strong>\u00a0on Balchem \u200b\u200bCorporationi v\u00f5i selle t\u00fctarettev\u00f5tete kaubam\u00e4rk.<\/p>\n<p><a href=\"https:\/\/fit360.ee\/wp-content\/uploads\/2022\/07\/ABE-Pre-Workout-fit360.ee-1-800x800.jpg\"><img loading=\"lazy\" decoding=\"async\" class=\"size-medium wp-image-88871\" src=\"https:\/\/fit360.ee\/wp-content\/uploads\/2022\/07\/ABE-Pre-Workout-fit360.ee-1-800x800.jpg\" alt=\"ABE Pre-Workout - fit360.ee\" width=\"800\" height=\"800\" srcset=\"https:\/\/fit360.ee\/wp-content\/uploads\/2022\/07\/ABE-Pre-Workout-fit360.ee-1-800x800.jpg 800w, https:\/\/fit360.ee\/wp-content\/uploads\/2022\/07\/ABE-Pre-Workout-fit360.ee-1-1600x1600.jpg 1600w, https:\/\/fit360.ee\/wp-content\/uploads\/2022\/07\/ABE-Pre-Workout-fit360.ee-1-340x340.jpg 340w, https:\/\/fit360.ee\/wp-content\/uploads\/2022\/07\/ABE-Pre-Workout-fit360.ee-1-768x768.jpg 768w, https:\/\/fit360.ee\/wp-content\/uploads\/2022\/07\/ABE-Pre-Workout-fit360.ee-1-1536x1536.jpg 1536w, https:\/\/fit360.ee\/wp-content\/uploads\/2022\/07\/ABE-Pre-Workout-fit360.ee-1-247x247.jpg 247w, https:\/\/fit360.ee\/wp-content\/uploads\/2022\/07\/ABE-Pre-Workout-fit360.ee-1-510x510.jpg 510w, https:\/\/fit360.ee\/wp-content\/uploads\/2022\/07\/ABE-Pre-Workout-fit360.ee-1-100x100.jpg 100w, https:\/\/fit360.ee\/wp-content\/uploads\/2022\/07\/ABE-Pre-Workout-fit360.ee-1.jpg 2000w\" sizes=\"auto, (max-width: 800px) 100vw, 800px\" \/><\/a><\/p>\n<p>Vaata ka meie Teisi Pre Workoute <a href=\"https:\/\/fit360.ee\/en\/product-category\/product-groups\/pre-workout-en\/\"><strong>SIIT<\/strong><\/a>!<\/p>\n<p>Soovid teha suuremat tellimust? Vaata antud toodet meie HULGI lehelt\u00a0<a href=\"https:\/\/toidulisandidhulgi.ee\/product\/abe-pre-workout-315g\/\"><strong>SIIT<\/strong><\/a>!<\/p>\n","protected":false},"excerpt":{"rendered":"<ul>\n<li>Tohutu Stimuleeriv Toime<\/li>\n<li>Suurenenud Vastupidavus<\/li>\n<li>Lai Maitsevalik<\/li>\n<li>Energiavitamiinid<\/li>\n<li>Parimad Toimeained<\/li>\n<\/ul>\n","protected":false},"featured_media":63650,"comment_status":"closed","ping_status":"closed","template":"","meta":[],"product_brand":[],"product_cat":[3727,2303,5324,2314,526,2412,533],"product_tag":[3850,3730],"giftcard-category":[],"class_list":{"0":"post-63656","1":"product","2":"type-product","3":"status-publish","4":"has-post-thumbnail","6":"product_cat-applied-nutrition-en","7":"product_cat-beta-alanine-en","8":"product_cat-caffeine-en","9":"product_cat-citrulline-en","10":"product_cat-creatine-en","11":"product_cat-creatine-monohydrate-en","12":"product_cat-pre-workout-en","13":"product_tag-abe-pre-workout-en","14":"product_tag-applied-nutrition-en","15":"pa_maitse-baddy-berry-en","16":"pa_maitse-blue-raz-en","17":"pa_maitse-bubblegum-crush-en","18":"pa_maitse-candy-ice-blast-en","19":"pa_maitse-cola-kirsi-en","20":"pa_maitse-energy-drink-en","21":"pa_maitse-gin-tonic-en","22":"pa_maitse-lovehearts-en","23":"pa_maitse-puuviljapuns-en","24":"pa_maitse-slush-puppie","25":"pa_maitse-sour-apple-en","26":"pa_maitse-sour-gummy-bear-en","27":"pa_maitse-strawberry-mojito-en","28":"pa_maitse-tropical","30":"first","31":"instock","32":"sale","33":"taxable","34":"shipping-taxable","35":"purchasable","36":"product-type-variable"},"yoast_head":"<!-- This site is optimized with the Yoast SEO plugin v27.3 - https:\/\/yoast.com\/product\/yoast-seo-wordpress\/ -->\n<title>Applied Nutrition ABE Pre-Workout (375g) - All Black Everything - Fit360<\/title>\n<meta name=\"description\" content=\"ABE Pre-Workout (All Black Everything) on intelligentne ja erandlikult v\u00f5imas trennieelne erguti, mis on loodud just t\u00f5siseid treening...\" \/>\n<meta name=\"robots\" content=\"index, follow, max-snippet:-1, max-image-preview:large, max-video-preview:-1\" \/>\n<link rel=\"canonical\" href=\"https:\/\/fit360.ee\/en\/pood\/product-groups\/creatine-en\/creatine-monohydrate-en\/abe-pre-workout-375g\/\" \/>\n<meta property=\"og:locale\" content=\"en_US\" \/>\n<meta property=\"og:type\" content=\"article\" \/>\n<meta property=\"og:title\" content=\"Applied Nutrition ABE Pre-Workout (375g) - All Black Everything - Fit360\" \/>\n<meta property=\"og:description\" content=\"ABE Pre-Workout (All Black Everything) on intelligentne ja erandlikult v\u00f5imas trennieelne erguti, mis on loodud just t\u00f5siseid treening...\" \/>\n<meta property=\"og:url\" content=\"https:\/\/fit360.ee\/en\/pood\/product-groups\/creatine-en\/creatine-monohydrate-en\/abe-pre-workout-375g\/\" \/>\n<meta property=\"og:site_name\" content=\"Fit360\" \/>\n<meta property=\"article:modified_time\" content=\"2026-04-07T22:11:22+00:00\" \/>\n<meta property=\"og:image\" content=\"https:\/\/fit360.ee\/wp-content\/uploads\/2022\/07\/abe-pre-workout-fit360.ee-1.png\" \/>\n\t<meta property=\"og:image:width\" content=\"1000\" \/>\n\t<meta property=\"og:image:height\" content=\"1000\" \/>\n\t<meta property=\"og:image:type\" content=\"image\/png\" \/>\n<meta name=\"twitter:card\" content=\"summary_large_image\" \/>\n<meta name=\"twitter:label1\" content=\"Est. reading time\" \/>\n\t<meta name=\"twitter:data1\" content=\"3 minutes\" \/>\n<script type=\"application\/ld+json\" class=\"yoast-schema-graph\">{\"@context\":\"https:\\\/\\\/schema.org\",\"@graph\":[{\"@type\":\"WebPage\",\"@id\":\"https:\\\/\\\/fit360.ee\\\/en\\\/pood\\\/product-groups\\\/creatine-en\\\/creatine-monohydrate-en\\\/abe-pre-workout-375g\\\/\",\"url\":\"https:\\\/\\\/fit360.ee\\\/en\\\/pood\\\/product-groups\\\/creatine-en\\\/creatine-monohydrate-en\\\/abe-pre-workout-375g\\\/\",\"name\":\"Applied Nutrition ABE Pre-Workout (375g) - All Black Everything - Fit360\",\"isPartOf\":{\"@id\":\"https:\\\/\\\/fit360.ee\\\/en\\\/#website\"},\"primaryImageOfPage\":{\"@id\":\"https:\\\/\\\/fit360.ee\\\/en\\\/pood\\\/product-groups\\\/creatine-en\\\/creatine-monohydrate-en\\\/abe-pre-workout-375g\\\/#primaryimage\"},\"image\":{\"@id\":\"https:\\\/\\\/fit360.ee\\\/en\\\/pood\\\/product-groups\\\/creatine-en\\\/creatine-monohydrate-en\\\/abe-pre-workout-375g\\\/#primaryimage\"},\"thumbnailUrl\":\"https:\\\/\\\/fit360.ee\\\/wp-content\\\/uploads\\\/2022\\\/07\\\/abe-pre-workout-fit360.ee-1.png\",\"datePublished\":\"2022-07-13T15:57:37+00:00\",\"dateModified\":\"2026-04-07T22:11:22+00:00\",\"description\":\"ABE Pre-Workout (All Black Everything) on intelligentne ja erandlikult v\u00f5imas trennieelne erguti, mis on loodud just t\u00f5siseid treening...\",\"breadcrumb\":{\"@id\":\"https:\\\/\\\/fit360.ee\\\/en\\\/pood\\\/product-groups\\\/creatine-en\\\/creatine-monohydrate-en\\\/abe-pre-workout-375g\\\/#breadcrumb\"},\"inLanguage\":\"en-US\",\"potentialAction\":[{\"@type\":\"ReadAction\",\"target\":[\"https:\\\/\\\/fit360.ee\\\/en\\\/pood\\\/product-groups\\\/creatine-en\\\/creatine-monohydrate-en\\\/abe-pre-workout-375g\\\/\"]}]},{\"@type\":\"ImageObject\",\"inLanguage\":\"en-US\",\"@id\":\"https:\\\/\\\/fit360.ee\\\/en\\\/pood\\\/product-groups\\\/creatine-en\\\/creatine-monohydrate-en\\\/abe-pre-workout-375g\\\/#primaryimage\",\"url\":\"https:\\\/\\\/fit360.ee\\\/wp-content\\\/uploads\\\/2022\\\/07\\\/abe-pre-workout-fit360.ee-1.png\",\"contentUrl\":\"https:\\\/\\\/fit360.ee\\\/wp-content\\\/uploads\\\/2022\\\/07\\\/abe-pre-workout-fit360.ee-1.png\",\"width\":1000,\"height\":1000,\"caption\":\"abe pre-workout - fit360.ee\"},{\"@type\":\"BreadcrumbList\",\"@id\":\"https:\\\/\\\/fit360.ee\\\/en\\\/pood\\\/product-groups\\\/creatine-en\\\/creatine-monohydrate-en\\\/abe-pre-workout-375g\\\/#breadcrumb\",\"itemListElement\":[{\"@type\":\"ListItem\",\"position\":1,\"name\":\"Home\",\"item\":\"https:\\\/\\\/fit360.ee\\\/en\\\/\"},{\"@type\":\"ListItem\",\"position\":2,\"name\":\"Shop\",\"item\":\"https:\\\/\\\/fit360.ee\\\/en\\\/shop\\\/\"},{\"@type\":\"ListItem\",\"position\":3,\"name\":\"Applied Nutrition ABE Pre-Workout (375g)\"}]},{\"@type\":\"WebSite\",\"@id\":\"https:\\\/\\\/fit360.ee\\\/en\\\/#website\",\"url\":\"https:\\\/\\\/fit360.ee\\\/en\\\/\",\"name\":\"Fit360\",\"description\":\"\",\"publisher\":{\"@id\":\"https:\\\/\\\/fit360.ee\\\/en\\\/#organization\"},\"potentialAction\":[{\"@type\":\"SearchAction\",\"target\":{\"@type\":\"EntryPoint\",\"urlTemplate\":\"https:\\\/\\\/fit360.ee\\\/en\\\/?s={search_term_string}\"},\"query-input\":{\"@type\":\"PropertyValueSpecification\",\"valueRequired\":true,\"valueName\":\"search_term_string\"}}],\"inLanguage\":\"en-US\"},{\"@type\":\"Organization\",\"@id\":\"https:\\\/\\\/fit360.ee\\\/en\\\/#organization\",\"name\":\"Fit360\",\"url\":\"https:\\\/\\\/fit360.ee\\\/en\\\/\",\"logo\":{\"@type\":\"ImageObject\",\"inLanguage\":\"en-US\",\"@id\":\"https:\\\/\\\/fit360.ee\\\/en\\\/#\\\/schema\\\/logo\\\/image\\\/\",\"url\":\"https:\\\/\\\/fit360.ee\\\/wp-content\\\/uploads\\\/2017\\\/01\\\/logo-fit360.png\",\"contentUrl\":\"https:\\\/\\\/fit360.ee\\\/wp-content\\\/uploads\\\/2017\\\/01\\\/logo-fit360.png\",\"width\":180,\"height\":66,\"caption\":\"Fit360\"},\"image\":{\"@id\":\"https:\\\/\\\/fit360.ee\\\/en\\\/#\\\/schema\\\/logo\\\/image\\\/\"}}]}<\/script>\n<!-- \/ Yoast SEO plugin. -->","yoast_head_json":{"title":"Applied Nutrition ABE Pre-Workout (375g) - All Black Everything - Fit360","description":"ABE Pre-Workout (All Black Everything) on intelligentne ja erandlikult v\u00f5imas trennieelne erguti, mis on loodud just t\u00f5siseid treening...","robots":{"index":"index","follow":"follow","max-snippet":"max-snippet:-1","max-image-preview":"max-image-preview:large","max-video-preview":"max-video-preview:-1"},"canonical":"https:\/\/fit360.ee\/en\/pood\/product-groups\/creatine-en\/creatine-monohydrate-en\/abe-pre-workout-375g\/","og_locale":"en_US","og_type":"article","og_title":"Applied Nutrition ABE Pre-Workout (375g) - All Black Everything - Fit360","og_description":"ABE Pre-Workout (All Black Everything) on intelligentne ja erandlikult v\u00f5imas trennieelne erguti, mis on loodud just t\u00f5siseid treening...","og_url":"https:\/\/fit360.ee\/en\/pood\/product-groups\/creatine-en\/creatine-monohydrate-en\/abe-pre-workout-375g\/","og_site_name":"Fit360","article_modified_time":"2026-04-07T22:11:22+00:00","og_image":[{"width":1000,"height":1000,"url":"https:\/\/fit360.ee\/wp-content\/uploads\/2022\/07\/abe-pre-workout-fit360.ee-1.png","type":"image\/png"}],"twitter_card":"summary_large_image","twitter_misc":{"Est. reading time":"3 minutes"},"schema":{"@context":"https:\/\/schema.org","@graph":[{"@type":"WebPage","@id":"https:\/\/fit360.ee\/en\/pood\/product-groups\/creatine-en\/creatine-monohydrate-en\/abe-pre-workout-375g\/","url":"https:\/\/fit360.ee\/en\/pood\/product-groups\/creatine-en\/creatine-monohydrate-en\/abe-pre-workout-375g\/","name":"Applied Nutrition ABE Pre-Workout (375g) - All Black Everything - Fit360","isPartOf":{"@id":"https:\/\/fit360.ee\/en\/#website"},"primaryImageOfPage":{"@id":"https:\/\/fit360.ee\/en\/pood\/product-groups\/creatine-en\/creatine-monohydrate-en\/abe-pre-workout-375g\/#primaryimage"},"image":{"@id":"https:\/\/fit360.ee\/en\/pood\/product-groups\/creatine-en\/creatine-monohydrate-en\/abe-pre-workout-375g\/#primaryimage"},"thumbnailUrl":"https:\/\/fit360.ee\/wp-content\/uploads\/2022\/07\/abe-pre-workout-fit360.ee-1.png","datePublished":"2022-07-13T15:57:37+00:00","dateModified":"2026-04-07T22:11:22+00:00","description":"ABE Pre-Workout (All Black Everything) on intelligentne ja erandlikult v\u00f5imas trennieelne erguti, mis on loodud just t\u00f5siseid treening...","breadcrumb":{"@id":"https:\/\/fit360.ee\/en\/pood\/product-groups\/creatine-en\/creatine-monohydrate-en\/abe-pre-workout-375g\/#breadcrumb"},"inLanguage":"en-US","potentialAction":[{"@type":"ReadAction","target":["https:\/\/fit360.ee\/en\/pood\/product-groups\/creatine-en\/creatine-monohydrate-en\/abe-pre-workout-375g\/"]}]},{"@type":"ImageObject","inLanguage":"en-US","@id":"https:\/\/fit360.ee\/en\/pood\/product-groups\/creatine-en\/creatine-monohydrate-en\/abe-pre-workout-375g\/#primaryimage","url":"https:\/\/fit360.ee\/wp-content\/uploads\/2022\/07\/abe-pre-workout-fit360.ee-1.png","contentUrl":"https:\/\/fit360.ee\/wp-content\/uploads\/2022\/07\/abe-pre-workout-fit360.ee-1.png","width":1000,"height":1000,"caption":"abe pre-workout - fit360.ee"},{"@type":"BreadcrumbList","@id":"https:\/\/fit360.ee\/en\/pood\/product-groups\/creatine-en\/creatine-monohydrate-en\/abe-pre-workout-375g\/#breadcrumb","itemListElement":[{"@type":"ListItem","position":1,"name":"Home","item":"https:\/\/fit360.ee\/en\/"},{"@type":"ListItem","position":2,"name":"Shop","item":"https:\/\/fit360.ee\/en\/shop\/"},{"@type":"ListItem","position":3,"name":"Applied Nutrition ABE Pre-Workout (375g)"}]},{"@type":"WebSite","@id":"https:\/\/fit360.ee\/en\/#website","url":"https:\/\/fit360.ee\/en\/","name":"Fit360","description":"","publisher":{"@id":"https:\/\/fit360.ee\/en\/#organization"},"potentialAction":[{"@type":"SearchAction","target":{"@type":"EntryPoint","urlTemplate":"https:\/\/fit360.ee\/en\/?s={search_term_string}"},"query-input":{"@type":"PropertyValueSpecification","valueRequired":true,"valueName":"search_term_string"}}],"inLanguage":"en-US"},{"@type":"Organization","@id":"https:\/\/fit360.ee\/en\/#organization","name":"Fit360","url":"https:\/\/fit360.ee\/en\/","logo":{"@type":"ImageObject","inLanguage":"en-US","@id":"https:\/\/fit360.ee\/en\/#\/schema\/logo\/image\/","url":"https:\/\/fit360.ee\/wp-content\/uploads\/2017\/01\/logo-fit360.png","contentUrl":"https:\/\/fit360.ee\/wp-content\/uploads\/2017\/01\/logo-fit360.png","width":180,"height":66,"caption":"Fit360"},"image":{"@id":"https:\/\/fit360.ee\/en\/#\/schema\/logo\/image\/"}}]}},"_links":{"self":[{"href":"https:\/\/fit360.ee\/en\/wp-json\/wp\/v2\/product\/63656","targetHints":{"allow":["GET"]}}],"collection":[{"href":"https:\/\/fit360.ee\/en\/wp-json\/wp\/v2\/product"}],"about":[{"href":"https:\/\/fit360.ee\/en\/wp-json\/wp\/v2\/types\/product"}],"replies":[{"embeddable":true,"href":"https:\/\/fit360.ee\/en\/wp-json\/wp\/v2\/comments?post=63656"}],"wp:featuredmedia":[{"embeddable":true,"href":"https:\/\/fit360.ee\/en\/wp-json\/wp\/v2\/media\/63650"}],"wp:attachment":[{"href":"https:\/\/fit360.ee\/en\/wp-json\/wp\/v2\/media?parent=63656"}],"wp:term":[{"taxonomy":"product_brand","embeddable":true,"href":"https:\/\/fit360.ee\/en\/wp-json\/wp\/v2\/product_brand?post=63656"},{"taxonomy":"product_cat","embeddable":true,"href":"https:\/\/fit360.ee\/en\/wp-json\/wp\/v2\/product_cat?post=63656"},{"taxonomy":"product_tag","embeddable":true,"href":"https:\/\/fit360.ee\/en\/wp-json\/wp\/v2\/product_tag?post=63656"},{"taxonomy":"giftcard-category","embeddable":true,"href":"https:\/\/fit360.ee\/en\/wp-json\/wp\/v2\/giftcard-category?post=63656"}],"curies":[{"name":"wp","href":"https:\/\/api.w.org\/{rel}","templated":true}]}}