{"id":63711,"date":"2022-07-15T13:25:51","date_gmt":"2022-07-15T11:25:51","guid":{"rendered":"https:\/\/fit360.ee\/pood\/uncategorized\/braintus-thunder-90caps\/"},"modified":"2025-08-19T08:33:43","modified_gmt":"2025-08-19T06:33:43","slug":"braintus-thunder-90caps","status":"publish","type":"product","link":"https:\/\/fit360.ee\/en\/pood\/product-groups\/vitamins-and-minerals-en\/b-vitamin-en\/braintus-thunder-90caps\/","title":{"rendered":"Braintus Thunder (90caps)"},"content":{"rendered":"<h1><strong>Braintus Thunder<\/strong><\/h1>\n<p>OstroVit Braintus Thunder on kompleksne toidulisand, mis sisaldab tervet rida toimeaineid, mis toetavad n\u00e4rvis\u00fcsteemi t\u00f6\u00f6d. Ainulaadne kofeiini, tauriini, koliini, m\u00f5nede B-r\u00fchma vitamiinide ja looduslike taimeekstraktide kombinatsioon parandab intellektuaalseid v\u00f5imeid ja \u00fcldist meeleolu. Kas Teil on raskusi keskendumise, m\u00e4letamise ja \u00f5ppimisega? V\u00f5i \u00e4kki olete alati v\u00e4sinud ja unine? Lahenduseks on meie uusim toidulisand \u2013 OstroVit Braintus Thunder.<\/p>\n<p><a href=\"https:\/\/fit360.ee\/wp-content\/uploads\/2022\/07\/brainthus-thunder-nootropics-fit360.ee-1-800x312.jpg\"><img loading=\"lazy\" decoding=\"async\" class=\"size-medium wp-image-63705\" src=\"https:\/\/fit360.ee\/wp-content\/uploads\/2022\/07\/brainthus-thunder-nootropics-fit360.ee-1-800x312.jpg\" alt=\"brainthus thunder nootropics - fit360.ee\" width=\"800\" height=\"312\" srcset=\"https:\/\/fit360.ee\/wp-content\/uploads\/2022\/07\/brainthus-thunder-nootropics-fit360.ee-1-800x312.jpg 800w, https:\/\/fit360.ee\/wp-content\/uploads\/2022\/07\/brainthus-thunder-nootropics-fit360.ee-1-510x199.jpg 510w, https:\/\/fit360.ee\/wp-content\/uploads\/2022\/07\/brainthus-thunder-nootropics-fit360.ee-1-768x300.jpg 768w, https:\/\/fit360.ee\/wp-content\/uploads\/2022\/07\/brainthus-thunder-nootropics-fit360.ee-1.jpg 922w\" sizes=\"auto, (max-width: 800px) 100vw, 800px\" \/><\/a><\/p>\n<h4><strong>Kellele OstroVit Braintus Thunder on m\u00f5eldud?<\/strong><\/h4>\n<p>OstroVit Braintus Thunder toidulisand on kaheksast toimeainest koosnev komplekt, mis toetavad Teie n\u00e4rvis\u00fcsteemi talitlust. Kapslid sobivad suurep\u00e4raselt inimestele, kes soovivad kiiremini \u00f5ppida, paremini keskenduda ning kergemini kahte ja kahte kokku panna. See on lahendus ka neile, kes kannatavad v\u00e4simuse, uimasuse ja stressirohke elustiili k\u00e4es.<\/p>\n<p>Toidulisandis sisalduvad koostisosad soodustavad aju t\u00f6\u00f6d ja reguleerivad neurotransmittereid. Valige OstroVit Braintus Thunder, kui:<\/p>\n<ul>\n<li>Kurdate oma keskendumisv\u00f5ime ja m\u00e4lu \u00fcle<\/li>\n<li>Tegelete peamiselt vaimse t\u00f6\u00f6ga<\/li>\n<li>Teil on stressirohke elustiil<\/li>\n<li>Lannatate uimasuse all<\/li>\n<li>L\u00e4hete sageli endast v\u00e4lja<\/li>\n<\/ul>\n<p>OstroVit Braintus Thunder on m\u00f5eldud k\u00f5igile t\u00e4iskasvanutele, kes teevad intensiivset vaimset t\u00f6\u00f6d v\u00f5i \u00f5pivad uusi asju. Toode aitab teil ka kognitiivsete h\u00e4iretega toime tulla.<\/p>\n<h4><strong>Toidulisandi peamised omadused<\/strong>:<\/h4>\n<p><strong>N\u00e4rvis\u00fcsteemi Tugi<\/strong> \u2013 Braintus Thunderi aktiivsete koostisosade kompleks v\u00f5ib parandada intellektuaalseid v\u00f5imeid. Toidulisand julgustab teie aju tegutsema ja v\u00f5ib seet\u00f5ttu toetada kognitiivseid protsesse.<br \/>\n<strong>Hoolikalt valitud koostisosad<\/strong> \u2013 Braintus Thunder on koduks tervelt kaheksale hoolikalt valitud koostisosale, millel on igak\u00fclgne m\u00f5ju n\u00e4rvis\u00fcsteemile.<br \/>\n<strong>Parem tuju<\/strong> \u2013 T\u00e4nu serotoniini regulatsioonile muudavad toidulisandi koostisosad enesetunde paremaks ja hoiavad \u00e4ra unisuse.<br \/>\n<strong>Kapsli vorm<\/strong> \u2013 Kergesti neelatavate kapslite kujul olev toidulisand on suurep\u00e4rane alternatiiv klassikalistele pillidele, mida on sageli raske alla neelata.<\/p>\n<p><strong>OstroVit Braintus Thunderi toimeained<\/strong><\/p>\n<p><strong>Veevaba kofeiin<\/strong> \u2013 stimuleerib n\u00e4rvis\u00fcsteemi tegutsema, parandab keskendumisv\u00f5imet ja m\u00f5tlemist. See hoiab \u00e4ra unisuse.<br \/>\n\u017den\u0161enni juure ekstrakt \u2013 see v\u00e4hendab vastuv\u00f5tlikkust stressile. Aitab suurendada m\u00e4lu ja keskendumisv\u00f5imet.<br \/>\n<strong>Tauriin<\/strong> \u2013 soodustab kognitiivseid funktsioone. See takistab serotoniini tootmist, nii et Teie kuded ja lihased saaksid p\u00e4rast rasket treeningut kergesti taastuda.<br \/>\n<strong>Vesi-iisopi ekstrakt<\/strong> \u2013 see v\u00f5ib m\u00f5jutada meeldej\u00e4tmist, aitab Teie aju t\u00f6\u00f6s hoida ning asju meeldetuletada. See on \u00f5ppimise tugi.<br \/>\n<strong>Koliinbitartraat<\/strong> \u2013 stimuleerib n\u00e4rvis\u00fcsteemi ja parandab kognitiivseid funktsioone. See v\u00f5ib aeglustada s\u00fcdamel\u00f6\u00f6ke, laiendada veresooni ja alandada verer\u00f5hku.<br \/>\n<strong>Guaraana seemnete ekstrakt<\/strong> \u2013 see toimib rikkaliku loodusliku kofeiini allikana, millel on kognitiivsed omadused.<br \/>\n<strong>Niatsiin<\/strong> \u2013 kaitseb n\u00e4rvirakke, toetab ajufunktsioone ja perifeerset n\u00e4rvis\u00fcsteemi.<br \/>\n<strong>B6-vitamiin<\/strong> \u2013 sisaldab p\u00fcridoksiini, millel on positiivne m\u00f5ju neurotransmitterite s\u00fcnteesile. T\u00e4nu sellele tunnete end paremini ja Teie vaimne seisund paraneb.<\/p>\n<p><strong>Koostisosad<\/strong>: Veevaba kofeiin, \u017een\u0161enni juure ekstrakt (20% ginsenosiidid), tauriin, bakopa minor (50% bakosiidid), koliinbitsinaat, guaraana seemne ekstrakt (22% kofeiini), vitamiin B6 (p\u00fcridoksalo 5&#8242;-fosfaat P-5- P), niatsiin (nikotiinhape), kapsli kest (t\u00e4iteaine: h\u00fcdroks\u00fcprop\u00fc\u00fclmet\u00fc\u00fcltselluloos).<\/p>\n<p>Toode v\u00f5ib sisaldada piima (sh laktoosi), sojat, maap\u00e4hkleid, muid p\u00e4hkleid, seesamiseemneid, gluteeni sisaldavaid teravilju, mune, karpe, kala.<\/p>\n<p><strong>Kasutamine<\/strong>: V\u00f5tke 1 portsjon (2 kapslit). Toode on m\u00f5eldud t\u00e4iskasvanutele.<\/p>\n<p><strong><b>NB! Toode ei asenda mitmek\u00fclgset toitumist. Hoida lastele k\u00e4ttesaamatus kohas.<\/b><\/strong><\/p>\n<p><strong>Suurus<\/strong>: 90 kapslit &#8211; 45 serveeringut<\/p>\n<table>\n<tbody>\n<tr>\n<th>Aktiivsed Toimeained<\/th>\n<th>2 kapslit &#8211; 1 serveering<\/th>\n<th>% SPK*<\/th>\n<\/tr>\n<tr>\n<td>Veevaba kofeiin<\/td>\n<td>180 mg<\/td>\n<td>&#8211;<\/td>\n<\/tr>\n<tr>\n<td>\u017den\u0161enni juure ekstrakt (20% ginsenosiide)<\/td>\n<td>150 mg<\/td>\n<td>&#8211;<\/td>\n<\/tr>\n<tr>\n<td>Tauriin<\/td>\n<td>150 mg<\/td>\n<td>&#8211;<\/td>\n<\/tr>\n<tr>\n<td>Terve bakopa taimeekstrakt (50% bakosiide)<\/td>\n<td>125 mg<\/td>\n<td>&#8211;<\/td>\n<\/tr>\n<tr>\n<td>Koliini bitartraat<\/td>\n<td>100 mg<\/td>\n<td>&#8211;<\/td>\n<\/tr>\n<tr>\n<td>Guaraana seemne ekstrakt (22% kofeiini &#8211; 20 mg)<\/td>\n<td>90.9 mg<\/td>\n<td>&#8211;<\/td>\n<\/tr>\n<tr>\n<td>Niatsiin (nikotiinhape)<\/td>\n<td>16 mg<\/td>\n<td>100<\/td>\n<\/tr>\n<tr>\n<td>B6-vitamiin (p\u00fcridoksaal-5&#8242;-fosfaat P-5-P)<\/td>\n<td>10 mg<\/td>\n<td>714<\/td>\n<\/tr>\n<\/tbody>\n<\/table>\n<p>* SPK &#8211; Soovitatud p\u00e4evane kogus.<\/p>\n<p>Vaata ka meie Teisi Aju Tegevust toetavaid toidulisandeid <a href=\"https:\/\/fit360.ee\/en\/product-category\/product-groups\/brain-support-nootropics-en\/\"><strong>SIIT<\/strong><\/a>!<\/p>\n<p>Soovid teha suuremat tellimust? Vaata antud toodet meie HULGI lehelt\u00a0<a href=\"https:\/\/toidulisandidhulgi.ee\/product\/braintus-thunder-90caps\/\"><strong>SIIT<\/strong><\/a>!<\/p>\n","protected":false},"excerpt":{"rendered":"<p>Valige <strong>OstroVit Braintus Thunder<\/strong>, kui:<\/p>\n<ul>\n<li>Kurdate oma keskendumisv\u00f5ime ja m\u00e4lu \u00fcle<\/li>\n<li>Tegelete peamiselt vaimse t\u00f6\u00f6ga<\/li>\n<li>Teil on stressirohke elustiil<\/li>\n<li>Lannatate uimasuse all<\/li>\n<li>L\u00e4hete sageli endast v\u00e4lja<\/li>\n<\/ul>\n","protected":false},"featured_media":63710,"comment_status":"closed","ping_status":"closed","template":"","meta":[],"product_brand":[],"product_cat":[2251,2485,1329],"product_tag":[3866,1924],"giftcard-category":[],"class_list":{"0":"post-63711","1":"product","2":"type-product","3":"status-publish","4":"has-post-thumbnail","6":"product_cat-b-vitamin-en","7":"product_cat-brain-support-nootropics-en","8":"product_cat-ostrovit-en","9":"product_tag-braintus-thunder-en","10":"product_tag-ostrovit-en","11":"pa_kogus-90-capsules","12":"pa_toidulisand-branddd-ostrovit","13":"pa_tootegruppp-aju-tegevus-nootropics-en","14":"pa_tootegruppp-b-vitamiin-en","16":"first","17":"instock","18":"sale","19":"taxable","20":"shipping-taxable","21":"purchasable","22":"product-type-simple"},"yoast_head":"<!-- This site is optimized with the Yoast SEO plugin v27.3 - https:\/\/yoast.com\/product\/yoast-seo-wordpress\/ -->\n<title>Braintus Thunder (90caps) - Aju Tegevus - Nootropics - Kiire Tarne - Fit360<\/title>\n<meta name=\"description\" content=\"Braintus Thunder toidulisand on kaheksast toimeainest koosnev komplekt, mis toetavad Teie n\u00e4rvis\u00fcsteemi talitlust. Toetavad m\u00e4lu...\" \/>\n<meta name=\"robots\" content=\"index, follow, max-snippet:-1, max-image-preview:large, max-video-preview:-1\" \/>\n<link rel=\"canonical\" href=\"https:\/\/fit360.ee\/en\/pood\/product-groups\/vitamins-and-minerals-en\/b-vitamin-en\/braintus-thunder-90caps\/\" \/>\n<meta property=\"og:locale\" content=\"en_US\" \/>\n<meta property=\"og:type\" content=\"article\" \/>\n<meta property=\"og:title\" content=\"Braintus Thunder (90caps) - Aju Tegevus - Nootropics - Kiire Tarne - Fit360\" \/>\n<meta property=\"og:description\" content=\"Braintus Thunder toidulisand on kaheksast toimeainest koosnev komplekt, mis toetavad Teie n\u00e4rvis\u00fcsteemi talitlust. Toetavad m\u00e4lu...\" \/>\n<meta property=\"og:url\" content=\"https:\/\/fit360.ee\/en\/pood\/product-groups\/vitamins-and-minerals-en\/b-vitamin-en\/braintus-thunder-90caps\/\" \/>\n<meta property=\"og:site_name\" content=\"Fit360\" \/>\n<meta property=\"article:modified_time\" content=\"2025-08-19T06:33:43+00:00\" \/>\n<meta property=\"og:image\" content=\"https:\/\/fit360.ee\/wp-content\/uploads\/2022\/07\/braintus-thunder-fit360.ee-1.png\" \/>\n\t<meta property=\"og:image:width\" content=\"450\" \/>\n\t<meta property=\"og:image:height\" content=\"450\" \/>\n\t<meta property=\"og:image:type\" content=\"image\/png\" \/>\n<meta name=\"twitter:card\" content=\"summary_large_image\" \/>\n<meta name=\"twitter:label1\" content=\"Est. reading time\" \/>\n\t<meta name=\"twitter:data1\" content=\"3 minutes\" \/>\n<script type=\"application\/ld+json\" class=\"yoast-schema-graph\">{\"@context\":\"https:\\\/\\\/schema.org\",\"@graph\":[{\"@type\":\"WebPage\",\"@id\":\"https:\\\/\\\/fit360.ee\\\/en\\\/pood\\\/product-groups\\\/vitamins-and-minerals-en\\\/b-vitamin-en\\\/braintus-thunder-90caps\\\/\",\"url\":\"https:\\\/\\\/fit360.ee\\\/en\\\/pood\\\/product-groups\\\/vitamins-and-minerals-en\\\/b-vitamin-en\\\/braintus-thunder-90caps\\\/\",\"name\":\"Braintus Thunder (90caps) - Aju Tegevus - Nootropics - Kiire Tarne - Fit360\",\"isPartOf\":{\"@id\":\"https:\\\/\\\/fit360.ee\\\/en\\\/#website\"},\"primaryImageOfPage\":{\"@id\":\"https:\\\/\\\/fit360.ee\\\/en\\\/pood\\\/product-groups\\\/vitamins-and-minerals-en\\\/b-vitamin-en\\\/braintus-thunder-90caps\\\/#primaryimage\"},\"image\":{\"@id\":\"https:\\\/\\\/fit360.ee\\\/en\\\/pood\\\/product-groups\\\/vitamins-and-minerals-en\\\/b-vitamin-en\\\/braintus-thunder-90caps\\\/#primaryimage\"},\"thumbnailUrl\":\"https:\\\/\\\/fit360.ee\\\/wp-content\\\/uploads\\\/2022\\\/07\\\/braintus-thunder-fit360.ee-1.png\",\"datePublished\":\"2022-07-15T11:25:51+00:00\",\"dateModified\":\"2025-08-19T06:33:43+00:00\",\"description\":\"Braintus Thunder toidulisand on kaheksast toimeainest koosnev komplekt, mis toetavad Teie n\u00e4rvis\u00fcsteemi talitlust. Toetavad m\u00e4lu...\",\"breadcrumb\":{\"@id\":\"https:\\\/\\\/fit360.ee\\\/en\\\/pood\\\/product-groups\\\/vitamins-and-minerals-en\\\/b-vitamin-en\\\/braintus-thunder-90caps\\\/#breadcrumb\"},\"inLanguage\":\"en-US\",\"potentialAction\":[{\"@type\":\"ReadAction\",\"target\":[\"https:\\\/\\\/fit360.ee\\\/en\\\/pood\\\/product-groups\\\/vitamins-and-minerals-en\\\/b-vitamin-en\\\/braintus-thunder-90caps\\\/\"]}]},{\"@type\":\"ImageObject\",\"inLanguage\":\"en-US\",\"@id\":\"https:\\\/\\\/fit360.ee\\\/en\\\/pood\\\/product-groups\\\/vitamins-and-minerals-en\\\/b-vitamin-en\\\/braintus-thunder-90caps\\\/#primaryimage\",\"url\":\"https:\\\/\\\/fit360.ee\\\/wp-content\\\/uploads\\\/2022\\\/07\\\/braintus-thunder-fit360.ee-1.png\",\"contentUrl\":\"https:\\\/\\\/fit360.ee\\\/wp-content\\\/uploads\\\/2022\\\/07\\\/braintus-thunder-fit360.ee-1.png\",\"width\":450,\"height\":450,\"caption\":\"braintus thunder - fit360.ee\"},{\"@type\":\"BreadcrumbList\",\"@id\":\"https:\\\/\\\/fit360.ee\\\/en\\\/pood\\\/product-groups\\\/vitamins-and-minerals-en\\\/b-vitamin-en\\\/braintus-thunder-90caps\\\/#breadcrumb\",\"itemListElement\":[{\"@type\":\"ListItem\",\"position\":1,\"name\":\"Home\",\"item\":\"https:\\\/\\\/fit360.ee\\\/en\\\/\"},{\"@type\":\"ListItem\",\"position\":2,\"name\":\"Shop\",\"item\":\"https:\\\/\\\/fit360.ee\\\/en\\\/shop\\\/\"},{\"@type\":\"ListItem\",\"position\":3,\"name\":\"Braintus Thunder (90caps)\"}]},{\"@type\":\"WebSite\",\"@id\":\"https:\\\/\\\/fit360.ee\\\/en\\\/#website\",\"url\":\"https:\\\/\\\/fit360.ee\\\/en\\\/\",\"name\":\"Fit360\",\"description\":\"\",\"publisher\":{\"@id\":\"https:\\\/\\\/fit360.ee\\\/en\\\/#organization\"},\"potentialAction\":[{\"@type\":\"SearchAction\",\"target\":{\"@type\":\"EntryPoint\",\"urlTemplate\":\"https:\\\/\\\/fit360.ee\\\/en\\\/?s={search_term_string}\"},\"query-input\":{\"@type\":\"PropertyValueSpecification\",\"valueRequired\":true,\"valueName\":\"search_term_string\"}}],\"inLanguage\":\"en-US\"},{\"@type\":\"Organization\",\"@id\":\"https:\\\/\\\/fit360.ee\\\/en\\\/#organization\",\"name\":\"Fit360\",\"url\":\"https:\\\/\\\/fit360.ee\\\/en\\\/\",\"logo\":{\"@type\":\"ImageObject\",\"inLanguage\":\"en-US\",\"@id\":\"https:\\\/\\\/fit360.ee\\\/en\\\/#\\\/schema\\\/logo\\\/image\\\/\",\"url\":\"https:\\\/\\\/fit360.ee\\\/wp-content\\\/uploads\\\/2017\\\/01\\\/logo-fit360.png\",\"contentUrl\":\"https:\\\/\\\/fit360.ee\\\/wp-content\\\/uploads\\\/2017\\\/01\\\/logo-fit360.png\",\"width\":180,\"height\":66,\"caption\":\"Fit360\"},\"image\":{\"@id\":\"https:\\\/\\\/fit360.ee\\\/en\\\/#\\\/schema\\\/logo\\\/image\\\/\"}}]}<\/script>\n<!-- \/ Yoast SEO plugin. -->","yoast_head_json":{"title":"Braintus Thunder (90caps) - Aju Tegevus - Nootropics - Kiire Tarne - Fit360","description":"Braintus Thunder toidulisand on kaheksast toimeainest koosnev komplekt, mis toetavad Teie n\u00e4rvis\u00fcsteemi talitlust. Toetavad m\u00e4lu...","robots":{"index":"index","follow":"follow","max-snippet":"max-snippet:-1","max-image-preview":"max-image-preview:large","max-video-preview":"max-video-preview:-1"},"canonical":"https:\/\/fit360.ee\/en\/pood\/product-groups\/vitamins-and-minerals-en\/b-vitamin-en\/braintus-thunder-90caps\/","og_locale":"en_US","og_type":"article","og_title":"Braintus Thunder (90caps) - Aju Tegevus - Nootropics - Kiire Tarne - Fit360","og_description":"Braintus Thunder toidulisand on kaheksast toimeainest koosnev komplekt, mis toetavad Teie n\u00e4rvis\u00fcsteemi talitlust. Toetavad m\u00e4lu...","og_url":"https:\/\/fit360.ee\/en\/pood\/product-groups\/vitamins-and-minerals-en\/b-vitamin-en\/braintus-thunder-90caps\/","og_site_name":"Fit360","article_modified_time":"2025-08-19T06:33:43+00:00","og_image":[{"width":450,"height":450,"url":"https:\/\/fit360.ee\/wp-content\/uploads\/2022\/07\/braintus-thunder-fit360.ee-1.png","type":"image\/png"}],"twitter_card":"summary_large_image","twitter_misc":{"Est. reading time":"3 minutes"},"schema":{"@context":"https:\/\/schema.org","@graph":[{"@type":"WebPage","@id":"https:\/\/fit360.ee\/en\/pood\/product-groups\/vitamins-and-minerals-en\/b-vitamin-en\/braintus-thunder-90caps\/","url":"https:\/\/fit360.ee\/en\/pood\/product-groups\/vitamins-and-minerals-en\/b-vitamin-en\/braintus-thunder-90caps\/","name":"Braintus Thunder (90caps) - Aju Tegevus - Nootropics - Kiire Tarne - Fit360","isPartOf":{"@id":"https:\/\/fit360.ee\/en\/#website"},"primaryImageOfPage":{"@id":"https:\/\/fit360.ee\/en\/pood\/product-groups\/vitamins-and-minerals-en\/b-vitamin-en\/braintus-thunder-90caps\/#primaryimage"},"image":{"@id":"https:\/\/fit360.ee\/en\/pood\/product-groups\/vitamins-and-minerals-en\/b-vitamin-en\/braintus-thunder-90caps\/#primaryimage"},"thumbnailUrl":"https:\/\/fit360.ee\/wp-content\/uploads\/2022\/07\/braintus-thunder-fit360.ee-1.png","datePublished":"2022-07-15T11:25:51+00:00","dateModified":"2025-08-19T06:33:43+00:00","description":"Braintus Thunder toidulisand on kaheksast toimeainest koosnev komplekt, mis toetavad Teie n\u00e4rvis\u00fcsteemi talitlust. Toetavad m\u00e4lu...","breadcrumb":{"@id":"https:\/\/fit360.ee\/en\/pood\/product-groups\/vitamins-and-minerals-en\/b-vitamin-en\/braintus-thunder-90caps\/#breadcrumb"},"inLanguage":"en-US","potentialAction":[{"@type":"ReadAction","target":["https:\/\/fit360.ee\/en\/pood\/product-groups\/vitamins-and-minerals-en\/b-vitamin-en\/braintus-thunder-90caps\/"]}]},{"@type":"ImageObject","inLanguage":"en-US","@id":"https:\/\/fit360.ee\/en\/pood\/product-groups\/vitamins-and-minerals-en\/b-vitamin-en\/braintus-thunder-90caps\/#primaryimage","url":"https:\/\/fit360.ee\/wp-content\/uploads\/2022\/07\/braintus-thunder-fit360.ee-1.png","contentUrl":"https:\/\/fit360.ee\/wp-content\/uploads\/2022\/07\/braintus-thunder-fit360.ee-1.png","width":450,"height":450,"caption":"braintus thunder - fit360.ee"},{"@type":"BreadcrumbList","@id":"https:\/\/fit360.ee\/en\/pood\/product-groups\/vitamins-and-minerals-en\/b-vitamin-en\/braintus-thunder-90caps\/#breadcrumb","itemListElement":[{"@type":"ListItem","position":1,"name":"Home","item":"https:\/\/fit360.ee\/en\/"},{"@type":"ListItem","position":2,"name":"Shop","item":"https:\/\/fit360.ee\/en\/shop\/"},{"@type":"ListItem","position":3,"name":"Braintus Thunder (90caps)"}]},{"@type":"WebSite","@id":"https:\/\/fit360.ee\/en\/#website","url":"https:\/\/fit360.ee\/en\/","name":"Fit360","description":"","publisher":{"@id":"https:\/\/fit360.ee\/en\/#organization"},"potentialAction":[{"@type":"SearchAction","target":{"@type":"EntryPoint","urlTemplate":"https:\/\/fit360.ee\/en\/?s={search_term_string}"},"query-input":{"@type":"PropertyValueSpecification","valueRequired":true,"valueName":"search_term_string"}}],"inLanguage":"en-US"},{"@type":"Organization","@id":"https:\/\/fit360.ee\/en\/#organization","name":"Fit360","url":"https:\/\/fit360.ee\/en\/","logo":{"@type":"ImageObject","inLanguage":"en-US","@id":"https:\/\/fit360.ee\/en\/#\/schema\/logo\/image\/","url":"https:\/\/fit360.ee\/wp-content\/uploads\/2017\/01\/logo-fit360.png","contentUrl":"https:\/\/fit360.ee\/wp-content\/uploads\/2017\/01\/logo-fit360.png","width":180,"height":66,"caption":"Fit360"},"image":{"@id":"https:\/\/fit360.ee\/en\/#\/schema\/logo\/image\/"}}]}},"_links":{"self":[{"href":"https:\/\/fit360.ee\/en\/wp-json\/wp\/v2\/product\/63711","targetHints":{"allow":["GET"]}}],"collection":[{"href":"https:\/\/fit360.ee\/en\/wp-json\/wp\/v2\/product"}],"about":[{"href":"https:\/\/fit360.ee\/en\/wp-json\/wp\/v2\/types\/product"}],"replies":[{"embeddable":true,"href":"https:\/\/fit360.ee\/en\/wp-json\/wp\/v2\/comments?post=63711"}],"wp:featuredmedia":[{"embeddable":true,"href":"https:\/\/fit360.ee\/en\/wp-json\/wp\/v2\/media\/63710"}],"wp:attachment":[{"href":"https:\/\/fit360.ee\/en\/wp-json\/wp\/v2\/media?parent=63711"}],"wp:term":[{"taxonomy":"product_brand","embeddable":true,"href":"https:\/\/fit360.ee\/en\/wp-json\/wp\/v2\/product_brand?post=63711"},{"taxonomy":"product_cat","embeddable":true,"href":"https:\/\/fit360.ee\/en\/wp-json\/wp\/v2\/product_cat?post=63711"},{"taxonomy":"product_tag","embeddable":true,"href":"https:\/\/fit360.ee\/en\/wp-json\/wp\/v2\/product_tag?post=63711"},{"taxonomy":"giftcard-category","embeddable":true,"href":"https:\/\/fit360.ee\/en\/wp-json\/wp\/v2\/giftcard-category?post=63711"}],"curies":[{"name":"wp","href":"https:\/\/api.w.org\/{rel}","templated":true}]}}